{"id":7965,"date":"2025-09-27T13:50:03","date_gmt":"2025-09-27T11:50:03","guid":{"rendered":"https:\/\/malinacosmetics.com\/?post_type=product&#038;p=7965"},"modified":"2026-04-04T17:46:17","modified_gmt":"2026-04-04T15:46:17","slug":"lador-dermatical-scalp-tonic-copy","status":"publish","type":"product","link":"https:\/\/malinacosmetics.com\/sr\/\u043f\u0440\u043e\u0438\u0437\u0432\u043e\u0434\/lador-dermatical-scalp-tonic-copy\/","title":{"rendered":"LADOR Dermatical Scalp Tonic &#8212; 120ml"},"content":{"rendered":"<p class=\"translation-block\">Funkcionalni tonik protiv opadanja kose LADOR Dermatical Scalp Tonic, razvijen za ja\u010danje kose, spre\u010davanje njenog opadanja i pobolj\u0161anje zdravlja ko\u017ee glave. Poma\u017ee u ubla\u017eavanju simptoma gubitka kose izazvanog razli\u010ditim faktorima: hormonskim promenama, stresom, dijetama, nakon poro\u0111aja ili kod tanke i oslabljene kose.<br>  \n\nKlju\u010dne osobine:<br>\n\u2014 Spre\u010dava opadanje kose \u2013 aktivni sastojci ja\u010daju koren kose i stimuli\u0161u rast novih vlasi.<br>\n\u2014 Umiruje ko\u017eu glave \u2013 ubla\u017eava svrab, iritacije i spre\u010dava pojavu peruti.<br>\n\u2014 Kontroli\u0161e lu\u010denje sebuma \u2013 balansira rad lojnih \u017elezda, odr\u017eavaju\u0107i ko\u017eu glave \u010distom i sve\u017eom.<br>\n\u2014 Hrani i ja\u010da kosu \u2013 hrani ko\u017eu glave i folikule korisnim sastojcima.<br>\n\nZa koga je pogodan:<br>\n\u2014 Za one koji se suo\u010davaju sa opadanjem kose (zbog hormonskih promena, dijete, postporo\u0111ajnog perioda).<br>\n\u2014 Za osobe sa tankom i oslabljenom kosom.<br>\n\u2014 Za one sa pove\u0107anom masno\u0107om ko\u017ee glave i sklono\u0161\u0107u ka peruti.<br>\n\u2014 Za one koji \u017eele da oja\u010daju kosu, pove\u0107aju njenu gustinu i stimuli\u0161u rast.<br>\nGlavni aktivni sastojci i njihovo delovanje:<br>\n<i>Ekstrakti Polygonum Multiflorum, korejske kupine i bibera<\/i> \u2013 pobolj\u0161avaju cirkulaciju u ko\u017ei glave, hrane folikule i podsti\u010du rast kose.<br>\n<i>Saliicilna kiselina i L-mentol<\/i> \u2013 dubinski \u010diste ko\u017eu glave, uklanjaju mrtve \u0107elije, reguli\u0161u lu\u010denje sebuma, uklanjaju svrab i pru\u017eaju ose\u0107aj sve\u017eine.<br>\n<i>Ekstrakti korena duda, zelenog \u010daja i bora<\/i> \u2013 poseduju antisepti\u010dka svojstva, spre\u010davaju nastanak peruti i kontroli\u0161u masno\u0107u ko\u017ee glave.<br>\n<i>Deksapantenol, alantoin i dipotassium glicirizat<\/i> \u2013 smanjuju iritaciju, hidriraju ko\u017eu glave, ubrzavaju njenu regeneraciju i \u0161tite je od upala.<br>\n<i>Hidrolizovani keratin, kolagen i svila<\/i> \u2013 ja\u010daju kosu, \u010dine je gu\u0161\u0107om, glatkom i otpornijom na o\u0161te\u0107enja.<br>\n<i>Nijacinamid (Vitamin B3), ekstrakt korena an\u0111elike i ekstrakt Lithospermuma<\/i> \u2013 \u0161tite ko\u017eu glave od oksidativnog stresa, hrane folikule i ja\u010daju ih, spre\u010davaju\u0107i njihovo slabljenje i lomljivost.<br><\/p>\n<p><strong><br>Na\u010din upotrebe:<\/strong> Pre upotrebe dobro promu\u0107kajte proizvod. Skinite za\u0161titni poklopac sa raspr\u0161iva\u010da i pri prvoj upotrebi pritiskajte pumpicu dok se ne aktivira mlaz. Postavite raspr\u0161iva\u010d na udaljenosti 1-2 cm od vlasi\u0161ta i pritiskom na pumpicu ravnomerno naprskajte proizvod direktno na vlasi\u0161te 2 do 3 puta. Vrhovima prstiju masirajte vlasi\u0161te kako bi se proizvod bolje apsorbovao.<\/p>\n<hr \/>\n<div>\n<p><em><b><em>Sastojci:<\/em> <\/b><span style=\"font-weight: 400;\">Water, Alcohol, Polysorbate 20, PEG-60 Hydrogenated Castor Oil, Sodium Citrate, L-Menthol, Salicylic Acid, Dexpanthenol, Allantoin, Niacinamide, Hydrolyzed Keratin, Hydrolyzed Collagen, Propylene Glycol, Hydrolyzed Silk, Sophora Flavescens Root Extract, Capsicum Annuum Fruit Extract, Lycium Chinense Fruit Extract, Camellia Sinensis Leaf Extract, Angelica Gigas Root Extract, Angelica Dahurica Root Extract, Rubus Coreanus Fruit Extract, Morus Alba Root Extract, Pinus Palustris Leaf Extract, Lithospermum Erythrorhizon Root Extract, Polygonum Multiflorum Root Extract, Dipotassium Glycyrrhizate, Disodium EDTA, Butylene Glycol, Pentylene Glycol, 1,2-Hexanediol, Caprylyl Glycol, Phenoxyethanol, Fragrance<\/span><\/em><\/p>\n<p><em><b><br \/>\n<\/b>.<\/em><\/p>\n<p><em><b><\/b><br \/>\n<\/em><\/p>\n<p>&nbsp;<\/p>\n<\/div>","protected":false},"excerpt":{"rendered":"<p>Funkcionalni tonik protiv opadanja kose. 120ml<\/p>","protected":false},"featured_media":4739,"template":"","meta":{"_acf_changed":false},"product_brand":[],"product_cat":[418,171,623,615,612,507,617,607,598,600,599,601,174,426],"product_tag":[427],"class_list":{"0":"post-7965","1":"product","2":"type-product","3":"status-publish","4":"has-post-thumbnail","6":"product_cat-lador","7":"product_cat-haircare","8":"product_cat-hair-restoration","9":"product_cat-hairsebumcontrol","10":"product_cat-hairnutrition","11":"product_cat-hairloss","12":"product_cat-alltypehairs","13":"product_cat-thinhair","14":"product_cat-oilyscalp","15":"product_cat-normalscalp","16":"product_cat-dryscalp","17":"product_cat-sensitivescalp","18":"product_cat-hairproducts","19":"product_cat-hairtonic","20":"product_tag-lador-dermatical","22":"first","23":"outofstock","24":"shipping-taxable","25":"purchasable","26":"product-type-simple"},"acf":[],"yoast_head":"<!-- This site is optimized with the Yoast SEO Premium plugin v19.6 (Yoast SEO v20.11) - https:\/\/yoast.com\/wordpress\/plugins\/seo\/ -->\n<title>LADOR Dermatical Scalp Tonic - 120ml - Malina Beauty Store<\/title>\n<meta name=\"robots\" content=\"index, follow, max-snippet:-1, max-image-preview:large, max-video-preview:-1\" \/>\n<link rel=\"canonical\" href=\"https:\/\/malinacosmetics.com\/sr\/\u043f\u0440\u043e\u0438\u0437\u0432\u043e\u0434\/lador-dermatical-scalp-tonic-copy\/\" \/>\n<meta property=\"og:locale\" content=\"sr_RS\" \/>\n<meta property=\"og:type\" content=\"article\" \/>\n<meta property=\"og:title\" content=\"LADOR Dermatical Scalp Tonic - 120ml\" \/>\n<meta property=\"og:description\" content=\"\u0424\u0443\u043d\u043a\u0446\u0438\u043e\u043d\u0430\u043b\u044c\u043d\u044b\u0439 \u0442\u043e\u043d\u0438\u043a \u043f\u0440\u043e\u0442\u0438\u0432 \u0432\u044b\u043f\u0430\u0434\u0435\u043d\u0438\u044f \u0432\u043e\u043b\u043e\u0441. 120ml\" \/>\n<meta property=\"og:url\" content=\"https:\/\/malinacosmetics.com\/sr\/\u043f\u0440\u043e\u0438\u0437\u0432\u043e\u0434\/lador-dermatical-scalp-tonic-copy\/\" \/>\n<meta property=\"og:site_name\" content=\"Malina Beauty Store\" \/>\n<meta property=\"article:publisher\" content=\"https:\/\/www.facebook.com\/MalinaBeautyShopMe\/\" \/>\n<meta property=\"article:modified_time\" content=\"2026-04-04T15:46:17+00:00\" \/>\n<meta property=\"og:image\" content=\"https:\/\/malinacosmetics.com\/wp-content\/uploads\/2022\/11\/Lador-Dermatical-Scalp-Tonic.jpg\" \/>\n\t<meta property=\"og:image:width\" content=\"1200\" \/>\n\t<meta property=\"og:image:height\" content=\"1200\" \/>\n\t<meta property=\"og:image:type\" content=\"image\/jpeg\" \/>\n<meta name=\"twitter:card\" content=\"summary_large_image\" \/>\n<script type=\"application\/ld+json\" class=\"yoast-schema-graph\">{\"@context\":\"https:\/\/schema.org\",\"@graph\":[{\"@type\":[\"WebPage\",\"ItemPage\"],\"@id\":\"https:\/\/malinacosmetics.com\/product\/lador-dermatical-scalp-tonic-copy\/\",\"url\":\"https:\/\/malinacosmetics.com\/product\/lador-dermatical-scalp-tonic-copy\/\",\"name\":\"LADOR Dermatical Scalp Tonic - 120ml - Malina Beauty Store\",\"isPartOf\":{\"@id\":\"https:\/\/malinacosmetics.com\/#website\"},\"datePublished\":\"2025-09-27T11:50:03+00:00\",\"dateModified\":\"2026-04-04T15:46:17+00:00\",\"breadcrumb\":{\"@id\":\"https:\/\/malinacosmetics.com\/product\/lador-dermatical-scalp-tonic-copy\/#breadcrumb\"},\"inLanguage\":\"sr-RS\",\"potentialAction\":[{\"@type\":\"ReadAction\",\"target\":[\"https:\/\/malinacosmetics.com\/product\/lador-dermatical-scalp-tonic-copy\/\"]}]},{\"@type\":\"BreadcrumbList\",\"@id\":\"https:\/\/malinacosmetics.com\/product\/lador-dermatical-scalp-tonic-copy\/#breadcrumb\",\"itemListElement\":[{\"@type\":\"ListItem\",\"position\":1,\"name\":\"\u0413\u043b\u0430\u0432\u043d\u0430\u044f \u0441\u0442\u0440\u0430\u043d\u0438\u0446\u0430\",\"item\":\"https:\/\/malinacosmetics.com\/\"},{\"@type\":\"ListItem\",\"position\":2,\"name\":\"\u041a\u0430\u0442\u0430\u043b\u043e\u0433\",\"item\":\"https:\/\/malinacosmetics.com\/sr\/shop\/\"},{\"@type\":\"ListItem\",\"position\":3,\"name\":\"LADOR Dermatical Scalp Tonic &#8212; 120ml\"}]},{\"@type\":\"WebSite\",\"@id\":\"https:\/\/malinacosmetics.com\/#website\",\"url\":\"https:\/\/malinacosmetics.com\/\",\"name\":\"Malina Beauty Store\",\"description\":\"Prodaja korejske kozmetike za Crnu Goru\",\"publisher\":{\"@id\":\"https:\/\/malinacosmetics.com\/#organization\"},\"potentialAction\":[{\"@type\":\"SearchAction\",\"target\":{\"@type\":\"EntryPoint\",\"urlTemplate\":\"https:\/\/malinacosmetics.com\/?s={search_term_string}\"},\"query-input\":\"required name=search_term_string\"}],\"inLanguage\":\"sr-RS\"},{\"@type\":\"Organization\",\"@id\":\"https:\/\/malinacosmetics.com\/#organization\",\"name\":\"malinacosmetics\",\"url\":\"https:\/\/malinacosmetics.com\/\",\"logo\":{\"@type\":\"ImageObject\",\"inLanguage\":\"sr-RS\",\"@id\":\"https:\/\/malinacosmetics.com\/#\/schema\/logo\/image\/\",\"url\":\"https:\/\/malinacosmetics.com\/wp-content\/uploads\/2021\/07\/logo.png\",\"contentUrl\":\"https:\/\/malinacosmetics.com\/wp-content\/uploads\/2021\/07\/logo.png\",\"width\":500,\"height\":353,\"caption\":\"malinacosmetics\"},\"image\":{\"@id\":\"https:\/\/malinacosmetics.com\/#\/schema\/logo\/image\/\"},\"sameAs\":[\"https:\/\/www.facebook.com\/MalinaBeautyShopMe\/\"]}]}<\/script>\n<meta property=\"product:brand\" content=\"simple\" \/>\n<meta property=\"product:price:amount\" content=\"20.00\" \/>\n<meta property=\"product:price:currency\" content=\"EUR\" \/>\n<meta property=\"og:availability\" content=\"out of stock\" \/>\n<meta property=\"product:availability\" content=\"out of stock\" \/>\n<meta property=\"product:condition\" content=\"new\" \/>\n<!-- \/ Yoast SEO Premium plugin. -->","yoast_head_json":{"title":"LADOR Dermatical Scalp Tonic - 120ml - Malina Beauty Store","robots":{"index":"index","follow":"follow","max-snippet":"max-snippet:-1","max-image-preview":"max-image-preview:large","max-video-preview":"max-video-preview:-1"},"canonical":"https:\/\/malinacosmetics.com\/sr\/\u043f\u0440\u043e\u0438\u0437\u0432\u043e\u0434\/lador-dermatical-scalp-tonic-copy\/","og_locale":"sr_RS","og_type":"article","og_title":"LADOR Dermatical Scalp Tonic - 120ml","og_description":"\u0424\u0443\u043d\u043a\u0446\u0438\u043e\u043d\u0430\u043b\u044c\u043d\u044b\u0439 \u0442\u043e\u043d\u0438\u043a \u043f\u0440\u043e\u0442\u0438\u0432 \u0432\u044b\u043f\u0430\u0434\u0435\u043d\u0438\u044f \u0432\u043e\u043b\u043e\u0441. 120ml","og_url":"https:\/\/malinacosmetics.com\/sr\/\u043f\u0440\u043e\u0438\u0437\u0432\u043e\u0434\/lador-dermatical-scalp-tonic-copy\/","og_site_name":"Malina Beauty Store","article_publisher":"https:\/\/www.facebook.com\/MalinaBeautyShopMe\/","article_modified_time":"2026-04-04T15:46:17+00:00","og_image":[{"width":1200,"height":1200,"url":"https:\/\/malinacosmetics.com\/wp-content\/uploads\/2022\/11\/Lador-Dermatical-Scalp-Tonic.jpg","type":"image\/jpeg"}],"twitter_card":"summary_large_image","schema":{"@context":"https:\/\/schema.org","@graph":[{"@type":["WebPage","ItemPage"],"@id":"https:\/\/malinacosmetics.com\/product\/lador-dermatical-scalp-tonic-copy\/","url":"https:\/\/malinacosmetics.com\/product\/lador-dermatical-scalp-tonic-copy\/","name":"LADOR Dermatical Scalp Tonic - 120ml - Malina Beauty Store","isPartOf":{"@id":"https:\/\/malinacosmetics.com\/#website"},"datePublished":"2025-09-27T11:50:03+00:00","dateModified":"2026-04-04T15:46:17+00:00","breadcrumb":{"@id":"https:\/\/malinacosmetics.com\/product\/lador-dermatical-scalp-tonic-copy\/#breadcrumb"},"inLanguage":"sr-RS","potentialAction":[{"@type":"ReadAction","target":["https:\/\/malinacosmetics.com\/product\/lador-dermatical-scalp-tonic-copy\/"]}]},{"@type":"BreadcrumbList","@id":"https:\/\/malinacosmetics.com\/product\/lador-dermatical-scalp-tonic-copy\/#breadcrumb","itemListElement":[{"@type":"ListItem","position":1,"name":"\u0413\u043b\u0430\u0432\u043d\u0430\u044f \u0441\u0442\u0440\u0430\u043d\u0438\u0446\u0430","item":"https:\/\/malinacosmetics.com\/"},{"@type":"ListItem","position":2,"name":"\u041a\u0430\u0442\u0430\u043b\u043e\u0433","item":"https:\/\/malinacosmetics.com\/sr\/shop\/"},{"@type":"ListItem","position":3,"name":"LADOR Dermatical Scalp Tonic &#8212; 120ml"}]},{"@type":"WebSite","@id":"https:\/\/malinacosmetics.com\/#website","url":"https:\/\/malinacosmetics.com\/","name":"Malina Beauty Store","description":"Prodaja korejske kozmetike za Crnu Goru","publisher":{"@id":"https:\/\/malinacosmetics.com\/#organization"},"potentialAction":[{"@type":"SearchAction","target":{"@type":"EntryPoint","urlTemplate":"https:\/\/malinacosmetics.com\/?s={search_term_string}"},"query-input":"required name=search_term_string"}],"inLanguage":"sr-RS"},{"@type":"Organization","@id":"https:\/\/malinacosmetics.com\/#organization","name":"malinacosmetics","url":"https:\/\/malinacosmetics.com\/","logo":{"@type":"ImageObject","inLanguage":"sr-RS","@id":"https:\/\/malinacosmetics.com\/#\/schema\/logo\/image\/","url":"https:\/\/malinacosmetics.com\/wp-content\/uploads\/2021\/07\/logo.png","contentUrl":"https:\/\/malinacosmetics.com\/wp-content\/uploads\/2021\/07\/logo.png","width":500,"height":353,"caption":"malinacosmetics"},"image":{"@id":"https:\/\/malinacosmetics.com\/#\/schema\/logo\/image\/"},"sameAs":["https:\/\/www.facebook.com\/MalinaBeautyShopMe\/"]}]},"product_brand":"simple","product_price_amount":"20.00","product_price_currency":"EUR","og_availability":"out of stock","product_availability":"out of stock","product_condition":"new"},"jetpack_sharing_enabled":true,"_links":{"self":[{"href":"https:\/\/malinacosmetics.com\/sr\/wp-json\/wp\/v2\/product\/7965","targetHints":{"allow":["GET"]}}],"collection":[{"href":"https:\/\/malinacosmetics.com\/sr\/wp-json\/wp\/v2\/product"}],"about":[{"href":"https:\/\/malinacosmetics.com\/sr\/wp-json\/wp\/v2\/types\/product"}],"wp:featuredmedia":[{"embeddable":true,"href":"https:\/\/malinacosmetics.com\/sr\/wp-json\/wp\/v2\/media\/4739"}],"wp:attachment":[{"href":"https:\/\/malinacosmetics.com\/sr\/wp-json\/wp\/v2\/media?parent=7965"}],"wp:term":[{"taxonomy":"product_brand","embeddable":true,"href":"https:\/\/malinacosmetics.com\/sr\/wp-json\/wp\/v2\/product_brand?post=7965"},{"taxonomy":"product_cat","embeddable":true,"href":"https:\/\/malinacosmetics.com\/sr\/wp-json\/wp\/v2\/product_cat?post=7965"},{"taxonomy":"product_tag","embeddable":true,"href":"https:\/\/malinacosmetics.com\/sr\/wp-json\/wp\/v2\/product_tag?post=7965"}],"curies":[{"name":"wp","href":"https:\/\/api.w.org\/{rel}","templated":true}]}}