{"id":7870,"date":"2025-08-28T18:20:26","date_gmt":"2025-08-28T16:20:26","guid":{"rendered":"https:\/\/malinacosmetics.com\/?post_type=product&#038;p=7870"},"modified":"2025-08-28T18:39:06","modified_gmt":"2025-08-28T16:39:06","slug":"anua-peach-70-niacin-serum-mask","status":"publish","type":"product","link":"https:\/\/malinacosmetics.com\/sr\/\u043f\u0440\u043e\u0438\u0437\u0432\u043e\u0434\/anua-peach-70-niacin-serum-mask\/","title":{"rendered":"Anua Peach 70% Niacin Serum Mask"},"content":{"rendered":"<p data-start=\"89\" data-end=\"426\" class=\"translation-block\">Tkaninska maska sa breskvom za blistav ten ne\u017eno polira reljef i zagla\u0111uje povr\u0161inu ko\u017ee, omek\u0161avaju\u0107i grube delove i vra\u0107aju\u0107i ko\u017ei svilenkastu teksturu. Pogodna je kao baza za \u0161minku, intenzivno hidrira i odr\u017eava hidro-lipidni balans. Izjedna\u010dava ton, poma\u017ee obnavljanju ko\u017ee posle upala i smanjuje dosadni izgled ko\u017ee.<br>\nOsnovu proizvoda \u010dini 70% kompleksa PEACHNIA, dobijenog fermentacijom ekstrakta breskve sa formiranjem posebne vrste niacinamida, koji omek\u0161ava grube delove, smanjuje perutanje i poma\u017ee normalizaciji rada lojnih \u017elezda.<br>\nKalup maske je napravljen od ultra-tankog bambusovog vlakna, \u010dvrsto prianja uz ko\u017eu, prati konture lica i omogu\u0107ava ravnomerno prodiranje aktivnih sastojaka.<br>\n\nDodatni aktivni sastojci:<br>\nFerment kvasca Candida Bombicola\/Glukoza\/Metil ulje repice podr\u017eava mikrobiom ko\u017ee i deluje blago antibakterijski.<br>\nBetaine salicylate ne\u017eno uklanja odumrle \u0107elije, normalizuje pH i rad lojnih \u017elezda.<br>\nNiacinamid reguli\u0161e lu\u010denje sebuma, izjedna\u010dava ton i podr\u017eava \u010dvrsto\u0107u ko\u017ee.<br>\nEkstrakt gljive Sanhvan \u2013 antioksidans, smanjuje upalu i podr\u017eava obnovu \u0107elija.<br>\nEkstrakt rozih kvasaca \u2013 antioksidans, tonizira, izjedna\u010dava ton i smanjuje vidljivost pora.<br>\nUlje zelenog \u010daja smiruje iritacije, deluje antibakterijski i pobolj\u0161ava boju tena.<br>\nCijanokobalamin (vitamin B12) hidrira, umiruje, ja\u010da kapilare i poma\u017ee kod akni.<br>\n\nPogodna za normalnu, kombinovanu i masnu ko\u017eu, skloni ten dobljoj, perutanju i iritacijama.<\/p>","protected":false},"excerpt":{"rendered":"<p>Maska sa ekstraktom breskve i niacinamidom hidrira, omek\u0161ava i izjedna\u010dava ten ko\u017ee. 25ml<\/p>","protected":false},"featured_media":7871,"template":"","meta":{"_acf_changed":false},"product_brand":[],"product_cat":[651,639,575,462,86,231,437,438,440,441,353,481,254],"product_tag":[],"class_list":{"0":"post-7870","1":"product","2":"type-product","3":"status-publish","4":"has-post-thumbnail","6":"product_cat-anua","7":"product_cat-regulirovanie-sebuma","8":"product_cat-vyravnivanie-tona","9":"product_cat-dryness","10":"product_cat-moisturizing","11":"product_cat-calming","12":"product_cat-alltypesofskin","13":"product_cat-oilyskin","14":"product_cat-combinationskin","15":"product_cat-normalskin","16":"product_cat-masks","17":"product_cat-sheetmask","18":"product_cat-brands","20":"first","21":"instock","22":"shipping-taxable","23":"purchasable","24":"product-type-simple"},"acf":[],"yoast_head":"<!-- This site is optimized with the Yoast SEO Premium plugin v19.6 (Yoast SEO v20.11) - https:\/\/yoast.com\/wordpress\/plugins\/seo\/ -->\n<title>Anua Peach 70% Niacin Serum Mask - Malina Beauty Store<\/title>\n<meta name=\"robots\" content=\"index, follow, max-snippet:-1, max-image-preview:large, max-video-preview:-1\" \/>\n<link rel=\"canonical\" href=\"https:\/\/malinacosmetics.com\/sr\/\u043f\u0440\u043e\u0438\u0437\u0432\u043e\u0434\/anua-peach-70-niacin-serum-mask\/\" \/>\n<meta property=\"og:locale\" content=\"sr_RS\" \/>\n<meta property=\"og:type\" content=\"article\" \/>\n<meta property=\"og:title\" content=\"Anua Peach 70% Niacin Serum Mask\" \/>\n<meta property=\"og:description\" content=\"\u0422\u043a\u0430\u043d\u0435\u0432\u0430\u044f \u043c\u0430\u0441\u043a\u0430 \u0441 \u044d\u043a\u0441\u0442\u0440\u0430\u043a\u0442\u043e\u043c \u043f\u0435\u0440\u0441\u0438\u043a\u0430 \u0438 \u043d\u0438\u0430\u0446\u0438\u043d\u0430\u043c\u0438\u0434\u043e\u043c \u0443\u0432\u043b\u0430\u0436\u043d\u044f\u0435\u0442, \u0441\u043c\u044f\u0433\u0447\u0430\u0435\u0442 \u0438 \u0432\u044b\u0440\u0430\u0432\u043d\u0438\u0432\u0430\u0435\u0442 \u0442\u043e\u043d \u043a\u043e\u0436\u0438. 25ml\" \/>\n<meta property=\"og:url\" content=\"https:\/\/malinacosmetics.com\/sr\/\u043f\u0440\u043e\u0438\u0437\u0432\u043e\u0434\/anua-peach-70-niacin-serum-mask\/\" \/>\n<meta property=\"og:site_name\" content=\"Malina Beauty Store\" \/>\n<meta property=\"article:publisher\" content=\"https:\/\/www.facebook.com\/MalinaBeautyShopMe\/\" \/>\n<meta property=\"article:modified_time\" content=\"2025-08-28T16:39:06+00:00\" \/>\n<meta property=\"og:image\" content=\"https:\/\/malinacosmetics.com\/wp-content\/uploads\/2025\/08\/Anua-Peach-70-Niacin-Serum-Mask1.jpg\" \/>\n\t<meta property=\"og:image:width\" content=\"1400\" \/>\n\t<meta property=\"og:image:height\" content=\"1400\" \/>\n\t<meta property=\"og:image:type\" content=\"image\/jpeg\" \/>\n<meta name=\"twitter:card\" content=\"summary_large_image\" \/>\n<script type=\"application\/ld+json\" class=\"yoast-schema-graph\">{\"@context\":\"https:\/\/schema.org\",\"@graph\":[{\"@type\":[\"WebPage\",\"ItemPage\"],\"@id\":\"https:\/\/malinacosmetics.com\/product\/anua-peach-70-niacin-serum-mask\/\",\"url\":\"https:\/\/malinacosmetics.com\/product\/anua-peach-70-niacin-serum-mask\/\",\"name\":\"Anua Peach 70% Niacin Serum Mask - Malina Beauty Store\",\"isPartOf\":{\"@id\":\"https:\/\/malinacosmetics.com\/#website\"},\"datePublished\":\"2025-08-28T16:20:26+00:00\",\"dateModified\":\"2025-08-28T16:39:06+00:00\",\"breadcrumb\":{\"@id\":\"https:\/\/malinacosmetics.com\/product\/anua-peach-70-niacin-serum-mask\/#breadcrumb\"},\"inLanguage\":\"sr-RS\",\"potentialAction\":[{\"@type\":\"ReadAction\",\"target\":[\"https:\/\/malinacosmetics.com\/product\/anua-peach-70-niacin-serum-mask\/\"]}]},{\"@type\":\"BreadcrumbList\",\"@id\":\"https:\/\/malinacosmetics.com\/product\/anua-peach-70-niacin-serum-mask\/#breadcrumb\",\"itemListElement\":[{\"@type\":\"ListItem\",\"position\":1,\"name\":\"\u0413\u043b\u0430\u0432\u043d\u0430\u044f \u0441\u0442\u0440\u0430\u043d\u0438\u0446\u0430\",\"item\":\"https:\/\/malinacosmetics.com\/\"},{\"@type\":\"ListItem\",\"position\":2,\"name\":\"\u041a\u0430\u0442\u0430\u043b\u043e\u0433\",\"item\":\"https:\/\/malinacosmetics.com\/sr\/shop\/\"},{\"@type\":\"ListItem\",\"position\":3,\"name\":\"Anua Peach 70% Niacin Serum Mask\"}]},{\"@type\":\"WebSite\",\"@id\":\"https:\/\/malinacosmetics.com\/#website\",\"url\":\"https:\/\/malinacosmetics.com\/\",\"name\":\"Malina Beauty Store\",\"description\":\"Prodaja korejske kozmetike za Crnu Goru\",\"publisher\":{\"@id\":\"https:\/\/malinacosmetics.com\/#organization\"},\"potentialAction\":[{\"@type\":\"SearchAction\",\"target\":{\"@type\":\"EntryPoint\",\"urlTemplate\":\"https:\/\/malinacosmetics.com\/?s={search_term_string}\"},\"query-input\":\"required name=search_term_string\"}],\"inLanguage\":\"sr-RS\"},{\"@type\":\"Organization\",\"@id\":\"https:\/\/malinacosmetics.com\/#organization\",\"name\":\"malinacosmetics\",\"url\":\"https:\/\/malinacosmetics.com\/\",\"logo\":{\"@type\":\"ImageObject\",\"inLanguage\":\"sr-RS\",\"@id\":\"https:\/\/malinacosmetics.com\/#\/schema\/logo\/image\/\",\"url\":\"https:\/\/malinacosmetics.com\/wp-content\/uploads\/2021\/07\/logo.png\",\"contentUrl\":\"https:\/\/malinacosmetics.com\/wp-content\/uploads\/2021\/07\/logo.png\",\"width\":500,\"height\":353,\"caption\":\"malinacosmetics\"},\"image\":{\"@id\":\"https:\/\/malinacosmetics.com\/#\/schema\/logo\/image\/\"},\"sameAs\":[\"https:\/\/www.facebook.com\/MalinaBeautyShopMe\/\"]}]}<\/script>\n<meta property=\"product:brand\" content=\"simple\" \/>\n<meta property=\"product:price:amount\" content=\"3.50\" \/>\n<meta property=\"product:price:currency\" content=\"EUR\" \/>\n<meta property=\"og:availability\" content=\"instock\" \/>\n<meta property=\"product:availability\" content=\"instock\" \/>\n<meta property=\"product:condition\" content=\"new\" \/>\n<!-- \/ Yoast SEO Premium plugin. -->","yoast_head_json":{"title":"Anua Peach 70% Niacin Serum Mask - Malina Beauty Store","robots":{"index":"index","follow":"follow","max-snippet":"max-snippet:-1","max-image-preview":"max-image-preview:large","max-video-preview":"max-video-preview:-1"},"canonical":"https:\/\/malinacosmetics.com\/sr\/\u043f\u0440\u043e\u0438\u0437\u0432\u043e\u0434\/anua-peach-70-niacin-serum-mask\/","og_locale":"sr_RS","og_type":"article","og_title":"Anua Peach 70% Niacin Serum Mask","og_description":"\u0422\u043a\u0430\u043d\u0435\u0432\u0430\u044f \u043c\u0430\u0441\u043a\u0430 \u0441 \u044d\u043a\u0441\u0442\u0440\u0430\u043a\u0442\u043e\u043c \u043f\u0435\u0440\u0441\u0438\u043a\u0430 \u0438 \u043d\u0438\u0430\u0446\u0438\u043d\u0430\u043c\u0438\u0434\u043e\u043c \u0443\u0432\u043b\u0430\u0436\u043d\u044f\u0435\u0442, \u0441\u043c\u044f\u0433\u0447\u0430\u0435\u0442 \u0438 \u0432\u044b\u0440\u0430\u0432\u043d\u0438\u0432\u0430\u0435\u0442 \u0442\u043e\u043d \u043a\u043e\u0436\u0438. 25ml","og_url":"https:\/\/malinacosmetics.com\/sr\/\u043f\u0440\u043e\u0438\u0437\u0432\u043e\u0434\/anua-peach-70-niacin-serum-mask\/","og_site_name":"Malina Beauty Store","article_publisher":"https:\/\/www.facebook.com\/MalinaBeautyShopMe\/","article_modified_time":"2025-08-28T16:39:06+00:00","og_image":[{"width":1400,"height":1400,"url":"https:\/\/malinacosmetics.com\/wp-content\/uploads\/2025\/08\/Anua-Peach-70-Niacin-Serum-Mask1.jpg","type":"image\/jpeg"}],"twitter_card":"summary_large_image","schema":{"@context":"https:\/\/schema.org","@graph":[{"@type":["WebPage","ItemPage"],"@id":"https:\/\/malinacosmetics.com\/product\/anua-peach-70-niacin-serum-mask\/","url":"https:\/\/malinacosmetics.com\/product\/anua-peach-70-niacin-serum-mask\/","name":"Anua Peach 70% Niacin Serum Mask - Malina Beauty Store","isPartOf":{"@id":"https:\/\/malinacosmetics.com\/#website"},"datePublished":"2025-08-28T16:20:26+00:00","dateModified":"2025-08-28T16:39:06+00:00","breadcrumb":{"@id":"https:\/\/malinacosmetics.com\/product\/anua-peach-70-niacin-serum-mask\/#breadcrumb"},"inLanguage":"sr-RS","potentialAction":[{"@type":"ReadAction","target":["https:\/\/malinacosmetics.com\/product\/anua-peach-70-niacin-serum-mask\/"]}]},{"@type":"BreadcrumbList","@id":"https:\/\/malinacosmetics.com\/product\/anua-peach-70-niacin-serum-mask\/#breadcrumb","itemListElement":[{"@type":"ListItem","position":1,"name":"\u0413\u043b\u0430\u0432\u043d\u0430\u044f \u0441\u0442\u0440\u0430\u043d\u0438\u0446\u0430","item":"https:\/\/malinacosmetics.com\/"},{"@type":"ListItem","position":2,"name":"\u041a\u0430\u0442\u0430\u043b\u043e\u0433","item":"https:\/\/malinacosmetics.com\/sr\/shop\/"},{"@type":"ListItem","position":3,"name":"Anua Peach 70% Niacin Serum Mask"}]},{"@type":"WebSite","@id":"https:\/\/malinacosmetics.com\/#website","url":"https:\/\/malinacosmetics.com\/","name":"Malina Beauty Store","description":"Prodaja korejske kozmetike za Crnu Goru","publisher":{"@id":"https:\/\/malinacosmetics.com\/#organization"},"potentialAction":[{"@type":"SearchAction","target":{"@type":"EntryPoint","urlTemplate":"https:\/\/malinacosmetics.com\/?s={search_term_string}"},"query-input":"required name=search_term_string"}],"inLanguage":"sr-RS"},{"@type":"Organization","@id":"https:\/\/malinacosmetics.com\/#organization","name":"malinacosmetics","url":"https:\/\/malinacosmetics.com\/","logo":{"@type":"ImageObject","inLanguage":"sr-RS","@id":"https:\/\/malinacosmetics.com\/#\/schema\/logo\/image\/","url":"https:\/\/malinacosmetics.com\/wp-content\/uploads\/2021\/07\/logo.png","contentUrl":"https:\/\/malinacosmetics.com\/wp-content\/uploads\/2021\/07\/logo.png","width":500,"height":353,"caption":"malinacosmetics"},"image":{"@id":"https:\/\/malinacosmetics.com\/#\/schema\/logo\/image\/"},"sameAs":["https:\/\/www.facebook.com\/MalinaBeautyShopMe\/"]}]},"product_brand":"simple","product_price_amount":"3.50","product_price_currency":"EUR","og_availability":"instock","product_availability":"instock","product_condition":"new"},"jetpack_sharing_enabled":true,"_links":{"self":[{"href":"https:\/\/malinacosmetics.com\/sr\/wp-json\/wp\/v2\/product\/7870","targetHints":{"allow":["GET"]}}],"collection":[{"href":"https:\/\/malinacosmetics.com\/sr\/wp-json\/wp\/v2\/product"}],"about":[{"href":"https:\/\/malinacosmetics.com\/sr\/wp-json\/wp\/v2\/types\/product"}],"wp:featuredmedia":[{"embeddable":true,"href":"https:\/\/malinacosmetics.com\/sr\/wp-json\/wp\/v2\/media\/7871"}],"wp:attachment":[{"href":"https:\/\/malinacosmetics.com\/sr\/wp-json\/wp\/v2\/media?parent=7870"}],"wp:term":[{"taxonomy":"product_brand","embeddable":true,"href":"https:\/\/malinacosmetics.com\/sr\/wp-json\/wp\/v2\/product_brand?post=7870"},{"taxonomy":"product_cat","embeddable":true,"href":"https:\/\/malinacosmetics.com\/sr\/wp-json\/wp\/v2\/product_cat?post=7870"},{"taxonomy":"product_tag","embeddable":true,"href":"https:\/\/malinacosmetics.com\/sr\/wp-json\/wp\/v2\/product_tag?post=7870"}],"curies":[{"name":"wp","href":"https:\/\/api.w.org\/{rel}","templated":true}]}}