{"id":7770,"date":"2025-08-20T23:53:54","date_gmt":"2025-08-20T21:53:54","guid":{"rendered":"https:\/\/malinacosmetics.com\/?post_type=product&#038;p=7770"},"modified":"2026-02-06T17:14:40","modified_gmt":"2026-02-06T16:14:40","slug":"anua-rice-70-glow-milky-toner","status":"publish","type":"product","link":"https:\/\/malinacosmetics.com\/sr\/\u043f\u0440\u043e\u0438\u0437\u0432\u043e\u0434\/anua-rice-70-glow-milky-toner\/","title":{"rendered":"Anua Rice 70 Glow Milky Toner"},"content":{"rendered":"","protected":false},"excerpt":{"rendered":"<p>Njeguju\u0107i mlije\u010dni toner sa 70% ri\u017eine vodice, niacinamidom i ceramidima za blistav, ujedna\u010den i hidriran ten. 250ml<\/p>","protected":false},"featured_media":7772,"template":"","meta":{"_acf_changed":false},"product_brand":[],"product_cat":[651,650,532,575,400,455,456,458,462,548,349,350,263,86,231,436,290,435,254],"product_tag":[],"class_list":{"0":"post-7770","1":"product","2":"type-product","3":"status-publish","4":"has-post-thumbnail","6":"product_cat-anua","7":"product_cat-siyanie","8":"product_cat-purpose","9":"product_cat-vyravnivanie-tona","10":"product_cat-lifting","11":"product_cat-specialcare","12":"product_cat-rozacea","13":"product_cat-pigmentation","14":"product_cat-dryness","15":"product_cat-skintoning","16":"product_cat-brightening","17":"product_cat-nourishing","18":"product_cat-revitalizing","19":"product_cat-moisturizing","20":"product_cat-calming","21":"product_cat-skintype","22":"product_cat-toning","23":"product_cat-toner","24":"product_cat-brands","26":"first","27":"outofstock","28":"shipping-taxable","29":"purchasable","30":"product-type-simple"},"acf":[],"yoast_head":"<!-- This site is optimized with the Yoast SEO Premium plugin v19.6 (Yoast SEO v20.11) - https:\/\/yoast.com\/wordpress\/plugins\/seo\/ -->\n<title>Anua Rice 70 Glow Milky Toner - Malina Beauty Store<\/title>\n<meta name=\"robots\" content=\"index, follow, max-snippet:-1, max-image-preview:large, max-video-preview:-1\" \/>\n<link rel=\"canonical\" href=\"https:\/\/malinacosmetics.com\/sr\/\u043f\u0440\u043e\u0438\u0437\u0432\u043e\u0434\/anua-rice-70-glow-milky-toner\/\" \/>\n<meta property=\"og:locale\" content=\"sr_RS\" \/>\n<meta property=\"og:type\" content=\"article\" \/>\n<meta property=\"og:title\" content=\"Anua Rice 70 Glow Milky Toner\" \/>\n<meta property=\"og:description\" content=\"\u041f\u0438\u0442\u0430\u0442\u0435\u043b\u044c\u043d\u044b\u0439 \u043c\u043e\u043b\u043e\u0447\u043d\u044b\u0439 \u0442\u043e\u043d\u0435\u0440 \u0441 70% \u0440\u0438\u0441\u043e\u0432\u043e\u0439 \u0432\u043e\u0434\u044b, \u043d\u0438\u0430\u0446\u0438\u043d\u0430\u043c\u0438\u0434\u043e\u043c \u0438 \u0446\u0435\u0440\u0430\u043c\u0438\u0434\u0430\u043c\u0438 \u0434\u043b\u044f \u0441\u0438\u044f\u044e\u0449\u0435\u0439, \u0443\u0432\u043b\u0430\u0436\u043d\u0451\u043d\u043d\u043e\u0439 \u0438 \u0440\u043e\u0432\u043d\u043e\u0439 \u043a\u043e\u0436\u0438. 250ml\" \/>\n<meta property=\"og:url\" content=\"https:\/\/malinacosmetics.com\/sr\/\u043f\u0440\u043e\u0438\u0437\u0432\u043e\u0434\/anua-rice-70-glow-milky-toner\/\" \/>\n<meta property=\"og:site_name\" content=\"Malina Beauty Store\" \/>\n<meta property=\"article:publisher\" content=\"https:\/\/www.facebook.com\/MalinaBeautyShopMe\/\" \/>\n<meta property=\"article:modified_time\" content=\"2026-02-06T16:14:40+00:00\" \/>\n<meta property=\"og:image\" content=\"https:\/\/malinacosmetics.com\/wp-content\/uploads\/2025\/08\/malina-products1-41.jpg\" \/>\n\t<meta property=\"og:image:width\" content=\"1000\" \/>\n\t<meta property=\"og:image:height\" content=\"1000\" \/>\n\t<meta property=\"og:image:type\" content=\"image\/jpeg\" \/>\n<meta name=\"twitter:card\" content=\"summary_large_image\" \/>\n<script type=\"application\/ld+json\" class=\"yoast-schema-graph\">{\"@context\":\"https:\/\/schema.org\",\"@graph\":[{\"@type\":[\"WebPage\",\"ItemPage\"],\"@id\":\"https:\/\/malinacosmetics.com\/product\/anua-rice-70-glow-milky-toner\/\",\"url\":\"https:\/\/malinacosmetics.com\/product\/anua-rice-70-glow-milky-toner\/\",\"name\":\"Anua Rice 70 Glow Milky Toner - Malina Beauty Store\",\"isPartOf\":{\"@id\":\"https:\/\/malinacosmetics.com\/#website\"},\"datePublished\":\"2025-08-20T21:53:54+00:00\",\"dateModified\":\"2026-02-06T16:14:40+00:00\",\"breadcrumb\":{\"@id\":\"https:\/\/malinacosmetics.com\/product\/anua-rice-70-glow-milky-toner\/#breadcrumb\"},\"inLanguage\":\"sr-RS\",\"potentialAction\":[{\"@type\":\"ReadAction\",\"target\":[\"https:\/\/malinacosmetics.com\/product\/anua-rice-70-glow-milky-toner\/\"]}]},{\"@type\":\"BreadcrumbList\",\"@id\":\"https:\/\/malinacosmetics.com\/product\/anua-rice-70-glow-milky-toner\/#breadcrumb\",\"itemListElement\":[{\"@type\":\"ListItem\",\"position\":1,\"name\":\"\u0413\u043b\u0430\u0432\u043d\u0430\u044f \u0441\u0442\u0440\u0430\u043d\u0438\u0446\u0430\",\"item\":\"https:\/\/malinacosmetics.com\/\"},{\"@type\":\"ListItem\",\"position\":2,\"name\":\"\u041a\u0430\u0442\u0430\u043b\u043e\u0433\",\"item\":\"https:\/\/malinacosmetics.com\/sr\/shop\/\"},{\"@type\":\"ListItem\",\"position\":3,\"name\":\"Anua Rice 70 Glow Milky Toner\"}]},{\"@type\":\"WebSite\",\"@id\":\"https:\/\/malinacosmetics.com\/#website\",\"url\":\"https:\/\/malinacosmetics.com\/\",\"name\":\"Malina Beauty Store\",\"description\":\"Prodaja korejske kozmetike za Crnu Goru\",\"publisher\":{\"@id\":\"https:\/\/malinacosmetics.com\/#organization\"},\"potentialAction\":[{\"@type\":\"SearchAction\",\"target\":{\"@type\":\"EntryPoint\",\"urlTemplate\":\"https:\/\/malinacosmetics.com\/?s={search_term_string}\"},\"query-input\":\"required name=search_term_string\"}],\"inLanguage\":\"sr-RS\"},{\"@type\":\"Organization\",\"@id\":\"https:\/\/malinacosmetics.com\/#organization\",\"name\":\"malinacosmetics\",\"url\":\"https:\/\/malinacosmetics.com\/\",\"logo\":{\"@type\":\"ImageObject\",\"inLanguage\":\"sr-RS\",\"@id\":\"https:\/\/malinacosmetics.com\/#\/schema\/logo\/image\/\",\"url\":\"https:\/\/malinacosmetics.com\/wp-content\/uploads\/2021\/07\/logo.png\",\"contentUrl\":\"https:\/\/malinacosmetics.com\/wp-content\/uploads\/2021\/07\/logo.png\",\"width\":500,\"height\":353,\"caption\":\"malinacosmetics\"},\"image\":{\"@id\":\"https:\/\/malinacosmetics.com\/#\/schema\/logo\/image\/\"},\"sameAs\":[\"https:\/\/www.facebook.com\/MalinaBeautyShopMe\/\"]}]}<\/script>\n<meta property=\"product:brand\" content=\"simple\" \/>\n<meta property=\"product:price:amount\" content=\"30.00\" \/>\n<meta property=\"product:price:currency\" content=\"EUR\" \/>\n<meta property=\"og:availability\" content=\"out of stock\" \/>\n<meta property=\"product:availability\" content=\"out of stock\" \/>\n<meta property=\"product:condition\" content=\"new\" \/>\n<!-- \/ Yoast SEO Premium plugin. -->","yoast_head_json":{"title":"Anua Rice 70 Glow Milky Toner - Malina Beauty Store","robots":{"index":"index","follow":"follow","max-snippet":"max-snippet:-1","max-image-preview":"max-image-preview:large","max-video-preview":"max-video-preview:-1"},"canonical":"https:\/\/malinacosmetics.com\/sr\/\u043f\u0440\u043e\u0438\u0437\u0432\u043e\u0434\/anua-rice-70-glow-milky-toner\/","og_locale":"sr_RS","og_type":"article","og_title":"Anua Rice 70 Glow Milky Toner","og_description":"\u041f\u0438\u0442\u0430\u0442\u0435\u043b\u044c\u043d\u044b\u0439 \u043c\u043e\u043b\u043e\u0447\u043d\u044b\u0439 \u0442\u043e\u043d\u0435\u0440 \u0441 70% \u0440\u0438\u0441\u043e\u0432\u043e\u0439 \u0432\u043e\u0434\u044b, \u043d\u0438\u0430\u0446\u0438\u043d\u0430\u043c\u0438\u0434\u043e\u043c \u0438 \u0446\u0435\u0440\u0430\u043c\u0438\u0434\u0430\u043c\u0438 \u0434\u043b\u044f \u0441\u0438\u044f\u044e\u0449\u0435\u0439, \u0443\u0432\u043b\u0430\u0436\u043d\u0451\u043d\u043d\u043e\u0439 \u0438 \u0440\u043e\u0432\u043d\u043e\u0439 \u043a\u043e\u0436\u0438. 250ml","og_url":"https:\/\/malinacosmetics.com\/sr\/\u043f\u0440\u043e\u0438\u0437\u0432\u043e\u0434\/anua-rice-70-glow-milky-toner\/","og_site_name":"Malina Beauty Store","article_publisher":"https:\/\/www.facebook.com\/MalinaBeautyShopMe\/","article_modified_time":"2026-02-06T16:14:40+00:00","og_image":[{"width":1000,"height":1000,"url":"https:\/\/malinacosmetics.com\/wp-content\/uploads\/2025\/08\/malina-products1-41.jpg","type":"image\/jpeg"}],"twitter_card":"summary_large_image","schema":{"@context":"https:\/\/schema.org","@graph":[{"@type":["WebPage","ItemPage"],"@id":"https:\/\/malinacosmetics.com\/product\/anua-rice-70-glow-milky-toner\/","url":"https:\/\/malinacosmetics.com\/product\/anua-rice-70-glow-milky-toner\/","name":"Anua Rice 70 Glow Milky Toner - Malina Beauty Store","isPartOf":{"@id":"https:\/\/malinacosmetics.com\/#website"},"datePublished":"2025-08-20T21:53:54+00:00","dateModified":"2026-02-06T16:14:40+00:00","breadcrumb":{"@id":"https:\/\/malinacosmetics.com\/product\/anua-rice-70-glow-milky-toner\/#breadcrumb"},"inLanguage":"sr-RS","potentialAction":[{"@type":"ReadAction","target":["https:\/\/malinacosmetics.com\/product\/anua-rice-70-glow-milky-toner\/"]}]},{"@type":"BreadcrumbList","@id":"https:\/\/malinacosmetics.com\/product\/anua-rice-70-glow-milky-toner\/#breadcrumb","itemListElement":[{"@type":"ListItem","position":1,"name":"\u0413\u043b\u0430\u0432\u043d\u0430\u044f \u0441\u0442\u0440\u0430\u043d\u0438\u0446\u0430","item":"https:\/\/malinacosmetics.com\/"},{"@type":"ListItem","position":2,"name":"\u041a\u0430\u0442\u0430\u043b\u043e\u0433","item":"https:\/\/malinacosmetics.com\/sr\/shop\/"},{"@type":"ListItem","position":3,"name":"Anua Rice 70 Glow Milky Toner"}]},{"@type":"WebSite","@id":"https:\/\/malinacosmetics.com\/#website","url":"https:\/\/malinacosmetics.com\/","name":"Malina Beauty Store","description":"Prodaja korejske kozmetike za Crnu Goru","publisher":{"@id":"https:\/\/malinacosmetics.com\/#organization"},"potentialAction":[{"@type":"SearchAction","target":{"@type":"EntryPoint","urlTemplate":"https:\/\/malinacosmetics.com\/?s={search_term_string}"},"query-input":"required name=search_term_string"}],"inLanguage":"sr-RS"},{"@type":"Organization","@id":"https:\/\/malinacosmetics.com\/#organization","name":"malinacosmetics","url":"https:\/\/malinacosmetics.com\/","logo":{"@type":"ImageObject","inLanguage":"sr-RS","@id":"https:\/\/malinacosmetics.com\/#\/schema\/logo\/image\/","url":"https:\/\/malinacosmetics.com\/wp-content\/uploads\/2021\/07\/logo.png","contentUrl":"https:\/\/malinacosmetics.com\/wp-content\/uploads\/2021\/07\/logo.png","width":500,"height":353,"caption":"malinacosmetics"},"image":{"@id":"https:\/\/malinacosmetics.com\/#\/schema\/logo\/image\/"},"sameAs":["https:\/\/www.facebook.com\/MalinaBeautyShopMe\/"]}]},"product_brand":"simple","product_price_amount":"30.00","product_price_currency":"EUR","og_availability":"out of stock","product_availability":"out of stock","product_condition":"new"},"jetpack_sharing_enabled":true,"_links":{"self":[{"href":"https:\/\/malinacosmetics.com\/sr\/wp-json\/wp\/v2\/product\/7770","targetHints":{"allow":["GET"]}}],"collection":[{"href":"https:\/\/malinacosmetics.com\/sr\/wp-json\/wp\/v2\/product"}],"about":[{"href":"https:\/\/malinacosmetics.com\/sr\/wp-json\/wp\/v2\/types\/product"}],"wp:featuredmedia":[{"embeddable":true,"href":"https:\/\/malinacosmetics.com\/sr\/wp-json\/wp\/v2\/media\/7772"}],"wp:attachment":[{"href":"https:\/\/malinacosmetics.com\/sr\/wp-json\/wp\/v2\/media?parent=7770"}],"wp:term":[{"taxonomy":"product_brand","embeddable":true,"href":"https:\/\/malinacosmetics.com\/sr\/wp-json\/wp\/v2\/product_brand?post=7770"},{"taxonomy":"product_cat","embeddable":true,"href":"https:\/\/malinacosmetics.com\/sr\/wp-json\/wp\/v2\/product_cat?post=7770"},{"taxonomy":"product_tag","embeddable":true,"href":"https:\/\/malinacosmetics.com\/sr\/wp-json\/wp\/v2\/product_tag?post=7770"}],"curies":[{"name":"wp","href":"https:\/\/api.w.org\/{rel}","templated":true}]}}