{"id":7662,"date":"2025-08-20T19:33:43","date_gmt":"2025-08-20T17:33:43","guid":{"rendered":"https:\/\/malinacosmetics.com\/?post_type=product&#038;p=7662"},"modified":"2025-08-25T15:53:13","modified_gmt":"2025-08-25T13:53:13","slug":"medicube-zero-pore-blackhead-mud-mask","status":"publish","type":"product","link":"https:\/\/malinacosmetics.com\/sr\/\u043f\u0440\u043e\u0438\u0437\u0432\u043e\u0434\/medicube-zero-pore-blackhead-mud-mask\/","title":{"rendered":"Medicube Zero Pore Blackhead Mud Mask"},"content":{"rendered":"","protected":false},"excerpt":{"rendered":"<p>Blaga i efikasna mineralna maska od gline sa AHA, BHA i PHA kiselinama koja uklanja sebum, mitesere i ne\u010disto\u0107e, dok umiruje i hidrira ko\u017eu. 100g<\/p>","protected":false},"featured_media":7664,"template":"","meta":{"_acf_changed":false},"product_brand":[],"product_cat":[648,639,650,532,575,455,457,458,460,461,462,436,437,440,442,353,452,453,254],"product_tag":[],"class_list":{"0":"post-7662","1":"product","2":"type-product","3":"status-publish","4":"has-post-thumbnail","6":"product_cat-medicube","7":"product_cat-regulirovanie-sebuma","8":"product_cat-siyanie","9":"product_cat-purpose","10":"product_cat-vyravnivanie-tona","11":"product_cat-specialcare","12":"product_cat-acne","13":"product_cat-pigmentation","14":"product_cat-blackheads","15":"product_cat-pore","16":"product_cat-dryness","17":"product_cat-skintype","18":"product_cat-alltypesofskin","19":"product_cat-combinationskin","20":"product_cat-problematicskin","21":"product_cat-masks","22":"product_cat-purifyingmask","23":"product_cat-rinse-off-mask","24":"product_cat-brands","26":"first","27":"instock","28":"shipping-taxable","29":"purchasable","30":"product-type-simple"},"acf":[],"yoast_head":"<!-- This site is optimized with the Yoast SEO Premium plugin v19.6 (Yoast SEO v20.11) - https:\/\/yoast.com\/wordpress\/plugins\/seo\/ -->\n<title>Medicube Zero Pore Blackhead Mud Mask - Malina Beauty Store<\/title>\n<meta name=\"robots\" content=\"index, follow, max-snippet:-1, max-image-preview:large, max-video-preview:-1\" \/>\n<link rel=\"canonical\" href=\"https:\/\/malinacosmetics.com\/sr\/\u043f\u0440\u043e\u0438\u0437\u0432\u043e\u0434\/medicube-zero-pore-blackhead-mud-mask\/\" \/>\n<meta property=\"og:locale\" content=\"sr_RS\" \/>\n<meta property=\"og:type\" content=\"article\" \/>\n<meta property=\"og:title\" content=\"Medicube Zero Pore Blackhead Mud Mask\" \/>\n<meta property=\"og:description\" content=\"\u041c\u044f\u0433\u043a\u0430\u044f, \u043d\u043e \u044d\u0444\u0444\u0435\u043a\u0442\u0438\u0432\u043d\u0430\u044f \u0433\u0440\u044f\u0437\u0435\u0432\u0430\u044f \u043c\u0430\u0441\u043a\u0430 \u0441 AHA, BHA \u0438 PHA \u043a\u0438\u0441\u043b\u043e\u0442\u0430\u043c\u0438, \u043a\u043e\u0442\u043e\u0440\u0430\u044f \u0443\u0434\u0430\u043b\u044f\u0435\u0442 \u0441\u0435\u0431\u0443\u043c, \u0447\u0435\u0440\u043d\u044b\u0435 \u0442\u043e\u0447\u043a\u0438 \u0438 \u0437\u0430\u0433\u0440\u044f\u0437\u043d\u0435\u043d\u0438\u044f, \u0443\u0441\u043f\u043e\u043a\u0430\u0438\u0432\u0430\u044f \u0438 \u0443\u0432\u043b\u0430\u0436\u043d\u044f\u044f \u043a\u043e\u0436\u0443. 100g\" \/>\n<meta property=\"og:url\" content=\"https:\/\/malinacosmetics.com\/sr\/\u043f\u0440\u043e\u0438\u0437\u0432\u043e\u0434\/medicube-zero-pore-blackhead-mud-mask\/\" \/>\n<meta property=\"og:site_name\" content=\"Malina Beauty Store\" \/>\n<meta property=\"article:publisher\" content=\"https:\/\/www.facebook.com\/MalinaBeautyShopMe\/\" \/>\n<meta property=\"article:modified_time\" content=\"2025-08-25T13:53:13+00:00\" \/>\n<meta property=\"og:image\" content=\"https:\/\/malinacosmetics.com\/wp-content\/uploads\/2025\/08\/malina-products1-27.jpg\" \/>\n\t<meta property=\"og:image:width\" content=\"1000\" \/>\n\t<meta property=\"og:image:height\" content=\"1000\" \/>\n\t<meta property=\"og:image:type\" content=\"image\/jpeg\" \/>\n<meta name=\"twitter:card\" content=\"summary_large_image\" \/>\n<script type=\"application\/ld+json\" class=\"yoast-schema-graph\">{\"@context\":\"https:\/\/schema.org\",\"@graph\":[{\"@type\":[\"WebPage\",\"ItemPage\"],\"@id\":\"https:\/\/malinacosmetics.com\/product\/medicube-zero-pore-blackhead-mud-mask\/\",\"url\":\"https:\/\/malinacosmetics.com\/product\/medicube-zero-pore-blackhead-mud-mask\/\",\"name\":\"Medicube Zero Pore Blackhead Mud Mask - Malina Beauty Store\",\"isPartOf\":{\"@id\":\"https:\/\/malinacosmetics.com\/#website\"},\"datePublished\":\"2025-08-20T17:33:43+00:00\",\"dateModified\":\"2025-08-25T13:53:13+00:00\",\"breadcrumb\":{\"@id\":\"https:\/\/malinacosmetics.com\/product\/medicube-zero-pore-blackhead-mud-mask\/#breadcrumb\"},\"inLanguage\":\"sr-RS\",\"potentialAction\":[{\"@type\":\"ReadAction\",\"target\":[\"https:\/\/malinacosmetics.com\/product\/medicube-zero-pore-blackhead-mud-mask\/\"]}]},{\"@type\":\"BreadcrumbList\",\"@id\":\"https:\/\/malinacosmetics.com\/product\/medicube-zero-pore-blackhead-mud-mask\/#breadcrumb\",\"itemListElement\":[{\"@type\":\"ListItem\",\"position\":1,\"name\":\"\u0413\u043b\u0430\u0432\u043d\u0430\u044f \u0441\u0442\u0440\u0430\u043d\u0438\u0446\u0430\",\"item\":\"https:\/\/malinacosmetics.com\/\"},{\"@type\":\"ListItem\",\"position\":2,\"name\":\"\u041a\u0430\u0442\u0430\u043b\u043e\u0433\",\"item\":\"https:\/\/malinacosmetics.com\/sr\/shop\/\"},{\"@type\":\"ListItem\",\"position\":3,\"name\":\"Medicube Zero Pore Blackhead Mud Mask\"}]},{\"@type\":\"WebSite\",\"@id\":\"https:\/\/malinacosmetics.com\/#website\",\"url\":\"https:\/\/malinacosmetics.com\/\",\"name\":\"Malina Beauty Store\",\"description\":\"Prodaja korejske kozmetike za Crnu Goru\",\"publisher\":{\"@id\":\"https:\/\/malinacosmetics.com\/#organization\"},\"potentialAction\":[{\"@type\":\"SearchAction\",\"target\":{\"@type\":\"EntryPoint\",\"urlTemplate\":\"https:\/\/malinacosmetics.com\/?s={search_term_string}\"},\"query-input\":\"required name=search_term_string\"}],\"inLanguage\":\"sr-RS\"},{\"@type\":\"Organization\",\"@id\":\"https:\/\/malinacosmetics.com\/#organization\",\"name\":\"malinacosmetics\",\"url\":\"https:\/\/malinacosmetics.com\/\",\"logo\":{\"@type\":\"ImageObject\",\"inLanguage\":\"sr-RS\",\"@id\":\"https:\/\/malinacosmetics.com\/#\/schema\/logo\/image\/\",\"url\":\"https:\/\/malinacosmetics.com\/wp-content\/uploads\/2021\/07\/logo.png\",\"contentUrl\":\"https:\/\/malinacosmetics.com\/wp-content\/uploads\/2021\/07\/logo.png\",\"width\":500,\"height\":353,\"caption\":\"malinacosmetics\"},\"image\":{\"@id\":\"https:\/\/malinacosmetics.com\/#\/schema\/logo\/image\/\"},\"sameAs\":[\"https:\/\/www.facebook.com\/MalinaBeautyShopMe\/\"]}]}<\/script>\n<meta property=\"product:brand\" content=\"simple\" \/>\n<meta property=\"product:price:amount\" content=\"27.00\" \/>\n<meta property=\"product:price:currency\" content=\"EUR\" \/>\n<meta property=\"og:availability\" content=\"instock\" \/>\n<meta property=\"product:availability\" content=\"instock\" \/>\n<meta property=\"product:condition\" content=\"new\" \/>\n<!-- \/ Yoast SEO Premium plugin. -->","yoast_head_json":{"title":"Medicube Zero Pore Blackhead Mud Mask - Malina Beauty Store","robots":{"index":"index","follow":"follow","max-snippet":"max-snippet:-1","max-image-preview":"max-image-preview:large","max-video-preview":"max-video-preview:-1"},"canonical":"https:\/\/malinacosmetics.com\/sr\/\u043f\u0440\u043e\u0438\u0437\u0432\u043e\u0434\/medicube-zero-pore-blackhead-mud-mask\/","og_locale":"sr_RS","og_type":"article","og_title":"Medicube Zero Pore Blackhead Mud Mask","og_description":"\u041c\u044f\u0433\u043a\u0430\u044f, \u043d\u043e \u044d\u0444\u0444\u0435\u043a\u0442\u0438\u0432\u043d\u0430\u044f \u0433\u0440\u044f\u0437\u0435\u0432\u0430\u044f \u043c\u0430\u0441\u043a\u0430 \u0441 AHA, BHA \u0438 PHA \u043a\u0438\u0441\u043b\u043e\u0442\u0430\u043c\u0438, \u043a\u043e\u0442\u043e\u0440\u0430\u044f \u0443\u0434\u0430\u043b\u044f\u0435\u0442 \u0441\u0435\u0431\u0443\u043c, \u0447\u0435\u0440\u043d\u044b\u0435 \u0442\u043e\u0447\u043a\u0438 \u0438 \u0437\u0430\u0433\u0440\u044f\u0437\u043d\u0435\u043d\u0438\u044f, \u0443\u0441\u043f\u043e\u043a\u0430\u0438\u0432\u0430\u044f \u0438 \u0443\u0432\u043b\u0430\u0436\u043d\u044f\u044f \u043a\u043e\u0436\u0443. 100g","og_url":"https:\/\/malinacosmetics.com\/sr\/\u043f\u0440\u043e\u0438\u0437\u0432\u043e\u0434\/medicube-zero-pore-blackhead-mud-mask\/","og_site_name":"Malina Beauty Store","article_publisher":"https:\/\/www.facebook.com\/MalinaBeautyShopMe\/","article_modified_time":"2025-08-25T13:53:13+00:00","og_image":[{"width":1000,"height":1000,"url":"https:\/\/malinacosmetics.com\/wp-content\/uploads\/2025\/08\/malina-products1-27.jpg","type":"image\/jpeg"}],"twitter_card":"summary_large_image","schema":{"@context":"https:\/\/schema.org","@graph":[{"@type":["WebPage","ItemPage"],"@id":"https:\/\/malinacosmetics.com\/product\/medicube-zero-pore-blackhead-mud-mask\/","url":"https:\/\/malinacosmetics.com\/product\/medicube-zero-pore-blackhead-mud-mask\/","name":"Medicube Zero Pore Blackhead Mud Mask - Malina Beauty Store","isPartOf":{"@id":"https:\/\/malinacosmetics.com\/#website"},"datePublished":"2025-08-20T17:33:43+00:00","dateModified":"2025-08-25T13:53:13+00:00","breadcrumb":{"@id":"https:\/\/malinacosmetics.com\/product\/medicube-zero-pore-blackhead-mud-mask\/#breadcrumb"},"inLanguage":"sr-RS","potentialAction":[{"@type":"ReadAction","target":["https:\/\/malinacosmetics.com\/product\/medicube-zero-pore-blackhead-mud-mask\/"]}]},{"@type":"BreadcrumbList","@id":"https:\/\/malinacosmetics.com\/product\/medicube-zero-pore-blackhead-mud-mask\/#breadcrumb","itemListElement":[{"@type":"ListItem","position":1,"name":"\u0413\u043b\u0430\u0432\u043d\u0430\u044f \u0441\u0442\u0440\u0430\u043d\u0438\u0446\u0430","item":"https:\/\/malinacosmetics.com\/"},{"@type":"ListItem","position":2,"name":"\u041a\u0430\u0442\u0430\u043b\u043e\u0433","item":"https:\/\/malinacosmetics.com\/sr\/shop\/"},{"@type":"ListItem","position":3,"name":"Medicube Zero Pore Blackhead Mud Mask"}]},{"@type":"WebSite","@id":"https:\/\/malinacosmetics.com\/#website","url":"https:\/\/malinacosmetics.com\/","name":"Malina Beauty Store","description":"Prodaja korejske kozmetike za Crnu Goru","publisher":{"@id":"https:\/\/malinacosmetics.com\/#organization"},"potentialAction":[{"@type":"SearchAction","target":{"@type":"EntryPoint","urlTemplate":"https:\/\/malinacosmetics.com\/?s={search_term_string}"},"query-input":"required name=search_term_string"}],"inLanguage":"sr-RS"},{"@type":"Organization","@id":"https:\/\/malinacosmetics.com\/#organization","name":"malinacosmetics","url":"https:\/\/malinacosmetics.com\/","logo":{"@type":"ImageObject","inLanguage":"sr-RS","@id":"https:\/\/malinacosmetics.com\/#\/schema\/logo\/image\/","url":"https:\/\/malinacosmetics.com\/wp-content\/uploads\/2021\/07\/logo.png","contentUrl":"https:\/\/malinacosmetics.com\/wp-content\/uploads\/2021\/07\/logo.png","width":500,"height":353,"caption":"malinacosmetics"},"image":{"@id":"https:\/\/malinacosmetics.com\/#\/schema\/logo\/image\/"},"sameAs":["https:\/\/www.facebook.com\/MalinaBeautyShopMe\/"]}]},"product_brand":"simple","product_price_amount":"27.00","product_price_currency":"EUR","og_availability":"instock","product_availability":"instock","product_condition":"new"},"jetpack_sharing_enabled":true,"_links":{"self":[{"href":"https:\/\/malinacosmetics.com\/sr\/wp-json\/wp\/v2\/product\/7662","targetHints":{"allow":["GET"]}}],"collection":[{"href":"https:\/\/malinacosmetics.com\/sr\/wp-json\/wp\/v2\/product"}],"about":[{"href":"https:\/\/malinacosmetics.com\/sr\/wp-json\/wp\/v2\/types\/product"}],"wp:featuredmedia":[{"embeddable":true,"href":"https:\/\/malinacosmetics.com\/sr\/wp-json\/wp\/v2\/media\/7664"}],"wp:attachment":[{"href":"https:\/\/malinacosmetics.com\/sr\/wp-json\/wp\/v2\/media?parent=7662"}],"wp:term":[{"taxonomy":"product_brand","embeddable":true,"href":"https:\/\/malinacosmetics.com\/sr\/wp-json\/wp\/v2\/product_brand?post=7662"},{"taxonomy":"product_cat","embeddable":true,"href":"https:\/\/malinacosmetics.com\/sr\/wp-json\/wp\/v2\/product_cat?post=7662"},{"taxonomy":"product_tag","embeddable":true,"href":"https:\/\/malinacosmetics.com\/sr\/wp-json\/wp\/v2\/product_tag?post=7662"}],"curies":[{"name":"wp","href":"https:\/\/api.w.org\/{rel}","templated":true}]}}