{"id":7573,"date":"2025-08-14T17:42:11","date_gmt":"2025-08-14T15:42:11","guid":{"rendered":"https:\/\/malinacosmetics.com\/?post_type=product&#038;p=7573"},"modified":"2025-12-26T21:15:40","modified_gmt":"2025-12-26T20:15:40","slug":"medicube-kojic-acid-turmeric-night-wrapping-mask","status":"publish","type":"product","link":"https:\/\/malinacosmetics.com\/sr\/\u043f\u0440\u043e\u0438\u0437\u0432\u043e\u0434\/medicube-kojic-acid-turmeric-night-wrapping-mask\/","title":{"rendered":"Medicube Kojic Acid Turmeric Night Wrapping Mask"},"content":{"rendered":"","protected":false},"excerpt":{"rendered":"<p>No\u0107na maska sa kojinskom kiselinom, kurkumom, retinolom i kolagenom za posvetljivanje, hidrataciju i podmla\u0111ivanje ko\u017ee. (75ml)<\/p>","protected":false},"featured_media":7575,"template":"","meta":{"_acf_changed":false},"product_brand":[],"product_cat":[648,650,532,575,400,458,461,462,224,349,263,86,437,439,440,442,353,499,365,254],"product_tag":[],"class_list":{"0":"post-7573","1":"product","2":"type-product","3":"status-publish","4":"has-post-thumbnail","6":"product_cat-medicube","7":"product_cat-siyanie","8":"product_cat-purpose","9":"product_cat-vyravnivanie-tona","10":"product_cat-lifting","11":"product_cat-pigmentation","12":"product_cat-pore","13":"product_cat-dryness","14":"product_cat-antiage","15":"product_cat-brightening","16":"product_cat-revitalizing","17":"product_cat-moisturizing","18":"product_cat-alltypesofskin","19":"product_cat-matureskin","20":"product_cat-combinationskin","21":"product_cat-problematicskin","22":"product_cat-masks","23":"product_cat-filmmask","24":"product_cat-bestsellers","25":"product_cat-brands","27":"first","28":"outofstock","29":"shipping-taxable","30":"purchasable","31":"product-type-simple"},"acf":[],"yoast_head":"<!-- This site is optimized with the Yoast SEO Premium plugin v19.6 (Yoast SEO v20.11) - https:\/\/yoast.com\/wordpress\/plugins\/seo\/ -->\n<title>Medicube Kojic Acid Turmeric Night Wrapping Mask - Malina Beauty Store<\/title>\n<meta name=\"robots\" content=\"index, follow, max-snippet:-1, max-image-preview:large, max-video-preview:-1\" \/>\n<link rel=\"canonical\" href=\"https:\/\/malinacosmetics.com\/sr\/\u043f\u0440\u043e\u0438\u0437\u0432\u043e\u0434\/medicube-kojic-acid-turmeric-night-wrapping-mask\/\" \/>\n<meta property=\"og:locale\" content=\"sr_RS\" \/>\n<meta property=\"og:type\" content=\"article\" \/>\n<meta property=\"og:title\" content=\"Medicube Kojic Acid Turmeric Night Wrapping Mask\" \/>\n<meta property=\"og:description\" content=\"\u041d\u043e\u0447\u043d\u0430\u044f \u043c\u0430\u0441\u043a\u0430 \u0441 \u043a\u043e\u0439\u0435\u0432\u043e\u0439 \u043a\u0438\u0441\u043b\u043e\u0442\u043e\u0439, \u043a\u0443\u0440\u043a\u0443\u043c\u043e\u0439, \u0440\u0435\u0442\u0438\u043d\u043e\u043b\u043e\u043c \u0438 \u043a\u043e\u043b\u043b\u0430\u0433\u0435\u043d\u043e\u043c \u0434\u043b\u044f \u043e\u0441\u0432\u0435\u0442\u043b\u0435\u043d\u0438\u044f, \u0443\u0432\u043b\u0430\u0436\u043d\u0435\u043d\u0438\u044f \u0438 \u043e\u043c\u043e\u043b\u043e\u0436\u0435\u043d\u0438\u044f \u043a\u043e\u0436\u0438. (75ml)\" \/>\n<meta property=\"og:url\" content=\"https:\/\/malinacosmetics.com\/sr\/\u043f\u0440\u043e\u0438\u0437\u0432\u043e\u0434\/medicube-kojic-acid-turmeric-night-wrapping-mask\/\" \/>\n<meta property=\"og:site_name\" content=\"Malina Beauty Store\" \/>\n<meta property=\"article:publisher\" content=\"https:\/\/www.facebook.com\/MalinaBeautyShopMe\/\" \/>\n<meta property=\"article:modified_time\" content=\"2025-12-26T20:15:40+00:00\" \/>\n<meta property=\"og:image\" content=\"https:\/\/malinacosmetics.com\/wp-content\/uploads\/2025\/08\/malina-products1-13.jpg\" \/>\n\t<meta property=\"og:image:width\" content=\"1000\" \/>\n\t<meta property=\"og:image:height\" content=\"1000\" \/>\n\t<meta property=\"og:image:type\" content=\"image\/jpeg\" \/>\n<meta name=\"twitter:card\" content=\"summary_large_image\" \/>\n<script type=\"application\/ld+json\" class=\"yoast-schema-graph\">{\"@context\":\"https:\/\/schema.org\",\"@graph\":[{\"@type\":[\"WebPage\",\"ItemPage\"],\"@id\":\"https:\/\/malinacosmetics.com\/product\/medicube-kojic-acid-turmeric-night-wrapping-mask\/\",\"url\":\"https:\/\/malinacosmetics.com\/product\/medicube-kojic-acid-turmeric-night-wrapping-mask\/\",\"name\":\"Medicube Kojic Acid Turmeric Night Wrapping Mask - Malina Beauty Store\",\"isPartOf\":{\"@id\":\"https:\/\/malinacosmetics.com\/#website\"},\"datePublished\":\"2025-08-14T15:42:11+00:00\",\"dateModified\":\"2025-12-26T20:15:40+00:00\",\"breadcrumb\":{\"@id\":\"https:\/\/malinacosmetics.com\/product\/medicube-kojic-acid-turmeric-night-wrapping-mask\/#breadcrumb\"},\"inLanguage\":\"sr-RS\",\"potentialAction\":[{\"@type\":\"ReadAction\",\"target\":[\"https:\/\/malinacosmetics.com\/product\/medicube-kojic-acid-turmeric-night-wrapping-mask\/\"]}]},{\"@type\":\"BreadcrumbList\",\"@id\":\"https:\/\/malinacosmetics.com\/product\/medicube-kojic-acid-turmeric-night-wrapping-mask\/#breadcrumb\",\"itemListElement\":[{\"@type\":\"ListItem\",\"position\":1,\"name\":\"\u0413\u043b\u0430\u0432\u043d\u0430\u044f \u0441\u0442\u0440\u0430\u043d\u0438\u0446\u0430\",\"item\":\"https:\/\/malinacosmetics.com\/\"},{\"@type\":\"ListItem\",\"position\":2,\"name\":\"\u041a\u0430\u0442\u0430\u043b\u043e\u0433\",\"item\":\"https:\/\/malinacosmetics.com\/sr\/shop\/\"},{\"@type\":\"ListItem\",\"position\":3,\"name\":\"Medicube Kojic Acid Turmeric Night Wrapping Mask\"}]},{\"@type\":\"WebSite\",\"@id\":\"https:\/\/malinacosmetics.com\/#website\",\"url\":\"https:\/\/malinacosmetics.com\/\",\"name\":\"Malina Beauty Store\",\"description\":\"Prodaja korejske kozmetike za Crnu Goru\",\"publisher\":{\"@id\":\"https:\/\/malinacosmetics.com\/#organization\"},\"potentialAction\":[{\"@type\":\"SearchAction\",\"target\":{\"@type\":\"EntryPoint\",\"urlTemplate\":\"https:\/\/malinacosmetics.com\/?s={search_term_string}\"},\"query-input\":\"required name=search_term_string\"}],\"inLanguage\":\"sr-RS\"},{\"@type\":\"Organization\",\"@id\":\"https:\/\/malinacosmetics.com\/#organization\",\"name\":\"malinacosmetics\",\"url\":\"https:\/\/malinacosmetics.com\/\",\"logo\":{\"@type\":\"ImageObject\",\"inLanguage\":\"sr-RS\",\"@id\":\"https:\/\/malinacosmetics.com\/#\/schema\/logo\/image\/\",\"url\":\"https:\/\/malinacosmetics.com\/wp-content\/uploads\/2021\/07\/logo.png\",\"contentUrl\":\"https:\/\/malinacosmetics.com\/wp-content\/uploads\/2021\/07\/logo.png\",\"width\":500,\"height\":353,\"caption\":\"malinacosmetics\"},\"image\":{\"@id\":\"https:\/\/malinacosmetics.com\/#\/schema\/logo\/image\/\"},\"sameAs\":[\"https:\/\/www.facebook.com\/MalinaBeautyShopMe\/\"]}]}<\/script>\n<meta property=\"product:brand\" content=\"simple\" \/>\n<meta property=\"product:price:amount\" content=\"35.00\" \/>\n<meta property=\"product:price:currency\" content=\"EUR\" \/>\n<meta property=\"og:availability\" content=\"out of stock\" \/>\n<meta property=\"product:availability\" content=\"out of stock\" \/>\n<meta property=\"product:condition\" content=\"new\" \/>\n<!-- \/ Yoast SEO Premium plugin. -->","yoast_head_json":{"title":"Medicube Kojic Acid Turmeric Night Wrapping Mask - Malina Beauty Store","robots":{"index":"index","follow":"follow","max-snippet":"max-snippet:-1","max-image-preview":"max-image-preview:large","max-video-preview":"max-video-preview:-1"},"canonical":"https:\/\/malinacosmetics.com\/sr\/\u043f\u0440\u043e\u0438\u0437\u0432\u043e\u0434\/medicube-kojic-acid-turmeric-night-wrapping-mask\/","og_locale":"sr_RS","og_type":"article","og_title":"Medicube Kojic Acid Turmeric Night Wrapping Mask","og_description":"\u041d\u043e\u0447\u043d\u0430\u044f \u043c\u0430\u0441\u043a\u0430 \u0441 \u043a\u043e\u0439\u0435\u0432\u043e\u0439 \u043a\u0438\u0441\u043b\u043e\u0442\u043e\u0439, \u043a\u0443\u0440\u043a\u0443\u043c\u043e\u0439, \u0440\u0435\u0442\u0438\u043d\u043e\u043b\u043e\u043c \u0438 \u043a\u043e\u043b\u043b\u0430\u0433\u0435\u043d\u043e\u043c \u0434\u043b\u044f \u043e\u0441\u0432\u0435\u0442\u043b\u0435\u043d\u0438\u044f, \u0443\u0432\u043b\u0430\u0436\u043d\u0435\u043d\u0438\u044f \u0438 \u043e\u043c\u043e\u043b\u043e\u0436\u0435\u043d\u0438\u044f \u043a\u043e\u0436\u0438. (75ml)","og_url":"https:\/\/malinacosmetics.com\/sr\/\u043f\u0440\u043e\u0438\u0437\u0432\u043e\u0434\/medicube-kojic-acid-turmeric-night-wrapping-mask\/","og_site_name":"Malina Beauty Store","article_publisher":"https:\/\/www.facebook.com\/MalinaBeautyShopMe\/","article_modified_time":"2025-12-26T20:15:40+00:00","og_image":[{"width":1000,"height":1000,"url":"https:\/\/malinacosmetics.com\/wp-content\/uploads\/2025\/08\/malina-products1-13.jpg","type":"image\/jpeg"}],"twitter_card":"summary_large_image","schema":{"@context":"https:\/\/schema.org","@graph":[{"@type":["WebPage","ItemPage"],"@id":"https:\/\/malinacosmetics.com\/product\/medicube-kojic-acid-turmeric-night-wrapping-mask\/","url":"https:\/\/malinacosmetics.com\/product\/medicube-kojic-acid-turmeric-night-wrapping-mask\/","name":"Medicube Kojic Acid Turmeric Night Wrapping Mask - Malina Beauty Store","isPartOf":{"@id":"https:\/\/malinacosmetics.com\/#website"},"datePublished":"2025-08-14T15:42:11+00:00","dateModified":"2025-12-26T20:15:40+00:00","breadcrumb":{"@id":"https:\/\/malinacosmetics.com\/product\/medicube-kojic-acid-turmeric-night-wrapping-mask\/#breadcrumb"},"inLanguage":"sr-RS","potentialAction":[{"@type":"ReadAction","target":["https:\/\/malinacosmetics.com\/product\/medicube-kojic-acid-turmeric-night-wrapping-mask\/"]}]},{"@type":"BreadcrumbList","@id":"https:\/\/malinacosmetics.com\/product\/medicube-kojic-acid-turmeric-night-wrapping-mask\/#breadcrumb","itemListElement":[{"@type":"ListItem","position":1,"name":"\u0413\u043b\u0430\u0432\u043d\u0430\u044f \u0441\u0442\u0440\u0430\u043d\u0438\u0446\u0430","item":"https:\/\/malinacosmetics.com\/"},{"@type":"ListItem","position":2,"name":"\u041a\u0430\u0442\u0430\u043b\u043e\u0433","item":"https:\/\/malinacosmetics.com\/sr\/shop\/"},{"@type":"ListItem","position":3,"name":"Medicube Kojic Acid Turmeric Night Wrapping Mask"}]},{"@type":"WebSite","@id":"https:\/\/malinacosmetics.com\/#website","url":"https:\/\/malinacosmetics.com\/","name":"Malina Beauty Store","description":"Prodaja korejske kozmetike za Crnu Goru","publisher":{"@id":"https:\/\/malinacosmetics.com\/#organization"},"potentialAction":[{"@type":"SearchAction","target":{"@type":"EntryPoint","urlTemplate":"https:\/\/malinacosmetics.com\/?s={search_term_string}"},"query-input":"required name=search_term_string"}],"inLanguage":"sr-RS"},{"@type":"Organization","@id":"https:\/\/malinacosmetics.com\/#organization","name":"malinacosmetics","url":"https:\/\/malinacosmetics.com\/","logo":{"@type":"ImageObject","inLanguage":"sr-RS","@id":"https:\/\/malinacosmetics.com\/#\/schema\/logo\/image\/","url":"https:\/\/malinacosmetics.com\/wp-content\/uploads\/2021\/07\/logo.png","contentUrl":"https:\/\/malinacosmetics.com\/wp-content\/uploads\/2021\/07\/logo.png","width":500,"height":353,"caption":"malinacosmetics"},"image":{"@id":"https:\/\/malinacosmetics.com\/#\/schema\/logo\/image\/"},"sameAs":["https:\/\/www.facebook.com\/MalinaBeautyShopMe\/"]}]},"product_brand":"simple","product_price_amount":"35.00","product_price_currency":"EUR","og_availability":"out of stock","product_availability":"out of stock","product_condition":"new"},"jetpack_sharing_enabled":true,"_links":{"self":[{"href":"https:\/\/malinacosmetics.com\/sr\/wp-json\/wp\/v2\/product\/7573","targetHints":{"allow":["GET"]}}],"collection":[{"href":"https:\/\/malinacosmetics.com\/sr\/wp-json\/wp\/v2\/product"}],"about":[{"href":"https:\/\/malinacosmetics.com\/sr\/wp-json\/wp\/v2\/types\/product"}],"wp:featuredmedia":[{"embeddable":true,"href":"https:\/\/malinacosmetics.com\/sr\/wp-json\/wp\/v2\/media\/7575"}],"wp:attachment":[{"href":"https:\/\/malinacosmetics.com\/sr\/wp-json\/wp\/v2\/media?parent=7573"}],"wp:term":[{"taxonomy":"product_brand","embeddable":true,"href":"https:\/\/malinacosmetics.com\/sr\/wp-json\/wp\/v2\/product_brand?post=7573"},{"taxonomy":"product_cat","embeddable":true,"href":"https:\/\/malinacosmetics.com\/sr\/wp-json\/wp\/v2\/product_cat?post=7573"},{"taxonomy":"product_tag","embeddable":true,"href":"https:\/\/malinacosmetics.com\/sr\/wp-json\/wp\/v2\/product_tag?post=7573"}],"curies":[{"name":"wp","href":"https:\/\/api.w.org\/{rel}","templated":true}]}}