{"id":7455,"date":"2025-08-11T13:11:17","date_gmt":"2025-08-11T11:11:17","guid":{"rendered":"https:\/\/malinacosmetics.com\/?post_type=product&#038;p=7455"},"modified":"2025-08-28T17:57:15","modified_gmt":"2025-08-28T15:57:15","slug":"medicube-glutathione-glow-serum","status":"publish","type":"product","link":"https:\/\/malinacosmetics.com\/sr\/\u043f\u0440\u043e\u0438\u0437\u0432\u043e\u0434\/medicube-glutathione-glow-serum\/","title":{"rendered":"Medicube Glutathione Glow Serum"},"content":{"rendered":"<p class=\"translation-block\">Serum Medicube Glutathione Glow Serum obezbe\u0111uje antioksidativnu za\u0161titu, posvetljuje, ujedna\u010dava ten. Ima anti-age dejstvo, pobolj\u0161ava elasti\u010dnost i smanjuje izra\u017eenost bora. Sredstvo je oboga\u0107eno kompleksom hidratantnih sastojaka koji poma\u017eu zadr\u017eavanju vlage i \u010dine ko\u017eu glatkom. Podr\u017eavaju mikrobiom, ja\u010daju za\u0161titnu barijeru, smanjuju\u0107i rizik od suvo\u0107e i osetljivosti.<br>\nKlju\u010dna komponenta sredstva \u2014 kompleks na bazi liposomalnog glutationa (5%) \u2014 posvetljuje pigmentne mrlje i postakne, smanjuje crvenilo. Zagla\u0111uje bore, stimuli\u0161e sintezu kolagena i pove\u0107ava \u010dvrstinu. Transportuje se u dublje slojeve ko\u017ee zahvaljuju\u0107i posebnim sferama \u2014 liposomima.<br>\nGlavni aktivni sastojci:<br>\nNiacinamid (vitamin B3, 5%) usporava transport melanina do epidermisa, \u010dime spre\u010dava nastanak pigmentnih mrlja. Reguli\u0161e lu\u010denje sebuma, smanjuje masni sjaj, su\u017eava pore.<br>\nAdenozin stimuli\u0161e proizvodnju kolagena, ja\u010da ekstracelularni matriks, podr\u017eava \u010dvrstinu i elasti\u010dnost, spre\u010dava pojavu bora.<br>\n6 formi hijaluronske kiseline razli\u010dite molekulske mase: molekuli visoke mase obnavljaju za\u0161titnu barijeru na povr\u0161ini ko\u017ee, ubrzavaju zarastanje i smanjuju perutanje. Molekuli niske mase imaju visoku sposobnost prodiranja, spre\u010davaju gubitak vlage na \u0107elijskom nivou.<br>\nPantenol, skvalan, ceramidi umanjuju crvenilo, ja\u010daju hidrolipidnu barijeru, spre\u010davaju isparavanje vlage, omek\u0161avaju, hidriraju i spre\u010davaju suvo\u0107u.<br>\nPostbiotici (Bifida Ferment Lysate) smanjuju osetljivost na spoljne iritanse, usporavaju starenje \u0107elija, potiskuju upale.<br>\nLecitin ima antioksidativno dejstvo, omek\u0161ava, pove\u0107ava elasti\u010dnost. Poja\u010dava hidratantno i regenerativno dejstvo pantenola i ceramida.\nBetain daje glatko\u0107u i meko\u0107u, dugo zadr\u017eava vlagu, \u0161titi \u0107elijske membrane, ubla\u017eava iritacije.<br>\nPogodan za sve tipove ko\u017ee.<\/p>\n<p>&nbsp;<\/p>","protected":false},"excerpt":{"rendered":"<p>Serum za blistavost ko\u017ee sa glutationom i niacinamidom poma\u017ee u uklanjanju sivila, smanjuje izra\u017eenost hiperpigmentacije, posvetljuje i ujedna\u010dava ten. 30 ml<\/p>","protected":false},"featured_media":7866,"template":"","meta":{"_acf_changed":false},"product_brand":[],"product_cat":[648,533,532,575,400,456,458,462,224,548,349,263,86,437,352,365],"product_tag":[],"class_list":{"0":"post-7455","1":"product","2":"type-product","3":"status-publish","4":"has-post-thumbnail","6":"product_cat-medicube","7":"product_cat-skincare","8":"product_cat-purpose","9":"product_cat-vyravnivanie-tona","10":"product_cat-lifting","11":"product_cat-rozacea","12":"product_cat-pigmentation","13":"product_cat-dryness","14":"product_cat-antiage","15":"product_cat-skintoning","16":"product_cat-brightening","17":"product_cat-revitalizing","18":"product_cat-moisturizing","19":"product_cat-alltypesofskin","20":"product_cat-serum","21":"product_cat-bestsellers","23":"first","24":"instock","25":"shipping-taxable","26":"purchasable","27":"product-type-simple"},"acf":[],"yoast_head":"<!-- This site is optimized with the Yoast SEO Premium plugin v19.6 (Yoast SEO v20.11) - https:\/\/yoast.com\/wordpress\/plugins\/seo\/ -->\n<title>Medicube Glutathione Glow Serum - Malina Beauty Store<\/title>\n<meta name=\"robots\" content=\"index, follow, max-snippet:-1, max-image-preview:large, max-video-preview:-1\" \/>\n<link rel=\"canonical\" href=\"https:\/\/malinacosmetics.com\/sr\/\u043f\u0440\u043e\u0438\u0437\u0432\u043e\u0434\/medicube-glutathione-glow-serum\/\" \/>\n<meta property=\"og:locale\" content=\"sr_RS\" \/>\n<meta property=\"og:type\" content=\"article\" \/>\n<meta property=\"og:title\" content=\"Medicube Glutathione Glow Serum\" \/>\n<meta property=\"og:description\" content=\"\u0421\u044b\u0432\u043e\u0440\u043e\u0442\u043a\u0430 \u0434\u043b\u044f \u0441\u0438\u044f\u043d\u0438\u044f \u043a\u043e\u0436\u0438 \u0441 \u0433\u043b\u0443\u0442\u0430\u0442\u0438\u043e\u043d\u043e\u043c \u0438 \u043d\u0438\u0430\u0446\u0438\u043d\u0430\u043c\u0438\u0434\u043e\u043c \u043f\u043e\u043c\u043e\u0433\u0430\u0435\u0442 \u0443\u0441\u0442\u0440\u0430\u043d\u0438\u0442\u044c \u0442\u0443\u0441\u043a\u043b\u043e\u0441\u0442\u044c, \u0443\u043c\u0435\u043d\u044c\u0448\u0438\u0442\u044c \u0432\u044b\u0440\u0430\u0436\u0435\u043d\u043d\u043e\u0441\u0442\u044c \u0433\u0438\u043f\u0435\u0440\u043f\u0438\u0433\u043c\u0435\u043d\u0442\u0430\u0446\u0438\u0438, \u043e\u0441\u0432\u0435\u0442\u043b\u044f\u0435\u0442 \u0438 \u0432\u044b\u0440\u0430\u0432\u043d\u0438\u0432\u0430\u0435\u0442 \u0442\u043e\u043d. 30ml\" \/>\n<meta property=\"og:url\" content=\"https:\/\/malinacosmetics.com\/sr\/\u043f\u0440\u043e\u0438\u0437\u0432\u043e\u0434\/medicube-glutathione-glow-serum\/\" \/>\n<meta property=\"og:site_name\" content=\"Malina Beauty Store\" \/>\n<meta property=\"article:publisher\" content=\"https:\/\/www.facebook.com\/MalinaBeautyShopMe\/\" \/>\n<meta property=\"article:modified_time\" content=\"2025-08-28T15:57:15+00:00\" \/>\n<meta property=\"og:image\" content=\"https:\/\/malinacosmetics.com\/wp-content\/uploads\/2025\/08\/Medicube-Glutathione-Glow-Serum4.jpg\" \/>\n\t<meta property=\"og:image:width\" content=\"972\" \/>\n\t<meta property=\"og:image:height\" content=\"974\" \/>\n\t<meta property=\"og:image:type\" content=\"image\/jpeg\" \/>\n<meta name=\"twitter:card\" content=\"summary_large_image\" \/>\n<script type=\"application\/ld+json\" class=\"yoast-schema-graph\">{\"@context\":\"https:\/\/schema.org\",\"@graph\":[{\"@type\":[\"WebPage\",\"ItemPage\"],\"@id\":\"https:\/\/malinacosmetics.com\/product\/medicube-glutathione-glow-serum\/\",\"url\":\"https:\/\/malinacosmetics.com\/product\/medicube-glutathione-glow-serum\/\",\"name\":\"Medicube Glutathione Glow Serum - Malina Beauty Store\",\"isPartOf\":{\"@id\":\"https:\/\/malinacosmetics.com\/#website\"},\"datePublished\":\"2025-08-11T11:11:17+00:00\",\"dateModified\":\"2025-08-28T15:57:15+00:00\",\"breadcrumb\":{\"@id\":\"https:\/\/malinacosmetics.com\/product\/medicube-glutathione-glow-serum\/#breadcrumb\"},\"inLanguage\":\"sr-RS\",\"potentialAction\":[{\"@type\":\"ReadAction\",\"target\":[\"https:\/\/malinacosmetics.com\/product\/medicube-glutathione-glow-serum\/\"]}]},{\"@type\":\"BreadcrumbList\",\"@id\":\"https:\/\/malinacosmetics.com\/product\/medicube-glutathione-glow-serum\/#breadcrumb\",\"itemListElement\":[{\"@type\":\"ListItem\",\"position\":1,\"name\":\"\u0413\u043b\u0430\u0432\u043d\u0430\u044f \u0441\u0442\u0440\u0430\u043d\u0438\u0446\u0430\",\"item\":\"https:\/\/malinacosmetics.com\/\"},{\"@type\":\"ListItem\",\"position\":2,\"name\":\"\u041a\u0430\u0442\u0430\u043b\u043e\u0433\",\"item\":\"https:\/\/malinacosmetics.com\/sr\/shop\/\"},{\"@type\":\"ListItem\",\"position\":3,\"name\":\"Medicube Glutathione Glow Serum\"}]},{\"@type\":\"WebSite\",\"@id\":\"https:\/\/malinacosmetics.com\/#website\",\"url\":\"https:\/\/malinacosmetics.com\/\",\"name\":\"Malina Beauty Store\",\"description\":\"Prodaja korejske kozmetike za Crnu Goru\",\"publisher\":{\"@id\":\"https:\/\/malinacosmetics.com\/#organization\"},\"potentialAction\":[{\"@type\":\"SearchAction\",\"target\":{\"@type\":\"EntryPoint\",\"urlTemplate\":\"https:\/\/malinacosmetics.com\/?s={search_term_string}\"},\"query-input\":\"required name=search_term_string\"}],\"inLanguage\":\"sr-RS\"},{\"@type\":\"Organization\",\"@id\":\"https:\/\/malinacosmetics.com\/#organization\",\"name\":\"malinacosmetics\",\"url\":\"https:\/\/malinacosmetics.com\/\",\"logo\":{\"@type\":\"ImageObject\",\"inLanguage\":\"sr-RS\",\"@id\":\"https:\/\/malinacosmetics.com\/#\/schema\/logo\/image\/\",\"url\":\"https:\/\/malinacosmetics.com\/wp-content\/uploads\/2021\/07\/logo.png\",\"contentUrl\":\"https:\/\/malinacosmetics.com\/wp-content\/uploads\/2021\/07\/logo.png\",\"width\":500,\"height\":353,\"caption\":\"malinacosmetics\"},\"image\":{\"@id\":\"https:\/\/malinacosmetics.com\/#\/schema\/logo\/image\/\"},\"sameAs\":[\"https:\/\/www.facebook.com\/MalinaBeautyShopMe\/\"]}]}<\/script>\n<meta property=\"product:brand\" content=\"simple\" \/>\n<meta property=\"product:price:amount\" content=\"27.00\" \/>\n<meta property=\"product:price:currency\" content=\"EUR\" \/>\n<meta property=\"og:availability\" content=\"instock\" \/>\n<meta property=\"product:availability\" content=\"instock\" \/>\n<meta property=\"product:condition\" content=\"new\" \/>\n<!-- \/ Yoast SEO Premium plugin. -->","yoast_head_json":{"title":"Medicube Glutathione Glow Serum - Malina Beauty Store","robots":{"index":"index","follow":"follow","max-snippet":"max-snippet:-1","max-image-preview":"max-image-preview:large","max-video-preview":"max-video-preview:-1"},"canonical":"https:\/\/malinacosmetics.com\/sr\/\u043f\u0440\u043e\u0438\u0437\u0432\u043e\u0434\/medicube-glutathione-glow-serum\/","og_locale":"sr_RS","og_type":"article","og_title":"Medicube Glutathione Glow Serum","og_description":"\u0421\u044b\u0432\u043e\u0440\u043e\u0442\u043a\u0430 \u0434\u043b\u044f \u0441\u0438\u044f\u043d\u0438\u044f \u043a\u043e\u0436\u0438 \u0441 \u0433\u043b\u0443\u0442\u0430\u0442\u0438\u043e\u043d\u043e\u043c \u0438 \u043d\u0438\u0430\u0446\u0438\u043d\u0430\u043c\u0438\u0434\u043e\u043c \u043f\u043e\u043c\u043e\u0433\u0430\u0435\u0442 \u0443\u0441\u0442\u0440\u0430\u043d\u0438\u0442\u044c \u0442\u0443\u0441\u043a\u043b\u043e\u0441\u0442\u044c, \u0443\u043c\u0435\u043d\u044c\u0448\u0438\u0442\u044c \u0432\u044b\u0440\u0430\u0436\u0435\u043d\u043d\u043e\u0441\u0442\u044c \u0433\u0438\u043f\u0435\u0440\u043f\u0438\u0433\u043c\u0435\u043d\u0442\u0430\u0446\u0438\u0438, \u043e\u0441\u0432\u0435\u0442\u043b\u044f\u0435\u0442 \u0438 \u0432\u044b\u0440\u0430\u0432\u043d\u0438\u0432\u0430\u0435\u0442 \u0442\u043e\u043d. 30ml","og_url":"https:\/\/malinacosmetics.com\/sr\/\u043f\u0440\u043e\u0438\u0437\u0432\u043e\u0434\/medicube-glutathione-glow-serum\/","og_site_name":"Malina Beauty Store","article_publisher":"https:\/\/www.facebook.com\/MalinaBeautyShopMe\/","article_modified_time":"2025-08-28T15:57:15+00:00","og_image":[{"width":972,"height":974,"url":"https:\/\/malinacosmetics.com\/wp-content\/uploads\/2025\/08\/Medicube-Glutathione-Glow-Serum4.jpg","type":"image\/jpeg"}],"twitter_card":"summary_large_image","schema":{"@context":"https:\/\/schema.org","@graph":[{"@type":["WebPage","ItemPage"],"@id":"https:\/\/malinacosmetics.com\/product\/medicube-glutathione-glow-serum\/","url":"https:\/\/malinacosmetics.com\/product\/medicube-glutathione-glow-serum\/","name":"Medicube Glutathione Glow Serum - Malina Beauty Store","isPartOf":{"@id":"https:\/\/malinacosmetics.com\/#website"},"datePublished":"2025-08-11T11:11:17+00:00","dateModified":"2025-08-28T15:57:15+00:00","breadcrumb":{"@id":"https:\/\/malinacosmetics.com\/product\/medicube-glutathione-glow-serum\/#breadcrumb"},"inLanguage":"sr-RS","potentialAction":[{"@type":"ReadAction","target":["https:\/\/malinacosmetics.com\/product\/medicube-glutathione-glow-serum\/"]}]},{"@type":"BreadcrumbList","@id":"https:\/\/malinacosmetics.com\/product\/medicube-glutathione-glow-serum\/#breadcrumb","itemListElement":[{"@type":"ListItem","position":1,"name":"\u0413\u043b\u0430\u0432\u043d\u0430\u044f \u0441\u0442\u0440\u0430\u043d\u0438\u0446\u0430","item":"https:\/\/malinacosmetics.com\/"},{"@type":"ListItem","position":2,"name":"\u041a\u0430\u0442\u0430\u043b\u043e\u0433","item":"https:\/\/malinacosmetics.com\/sr\/shop\/"},{"@type":"ListItem","position":3,"name":"Medicube Glutathione Glow Serum"}]},{"@type":"WebSite","@id":"https:\/\/malinacosmetics.com\/#website","url":"https:\/\/malinacosmetics.com\/","name":"Malina Beauty Store","description":"Prodaja korejske kozmetike za Crnu Goru","publisher":{"@id":"https:\/\/malinacosmetics.com\/#organization"},"potentialAction":[{"@type":"SearchAction","target":{"@type":"EntryPoint","urlTemplate":"https:\/\/malinacosmetics.com\/?s={search_term_string}"},"query-input":"required name=search_term_string"}],"inLanguage":"sr-RS"},{"@type":"Organization","@id":"https:\/\/malinacosmetics.com\/#organization","name":"malinacosmetics","url":"https:\/\/malinacosmetics.com\/","logo":{"@type":"ImageObject","inLanguage":"sr-RS","@id":"https:\/\/malinacosmetics.com\/#\/schema\/logo\/image\/","url":"https:\/\/malinacosmetics.com\/wp-content\/uploads\/2021\/07\/logo.png","contentUrl":"https:\/\/malinacosmetics.com\/wp-content\/uploads\/2021\/07\/logo.png","width":500,"height":353,"caption":"malinacosmetics"},"image":{"@id":"https:\/\/malinacosmetics.com\/#\/schema\/logo\/image\/"},"sameAs":["https:\/\/www.facebook.com\/MalinaBeautyShopMe\/"]}]},"product_brand":"simple","product_price_amount":"27.00","product_price_currency":"EUR","og_availability":"instock","product_availability":"instock","product_condition":"new"},"jetpack_sharing_enabled":true,"_links":{"self":[{"href":"https:\/\/malinacosmetics.com\/sr\/wp-json\/wp\/v2\/product\/7455","targetHints":{"allow":["GET"]}}],"collection":[{"href":"https:\/\/malinacosmetics.com\/sr\/wp-json\/wp\/v2\/product"}],"about":[{"href":"https:\/\/malinacosmetics.com\/sr\/wp-json\/wp\/v2\/types\/product"}],"wp:featuredmedia":[{"embeddable":true,"href":"https:\/\/malinacosmetics.com\/sr\/wp-json\/wp\/v2\/media\/7866"}],"wp:attachment":[{"href":"https:\/\/malinacosmetics.com\/sr\/wp-json\/wp\/v2\/media?parent=7455"}],"wp:term":[{"taxonomy":"product_brand","embeddable":true,"href":"https:\/\/malinacosmetics.com\/sr\/wp-json\/wp\/v2\/product_brand?post=7455"},{"taxonomy":"product_cat","embeddable":true,"href":"https:\/\/malinacosmetics.com\/sr\/wp-json\/wp\/v2\/product_cat?post=7455"},{"taxonomy":"product_tag","embeddable":true,"href":"https:\/\/malinacosmetics.com\/sr\/wp-json\/wp\/v2\/product_tag?post=7455"}],"curies":[{"name":"wp","href":"https:\/\/api.w.org\/{rel}","templated":true}]}}