{"id":7050,"date":"2025-03-19T22:26:03","date_gmt":"2025-03-19T21:26:03","guid":{"rendered":"https:\/\/malinacosmetics.com\/?post_type=product&#038;p=7002"},"modified":"2025-08-19T16:38:07","modified_gmt":"2025-08-19T14:38:07","slug":"medi-peel-vegan-vitamin-collagen-clear-120ml","status":"publish","type":"product","link":"https:\/\/malinacosmetics.com\/sr\/\u043f\u0440\u043e\u0438\u0437\u0432\u043e\u0434\/medi-peel-vegan-vitamin-collagen-clear-120ml\/","title":{"rendered":"Medi-Peel Vegan Vitamin Collagen Clear"},"content":{"rendered":"<p class=\"translation-block\">Veganska pena za \u010di\u0161\u0107enje lica sa ekstraktom limuna i 15 vrsta vitamina ne samo da \u0107e o\u010distiti va\u0161u ko\u017eu, ve\u0107 \u0107e je i obogatiti vitalno\u0161\u0107u. Usled redovne upotrebe proizvoda dolazi do su\u017eavanja i \u010di\u0161\u0107enja pora, pobolj\u0161ava ten, daje sjaj ko\u017ei, umanjuje pigmentaciju, obnavlja elasti\u010dnost i \u010dvrstinu ko\u017ee. Odli\u010dno hidrira ko\u017eu i hrani je vitaminima, dolazi do pobolj\u0161anja op\u0161teg stanja i teksture ko\u017ee, kao podsticanja procesa njenog obnavljanja.<br>\nO\u017eivite ko\u017eu vitaminskom vodom u kombinaciji sa penom za dodatnu hidraciju i osve\u017eenje. <br>Liposomalni vitamini, koji uklju\u010duju 15 razli\u010ditih vitamina, uklju\u010duju\u0107i grupe B, A, C,  E, F i H, \u010dine va\u0161u ko\u017eu svetlijom, punom energije i \u017eivota. A zahvaljuju\u0107i dodatku glutationa, pena promovi\u0161e prirodni sjaj ko\u017ee neguju\u0107i melanin. Upotreba pene poma\u017ee u re\u0161avanju problema kao \u0161to su ne\u010disto\u0107e i vi\u0161ak sebuma, pro\u0161irene pore, monotoni ton ko\u017ee, stara\u010dke pege i neujedna\u010den ten, gubitak elasti\u010dnosti ko\u017ee i njen umoran izgled, dehidracija i neujedna\u010dena tekstura ko\u017ee, nedostatak vitamina. \n<br>Arginin - ovaj va\u017ean borac za aminokiseline deluje u korist ko\u017ee, poma\u017eu\u0107i joj da se oporavi i odr\u017eavaju\u0107i nivo hidracije i elasti\u010dnosti na vrhuncu. \n<br>Vitamin C je super antioksidans koji vodi borbu protiv pigmentacije, budi ko\u017eu radi obnove i \u0161titi je od slobodnih radikala. Kolagen je poznat po svojim magi\u010dnim hidratantnim i anti-age svojstvima, pobolj\u0161ava \u010dvrstinu ko\u017ee, \u010dine\u0107i je mek\u0161om i blistavijom. \n<br>Ekstrakt lavande ima umiruju\u0107e i antibakterijsko dejstvo, poma\u017ee u podizanju sveukupnog tona ko\u017ee i odi\u0161e prijatnim mirisom. \n<br>Limunska kiselina je izvor alfa hidroksilne kiseline (AHA), koja deluje na pobolj\u0161anje teksture ko\u017ee, uklanja ne\u017eeljene mrtve \u0107elije i podsti\u010de obnavljanje ko\u017ee. \n<br>Niacinamid poma\u017ee apsorpciju vitamina B-kompleksa, ima sna\u017ena svojstva osvetljenja i borbe protiv starenja. \n<br>Pantenol je odli\u010dan hidrator, umiruje nadra\u017eenu ko\u017eu i poma\u017ee u njenom oporavku. \n<br>Tokoferol (vitamin E) je mo\u0107an antioksidans koji \u0161titi ko\u017eu od negativnih uticaja okoline. \n<br>Ekstrakt ruzmarina ima tonik i antibakterijsko dejstvo, poma\u017ee u hidraciji ko\u017ee i ima antioksidativna svojstva.<\/p>\n<p><strong><br>Na\u010din upotrebe:<\/strong>\u00a0pome\u0161ati malu koli\u010dinu proizvoda sa vodom i napraviti obolnu penu. Ne\u017enim masa\u017enim pokretima naneti penu na lice, umasirati i isprati sa toplom vodom.<\/p>\n<hr \/>\n<div><em><strong><em>Sastojci:<\/em><\/strong> Purified water, vitamin tree water (24%), glycerin, cocamidopropyl betaine, sodium lauresulfate, acrylate copolymer, Alginine, Polysorbate20, sodium chloride, 1,2-hexanediol, pyge-6 caprylic acid glycerides, Pyge-120 methylglucose diolate, caprylic glycol, butylene glycol, Citric Acid, Ethylhexylglycerin, Ascovitic Acid (100 ppm), Glutathione (100 ppm), Gluconolactone, Niacinamide (33.5 ppm), Lemon Peel Extract, Banana Extract, Pomegranate Extract, Mulberry Fruit Extract, Fig Extract, Calcium Pantothenate (20 parts per million), Sodium Starch Succinate, Maltodextrin, Thyme Extract, Oregano Flower\/Leaf\/Stem Extract, Rosemary Extract, Lavender Extract, Caprylic Acid Triglyceride, Hydrogenated Decitin, sodium ascorbyl phosphate (8 parts per million), hyacinth ambulant extract, Polyglyceryl-10 diisostearate, Clery extract, Cornflower extract, Barley extract, Matricaria flower extract, Lemon extract, Lavender flower extract, Pyridoxine H. C. L. (2 ppm), Polyglyceryl-10 stearate, Tocopheryl acetate (2 ppm), Collagen (1.98 ppm), Panthenol (1 ppm), Menadione (1 ppm), Collagen extract (0.1 ppm), silica, potassium sulfate, pyridoxine (0.01 ppm), polyacid (0.01 ppm), Biotin (0.01 ppm), tocopherol (0.01 ppm), cyanocobalamin (0.01 ppm), thiamine H. C. L. (0.0001 ppm), beta-carotene (0.0001 ppm), riboflavin (0.0001 ppm), linoleic acid (0.0001 ppm), Yellow No. 4, Yellow No. 5, Flavoring.<\/em><\/div>","protected":false},"excerpt":{"rendered":"<p>Veganska pena za \u010di\u0161\u0107enje lica sa ekstraktom limuna. 120ml<\/p>","protected":false},"featured_media":7051,"template":"","meta":{"_acf_changed":false},"product_brand":[],"product_cat":[575,458,461,86,437,63,476,296],"product_tag":[408],"class_list":{"0":"post-7050","1":"product","2":"type-product","3":"status-publish","4":"has-post-thumbnail","6":"product_cat-vyravnivanie-tona","7":"product_cat-pigmentation","8":"product_cat-pore","9":"product_cat-moisturizing","10":"product_cat-alltypesofskin","11":"product_cat-cleansing","12":"product_cat-cleansingfoam","13":"product_cat-medi-peel","14":"product_tag-vitamin","16":"first","17":"outofstock","18":"shipping-taxable","19":"purchasable","20":"product-type-simple"},"acf":[],"yoast_head":"<!-- This site is optimized with the Yoast SEO Premium plugin v19.6 (Yoast SEO v20.11) - https:\/\/yoast.com\/wordpress\/plugins\/seo\/ -->\n<title>Medi-Peel Vegan Vitamin Collagen Clear - Malina Beauty Store<\/title>\n<meta name=\"robots\" content=\"index, follow, max-snippet:-1, max-image-preview:large, max-video-preview:-1\" \/>\n<link rel=\"canonical\" href=\"https:\/\/malinacosmetics.com\/sr\/\u043f\u0440\u043e\u0438\u0437\u0432\u043e\u0434\/medi-peel-vegan-vitamin-collagen-clear-120ml\/\" \/>\n<meta property=\"og:locale\" content=\"sr_RS\" \/>\n<meta property=\"og:type\" content=\"article\" \/>\n<meta property=\"og:title\" content=\"Medi-Peel Vegan Vitamin Collagen Clear\" \/>\n<meta property=\"og:description\" content=\"\u0412\u0435\u0433\u0430\u043d\u0441\u043a\u0430\u044f \u0432\u0438\u0442\u0430\u043c\u0438\u043d\u043d\u0430\u044f \u043e\u0447\u0438\u0449\u0430\u044e\u0449\u0430\u044f \u043f\u0435\u043d\u043a\u0430 \u0434\u043b\u044f \u043b\u0438\u0446\u0430 \u0441 \u044d\u043a\u0441\u0442\u0440\u0430\u043a\u0442\u043e\u043c \u043b\u0438\u043c\u043e\u043d\u0430. 120ml\" \/>\n<meta property=\"og:url\" content=\"https:\/\/malinacosmetics.com\/sr\/\u043f\u0440\u043e\u0438\u0437\u0432\u043e\u0434\/medi-peel-vegan-vitamin-collagen-clear-120ml\/\" \/>\n<meta property=\"og:site_name\" content=\"Malina Beauty Store\" \/>\n<meta property=\"article:publisher\" content=\"https:\/\/www.facebook.com\/MalinaBeautyShopMe\/\" \/>\n<meta property=\"article:modified_time\" content=\"2025-08-19T14:38:07+00:00\" \/>\n<meta property=\"og:image\" content=\"https:\/\/malinacosmetics.com\/wp-content\/uploads\/2025\/03\/Medi-Peel-Vegan-Vitamin-Collagen-Clear.jpg\" \/>\n\t<meta property=\"og:image:width\" content=\"1200\" \/>\n\t<meta property=\"og:image:height\" content=\"1200\" \/>\n\t<meta property=\"og:image:type\" content=\"image\/jpeg\" \/>\n<meta name=\"twitter:card\" content=\"summary_large_image\" \/>\n<script type=\"application\/ld+json\" class=\"yoast-schema-graph\">{\"@context\":\"https:\/\/schema.org\",\"@graph\":[{\"@type\":[\"WebPage\",\"ItemPage\"],\"@id\":\"https:\/\/malinacosmetics.com\/product\/medi-peel-vegan-vitamin-collagen-clear-120ml\/\",\"url\":\"https:\/\/malinacosmetics.com\/product\/medi-peel-vegan-vitamin-collagen-clear-120ml\/\",\"name\":\"Medi-Peel Vegan Vitamin Collagen Clear - Malina Beauty Store\",\"isPartOf\":{\"@id\":\"https:\/\/malinacosmetics.com\/#website\"},\"datePublished\":\"2025-03-19T21:26:03+00:00\",\"dateModified\":\"2025-08-19T14:38:07+00:00\",\"breadcrumb\":{\"@id\":\"https:\/\/malinacosmetics.com\/product\/medi-peel-vegan-vitamin-collagen-clear-120ml\/#breadcrumb\"},\"inLanguage\":\"sr-RS\",\"potentialAction\":[{\"@type\":\"ReadAction\",\"target\":[\"https:\/\/malinacosmetics.com\/product\/medi-peel-vegan-vitamin-collagen-clear-120ml\/\"]}]},{\"@type\":\"BreadcrumbList\",\"@id\":\"https:\/\/malinacosmetics.com\/product\/medi-peel-vegan-vitamin-collagen-clear-120ml\/#breadcrumb\",\"itemListElement\":[{\"@type\":\"ListItem\",\"position\":1,\"name\":\"\u0413\u043b\u0430\u0432\u043d\u0430\u044f \u0441\u0442\u0440\u0430\u043d\u0438\u0446\u0430\",\"item\":\"https:\/\/malinacosmetics.com\/\"},{\"@type\":\"ListItem\",\"position\":2,\"name\":\"\u041a\u0430\u0442\u0430\u043b\u043e\u0433\",\"item\":\"https:\/\/malinacosmetics.com\/sr\/shop\/\"},{\"@type\":\"ListItem\",\"position\":3,\"name\":\"Medi-Peel Vegan Vitamin Collagen Clear\"}]},{\"@type\":\"WebSite\",\"@id\":\"https:\/\/malinacosmetics.com\/#website\",\"url\":\"https:\/\/malinacosmetics.com\/\",\"name\":\"Malina Beauty Store\",\"description\":\"Prodaja korejske kozmetike za Crnu Goru\",\"publisher\":{\"@id\":\"https:\/\/malinacosmetics.com\/#organization\"},\"potentialAction\":[{\"@type\":\"SearchAction\",\"target\":{\"@type\":\"EntryPoint\",\"urlTemplate\":\"https:\/\/malinacosmetics.com\/?s={search_term_string}\"},\"query-input\":\"required name=search_term_string\"}],\"inLanguage\":\"sr-RS\"},{\"@type\":\"Organization\",\"@id\":\"https:\/\/malinacosmetics.com\/#organization\",\"name\":\"malinacosmetics\",\"url\":\"https:\/\/malinacosmetics.com\/\",\"logo\":{\"@type\":\"ImageObject\",\"inLanguage\":\"sr-RS\",\"@id\":\"https:\/\/malinacosmetics.com\/#\/schema\/logo\/image\/\",\"url\":\"https:\/\/malinacosmetics.com\/wp-content\/uploads\/2021\/07\/logo.png\",\"contentUrl\":\"https:\/\/malinacosmetics.com\/wp-content\/uploads\/2021\/07\/logo.png\",\"width\":500,\"height\":353,\"caption\":\"malinacosmetics\"},\"image\":{\"@id\":\"https:\/\/malinacosmetics.com\/#\/schema\/logo\/image\/\"},\"sameAs\":[\"https:\/\/www.facebook.com\/MalinaBeautyShopMe\/\"]}]}<\/script>\n<meta property=\"product:brand\" content=\"simple\" \/>\n<meta property=\"product:price:amount\" content=\"23.00\" \/>\n<meta property=\"product:price:currency\" content=\"EUR\" \/>\n<meta property=\"og:availability\" content=\"out of stock\" \/>\n<meta property=\"product:availability\" content=\"out of stock\" \/>\n<meta property=\"product:condition\" content=\"new\" \/>\n<!-- \/ Yoast SEO Premium plugin. -->","yoast_head_json":{"title":"Medi-Peel Vegan Vitamin Collagen Clear - Malina Beauty Store","robots":{"index":"index","follow":"follow","max-snippet":"max-snippet:-1","max-image-preview":"max-image-preview:large","max-video-preview":"max-video-preview:-1"},"canonical":"https:\/\/malinacosmetics.com\/sr\/\u043f\u0440\u043e\u0438\u0437\u0432\u043e\u0434\/medi-peel-vegan-vitamin-collagen-clear-120ml\/","og_locale":"sr_RS","og_type":"article","og_title":"Medi-Peel Vegan Vitamin Collagen Clear","og_description":"\u0412\u0435\u0433\u0430\u043d\u0441\u043a\u0430\u044f \u0432\u0438\u0442\u0430\u043c\u0438\u043d\u043d\u0430\u044f \u043e\u0447\u0438\u0449\u0430\u044e\u0449\u0430\u044f \u043f\u0435\u043d\u043a\u0430 \u0434\u043b\u044f \u043b\u0438\u0446\u0430 \u0441 \u044d\u043a\u0441\u0442\u0440\u0430\u043a\u0442\u043e\u043c \u043b\u0438\u043c\u043e\u043d\u0430. 120ml","og_url":"https:\/\/malinacosmetics.com\/sr\/\u043f\u0440\u043e\u0438\u0437\u0432\u043e\u0434\/medi-peel-vegan-vitamin-collagen-clear-120ml\/","og_site_name":"Malina Beauty Store","article_publisher":"https:\/\/www.facebook.com\/MalinaBeautyShopMe\/","article_modified_time":"2025-08-19T14:38:07+00:00","og_image":[{"width":1200,"height":1200,"url":"https:\/\/malinacosmetics.com\/wp-content\/uploads\/2025\/03\/Medi-Peel-Vegan-Vitamin-Collagen-Clear.jpg","type":"image\/jpeg"}],"twitter_card":"summary_large_image","schema":{"@context":"https:\/\/schema.org","@graph":[{"@type":["WebPage","ItemPage"],"@id":"https:\/\/malinacosmetics.com\/product\/medi-peel-vegan-vitamin-collagen-clear-120ml\/","url":"https:\/\/malinacosmetics.com\/product\/medi-peel-vegan-vitamin-collagen-clear-120ml\/","name":"Medi-Peel Vegan Vitamin Collagen Clear - Malina Beauty Store","isPartOf":{"@id":"https:\/\/malinacosmetics.com\/#website"},"datePublished":"2025-03-19T21:26:03+00:00","dateModified":"2025-08-19T14:38:07+00:00","breadcrumb":{"@id":"https:\/\/malinacosmetics.com\/product\/medi-peel-vegan-vitamin-collagen-clear-120ml\/#breadcrumb"},"inLanguage":"sr-RS","potentialAction":[{"@type":"ReadAction","target":["https:\/\/malinacosmetics.com\/product\/medi-peel-vegan-vitamin-collagen-clear-120ml\/"]}]},{"@type":"BreadcrumbList","@id":"https:\/\/malinacosmetics.com\/product\/medi-peel-vegan-vitamin-collagen-clear-120ml\/#breadcrumb","itemListElement":[{"@type":"ListItem","position":1,"name":"\u0413\u043b\u0430\u0432\u043d\u0430\u044f \u0441\u0442\u0440\u0430\u043d\u0438\u0446\u0430","item":"https:\/\/malinacosmetics.com\/"},{"@type":"ListItem","position":2,"name":"\u041a\u0430\u0442\u0430\u043b\u043e\u0433","item":"https:\/\/malinacosmetics.com\/sr\/shop\/"},{"@type":"ListItem","position":3,"name":"Medi-Peel Vegan Vitamin Collagen Clear"}]},{"@type":"WebSite","@id":"https:\/\/malinacosmetics.com\/#website","url":"https:\/\/malinacosmetics.com\/","name":"Malina Beauty Store","description":"Prodaja korejske kozmetike za Crnu Goru","publisher":{"@id":"https:\/\/malinacosmetics.com\/#organization"},"potentialAction":[{"@type":"SearchAction","target":{"@type":"EntryPoint","urlTemplate":"https:\/\/malinacosmetics.com\/?s={search_term_string}"},"query-input":"required name=search_term_string"}],"inLanguage":"sr-RS"},{"@type":"Organization","@id":"https:\/\/malinacosmetics.com\/#organization","name":"malinacosmetics","url":"https:\/\/malinacosmetics.com\/","logo":{"@type":"ImageObject","inLanguage":"sr-RS","@id":"https:\/\/malinacosmetics.com\/#\/schema\/logo\/image\/","url":"https:\/\/malinacosmetics.com\/wp-content\/uploads\/2021\/07\/logo.png","contentUrl":"https:\/\/malinacosmetics.com\/wp-content\/uploads\/2021\/07\/logo.png","width":500,"height":353,"caption":"malinacosmetics"},"image":{"@id":"https:\/\/malinacosmetics.com\/#\/schema\/logo\/image\/"},"sameAs":["https:\/\/www.facebook.com\/MalinaBeautyShopMe\/"]}]},"product_brand":"simple","product_price_amount":"23.00","product_price_currency":"EUR","og_availability":"out of stock","product_availability":"out of stock","product_condition":"new"},"jetpack_sharing_enabled":true,"_links":{"self":[{"href":"https:\/\/malinacosmetics.com\/sr\/wp-json\/wp\/v2\/product\/7050","targetHints":{"allow":["GET"]}}],"collection":[{"href":"https:\/\/malinacosmetics.com\/sr\/wp-json\/wp\/v2\/product"}],"about":[{"href":"https:\/\/malinacosmetics.com\/sr\/wp-json\/wp\/v2\/types\/product"}],"wp:featuredmedia":[{"embeddable":true,"href":"https:\/\/malinacosmetics.com\/sr\/wp-json\/wp\/v2\/media\/7051"}],"wp:attachment":[{"href":"https:\/\/malinacosmetics.com\/sr\/wp-json\/wp\/v2\/media?parent=7050"}],"wp:term":[{"taxonomy":"product_brand","embeddable":true,"href":"https:\/\/malinacosmetics.com\/sr\/wp-json\/wp\/v2\/product_brand?post=7050"},{"taxonomy":"product_cat","embeddable":true,"href":"https:\/\/malinacosmetics.com\/sr\/wp-json\/wp\/v2\/product_cat?post=7050"},{"taxonomy":"product_tag","embeddable":true,"href":"https:\/\/malinacosmetics.com\/sr\/wp-json\/wp\/v2\/product_tag?post=7050"}],"curies":[{"name":"wp","href":"https:\/\/api.w.org\/{rel}","templated":true}]}}