{"id":7034,"date":"2025-03-19T23:47:14","date_gmt":"2025-03-19T22:47:14","guid":{"rendered":"https:\/\/malinacosmetics.com\/?post_type=product&#038;p=7002"},"modified":"2026-01-18T20:53:59","modified_gmt":"2026-01-18T19:53:59","slug":"medi-peel-phyto-exosome-pdrn-lifting-shot-cream","status":"publish","type":"product","link":"https:\/\/malinacosmetics.com\/sr\/\u043f\u0440\u043e\u0438\u0437\u0432\u043e\u0434\/medi-peel-phyto-exosome-pdrn-lifting-shot-cream\/","title":{"rendered":"Medi-Peel Phyto Exosome PDRN Lifting Shot Cream"},"content":{"rendered":"<p class=\"translation-block\">Lifting krema sa PDRN i egzosomima za intenzivnu regeneraciju i ja\u010danje ko\u017ee, aktivno stimuli\u0161e procese obnavljanja, vra\u0107a \u010dvrsto\u0107u i elasti\u010dnost, elimini\u0161e znake umora i stresa.<br>\nPru\u017ea duboku hidrataciju, ujedna\u010dava ton lica i smanjuje vidljivost bora. Tekstura je svilenkasta i rastegljiva, omogu\u0107ava duboko prodiranje aktivnih komponenti i produ\u017eeno dejstvo. Ve\u0107 nakon prve upotrebe, ko\u017ea postaje \u010dvr\u0161\u0107a, glatkija i hidrirana.<br>\n\n<i>Polinukleotidi (PDRN)<\/i> \u2013 fragmenti DNK koji slu\u017ee kao gra\u0111evinski materijal za \u0107elije ko\u017ee, podsti\u010du\u0107i njihovu regeneraciju. U ovom proizvodu, <i>polinukleotidi (Sodium DNA)<\/i>, oja\u010dani egzosomalnom metodom transporta, stimuli\u0161u obnavljanje \u0107elija, sintezu kolagena i elastina, pove\u0107avaju\u0107i \u010dvrsto\u0107u i ubrzavaju\u0107i regeneraciju o\u0161te\u0107ene ko\u017ee.<br>\n\n<i>Fitoegzosomi<\/i> \u2013 posebne sfere koje prenose aktivne komponente duboko u epidermis, poja\u010davaju\u0107i njihovo dejstvo. Zahvaljuju\u0107i nanotehnologiji, egzosomi u ovom proizvodu imaju veli\u010dinu od oko 130 nm, \u0161to im omogu\u0107ava da prodru duboko u pore i dostave aktivne komponente direktno u \u0107elije ko\u017ee za maksimalni efekat.<br>\n\n<i>Kompleks od 11 peptida<\/i> pru\u017ea anti-age efekat: podsti\u010de regeneraciju, smanjuje dubinu bora, zagla\u0111uje i zate\u017ee ko\u017eu. <i>Argirelin<\/i>, peptid sa botoks sli\u010dnim dejstvom, poma\u017ee u opu\u0161tanju mi\u0161i\u0107a lica, spre\u010davaju\u0107i nastanak mimi\u010dkih bora.<br>\n\n<i>Mati\u010dne \u0107elije jabuke<\/i> podsti\u010du regeneraciju tkiva, usporavaju proces starenja, poma\u017eu u zagla\u0111ivanju ko\u017ee i odr\u017eavaju vitalnost \u0107elija.<br>\n\n<i>9 vrsta hijaluronske kiseline<\/i> vezuju vlagu i formiraju barijeru za hidrataciju, elimini\u0161u suvo\u0107u i ose\u0107aj zatezanja.<br>\n\n<i>Ceramidi NP<\/i>, u kombinaciji sa <i>poliglutaminskom kiselinom<\/i> i kompleksom hijaluronske kiseline, poma\u017eu u zadr\u017eavanju vlage i spre\u010davaju njen gubitak. Obnavljaju o\u0161te\u0107enu ko\u017eu, \u010dine\u0107i je glatkijom i otpornijom na spoljne faktore.<br>\n\n<i>Niacinamid<\/i> pobolj\u0161ava tonus ko\u017ee, posvetljuje pigmentne mrlje i ujedna\u010dava ten.<br>\n\n<i>Glutation<\/i> je sna\u017ean antioksidans i sredstvo za izbeljivanje, smanjuje pigmentaciju i post-akne, podsti\u010de regeneraciju, usporava starenje i ubla\u017eava crvenilo.<br>\n\n<i>Vitamin C<\/i> (askorbil fosfat natrijuma i polipeptid askorbinske kiseline) u stabilnom obliku delikatno posvetljuje pigmentaciju, stimuli\u0161e sintezu kolagena i pru\u017ea antioksidativnu za\u0161titu.<br>\n\n<i>Skvalan<\/i> hidrira, omek\u0161ava i \u0161titi hidrolipidni omota\u010d ko\u017ee, spre\u010davaju\u0107i dehidrataciju.<br>\n\n<i>Beta-glukan<\/i> pove\u0107ava lokalni imunitet, duboko hidrira, pru\u017ea izra\u017een anti-age efekat, obnavlja ko\u017enu strukturu, pobolj\u0161ava \u010dvrsto\u0107u i elasti\u010dnost.<br>\n\n<i>Vitamini B grupe<\/i> (B1 \u2013 tiamin; B3 \u2013 niacinamid; B6 \u2013 piridoksin; B7 \u2013 biotin; B9 \u2013 folna kiselina; B12 \u2013 cijanokobalamin) smanjuju upale, umiruju iritacije i crvenilo, pru\u017eaju antioksidativni efekat, ja\u010daju za\u0161titnu barijeru i pobolj\u0161avaju glatko\u0107u ko\u017ee.<br>\n\n<i>Kompleks Centella Asiatica<\/i> i njenih derivata ima umiruju\u0107e i isceljuju\u0107e svojstva, podsti\u010de regeneraciju ko\u017ee i ja\u010da njene barijerne funkcije.<br>\n\n<i>PHA (glukonolakton)<\/i> blago uklanja mrtve \u0107elije, ujedna\u010dava mikroreljef i posvetljuje pigmentaciju, pogodan je za osetljivu ko\u017eu.<br>\n\nPogodan za sve tipove ko\u017ee, posebno za dehidriranu, umornu i ko\u017eu koja je izgubila \u010dvrsto\u0107u.<\/p>\n<p><strong><br>Na\u010din upotrebe:<\/strong> Naneti potrebnu koli\u010dinu kreme kao zavr\u0161ni korak nege.<br><\/p>\n<p><em><br>Originalna Medi-Peel korejska kozmetika u Srbiji i Crnoj Gori. Visokokvalitetna kuc\u0301na nega lica i tela.<\/em><\/p>\n<hr \/>\n<div><em><strong>Sastojci:<\/strong> Purified water, butylene glycol, dipropylene glycol, glycerin, caprylic\/capric triglyceride, niacinamide, lotus flower water (9692.2 ppm), hydroxyethyl acrylate\/sodium acryloyldimethyl taurate copolymer, hydrogenated polydecene, 1,2-hexanediol, phytosteryl\/isostearyl\/cetyl\/stearyl\/behenyl dimer dilinoleate, arginine, acrylates\/C10-30 alkyl acrylate crosspolymer, C12-16 alcohol, glyceryl stearate, sodium polyacrylate, hydrogenated lecithin, panthenol, palmitic acid, polyglyceryl-2 stearate, betaine, allantoin, hydroxyacetophenone, ethylhexylglycerin, Caprylyl Glycol, Sorbitan Isostearate, Stearyl Alcohol, Adenosine, Tocopherol, Polyglyceryl-10 Laurate, Disodium EDTA, Hydrogenated Phosphatidylcholine, Gluconolactone, Propanediol, Beta-Glucan, Sodium Lauroyl Glutamate, Glutathione, Centella Asiatica Extract, Cyanocobalamin, Speedwell Extract, Yam Root Extract, Polyglyceryl-10 Stearate, Sodium Hyaluronate, Sodium Ascorbyl Phosphate, Ceramide NP, Hydrolyzed Sodium Hyaluronate, Hydrolyzed Hyaluronic Acid, false Apple Menthol Leaf Extract, Green Tea Extract, Glycosphingolipids, Acetyl Hexapeptide-8, Sodium Benzoate, Thyme Leaf Extract, Apple cell culture extract (0.001 ppm), hydroxypropyltrimonium hyaluronate, sodium acetylated hyaluronate, biotin, folic acid, pyridoxine, thiamine hcl, ascorbic acid polypeptide, dimethylsilanol hyaluronate, sodium hyaluronate crosspolymer, glycine, lotus leaf extract (0.0001 ppm), hyaluronic acid, pentylene glycol, glutamic acid, potassium hyaluronate, sodium DNA (0.00001 ppm), acetyl tetrapeptide-2, acetyl tetrapeptide-3, acetyl tetrapeptide-5, acetyl tetrapeptide-9, acetyl octapeptide-3, palmitoyl tripeptide-1, palmitoyl tripeptide-5, Palmitoyl pentapeptide-4, nonapeptide-1, carnosine, copper tripeptide-1, fragrance.<\/em><\/div>","protected":false},"excerpt":{"rendered":"<p>Lifting krema sa PDRN i egzosomima. 50g<\/p>","protected":false},"featured_media":7035,"template":"","meta":{"_acf_changed":false},"product_brand":[],"product_cat":[470,575,400,462,224,349,350,263,86,231,437,296],"product_tag":[645],"class_list":{"0":"post-7034","1":"product","2":"type-product","3":"status-publish","4":"has-post-thumbnail","6":"product_cat-facecream","7":"product_cat-vyravnivanie-tona","8":"product_cat-lifting","9":"product_cat-dryness","10":"product_cat-antiage","11":"product_cat-brightening","12":"product_cat-nourishing","13":"product_cat-revitalizing","14":"product_cat-moisturizing","15":"product_cat-calming","16":"product_cat-alltypesofskin","17":"product_cat-medi-peel","18":"product_tag-phyto-pdrn","20":"first","21":"instock","22":"shipping-taxable","23":"purchasable","24":"product-type-simple"},"acf":[],"yoast_head":"<!-- This site is optimized with the Yoast SEO Premium plugin v19.6 (Yoast SEO v20.11) - https:\/\/yoast.com\/wordpress\/plugins\/seo\/ -->\n<title>Medi-Peel Phyto Exosome PDRN Lifting Shot Cream - Malina Beauty Store<\/title>\n<meta name=\"robots\" content=\"index, follow, max-snippet:-1, max-image-preview:large, max-video-preview:-1\" \/>\n<link rel=\"canonical\" href=\"https:\/\/malinacosmetics.com\/sr\/\u043f\u0440\u043e\u0438\u0437\u0432\u043e\u0434\/medi-peel-phyto-exosome-pdrn-lifting-shot-cream\/\" \/>\n<meta property=\"og:locale\" content=\"sr_RS\" \/>\n<meta property=\"og:type\" content=\"article\" \/>\n<meta property=\"og:title\" content=\"Medi-Peel Phyto Exosome PDRN Lifting Shot Cream\" \/>\n<meta property=\"og:description\" content=\"\u041b\u0438\u0444\u0442\u0438\u043d\u0433 \u043a\u0440\u0435\u043c \u0441 PDRN \u0438 \u044d\u043a\u0437\u043e\u0441\u043e\u043c\u0430\u043c\u0438. 50g\" \/>\n<meta property=\"og:url\" content=\"https:\/\/malinacosmetics.com\/sr\/\u043f\u0440\u043e\u0438\u0437\u0432\u043e\u0434\/medi-peel-phyto-exosome-pdrn-lifting-shot-cream\/\" \/>\n<meta property=\"og:site_name\" content=\"Malina Beauty Store\" \/>\n<meta property=\"article:publisher\" content=\"https:\/\/www.facebook.com\/MalinaBeautyShopMe\/\" \/>\n<meta property=\"article:modified_time\" content=\"2026-01-18T19:53:59+00:00\" \/>\n<meta property=\"og:image\" content=\"https:\/\/malinacosmetics.com\/wp-content\/uploads\/2025\/03\/Medi-Peel-Phyto-Exosome-PDRN-Lifting-Shot-Cream1.jpg\" \/>\n\t<meta property=\"og:image:width\" content=\"1200\" \/>\n\t<meta property=\"og:image:height\" content=\"1200\" \/>\n\t<meta property=\"og:image:type\" content=\"image\/jpeg\" \/>\n<meta name=\"twitter:card\" content=\"summary_large_image\" \/>\n<script type=\"application\/ld+json\" class=\"yoast-schema-graph\">{\"@context\":\"https:\/\/schema.org\",\"@graph\":[{\"@type\":[\"WebPage\",\"ItemPage\"],\"@id\":\"https:\/\/malinacosmetics.com\/product\/medi-peel-phyto-exosome-pdrn-lifting-shot-cream\/\",\"url\":\"https:\/\/malinacosmetics.com\/product\/medi-peel-phyto-exosome-pdrn-lifting-shot-cream\/\",\"name\":\"Medi-Peel Phyto Exosome PDRN Lifting Shot Cream - Malina Beauty Store\",\"isPartOf\":{\"@id\":\"https:\/\/malinacosmetics.com\/#website\"},\"datePublished\":\"2025-03-19T22:47:14+00:00\",\"dateModified\":\"2026-01-18T19:53:59+00:00\",\"breadcrumb\":{\"@id\":\"https:\/\/malinacosmetics.com\/product\/medi-peel-phyto-exosome-pdrn-lifting-shot-cream\/#breadcrumb\"},\"inLanguage\":\"sr-RS\",\"potentialAction\":[{\"@type\":\"ReadAction\",\"target\":[\"https:\/\/malinacosmetics.com\/product\/medi-peel-phyto-exosome-pdrn-lifting-shot-cream\/\"]}]},{\"@type\":\"BreadcrumbList\",\"@id\":\"https:\/\/malinacosmetics.com\/product\/medi-peel-phyto-exosome-pdrn-lifting-shot-cream\/#breadcrumb\",\"itemListElement\":[{\"@type\":\"ListItem\",\"position\":1,\"name\":\"\u0413\u043b\u0430\u0432\u043d\u0430\u044f \u0441\u0442\u0440\u0430\u043d\u0438\u0446\u0430\",\"item\":\"https:\/\/malinacosmetics.com\/\"},{\"@type\":\"ListItem\",\"position\":2,\"name\":\"\u041a\u0430\u0442\u0430\u043b\u043e\u0433\",\"item\":\"https:\/\/malinacosmetics.com\/sr\/shop\/\"},{\"@type\":\"ListItem\",\"position\":3,\"name\":\"Medi-Peel Phyto Exosome PDRN Lifting Shot Cream\"}]},{\"@type\":\"WebSite\",\"@id\":\"https:\/\/malinacosmetics.com\/#website\",\"url\":\"https:\/\/malinacosmetics.com\/\",\"name\":\"Malina Beauty Store\",\"description\":\"Prodaja korejske kozmetike za Crnu Goru\",\"publisher\":{\"@id\":\"https:\/\/malinacosmetics.com\/#organization\"},\"potentialAction\":[{\"@type\":\"SearchAction\",\"target\":{\"@type\":\"EntryPoint\",\"urlTemplate\":\"https:\/\/malinacosmetics.com\/?s={search_term_string}\"},\"query-input\":\"required name=search_term_string\"}],\"inLanguage\":\"sr-RS\"},{\"@type\":\"Organization\",\"@id\":\"https:\/\/malinacosmetics.com\/#organization\",\"name\":\"malinacosmetics\",\"url\":\"https:\/\/malinacosmetics.com\/\",\"logo\":{\"@type\":\"ImageObject\",\"inLanguage\":\"sr-RS\",\"@id\":\"https:\/\/malinacosmetics.com\/#\/schema\/logo\/image\/\",\"url\":\"https:\/\/malinacosmetics.com\/wp-content\/uploads\/2021\/07\/logo.png\",\"contentUrl\":\"https:\/\/malinacosmetics.com\/wp-content\/uploads\/2021\/07\/logo.png\",\"width\":500,\"height\":353,\"caption\":\"malinacosmetics\"},\"image\":{\"@id\":\"https:\/\/malinacosmetics.com\/#\/schema\/logo\/image\/\"},\"sameAs\":[\"https:\/\/www.facebook.com\/MalinaBeautyShopMe\/\"]}]}<\/script>\n<meta property=\"product:brand\" content=\"simple\" \/>\n<meta property=\"product:price:amount\" content=\"45.00\" \/>\n<meta property=\"product:price:currency\" content=\"EUR\" \/>\n<meta property=\"og:availability\" content=\"instock\" \/>\n<meta property=\"product:availability\" content=\"instock\" \/>\n<meta property=\"product:condition\" content=\"new\" \/>\n<!-- \/ Yoast SEO Premium plugin. -->","yoast_head_json":{"title":"Medi-Peel Phyto Exosome PDRN Lifting Shot Cream - Malina Beauty Store","robots":{"index":"index","follow":"follow","max-snippet":"max-snippet:-1","max-image-preview":"max-image-preview:large","max-video-preview":"max-video-preview:-1"},"canonical":"https:\/\/malinacosmetics.com\/sr\/\u043f\u0440\u043e\u0438\u0437\u0432\u043e\u0434\/medi-peel-phyto-exosome-pdrn-lifting-shot-cream\/","og_locale":"sr_RS","og_type":"article","og_title":"Medi-Peel Phyto Exosome PDRN Lifting Shot Cream","og_description":"\u041b\u0438\u0444\u0442\u0438\u043d\u0433 \u043a\u0440\u0435\u043c \u0441 PDRN \u0438 \u044d\u043a\u0437\u043e\u0441\u043e\u043c\u0430\u043c\u0438. 50g","og_url":"https:\/\/malinacosmetics.com\/sr\/\u043f\u0440\u043e\u0438\u0437\u0432\u043e\u0434\/medi-peel-phyto-exosome-pdrn-lifting-shot-cream\/","og_site_name":"Malina Beauty Store","article_publisher":"https:\/\/www.facebook.com\/MalinaBeautyShopMe\/","article_modified_time":"2026-01-18T19:53:59+00:00","og_image":[{"width":1200,"height":1200,"url":"https:\/\/malinacosmetics.com\/wp-content\/uploads\/2025\/03\/Medi-Peel-Phyto-Exosome-PDRN-Lifting-Shot-Cream1.jpg","type":"image\/jpeg"}],"twitter_card":"summary_large_image","schema":{"@context":"https:\/\/schema.org","@graph":[{"@type":["WebPage","ItemPage"],"@id":"https:\/\/malinacosmetics.com\/product\/medi-peel-phyto-exosome-pdrn-lifting-shot-cream\/","url":"https:\/\/malinacosmetics.com\/product\/medi-peel-phyto-exosome-pdrn-lifting-shot-cream\/","name":"Medi-Peel Phyto Exosome PDRN Lifting Shot Cream - Malina Beauty Store","isPartOf":{"@id":"https:\/\/malinacosmetics.com\/#website"},"datePublished":"2025-03-19T22:47:14+00:00","dateModified":"2026-01-18T19:53:59+00:00","breadcrumb":{"@id":"https:\/\/malinacosmetics.com\/product\/medi-peel-phyto-exosome-pdrn-lifting-shot-cream\/#breadcrumb"},"inLanguage":"sr-RS","potentialAction":[{"@type":"ReadAction","target":["https:\/\/malinacosmetics.com\/product\/medi-peel-phyto-exosome-pdrn-lifting-shot-cream\/"]}]},{"@type":"BreadcrumbList","@id":"https:\/\/malinacosmetics.com\/product\/medi-peel-phyto-exosome-pdrn-lifting-shot-cream\/#breadcrumb","itemListElement":[{"@type":"ListItem","position":1,"name":"\u0413\u043b\u0430\u0432\u043d\u0430\u044f \u0441\u0442\u0440\u0430\u043d\u0438\u0446\u0430","item":"https:\/\/malinacosmetics.com\/"},{"@type":"ListItem","position":2,"name":"\u041a\u0430\u0442\u0430\u043b\u043e\u0433","item":"https:\/\/malinacosmetics.com\/sr\/shop\/"},{"@type":"ListItem","position":3,"name":"Medi-Peel Phyto Exosome PDRN Lifting Shot Cream"}]},{"@type":"WebSite","@id":"https:\/\/malinacosmetics.com\/#website","url":"https:\/\/malinacosmetics.com\/","name":"Malina Beauty Store","description":"Prodaja korejske kozmetike za Crnu Goru","publisher":{"@id":"https:\/\/malinacosmetics.com\/#organization"},"potentialAction":[{"@type":"SearchAction","target":{"@type":"EntryPoint","urlTemplate":"https:\/\/malinacosmetics.com\/?s={search_term_string}"},"query-input":"required name=search_term_string"}],"inLanguage":"sr-RS"},{"@type":"Organization","@id":"https:\/\/malinacosmetics.com\/#organization","name":"malinacosmetics","url":"https:\/\/malinacosmetics.com\/","logo":{"@type":"ImageObject","inLanguage":"sr-RS","@id":"https:\/\/malinacosmetics.com\/#\/schema\/logo\/image\/","url":"https:\/\/malinacosmetics.com\/wp-content\/uploads\/2021\/07\/logo.png","contentUrl":"https:\/\/malinacosmetics.com\/wp-content\/uploads\/2021\/07\/logo.png","width":500,"height":353,"caption":"malinacosmetics"},"image":{"@id":"https:\/\/malinacosmetics.com\/#\/schema\/logo\/image\/"},"sameAs":["https:\/\/www.facebook.com\/MalinaBeautyShopMe\/"]}]},"product_brand":"simple","product_price_amount":"45.00","product_price_currency":"EUR","og_availability":"instock","product_availability":"instock","product_condition":"new"},"jetpack_sharing_enabled":true,"_links":{"self":[{"href":"https:\/\/malinacosmetics.com\/sr\/wp-json\/wp\/v2\/product\/7034","targetHints":{"allow":["GET"]}}],"collection":[{"href":"https:\/\/malinacosmetics.com\/sr\/wp-json\/wp\/v2\/product"}],"about":[{"href":"https:\/\/malinacosmetics.com\/sr\/wp-json\/wp\/v2\/types\/product"}],"wp:featuredmedia":[{"embeddable":true,"href":"https:\/\/malinacosmetics.com\/sr\/wp-json\/wp\/v2\/media\/7035"}],"wp:attachment":[{"href":"https:\/\/malinacosmetics.com\/sr\/wp-json\/wp\/v2\/media?parent=7034"}],"wp:term":[{"taxonomy":"product_brand","embeddable":true,"href":"https:\/\/malinacosmetics.com\/sr\/wp-json\/wp\/v2\/product_brand?post=7034"},{"taxonomy":"product_cat","embeddable":true,"href":"https:\/\/malinacosmetics.com\/sr\/wp-json\/wp\/v2\/product_cat?post=7034"},{"taxonomy":"product_tag","embeddable":true,"href":"https:\/\/malinacosmetics.com\/sr\/wp-json\/wp\/v2\/product_tag?post=7034"}],"curies":[{"name":"wp","href":"https:\/\/api.w.org\/{rel}","templated":true}]}}