{"id":7023,"date":"2025-03-20T13:28:28","date_gmt":"2025-03-20T12:28:28","guid":{"rendered":"https:\/\/malinacosmetics.com\/?post_type=product&#038;p=7002"},"modified":"2025-07-03T10:17:28","modified_gmt":"2025-07-03T08:17:28","slug":"medi-peel-mooltox-pdrn-exosome-ampoule","status":"publish","type":"product","link":"https:\/\/malinacosmetics.com\/sr\/\u043f\u0440\u043e\u0438\u0437\u0432\u043e\u0434\/medi-peel-mooltox-pdrn-exosome-ampoule\/","title":{"rendered":"Medi-Peel Mooltox PDRN Exosome Ampoule"},"content":{"rendered":"<p class=\"translation-block\">\u0410mpula serum sa PDRN i egzosomima za intenzivnu hidrataciju ko\u017ee aktivno stimuli\u0161e procese obnavljanja, vra\u0107a \u010dvrstinu i elasti\u010dnost, uklanja znakove umora i stresa. U\u010dvr\u0161\u0107uje strukturu ko\u017ee, smanjuje izra\u017eenost bora, ujedna\u010dava ton lica i doprinosi dubinskoj hidrataciji.<br>  \nLagana gelasta tekstura brzo se upija, ne ostavlja lepljivost ili film. Formira nevidljivi hidratantni sloj, spre\u010davaju\u0107i transepidermalni gubitak vlage. Ima neutralan miris i prijatnu, topivu teksturu pri nano\u0161enju.<br>  \n\nOsnovni sastojci i njihovo delovanje:<br>  \n<i>Polinukleotidi (PDRN)<\/i> \u2013 fragmenti DNK koji slu\u017ee kao gra\u0111evinski materijal za \u0107elije ko\u017ee, podsti\u010du njihovu regeneraciju. U ovom proizvodu, polinukleotidi (Sodium DNA), oja\u010dani egzosomalnim transportnim metodom, stimuli\u0161u \u0107elijsko obnavljanje, sintezu kolagena i elastina, pove\u0107avaju \u010dvrstinu i poma\u017eu u oporavku o\u0161te\u0107ene ko\u017ee.<br>  \n<i>Fitoegzosomi<\/i> \u2013 sfere koje prenose aktivne sastojke duboko u epidermis, poja\u010davaju\u0107i njihovo dejstvo. Zahvaljuju\u0107i nanotehnologiji, egzosomi u ovom proizvodu imaju veli\u010dinu od oko 130 nm, \u0161to im omogu\u0107ava da prodru duboko u pore i isporu\u010de aktivne komponente direktno u \u0107elije ko\u017ee za maksimalni efekat.<br>  \n<i>Kompleks centelle azijatike i njenih derivata<\/i> ima umiruju\u0107a i regenerativna svojstva, poma\u017ee u obnovi ko\u017ee i ja\u010danju njene za\u0161titne barijere.<br>  \n<i>Ceramidi NP<\/i> u sinergiji sa poliglutaminskom kiselinom i kompleksom hijaluronske kiseline poma\u017eu u zadr\u017eavanju vlage, spre\u010davaju njen gubitak, obnavljaju o\u0161te\u0107enu ko\u017eu, \u010dine je glatkom i otpornom na spolja\u0161nje faktore.<br>  \n<i>Skvalan<\/i> hidrira, omek\u0161ava, podr\u017eava integritet hidrolipidne barijere i spre\u010dava dehidrataciju.<br>  \n<i>Beta-glukan<\/i> \u2013 prirodni polisaharid visokog molekularnog sastava, ja\u010da lokalni imunitet, dubinski hidrira, pru\u017ea izra\u017een anti-age efekat i pobolj\u0161ava elasti\u010dnost ko\u017ee.<br>  \n<i>Niacinamid<\/i> pobolj\u0161ava ton ko\u017ee, posvetljuje pigmentne mrlje i ujedna\u010dava boju tena.<br>  \n<i>Ekstrakti ru\u017ee, lotosa i limunove trave<\/i> deluju antioksidativno i toniziraju\u0107e, pobolj\u0161avaju ten i daju ko\u017ei sve\u017einu.<br>  \n<i>Fitosfingozin<\/i> poma\u017ee obnavljanju lipidne barijere, dok oleanolna kiselina ima seboregulativno, anti-age i protivupalno dejstvo, ja\u010daju\u0107i za\u0161titnu barijeru ko\u017ee.<br>  \n<i>Ektoin i tokoferol<\/i> su sna\u017eni antioksidansi koji \u0161tite ko\u017eu od oksidativnog stresa, ja\u010daju njenu za\u0161titnu funkciju i smanjuju negativan uticaj spolja\u0161njih faktora.<br>  \n\nPogodan za sve tipove ko\u017ee, posebno za dehidriranu, umornu i ko\u017eu koja je izgubila \u010dvrstinu.<\/p>\n<p><strong><br>Na\u010din upotrebe:<\/strong> Nanesite malu koli\u010dinu seruma na o\u010di\u0161\u0107enu i toniranu ko\u017eu lica i vrata. Lagano umasirajte dok se potpuno ne upije.<br \/>\nPreporu\u010duje se upotreba ujutru i uve\u010de za optimalne rezultate.<\/p>\n<p><em><br>Originalna Medi-Peel korejska kozmetika u Srbiji i Crnoj Gori. Visokokvalitetna kuc\u0301na nega lica i tela.<\/em><\/p>\n<hr \/>\n<div><em><strong>Sastojci:<\/strong> Purified water, propanediol, glycerin, betaine, methylpropanediol, 1,2-hexanediol, niacinamide, xylitol, sodium hyaluronate, hydrolyzed hyaluronic acid, hyaluronic acid, xylityl glucoside, centella asiatica extract, centella asiatica leaf extract, centella asiatica root extract, drumstick seed oil, enantia chloranta bark extract, collagen extract, schisandra chinensis root extract, rose extract (0.01 ppb), lotus leaf extract (0.001 ppb), hydroxyethyl acrylate\/sodium acryloyldimethyl taurate copolymer, squalane, panthenol, acrylates\/C10-30 alkyl acrylate crosspolymer, hydrogenated lecithin, Cetearyl Olivate, Tromethamine, Sorbitan Olivate, Sodium Polyacrylate, Caprylic\/Capric Triglyceride, Glyceryl Acrylate\/Acrylic Acid Copolymer, Ethylhexylglycerin, Sodium Hyaluronate Crosspolymer, Adenosine, Sorbitan Isostearate, Hydrolyzed Glycosaminoglycan, Allantoin, Benzyl Glycol, Ceramide NP, Beta Glucan, Butylene Glycol, Glyceryl Glucoside, Ectoin, Tocopherol, Hydrogenated Polyisobutene, Anhydroxylitol, Polyglutamic Acid, Madecassoside, Asiaticoside, Asiatic Acid, Phytosphingosine, Madecassic Acid, Dimethylsilanol Hyaluronate, Hydrolyzed Sodium Hyaluronate Eat, Potassium Hyaluronate, Hydroxypropyl Trimonium Hyaluronate, Sodium Hyaluronate Dimethylsilanol, Sodium Acetylated Hyaluronate, Oleanolic Acid, Glycine, Arginine, Glutamic Acid, Sodium DNA (0.0001 ppb), Xanthan Gum, Fragrance.<\/em><\/div>","protected":false},"excerpt":{"rendered":"<p>\u0410mpula serum sa PDRN i egzosomima za intenzivnu hidrataciju ko\u017ee. 50ml<\/p>","protected":false},"featured_media":7024,"template":"","meta":{"_acf_changed":false},"product_brand":[],"product_cat":[575,456,462,224,263,86,437,518,443,352,296],"product_tag":[514],"class_list":{"0":"post-7023","1":"product","2":"type-product","3":"status-publish","4":"has-post-thumbnail","6":"product_cat-vyravnivanie-tona","7":"product_cat-rozacea","8":"product_cat-dryness","9":"product_cat-antiage","10":"product_cat-revitalizing","11":"product_cat-moisturizing","12":"product_cat-alltypesofskin","13":"product_cat-dehydratedskin","14":"product_cat-dryskin","15":"product_cat-serum","16":"product_cat-medi-peel","17":"product_tag-mooltox","19":"first","20":"instock","21":"shipping-taxable","22":"purchasable","23":"product-type-simple"},"acf":[],"yoast_head":"<!-- This site is optimized with the Yoast SEO Premium plugin v19.6 (Yoast SEO v20.11) - https:\/\/yoast.com\/wordpress\/plugins\/seo\/ -->\n<title>Medi-Peel Mooltox PDRN Exosome Ampoule - Malina Beauty Store<\/title>\n<meta name=\"robots\" content=\"index, follow, max-snippet:-1, max-image-preview:large, max-video-preview:-1\" \/>\n<link rel=\"canonical\" href=\"https:\/\/malinacosmetics.com\/sr\/\u043f\u0440\u043e\u0438\u0437\u0432\u043e\u0434\/medi-peel-mooltox-pdrn-exosome-ampoule\/\" \/>\n<meta property=\"og:locale\" content=\"sr_RS\" \/>\n<meta property=\"og:type\" content=\"article\" \/>\n<meta property=\"og:title\" content=\"Medi-Peel Mooltox PDRN Exosome Ampoule\" \/>\n<meta property=\"og:description\" content=\"\u0410\u043c\u043f\u0443\u043b\u044c\u043d\u0430\u044f \u0441\u044b\u0432\u043e\u0440\u043e\u0442\u043a\u0430 \u0441 PDRN \u0438 \u044d\u043a\u0437\u043e\u0441\u043e\u043c\u0430\u043c\u0438 \u0434\u043b\u044f \u0438\u043d\u0442\u0435\u043d\u0441\u0438\u0432\u043d\u043e\u0433\u043e \u0443\u0432\u043b\u0430\u0436\u043d\u0435\u043d\u0438\u044f \u043a\u043e\u0436\u0438. 50ml\" \/>\n<meta property=\"og:url\" content=\"https:\/\/malinacosmetics.com\/sr\/\u043f\u0440\u043e\u0438\u0437\u0432\u043e\u0434\/medi-peel-mooltox-pdrn-exosome-ampoule\/\" \/>\n<meta property=\"og:site_name\" content=\"Malina Beauty Store\" \/>\n<meta property=\"article:publisher\" content=\"https:\/\/www.facebook.com\/MalinaBeautyShopMe\/\" \/>\n<meta property=\"article:modified_time\" content=\"2025-07-03T08:17:28+00:00\" \/>\n<meta property=\"og:image\" content=\"https:\/\/malinacosmetics.com\/wp-content\/uploads\/2025\/03\/Medi-Peel-Mooltox-PDRN-Exosome-Ampoule1.jpg\" \/>\n\t<meta property=\"og:image:width\" content=\"1200\" \/>\n\t<meta property=\"og:image:height\" content=\"1200\" \/>\n\t<meta property=\"og:image:type\" content=\"image\/jpeg\" \/>\n<meta name=\"twitter:card\" content=\"summary_large_image\" \/>\n<script type=\"application\/ld+json\" class=\"yoast-schema-graph\">{\"@context\":\"https:\/\/schema.org\",\"@graph\":[{\"@type\":[\"WebPage\",\"ItemPage\"],\"@id\":\"https:\/\/malinacosmetics.com\/product\/medi-peel-mooltox-pdrn-exosome-ampoule\/\",\"url\":\"https:\/\/malinacosmetics.com\/product\/medi-peel-mooltox-pdrn-exosome-ampoule\/\",\"name\":\"Medi-Peel Mooltox PDRN Exosome Ampoule - Malina Beauty Store\",\"isPartOf\":{\"@id\":\"https:\/\/malinacosmetics.com\/#website\"},\"datePublished\":\"2025-03-20T12:28:28+00:00\",\"dateModified\":\"2025-07-03T08:17:28+00:00\",\"breadcrumb\":{\"@id\":\"https:\/\/malinacosmetics.com\/product\/medi-peel-mooltox-pdrn-exosome-ampoule\/#breadcrumb\"},\"inLanguage\":\"sr-RS\",\"potentialAction\":[{\"@type\":\"ReadAction\",\"target\":[\"https:\/\/malinacosmetics.com\/product\/medi-peel-mooltox-pdrn-exosome-ampoule\/\"]}]},{\"@type\":\"BreadcrumbList\",\"@id\":\"https:\/\/malinacosmetics.com\/product\/medi-peel-mooltox-pdrn-exosome-ampoule\/#breadcrumb\",\"itemListElement\":[{\"@type\":\"ListItem\",\"position\":1,\"name\":\"\u0413\u043b\u0430\u0432\u043d\u0430\u044f \u0441\u0442\u0440\u0430\u043d\u0438\u0446\u0430\",\"item\":\"https:\/\/malinacosmetics.com\/\"},{\"@type\":\"ListItem\",\"position\":2,\"name\":\"\u041a\u0430\u0442\u0430\u043b\u043e\u0433\",\"item\":\"https:\/\/malinacosmetics.com\/sr\/shop\/\"},{\"@type\":\"ListItem\",\"position\":3,\"name\":\"Medi-Peel Mooltox PDRN Exosome Ampoule\"}]},{\"@type\":\"WebSite\",\"@id\":\"https:\/\/malinacosmetics.com\/#website\",\"url\":\"https:\/\/malinacosmetics.com\/\",\"name\":\"Malina Beauty Store\",\"description\":\"Prodaja korejske kozmetike za Crnu Goru\",\"publisher\":{\"@id\":\"https:\/\/malinacosmetics.com\/#organization\"},\"potentialAction\":[{\"@type\":\"SearchAction\",\"target\":{\"@type\":\"EntryPoint\",\"urlTemplate\":\"https:\/\/malinacosmetics.com\/?s={search_term_string}\"},\"query-input\":\"required name=search_term_string\"}],\"inLanguage\":\"sr-RS\"},{\"@type\":\"Organization\",\"@id\":\"https:\/\/malinacosmetics.com\/#organization\",\"name\":\"malinacosmetics\",\"url\":\"https:\/\/malinacosmetics.com\/\",\"logo\":{\"@type\":\"ImageObject\",\"inLanguage\":\"sr-RS\",\"@id\":\"https:\/\/malinacosmetics.com\/#\/schema\/logo\/image\/\",\"url\":\"https:\/\/malinacosmetics.com\/wp-content\/uploads\/2021\/07\/logo.png\",\"contentUrl\":\"https:\/\/malinacosmetics.com\/wp-content\/uploads\/2021\/07\/logo.png\",\"width\":500,\"height\":353,\"caption\":\"malinacosmetics\"},\"image\":{\"@id\":\"https:\/\/malinacosmetics.com\/#\/schema\/logo\/image\/\"},\"sameAs\":[\"https:\/\/www.facebook.com\/MalinaBeautyShopMe\/\"]}]}<\/script>\n<meta property=\"product:brand\" content=\"simple\" \/>\n<meta property=\"product:price:amount\" content=\"35.00\" \/>\n<meta property=\"product:price:currency\" content=\"EUR\" \/>\n<meta property=\"og:availability\" content=\"instock\" \/>\n<meta property=\"product:availability\" content=\"instock\" \/>\n<meta property=\"product:condition\" content=\"new\" \/>\n<!-- \/ Yoast SEO Premium plugin. -->","yoast_head_json":{"title":"Medi-Peel Mooltox PDRN Exosome Ampoule - Malina Beauty Store","robots":{"index":"index","follow":"follow","max-snippet":"max-snippet:-1","max-image-preview":"max-image-preview:large","max-video-preview":"max-video-preview:-1"},"canonical":"https:\/\/malinacosmetics.com\/sr\/\u043f\u0440\u043e\u0438\u0437\u0432\u043e\u0434\/medi-peel-mooltox-pdrn-exosome-ampoule\/","og_locale":"sr_RS","og_type":"article","og_title":"Medi-Peel Mooltox PDRN Exosome Ampoule","og_description":"\u0410\u043c\u043f\u0443\u043b\u044c\u043d\u0430\u044f \u0441\u044b\u0432\u043e\u0440\u043e\u0442\u043a\u0430 \u0441 PDRN \u0438 \u044d\u043a\u0437\u043e\u0441\u043e\u043c\u0430\u043c\u0438 \u0434\u043b\u044f \u0438\u043d\u0442\u0435\u043d\u0441\u0438\u0432\u043d\u043e\u0433\u043e \u0443\u0432\u043b\u0430\u0436\u043d\u0435\u043d\u0438\u044f \u043a\u043e\u0436\u0438. 50ml","og_url":"https:\/\/malinacosmetics.com\/sr\/\u043f\u0440\u043e\u0438\u0437\u0432\u043e\u0434\/medi-peel-mooltox-pdrn-exosome-ampoule\/","og_site_name":"Malina Beauty Store","article_publisher":"https:\/\/www.facebook.com\/MalinaBeautyShopMe\/","article_modified_time":"2025-07-03T08:17:28+00:00","og_image":[{"width":1200,"height":1200,"url":"https:\/\/malinacosmetics.com\/wp-content\/uploads\/2025\/03\/Medi-Peel-Mooltox-PDRN-Exosome-Ampoule1.jpg","type":"image\/jpeg"}],"twitter_card":"summary_large_image","schema":{"@context":"https:\/\/schema.org","@graph":[{"@type":["WebPage","ItemPage"],"@id":"https:\/\/malinacosmetics.com\/product\/medi-peel-mooltox-pdrn-exosome-ampoule\/","url":"https:\/\/malinacosmetics.com\/product\/medi-peel-mooltox-pdrn-exosome-ampoule\/","name":"Medi-Peel Mooltox PDRN Exosome Ampoule - Malina Beauty Store","isPartOf":{"@id":"https:\/\/malinacosmetics.com\/#website"},"datePublished":"2025-03-20T12:28:28+00:00","dateModified":"2025-07-03T08:17:28+00:00","breadcrumb":{"@id":"https:\/\/malinacosmetics.com\/product\/medi-peel-mooltox-pdrn-exosome-ampoule\/#breadcrumb"},"inLanguage":"sr-RS","potentialAction":[{"@type":"ReadAction","target":["https:\/\/malinacosmetics.com\/product\/medi-peel-mooltox-pdrn-exosome-ampoule\/"]}]},{"@type":"BreadcrumbList","@id":"https:\/\/malinacosmetics.com\/product\/medi-peel-mooltox-pdrn-exosome-ampoule\/#breadcrumb","itemListElement":[{"@type":"ListItem","position":1,"name":"\u0413\u043b\u0430\u0432\u043d\u0430\u044f \u0441\u0442\u0440\u0430\u043d\u0438\u0446\u0430","item":"https:\/\/malinacosmetics.com\/"},{"@type":"ListItem","position":2,"name":"\u041a\u0430\u0442\u0430\u043b\u043e\u0433","item":"https:\/\/malinacosmetics.com\/sr\/shop\/"},{"@type":"ListItem","position":3,"name":"Medi-Peel Mooltox PDRN Exosome Ampoule"}]},{"@type":"WebSite","@id":"https:\/\/malinacosmetics.com\/#website","url":"https:\/\/malinacosmetics.com\/","name":"Malina Beauty Store","description":"Prodaja korejske kozmetike za Crnu Goru","publisher":{"@id":"https:\/\/malinacosmetics.com\/#organization"},"potentialAction":[{"@type":"SearchAction","target":{"@type":"EntryPoint","urlTemplate":"https:\/\/malinacosmetics.com\/?s={search_term_string}"},"query-input":"required name=search_term_string"}],"inLanguage":"sr-RS"},{"@type":"Organization","@id":"https:\/\/malinacosmetics.com\/#organization","name":"malinacosmetics","url":"https:\/\/malinacosmetics.com\/","logo":{"@type":"ImageObject","inLanguage":"sr-RS","@id":"https:\/\/malinacosmetics.com\/#\/schema\/logo\/image\/","url":"https:\/\/malinacosmetics.com\/wp-content\/uploads\/2021\/07\/logo.png","contentUrl":"https:\/\/malinacosmetics.com\/wp-content\/uploads\/2021\/07\/logo.png","width":500,"height":353,"caption":"malinacosmetics"},"image":{"@id":"https:\/\/malinacosmetics.com\/#\/schema\/logo\/image\/"},"sameAs":["https:\/\/www.facebook.com\/MalinaBeautyShopMe\/"]}]},"product_brand":"simple","product_price_amount":"35.00","product_price_currency":"EUR","og_availability":"instock","product_availability":"instock","product_condition":"new"},"jetpack_sharing_enabled":true,"_links":{"self":[{"href":"https:\/\/malinacosmetics.com\/sr\/wp-json\/wp\/v2\/product\/7023","targetHints":{"allow":["GET"]}}],"collection":[{"href":"https:\/\/malinacosmetics.com\/sr\/wp-json\/wp\/v2\/product"}],"about":[{"href":"https:\/\/malinacosmetics.com\/sr\/wp-json\/wp\/v2\/types\/product"}],"wp:featuredmedia":[{"embeddable":true,"href":"https:\/\/malinacosmetics.com\/sr\/wp-json\/wp\/v2\/media\/7024"}],"wp:attachment":[{"href":"https:\/\/malinacosmetics.com\/sr\/wp-json\/wp\/v2\/media?parent=7023"}],"wp:term":[{"taxonomy":"product_brand","embeddable":true,"href":"https:\/\/malinacosmetics.com\/sr\/wp-json\/wp\/v2\/product_brand?post=7023"},{"taxonomy":"product_cat","embeddable":true,"href":"https:\/\/malinacosmetics.com\/sr\/wp-json\/wp\/v2\/product_cat?post=7023"},{"taxonomy":"product_tag","embeddable":true,"href":"https:\/\/malinacosmetics.com\/sr\/wp-json\/wp\/v2\/product_tag?post=7023"}],"curies":[{"name":"wp","href":"https:\/\/api.w.org\/{rel}","templated":true}]}}