{"id":7016,"date":"2025-03-20T17:04:22","date_gmt":"2025-03-20T16:04:22","guid":{"rendered":"https:\/\/malinacosmetics.com\/?post_type=product&#038;p=7002"},"modified":"2025-12-05T11:54:55","modified_gmt":"2025-12-05T10:54:55","slug":"medi-peel-glutathione-toning-tox-mask","status":"publish","type":"product","link":"https:\/\/malinacosmetics.com\/sr\/\u043f\u0440\u043e\u0438\u0437\u0432\u043e\u0434\/medi-peel-glutathione-toning-tox-mask\/","title":{"rendered":"Medi-Peel Glutathione Toning Tox Mask"},"content":{"rendered":"<p class=\"translation-block\">Posvetljuju\u0107a maska sa <i>glutationom<\/i>, usmerena na ujedna\u010davanje tena, uklanjanje be\u017eivotnog izgleda ko\u017ee i pru\u017eanje zdravog sjaja. Maska smanjuje vidljivost pigmentnih fleka, tragova post-akni, duboko hidrira i ja\u010da ko\u017enu barijeru.  \nZahvaljuju\u0107i mekom veganskom listu od materijala Tencel, maska \u010dvrsto prianja uz ko\u017eu, ne izazivaju\u0107i iritacije, i poma\u017ee aktivnim komponentama da prodru u dublje slojeve. Obilno natopljena esencijom, brzo se upija, ispunjavaju\u0107i ko\u017eu korisnim elementima i ostavljaju\u0107i ose\u0107aj udobnosti i sve\u017eine.<br>  \nKlju\u010dni aktivni sastojci:<br>  \n<i>Glutation<\/i> \u2013 mo\u0107an antioksidans koji neutralizuje dejstvo slobodnih radikala, \u0161tite\u0107i ko\u017eu od oksidativnog stresa i prevremenog starenja. Ima izra\u017een posvetljuju\u0107i efekat, smanjuje hiperpigmentaciju i spre\u010dava pojavu novih pigmentnih mrlja. <i>Glutation<\/i> deluje u sinergiji sa niacinamidom, poja\u010davaju\u0107i njegov efekat posvetljivanja i ujedna\u010davanja tena.<br>  \n<i>Pantenol<\/i> i kompleks <i>hijaluronske kiseline<\/i> u nekoliko oblika stvaraju efekat vi\u0161eslojnog hidriranja, poma\u017eu\u0107i zadr\u017eavanje vlage u ko\u017ei i spre\u010davaju\u0107i isu\u0161ivanje.<br>  \n<i>Tokoferol (vitamin E)<\/i> ja\u010da za\u0161titnu barijeru ko\u017ee, spre\u010dava negativne uticaje spolja\u0161njih faktora i pobolj\u0161ava elasti\u010dnost.<br>  \nDodatni aktivni sastojci:<br>  \nKompleks od 5 peptida podsti\u010de regeneraciju ko\u017ee, zagla\u0111ivanje bora i pove\u0107ava njenu \u010dvrstinu.<br>  \nEkstrakti <i>nane<\/i> i <i>mati\u010dnjaka<\/i> pru\u017eaju osve\u017eavaju\u0107i i umiruju\u0107i efekat, pobolj\u0161avaju mikrocirkulaciju i tonus ko\u017ee.<br>  \nZahvaljuju\u0107i aktivnoj formuli, maska brzo obnavlja ko\u017eu, \u010dine\u0107i je blistavijom, gla\u0111om i hidriranom. Idealna je za negu pre va\u017enog doga\u0111aja, kada je potrebno brzo osve\u017eiti i ujedna\u010diti ten.<\/p>\n<p><strong><br>Na\u010din upotrebe:<\/strong> O\u010distite ko\u017eu, nanesite tonik, zatim nanesite masku na lice i ostavite da deluje 20-30 minuta. Preostalu esenciju ne\u017eno umasirajte u ko\u017eu lica, vrata i dekoltea.<\/p>\n<hr \/>\n<p><em><strong>Sastojci:<\/strong> Purified water, glycerin, butylene glycol, niacinamide, 1,2-hexanediol, caprylic\/capric triglyceride, trehalose, glyceryl caprylate, C12-14 pareth-12, arginine, acrylates\/C10-30 alkyl acrylate crosspolymer, hydroxyethyl acrylate\/sodium acryloyldimethyl taurate copolymer, ethylhexylglycerin, allantoin, disodium EDTA, sorbitan isostearate, glutathione (10 ppm), hydrogenated lecithin, lady&#8217;s mantle extract, malva sylvestris (mallow) flower\/leaf\/stem extract, polyglyceryl-10 stearate, lemon balm leaf extract, peppermint leaf extract, veronica officinalis flower\/leaf\/stem extract, achillea millefolium extract, primula veris extract, panthenol, sodium hyaluronate, equisetum arvense extract, sodium ascorbyl phosphate, lycopodium clavatum extract, citric acid, hydroxypropyltrimonium hyaluronate, copper tripeptide-1, pyridoxine, folic acid, palmitoyl pentapeptide-4, acetyl hexapeptide-8, biotin, sodium acetylated hyaluronate, hydrolyzed hyaluronic acid, palmitoyl tripeptide-1, palmitoyl tetrapeptide-7, hyaluronic acid, tocopherol, cyanocobalamin, sodium hyaluronate crosspolymer, hydrolyzed sodium hyaluronate, potassium hyaluronate, thiamine HCl, beta-carotene, riboflavin, linoleic acid, fragrance.<\/em><\/p>\n<div><\/div>","protected":false},"excerpt":{"rendered":"<p>Posvetljuju\u0107a maska sa glutationom za ujedna\u010davanje tena. 25ml<\/p>","protected":false},"featured_media":7017,"template":"","meta":{"_acf_changed":false},"product_brand":[],"product_cat":[575,458,224,349,86,437,353,481,296],"product_tag":[404],"class_list":{"0":"post-7016","1":"product","2":"type-product","3":"status-publish","4":"has-post-thumbnail","6":"product_cat-vyravnivanie-tona","7":"product_cat-pigmentation","8":"product_cat-antiage","9":"product_cat-brightening","10":"product_cat-moisturizing","11":"product_cat-alltypesofskin","12":"product_cat-masks","13":"product_cat-sheetmask","14":"product_cat-medi-peel","15":"product_tag-glutathione","17":"first","18":"instock","19":"shipping-taxable","20":"purchasable","21":"product-type-simple"},"acf":[],"yoast_head":"<!-- This site is optimized with the Yoast SEO Premium plugin v19.6 (Yoast SEO v20.11) - https:\/\/yoast.com\/wordpress\/plugins\/seo\/ -->\n<title>Medi-Peel Glutathione Toning Tox Mask - Malina Beauty Store<\/title>\n<meta name=\"robots\" content=\"index, follow, max-snippet:-1, max-image-preview:large, max-video-preview:-1\" \/>\n<link rel=\"canonical\" href=\"https:\/\/malinacosmetics.com\/sr\/\u043f\u0440\u043e\u0438\u0437\u0432\u043e\u0434\/medi-peel-glutathione-toning-tox-mask\/\" \/>\n<meta property=\"og:locale\" content=\"sr_RS\" \/>\n<meta property=\"og:type\" content=\"article\" \/>\n<meta property=\"og:title\" content=\"Medi-Peel Glutathione Toning Tox Mask\" \/>\n<meta property=\"og:description\" content=\"\u041e\u0441\u0432\u0435\u0442\u043b\u044f\u044e\u0449\u0430\u044f \u0442\u043a\u0430\u043d\u0435\u0432\u0430\u044f \u043c\u0430\u0441\u043a\u0430 \u0441 \u0433\u043b\u0443\u0442\u0430\u0442\u0438\u043e\u043d\u043e\u043c \u0434\u043b\u044f \u0432\u044b\u0440\u0430\u0432\u043d\u0438\u0432\u0430\u043d\u0438\u044f \u0442\u043e\u043d\u0430 \u043a\u043e\u0436\u0438. 25ml\" \/>\n<meta property=\"og:url\" content=\"https:\/\/malinacosmetics.com\/sr\/\u043f\u0440\u043e\u0438\u0437\u0432\u043e\u0434\/medi-peel-glutathione-toning-tox-mask\/\" \/>\n<meta property=\"og:site_name\" content=\"Malina Beauty Store\" \/>\n<meta property=\"article:publisher\" content=\"https:\/\/www.facebook.com\/MalinaBeautyShopMe\/\" \/>\n<meta property=\"article:modified_time\" content=\"2025-12-05T10:54:55+00:00\" \/>\n<meta property=\"og:image\" content=\"https:\/\/malinacosmetics.com\/wp-content\/uploads\/2025\/03\/Medi-Peel-Glutathione-Toning-Tox-Mask1.jpg\" \/>\n\t<meta property=\"og:image:width\" content=\"1200\" \/>\n\t<meta property=\"og:image:height\" content=\"1200\" \/>\n\t<meta property=\"og:image:type\" content=\"image\/jpeg\" \/>\n<meta name=\"twitter:card\" content=\"summary_large_image\" \/>\n<script type=\"application\/ld+json\" class=\"yoast-schema-graph\">{\"@context\":\"https:\/\/schema.org\",\"@graph\":[{\"@type\":[\"WebPage\",\"ItemPage\"],\"@id\":\"https:\/\/malinacosmetics.com\/product\/medi-peel-glutathione-toning-tox-mask\/\",\"url\":\"https:\/\/malinacosmetics.com\/product\/medi-peel-glutathione-toning-tox-mask\/\",\"name\":\"Medi-Peel Glutathione Toning Tox Mask - Malina Beauty Store\",\"isPartOf\":{\"@id\":\"https:\/\/malinacosmetics.com\/#website\"},\"datePublished\":\"2025-03-20T16:04:22+00:00\",\"dateModified\":\"2025-12-05T10:54:55+00:00\",\"breadcrumb\":{\"@id\":\"https:\/\/malinacosmetics.com\/product\/medi-peel-glutathione-toning-tox-mask\/#breadcrumb\"},\"inLanguage\":\"sr-RS\",\"potentialAction\":[{\"@type\":\"ReadAction\",\"target\":[\"https:\/\/malinacosmetics.com\/product\/medi-peel-glutathione-toning-tox-mask\/\"]}]},{\"@type\":\"BreadcrumbList\",\"@id\":\"https:\/\/malinacosmetics.com\/product\/medi-peel-glutathione-toning-tox-mask\/#breadcrumb\",\"itemListElement\":[{\"@type\":\"ListItem\",\"position\":1,\"name\":\"\u0413\u043b\u0430\u0432\u043d\u0430\u044f \u0441\u0442\u0440\u0430\u043d\u0438\u0446\u0430\",\"item\":\"https:\/\/malinacosmetics.com\/\"},{\"@type\":\"ListItem\",\"position\":2,\"name\":\"\u041a\u0430\u0442\u0430\u043b\u043e\u0433\",\"item\":\"https:\/\/malinacosmetics.com\/sr\/shop\/\"},{\"@type\":\"ListItem\",\"position\":3,\"name\":\"Medi-Peel Glutathione Toning Tox Mask\"}]},{\"@type\":\"WebSite\",\"@id\":\"https:\/\/malinacosmetics.com\/#website\",\"url\":\"https:\/\/malinacosmetics.com\/\",\"name\":\"Malina Beauty Store\",\"description\":\"Prodaja korejske kozmetike za Crnu Goru\",\"publisher\":{\"@id\":\"https:\/\/malinacosmetics.com\/#organization\"},\"potentialAction\":[{\"@type\":\"SearchAction\",\"target\":{\"@type\":\"EntryPoint\",\"urlTemplate\":\"https:\/\/malinacosmetics.com\/?s={search_term_string}\"},\"query-input\":\"required name=search_term_string\"}],\"inLanguage\":\"sr-RS\"},{\"@type\":\"Organization\",\"@id\":\"https:\/\/malinacosmetics.com\/#organization\",\"name\":\"malinacosmetics\",\"url\":\"https:\/\/malinacosmetics.com\/\",\"logo\":{\"@type\":\"ImageObject\",\"inLanguage\":\"sr-RS\",\"@id\":\"https:\/\/malinacosmetics.com\/#\/schema\/logo\/image\/\",\"url\":\"https:\/\/malinacosmetics.com\/wp-content\/uploads\/2021\/07\/logo.png\",\"contentUrl\":\"https:\/\/malinacosmetics.com\/wp-content\/uploads\/2021\/07\/logo.png\",\"width\":500,\"height\":353,\"caption\":\"malinacosmetics\"},\"image\":{\"@id\":\"https:\/\/malinacosmetics.com\/#\/schema\/logo\/image\/\"},\"sameAs\":[\"https:\/\/www.facebook.com\/MalinaBeautyShopMe\/\"]}]}<\/script>\n<meta property=\"product:brand\" content=\"simple\" \/>\n<meta property=\"product:price:amount\" content=\"3.50\" \/>\n<meta property=\"product:price:currency\" content=\"EUR\" \/>\n<meta property=\"og:availability\" content=\"instock\" \/>\n<meta property=\"product:availability\" content=\"instock\" \/>\n<meta property=\"product:condition\" content=\"new\" \/>\n<!-- \/ Yoast SEO Premium plugin. -->","yoast_head_json":{"title":"Medi-Peel Glutathione Toning Tox Mask - Malina Beauty Store","robots":{"index":"index","follow":"follow","max-snippet":"max-snippet:-1","max-image-preview":"max-image-preview:large","max-video-preview":"max-video-preview:-1"},"canonical":"https:\/\/malinacosmetics.com\/sr\/\u043f\u0440\u043e\u0438\u0437\u0432\u043e\u0434\/medi-peel-glutathione-toning-tox-mask\/","og_locale":"sr_RS","og_type":"article","og_title":"Medi-Peel Glutathione Toning Tox Mask","og_description":"\u041e\u0441\u0432\u0435\u0442\u043b\u044f\u044e\u0449\u0430\u044f \u0442\u043a\u0430\u043d\u0435\u0432\u0430\u044f \u043c\u0430\u0441\u043a\u0430 \u0441 \u0433\u043b\u0443\u0442\u0430\u0442\u0438\u043e\u043d\u043e\u043c \u0434\u043b\u044f \u0432\u044b\u0440\u0430\u0432\u043d\u0438\u0432\u0430\u043d\u0438\u044f \u0442\u043e\u043d\u0430 \u043a\u043e\u0436\u0438. 25ml","og_url":"https:\/\/malinacosmetics.com\/sr\/\u043f\u0440\u043e\u0438\u0437\u0432\u043e\u0434\/medi-peel-glutathione-toning-tox-mask\/","og_site_name":"Malina Beauty Store","article_publisher":"https:\/\/www.facebook.com\/MalinaBeautyShopMe\/","article_modified_time":"2025-12-05T10:54:55+00:00","og_image":[{"width":1200,"height":1200,"url":"https:\/\/malinacosmetics.com\/wp-content\/uploads\/2025\/03\/Medi-Peel-Glutathione-Toning-Tox-Mask1.jpg","type":"image\/jpeg"}],"twitter_card":"summary_large_image","schema":{"@context":"https:\/\/schema.org","@graph":[{"@type":["WebPage","ItemPage"],"@id":"https:\/\/malinacosmetics.com\/product\/medi-peel-glutathione-toning-tox-mask\/","url":"https:\/\/malinacosmetics.com\/product\/medi-peel-glutathione-toning-tox-mask\/","name":"Medi-Peel Glutathione Toning Tox Mask - Malina Beauty Store","isPartOf":{"@id":"https:\/\/malinacosmetics.com\/#website"},"datePublished":"2025-03-20T16:04:22+00:00","dateModified":"2025-12-05T10:54:55+00:00","breadcrumb":{"@id":"https:\/\/malinacosmetics.com\/product\/medi-peel-glutathione-toning-tox-mask\/#breadcrumb"},"inLanguage":"sr-RS","potentialAction":[{"@type":"ReadAction","target":["https:\/\/malinacosmetics.com\/product\/medi-peel-glutathione-toning-tox-mask\/"]}]},{"@type":"BreadcrumbList","@id":"https:\/\/malinacosmetics.com\/product\/medi-peel-glutathione-toning-tox-mask\/#breadcrumb","itemListElement":[{"@type":"ListItem","position":1,"name":"\u0413\u043b\u0430\u0432\u043d\u0430\u044f \u0441\u0442\u0440\u0430\u043d\u0438\u0446\u0430","item":"https:\/\/malinacosmetics.com\/"},{"@type":"ListItem","position":2,"name":"\u041a\u0430\u0442\u0430\u043b\u043e\u0433","item":"https:\/\/malinacosmetics.com\/sr\/shop\/"},{"@type":"ListItem","position":3,"name":"Medi-Peel Glutathione Toning Tox Mask"}]},{"@type":"WebSite","@id":"https:\/\/malinacosmetics.com\/#website","url":"https:\/\/malinacosmetics.com\/","name":"Malina Beauty Store","description":"Prodaja korejske kozmetike za Crnu Goru","publisher":{"@id":"https:\/\/malinacosmetics.com\/#organization"},"potentialAction":[{"@type":"SearchAction","target":{"@type":"EntryPoint","urlTemplate":"https:\/\/malinacosmetics.com\/?s={search_term_string}"},"query-input":"required name=search_term_string"}],"inLanguage":"sr-RS"},{"@type":"Organization","@id":"https:\/\/malinacosmetics.com\/#organization","name":"malinacosmetics","url":"https:\/\/malinacosmetics.com\/","logo":{"@type":"ImageObject","inLanguage":"sr-RS","@id":"https:\/\/malinacosmetics.com\/#\/schema\/logo\/image\/","url":"https:\/\/malinacosmetics.com\/wp-content\/uploads\/2021\/07\/logo.png","contentUrl":"https:\/\/malinacosmetics.com\/wp-content\/uploads\/2021\/07\/logo.png","width":500,"height":353,"caption":"malinacosmetics"},"image":{"@id":"https:\/\/malinacosmetics.com\/#\/schema\/logo\/image\/"},"sameAs":["https:\/\/www.facebook.com\/MalinaBeautyShopMe\/"]}]},"product_brand":"simple","product_price_amount":"3.50","product_price_currency":"EUR","og_availability":"instock","product_availability":"instock","product_condition":"new"},"jetpack_sharing_enabled":true,"_links":{"self":[{"href":"https:\/\/malinacosmetics.com\/sr\/wp-json\/wp\/v2\/product\/7016","targetHints":{"allow":["GET"]}}],"collection":[{"href":"https:\/\/malinacosmetics.com\/sr\/wp-json\/wp\/v2\/product"}],"about":[{"href":"https:\/\/malinacosmetics.com\/sr\/wp-json\/wp\/v2\/types\/product"}],"wp:featuredmedia":[{"embeddable":true,"href":"https:\/\/malinacosmetics.com\/sr\/wp-json\/wp\/v2\/media\/7017"}],"wp:attachment":[{"href":"https:\/\/malinacosmetics.com\/sr\/wp-json\/wp\/v2\/media?parent=7016"}],"wp:term":[{"taxonomy":"product_brand","embeddable":true,"href":"https:\/\/malinacosmetics.com\/sr\/wp-json\/wp\/v2\/product_brand?post=7016"},{"taxonomy":"product_cat","embeddable":true,"href":"https:\/\/malinacosmetics.com\/sr\/wp-json\/wp\/v2\/product_cat?post=7016"},{"taxonomy":"product_tag","embeddable":true,"href":"https:\/\/malinacosmetics.com\/sr\/wp-json\/wp\/v2\/product_tag?post=7016"}],"curies":[{"name":"wp","href":"https:\/\/api.w.org\/{rel}","templated":true}]}}