{"id":7002,"date":"2025-03-20T17:17:27","date_gmt":"2025-03-20T16:17:27","guid":{"rendered":"https:\/\/malinacosmetics.com\/?post_type=product&#038;p=7002"},"modified":"2025-04-14T15:38:08","modified_gmt":"2025-04-14T13:38:08","slug":"medi-peel-glutathione-crystal-tomato-ampoule-mask","status":"publish","type":"product","link":"https:\/\/malinacosmetics.com\/sr\/\u043f\u0440\u043e\u0438\u0437\u0432\u043e\u0434\/medi-peel-glutathione-crystal-tomato-ampoule-mask\/","title":{"rendered":"Medi-Peel Glutathione Crystal Tomato Ampoule Mask"},"content":{"rendered":"<p class=\"translation-block\">Osvetljuju\u0107a maska sa glutationom i ekstraktom paradajza stvorena je za intenzivno osvetljavanje, hidrataciju i obnovu ko\u017ee. Formula je oboga\u0107ena <i>glutationom<\/i>, <i>ekstraktom paradajza<\/i> i <i>niacinamidom<\/i>, koji ujedna\u010davaju ton, daju ko\u017ei sjaj i sve\u017einu. Dodatno, maska sadr\u017ei <i>hidrolizovanu hijaluronsku kiselinu<\/i> i njene derivate, <i>ceramide<\/i> i kompleks ekstrakata superhrane, koji obezbe\u0111uju duboku hidrataciju, ja\u010danje za\u0161titne barijere ko\u017ee i dejstvo protiv starenja.<br>\n\nMekani sloj od Tencela \u010dvrsto prijanja uz ko\u017eu, poma\u017eu\u0107i aktivnim sastojcima da prodru u dublje slojeve bez izazivanja iritacije. Maska je pogodna za sve tipove ko\u017ee, posebno za umornu, sklonu hiperpigmentaciji i gubitku tonusa.<br>\n\nKlju\u010dni aktivni sastojci i njihovo delovanje:<br>  \n<i>Glutation<\/i> (100 ppb) zajedno sa <i>feruli\u010dnom kiselinom<\/i> \u2013 mo\u0107ni antioksidansi, koji poma\u017eu u osvetljavanju hiperpigmentacije, uklanjaju be\u017eivotan izgled ko\u017ee i \u0161tite je od oksidativnog stresa i prevremenog starenja.<br>  \n<i>Arbutin<\/i> inhibira aktivnost tirozinaze, blokira sintezu melanina, osvetljava postoje\u0107u hiperpigmentaciju i spre\u010dava pojavu novih tamnih fleka.<br>  \n<i>Niacinamid<\/i> osvetljava, su\u017eava pore, reguli\u0161e rad lojnih \u017elezda, spre\u010dava upale i ujedna\u010dava teksturu ko\u017ee.<br>  \n<i>Ekstrakt paradajza<\/i> (3 ppm) bogat je likopenom, poznatim po svom antioksidativnom, hidratantnom i ujedna\u010davaju\u0107em dejstvu na ton ko\u017ee.<br>  \n<i>Hijaluronska kiselina<\/i> i njeni derivati intenzivno hidriraju, zadr\u017eavaju vlagu u ko\u017ei, zagla\u0111uju je i pove\u0107avaju njenu elasti\u010dnost.<br>  \n<i>Ceramidi<\/i> ja\u010daju za\u0161titnu barijeru ko\u017ee, spre\u010davaju gubitak vlage, \u0161tite od iritacija i spolja\u0161njih faktora.<br>  \n<i>Kompleks superhrane<\/i> (ekstrakti vu\u010djeg trna, divlje ru\u017ee, maline, smokve, goji bobica, zelenog \u010daja i grejpfruta) hrani ko\u017eu vitaminima, mineralima i antioksidansima, pobolj\u0161ava mikrocirkulaciju i \u0161titi od oksidativnog stresa.<br>  \n<i>Adenozin<\/i> \u2013 sastojak sa efektom protiv starenja, pove\u0107ava \u010dvrstinu ko\u017ee, zagla\u0111uje bore i pobolj\u0161ava tonus.<br>  \n<i>Kompleks od 4 peptida<\/i> (Copper Tripeptide-1, Acetyl Hexapeptide-8, Oligopeptide-32, Oligopeptide-29) stimuli\u0161e regeneraciju, pove\u0107ava elasti\u010dnost i pobolj\u0161ava gustinu ko\u017ee.<\/p>\n<p><strong><br>Na\u010din upotrebe:<\/strong> O\u010distite ko\u017eu, nanesite tonik, zatim nanesite masku na lice i ostavite da deluje 20-30 minuta. Preostalu esenciju ne\u017eno umasirajte u ko\u017eu lica, vrata i dekoltea.<\/p>\n<hr \/>\n<p><em><strong>Sastojci:<\/strong> Aqua, Glycerin, Dipropylene Glycol, Niacinamide, 1,2-Hexanediol, Carbomer, Arginine, Polysorbate 20, Xanthan Gum, Betaine, Allantoin, Disodium EDTA, Butylene Glycol, Sodium Hyaluronate, Arbutin, Hydrolyzed Extensin, Hippophae Rhamnoides Fruit Extract, Rosa Canina Fruit Extract, Solanum Lycopersicum (Tomato) Fruit Extract (3 ppm), Carnosine, Caprylic\/Capric Triglyceride, Citrus Paradisi (Grapefruit) Fruit Extract, Phyllanthus Emblica Fruit Extract, Ficus Carica (Fig) Fruit Extract, Rubus Idaeus (Raspberry) Fruit Extract, Camellia Sinensis Seed Extract, Lycium Chinense Fruit Extract, Ethylhexylglycerin, Ceramide NP, Hydrogenated Lecithin, Hyaluronic Acid, Ferulic Acid, Copper Tripeptide-1, Acetyl Hexapeptide-8, Glutathione (100 ppb), Hydrolyzed Hyaluronic Acid, Hydrolyzed Sodium Hyaluronate, Oligopeptide-32, Oligopeptide-29, Hydrolyzed Glycosaminoglycans, Hydroxypropyltrimonium Hyaluronate, Sodium Hyaluronate Crosspolymer, Sodium Acetylated Hyaluronate, Dimethylsilanol Hyaluronate, Fragrance.<\/em><\/p>\n<div><\/div>","protected":false},"excerpt":{"rendered":"<p>Osvetljuju\u0107a maska sa glutationom i ekstraktom paradajza. 25ml<\/p>","protected":false},"featured_media":7003,"template":"","meta":{"_acf_changed":false},"product_brand":[],"product_cat":[575,458,462,224,349,86,437,518,443,353,481,296],"product_tag":[404],"class_list":{"0":"post-7002","1":"product","2":"type-product","3":"status-publish","4":"has-post-thumbnail","6":"product_cat-vyravnivanie-tona","7":"product_cat-pigmentation","8":"product_cat-dryness","9":"product_cat-antiage","10":"product_cat-brightening","11":"product_cat-moisturizing","12":"product_cat-alltypesofskin","13":"product_cat-dehydratedskin","14":"product_cat-dryskin","15":"product_cat-masks","16":"product_cat-sheetmask","17":"product_cat-medi-peel","18":"product_tag-glutathione","20":"first","21":"instock","22":"shipping-taxable","23":"purchasable","24":"product-type-simple"},"acf":[],"yoast_head":"<!-- This site is optimized with the Yoast SEO Premium plugin v19.6 (Yoast SEO v20.11) - https:\/\/yoast.com\/wordpress\/plugins\/seo\/ -->\n<title>Medi-Peel Glutathione Crystal Tomato Ampoule Mask - Malina Beauty Store<\/title>\n<meta name=\"robots\" content=\"index, follow, max-snippet:-1, max-image-preview:large, max-video-preview:-1\" \/>\n<link rel=\"canonical\" href=\"https:\/\/malinacosmetics.com\/sr\/\u043f\u0440\u043e\u0438\u0437\u0432\u043e\u0434\/medi-peel-glutathione-crystal-tomato-ampoule-mask\/\" \/>\n<meta property=\"og:locale\" content=\"sr_RS\" \/>\n<meta property=\"og:type\" content=\"article\" \/>\n<meta property=\"og:title\" content=\"Medi-Peel Glutathione Crystal Tomato Ampoule Mask\" \/>\n<meta property=\"og:description\" content=\"\u041e\u0441\u0432\u0435\u0442\u043b\u044f\u044e\u0449\u0430\u044f \u043c\u0430\u0441\u043a\u0430 \u0441 \u0433\u043b\u0443\u0442\u0430\u0442\u0438\u043e\u043d\u043e\u043c \u0438 \u044d\u043a\u0441\u0442\u0440\u0430\u043a\u0442\u043e\u043c \u0442\u043e\u043c\u0430\u0442\u0430. 25ml\" \/>\n<meta property=\"og:url\" content=\"https:\/\/malinacosmetics.com\/sr\/\u043f\u0440\u043e\u0438\u0437\u0432\u043e\u0434\/medi-peel-glutathione-crystal-tomato-ampoule-mask\/\" \/>\n<meta property=\"og:site_name\" content=\"Malina Beauty Store\" \/>\n<meta property=\"article:publisher\" content=\"https:\/\/www.facebook.com\/MalinaBeautyShopMe\/\" \/>\n<meta property=\"article:modified_time\" content=\"2025-04-14T13:38:08+00:00\" \/>\n<meta property=\"og:image\" content=\"https:\/\/malinacosmetics.com\/wp-content\/uploads\/2025\/03\/Medi-Peel-Glutathione-Crystal-Tomato-Ampoule-Mask1.jpg\" \/>\n\t<meta property=\"og:image:width\" content=\"1200\" \/>\n\t<meta property=\"og:image:height\" content=\"1200\" \/>\n\t<meta property=\"og:image:type\" content=\"image\/jpeg\" \/>\n<meta name=\"twitter:card\" content=\"summary_large_image\" \/>\n<script type=\"application\/ld+json\" class=\"yoast-schema-graph\">{\"@context\":\"https:\/\/schema.org\",\"@graph\":[{\"@type\":[\"WebPage\",\"ItemPage\"],\"@id\":\"https:\/\/malinacosmetics.com\/product\/medi-peel-glutathione-crystal-tomato-ampoule-mask\/\",\"url\":\"https:\/\/malinacosmetics.com\/product\/medi-peel-glutathione-crystal-tomato-ampoule-mask\/\",\"name\":\"Medi-Peel Glutathione Crystal Tomato Ampoule Mask - Malina Beauty Store\",\"isPartOf\":{\"@id\":\"https:\/\/malinacosmetics.com\/#website\"},\"datePublished\":\"2025-03-20T16:17:27+00:00\",\"dateModified\":\"2025-04-14T13:38:08+00:00\",\"breadcrumb\":{\"@id\":\"https:\/\/malinacosmetics.com\/product\/medi-peel-glutathione-crystal-tomato-ampoule-mask\/#breadcrumb\"},\"inLanguage\":\"sr-RS\",\"potentialAction\":[{\"@type\":\"ReadAction\",\"target\":[\"https:\/\/malinacosmetics.com\/product\/medi-peel-glutathione-crystal-tomato-ampoule-mask\/\"]}]},{\"@type\":\"BreadcrumbList\",\"@id\":\"https:\/\/malinacosmetics.com\/product\/medi-peel-glutathione-crystal-tomato-ampoule-mask\/#breadcrumb\",\"itemListElement\":[{\"@type\":\"ListItem\",\"position\":1,\"name\":\"\u0413\u043b\u0430\u0432\u043d\u0430\u044f \u0441\u0442\u0440\u0430\u043d\u0438\u0446\u0430\",\"item\":\"https:\/\/malinacosmetics.com\/\"},{\"@type\":\"ListItem\",\"position\":2,\"name\":\"\u041a\u0430\u0442\u0430\u043b\u043e\u0433\",\"item\":\"https:\/\/malinacosmetics.com\/sr\/shop\/\"},{\"@type\":\"ListItem\",\"position\":3,\"name\":\"Medi-Peel Glutathione Crystal Tomato Ampoule Mask\"}]},{\"@type\":\"WebSite\",\"@id\":\"https:\/\/malinacosmetics.com\/#website\",\"url\":\"https:\/\/malinacosmetics.com\/\",\"name\":\"Malina Beauty Store\",\"description\":\"Prodaja korejske kozmetike za Crnu Goru\",\"publisher\":{\"@id\":\"https:\/\/malinacosmetics.com\/#organization\"},\"potentialAction\":[{\"@type\":\"SearchAction\",\"target\":{\"@type\":\"EntryPoint\",\"urlTemplate\":\"https:\/\/malinacosmetics.com\/?s={search_term_string}\"},\"query-input\":\"required name=search_term_string\"}],\"inLanguage\":\"sr-RS\"},{\"@type\":\"Organization\",\"@id\":\"https:\/\/malinacosmetics.com\/#organization\",\"name\":\"malinacosmetics\",\"url\":\"https:\/\/malinacosmetics.com\/\",\"logo\":{\"@type\":\"ImageObject\",\"inLanguage\":\"sr-RS\",\"@id\":\"https:\/\/malinacosmetics.com\/#\/schema\/logo\/image\/\",\"url\":\"https:\/\/malinacosmetics.com\/wp-content\/uploads\/2021\/07\/logo.png\",\"contentUrl\":\"https:\/\/malinacosmetics.com\/wp-content\/uploads\/2021\/07\/logo.png\",\"width\":500,\"height\":353,\"caption\":\"malinacosmetics\"},\"image\":{\"@id\":\"https:\/\/malinacosmetics.com\/#\/schema\/logo\/image\/\"},\"sameAs\":[\"https:\/\/www.facebook.com\/MalinaBeautyShopMe\/\"]}]}<\/script>\n<meta property=\"product:brand\" content=\"simple\" \/>\n<meta property=\"product:price:amount\" content=\"2.50\" \/>\n<meta property=\"product:price:currency\" content=\"EUR\" \/>\n<meta property=\"og:availability\" content=\"instock\" \/>\n<meta property=\"product:availability\" content=\"instock\" \/>\n<meta property=\"product:condition\" content=\"new\" \/>\n<!-- \/ Yoast SEO Premium plugin. -->","yoast_head_json":{"title":"Medi-Peel Glutathione Crystal Tomato Ampoule Mask - Malina Beauty Store","robots":{"index":"index","follow":"follow","max-snippet":"max-snippet:-1","max-image-preview":"max-image-preview:large","max-video-preview":"max-video-preview:-1"},"canonical":"https:\/\/malinacosmetics.com\/sr\/\u043f\u0440\u043e\u0438\u0437\u0432\u043e\u0434\/medi-peel-glutathione-crystal-tomato-ampoule-mask\/","og_locale":"sr_RS","og_type":"article","og_title":"Medi-Peel Glutathione Crystal Tomato Ampoule Mask","og_description":"\u041e\u0441\u0432\u0435\u0442\u043b\u044f\u044e\u0449\u0430\u044f \u043c\u0430\u0441\u043a\u0430 \u0441 \u0433\u043b\u0443\u0442\u0430\u0442\u0438\u043e\u043d\u043e\u043c \u0438 \u044d\u043a\u0441\u0442\u0440\u0430\u043a\u0442\u043e\u043c \u0442\u043e\u043c\u0430\u0442\u0430. 25ml","og_url":"https:\/\/malinacosmetics.com\/sr\/\u043f\u0440\u043e\u0438\u0437\u0432\u043e\u0434\/medi-peel-glutathione-crystal-tomato-ampoule-mask\/","og_site_name":"Malina Beauty Store","article_publisher":"https:\/\/www.facebook.com\/MalinaBeautyShopMe\/","article_modified_time":"2025-04-14T13:38:08+00:00","og_image":[{"width":1200,"height":1200,"url":"https:\/\/malinacosmetics.com\/wp-content\/uploads\/2025\/03\/Medi-Peel-Glutathione-Crystal-Tomato-Ampoule-Mask1.jpg","type":"image\/jpeg"}],"twitter_card":"summary_large_image","schema":{"@context":"https:\/\/schema.org","@graph":[{"@type":["WebPage","ItemPage"],"@id":"https:\/\/malinacosmetics.com\/product\/medi-peel-glutathione-crystal-tomato-ampoule-mask\/","url":"https:\/\/malinacosmetics.com\/product\/medi-peel-glutathione-crystal-tomato-ampoule-mask\/","name":"Medi-Peel Glutathione Crystal Tomato Ampoule Mask - Malina Beauty Store","isPartOf":{"@id":"https:\/\/malinacosmetics.com\/#website"},"datePublished":"2025-03-20T16:17:27+00:00","dateModified":"2025-04-14T13:38:08+00:00","breadcrumb":{"@id":"https:\/\/malinacosmetics.com\/product\/medi-peel-glutathione-crystal-tomato-ampoule-mask\/#breadcrumb"},"inLanguage":"sr-RS","potentialAction":[{"@type":"ReadAction","target":["https:\/\/malinacosmetics.com\/product\/medi-peel-glutathione-crystal-tomato-ampoule-mask\/"]}]},{"@type":"BreadcrumbList","@id":"https:\/\/malinacosmetics.com\/product\/medi-peel-glutathione-crystal-tomato-ampoule-mask\/#breadcrumb","itemListElement":[{"@type":"ListItem","position":1,"name":"\u0413\u043b\u0430\u0432\u043d\u0430\u044f \u0441\u0442\u0440\u0430\u043d\u0438\u0446\u0430","item":"https:\/\/malinacosmetics.com\/"},{"@type":"ListItem","position":2,"name":"\u041a\u0430\u0442\u0430\u043b\u043e\u0433","item":"https:\/\/malinacosmetics.com\/sr\/shop\/"},{"@type":"ListItem","position":3,"name":"Medi-Peel Glutathione Crystal Tomato Ampoule Mask"}]},{"@type":"WebSite","@id":"https:\/\/malinacosmetics.com\/#website","url":"https:\/\/malinacosmetics.com\/","name":"Malina Beauty Store","description":"Prodaja korejske kozmetike za Crnu Goru","publisher":{"@id":"https:\/\/malinacosmetics.com\/#organization"},"potentialAction":[{"@type":"SearchAction","target":{"@type":"EntryPoint","urlTemplate":"https:\/\/malinacosmetics.com\/?s={search_term_string}"},"query-input":"required name=search_term_string"}],"inLanguage":"sr-RS"},{"@type":"Organization","@id":"https:\/\/malinacosmetics.com\/#organization","name":"malinacosmetics","url":"https:\/\/malinacosmetics.com\/","logo":{"@type":"ImageObject","inLanguage":"sr-RS","@id":"https:\/\/malinacosmetics.com\/#\/schema\/logo\/image\/","url":"https:\/\/malinacosmetics.com\/wp-content\/uploads\/2021\/07\/logo.png","contentUrl":"https:\/\/malinacosmetics.com\/wp-content\/uploads\/2021\/07\/logo.png","width":500,"height":353,"caption":"malinacosmetics"},"image":{"@id":"https:\/\/malinacosmetics.com\/#\/schema\/logo\/image\/"},"sameAs":["https:\/\/www.facebook.com\/MalinaBeautyShopMe\/"]}]},"product_brand":"simple","product_price_amount":"2.50","product_price_currency":"EUR","og_availability":"instock","product_availability":"instock","product_condition":"new"},"jetpack_sharing_enabled":true,"_links":{"self":[{"href":"https:\/\/malinacosmetics.com\/sr\/wp-json\/wp\/v2\/product\/7002","targetHints":{"allow":["GET"]}}],"collection":[{"href":"https:\/\/malinacosmetics.com\/sr\/wp-json\/wp\/v2\/product"}],"about":[{"href":"https:\/\/malinacosmetics.com\/sr\/wp-json\/wp\/v2\/types\/product"}],"wp:featuredmedia":[{"embeddable":true,"href":"https:\/\/malinacosmetics.com\/sr\/wp-json\/wp\/v2\/media\/7003"}],"wp:attachment":[{"href":"https:\/\/malinacosmetics.com\/sr\/wp-json\/wp\/v2\/media?parent=7002"}],"wp:term":[{"taxonomy":"product_brand","embeddable":true,"href":"https:\/\/malinacosmetics.com\/sr\/wp-json\/wp\/v2\/product_brand?post=7002"},{"taxonomy":"product_cat","embeddable":true,"href":"https:\/\/malinacosmetics.com\/sr\/wp-json\/wp\/v2\/product_cat?post=7002"},{"taxonomy":"product_tag","embeddable":true,"href":"https:\/\/malinacosmetics.com\/sr\/wp-json\/wp\/v2\/product_tag?post=7002"}],"curies":[{"name":"wp","href":"https:\/\/api.w.org\/{rel}","templated":true}]}}