{"id":6983,"date":"2025-03-09T18:17:29","date_gmt":"2025-03-09T17:17:29","guid":{"rendered":"https:\/\/malinacosmetics.com\/?post_type=product&#038;p=6983"},"modified":"2025-07-30T13:36:05","modified_gmt":"2025-07-30T11:36:05","slug":"lador-root-re-boot-awakening-shampoo-red-ginseng-beer-yeast800ml","status":"publish","type":"product","link":"https:\/\/malinacosmetics.com\/sr\/\u043f\u0440\u043e\u0438\u0437\u0432\u043e\u0434\/lador-root-re-boot-awakening-shampoo-red-ginseng-beer-yeast800ml\/","title":{"rendered":"LADOR Root Re-Boot Awakening Shampoo Red Ginseng &#038; Beer Yeast"},"content":{"rendered":"<p class=\"translation-block\">Tonizuju\u0107i \u0161ampon za rast kose Lador Root Re-Boot Awakening Shampoo Red Ginseng &amp; Beer Yeast efikasno \u010disti ko\u017eu glave, pobolj\u0161ava mikrocirkulaciju, stimuli\u0161e rast kose, dodaje sjaj i elasti\u010dnost. Proizvod osve\u017eava tokom pranja, uklanja vi\u0161ak sebuma i mrtve \u010destice ko\u017ee, a ne isu\u0161uje, \u0161to ga \u010dini odli\u010dnim za suvu ko\u017eu glave. Ubla\u017eava simptome gubitka kose i stvara povoljne uslove za zdrav rast kose.<br>\nDaje prijatnu aromu zahvaljuju\u0107i kompoziciji parfema: gornje note - lajm, grejpfrut, bergamot, narand\u017ea; srednje  - lotos, zelene note; bazne  - sandal, mo\u0161us i drvene note.<br>\nGlavni aktivni sastojci:<br>\nEkstrakt korena crvenog ginsenga sadr\u017ei saponine - supstance koje aktiviraju uspavane folikule dlake i pobolj\u0161avaju mikrocirkulaciju, \u010dime se ubrzava rast kose. Ekstrakt ginsenga tako\u0111e le\u010di ko\u017eu glave i pru\u017ea antioksidativnu za\u0161titu.<br>\nEkstrakt pivskog kvasca je bogat alfa-lipoi\u010dnom kiselinom i vitaminima. Spre\u010dava gubitak kose, stimuli\u0161e njen rast, vla\u017ei ko\u017eu glave i bori se protiv iritacije.<br>\nBiotin (vitamin B7) sadr\u017ei korisne mikroelemente koji podsti\u010du rast kose i stimuli\u0161u bu\u0111enje folikula dlake. Intenzivno hrani i obnavlja kosu u samom korenu, vla\u017ei ko\u017eu glave i poma\u017ee u zaceljivanju o\u0161te\u0107ene strukture kose.<br>\nNiacinamid (vitamin B3) hrani folikule kose, smiruje iritirano vlasi\u0161te i podsti\u010de aktivan rast. Pobolj\u0161ava mikrocirkulaciju, budi uspavane folikule dlake, \u010dine\u0107i kosu gu\u0161\u0107om i elasti\u010dnijom.<br>\nPantenol (vitamin B5) stimuli\u0161e intenzivan rast i bu\u0111enje folikula dlake, spre\u010dava opadanje kose, vla\u017ei i odr\u017eava optimalan nivo hidratacije.<br>\nMentol pobolj\u0161ava cirkulaciju krvi i ishranu folikula dlake, \u010dime stimuli\u0161e rast kose, a tako\u0111e normalizuje aktivnost lojnih \u017elezda.<br>\nSalicilna BHA kiselina \u010disti ko\u017eu glave, uklanja sebum i mrtve \u010destice, osve\u017eava, ubla\u017eava iritaciju i svrab.<br>\nPogodno za sve tipove kose, posebno za tanku, slabu ili sklonu opadanju kose.<\/p>\n<p><strong><br>Na\u010din upotrebe:<\/strong> Nanesite \u0161ampon na vla\u017enu ko\u017eu glave, umasirajte i isperite vodom.<\/p>\n<hr \/>\n<div>\n<p><em><b><em>Sastojci:<\/em><\/b> Water, Ammonium Laureth Sulfate, Ammonium Lauryl Sulfate, Sodium Lauryl Methylaminopropionate, Cocamidopropyl Betaine, Alcohol, Cetyl Alcohol, Menthol, Cocamide MEA, Phenoxyethanol, Sodium Benzoate, Guar Hydroxypropyltrimonium Chloride, Lauryl Alcohol, Salicylic Acid, Citric Acid, Panthenol, Ammonium Sulfate, Sodium Chloride, Malt Extract, Trihydroxystearin, Niacinamide, Polyquaternium-7, Disodium EDTA, Myristyl Alcohol, Disodium Cocoyl Glutamate, Stearyl Alcohol, Cl 17200, Panax Ginseng Root Extract, Propanediol, Butylene Glycol, 1,2-Hexanediol, Cuscuta Japonica Seed Extract, Anacardium Occidentale (Cashew) Extract, Saccharomyces Cerevisiae Extract, Pisum Sativum (Pea) Peptide, Biotin, Fragrance<\/em><\/p>\n<p><em><b><\/b><br \/>\n<\/em><\/p>\n<p>&nbsp;<\/p>\n<\/div>","protected":false},"excerpt":{"rendered":"<p>Tonizuju\u0107i \u0161ampon za rast kose. 800ml<\/p>","protected":false},"featured_media":6984,"template":"","meta":{"_acf_changed":false},"product_brand":[],"product_cat":[418,171,623,610,612,507,617,606,605,598,600,172],"product_tag":[585],"class_list":{"0":"post-6983","1":"product","2":"type-product","3":"status-publish","4":"has-post-thumbnail","6":"product_cat-lador","7":"product_cat-haircare","8":"product_cat-hair-restoration","9":"product_cat-hairpurifying","10":"product_cat-hairnutrition","11":"product_cat-hairloss","12":"product_cat-alltypehairs","13":"product_cat-damagedhair","14":"product_cat-dryhair","15":"product_cat-oilyscalp","16":"product_cat-normalscalp","17":"product_cat-shampoo","18":"product_tag-lador-root-re-boot","20":"first","21":"outofstock","22":"shipping-taxable","23":"purchasable","24":"product-type-simple"},"acf":[],"yoast_head":"<!-- This site is optimized with the Yoast SEO Premium plugin v19.6 (Yoast SEO v20.11) - https:\/\/yoast.com\/wordpress\/plugins\/seo\/ -->\n<title>LADOR Root Re-Boot Awakening Shampoo Red Ginseng &amp; Beer Yeast - Malina Beauty Store<\/title>\n<meta name=\"description\" content=\"LADOR Root Re-Boot Awakening Shampoo Red Ginseng &amp; Beer Yeast\" \/>\n<meta name=\"robots\" content=\"index, follow, max-snippet:-1, max-image-preview:large, max-video-preview:-1\" \/>\n<link rel=\"canonical\" href=\"https:\/\/malinacosmetics.com\/sr\/\u043f\u0440\u043e\u0438\u0437\u0432\u043e\u0434\/lador-root-re-boot-awakening-shampoo-red-ginseng-beer-yeast800ml\/\" \/>\n<meta property=\"og:locale\" content=\"sr_RS\" \/>\n<meta property=\"og:type\" content=\"article\" \/>\n<meta property=\"og:title\" content=\"LADOR Root Re-Boot Awakening Shampoo Red Ginseng &amp; Beer Yeast\" \/>\n<meta property=\"og:description\" content=\"LADOR Root Re-Boot Awakening Shampoo Red Ginseng &amp; Beer Yeast\" \/>\n<meta property=\"og:url\" content=\"https:\/\/malinacosmetics.com\/sr\/\u043f\u0440\u043e\u0438\u0437\u0432\u043e\u0434\/lador-root-re-boot-awakening-shampoo-red-ginseng-beer-yeast800ml\/\" \/>\n<meta property=\"og:site_name\" content=\"Malina Beauty Store\" \/>\n<meta property=\"article:publisher\" content=\"https:\/\/www.facebook.com\/MalinaBeautyShopMe\/\" \/>\n<meta property=\"article:modified_time\" content=\"2025-07-30T11:36:05+00:00\" \/>\n<meta property=\"og:image\" content=\"https:\/\/malinacosmetics.com\/wp-content\/uploads\/2025\/03\/Lador-Root-Re-Boot-Awakening-shampoo-red-ginseng-beer-yeast.-800ml.jpg\" \/>\n\t<meta property=\"og:image:width\" content=\"1200\" \/>\n\t<meta property=\"og:image:height\" content=\"1200\" \/>\n\t<meta property=\"og:image:type\" content=\"image\/jpeg\" \/>\n<meta name=\"twitter:card\" content=\"summary_large_image\" \/>\n<script type=\"application\/ld+json\" class=\"yoast-schema-graph\">{\"@context\":\"https:\/\/schema.org\",\"@graph\":[{\"@type\":[\"WebPage\",\"ItemPage\"],\"@id\":\"https:\/\/malinacosmetics.com\/product\/lador-root-re-boot-awakening-shampoo-red-ginseng-beer-yeast800ml\/\",\"url\":\"https:\/\/malinacosmetics.com\/product\/lador-root-re-boot-awakening-shampoo-red-ginseng-beer-yeast800ml\/\",\"name\":\"LADOR Root Re-Boot Awakening Shampoo Red Ginseng & Beer Yeast - Malina Beauty Store\",\"isPartOf\":{\"@id\":\"https:\/\/malinacosmetics.com\/#website\"},\"datePublished\":\"2025-03-09T17:17:29+00:00\",\"dateModified\":\"2025-07-30T11:36:05+00:00\",\"description\":\"LADOR Root Re-Boot Awakening Shampoo Red Ginseng & Beer Yeast\",\"breadcrumb\":{\"@id\":\"https:\/\/malinacosmetics.com\/product\/lador-root-re-boot-awakening-shampoo-red-ginseng-beer-yeast800ml\/#breadcrumb\"},\"inLanguage\":\"sr-RS\",\"potentialAction\":[{\"@type\":\"ReadAction\",\"target\":[\"https:\/\/malinacosmetics.com\/product\/lador-root-re-boot-awakening-shampoo-red-ginseng-beer-yeast800ml\/\"]}]},{\"@type\":\"BreadcrumbList\",\"@id\":\"https:\/\/malinacosmetics.com\/product\/lador-root-re-boot-awakening-shampoo-red-ginseng-beer-yeast800ml\/#breadcrumb\",\"itemListElement\":[{\"@type\":\"ListItem\",\"position\":1,\"name\":\"\u0413\u043b\u0430\u0432\u043d\u0430\u044f \u0441\u0442\u0440\u0430\u043d\u0438\u0446\u0430\",\"item\":\"https:\/\/malinacosmetics.com\/\"},{\"@type\":\"ListItem\",\"position\":2,\"name\":\"\u041a\u0430\u0442\u0430\u043b\u043e\u0433\",\"item\":\"https:\/\/malinacosmetics.com\/sr\/shop\/\"},{\"@type\":\"ListItem\",\"position\":3,\"name\":\"LADOR Root Re-Boot Awakening Shampoo Red Ginseng &#038; Beer Yeast\"}]},{\"@type\":\"WebSite\",\"@id\":\"https:\/\/malinacosmetics.com\/#website\",\"url\":\"https:\/\/malinacosmetics.com\/\",\"name\":\"Malina Beauty Store\",\"description\":\"Prodaja korejske kozmetike za Crnu Goru\",\"publisher\":{\"@id\":\"https:\/\/malinacosmetics.com\/#organization\"},\"potentialAction\":[{\"@type\":\"SearchAction\",\"target\":{\"@type\":\"EntryPoint\",\"urlTemplate\":\"https:\/\/malinacosmetics.com\/?s={search_term_string}\"},\"query-input\":\"required name=search_term_string\"}],\"inLanguage\":\"sr-RS\"},{\"@type\":\"Organization\",\"@id\":\"https:\/\/malinacosmetics.com\/#organization\",\"name\":\"malinacosmetics\",\"url\":\"https:\/\/malinacosmetics.com\/\",\"logo\":{\"@type\":\"ImageObject\",\"inLanguage\":\"sr-RS\",\"@id\":\"https:\/\/malinacosmetics.com\/#\/schema\/logo\/image\/\",\"url\":\"https:\/\/malinacosmetics.com\/wp-content\/uploads\/2021\/07\/logo.png\",\"contentUrl\":\"https:\/\/malinacosmetics.com\/wp-content\/uploads\/2021\/07\/logo.png\",\"width\":500,\"height\":353,\"caption\":\"malinacosmetics\"},\"image\":{\"@id\":\"https:\/\/malinacosmetics.com\/#\/schema\/logo\/image\/\"},\"sameAs\":[\"https:\/\/www.facebook.com\/MalinaBeautyShopMe\/\"]}]}<\/script>\n<meta property=\"product:brand\" content=\"simple\" \/>\n<meta property=\"product:price:amount\" content=\"27.00\" \/>\n<meta property=\"product:price:currency\" content=\"EUR\" \/>\n<meta property=\"og:availability\" content=\"out of stock\" \/>\n<meta property=\"product:availability\" content=\"out of stock\" \/>\n<meta property=\"product:condition\" content=\"new\" \/>\n<!-- \/ Yoast SEO Premium plugin. -->","yoast_head_json":{"title":"LADOR Root Re-Boot Awakening Shampoo Red Ginseng & Beer Yeast - Malina Beauty Store","description":"LADOR Root Re-Boot Awakening Shampoo Red Ginseng & Beer Yeast","robots":{"index":"index","follow":"follow","max-snippet":"max-snippet:-1","max-image-preview":"max-image-preview:large","max-video-preview":"max-video-preview:-1"},"canonical":"https:\/\/malinacosmetics.com\/sr\/\u043f\u0440\u043e\u0438\u0437\u0432\u043e\u0434\/lador-root-re-boot-awakening-shampoo-red-ginseng-beer-yeast800ml\/","og_locale":"sr_RS","og_type":"article","og_title":"LADOR Root Re-Boot Awakening Shampoo Red Ginseng & Beer Yeast","og_description":"LADOR Root Re-Boot Awakening Shampoo Red Ginseng & Beer Yeast","og_url":"https:\/\/malinacosmetics.com\/sr\/\u043f\u0440\u043e\u0438\u0437\u0432\u043e\u0434\/lador-root-re-boot-awakening-shampoo-red-ginseng-beer-yeast800ml\/","og_site_name":"Malina Beauty Store","article_publisher":"https:\/\/www.facebook.com\/MalinaBeautyShopMe\/","article_modified_time":"2025-07-30T11:36:05+00:00","og_image":[{"width":1200,"height":1200,"url":"https:\/\/malinacosmetics.com\/wp-content\/uploads\/2025\/03\/Lador-Root-Re-Boot-Awakening-shampoo-red-ginseng-beer-yeast.-800ml.jpg","type":"image\/jpeg"}],"twitter_card":"summary_large_image","schema":{"@context":"https:\/\/schema.org","@graph":[{"@type":["WebPage","ItemPage"],"@id":"https:\/\/malinacosmetics.com\/product\/lador-root-re-boot-awakening-shampoo-red-ginseng-beer-yeast800ml\/","url":"https:\/\/malinacosmetics.com\/product\/lador-root-re-boot-awakening-shampoo-red-ginseng-beer-yeast800ml\/","name":"LADOR Root Re-Boot Awakening Shampoo Red Ginseng & Beer Yeast - Malina Beauty Store","isPartOf":{"@id":"https:\/\/malinacosmetics.com\/#website"},"datePublished":"2025-03-09T17:17:29+00:00","dateModified":"2025-07-30T11:36:05+00:00","description":"LADOR Root Re-Boot Awakening Shampoo Red Ginseng & Beer Yeast","breadcrumb":{"@id":"https:\/\/malinacosmetics.com\/product\/lador-root-re-boot-awakening-shampoo-red-ginseng-beer-yeast800ml\/#breadcrumb"},"inLanguage":"sr-RS","potentialAction":[{"@type":"ReadAction","target":["https:\/\/malinacosmetics.com\/product\/lador-root-re-boot-awakening-shampoo-red-ginseng-beer-yeast800ml\/"]}]},{"@type":"BreadcrumbList","@id":"https:\/\/malinacosmetics.com\/product\/lador-root-re-boot-awakening-shampoo-red-ginseng-beer-yeast800ml\/#breadcrumb","itemListElement":[{"@type":"ListItem","position":1,"name":"\u0413\u043b\u0430\u0432\u043d\u0430\u044f \u0441\u0442\u0440\u0430\u043d\u0438\u0446\u0430","item":"https:\/\/malinacosmetics.com\/"},{"@type":"ListItem","position":2,"name":"\u041a\u0430\u0442\u0430\u043b\u043e\u0433","item":"https:\/\/malinacosmetics.com\/sr\/shop\/"},{"@type":"ListItem","position":3,"name":"LADOR Root Re-Boot Awakening Shampoo Red Ginseng &#038; Beer Yeast"}]},{"@type":"WebSite","@id":"https:\/\/malinacosmetics.com\/#website","url":"https:\/\/malinacosmetics.com\/","name":"Malina Beauty Store","description":"Prodaja korejske kozmetike za Crnu Goru","publisher":{"@id":"https:\/\/malinacosmetics.com\/#organization"},"potentialAction":[{"@type":"SearchAction","target":{"@type":"EntryPoint","urlTemplate":"https:\/\/malinacosmetics.com\/?s={search_term_string}"},"query-input":"required name=search_term_string"}],"inLanguage":"sr-RS"},{"@type":"Organization","@id":"https:\/\/malinacosmetics.com\/#organization","name":"malinacosmetics","url":"https:\/\/malinacosmetics.com\/","logo":{"@type":"ImageObject","inLanguage":"sr-RS","@id":"https:\/\/malinacosmetics.com\/#\/schema\/logo\/image\/","url":"https:\/\/malinacosmetics.com\/wp-content\/uploads\/2021\/07\/logo.png","contentUrl":"https:\/\/malinacosmetics.com\/wp-content\/uploads\/2021\/07\/logo.png","width":500,"height":353,"caption":"malinacosmetics"},"image":{"@id":"https:\/\/malinacosmetics.com\/#\/schema\/logo\/image\/"},"sameAs":["https:\/\/www.facebook.com\/MalinaBeautyShopMe\/"]}]},"product_brand":"simple","product_price_amount":"27.00","product_price_currency":"EUR","og_availability":"out of stock","product_availability":"out of stock","product_condition":"new"},"jetpack_sharing_enabled":true,"_links":{"self":[{"href":"https:\/\/malinacosmetics.com\/sr\/wp-json\/wp\/v2\/product\/6983","targetHints":{"allow":["GET"]}}],"collection":[{"href":"https:\/\/malinacosmetics.com\/sr\/wp-json\/wp\/v2\/product"}],"about":[{"href":"https:\/\/malinacosmetics.com\/sr\/wp-json\/wp\/v2\/types\/product"}],"wp:featuredmedia":[{"embeddable":true,"href":"https:\/\/malinacosmetics.com\/sr\/wp-json\/wp\/v2\/media\/6984"}],"wp:attachment":[{"href":"https:\/\/malinacosmetics.com\/sr\/wp-json\/wp\/v2\/media?parent=6983"}],"wp:term":[{"taxonomy":"product_brand","embeddable":true,"href":"https:\/\/malinacosmetics.com\/sr\/wp-json\/wp\/v2\/product_brand?post=6983"},{"taxonomy":"product_cat","embeddable":true,"href":"https:\/\/malinacosmetics.com\/sr\/wp-json\/wp\/v2\/product_cat?post=6983"},{"taxonomy":"product_tag","embeddable":true,"href":"https:\/\/malinacosmetics.com\/sr\/wp-json\/wp\/v2\/product_tag?post=6983"}],"curies":[{"name":"wp","href":"https:\/\/api.w.org\/{rel}","templated":true}]}}