{"id":6943,"date":"2025-02-20T16:50:28","date_gmt":"2025-02-20T15:50:28","guid":{"rendered":"https:\/\/malinacosmetics.com\/?post_type=product&#038;p=6943"},"modified":"2025-05-13T18:44:12","modified_gmt":"2025-05-13T16:44:12","slug":"celimax-pore-dark-spot-brightening-care-sunscreen","status":"publish","type":"product","link":"https:\/\/malinacosmetics.com\/sr\/\u043f\u0440\u043e\u0438\u0437\u0432\u043e\u0434\/celimax-pore-dark-spot-brightening-care-sunscreen\/","title":{"rendered":"CELIMAX Pore+Dark Spot Brightening Care Sunscreen SPF50+ PA++++"},"content":{"rendered":"<p class=\"translation-block\">Osvetljavaju\u0107a za\u0161titna krema za sun\u010danje Celimax Pore+Dark Spot Brightening Care Sunscreen SPF50+ PA++++ kombinuje za\u0161titu od UV zra\u010denja i osvetljavaju\u0107u negu. Nivo pH 5,5~7,5.<br>\nProizvod ne samo da spre\u010dava opekotine od sunca, pojavu hiperpigmentacija i fotostarenje, ve\u0107 tako\u0111e doprinosi osvetljavanju ve\u0107 postoje\u0107ih tamnih mrlja. Ujedna\u010dava ten, smanjuje izra\u017eenost postakni i crvenila, su\u017eava pro\u0161irene pore.<br>\nIma laganu teksturu esencije, ne ostavlja bele tragove. Ne sadr\u017ei mirise.<br>\nSadr\u017ei fotostabilne hemijske UV filtere nove generacije, koji ne zahtevaju ponovno nano\u0161enje u urbanim uslovima do 8 sati:<br>\n<i>Uvinul A Plus (Diethylamino Hydroxybenzoyl Hexyl Benzoate)<\/i> \u0161titi od UVA zraka.<br>  \n<i>Uvinul T 150 (Ethylhexyl Triazone)<\/i> \u0161titi od UVB zra\u010denja.<br>  \n<i>Tinosorb S (Methylene Bis-benzotriazolyl Tetramethylbutylphenol)<\/i> je \u0161irokospektralni filter koji \u0161titi od UVA i UVB zraka.<br>  \n<i>Iscotrizinol (Diethylhexyl Butamido Triazone)<\/i> apsorbuje UVB i UVA zrake, jedan je od najotpornijih filtera.<br>\nGlavni aktivni sastojci:<br>  \n5% <i>niacinamida (vitamin B3)<\/i> \u2013 efikasna koncentracija aktivnog sastojka. Ima vi\u0161estruko delovanje: reguli\u0161e lu\u010denje sebuma, elimini\u0161e masni sjaj, osvetljava i spre\u010dava pojavu hiperpigmentacija, a tako\u0111e stimuli\u0161e proizvodnju kolagena, pove\u0107avaju\u0107i \u010dvrsto\u0107u i elasti\u010dnost.<br>  \n1% <i>traneksaminske kiseline<\/i> \u2013 osvetljavaju\u0107i aktiv koji inhibira aktivnost tirozinaze \u2013 enzima koji pokre\u0107e proizvodnju melanina. Ne izaziva fotosenzitivnost, mo\u017ee se koristiti u dnevnoj nezi.<br>  \n0,1% <i>pantenola (vitamin B5)<\/i> ubrzava zaceljivanje mikropovreda, omek\u0161ava i umiruje ko\u017eu, smanjuje crvenilo i pobolj\u0161ava za\u0161titne funkcije epidermisa.<br>  \n<i>Tokoferol (vitamin E)<\/i> \u0161titi \u0107elije od o\u0161te\u0107enja slobodnim radikalima, spre\u010dava pojavu bora, odr\u017eava \u010dvrsto\u0107u i glatko\u0107u ko\u017ee.<br>  \n<i>Kvercetin<\/i> \u2013 polifenol prisutan u brokoliju, borovnicama i crvenom luku. Ima protivupalno i antioksidativno dejstvo. Dodatno stabilizuje UV filtere.<br>\nPogodno za normalnu, kombinovanu i masnu ko\u017eu.<br><\/p>\n<p><strong><br>Na\u010din upotrebe:<\/strong> Nakon svih koraka dnevne nege, naneti oko 1,2 ml proizvoda na lice i vrat 15-20 minuta pre izlaska na sunce, ravnomerno rasporediti po ko\u017ei. Obnavljati za\u0161titni sloj pri du\u017eem boravku na direktnom suncu (npr. na pla\u017ei) svakih 2-3 sata.<\/p>\n<hr \/>\n<p><em><strong>Sastojci:<\/strong> Water, Propanediol, Niacinamide, Dibutyl Adipate, Polymethylsilsesquioxane, Diisopropyl Sebacate, Diethylamino Hydroxybenzoyl Hexyl Benzoate, Ethylhexyl Triazone, Methylene Bis-benzotriazolyl Tetramethylbutylphenol, Coco-Caprylate\/Caprate, Diethylhexyl Butamido Triazone, 1,2-Hexanediol, Butylene Glycol, Caprylyl Methicone, Tranexamic Acid, Pentylene Glycol, Behenyl Alcohol, Poly C10-30 Alkyl Acrylate, Glycerin, Polyglyceryl-3 Methylglucose Distearate, Decyl Glucoside, Tromethamine, Carbomer, Acrylates\/C10-30 Alkyl Acrylate Crosspolymer, Panthenol, Sodium Stearoyl Glutamate, Polyacrylate Crosspolymer-6, Ethylhexylglycerin, Adenosine, Xanthan Gum, Tocopherol, Loquat Leaf Extract, Polyglyceryl-4 Isostearate, Caprylic\/Capric Triglyceride, Citric Acid, Spearmint Extract, Disteardimonium Hectorite, Quercetin<\/em><\/p>","protected":false},"excerpt":{"rendered":"<p>Osvetljavaju\u0107a za\u0161titna krema za sun\u010danje. 50ml<\/p>","protected":false},"featured_media":6944,"template":"","meta":{"_acf_changed":false},"product_brand":[],"product_cat":[635,639,470,575,458,461,462,349,86,231,438,440,441,340,468],"product_tag":[642],"class_list":{"0":"post-6943","1":"product","2":"type-product","3":"status-publish","4":"has-post-thumbnail","6":"product_cat-celimax","7":"product_cat-regulirovanie-sebuma","8":"product_cat-facecream","9":"product_cat-vyravnivanie-tona","10":"product_cat-pigmentation","11":"product_cat-pore","12":"product_cat-dryness","13":"product_cat-brightening","14":"product_cat-moisturizing","15":"product_cat-calming","16":"product_cat-oilyskin","17":"product_cat-combinationskin","18":"product_cat-normalskin","19":"product_cat-sunprotection","20":"product_cat-suncream","21":"product_tag-pore-dark-spot-brightening","23":"first","24":"outofstock","25":"shipping-taxable","26":"purchasable","27":"product-type-simple"},"acf":[],"yoast_head":"<!-- This site is optimized with the Yoast SEO Premium plugin v19.6 (Yoast SEO v20.11) - https:\/\/yoast.com\/wordpress\/plugins\/seo\/ -->\n<title>CELIMAX Pore+Dark Spot Brightening Care Sunscreen SPF50+ PA++++ - Malina Beauty Store<\/title>\n<meta name=\"robots\" content=\"index, follow, max-snippet:-1, max-image-preview:large, max-video-preview:-1\" \/>\n<link rel=\"canonical\" href=\"https:\/\/malinacosmetics.com\/sr\/\u043f\u0440\u043e\u0438\u0437\u0432\u043e\u0434\/celimax-pore-dark-spot-brightening-care-sunscreen\/\" \/>\n<meta property=\"og:locale\" content=\"sr_RS\" \/>\n<meta property=\"og:type\" content=\"article\" \/>\n<meta property=\"og:title\" content=\"CELIMAX Pore+Dark Spot Brightening Care Sunscreen SPF50+ PA++++\" \/>\n<meta property=\"og:description\" content=\"\u041e\u0441\u0432\u0435\u0442\u043b\u044f\u044e\u0449\u0438\u0439 \u0441\u043e\u043b\u043d\u0446\u0435\u0437\u0430\u0449\u0438\u0442\u043d\u044b\u0439 \u043a\u0440\u0435\u043c. 50ml\" \/>\n<meta property=\"og:url\" content=\"https:\/\/malinacosmetics.com\/sr\/\u043f\u0440\u043e\u0438\u0437\u0432\u043e\u0434\/celimax-pore-dark-spot-brightening-care-sunscreen\/\" \/>\n<meta property=\"og:site_name\" content=\"Malina Beauty Store\" \/>\n<meta property=\"article:publisher\" content=\"https:\/\/www.facebook.com\/MalinaBeautyShopMe\/\" \/>\n<meta property=\"article:modified_time\" content=\"2025-05-13T16:44:12+00:00\" \/>\n<meta property=\"og:image\" content=\"https:\/\/malinacosmetics.com\/wp-content\/uploads\/2025\/02\/Celimax-Pore-Dark-Spot-Brightening-Care-Sunscreen1-1.jpg\" \/>\n\t<meta property=\"og:image:width\" content=\"1442\" \/>\n\t<meta property=\"og:image:height\" content=\"1442\" \/>\n\t<meta property=\"og:image:type\" content=\"image\/jpeg\" \/>\n<meta name=\"twitter:card\" content=\"summary_large_image\" \/>\n<script type=\"application\/ld+json\" class=\"yoast-schema-graph\">{\"@context\":\"https:\/\/schema.org\",\"@graph\":[{\"@type\":[\"WebPage\",\"ItemPage\"],\"@id\":\"https:\/\/malinacosmetics.com\/product\/celimax-pore-dark-spot-brightening-care-sunscreen\/\",\"url\":\"https:\/\/malinacosmetics.com\/product\/celimax-pore-dark-spot-brightening-care-sunscreen\/\",\"name\":\"CELIMAX Pore+Dark Spot Brightening Care Sunscreen SPF50+ PA++++ - Malina Beauty Store\",\"isPartOf\":{\"@id\":\"https:\/\/malinacosmetics.com\/#website\"},\"datePublished\":\"2025-02-20T15:50:28+00:00\",\"dateModified\":\"2025-05-13T16:44:12+00:00\",\"breadcrumb\":{\"@id\":\"https:\/\/malinacosmetics.com\/product\/celimax-pore-dark-spot-brightening-care-sunscreen\/#breadcrumb\"},\"inLanguage\":\"sr-RS\",\"potentialAction\":[{\"@type\":\"ReadAction\",\"target\":[\"https:\/\/malinacosmetics.com\/product\/celimax-pore-dark-spot-brightening-care-sunscreen\/\"]}]},{\"@type\":\"BreadcrumbList\",\"@id\":\"https:\/\/malinacosmetics.com\/product\/celimax-pore-dark-spot-brightening-care-sunscreen\/#breadcrumb\",\"itemListElement\":[{\"@type\":\"ListItem\",\"position\":1,\"name\":\"\u0413\u043b\u0430\u0432\u043d\u0430\u044f \u0441\u0442\u0440\u0430\u043d\u0438\u0446\u0430\",\"item\":\"https:\/\/malinacosmetics.com\/\"},{\"@type\":\"ListItem\",\"position\":2,\"name\":\"\u041a\u0430\u0442\u0430\u043b\u043e\u0433\",\"item\":\"https:\/\/malinacosmetics.com\/sr\/shop\/\"},{\"@type\":\"ListItem\",\"position\":3,\"name\":\"CELIMAX Pore+Dark Spot Brightening Care Sunscreen SPF50+ PA++++\"}]},{\"@type\":\"WebSite\",\"@id\":\"https:\/\/malinacosmetics.com\/#website\",\"url\":\"https:\/\/malinacosmetics.com\/\",\"name\":\"Malina Beauty Store\",\"description\":\"Prodaja korejske kozmetike za Crnu Goru\",\"publisher\":{\"@id\":\"https:\/\/malinacosmetics.com\/#organization\"},\"potentialAction\":[{\"@type\":\"SearchAction\",\"target\":{\"@type\":\"EntryPoint\",\"urlTemplate\":\"https:\/\/malinacosmetics.com\/?s={search_term_string}\"},\"query-input\":\"required name=search_term_string\"}],\"inLanguage\":\"sr-RS\"},{\"@type\":\"Organization\",\"@id\":\"https:\/\/malinacosmetics.com\/#organization\",\"name\":\"malinacosmetics\",\"url\":\"https:\/\/malinacosmetics.com\/\",\"logo\":{\"@type\":\"ImageObject\",\"inLanguage\":\"sr-RS\",\"@id\":\"https:\/\/malinacosmetics.com\/#\/schema\/logo\/image\/\",\"url\":\"https:\/\/malinacosmetics.com\/wp-content\/uploads\/2021\/07\/logo.png\",\"contentUrl\":\"https:\/\/malinacosmetics.com\/wp-content\/uploads\/2021\/07\/logo.png\",\"width\":500,\"height\":353,\"caption\":\"malinacosmetics\"},\"image\":{\"@id\":\"https:\/\/malinacosmetics.com\/#\/schema\/logo\/image\/\"},\"sameAs\":[\"https:\/\/www.facebook.com\/MalinaBeautyShopMe\/\"]}]}<\/script>\n<meta property=\"product:brand\" content=\"simple\" \/>\n<meta property=\"product:price:amount\" content=\"29.00\" \/>\n<meta property=\"product:price:currency\" content=\"EUR\" \/>\n<meta property=\"og:availability\" content=\"out of stock\" \/>\n<meta property=\"product:availability\" content=\"out of stock\" \/>\n<meta property=\"product:condition\" content=\"new\" \/>\n<!-- \/ Yoast SEO Premium plugin. -->","yoast_head_json":{"title":"CELIMAX Pore+Dark Spot Brightening Care Sunscreen SPF50+ PA++++ - Malina Beauty Store","robots":{"index":"index","follow":"follow","max-snippet":"max-snippet:-1","max-image-preview":"max-image-preview:large","max-video-preview":"max-video-preview:-1"},"canonical":"https:\/\/malinacosmetics.com\/sr\/\u043f\u0440\u043e\u0438\u0437\u0432\u043e\u0434\/celimax-pore-dark-spot-brightening-care-sunscreen\/","og_locale":"sr_RS","og_type":"article","og_title":"CELIMAX Pore+Dark Spot Brightening Care Sunscreen SPF50+ PA++++","og_description":"\u041e\u0441\u0432\u0435\u0442\u043b\u044f\u044e\u0449\u0438\u0439 \u0441\u043e\u043b\u043d\u0446\u0435\u0437\u0430\u0449\u0438\u0442\u043d\u044b\u0439 \u043a\u0440\u0435\u043c. 50ml","og_url":"https:\/\/malinacosmetics.com\/sr\/\u043f\u0440\u043e\u0438\u0437\u0432\u043e\u0434\/celimax-pore-dark-spot-brightening-care-sunscreen\/","og_site_name":"Malina Beauty Store","article_publisher":"https:\/\/www.facebook.com\/MalinaBeautyShopMe\/","article_modified_time":"2025-05-13T16:44:12+00:00","og_image":[{"width":1442,"height":1442,"url":"https:\/\/malinacosmetics.com\/wp-content\/uploads\/2025\/02\/Celimax-Pore-Dark-Spot-Brightening-Care-Sunscreen1-1.jpg","type":"image\/jpeg"}],"twitter_card":"summary_large_image","schema":{"@context":"https:\/\/schema.org","@graph":[{"@type":["WebPage","ItemPage"],"@id":"https:\/\/malinacosmetics.com\/product\/celimax-pore-dark-spot-brightening-care-sunscreen\/","url":"https:\/\/malinacosmetics.com\/product\/celimax-pore-dark-spot-brightening-care-sunscreen\/","name":"CELIMAX Pore+Dark Spot Brightening Care Sunscreen SPF50+ PA++++ - Malina Beauty Store","isPartOf":{"@id":"https:\/\/malinacosmetics.com\/#website"},"datePublished":"2025-02-20T15:50:28+00:00","dateModified":"2025-05-13T16:44:12+00:00","breadcrumb":{"@id":"https:\/\/malinacosmetics.com\/product\/celimax-pore-dark-spot-brightening-care-sunscreen\/#breadcrumb"},"inLanguage":"sr-RS","potentialAction":[{"@type":"ReadAction","target":["https:\/\/malinacosmetics.com\/product\/celimax-pore-dark-spot-brightening-care-sunscreen\/"]}]},{"@type":"BreadcrumbList","@id":"https:\/\/malinacosmetics.com\/product\/celimax-pore-dark-spot-brightening-care-sunscreen\/#breadcrumb","itemListElement":[{"@type":"ListItem","position":1,"name":"\u0413\u043b\u0430\u0432\u043d\u0430\u044f \u0441\u0442\u0440\u0430\u043d\u0438\u0446\u0430","item":"https:\/\/malinacosmetics.com\/"},{"@type":"ListItem","position":2,"name":"\u041a\u0430\u0442\u0430\u043b\u043e\u0433","item":"https:\/\/malinacosmetics.com\/sr\/shop\/"},{"@type":"ListItem","position":3,"name":"CELIMAX Pore+Dark Spot Brightening Care Sunscreen SPF50+ PA++++"}]},{"@type":"WebSite","@id":"https:\/\/malinacosmetics.com\/#website","url":"https:\/\/malinacosmetics.com\/","name":"Malina Beauty Store","description":"Prodaja korejske kozmetike za Crnu Goru","publisher":{"@id":"https:\/\/malinacosmetics.com\/#organization"},"potentialAction":[{"@type":"SearchAction","target":{"@type":"EntryPoint","urlTemplate":"https:\/\/malinacosmetics.com\/?s={search_term_string}"},"query-input":"required name=search_term_string"}],"inLanguage":"sr-RS"},{"@type":"Organization","@id":"https:\/\/malinacosmetics.com\/#organization","name":"malinacosmetics","url":"https:\/\/malinacosmetics.com\/","logo":{"@type":"ImageObject","inLanguage":"sr-RS","@id":"https:\/\/malinacosmetics.com\/#\/schema\/logo\/image\/","url":"https:\/\/malinacosmetics.com\/wp-content\/uploads\/2021\/07\/logo.png","contentUrl":"https:\/\/malinacosmetics.com\/wp-content\/uploads\/2021\/07\/logo.png","width":500,"height":353,"caption":"malinacosmetics"},"image":{"@id":"https:\/\/malinacosmetics.com\/#\/schema\/logo\/image\/"},"sameAs":["https:\/\/www.facebook.com\/MalinaBeautyShopMe\/"]}]},"product_brand":"simple","product_price_amount":"29.00","product_price_currency":"EUR","og_availability":"out of stock","product_availability":"out of stock","product_condition":"new"},"jetpack_sharing_enabled":true,"_links":{"self":[{"href":"https:\/\/malinacosmetics.com\/sr\/wp-json\/wp\/v2\/product\/6943","targetHints":{"allow":["GET"]}}],"collection":[{"href":"https:\/\/malinacosmetics.com\/sr\/wp-json\/wp\/v2\/product"}],"about":[{"href":"https:\/\/malinacosmetics.com\/sr\/wp-json\/wp\/v2\/types\/product"}],"wp:featuredmedia":[{"embeddable":true,"href":"https:\/\/malinacosmetics.com\/sr\/wp-json\/wp\/v2\/media\/6944"}],"wp:attachment":[{"href":"https:\/\/malinacosmetics.com\/sr\/wp-json\/wp\/v2\/media?parent=6943"}],"wp:term":[{"taxonomy":"product_brand","embeddable":true,"href":"https:\/\/malinacosmetics.com\/sr\/wp-json\/wp\/v2\/product_brand?post=6943"},{"taxonomy":"product_cat","embeddable":true,"href":"https:\/\/malinacosmetics.com\/sr\/wp-json\/wp\/v2\/product_cat?post=6943"},{"taxonomy":"product_tag","embeddable":true,"href":"https:\/\/malinacosmetics.com\/sr\/wp-json\/wp\/v2\/product_tag?post=6943"}],"curies":[{"name":"wp","href":"https:\/\/api.w.org\/{rel}","templated":true}]}}