{"id":6942,"date":"2025-02-20T16:44:11","date_gmt":"2025-02-20T15:44:11","guid":{"rendered":"https:\/\/malinacosmetics.com\/?post_type=product&#038;p=6942"},"modified":"2025-07-19T08:24:14","modified_gmt":"2025-07-19T06:24:14","slug":"celimax-pore-dark-spot-brightening-cream","status":"publish","type":"product","link":"https:\/\/malinacosmetics.com\/sr\/\u043f\u0440\u043e\u0438\u0437\u0432\u043e\u0434\/celimax-pore-dark-spot-brightening-cream\/","title":{"rendered":"CELIMAX Pore+Dark Spot Brightening Cream"},"content":{"rendered":"<p class=\"translation-block\">Osvetljavaju\u0107a krema za ujedna\u010davanje tena i teksture ko\u017ee Celimax Pore+Dark Spot Brightening Cream bori se protiv hiperpigmentacija, su\u017eava pro\u0161irene pore, elimini\u0161e sivilo ko\u017ee, daje glatko\u0107u i zdrav sjaj.\nPosvetljuje pege, postakne i pigmentne mrlje uzrokovane UV zra\u010denjem. Smanjuje crvenilo na nosu i obrazima. Pove\u0107ava glatko\u0107u i elasti\u010dnost, hidrira i omek\u0161ava. \n<br>Ne izaziva suvo\u0107u i iritacije, pogodno \u010dak i za osetljivu ko\u017eu. Nivo pH 6,1-8,1.<br>  \n\nGlavni aktivni sastojci:<br>  \n5% <i>niacinamida (vitamin B3)<\/i> ima vi\u0161estruko delovanje: reguli\u0161e lu\u010denje sebuma, elimini\u0161e masni sjaj, posvetljuje ko\u017eu i spre\u010dava nastanak hiperpigmentacija, a tako\u0111e stimuli\u0161e proizvodnju kolagena, pove\u0107avaju\u0107i \u010dvrsto\u0107u i elasti\u010dnost.<br>  \n5% <i>traneksaminske kiseline<\/i> \u2013 posvetljuju\u0107i aktiv koji inhibira aktivnost tirozinaze \u2013 enzima koji pokre\u0107e proizvodnju melanina. Ne izaziva fotosenzitivnost, mo\u017ee se koristiti u dnevnoj nezi.<br>  \n1% <i>Melazero\u00ae<\/i> \u2013 biljni kompleks za osvetljavanje ko\u017ee na bazi mu\u0161mule, nane i decil glukozida. Spre\u010dava pojavu pigmentnih mrlja i melazme.<br>  \n5 <i>ceramida (0,1%)<\/i> imaju strukturu sli\u010dnu lipidima epidermisa: ja\u010daju prirodnu za\u0161titnu barijeru ko\u017ee, elimini\u0161u perutanje i suvo\u0107u, spre\u010davaju gubitak vlage i smanjuju osetljivost na spolja\u0161nje iritanse.<br>  \n<i>Polipeptid askorbinske kiseline<\/i> \u2013 oblik vitamina C. Daje brze rezultate, jer se pri kontaktu sa ko\u017eom odmah pretvara u askorbinsku kiselinu. Stimuli\u0161e sintezu kolagena, posvetljuje pigmentne mrlje i pru\u017ea antioksidativnu za\u0161titu, spre\u010davaju\u0107i nastanak bora.<br>  \n<i>Natrijum hijaluronat<\/i> \u2013 oblik hijaluronske kiseline niske molekulske mase. Prodire duboko u ro\u017enati sloj ko\u017ee, intenzivno hidrira, pove\u0107ava elasti\u010dnost i zagla\u0111uje teksturu ko\u017ee. Natrijum hijaluronat u Celimax serumu dobijen je fermentacijom je\u010dma, \u0161to ga \u010dini veganskim.<br>  \n\nPogodno za sve tipove ko\u017ee.<br><\/p>\n<p><strong><br>Na\u010din upotrebe:<\/strong> Nakon \u010di\u0161\u0107enja, toniziranja i upotrebe seruma, naneti kremu na lice i ravnomerno rasporediti po ko\u017ei. Mo\u017ee se koristiti kao ciljano sredstvo za problemati\u010dne zone. Pogodno za dnevnu i no\u0107nu negu. Tokom dana koristite kremu za za\u0161titu od sunca.<\/p>\n<hr \/>\n<p><em><strong>Sastojci:<\/strong> Water, Glycerin, Niacinamide, Tranexamic Acid, Caprylic\/capric Triglyceride, Dipropylene Glycol, 1,2-hexanediol, Queensland Nut Oil, Phenyl Trimethicone, Hydrogenated Poly (C6-14 Olefin), Dicaprylyl Ether, Vinyl Dimethicone, Cetearyl Alcohol, Propanediol, Cetearyl Olivate, Glyceryl Stearate SE, Sorbitan Olivate, Ammonium Acryloyldimethyltaurate\/VP Copolymer, Behenyl Alcohol, Dimethiconol, Cetearyl Glucoside, Kelp Extract, Nasturtium Leaf Extract, Hydrogenated Reglycerate Citin, Ceramide NP, Betaine, Ethylhexylglycerin, Xanthan Gum, Loquat Leaf Extract, Adenosine, Fructooligosaccharides, Coptis Sinensis Root Extract, Cholesterol, Butylene Glycol, Beta-glucan, Spearmint Extract, Hydrolyzed Hyaluronic Acid, Cacao Seed Extract, Dextrin, Tocopherol, Ascorbic Acid Polypeptide, Glyceryl Stearate, Ceramide AS, Ceramide Ap, Ceramide EP, Ceramide EOP<\/em><\/p>","protected":false},"excerpt":{"rendered":"<p>Osvetljavaju\u0107a krema za ujedna\u010davanje tena i teksture ko\u017ee. 35ml<\/p>","protected":false},"featured_media":6829,"template":"","meta":{"_acf_changed":false},"product_brand":[],"product_cat":[635,639,470,575,458,461,462,349,86,231,437],"product_tag":[642],"class_list":{"0":"post-6942","1":"product","2":"type-product","3":"status-publish","4":"has-post-thumbnail","6":"product_cat-celimax","7":"product_cat-regulirovanie-sebuma","8":"product_cat-facecream","9":"product_cat-vyravnivanie-tona","10":"product_cat-pigmentation","11":"product_cat-pore","12":"product_cat-dryness","13":"product_cat-brightening","14":"product_cat-moisturizing","15":"product_cat-calming","16":"product_cat-alltypesofskin","17":"product_tag-pore-dark-spot-brightening","19":"first","20":"outofstock","21":"shipping-taxable","22":"purchasable","23":"product-type-simple"},"acf":[],"yoast_head":"<!-- This site is optimized with the Yoast SEO Premium plugin v19.6 (Yoast SEO v20.11) - https:\/\/yoast.com\/wordpress\/plugins\/seo\/ -->\n<title>CELIMAX Pore+Dark Spot Brightening Cream - Malina Beauty Store<\/title>\n<meta name=\"robots\" content=\"index, follow, max-snippet:-1, max-image-preview:large, max-video-preview:-1\" \/>\n<link rel=\"canonical\" href=\"https:\/\/malinacosmetics.com\/sr\/\u043f\u0440\u043e\u0438\u0437\u0432\u043e\u0434\/celimax-pore-dark-spot-brightening-cream\/\" \/>\n<meta property=\"og:locale\" content=\"sr_RS\" \/>\n<meta property=\"og:type\" content=\"article\" \/>\n<meta property=\"og:title\" content=\"CELIMAX Pore+Dark Spot Brightening Cream\" \/>\n<meta property=\"og:description\" content=\"\u041e\u0441\u0432\u0435\u0442\u043b\u044f\u044e\u0449\u0438\u0439 \u043a\u0440\u0435\u043c \u0434\u043b\u044f \u0432\u044b\u0440\u0430\u0432\u043d\u0438\u0432\u0430\u043d\u0438\u044f \u0442\u043e\u043d\u0430 \u0438 \u0440\u0435\u043b\u044c\u0435\u0444\u0430 \u043a\u043e\u0436\u0438. 35ml\" \/>\n<meta property=\"og:url\" content=\"https:\/\/malinacosmetics.com\/sr\/\u043f\u0440\u043e\u0438\u0437\u0432\u043e\u0434\/celimax-pore-dark-spot-brightening-cream\/\" \/>\n<meta property=\"og:site_name\" content=\"Malina Beauty Store\" \/>\n<meta property=\"article:publisher\" content=\"https:\/\/www.facebook.com\/MalinaBeautyShopMe\/\" \/>\n<meta property=\"article:modified_time\" content=\"2025-07-19T06:24:14+00:00\" \/>\n<meta property=\"og:image\" content=\"https:\/\/malinacosmetics.com\/wp-content\/uploads\/2025\/02\/Celimax-Pore-Dark-Spot-Brightening-Cream1.jpg\" \/>\n\t<meta property=\"og:image:width\" content=\"1200\" \/>\n\t<meta property=\"og:image:height\" content=\"1200\" \/>\n\t<meta property=\"og:image:type\" content=\"image\/jpeg\" \/>\n<meta name=\"twitter:card\" content=\"summary_large_image\" \/>\n<script type=\"application\/ld+json\" class=\"yoast-schema-graph\">{\"@context\":\"https:\/\/schema.org\",\"@graph\":[{\"@type\":[\"WebPage\",\"ItemPage\"],\"@id\":\"https:\/\/malinacosmetics.com\/product\/celimax-pore-dark-spot-brightening-cream\/\",\"url\":\"https:\/\/malinacosmetics.com\/product\/celimax-pore-dark-spot-brightening-cream\/\",\"name\":\"CELIMAX Pore+Dark Spot Brightening Cream - Malina Beauty Store\",\"isPartOf\":{\"@id\":\"https:\/\/malinacosmetics.com\/#website\"},\"datePublished\":\"2025-02-20T15:44:11+00:00\",\"dateModified\":\"2025-07-19T06:24:14+00:00\",\"breadcrumb\":{\"@id\":\"https:\/\/malinacosmetics.com\/product\/celimax-pore-dark-spot-brightening-cream\/#breadcrumb\"},\"inLanguage\":\"sr-RS\",\"potentialAction\":[{\"@type\":\"ReadAction\",\"target\":[\"https:\/\/malinacosmetics.com\/product\/celimax-pore-dark-spot-brightening-cream\/\"]}]},{\"@type\":\"BreadcrumbList\",\"@id\":\"https:\/\/malinacosmetics.com\/product\/celimax-pore-dark-spot-brightening-cream\/#breadcrumb\",\"itemListElement\":[{\"@type\":\"ListItem\",\"position\":1,\"name\":\"\u0413\u043b\u0430\u0432\u043d\u0430\u044f \u0441\u0442\u0440\u0430\u043d\u0438\u0446\u0430\",\"item\":\"https:\/\/malinacosmetics.com\/\"},{\"@type\":\"ListItem\",\"position\":2,\"name\":\"\u041a\u0430\u0442\u0430\u043b\u043e\u0433\",\"item\":\"https:\/\/malinacosmetics.com\/sr\/shop\/\"},{\"@type\":\"ListItem\",\"position\":3,\"name\":\"CELIMAX Pore+Dark Spot Brightening Cream\"}]},{\"@type\":\"WebSite\",\"@id\":\"https:\/\/malinacosmetics.com\/#website\",\"url\":\"https:\/\/malinacosmetics.com\/\",\"name\":\"Malina Beauty Store\",\"description\":\"Prodaja korejske kozmetike za Crnu Goru\",\"publisher\":{\"@id\":\"https:\/\/malinacosmetics.com\/#organization\"},\"potentialAction\":[{\"@type\":\"SearchAction\",\"target\":{\"@type\":\"EntryPoint\",\"urlTemplate\":\"https:\/\/malinacosmetics.com\/?s={search_term_string}\"},\"query-input\":\"required name=search_term_string\"}],\"inLanguage\":\"sr-RS\"},{\"@type\":\"Organization\",\"@id\":\"https:\/\/malinacosmetics.com\/#organization\",\"name\":\"malinacosmetics\",\"url\":\"https:\/\/malinacosmetics.com\/\",\"logo\":{\"@type\":\"ImageObject\",\"inLanguage\":\"sr-RS\",\"@id\":\"https:\/\/malinacosmetics.com\/#\/schema\/logo\/image\/\",\"url\":\"https:\/\/malinacosmetics.com\/wp-content\/uploads\/2021\/07\/logo.png\",\"contentUrl\":\"https:\/\/malinacosmetics.com\/wp-content\/uploads\/2021\/07\/logo.png\",\"width\":500,\"height\":353,\"caption\":\"malinacosmetics\"},\"image\":{\"@id\":\"https:\/\/malinacosmetics.com\/#\/schema\/logo\/image\/\"},\"sameAs\":[\"https:\/\/www.facebook.com\/MalinaBeautyShopMe\/\"]}]}<\/script>\n<meta property=\"product:brand\" content=\"simple\" \/>\n<meta property=\"product:price:amount\" content=\"25.00\" \/>\n<meta property=\"product:price:currency\" content=\"EUR\" \/>\n<meta property=\"og:availability\" content=\"out of stock\" \/>\n<meta property=\"product:availability\" content=\"out of stock\" \/>\n<meta property=\"product:condition\" content=\"new\" \/>\n<!-- \/ Yoast SEO Premium plugin. -->","yoast_head_json":{"title":"CELIMAX Pore+Dark Spot Brightening Cream - Malina Beauty Store","robots":{"index":"index","follow":"follow","max-snippet":"max-snippet:-1","max-image-preview":"max-image-preview:large","max-video-preview":"max-video-preview:-1"},"canonical":"https:\/\/malinacosmetics.com\/sr\/\u043f\u0440\u043e\u0438\u0437\u0432\u043e\u0434\/celimax-pore-dark-spot-brightening-cream\/","og_locale":"sr_RS","og_type":"article","og_title":"CELIMAX Pore+Dark Spot Brightening Cream","og_description":"\u041e\u0441\u0432\u0435\u0442\u043b\u044f\u044e\u0449\u0438\u0439 \u043a\u0440\u0435\u043c \u0434\u043b\u044f \u0432\u044b\u0440\u0430\u0432\u043d\u0438\u0432\u0430\u043d\u0438\u044f \u0442\u043e\u043d\u0430 \u0438 \u0440\u0435\u043b\u044c\u0435\u0444\u0430 \u043a\u043e\u0436\u0438. 35ml","og_url":"https:\/\/malinacosmetics.com\/sr\/\u043f\u0440\u043e\u0438\u0437\u0432\u043e\u0434\/celimax-pore-dark-spot-brightening-cream\/","og_site_name":"Malina Beauty Store","article_publisher":"https:\/\/www.facebook.com\/MalinaBeautyShopMe\/","article_modified_time":"2025-07-19T06:24:14+00:00","og_image":[{"width":1200,"height":1200,"url":"https:\/\/malinacosmetics.com\/wp-content\/uploads\/2025\/02\/Celimax-Pore-Dark-Spot-Brightening-Cream1.jpg","type":"image\/jpeg"}],"twitter_card":"summary_large_image","schema":{"@context":"https:\/\/schema.org","@graph":[{"@type":["WebPage","ItemPage"],"@id":"https:\/\/malinacosmetics.com\/product\/celimax-pore-dark-spot-brightening-cream\/","url":"https:\/\/malinacosmetics.com\/product\/celimax-pore-dark-spot-brightening-cream\/","name":"CELIMAX Pore+Dark Spot Brightening Cream - Malina Beauty Store","isPartOf":{"@id":"https:\/\/malinacosmetics.com\/#website"},"datePublished":"2025-02-20T15:44:11+00:00","dateModified":"2025-07-19T06:24:14+00:00","breadcrumb":{"@id":"https:\/\/malinacosmetics.com\/product\/celimax-pore-dark-spot-brightening-cream\/#breadcrumb"},"inLanguage":"sr-RS","potentialAction":[{"@type":"ReadAction","target":["https:\/\/malinacosmetics.com\/product\/celimax-pore-dark-spot-brightening-cream\/"]}]},{"@type":"BreadcrumbList","@id":"https:\/\/malinacosmetics.com\/product\/celimax-pore-dark-spot-brightening-cream\/#breadcrumb","itemListElement":[{"@type":"ListItem","position":1,"name":"\u0413\u043b\u0430\u0432\u043d\u0430\u044f \u0441\u0442\u0440\u0430\u043d\u0438\u0446\u0430","item":"https:\/\/malinacosmetics.com\/"},{"@type":"ListItem","position":2,"name":"\u041a\u0430\u0442\u0430\u043b\u043e\u0433","item":"https:\/\/malinacosmetics.com\/sr\/shop\/"},{"@type":"ListItem","position":3,"name":"CELIMAX Pore+Dark Spot Brightening Cream"}]},{"@type":"WebSite","@id":"https:\/\/malinacosmetics.com\/#website","url":"https:\/\/malinacosmetics.com\/","name":"Malina Beauty Store","description":"Prodaja korejske kozmetike za Crnu Goru","publisher":{"@id":"https:\/\/malinacosmetics.com\/#organization"},"potentialAction":[{"@type":"SearchAction","target":{"@type":"EntryPoint","urlTemplate":"https:\/\/malinacosmetics.com\/?s={search_term_string}"},"query-input":"required name=search_term_string"}],"inLanguage":"sr-RS"},{"@type":"Organization","@id":"https:\/\/malinacosmetics.com\/#organization","name":"malinacosmetics","url":"https:\/\/malinacosmetics.com\/","logo":{"@type":"ImageObject","inLanguage":"sr-RS","@id":"https:\/\/malinacosmetics.com\/#\/schema\/logo\/image\/","url":"https:\/\/malinacosmetics.com\/wp-content\/uploads\/2021\/07\/logo.png","contentUrl":"https:\/\/malinacosmetics.com\/wp-content\/uploads\/2021\/07\/logo.png","width":500,"height":353,"caption":"malinacosmetics"},"image":{"@id":"https:\/\/malinacosmetics.com\/#\/schema\/logo\/image\/"},"sameAs":["https:\/\/www.facebook.com\/MalinaBeautyShopMe\/"]}]},"product_brand":"simple","product_price_amount":"25.00","product_price_currency":"EUR","og_availability":"out of stock","product_availability":"out of stock","product_condition":"new"},"jetpack_sharing_enabled":true,"_links":{"self":[{"href":"https:\/\/malinacosmetics.com\/sr\/wp-json\/wp\/v2\/product\/6942","targetHints":{"allow":["GET"]}}],"collection":[{"href":"https:\/\/malinacosmetics.com\/sr\/wp-json\/wp\/v2\/product"}],"about":[{"href":"https:\/\/malinacosmetics.com\/sr\/wp-json\/wp\/v2\/types\/product"}],"wp:featuredmedia":[{"embeddable":true,"href":"https:\/\/malinacosmetics.com\/sr\/wp-json\/wp\/v2\/media\/6829"}],"wp:attachment":[{"href":"https:\/\/malinacosmetics.com\/sr\/wp-json\/wp\/v2\/media?parent=6942"}],"wp:term":[{"taxonomy":"product_brand","embeddable":true,"href":"https:\/\/malinacosmetics.com\/sr\/wp-json\/wp\/v2\/product_brand?post=6942"},{"taxonomy":"product_cat","embeddable":true,"href":"https:\/\/malinacosmetics.com\/sr\/wp-json\/wp\/v2\/product_cat?post=6942"},{"taxonomy":"product_tag","embeddable":true,"href":"https:\/\/malinacosmetics.com\/sr\/wp-json\/wp\/v2\/product_tag?post=6942"}],"curies":[{"name":"wp","href":"https:\/\/api.w.org\/{rel}","templated":true}]}}