{"id":6941,"date":"2025-02-20T16:20:01","date_gmt":"2025-02-20T15:20:01","guid":{"rendered":"https:\/\/malinacosmetics.com\/?post_type=product&#038;p=6941"},"modified":"2025-07-09T19:45:18","modified_gmt":"2025-07-09T17:45:18","slug":"celimax-pore-dark-spot-brightening-serum","status":"publish","type":"product","link":"https:\/\/malinacosmetics.com\/sr\/\u043f\u0440\u043e\u0438\u0437\u0432\u043e\u0434\/celimax-pore-dark-spot-brightening-serum\/","title":{"rendered":"CELIMAX Pore+Dark Spot Brightening Serum"},"content":{"rendered":"<p class=\"translation-block\">Osvetljavaju\u0107i serum za ujedna\u010davanje tena i teksture ko\u017ee Celimax Pore+Dark Spot Brightening Serum ne\u017eno posvetljuje hiperpigmentacije i postakne, pobolj\u0161ava op\u0161ti ton ko\u017ee, elimini\u0161e sivilo i daje zdrav sjaj. Ujedna\u010dava teksturu ko\u017ee, su\u017eava pro\u0161irene pore, zagla\u0111uje mikroreljef i posvetljuje sebumske niti.<br>  \n\nIma gustu teksturu, ne ostavlja lepljivost, osve\u017eava pri nano\u0161enju. Ne izaziva suvo\u0107u i iritaciju, ne sadr\u017ei mirise. Nivo pH 5,9-7,9.<br>  \n\nGlavni aktivni sastojci:<br>  \n5% <i>niacinamida (vitamin B3)<\/i> ima vi\u0161estruko delovanje: reguli\u0161e lu\u010denje sebuma, elimini\u0161e masni sjaj, posvetljuje ko\u017eu i spre\u010dava nastanak hiperpigmentacija, a tako\u0111e stimuli\u0161e proizvodnju kolagena, pove\u0107avaju\u0107i \u010dvrsto\u0107u i elasti\u010dnost.<br>  \n3% <i>traneksaminske kiseline<\/i> \u2013 posvetljuju\u0107i aktiv koji inhibira aktivnost tirozinaze \u2013 enzima koji pokre\u0107e proizvodnju melanina. Ne izaziva fotosenzitivnost, mo\u017ee se koristiti u dnevnoj nezi.<br>  \n<i>Melazero\u00ae<\/i> \u2013 biljni kompleks za osvetljavanje ko\u017ee na bazi mu\u0161mule, nane i decil glukozida. Spre\u010dava pojavu pigmentnih mrlja i melazme.<br>  \n<i>Natrijum hijaluronat<\/i> \u2013 oblik hijaluronske kiseline niske molekulske mase, prodire duboko u ro\u017enati sloj, intenzivno hidrira, pove\u0107ava elasti\u010dnost i zagla\u0111uje teksturu ko\u017ee. Natrijum hijaluronat u Celimax serumu dobijen je fermentacijom je\u010dma, \u0161to ga \u010dini veganskim.<br>  \n<i>Bisabolol<\/i> \u2013 aktiv dobijen iz kamilice. Umiruje, smanjuje crvenilo i iritaciju, ubrzava regeneraciju tkiva.<br>  \n\nPogodno za sve tipove ko\u017ee.<br><\/p>\n<p><strong><br>Na\u010din upotrebe:<\/strong> Nakon \u010di\u0161\u0107enja i toniziranja naneti serum na lice i ravnomerno rasporediti po ko\u017ei. Tokom dana koristiti kremu za za\u0161titu od sunca.<\/p>\n<hr \/>\n<p><em><strong>Sastojci:<\/strong> Water, Glycerin, Butylene Glycol, Niacinamide, Tranexamic Acid, 1,2-hexanediol, Methylpropanediol, Vinyl Dimethicone, Glycereth-26, Isononyl Isononanoate, Eriobotrya Japonica (Loquat) Leaf Extract, Spearmint Extract, Sodium Hyaluronate, Propanediol, Cetearyl Olivate, Sorbitan Olivate, Sodium Acrylates\/sodium Acryloyldimethyltaurate Copolymer, Isohexadecane, Hydroxyethyl Acrylates\/sodium Acryloyldimethyltaurate Copolymer, Ammonium Acryloyldimethyltaurate\/VP Copolymer, Disodium EDTA, Carbomer, Sorbitan Oleate, Tromethamine, Sorbitan Isostearate, Bisabolol, Polysorbate 20, Polysorbate 80, Polysorbate 60, Ethylhexylglycerin.<\/em><\/p>","protected":false},"excerpt":{"rendered":"<p><span data-sheets-root=\"1\">Osvetljavaju\u0107i serum za ujedna\u010davanje tena i teksture ko\u017ee. 30ml<\/span><\/p>","protected":false},"featured_media":6886,"template":"","meta":{"_acf_changed":false},"product_brand":[],"product_cat":[635,639,575,458,461,349,86,231,437,352],"product_tag":[642],"class_list":{"0":"post-6941","1":"product","2":"type-product","3":"status-publish","4":"has-post-thumbnail","6":"product_cat-celimax","7":"product_cat-regulirovanie-sebuma","8":"product_cat-vyravnivanie-tona","9":"product_cat-pigmentation","10":"product_cat-pore","11":"product_cat-brightening","12":"product_cat-moisturizing","13":"product_cat-calming","14":"product_cat-alltypesofskin","15":"product_cat-serum","16":"product_tag-pore-dark-spot-brightening","18":"first","19":"outofstock","20":"shipping-taxable","21":"purchasable","22":"product-type-simple"},"acf":[],"yoast_head":"<!-- This site is optimized with the Yoast SEO Premium plugin v19.6 (Yoast SEO v20.11) - https:\/\/yoast.com\/wordpress\/plugins\/seo\/ -->\n<title>CELIMAX Pore+Dark Spot Brightening Serum - Malina Beauty Store<\/title>\n<meta name=\"robots\" content=\"index, follow, max-snippet:-1, max-image-preview:large, max-video-preview:-1\" \/>\n<link rel=\"canonical\" href=\"https:\/\/malinacosmetics.com\/sr\/\u043f\u0440\u043e\u0438\u0437\u0432\u043e\u0434\/celimax-pore-dark-spot-brightening-serum\/\" \/>\n<meta property=\"og:locale\" content=\"sr_RS\" \/>\n<meta property=\"og:type\" content=\"article\" \/>\n<meta property=\"og:title\" content=\"CELIMAX Pore+Dark Spot Brightening Serum\" \/>\n<meta property=\"og:description\" content=\"\u041e\u0441\u0432\u0435\u0442\u043b\u044f\u044e\u0449\u0430\u044f \u0441\u044b\u0432\u043e\u0440\u043e\u0442\u043a\u0430 \u0434\u043b\u044f \u0432\u044b\u0440\u0430\u0432\u043d\u0438\u0432\u0430\u043d\u0438\u044f \u0442\u043e\u043d\u0430 \u0438 \u0440\u0435\u043b\u044c\u0435\u0444\u0430 \u043a\u043e\u0436\u0438. 30ml\" \/>\n<meta property=\"og:url\" content=\"https:\/\/malinacosmetics.com\/sr\/\u043f\u0440\u043e\u0438\u0437\u0432\u043e\u0434\/celimax-pore-dark-spot-brightening-serum\/\" \/>\n<meta property=\"og:site_name\" content=\"Malina Beauty Store\" \/>\n<meta property=\"article:publisher\" content=\"https:\/\/www.facebook.com\/MalinaBeautyShopMe\/\" \/>\n<meta property=\"article:modified_time\" content=\"2025-07-09T17:45:18+00:00\" \/>\n<meta property=\"og:image\" content=\"https:\/\/malinacosmetics.com\/wp-content\/uploads\/2025\/02\/Celimax_Pore_Dark_Spot_Brightening_Serum-_1_.jpg\" \/>\n\t<meta property=\"og:image:width\" content=\"1200\" \/>\n\t<meta property=\"og:image:height\" content=\"1200\" \/>\n\t<meta property=\"og:image:type\" content=\"image\/jpeg\" \/>\n<meta name=\"twitter:card\" content=\"summary_large_image\" \/>\n<script type=\"application\/ld+json\" class=\"yoast-schema-graph\">{\"@context\":\"https:\/\/schema.org\",\"@graph\":[{\"@type\":[\"WebPage\",\"ItemPage\"],\"@id\":\"https:\/\/malinacosmetics.com\/product\/celimax-pore-dark-spot-brightening-serum\/\",\"url\":\"https:\/\/malinacosmetics.com\/product\/celimax-pore-dark-spot-brightening-serum\/\",\"name\":\"CELIMAX Pore+Dark Spot Brightening Serum - Malina Beauty Store\",\"isPartOf\":{\"@id\":\"https:\/\/malinacosmetics.com\/#website\"},\"datePublished\":\"2025-02-20T15:20:01+00:00\",\"dateModified\":\"2025-07-09T17:45:18+00:00\",\"breadcrumb\":{\"@id\":\"https:\/\/malinacosmetics.com\/product\/celimax-pore-dark-spot-brightening-serum\/#breadcrumb\"},\"inLanguage\":\"sr-RS\",\"potentialAction\":[{\"@type\":\"ReadAction\",\"target\":[\"https:\/\/malinacosmetics.com\/product\/celimax-pore-dark-spot-brightening-serum\/\"]}]},{\"@type\":\"BreadcrumbList\",\"@id\":\"https:\/\/malinacosmetics.com\/product\/celimax-pore-dark-spot-brightening-serum\/#breadcrumb\",\"itemListElement\":[{\"@type\":\"ListItem\",\"position\":1,\"name\":\"\u0413\u043b\u0430\u0432\u043d\u0430\u044f \u0441\u0442\u0440\u0430\u043d\u0438\u0446\u0430\",\"item\":\"https:\/\/malinacosmetics.com\/\"},{\"@type\":\"ListItem\",\"position\":2,\"name\":\"\u041a\u0430\u0442\u0430\u043b\u043e\u0433\",\"item\":\"https:\/\/malinacosmetics.com\/sr\/shop\/\"},{\"@type\":\"ListItem\",\"position\":3,\"name\":\"CELIMAX Pore+Dark Spot Brightening Serum\"}]},{\"@type\":\"WebSite\",\"@id\":\"https:\/\/malinacosmetics.com\/#website\",\"url\":\"https:\/\/malinacosmetics.com\/\",\"name\":\"Malina Beauty Store\",\"description\":\"Prodaja korejske kozmetike za Crnu Goru\",\"publisher\":{\"@id\":\"https:\/\/malinacosmetics.com\/#organization\"},\"potentialAction\":[{\"@type\":\"SearchAction\",\"target\":{\"@type\":\"EntryPoint\",\"urlTemplate\":\"https:\/\/malinacosmetics.com\/?s={search_term_string}\"},\"query-input\":\"required name=search_term_string\"}],\"inLanguage\":\"sr-RS\"},{\"@type\":\"Organization\",\"@id\":\"https:\/\/malinacosmetics.com\/#organization\",\"name\":\"malinacosmetics\",\"url\":\"https:\/\/malinacosmetics.com\/\",\"logo\":{\"@type\":\"ImageObject\",\"inLanguage\":\"sr-RS\",\"@id\":\"https:\/\/malinacosmetics.com\/#\/schema\/logo\/image\/\",\"url\":\"https:\/\/malinacosmetics.com\/wp-content\/uploads\/2021\/07\/logo.png\",\"contentUrl\":\"https:\/\/malinacosmetics.com\/wp-content\/uploads\/2021\/07\/logo.png\",\"width\":500,\"height\":353,\"caption\":\"malinacosmetics\"},\"image\":{\"@id\":\"https:\/\/malinacosmetics.com\/#\/schema\/logo\/image\/\"},\"sameAs\":[\"https:\/\/www.facebook.com\/MalinaBeautyShopMe\/\"]}]}<\/script>\n<meta property=\"product:brand\" content=\"simple\" \/>\n<meta property=\"product:price:amount\" content=\"29.00\" \/>\n<meta property=\"product:price:currency\" content=\"EUR\" \/>\n<meta property=\"og:availability\" content=\"out of stock\" \/>\n<meta property=\"product:availability\" content=\"out of stock\" \/>\n<meta property=\"product:condition\" content=\"new\" \/>\n<!-- \/ Yoast SEO Premium plugin. -->","yoast_head_json":{"title":"CELIMAX Pore+Dark Spot Brightening Serum - Malina Beauty Store","robots":{"index":"index","follow":"follow","max-snippet":"max-snippet:-1","max-image-preview":"max-image-preview:large","max-video-preview":"max-video-preview:-1"},"canonical":"https:\/\/malinacosmetics.com\/sr\/\u043f\u0440\u043e\u0438\u0437\u0432\u043e\u0434\/celimax-pore-dark-spot-brightening-serum\/","og_locale":"sr_RS","og_type":"article","og_title":"CELIMAX Pore+Dark Spot Brightening Serum","og_description":"\u041e\u0441\u0432\u0435\u0442\u043b\u044f\u044e\u0449\u0430\u044f \u0441\u044b\u0432\u043e\u0440\u043e\u0442\u043a\u0430 \u0434\u043b\u044f \u0432\u044b\u0440\u0430\u0432\u043d\u0438\u0432\u0430\u043d\u0438\u044f \u0442\u043e\u043d\u0430 \u0438 \u0440\u0435\u043b\u044c\u0435\u0444\u0430 \u043a\u043e\u0436\u0438. 30ml","og_url":"https:\/\/malinacosmetics.com\/sr\/\u043f\u0440\u043e\u0438\u0437\u0432\u043e\u0434\/celimax-pore-dark-spot-brightening-serum\/","og_site_name":"Malina Beauty Store","article_publisher":"https:\/\/www.facebook.com\/MalinaBeautyShopMe\/","article_modified_time":"2025-07-09T17:45:18+00:00","og_image":[{"width":1200,"height":1200,"url":"https:\/\/malinacosmetics.com\/wp-content\/uploads\/2025\/02\/Celimax_Pore_Dark_Spot_Brightening_Serum-_1_.jpg","type":"image\/jpeg"}],"twitter_card":"summary_large_image","schema":{"@context":"https:\/\/schema.org","@graph":[{"@type":["WebPage","ItemPage"],"@id":"https:\/\/malinacosmetics.com\/product\/celimax-pore-dark-spot-brightening-serum\/","url":"https:\/\/malinacosmetics.com\/product\/celimax-pore-dark-spot-brightening-serum\/","name":"CELIMAX Pore+Dark Spot Brightening Serum - Malina Beauty Store","isPartOf":{"@id":"https:\/\/malinacosmetics.com\/#website"},"datePublished":"2025-02-20T15:20:01+00:00","dateModified":"2025-07-09T17:45:18+00:00","breadcrumb":{"@id":"https:\/\/malinacosmetics.com\/product\/celimax-pore-dark-spot-brightening-serum\/#breadcrumb"},"inLanguage":"sr-RS","potentialAction":[{"@type":"ReadAction","target":["https:\/\/malinacosmetics.com\/product\/celimax-pore-dark-spot-brightening-serum\/"]}]},{"@type":"BreadcrumbList","@id":"https:\/\/malinacosmetics.com\/product\/celimax-pore-dark-spot-brightening-serum\/#breadcrumb","itemListElement":[{"@type":"ListItem","position":1,"name":"\u0413\u043b\u0430\u0432\u043d\u0430\u044f \u0441\u0442\u0440\u0430\u043d\u0438\u0446\u0430","item":"https:\/\/malinacosmetics.com\/"},{"@type":"ListItem","position":2,"name":"\u041a\u0430\u0442\u0430\u043b\u043e\u0433","item":"https:\/\/malinacosmetics.com\/sr\/shop\/"},{"@type":"ListItem","position":3,"name":"CELIMAX Pore+Dark Spot Brightening Serum"}]},{"@type":"WebSite","@id":"https:\/\/malinacosmetics.com\/#website","url":"https:\/\/malinacosmetics.com\/","name":"Malina Beauty Store","description":"Prodaja korejske kozmetike za Crnu Goru","publisher":{"@id":"https:\/\/malinacosmetics.com\/#organization"},"potentialAction":[{"@type":"SearchAction","target":{"@type":"EntryPoint","urlTemplate":"https:\/\/malinacosmetics.com\/?s={search_term_string}"},"query-input":"required name=search_term_string"}],"inLanguage":"sr-RS"},{"@type":"Organization","@id":"https:\/\/malinacosmetics.com\/#organization","name":"malinacosmetics","url":"https:\/\/malinacosmetics.com\/","logo":{"@type":"ImageObject","inLanguage":"sr-RS","@id":"https:\/\/malinacosmetics.com\/#\/schema\/logo\/image\/","url":"https:\/\/malinacosmetics.com\/wp-content\/uploads\/2021\/07\/logo.png","contentUrl":"https:\/\/malinacosmetics.com\/wp-content\/uploads\/2021\/07\/logo.png","width":500,"height":353,"caption":"malinacosmetics"},"image":{"@id":"https:\/\/malinacosmetics.com\/#\/schema\/logo\/image\/"},"sameAs":["https:\/\/www.facebook.com\/MalinaBeautyShopMe\/"]}]},"product_brand":"simple","product_price_amount":"29.00","product_price_currency":"EUR","og_availability":"out of stock","product_availability":"out of stock","product_condition":"new"},"jetpack_sharing_enabled":true,"_links":{"self":[{"href":"https:\/\/malinacosmetics.com\/sr\/wp-json\/wp\/v2\/product\/6941","targetHints":{"allow":["GET"]}}],"collection":[{"href":"https:\/\/malinacosmetics.com\/sr\/wp-json\/wp\/v2\/product"}],"about":[{"href":"https:\/\/malinacosmetics.com\/sr\/wp-json\/wp\/v2\/types\/product"}],"wp:featuredmedia":[{"embeddable":true,"href":"https:\/\/malinacosmetics.com\/sr\/wp-json\/wp\/v2\/media\/6886"}],"wp:attachment":[{"href":"https:\/\/malinacosmetics.com\/sr\/wp-json\/wp\/v2\/media?parent=6941"}],"wp:term":[{"taxonomy":"product_brand","embeddable":true,"href":"https:\/\/malinacosmetics.com\/sr\/wp-json\/wp\/v2\/product_brand?post=6941"},{"taxonomy":"product_cat","embeddable":true,"href":"https:\/\/malinacosmetics.com\/sr\/wp-json\/wp\/v2\/product_cat?post=6941"},{"taxonomy":"product_tag","embeddable":true,"href":"https:\/\/malinacosmetics.com\/sr\/wp-json\/wp\/v2\/product_tag?post=6941"}],"curies":[{"name":"wp","href":"https:\/\/api.w.org\/{rel}","templated":true}]}}