{"id":6940,"date":"2025-02-20T16:13:56","date_gmt":"2025-02-20T15:13:56","guid":{"rendered":"https:\/\/malinacosmetics.com\/?post_type=product&#038;p=6940"},"modified":"2025-12-26T21:24:03","modified_gmt":"2025-12-26T20:24:03","slug":"celimax-celimax-oil-control-moisturizing-cream","status":"publish","type":"product","link":"https:\/\/malinacosmetics.com\/sr\/\u043f\u0440\u043e\u0438\u0437\u0432\u043e\u0434\/celimax-celimax-oil-control-moisturizing-cream\/","title":{"rendered":"CELIMAX Oil Control Moisturizing Cream"},"content":{"rendered":"<p class=\"translation-block\">Hidratantna krema protiv masnog sjaja Celimax Oil Control Moisturizing Cream reguli\u0161e lu\u010denje sebuma tokom dana, \u010dine\u0107i ko\u017eu matiranom i bar\u0161unastom. Uravnote\u017eena formula \u0161titi od suvo\u0107e i dehidratacije, odr\u017eava optimalan nivo vla\u017enosti i ja\u010da lipidnu barijeru.\n\nPru\u017ea efekat su\u017eavanja pora, posvetljuje sebumske niti i poma\u017ee u borbi protiv mitesera. Doprinosi zaceljivanju manjih upala i efikasan je u tretmanu akni. Sinergija pantenola i 0,5% beta-glukana deluje kao poja\u010diva\u010d i pobolj\u0161ava prodiranje svih aktivnih sastojaka u \u0107elije, pove\u0107avaju\u0107i njihovu efikasnost.<br>  \n\nGlavni aktivni sastojci:<br>  \n<i>Anti-Sebum P<\/i> (ekstrakti bora, brijesta, pupoljke pupoljka i puerarije) \u2013 biljni kompleks koji smanjuje prekomernu aktivnost lojnih \u017elezda. Reguli\u0161e lu\u010denje sebuma, normalizuje masno\u0107u ko\u017ee i elimini\u0161e masni sjaj.<br>  \n<i>Anti-Pore S kompleks<\/i> poma\u017ee u su\u017eavanju pro\u0161irenih pora i ima adstrigentno dejstvo. Posvetljuje sebumske niti i smanjuje vidljivost mitesera.<br>  \n<i>Cink<\/i> reguli\u0161e rad lojnih \u017elezda i spre\u010dava prekomerno lu\u010denje sebuma. Smanjuje masno\u0107u, deluje antibakterijski i pru\u017ea blago adstrigentno dejstvo.<br>  \n<i>Pantenol<\/i> podsti\u010de regeneraciju ko\u017ee, smanjuje crvenilo i iritaciju, ima zaceljuju\u0107a svojstva.<br>  \n\nPogodno za normalnu, kombinovanu i masnu ko\u017eu.<br><\/p>\n<p><strong><br>Na\u010din upotrebe:<\/strong> Naneti potrebnu koli\u010dinu kreme kao zavr\u0161ni korak nege.<br><\/p>\n<hr \/>\n<p><em><strong>Sastojci:<\/strong> Water, Glycerin, Butylene Glycol, Diglycerin, Diisostearyl Malate, Isononyl Isononanoate, Niacinamide, Pentylene Glycol, Polyglyceryl-3 Methylglucose Distearate, 1,2-Hexanediol, Hydroxyethyl Acrylate\/Sodium Acryloyldimethyl Taurate Copolymer, Acrylates\/C10-30 Alkyl Acrylate Crosspolymer, Tromethamine, Ammonium Acryloyldimethyltaurate\/VP Copolymer, Zinc PCA, Panthenol, Ethylhexylglycerin, Adenosine, Sorbitan Isostearate, Sodium Phytate, 4-Terpineol, Kummerowia Striata Extract, Oenothera Biennis (Evening Primrose) Flower Extract, Pinus Palustris Leaf Extract, Pueraria Lobata Root Extract, Ulmus Davidiana Root Extract, Beta-Glucan, Cinchona Pubescens Bark Extract, Leptospermum Scoparium Leaf Extract, Tocopherol.<\/em><\/p>","protected":false},"excerpt":{"rendered":"<p><span data-sheets-root=\"1\">Hidratantna krema protiv masnog sjaja. 80ml<\/span><\/p>","protected":false},"featured_media":6817,"template":"","meta":{"_acf_changed":false},"product_brand":[],"product_cat":[635,639,470,457,460,461,86,231,438,440,441,442],"product_tag":[640],"class_list":{"0":"post-6940","1":"product","2":"type-product","3":"status-publish","4":"has-post-thumbnail","6":"product_cat-celimax","7":"product_cat-regulirovanie-sebuma","8":"product_cat-facecream","9":"product_cat-acne","10":"product_cat-blackheads","11":"product_cat-pore","12":"product_cat-moisturizing","13":"product_cat-calming","14":"product_cat-oilyskin","15":"product_cat-combinationskin","16":"product_cat-normalskin","17":"product_cat-problematicskin","18":"product_tag-oil-control","20":"first","21":"outofstock","22":"shipping-taxable","23":"purchasable","24":"product-type-simple"},"acf":[],"yoast_head":"<!-- This site is optimized with the Yoast SEO Premium plugin v19.6 (Yoast SEO v20.11) - https:\/\/yoast.com\/wordpress\/plugins\/seo\/ -->\n<title>CELIMAX Oil Control Moisturizing Cream - Malina Beauty Store<\/title>\n<meta name=\"robots\" content=\"index, follow, max-snippet:-1, max-image-preview:large, max-video-preview:-1\" \/>\n<link rel=\"canonical\" href=\"https:\/\/malinacosmetics.com\/sr\/\u043f\u0440\u043e\u0438\u0437\u0432\u043e\u0434\/celimax-celimax-oil-control-moisturizing-cream\/\" \/>\n<meta property=\"og:locale\" content=\"sr_RS\" \/>\n<meta property=\"og:type\" content=\"article\" \/>\n<meta property=\"og:title\" content=\"CELIMAX Oil Control Moisturizing Cream\" \/>\n<meta property=\"og:description\" content=\"\u0423\u0432\u043b\u0430\u0436\u043d\u044f\u044e\u0449\u0438\u0439 \u043a\u0440\u0435\u043c \u043f\u0440\u043e\u0442\u0438\u0432 \u0436\u0438\u0440\u043d\u043e\u0433\u043e \u0431\u043b\u0435\u0441\u043a\u0430. 80ml\" \/>\n<meta property=\"og:url\" content=\"https:\/\/malinacosmetics.com\/sr\/\u043f\u0440\u043e\u0438\u0437\u0432\u043e\u0434\/celimax-celimax-oil-control-moisturizing-cream\/\" \/>\n<meta property=\"og:site_name\" content=\"Malina Beauty Store\" \/>\n<meta property=\"article:publisher\" content=\"https:\/\/www.facebook.com\/MalinaBeautyShopMe\/\" \/>\n<meta property=\"article:modified_time\" content=\"2025-12-26T20:24:03+00:00\" \/>\n<meta property=\"og:image\" content=\"https:\/\/malinacosmetics.com\/wp-content\/uploads\/2025\/02\/Celimax-Oil-Control-Moisturizing-Cream1.jpg\" \/>\n\t<meta property=\"og:image:width\" content=\"1200\" \/>\n\t<meta property=\"og:image:height\" content=\"1200\" \/>\n\t<meta property=\"og:image:type\" content=\"image\/jpeg\" \/>\n<meta name=\"twitter:card\" content=\"summary_large_image\" \/>\n<script type=\"application\/ld+json\" class=\"yoast-schema-graph\">{\"@context\":\"https:\/\/schema.org\",\"@graph\":[{\"@type\":[\"WebPage\",\"ItemPage\"],\"@id\":\"https:\/\/malinacosmetics.com\/product\/celimax-celimax-oil-control-moisturizing-cream\/\",\"url\":\"https:\/\/malinacosmetics.com\/product\/celimax-celimax-oil-control-moisturizing-cream\/\",\"name\":\"CELIMAX Oil Control Moisturizing Cream - Malina Beauty Store\",\"isPartOf\":{\"@id\":\"https:\/\/malinacosmetics.com\/#website\"},\"datePublished\":\"2025-02-20T15:13:56+00:00\",\"dateModified\":\"2025-12-26T20:24:03+00:00\",\"breadcrumb\":{\"@id\":\"https:\/\/malinacosmetics.com\/product\/celimax-celimax-oil-control-moisturizing-cream\/#breadcrumb\"},\"inLanguage\":\"sr-RS\",\"potentialAction\":[{\"@type\":\"ReadAction\",\"target\":[\"https:\/\/malinacosmetics.com\/product\/celimax-celimax-oil-control-moisturizing-cream\/\"]}]},{\"@type\":\"BreadcrumbList\",\"@id\":\"https:\/\/malinacosmetics.com\/product\/celimax-celimax-oil-control-moisturizing-cream\/#breadcrumb\",\"itemListElement\":[{\"@type\":\"ListItem\",\"position\":1,\"name\":\"\u0413\u043b\u0430\u0432\u043d\u0430\u044f \u0441\u0442\u0440\u0430\u043d\u0438\u0446\u0430\",\"item\":\"https:\/\/malinacosmetics.com\/\"},{\"@type\":\"ListItem\",\"position\":2,\"name\":\"\u041a\u0430\u0442\u0430\u043b\u043e\u0433\",\"item\":\"https:\/\/malinacosmetics.com\/sr\/shop\/\"},{\"@type\":\"ListItem\",\"position\":3,\"name\":\"CELIMAX Oil Control Moisturizing Cream\"}]},{\"@type\":\"WebSite\",\"@id\":\"https:\/\/malinacosmetics.com\/#website\",\"url\":\"https:\/\/malinacosmetics.com\/\",\"name\":\"Malina Beauty Store\",\"description\":\"Prodaja korejske kozmetike za Crnu Goru\",\"publisher\":{\"@id\":\"https:\/\/malinacosmetics.com\/#organization\"},\"potentialAction\":[{\"@type\":\"SearchAction\",\"target\":{\"@type\":\"EntryPoint\",\"urlTemplate\":\"https:\/\/malinacosmetics.com\/?s={search_term_string}\"},\"query-input\":\"required name=search_term_string\"}],\"inLanguage\":\"sr-RS\"},{\"@type\":\"Organization\",\"@id\":\"https:\/\/malinacosmetics.com\/#organization\",\"name\":\"malinacosmetics\",\"url\":\"https:\/\/malinacosmetics.com\/\",\"logo\":{\"@type\":\"ImageObject\",\"inLanguage\":\"sr-RS\",\"@id\":\"https:\/\/malinacosmetics.com\/#\/schema\/logo\/image\/\",\"url\":\"https:\/\/malinacosmetics.com\/wp-content\/uploads\/2021\/07\/logo.png\",\"contentUrl\":\"https:\/\/malinacosmetics.com\/wp-content\/uploads\/2021\/07\/logo.png\",\"width\":500,\"height\":353,\"caption\":\"malinacosmetics\"},\"image\":{\"@id\":\"https:\/\/malinacosmetics.com\/#\/schema\/logo\/image\/\"},\"sameAs\":[\"https:\/\/www.facebook.com\/MalinaBeautyShopMe\/\"]}]}<\/script>\n<meta property=\"product:brand\" content=\"simple\" \/>\n<meta property=\"product:price:amount\" content=\"32.00\" \/>\n<meta property=\"product:price:currency\" content=\"EUR\" \/>\n<meta property=\"og:availability\" content=\"out of stock\" \/>\n<meta property=\"product:availability\" content=\"out of stock\" \/>\n<meta property=\"product:condition\" content=\"new\" \/>\n<!-- \/ Yoast SEO Premium plugin. -->","yoast_head_json":{"title":"CELIMAX Oil Control Moisturizing Cream - Malina Beauty Store","robots":{"index":"index","follow":"follow","max-snippet":"max-snippet:-1","max-image-preview":"max-image-preview:large","max-video-preview":"max-video-preview:-1"},"canonical":"https:\/\/malinacosmetics.com\/sr\/\u043f\u0440\u043e\u0438\u0437\u0432\u043e\u0434\/celimax-celimax-oil-control-moisturizing-cream\/","og_locale":"sr_RS","og_type":"article","og_title":"CELIMAX Oil Control Moisturizing Cream","og_description":"\u0423\u0432\u043b\u0430\u0436\u043d\u044f\u044e\u0449\u0438\u0439 \u043a\u0440\u0435\u043c \u043f\u0440\u043e\u0442\u0438\u0432 \u0436\u0438\u0440\u043d\u043e\u0433\u043e \u0431\u043b\u0435\u0441\u043a\u0430. 80ml","og_url":"https:\/\/malinacosmetics.com\/sr\/\u043f\u0440\u043e\u0438\u0437\u0432\u043e\u0434\/celimax-celimax-oil-control-moisturizing-cream\/","og_site_name":"Malina Beauty Store","article_publisher":"https:\/\/www.facebook.com\/MalinaBeautyShopMe\/","article_modified_time":"2025-12-26T20:24:03+00:00","og_image":[{"width":1200,"height":1200,"url":"https:\/\/malinacosmetics.com\/wp-content\/uploads\/2025\/02\/Celimax-Oil-Control-Moisturizing-Cream1.jpg","type":"image\/jpeg"}],"twitter_card":"summary_large_image","schema":{"@context":"https:\/\/schema.org","@graph":[{"@type":["WebPage","ItemPage"],"@id":"https:\/\/malinacosmetics.com\/product\/celimax-celimax-oil-control-moisturizing-cream\/","url":"https:\/\/malinacosmetics.com\/product\/celimax-celimax-oil-control-moisturizing-cream\/","name":"CELIMAX Oil Control Moisturizing Cream - Malina Beauty Store","isPartOf":{"@id":"https:\/\/malinacosmetics.com\/#website"},"datePublished":"2025-02-20T15:13:56+00:00","dateModified":"2025-12-26T20:24:03+00:00","breadcrumb":{"@id":"https:\/\/malinacosmetics.com\/product\/celimax-celimax-oil-control-moisturizing-cream\/#breadcrumb"},"inLanguage":"sr-RS","potentialAction":[{"@type":"ReadAction","target":["https:\/\/malinacosmetics.com\/product\/celimax-celimax-oil-control-moisturizing-cream\/"]}]},{"@type":"BreadcrumbList","@id":"https:\/\/malinacosmetics.com\/product\/celimax-celimax-oil-control-moisturizing-cream\/#breadcrumb","itemListElement":[{"@type":"ListItem","position":1,"name":"\u0413\u043b\u0430\u0432\u043d\u0430\u044f \u0441\u0442\u0440\u0430\u043d\u0438\u0446\u0430","item":"https:\/\/malinacosmetics.com\/"},{"@type":"ListItem","position":2,"name":"\u041a\u0430\u0442\u0430\u043b\u043e\u0433","item":"https:\/\/malinacosmetics.com\/sr\/shop\/"},{"@type":"ListItem","position":3,"name":"CELIMAX Oil Control Moisturizing Cream"}]},{"@type":"WebSite","@id":"https:\/\/malinacosmetics.com\/#website","url":"https:\/\/malinacosmetics.com\/","name":"Malina Beauty Store","description":"Prodaja korejske kozmetike za Crnu Goru","publisher":{"@id":"https:\/\/malinacosmetics.com\/#organization"},"potentialAction":[{"@type":"SearchAction","target":{"@type":"EntryPoint","urlTemplate":"https:\/\/malinacosmetics.com\/?s={search_term_string}"},"query-input":"required name=search_term_string"}],"inLanguage":"sr-RS"},{"@type":"Organization","@id":"https:\/\/malinacosmetics.com\/#organization","name":"malinacosmetics","url":"https:\/\/malinacosmetics.com\/","logo":{"@type":"ImageObject","inLanguage":"sr-RS","@id":"https:\/\/malinacosmetics.com\/#\/schema\/logo\/image\/","url":"https:\/\/malinacosmetics.com\/wp-content\/uploads\/2021\/07\/logo.png","contentUrl":"https:\/\/malinacosmetics.com\/wp-content\/uploads\/2021\/07\/logo.png","width":500,"height":353,"caption":"malinacosmetics"},"image":{"@id":"https:\/\/malinacosmetics.com\/#\/schema\/logo\/image\/"},"sameAs":["https:\/\/www.facebook.com\/MalinaBeautyShopMe\/"]}]},"product_brand":"simple","product_price_amount":"32.00","product_price_currency":"EUR","og_availability":"out of stock","product_availability":"out of stock","product_condition":"new"},"jetpack_sharing_enabled":true,"_links":{"self":[{"href":"https:\/\/malinacosmetics.com\/sr\/wp-json\/wp\/v2\/product\/6940","targetHints":{"allow":["GET"]}}],"collection":[{"href":"https:\/\/malinacosmetics.com\/sr\/wp-json\/wp\/v2\/product"}],"about":[{"href":"https:\/\/malinacosmetics.com\/sr\/wp-json\/wp\/v2\/types\/product"}],"wp:featuredmedia":[{"embeddable":true,"href":"https:\/\/malinacosmetics.com\/sr\/wp-json\/wp\/v2\/media\/6817"}],"wp:attachment":[{"href":"https:\/\/malinacosmetics.com\/sr\/wp-json\/wp\/v2\/media?parent=6940"}],"wp:term":[{"taxonomy":"product_brand","embeddable":true,"href":"https:\/\/malinacosmetics.com\/sr\/wp-json\/wp\/v2\/product_brand?post=6940"},{"taxonomy":"product_cat","embeddable":true,"href":"https:\/\/malinacosmetics.com\/sr\/wp-json\/wp\/v2\/product_cat?post=6940"},{"taxonomy":"product_tag","embeddable":true,"href":"https:\/\/malinacosmetics.com\/sr\/wp-json\/wp\/v2\/product_tag?post=6940"}],"curies":[{"name":"wp","href":"https:\/\/api.w.org\/{rel}","templated":true}]}}