{"id":6939,"date":"2025-02-20T16:07:00","date_gmt":"2025-02-20T15:07:00","guid":{"rendered":"https:\/\/malinacosmetics.com\/?post_type=product&#038;p=6939"},"modified":"2025-06-12T18:32:15","modified_gmt":"2025-06-12T16:32:15","slug":"celimax-oil-control-light-sunscreen","status":"publish","type":"product","link":"https:\/\/malinacosmetics.com\/sr\/\u043f\u0440\u043e\u0438\u0437\u0432\u043e\u0434\/celimax-oil-control-light-sunscreen\/","title":{"rendered":"CELIMAX Oil Control Light Sunscreen SPF50+PA++++"},"content":{"rendered":"<p class=\"translation-block\">Seboreguli\u0161u\u0107a lagana za\u0161titna krema za sun\u010danje Celimax Oil Control Light Sunscreen SPF50+ PA++++ pru\u017ea visok nivo za\u0161tite od UV zra\u010denja. Blokira agresivno delovanje sun\u010devih zraka, koji razgra\u0111uju kolagena vlakna i predstavljaju jedan od glavnih uzroka gubitka elasti\u010dnosti ko\u017ee. Usporava stvaranje melanocita, spre\u010davaju\u0107i pojavu ne\u017eeljene pigmentacije.<br>  \n\nProizvod reguli\u0161e rad lojnih \u017elezda i smanjuje masno\u0107u ko\u017ee tokom dana, pru\u017ea mat efekat i ostavlja lagan, bar\u0161unast zavr\u0161etak. Ima izra\u017eeno seboreguli\u0161u\u0107e dejstvo, podsti\u010de zaceljivanje upala i umiruje iritiranu ko\u017eu.<br>  \n\nU sastavu su hemijski filteri nove generacije, koji ne zahtevaju ponovno nano\u0161enje do 8 sati u urbanim uslovima:<br>  \n\n<i>Uvinul A Plus (Diethylamino Hydroxybenzoyl Hexyl Benzoate)<\/i> \u2013 liposolubilni filter koji apsorbuje UVA zrake talasne du\u017eine do 354 nm.<br>  \n<i>Uvinul T 150 (Ethylhexyl Triazone)<\/i> \u2013 liposolubilni filter u obliku bezbojnog praha sa izuzetno visokim za\u0161titnim faktorom protiv UVB zraka. Koristi se u koncentraciji do 5%.<br>  \n<i>Tinosorb M (Methylene Bis-Benzotriazolyl Tetramethylbutylphenol)<\/i> \u2013 \u0161titi od UVA i UVB zraka. Ima kombinovano dejstvo \u2013 apsorbuje i reflektuje ultraljubi\u010daste zrake. Produ\u017eava trajanje filtera oktinoksata.<br>  \n\nGlavni aktivni sastojci:<br>  \n<i>4-Terpineol<\/i> \u2013 derivat \u010dajevca, ima protivupalno i antioksidativno dejstvo, spre\u010dava nastanak postakni.<br>  \n<i>Anti-Sebum P<\/i> (ekstrakti bora, brijesta, pupoljke pupoljka i puerarije) \u2013 biljni kompleks koji smanjuje prekomernu aktivnost lojnih \u017elezda. Reguli\u0161e lu\u010denje sebuma i elimini\u0161e masni sjaj.<br>  \n<i>Niacinamid (vitamin B3)<\/i> posvetljuje pigmentaciju i spre\u010dava njen nastanak, smanjuje sjaj u T-zoni (\u010delo, nos, obrazi i brada) i ja\u010da za\u0161titne funkcije ko\u017ee.<br>  \n<i>Tokoferol<\/i> \u0161titi od negativnih spoljnih faktora, spre\u010dava oksidaciju nezasi\u0107enih lipida. Intenzivno oboga\u0107uje ko\u017eu vitaminima.<br>  \n<i>Cink oksid<\/i> \u2013 fizi\u010dki UV filter koji blokira ultraljubi\u010dasto zra\u010denje, \u0161tite\u0107i tako ko\u017eu od pojave pigmentnih mrlja i znakova fotostarenja.<br>  \n\nPogodno za kombinovanu i masnu ko\u017eu.<br><\/p>\n<p><strong><br>Na\u010din upotrebe:<\/strong> Kao zavr\u0161ni korak dnevne nege, naneti kremu na lice i druge izlo\u017eene delove ko\u017ee. Za lice koristiti oko 1,2 ml proizvoda (1\/3 ka\u0161i\u010dice ili \u201e2 prsta\u201c) 15-20 minuta pre izlaska napolje. Ponovno nano\u0161enje preporu\u010duje se nakon kupanja ili brisanja pe\u0161kirom.<\/p>\n<hr \/>\n<p><em><strong>Sastojci:<\/strong> Water, Zinc Oxide, Dibutyl Adipate, Cyclohexasiloxaneane, Dipropylene Glycol, Dicaprylyl Carbonate, Propylheptyl Caprylate, Butyloctyl Salicylate, Cetyl Diglyceryl Tris(Trimethylsiloxy) Silylethyl Dimethicone, Niacinamide, Caprylyl Methicone, Methyl Methacrylate Crosspolymer, Diethylamino Hydroxybenzoyl Hexyl Benzoate, Bis Ethylhexyloxy phenol Methoxyphenyl Triazine, Ethylhexyl Triazone, Calcium Aluminum Borosilicate, Polyglyceryl-3 Polydimethylsiloxethyl Dimethicone, Polymathylsilsesquioxane, Oenothera Biennis (Evening Primrose) Flower Extract, Ulmus Davidiana Root Extract, Pinus Palustris Leaf Extract, Pueraria Lobata Root Extract, Sodium Hyaluronate, Titanium Dioxide, Disteardimonium Hectorite, Magnesium Sulfate, Triethoxycaprylylsilane, 1,2-Hexanediol, Phenyl Trimethicone, Acrylates\/Dimethicone Copolymer, Polyglyceryl-6 Polyricinoleate, Glyceryl Caprylate, Caprylyl Glycol, Ethylhexylglycerin, Adenosine, 4-Terpineol, Silica, Tocopherol<\/em><\/p>","protected":false},"excerpt":{"rendered":"<p>Seboreguli\u0161u\u0107a lagana za\u0161titna krema za sun\u010danje. 40ml<\/p>","protected":false},"featured_media":6810,"template":"","meta":{"_acf_changed":false},"product_brand":[],"product_cat":[635,639,457,458,461,349,231,438,440,442,468],"product_tag":[640],"class_list":{"0":"post-6939","1":"product","2":"type-product","3":"status-publish","4":"has-post-thumbnail","6":"product_cat-celimax","7":"product_cat-regulirovanie-sebuma","8":"product_cat-acne","9":"product_cat-pigmentation","10":"product_cat-pore","11":"product_cat-brightening","12":"product_cat-calming","13":"product_cat-oilyskin","14":"product_cat-combinationskin","15":"product_cat-problematicskin","16":"product_cat-suncream","17":"product_tag-oil-control","19":"first","20":"outofstock","21":"shipping-taxable","22":"purchasable","23":"product-type-simple"},"acf":[],"yoast_head":"<!-- This site is optimized with the Yoast SEO Premium plugin v19.6 (Yoast SEO v20.11) - https:\/\/yoast.com\/wordpress\/plugins\/seo\/ -->\n<title>CELIMAX Oil Control Light Sunscreen SPF50+PA++++ - Malina Beauty Store<\/title>\n<meta name=\"robots\" content=\"index, follow, max-snippet:-1, max-image-preview:large, max-video-preview:-1\" \/>\n<link rel=\"canonical\" href=\"https:\/\/malinacosmetics.com\/sr\/\u043f\u0440\u043e\u0438\u0437\u0432\u043e\u0434\/celimax-oil-control-light-sunscreen\/\" \/>\n<meta property=\"og:locale\" content=\"sr_RS\" \/>\n<meta property=\"og:type\" content=\"article\" \/>\n<meta property=\"og:title\" content=\"CELIMAX Oil Control Light Sunscreen SPF50+PA++++\" \/>\n<meta property=\"og:description\" content=\"\u0421\u0435\u0431\u043e\u0440\u0435\u0433\u0443\u043b\u0438\u0440\u0443\u044e\u0449\u0438\u0439 \u043b\u0451\u0433\u043a\u0438\u0439 \u0441\u043e\u043b\u043d\u0446\u0435\u0437\u0430\u0449\u0438\u0442\u043d\u044b\u0439 \u043a\u0440\u0435\u043c. 40ml\" \/>\n<meta property=\"og:url\" content=\"https:\/\/malinacosmetics.com\/sr\/\u043f\u0440\u043e\u0438\u0437\u0432\u043e\u0434\/celimax-oil-control-light-sunscreen\/\" \/>\n<meta property=\"og:site_name\" content=\"Malina Beauty Store\" \/>\n<meta property=\"article:publisher\" content=\"https:\/\/www.facebook.com\/MalinaBeautyShopMe\/\" \/>\n<meta property=\"article:modified_time\" content=\"2025-06-12T16:32:15+00:00\" \/>\n<meta property=\"og:image\" content=\"https:\/\/malinacosmetics.com\/wp-content\/uploads\/2025\/02\/Celimax-Oil-Control-Light-Sunscreen1.jpg\" \/>\n\t<meta property=\"og:image:width\" content=\"1200\" \/>\n\t<meta property=\"og:image:height\" content=\"1200\" \/>\n\t<meta property=\"og:image:type\" content=\"image\/jpeg\" \/>\n<meta name=\"twitter:card\" content=\"summary_large_image\" \/>\n<script type=\"application\/ld+json\" class=\"yoast-schema-graph\">{\"@context\":\"https:\/\/schema.org\",\"@graph\":[{\"@type\":[\"WebPage\",\"ItemPage\"],\"@id\":\"https:\/\/malinacosmetics.com\/product\/celimax-oil-control-light-sunscreen\/\",\"url\":\"https:\/\/malinacosmetics.com\/product\/celimax-oil-control-light-sunscreen\/\",\"name\":\"CELIMAX Oil Control Light Sunscreen SPF50+PA++++ - Malina Beauty Store\",\"isPartOf\":{\"@id\":\"https:\/\/malinacosmetics.com\/#website\"},\"datePublished\":\"2025-02-20T15:07:00+00:00\",\"dateModified\":\"2025-06-12T16:32:15+00:00\",\"breadcrumb\":{\"@id\":\"https:\/\/malinacosmetics.com\/product\/celimax-oil-control-light-sunscreen\/#breadcrumb\"},\"inLanguage\":\"sr-RS\",\"potentialAction\":[{\"@type\":\"ReadAction\",\"target\":[\"https:\/\/malinacosmetics.com\/product\/celimax-oil-control-light-sunscreen\/\"]}]},{\"@type\":\"BreadcrumbList\",\"@id\":\"https:\/\/malinacosmetics.com\/product\/celimax-oil-control-light-sunscreen\/#breadcrumb\",\"itemListElement\":[{\"@type\":\"ListItem\",\"position\":1,\"name\":\"\u0413\u043b\u0430\u0432\u043d\u0430\u044f \u0441\u0442\u0440\u0430\u043d\u0438\u0446\u0430\",\"item\":\"https:\/\/malinacosmetics.com\/\"},{\"@type\":\"ListItem\",\"position\":2,\"name\":\"\u041a\u0430\u0442\u0430\u043b\u043e\u0433\",\"item\":\"https:\/\/malinacosmetics.com\/sr\/shop\/\"},{\"@type\":\"ListItem\",\"position\":3,\"name\":\"CELIMAX Oil Control Light Sunscreen SPF50+PA++++\"}]},{\"@type\":\"WebSite\",\"@id\":\"https:\/\/malinacosmetics.com\/#website\",\"url\":\"https:\/\/malinacosmetics.com\/\",\"name\":\"Malina Beauty Store\",\"description\":\"Prodaja korejske kozmetike za Crnu Goru\",\"publisher\":{\"@id\":\"https:\/\/malinacosmetics.com\/#organization\"},\"potentialAction\":[{\"@type\":\"SearchAction\",\"target\":{\"@type\":\"EntryPoint\",\"urlTemplate\":\"https:\/\/malinacosmetics.com\/?s={search_term_string}\"},\"query-input\":\"required name=search_term_string\"}],\"inLanguage\":\"sr-RS\"},{\"@type\":\"Organization\",\"@id\":\"https:\/\/malinacosmetics.com\/#organization\",\"name\":\"malinacosmetics\",\"url\":\"https:\/\/malinacosmetics.com\/\",\"logo\":{\"@type\":\"ImageObject\",\"inLanguage\":\"sr-RS\",\"@id\":\"https:\/\/malinacosmetics.com\/#\/schema\/logo\/image\/\",\"url\":\"https:\/\/malinacosmetics.com\/wp-content\/uploads\/2021\/07\/logo.png\",\"contentUrl\":\"https:\/\/malinacosmetics.com\/wp-content\/uploads\/2021\/07\/logo.png\",\"width\":500,\"height\":353,\"caption\":\"malinacosmetics\"},\"image\":{\"@id\":\"https:\/\/malinacosmetics.com\/#\/schema\/logo\/image\/\"},\"sameAs\":[\"https:\/\/www.facebook.com\/MalinaBeautyShopMe\/\"]}]}<\/script>\n<meta property=\"product:brand\" content=\"simple\" \/>\n<meta property=\"product:price:amount\" content=\"25.00\" \/>\n<meta property=\"product:price:currency\" content=\"EUR\" \/>\n<meta property=\"og:availability\" content=\"out of stock\" \/>\n<meta property=\"product:availability\" content=\"out of stock\" \/>\n<meta property=\"product:condition\" content=\"new\" \/>\n<!-- \/ Yoast SEO Premium plugin. -->","yoast_head_json":{"title":"CELIMAX Oil Control Light Sunscreen SPF50+PA++++ - Malina Beauty Store","robots":{"index":"index","follow":"follow","max-snippet":"max-snippet:-1","max-image-preview":"max-image-preview:large","max-video-preview":"max-video-preview:-1"},"canonical":"https:\/\/malinacosmetics.com\/sr\/\u043f\u0440\u043e\u0438\u0437\u0432\u043e\u0434\/celimax-oil-control-light-sunscreen\/","og_locale":"sr_RS","og_type":"article","og_title":"CELIMAX Oil Control Light Sunscreen SPF50+PA++++","og_description":"\u0421\u0435\u0431\u043e\u0440\u0435\u0433\u0443\u043b\u0438\u0440\u0443\u044e\u0449\u0438\u0439 \u043b\u0451\u0433\u043a\u0438\u0439 \u0441\u043e\u043b\u043d\u0446\u0435\u0437\u0430\u0449\u0438\u0442\u043d\u044b\u0439 \u043a\u0440\u0435\u043c. 40ml","og_url":"https:\/\/malinacosmetics.com\/sr\/\u043f\u0440\u043e\u0438\u0437\u0432\u043e\u0434\/celimax-oil-control-light-sunscreen\/","og_site_name":"Malina Beauty Store","article_publisher":"https:\/\/www.facebook.com\/MalinaBeautyShopMe\/","article_modified_time":"2025-06-12T16:32:15+00:00","og_image":[{"width":1200,"height":1200,"url":"https:\/\/malinacosmetics.com\/wp-content\/uploads\/2025\/02\/Celimax-Oil-Control-Light-Sunscreen1.jpg","type":"image\/jpeg"}],"twitter_card":"summary_large_image","schema":{"@context":"https:\/\/schema.org","@graph":[{"@type":["WebPage","ItemPage"],"@id":"https:\/\/malinacosmetics.com\/product\/celimax-oil-control-light-sunscreen\/","url":"https:\/\/malinacosmetics.com\/product\/celimax-oil-control-light-sunscreen\/","name":"CELIMAX Oil Control Light Sunscreen SPF50+PA++++ - Malina Beauty Store","isPartOf":{"@id":"https:\/\/malinacosmetics.com\/#website"},"datePublished":"2025-02-20T15:07:00+00:00","dateModified":"2025-06-12T16:32:15+00:00","breadcrumb":{"@id":"https:\/\/malinacosmetics.com\/product\/celimax-oil-control-light-sunscreen\/#breadcrumb"},"inLanguage":"sr-RS","potentialAction":[{"@type":"ReadAction","target":["https:\/\/malinacosmetics.com\/product\/celimax-oil-control-light-sunscreen\/"]}]},{"@type":"BreadcrumbList","@id":"https:\/\/malinacosmetics.com\/product\/celimax-oil-control-light-sunscreen\/#breadcrumb","itemListElement":[{"@type":"ListItem","position":1,"name":"\u0413\u043b\u0430\u0432\u043d\u0430\u044f \u0441\u0442\u0440\u0430\u043d\u0438\u0446\u0430","item":"https:\/\/malinacosmetics.com\/"},{"@type":"ListItem","position":2,"name":"\u041a\u0430\u0442\u0430\u043b\u043e\u0433","item":"https:\/\/malinacosmetics.com\/sr\/shop\/"},{"@type":"ListItem","position":3,"name":"CELIMAX Oil Control Light Sunscreen SPF50+PA++++"}]},{"@type":"WebSite","@id":"https:\/\/malinacosmetics.com\/#website","url":"https:\/\/malinacosmetics.com\/","name":"Malina Beauty Store","description":"Prodaja korejske kozmetike za Crnu Goru","publisher":{"@id":"https:\/\/malinacosmetics.com\/#organization"},"potentialAction":[{"@type":"SearchAction","target":{"@type":"EntryPoint","urlTemplate":"https:\/\/malinacosmetics.com\/?s={search_term_string}"},"query-input":"required name=search_term_string"}],"inLanguage":"sr-RS"},{"@type":"Organization","@id":"https:\/\/malinacosmetics.com\/#organization","name":"malinacosmetics","url":"https:\/\/malinacosmetics.com\/","logo":{"@type":"ImageObject","inLanguage":"sr-RS","@id":"https:\/\/malinacosmetics.com\/#\/schema\/logo\/image\/","url":"https:\/\/malinacosmetics.com\/wp-content\/uploads\/2021\/07\/logo.png","contentUrl":"https:\/\/malinacosmetics.com\/wp-content\/uploads\/2021\/07\/logo.png","width":500,"height":353,"caption":"malinacosmetics"},"image":{"@id":"https:\/\/malinacosmetics.com\/#\/schema\/logo\/image\/"},"sameAs":["https:\/\/www.facebook.com\/MalinaBeautyShopMe\/"]}]},"product_brand":"simple","product_price_amount":"25.00","product_price_currency":"EUR","og_availability":"out of stock","product_availability":"out of stock","product_condition":"new"},"jetpack_sharing_enabled":true,"_links":{"self":[{"href":"https:\/\/malinacosmetics.com\/sr\/wp-json\/wp\/v2\/product\/6939","targetHints":{"allow":["GET"]}}],"collection":[{"href":"https:\/\/malinacosmetics.com\/sr\/wp-json\/wp\/v2\/product"}],"about":[{"href":"https:\/\/malinacosmetics.com\/sr\/wp-json\/wp\/v2\/types\/product"}],"wp:featuredmedia":[{"embeddable":true,"href":"https:\/\/malinacosmetics.com\/sr\/wp-json\/wp\/v2\/media\/6810"}],"wp:attachment":[{"href":"https:\/\/malinacosmetics.com\/sr\/wp-json\/wp\/v2\/media?parent=6939"}],"wp:term":[{"taxonomy":"product_brand","embeddable":true,"href":"https:\/\/malinacosmetics.com\/sr\/wp-json\/wp\/v2\/product_brand?post=6939"},{"taxonomy":"product_cat","embeddable":true,"href":"https:\/\/malinacosmetics.com\/sr\/wp-json\/wp\/v2\/product_cat?post=6939"},{"taxonomy":"product_tag","embeddable":true,"href":"https:\/\/malinacosmetics.com\/sr\/wp-json\/wp\/v2\/product_tag?post=6939"}],"curies":[{"name":"wp","href":"https:\/\/api.w.org\/{rel}","templated":true}]}}