{"id":6918,"date":"2025-02-11T18:40:45","date_gmt":"2025-02-11T17:40:45","guid":{"rendered":"https:\/\/malinacosmetics.com\/?post_type=product&#038;p=6918"},"modified":"2025-06-14T17:44:03","modified_gmt":"2025-06-14T15:44:03","slug":"celimax-the-vita-a-retinal-shot-tightening-booster","status":"publish","type":"product","link":"https:\/\/malinacosmetics.com\/sr\/\u043f\u0440\u043e\u0438\u0437\u0432\u043e\u0434\/celimax-the-vita-a-retinal-shot-tightening-booster\/","title":{"rendered":"CELIMAX The Vita-A Retinal Shot Tightening Booster"},"content":{"rendered":"<p class=\"translation-block\">Zatezaju\u0107a booster-krema sa retinalom Celimax The Vita-A Retinal Shot Tightening Booster \u2013 proizvod sa bogatom teksturom za lokalnu upotrebu u anti-age nezi. Ima izra\u017een lifting efekat, spre\u010dava opu\u0161tanje tkiva, odr\u017eava njihov tonus, smanjuje stati\u010dke i mimi\u010dke bore, smanjuje njihovu dubinu. Redovnom upotrebom krema zagla\u0111uje mikroreljef \u2013 smanjuje veli\u010dinu i dubinu pora pove\u0107avaju\u0107i elasti\u010dnost i \u010dvrsto\u0107u ko\u017ee.<br>  \n\nKrema efikasno deluje na hiperpigmentaciju povezanu sa starenjem i upalama, uklanja tragove postakni i uporne fleke, ujedna\u010dava teksturu i ton ko\u017ee, daju\u0107i joj prirodan sjaj.<br>  \n\nGlavni aktivni sastojci:<br>  \n<i>Retinal (0,1%)<\/i> stimuli\u0161e obnavljanje ko\u017ee na \u0107elijskom nivou, aktivira sintezu kolagena i elastina. Ima protivupalna i podmla\u0111uju\u0107a svojstva: smanjuje rizik od nastanka akni, reguli\u0161e lu\u010denje sebuma, ujedna\u010dava ton i teksturu ko\u017ee smanjuju\u0107i veli\u010dinu i dubinu pora i zagla\u0111uju\u0107i bore.<br>  \n<i>A-Shot\u2122<\/i> \u2013 patentirani kompleks mikroiglica (20 250) \u2013 omogu\u0107ava isporuku aktivnih sastojaka u duboke slojeve epidermisa i stimuli\u0161e procese obnove \u0107elija. Pru\u017ea blagi efekat eksfolijacije, poma\u017ee u smanjenju hiperpigmentacije i ujedna\u010davanju teksture ko\u017ee.<br>  \n<i>Matrixyl\u00ae3000 (3%, Palmitoyl Tripeptide-1, Palmitoyl Tetrapeptide-7)<\/i> \u2013 patentirani kompleks peptida-matrikina. Stimuli\u0161e regeneraciju na \u0107elijskom nivou, ja\u010da ekstracelularni matriks, pobolj\u0161ava sintezu kolagena i hijaluronske kiseline, \u010dime zate\u017ee i zagla\u0111uje ko\u017eu, defini\u0161e oval lica i vra\u0107a elasti\u010dnost.<br>  \n<i>Pantenol (1%, vitamin B5)<\/i> obnavlja integritet ro\u017enatog sloja, optimizuje za\u0161titne funkcije ko\u017ee, ubrzava zaceljivanje mikropovreda, smanjuje crvenilo i iritaciju, poseduje regenerativna svojstva.<br>  \n<i>Niacinamid (vitamin B3)<\/i> stimuli\u0161e sintezu kolagena i ja\u010da za\u0161titne funkcije ko\u017ee, poma\u017ee u smanjenju transepidermalnog gubitka vlage i uklanjanju hiperpigmentacije, hidrira, su\u017eava pore, umiruje i osvetljava ko\u017eu.<br>  \n<i>Askorbinska kiselina<\/i> \u2013 nestabilna forma vitamina C, pru\u017ea najja\u010di efekat posvetljivanja i anti-age nege.<br>  \n\nPogodna za masnu, kombinovanu, normalnu i suvu ko\u017eu.<\/p>\n<p>&nbsp;<\/p>\n<p><strong><br>Na\u010din upotrebe:<\/strong> Tokom ve\u010dernje nege naneti potrebnu koli\u010dinu proizvoda na prethodno o\u010di\u0161\u0107enu ko\u017eu, ravnomerno rasporediti prstima i sa\u010dekati da se potpuno upije. Nastaviti negu hidratantnom kremom. Tokom dana koristiti za\u0161titnu kremu sa SPF50 PA++++.<br><br \/>\nPa\u017enja!  \nAko ranije niste koristili proizvode sa retinolom, uvodite ga postepeno: koristite 2 puta nedeljno tokom 2 nedelje. Zatim, ako ne do\u0111e do iritacija, pove\u0107ati u\u010destalost na 3 puta nedeljno tokom naredne 2 nedelje. Nemojte koristiti proizvode sa retinolom tokom trudno\u0107e i dojenja, kao ni \u0161est meseci pre planirane trudno\u0107e.<br><\/p>\n<hr \/>\n<p><em><strong>Sastojci:<\/strong> <span data-sheets-root=\"1\">Water, Butylene Glycol, Glycerin, Caprylic\/Capric Triglyceride, Cetearyl Alcohol, Niacinamide, Diisostearyl Malate, 1,2-Hexanediol, Polypropylsilsesquioxane, Panthenol, Cetearyl Olivate, Cetearyl Glucoside, Sorbitan Olivate, Hydroxyethyl Acrylate\/Sodium Acryloyldimethyl Taurate Copolymer, Lecithin, Carbomer, Arginine, Dimethicone\/Vinyl Dimethicone Crosspolymer, Tocopherol, Retinal (0.1%), Xanthan Gum, Ethylhexylglycerin, Adenosine, Sorbitan Isostearate, Sodium Lactate, Hydrolyzed Sponge, Disodium EDTA, Polysorbate 20, Ascorbic Acid, Glucose, Palmitoyl Tripeptide-1, Palmitoyl Tetrapeptide-7<\/span><\/em><\/p>","protected":false},"excerpt":{"rendered":"<p><span data-sheets-root=\"1\">Zatezaju\u0107a booster-krema sa retinalom. 15ml<\/span><\/p>","protected":false},"featured_media":6870,"template":"","meta":{"_acf_changed":false},"product_brand":[],"product_cat":[635,470,575,400,458,461,224,349,86,438,440,441,443],"product_tag":[],"class_list":{"0":"post-6918","1":"product","2":"type-product","3":"status-publish","4":"has-post-thumbnail","6":"product_cat-celimax","7":"product_cat-facecream","8":"product_cat-vyravnivanie-tona","9":"product_cat-lifting","10":"product_cat-pigmentation","11":"product_cat-pore","12":"product_cat-antiage","13":"product_cat-brightening","14":"product_cat-moisturizing","15":"product_cat-oilyskin","16":"product_cat-combinationskin","17":"product_cat-normalskin","18":"product_cat-dryskin","20":"first","21":"outofstock","22":"shipping-taxable","23":"purchasable","24":"product-type-simple"},"acf":[],"yoast_head":"<!-- This site is optimized with the Yoast SEO Premium plugin v19.6 (Yoast SEO v20.11) - https:\/\/yoast.com\/wordpress\/plugins\/seo\/ -->\n<title>CELIMAX The Vita-A Retinal Shot Tightening Booster - Malina Beauty Store<\/title>\n<meta name=\"robots\" content=\"index, follow, max-snippet:-1, max-image-preview:large, max-video-preview:-1\" \/>\n<link rel=\"canonical\" href=\"https:\/\/malinacosmetics.com\/sr\/\u043f\u0440\u043e\u0438\u0437\u0432\u043e\u0434\/celimax-the-vita-a-retinal-shot-tightening-booster\/\" \/>\n<meta property=\"og:locale\" content=\"sr_RS\" \/>\n<meta property=\"og:type\" content=\"article\" \/>\n<meta property=\"og:title\" content=\"CELIMAX The Vita-A Retinal Shot Tightening Booster\" \/>\n<meta property=\"og:description\" content=\"\u041f\u043e\u0434\u0442\u044f\u0433\u0438\u0432\u0430\u044e\u0449\u0438\u0439 \u0431\u0443\u0441\u0442\u0435\u0440-\u043a\u0440\u0435\u043c \u0441 \u0440\u0435\u0442\u0438\u043d\u0430\u043b\u0435\u043c. 15ml\" \/>\n<meta property=\"og:url\" content=\"https:\/\/malinacosmetics.com\/sr\/\u043f\u0440\u043e\u0438\u0437\u0432\u043e\u0434\/celimax-the-vita-a-retinal-shot-tightening-booster\/\" \/>\n<meta property=\"og:site_name\" content=\"Malina Beauty Store\" \/>\n<meta property=\"article:publisher\" content=\"https:\/\/www.facebook.com\/MalinaBeautyShopMe\/\" \/>\n<meta property=\"article:modified_time\" content=\"2025-06-14T15:44:03+00:00\" \/>\n<meta property=\"og:image\" content=\"https:\/\/malinacosmetics.com\/wp-content\/uploads\/2025\/02\/Celimax-The-Vita-A-Retinal-Shot-Tightening-Booster1.jpg\" \/>\n\t<meta property=\"og:image:width\" content=\"1200\" \/>\n\t<meta property=\"og:image:height\" content=\"1200\" \/>\n\t<meta property=\"og:image:type\" content=\"image\/jpeg\" \/>\n<meta name=\"twitter:card\" content=\"summary_large_image\" \/>\n<script type=\"application\/ld+json\" class=\"yoast-schema-graph\">{\"@context\":\"https:\/\/schema.org\",\"@graph\":[{\"@type\":[\"WebPage\",\"ItemPage\"],\"@id\":\"https:\/\/malinacosmetics.com\/product\/celimax-the-vita-a-retinal-shot-tightening-booster\/\",\"url\":\"https:\/\/malinacosmetics.com\/product\/celimax-the-vita-a-retinal-shot-tightening-booster\/\",\"name\":\"CELIMAX The Vita-A Retinal Shot Tightening Booster - Malina Beauty Store\",\"isPartOf\":{\"@id\":\"https:\/\/malinacosmetics.com\/#website\"},\"datePublished\":\"2025-02-11T17:40:45+00:00\",\"dateModified\":\"2025-06-14T15:44:03+00:00\",\"breadcrumb\":{\"@id\":\"https:\/\/malinacosmetics.com\/product\/celimax-the-vita-a-retinal-shot-tightening-booster\/#breadcrumb\"},\"inLanguage\":\"sr-RS\",\"potentialAction\":[{\"@type\":\"ReadAction\",\"target\":[\"https:\/\/malinacosmetics.com\/product\/celimax-the-vita-a-retinal-shot-tightening-booster\/\"]}]},{\"@type\":\"BreadcrumbList\",\"@id\":\"https:\/\/malinacosmetics.com\/product\/celimax-the-vita-a-retinal-shot-tightening-booster\/#breadcrumb\",\"itemListElement\":[{\"@type\":\"ListItem\",\"position\":1,\"name\":\"\u0413\u043b\u0430\u0432\u043d\u0430\u044f \u0441\u0442\u0440\u0430\u043d\u0438\u0446\u0430\",\"item\":\"https:\/\/malinacosmetics.com\/\"},{\"@type\":\"ListItem\",\"position\":2,\"name\":\"\u041a\u0430\u0442\u0430\u043b\u043e\u0433\",\"item\":\"https:\/\/malinacosmetics.com\/sr\/shop\/\"},{\"@type\":\"ListItem\",\"position\":3,\"name\":\"CELIMAX The Vita-A Retinal Shot Tightening Booster\"}]},{\"@type\":\"WebSite\",\"@id\":\"https:\/\/malinacosmetics.com\/#website\",\"url\":\"https:\/\/malinacosmetics.com\/\",\"name\":\"Malina Beauty Store\",\"description\":\"Prodaja korejske kozmetike za Crnu Goru\",\"publisher\":{\"@id\":\"https:\/\/malinacosmetics.com\/#organization\"},\"potentialAction\":[{\"@type\":\"SearchAction\",\"target\":{\"@type\":\"EntryPoint\",\"urlTemplate\":\"https:\/\/malinacosmetics.com\/?s={search_term_string}\"},\"query-input\":\"required name=search_term_string\"}],\"inLanguage\":\"sr-RS\"},{\"@type\":\"Organization\",\"@id\":\"https:\/\/malinacosmetics.com\/#organization\",\"name\":\"malinacosmetics\",\"url\":\"https:\/\/malinacosmetics.com\/\",\"logo\":{\"@type\":\"ImageObject\",\"inLanguage\":\"sr-RS\",\"@id\":\"https:\/\/malinacosmetics.com\/#\/schema\/logo\/image\/\",\"url\":\"https:\/\/malinacosmetics.com\/wp-content\/uploads\/2021\/07\/logo.png\",\"contentUrl\":\"https:\/\/malinacosmetics.com\/wp-content\/uploads\/2021\/07\/logo.png\",\"width\":500,\"height\":353,\"caption\":\"malinacosmetics\"},\"image\":{\"@id\":\"https:\/\/malinacosmetics.com\/#\/schema\/logo\/image\/\"},\"sameAs\":[\"https:\/\/www.facebook.com\/MalinaBeautyShopMe\/\"]}]}<\/script>\n<meta property=\"product:brand\" content=\"simple\" \/>\n<meta property=\"product:price:amount\" content=\"27.00\" \/>\n<meta property=\"product:price:currency\" content=\"EUR\" \/>\n<meta property=\"og:availability\" content=\"out of stock\" \/>\n<meta property=\"product:availability\" content=\"out of stock\" \/>\n<meta property=\"product:condition\" content=\"new\" \/>\n<!-- \/ Yoast SEO Premium plugin. -->","yoast_head_json":{"title":"CELIMAX The Vita-A Retinal Shot Tightening Booster - Malina Beauty Store","robots":{"index":"index","follow":"follow","max-snippet":"max-snippet:-1","max-image-preview":"max-image-preview:large","max-video-preview":"max-video-preview:-1"},"canonical":"https:\/\/malinacosmetics.com\/sr\/\u043f\u0440\u043e\u0438\u0437\u0432\u043e\u0434\/celimax-the-vita-a-retinal-shot-tightening-booster\/","og_locale":"sr_RS","og_type":"article","og_title":"CELIMAX The Vita-A Retinal Shot Tightening Booster","og_description":"\u041f\u043e\u0434\u0442\u044f\u0433\u0438\u0432\u0430\u044e\u0449\u0438\u0439 \u0431\u0443\u0441\u0442\u0435\u0440-\u043a\u0440\u0435\u043c \u0441 \u0440\u0435\u0442\u0438\u043d\u0430\u043b\u0435\u043c. 15ml","og_url":"https:\/\/malinacosmetics.com\/sr\/\u043f\u0440\u043e\u0438\u0437\u0432\u043e\u0434\/celimax-the-vita-a-retinal-shot-tightening-booster\/","og_site_name":"Malina Beauty Store","article_publisher":"https:\/\/www.facebook.com\/MalinaBeautyShopMe\/","article_modified_time":"2025-06-14T15:44:03+00:00","og_image":[{"width":1200,"height":1200,"url":"https:\/\/malinacosmetics.com\/wp-content\/uploads\/2025\/02\/Celimax-The-Vita-A-Retinal-Shot-Tightening-Booster1.jpg","type":"image\/jpeg"}],"twitter_card":"summary_large_image","schema":{"@context":"https:\/\/schema.org","@graph":[{"@type":["WebPage","ItemPage"],"@id":"https:\/\/malinacosmetics.com\/product\/celimax-the-vita-a-retinal-shot-tightening-booster\/","url":"https:\/\/malinacosmetics.com\/product\/celimax-the-vita-a-retinal-shot-tightening-booster\/","name":"CELIMAX The Vita-A Retinal Shot Tightening Booster - Malina Beauty Store","isPartOf":{"@id":"https:\/\/malinacosmetics.com\/#website"},"datePublished":"2025-02-11T17:40:45+00:00","dateModified":"2025-06-14T15:44:03+00:00","breadcrumb":{"@id":"https:\/\/malinacosmetics.com\/product\/celimax-the-vita-a-retinal-shot-tightening-booster\/#breadcrumb"},"inLanguage":"sr-RS","potentialAction":[{"@type":"ReadAction","target":["https:\/\/malinacosmetics.com\/product\/celimax-the-vita-a-retinal-shot-tightening-booster\/"]}]},{"@type":"BreadcrumbList","@id":"https:\/\/malinacosmetics.com\/product\/celimax-the-vita-a-retinal-shot-tightening-booster\/#breadcrumb","itemListElement":[{"@type":"ListItem","position":1,"name":"\u0413\u043b\u0430\u0432\u043d\u0430\u044f \u0441\u0442\u0440\u0430\u043d\u0438\u0446\u0430","item":"https:\/\/malinacosmetics.com\/"},{"@type":"ListItem","position":2,"name":"\u041a\u0430\u0442\u0430\u043b\u043e\u0433","item":"https:\/\/malinacosmetics.com\/sr\/shop\/"},{"@type":"ListItem","position":3,"name":"CELIMAX The Vita-A Retinal Shot Tightening Booster"}]},{"@type":"WebSite","@id":"https:\/\/malinacosmetics.com\/#website","url":"https:\/\/malinacosmetics.com\/","name":"Malina Beauty Store","description":"Prodaja korejske kozmetike za Crnu Goru","publisher":{"@id":"https:\/\/malinacosmetics.com\/#organization"},"potentialAction":[{"@type":"SearchAction","target":{"@type":"EntryPoint","urlTemplate":"https:\/\/malinacosmetics.com\/?s={search_term_string}"},"query-input":"required name=search_term_string"}],"inLanguage":"sr-RS"},{"@type":"Organization","@id":"https:\/\/malinacosmetics.com\/#organization","name":"malinacosmetics","url":"https:\/\/malinacosmetics.com\/","logo":{"@type":"ImageObject","inLanguage":"sr-RS","@id":"https:\/\/malinacosmetics.com\/#\/schema\/logo\/image\/","url":"https:\/\/malinacosmetics.com\/wp-content\/uploads\/2021\/07\/logo.png","contentUrl":"https:\/\/malinacosmetics.com\/wp-content\/uploads\/2021\/07\/logo.png","width":500,"height":353,"caption":"malinacosmetics"},"image":{"@id":"https:\/\/malinacosmetics.com\/#\/schema\/logo\/image\/"},"sameAs":["https:\/\/www.facebook.com\/MalinaBeautyShopMe\/"]}]},"product_brand":"simple","product_price_amount":"27.00","product_price_currency":"EUR","og_availability":"out of stock","product_availability":"out of stock","product_condition":"new"},"jetpack_sharing_enabled":true,"_links":{"self":[{"href":"https:\/\/malinacosmetics.com\/sr\/wp-json\/wp\/v2\/product\/6918","targetHints":{"allow":["GET"]}}],"collection":[{"href":"https:\/\/malinacosmetics.com\/sr\/wp-json\/wp\/v2\/product"}],"about":[{"href":"https:\/\/malinacosmetics.com\/sr\/wp-json\/wp\/v2\/types\/product"}],"wp:featuredmedia":[{"embeddable":true,"href":"https:\/\/malinacosmetics.com\/sr\/wp-json\/wp\/v2\/media\/6870"}],"wp:attachment":[{"href":"https:\/\/malinacosmetics.com\/sr\/wp-json\/wp\/v2\/media?parent=6918"}],"wp:term":[{"taxonomy":"product_brand","embeddable":true,"href":"https:\/\/malinacosmetics.com\/sr\/wp-json\/wp\/v2\/product_brand?post=6918"},{"taxonomy":"product_cat","embeddable":true,"href":"https:\/\/malinacosmetics.com\/sr\/wp-json\/wp\/v2\/product_cat?post=6918"},{"taxonomy":"product_tag","embeddable":true,"href":"https:\/\/malinacosmetics.com\/sr\/wp-json\/wp\/v2\/product_tag?post=6918"}],"curies":[{"name":"wp","href":"https:\/\/api.w.org\/{rel}","templated":true}]}}