{"id":6917,"date":"2025-02-11T17:59:06","date_gmt":"2025-02-11T16:59:06","guid":{"rendered":"https:\/\/malinacosmetics.com\/?post_type=product&#038;p=6917"},"modified":"2025-07-19T08:25:20","modified_gmt":"2025-07-19T06:25:20","slug":"celimax-the-vita-a-retinol-shot-tightening-serum","status":"publish","type":"product","link":"https:\/\/malinacosmetics.com\/sr\/\u043f\u0440\u043e\u0438\u0437\u0432\u043e\u0434\/celimax-the-vita-a-retinol-shot-tightening-serum\/","title":{"rendered":"CELIMAX The Vita-A Retinol Shot Tightening Serum"},"content":{"rendered":"<p class=\"translation-block\">Zatezaju\u0107i serum sa retinolom i mikroiglicama Celimax The Vita-A Retinol Shot Tightening Serum pru\u017ea intenzivnu negu za ko\u017eu sa znacima starenja i simptomima akni. Ima laganu, hidratantnu teksturu, brzo se upija i ne ostavlja ose\u0107aj zatezanja ili lepljivosti. Proizvod ima izra\u017een lifting efekat \u2013 spre\u010dava opu\u0161tanje tkiva, pove\u0107ava njihovu elasti\u010dnost i \u010dvrstinu, smanjuje dubinu mimi\u010dkih i stati\u010dkih bora i spre\u010dava njihovo formiranje.<br>  \n\nRedovnom upotrebom serum reguli\u0161e aktivnost lojnih \u017elezda, smanjuje lu\u010denje sebuma, smanjuje rizik od pojave komedona i razvoj upalnih procesa, elimini\u0161e masni sjaj. Efikasno posvetljuje i starosnu i postupalnu hiperpigmentaciju, uklanja tragove postakni i uporne fleke, ujedna\u010dava teksturu i ton ko\u017ee, daju\u0107i joj prirodan sjaj.<br>  \n\nGlavni aktivni sastojci:<br>  \n<i>Retinol (0,1%)<\/i> stimuli\u0161e obnavljanje na \u0107elijskom nivou, aktivira sintezu kolagena i elastina. Ima protivupalna i anti-age svojstva: smanjuje rizik od razvoja akni, reguli\u0161e lu\u010denje sebuma, ujedna\u010dava ton i teksturu ko\u017ee smanjuju\u0107i veli\u010dinu i dubinu pora i zagla\u0111uju\u0107i bore.<br>  \n<i>A-Shot\u2122<\/i> \u2013 patentirani kompleks mikroiglica (162 000) \u2013 omogu\u0107ava isporuku aktivnih sastojaka u duboke slojeve epidermisa i stimuli\u0161e procese obnove \u0107elija. Pru\u017ea blagi eksfolijacioni efekat, poma\u017ee u smanjenju hiperpigmentacije i ujedna\u010davanju teksture ko\u017ee.<br>  \n<i>Bakarni tripetid<\/i> pove\u0107ava sintezu kolagena i elastina, pobolj\u0161ava \u010dvrstinu ko\u017ee, ima ja\u010daju\u0107i, protivupalni i antioksidativni efekat, ubrzava regeneraciju.<br>  \n<i>Nonapeptid<\/i>, sastavljen od 7 aminokiselina, spre\u010dava sintezu tirozinaze \u2013 enzima koji podsti\u010de transport melanina u \u0107elije, \u010dime spre\u010dava stvaranje pigmentnih mrlja.<br>  \n<i>Palmtoil pentapeptid-4<\/i> \u2013 dobro istra\u017een anti-age peptid sastavljen od 5 aminokiselina, stimuli\u0161e procese obnavljanja i regeneracije \u0107elija epidermisa. Po efikasnosti je uporediv sa retinolom, ali ne izaziva iritacije.<br>  \n<i>Pantenol (vitamin B5)<\/i> obnavlja integritet ro\u017enatog sloja, optimizuje za\u0161titne funkcije ko\u017ee, ubrzava zarastanje mikropovreda, smanjuje crvenilo i iritaciju, poseduje regenerativna svojstva.<br>  \n\nPogodan za masnu, kombinovanu, normalnu i suvu ko\u017eu.<\/p>\n<p><strong><br>Na\u010din upotrebe:<\/strong> Tokom ve\u010dernje nege naneti potrebnu koli\u010dinu proizvoda na prethodno o\u010di\u0161\u0107enu ko\u017eu, ravnomerno rasporediti prstima i sa\u010dekati da se potpuno upije. Nastaviti negu hidratantnom kremom. Tokom dana koristiti za\u0161titnu kremu sa SPF50 PA++++.<br><br \/>\nPa\u017enja!  \nAko ranije niste koristili proizvode sa retinolom, uvodite ga postepeno: koristite 2 puta nedeljno tokom 2 nedelje. Zatim, ako ne do\u0111e do iritacija, pove\u0107ati u\u010destalost na 3 puta nedeljno tokom naredne 2 nedelje. Nemojte koristiti proizvode sa retinolom tokom trudno\u0107e i dojenja, kao ni \u0161est meseci pre planirane trudno\u0107e.<br><\/p>\n<hr \/>\n<p><em><strong>Sastojci:<\/strong> <span data-sheets-root=\"1\">Water, Methylpropanediol, Glycerin, 1,2-Hexanediol, Caprylic\/Capric Triglyceride, Panthenol, Polypropylsilsesquioxane, C14-22 Alcohols, Glyceryl Stearates, Ammonium Acryloyldimethyltaurate\/VP Copolymer, Hydrolyzed Sponge, Helianthus Annuus (Sunflower) Seed Oil, Acrylates\/C10-30 Alkyl Acrylate Crosspolymer, Tocopherol, Retinol(0.1%), Allantoin, Arginine, Undecane, Xanthan Gum, Ethylhexylglycerin, C12-20 Alkyl Glucoside, Lauryl Glucoside, Polyglyceryl-6 Laurate, Adenosine, Tridecane, Disodium EDTA, Daucus Carota Sativa (Carrot) Root Extract, Myristyl Glucoside, Glyceryl Acrylate\/Acrylic Acid Copolymer, PVM\/MA Copolymer, Butylene Glycol, Beta-Carotene, Glucose, Tripeptide-1, Palmitoyl Tripeptide-1, Nonapeptide-1, Hexapeptide-9, Dipeptide-2, Copper Tripeptide-1, Acetyl Tetrapeptide-5, Acetyl Hexapeptide-8, Palmitoyl Pentapeptide-4<\/span><\/em><\/p>","protected":false},"excerpt":{"rendered":"<p><span data-sheets-root=\"1\">Zatezaju\u0107i serum sa retinolom i mikroiglicama. 30ml<\/span><\/p>","protected":false},"featured_media":6876,"template":"","meta":{"_acf_changed":false},"product_brand":[],"product_cat":[635,575,400,458,224,349,86,438,440,441,443,352],"product_tag":[],"class_list":{"0":"post-6917","1":"product","2":"type-product","3":"status-publish","4":"has-post-thumbnail","6":"product_cat-celimax","7":"product_cat-vyravnivanie-tona","8":"product_cat-lifting","9":"product_cat-pigmentation","10":"product_cat-antiage","11":"product_cat-brightening","12":"product_cat-moisturizing","13":"product_cat-oilyskin","14":"product_cat-combinationskin","15":"product_cat-normalskin","16":"product_cat-dryskin","17":"product_cat-serum","19":"first","20":"outofstock","21":"shipping-taxable","22":"purchasable","23":"product-type-simple"},"acf":[],"yoast_head":"<!-- This site is optimized with the Yoast SEO Premium plugin v19.6 (Yoast SEO v20.11) - https:\/\/yoast.com\/wordpress\/plugins\/seo\/ -->\n<title>CELIMAX The Vita-A Retinol Shot Tightening Serum - Malina Beauty Store<\/title>\n<meta name=\"robots\" content=\"index, follow, max-snippet:-1, max-image-preview:large, max-video-preview:-1\" \/>\n<link rel=\"canonical\" href=\"https:\/\/malinacosmetics.com\/sr\/\u043f\u0440\u043e\u0438\u0437\u0432\u043e\u0434\/celimax-the-vita-a-retinol-shot-tightening-serum\/\" \/>\n<meta property=\"og:locale\" content=\"sr_RS\" \/>\n<meta property=\"og:type\" content=\"article\" \/>\n<meta property=\"og:title\" content=\"CELIMAX The Vita-A Retinol Shot Tightening Serum\" \/>\n<meta property=\"og:description\" content=\"\u041f\u043e\u0434\u0442\u044f\u0433\u0438\u0432\u0430\u044e\u0449\u0430\u044f \u0441\u044b\u0432\u043e\u0440\u043e\u0442\u043a\u0430 \u0441 \u0440\u0435\u0442\u0438\u043d\u043e\u043b\u043e\u043c \u0438 \u043c\u0438\u043a\u0440\u043e\u0438\u0433\u043b\u0430\u043c\u0438. 30ml\" \/>\n<meta property=\"og:url\" content=\"https:\/\/malinacosmetics.com\/sr\/\u043f\u0440\u043e\u0438\u0437\u0432\u043e\u0434\/celimax-the-vita-a-retinol-shot-tightening-serum\/\" \/>\n<meta property=\"og:site_name\" content=\"Malina Beauty Store\" \/>\n<meta property=\"article:publisher\" content=\"https:\/\/www.facebook.com\/MalinaBeautyShopMe\/\" \/>\n<meta property=\"article:modified_time\" content=\"2025-07-19T06:25:20+00:00\" \/>\n<meta property=\"og:image\" content=\"https:\/\/malinacosmetics.com\/wp-content\/uploads\/2025\/02\/Celimax-The-Vita-A-Retinol-Shot-Tightening-Serum1.jpg\" \/>\n\t<meta property=\"og:image:width\" content=\"1200\" \/>\n\t<meta property=\"og:image:height\" content=\"1200\" \/>\n\t<meta property=\"og:image:type\" content=\"image\/jpeg\" \/>\n<meta name=\"twitter:card\" content=\"summary_large_image\" \/>\n<script type=\"application\/ld+json\" class=\"yoast-schema-graph\">{\"@context\":\"https:\/\/schema.org\",\"@graph\":[{\"@type\":[\"WebPage\",\"ItemPage\"],\"@id\":\"https:\/\/malinacosmetics.com\/product\/celimax-the-vita-a-retinol-shot-tightening-serum\/\",\"url\":\"https:\/\/malinacosmetics.com\/product\/celimax-the-vita-a-retinol-shot-tightening-serum\/\",\"name\":\"CELIMAX The Vita-A Retinol Shot Tightening Serum - Malina Beauty Store\",\"isPartOf\":{\"@id\":\"https:\/\/malinacosmetics.com\/#website\"},\"datePublished\":\"2025-02-11T16:59:06+00:00\",\"dateModified\":\"2025-07-19T06:25:20+00:00\",\"breadcrumb\":{\"@id\":\"https:\/\/malinacosmetics.com\/product\/celimax-the-vita-a-retinol-shot-tightening-serum\/#breadcrumb\"},\"inLanguage\":\"sr-RS\",\"potentialAction\":[{\"@type\":\"ReadAction\",\"target\":[\"https:\/\/malinacosmetics.com\/product\/celimax-the-vita-a-retinol-shot-tightening-serum\/\"]}]},{\"@type\":\"BreadcrumbList\",\"@id\":\"https:\/\/malinacosmetics.com\/product\/celimax-the-vita-a-retinol-shot-tightening-serum\/#breadcrumb\",\"itemListElement\":[{\"@type\":\"ListItem\",\"position\":1,\"name\":\"\u0413\u043b\u0430\u0432\u043d\u0430\u044f \u0441\u0442\u0440\u0430\u043d\u0438\u0446\u0430\",\"item\":\"https:\/\/malinacosmetics.com\/\"},{\"@type\":\"ListItem\",\"position\":2,\"name\":\"\u041a\u0430\u0442\u0430\u043b\u043e\u0433\",\"item\":\"https:\/\/malinacosmetics.com\/sr\/shop\/\"},{\"@type\":\"ListItem\",\"position\":3,\"name\":\"CELIMAX The Vita-A Retinol Shot Tightening Serum\"}]},{\"@type\":\"WebSite\",\"@id\":\"https:\/\/malinacosmetics.com\/#website\",\"url\":\"https:\/\/malinacosmetics.com\/\",\"name\":\"Malina Beauty Store\",\"description\":\"Prodaja korejske kozmetike za Crnu Goru\",\"publisher\":{\"@id\":\"https:\/\/malinacosmetics.com\/#organization\"},\"potentialAction\":[{\"@type\":\"SearchAction\",\"target\":{\"@type\":\"EntryPoint\",\"urlTemplate\":\"https:\/\/malinacosmetics.com\/?s={search_term_string}\"},\"query-input\":\"required name=search_term_string\"}],\"inLanguage\":\"sr-RS\"},{\"@type\":\"Organization\",\"@id\":\"https:\/\/malinacosmetics.com\/#organization\",\"name\":\"malinacosmetics\",\"url\":\"https:\/\/malinacosmetics.com\/\",\"logo\":{\"@type\":\"ImageObject\",\"inLanguage\":\"sr-RS\",\"@id\":\"https:\/\/malinacosmetics.com\/#\/schema\/logo\/image\/\",\"url\":\"https:\/\/malinacosmetics.com\/wp-content\/uploads\/2021\/07\/logo.png\",\"contentUrl\":\"https:\/\/malinacosmetics.com\/wp-content\/uploads\/2021\/07\/logo.png\",\"width\":500,\"height\":353,\"caption\":\"malinacosmetics\"},\"image\":{\"@id\":\"https:\/\/malinacosmetics.com\/#\/schema\/logo\/image\/\"},\"sameAs\":[\"https:\/\/www.facebook.com\/MalinaBeautyShopMe\/\"]}]}<\/script>\n<meta property=\"product:brand\" content=\"simple\" \/>\n<meta property=\"product:price:amount\" content=\"30.00\" \/>\n<meta property=\"product:price:currency\" content=\"EUR\" \/>\n<meta property=\"og:availability\" content=\"out of stock\" \/>\n<meta property=\"product:availability\" content=\"out of stock\" \/>\n<meta property=\"product:condition\" content=\"new\" \/>\n<!-- \/ Yoast SEO Premium plugin. -->","yoast_head_json":{"title":"CELIMAX The Vita-A Retinol Shot Tightening Serum - Malina Beauty Store","robots":{"index":"index","follow":"follow","max-snippet":"max-snippet:-1","max-image-preview":"max-image-preview:large","max-video-preview":"max-video-preview:-1"},"canonical":"https:\/\/malinacosmetics.com\/sr\/\u043f\u0440\u043e\u0438\u0437\u0432\u043e\u0434\/celimax-the-vita-a-retinol-shot-tightening-serum\/","og_locale":"sr_RS","og_type":"article","og_title":"CELIMAX The Vita-A Retinol Shot Tightening Serum","og_description":"\u041f\u043e\u0434\u0442\u044f\u0433\u0438\u0432\u0430\u044e\u0449\u0430\u044f \u0441\u044b\u0432\u043e\u0440\u043e\u0442\u043a\u0430 \u0441 \u0440\u0435\u0442\u0438\u043d\u043e\u043b\u043e\u043c \u0438 \u043c\u0438\u043a\u0440\u043e\u0438\u0433\u043b\u0430\u043c\u0438. 30ml","og_url":"https:\/\/malinacosmetics.com\/sr\/\u043f\u0440\u043e\u0438\u0437\u0432\u043e\u0434\/celimax-the-vita-a-retinol-shot-tightening-serum\/","og_site_name":"Malina Beauty Store","article_publisher":"https:\/\/www.facebook.com\/MalinaBeautyShopMe\/","article_modified_time":"2025-07-19T06:25:20+00:00","og_image":[{"width":1200,"height":1200,"url":"https:\/\/malinacosmetics.com\/wp-content\/uploads\/2025\/02\/Celimax-The-Vita-A-Retinol-Shot-Tightening-Serum1.jpg","type":"image\/jpeg"}],"twitter_card":"summary_large_image","schema":{"@context":"https:\/\/schema.org","@graph":[{"@type":["WebPage","ItemPage"],"@id":"https:\/\/malinacosmetics.com\/product\/celimax-the-vita-a-retinol-shot-tightening-serum\/","url":"https:\/\/malinacosmetics.com\/product\/celimax-the-vita-a-retinol-shot-tightening-serum\/","name":"CELIMAX The Vita-A Retinol Shot Tightening Serum - Malina Beauty Store","isPartOf":{"@id":"https:\/\/malinacosmetics.com\/#website"},"datePublished":"2025-02-11T16:59:06+00:00","dateModified":"2025-07-19T06:25:20+00:00","breadcrumb":{"@id":"https:\/\/malinacosmetics.com\/product\/celimax-the-vita-a-retinol-shot-tightening-serum\/#breadcrumb"},"inLanguage":"sr-RS","potentialAction":[{"@type":"ReadAction","target":["https:\/\/malinacosmetics.com\/product\/celimax-the-vita-a-retinol-shot-tightening-serum\/"]}]},{"@type":"BreadcrumbList","@id":"https:\/\/malinacosmetics.com\/product\/celimax-the-vita-a-retinol-shot-tightening-serum\/#breadcrumb","itemListElement":[{"@type":"ListItem","position":1,"name":"\u0413\u043b\u0430\u0432\u043d\u0430\u044f \u0441\u0442\u0440\u0430\u043d\u0438\u0446\u0430","item":"https:\/\/malinacosmetics.com\/"},{"@type":"ListItem","position":2,"name":"\u041a\u0430\u0442\u0430\u043b\u043e\u0433","item":"https:\/\/malinacosmetics.com\/sr\/shop\/"},{"@type":"ListItem","position":3,"name":"CELIMAX The Vita-A Retinol Shot Tightening Serum"}]},{"@type":"WebSite","@id":"https:\/\/malinacosmetics.com\/#website","url":"https:\/\/malinacosmetics.com\/","name":"Malina Beauty Store","description":"Prodaja korejske kozmetike za Crnu Goru","publisher":{"@id":"https:\/\/malinacosmetics.com\/#organization"},"potentialAction":[{"@type":"SearchAction","target":{"@type":"EntryPoint","urlTemplate":"https:\/\/malinacosmetics.com\/?s={search_term_string}"},"query-input":"required name=search_term_string"}],"inLanguage":"sr-RS"},{"@type":"Organization","@id":"https:\/\/malinacosmetics.com\/#organization","name":"malinacosmetics","url":"https:\/\/malinacosmetics.com\/","logo":{"@type":"ImageObject","inLanguage":"sr-RS","@id":"https:\/\/malinacosmetics.com\/#\/schema\/logo\/image\/","url":"https:\/\/malinacosmetics.com\/wp-content\/uploads\/2021\/07\/logo.png","contentUrl":"https:\/\/malinacosmetics.com\/wp-content\/uploads\/2021\/07\/logo.png","width":500,"height":353,"caption":"malinacosmetics"},"image":{"@id":"https:\/\/malinacosmetics.com\/#\/schema\/logo\/image\/"},"sameAs":["https:\/\/www.facebook.com\/MalinaBeautyShopMe\/"]}]},"product_brand":"simple","product_price_amount":"30.00","product_price_currency":"EUR","og_availability":"out of stock","product_availability":"out of stock","product_condition":"new"},"jetpack_sharing_enabled":true,"_links":{"self":[{"href":"https:\/\/malinacosmetics.com\/sr\/wp-json\/wp\/v2\/product\/6917","targetHints":{"allow":["GET"]}}],"collection":[{"href":"https:\/\/malinacosmetics.com\/sr\/wp-json\/wp\/v2\/product"}],"about":[{"href":"https:\/\/malinacosmetics.com\/sr\/wp-json\/wp\/v2\/types\/product"}],"wp:featuredmedia":[{"embeddable":true,"href":"https:\/\/malinacosmetics.com\/sr\/wp-json\/wp\/v2\/media\/6876"}],"wp:attachment":[{"href":"https:\/\/malinacosmetics.com\/sr\/wp-json\/wp\/v2\/media?parent=6917"}],"wp:term":[{"taxonomy":"product_brand","embeddable":true,"href":"https:\/\/malinacosmetics.com\/sr\/wp-json\/wp\/v2\/product_brand?post=6917"},{"taxonomy":"product_cat","embeddable":true,"href":"https:\/\/malinacosmetics.com\/sr\/wp-json\/wp\/v2\/product_cat?post=6917"},{"taxonomy":"product_tag","embeddable":true,"href":"https:\/\/malinacosmetics.com\/sr\/wp-json\/wp\/v2\/product_tag?post=6917"}],"curies":[{"name":"wp","href":"https:\/\/api.w.org\/{rel}","templated":true}]}}