{"id":6915,"date":"2025-02-11T10:54:34","date_gmt":"2025-02-11T09:54:34","guid":{"rendered":"https:\/\/malinacosmetics.com\/?post_type=product&#038;p=6915"},"modified":"2025-05-27T21:55:11","modified_gmt":"2025-05-27T19:55:11","slug":"celimax-dual-barrier-skin-wearable-cream","status":"publish","type":"product","link":"https:\/\/malinacosmetics.com\/sr\/\u043f\u0440\u043e\u0438\u0437\u0432\u043e\u0434\/celimax-dual-barrier-skin-wearable-cream\/","title":{"rendered":"CELIMAX Dual Barrier Skin Wearable Cream"},"content":{"rendered":"<p class=\"translation-block\">Barijerna krema sa kompleksom ceramida Celimax Dual Barrier Skin Wearable Cream hidrira i obnavlja tanku, osetljivu ko\u017eu: umiruje, omek\u0161ava, elimini\u0161e suvo\u0107u i perutanje, pobolj\u0161ava stanje pora i uklanja ose\u0107aj zatezanja nakon \u010di\u0161\u0107enja.<br>  \n\nKada prirodna za\u0161titna barijera oslabi, vlaga brzo isparava, a ko\u017ea postaje sklona perutanju i ose\u0107aju nelagodnog zatezanja. Proizvod obnavlja hidrolipidnu za\u0161titnu barijeru, zadr\u017eava vlagu u \u0107elijama, smanjuje iritaciju i \u0161titi ko\u017eu od dehidratacije.<br>  \n\nHipoalergena formula se odli\u010dno upija i ne sadr\u017ei ve\u0161ta\u010dke mirise.<br>  \n\nSastav sadr\u017ei kompleks <i>5 ceramida<\/i> \u2013 lipida sli\u010dnih prirodnim lipidima epidermisa, zbog \u010dega se integri\u0161u u prirodnu za\u0161titnu barijeru i ja\u010daju je, smanjuju\u0107i reaktivnost ko\u017ee na spolja\u0161nje iritacije, kao \u0161to su promene temperature, vetar i hladno\u0107a.<br>  \n\nPrisutan je i jedinstveni peptid <i>Aquatide (Heptasodium Hexacarboxymethyl Dipeptide-12)<\/i>, koji ubrzava autofagiju \u2013 proces restrukturisanja i uklanjanja mrtvih \u0107elijskih \u010destica ko\u017ee, pri \u010demu se te \u010destice pretvaraju u korisne supstance poput kolagena, elastina i hijaluronske kiseline. <i>Aquatide<\/i> pobolj\u0161ava prirodni hidratantni faktor (NMF) i ima anti-age efekat, savr\u0161eno se kombinuje sa ceramidima.<br>  \n\nDodatni aktivni sastojci:<br>  \n<i>Pantenol (vitamin B5)<\/i> podsti\u010de regeneraciju i zarastanje, smanjuje crvenilo, spre\u010dava gubitak vlage.<br>  \n<i>Alantoin<\/i> \u0161titi \u0107elije od slobodnih radikala, umiruje, ubrzava proces regeneracije, smanjuje osetljivost ko\u017ee.<br>  \n<i>Fitosfingozin<\/i> \u2013 fosfolipid sa antibakterijskim i protivupalnim svojstvima, ubrzava zarastanje i usporava proces starenja.<br>  \n<i>Maslinovo ulje<\/i> hrani, omek\u0161ava i zagla\u0111uje ko\u017eu, elimini\u0161e suvo\u0107u.<br>  \n<i>Hijaluronat natrijuma<\/i> \u2013 niskomolekularni oblik hijaluronske kiseline, hidrira, omek\u0161ava, pove\u0107ava elasti\u010dnost i odr\u017eava glatku teksturu ko\u017ee.<br>  \n\nPogodna za suvu, dehidriranu i osetljivu ko\u017eu.<br><\/p>\n<p><strong><br>Na\u010din upotrebe:<\/strong> Naneti kremu na lice nakon \u010di\u0161\u0107enja i toniziranja.<\/p>\n<hr \/>\n<p><em><strong>Sastojci:<\/strong> <span data-sheets-root=\"1\">Water, Glycerin, Caprylic\/Capric Triglyceride, Butylene Glycol, Propanediol, Stearic Acid, Cetearyl Alcohol, Methyl Trimethicone, Caprylyl Methicone, 1,2-Hexanediol, C12-16 Alcohols, Panthenol, Olea Europaea (Olive) Fruit Oil, Dipropylene Glycol, Allantoin, Pantolactone, Malt Extract, Ceramide EOP, Ceramide NS, Ceramide NP, Ceramide AS, Ceramide AP, Sodium Hyaluronate, Heptasodium Hexacarboxymethyl Dipeptide-12, Phytosphingosine, Arachidic Acid, Oleic Acid, Palmitic Acid, Glyceryl Stearate, Hydrogenated Lecithin, Xanthan Gum, Carbomer, Glucose, Cetearyl Glucoside, Ethylhexylglycerin, Cholesterol, Tocopherol, Tromethamine, Disodium EDTA<\/span><\/em><\/p>","protected":false},"excerpt":{"rendered":"<p><span data-sheets-root=\"1\">Barijerna krema sa kompleksom ceramida. 50ml<\/span><\/p>","protected":false},"featured_media":6793,"template":"","meta":{"_acf_changed":false},"product_brand":[],"product_cat":[635,470,462,263,86,443,444],"product_tag":[638],"class_list":{"0":"post-6915","1":"product","2":"type-product","3":"status-publish","4":"has-post-thumbnail","6":"product_cat-celimax","7":"product_cat-facecream","8":"product_cat-dryness","9":"product_cat-revitalizing","10":"product_cat-moisturizing","11":"product_cat-dryskin","12":"product_cat-sensitiveskin","13":"product_tag-dual-barrier","15":"first","16":"outofstock","17":"shipping-taxable","18":"purchasable","19":"product-type-simple"},"acf":[],"yoast_head":"<!-- This site is optimized with the Yoast SEO Premium plugin v19.6 (Yoast SEO v20.11) - https:\/\/yoast.com\/wordpress\/plugins\/seo\/ -->\n<title>CELIMAX Dual Barrier Skin Wearable Cream - Malina Beauty Store<\/title>\n<meta name=\"robots\" content=\"index, follow, max-snippet:-1, max-image-preview:large, max-video-preview:-1\" \/>\n<link rel=\"canonical\" href=\"https:\/\/malinacosmetics.com\/sr\/\u043f\u0440\u043e\u0438\u0437\u0432\u043e\u0434\/celimax-dual-barrier-skin-wearable-cream\/\" \/>\n<meta property=\"og:locale\" content=\"sr_RS\" \/>\n<meta property=\"og:type\" content=\"article\" \/>\n<meta property=\"og:title\" content=\"CELIMAX Dual Barrier Skin Wearable Cream\" \/>\n<meta property=\"og:description\" content=\"\u0411\u0430\u0440\u044c\u0435\u0440\u043d\u044b\u0439 \u043a\u0440\u0435\u043c \u0441 \u043a\u043e\u043c\u043f\u043b\u0435\u043a\u0441\u043e\u043c \u0446\u0435\u0440\u0430\u043c\u0438\u0434\u043e\u0432. 50ml\" \/>\n<meta property=\"og:url\" content=\"https:\/\/malinacosmetics.com\/sr\/\u043f\u0440\u043e\u0438\u0437\u0432\u043e\u0434\/celimax-dual-barrier-skin-wearable-cream\/\" \/>\n<meta property=\"og:site_name\" content=\"Malina Beauty Store\" \/>\n<meta property=\"article:publisher\" content=\"https:\/\/www.facebook.com\/MalinaBeautyShopMe\/\" \/>\n<meta property=\"article:modified_time\" content=\"2025-05-27T19:55:11+00:00\" \/>\n<meta property=\"og:image\" content=\"https:\/\/malinacosmetics.com\/wp-content\/uploads\/2025\/02\/Celimax-Dual-Barrier-Skin-Wearable-Cream1.jpg\" \/>\n\t<meta property=\"og:image:width\" content=\"1200\" \/>\n\t<meta property=\"og:image:height\" content=\"1200\" \/>\n\t<meta property=\"og:image:type\" content=\"image\/jpeg\" \/>\n<meta name=\"twitter:card\" content=\"summary_large_image\" \/>\n<script type=\"application\/ld+json\" class=\"yoast-schema-graph\">{\"@context\":\"https:\/\/schema.org\",\"@graph\":[{\"@type\":[\"WebPage\",\"ItemPage\"],\"@id\":\"https:\/\/malinacosmetics.com\/product\/celimax-dual-barrier-skin-wearable-cream\/\",\"url\":\"https:\/\/malinacosmetics.com\/product\/celimax-dual-barrier-skin-wearable-cream\/\",\"name\":\"CELIMAX Dual Barrier Skin Wearable Cream - Malina Beauty Store\",\"isPartOf\":{\"@id\":\"https:\/\/malinacosmetics.com\/#website\"},\"datePublished\":\"2025-02-11T09:54:34+00:00\",\"dateModified\":\"2025-05-27T19:55:11+00:00\",\"breadcrumb\":{\"@id\":\"https:\/\/malinacosmetics.com\/product\/celimax-dual-barrier-skin-wearable-cream\/#breadcrumb\"},\"inLanguage\":\"sr-RS\",\"potentialAction\":[{\"@type\":\"ReadAction\",\"target\":[\"https:\/\/malinacosmetics.com\/product\/celimax-dual-barrier-skin-wearable-cream\/\"]}]},{\"@type\":\"BreadcrumbList\",\"@id\":\"https:\/\/malinacosmetics.com\/product\/celimax-dual-barrier-skin-wearable-cream\/#breadcrumb\",\"itemListElement\":[{\"@type\":\"ListItem\",\"position\":1,\"name\":\"\u0413\u043b\u0430\u0432\u043d\u0430\u044f \u0441\u0442\u0440\u0430\u043d\u0438\u0446\u0430\",\"item\":\"https:\/\/malinacosmetics.com\/\"},{\"@type\":\"ListItem\",\"position\":2,\"name\":\"\u041a\u0430\u0442\u0430\u043b\u043e\u0433\",\"item\":\"https:\/\/malinacosmetics.com\/sr\/shop\/\"},{\"@type\":\"ListItem\",\"position\":3,\"name\":\"CELIMAX Dual Barrier Skin Wearable Cream\"}]},{\"@type\":\"WebSite\",\"@id\":\"https:\/\/malinacosmetics.com\/#website\",\"url\":\"https:\/\/malinacosmetics.com\/\",\"name\":\"Malina Beauty Store\",\"description\":\"Prodaja korejske kozmetike za Crnu Goru\",\"publisher\":{\"@id\":\"https:\/\/malinacosmetics.com\/#organization\"},\"potentialAction\":[{\"@type\":\"SearchAction\",\"target\":{\"@type\":\"EntryPoint\",\"urlTemplate\":\"https:\/\/malinacosmetics.com\/?s={search_term_string}\"},\"query-input\":\"required name=search_term_string\"}],\"inLanguage\":\"sr-RS\"},{\"@type\":\"Organization\",\"@id\":\"https:\/\/malinacosmetics.com\/#organization\",\"name\":\"malinacosmetics\",\"url\":\"https:\/\/malinacosmetics.com\/\",\"logo\":{\"@type\":\"ImageObject\",\"inLanguage\":\"sr-RS\",\"@id\":\"https:\/\/malinacosmetics.com\/#\/schema\/logo\/image\/\",\"url\":\"https:\/\/malinacosmetics.com\/wp-content\/uploads\/2021\/07\/logo.png\",\"contentUrl\":\"https:\/\/malinacosmetics.com\/wp-content\/uploads\/2021\/07\/logo.png\",\"width\":500,\"height\":353,\"caption\":\"malinacosmetics\"},\"image\":{\"@id\":\"https:\/\/malinacosmetics.com\/#\/schema\/logo\/image\/\"},\"sameAs\":[\"https:\/\/www.facebook.com\/MalinaBeautyShopMe\/\"]}]}<\/script>\n<meta property=\"product:brand\" content=\"simple\" \/>\n<meta property=\"product:price:amount\" content=\"32.00\" \/>\n<meta property=\"product:price:currency\" content=\"EUR\" \/>\n<meta property=\"og:availability\" content=\"out of stock\" \/>\n<meta property=\"product:availability\" content=\"out of stock\" \/>\n<meta property=\"product:condition\" content=\"new\" \/>\n<!-- \/ Yoast SEO Premium plugin. -->","yoast_head_json":{"title":"CELIMAX Dual Barrier Skin Wearable Cream - Malina Beauty Store","robots":{"index":"index","follow":"follow","max-snippet":"max-snippet:-1","max-image-preview":"max-image-preview:large","max-video-preview":"max-video-preview:-1"},"canonical":"https:\/\/malinacosmetics.com\/sr\/\u043f\u0440\u043e\u0438\u0437\u0432\u043e\u0434\/celimax-dual-barrier-skin-wearable-cream\/","og_locale":"sr_RS","og_type":"article","og_title":"CELIMAX Dual Barrier Skin Wearable Cream","og_description":"\u0411\u0430\u0440\u044c\u0435\u0440\u043d\u044b\u0439 \u043a\u0440\u0435\u043c \u0441 \u043a\u043e\u043c\u043f\u043b\u0435\u043a\u0441\u043e\u043c \u0446\u0435\u0440\u0430\u043c\u0438\u0434\u043e\u0432. 50ml","og_url":"https:\/\/malinacosmetics.com\/sr\/\u043f\u0440\u043e\u0438\u0437\u0432\u043e\u0434\/celimax-dual-barrier-skin-wearable-cream\/","og_site_name":"Malina Beauty Store","article_publisher":"https:\/\/www.facebook.com\/MalinaBeautyShopMe\/","article_modified_time":"2025-05-27T19:55:11+00:00","og_image":[{"width":1200,"height":1200,"url":"https:\/\/malinacosmetics.com\/wp-content\/uploads\/2025\/02\/Celimax-Dual-Barrier-Skin-Wearable-Cream1.jpg","type":"image\/jpeg"}],"twitter_card":"summary_large_image","schema":{"@context":"https:\/\/schema.org","@graph":[{"@type":["WebPage","ItemPage"],"@id":"https:\/\/malinacosmetics.com\/product\/celimax-dual-barrier-skin-wearable-cream\/","url":"https:\/\/malinacosmetics.com\/product\/celimax-dual-barrier-skin-wearable-cream\/","name":"CELIMAX Dual Barrier Skin Wearable Cream - Malina Beauty Store","isPartOf":{"@id":"https:\/\/malinacosmetics.com\/#website"},"datePublished":"2025-02-11T09:54:34+00:00","dateModified":"2025-05-27T19:55:11+00:00","breadcrumb":{"@id":"https:\/\/malinacosmetics.com\/product\/celimax-dual-barrier-skin-wearable-cream\/#breadcrumb"},"inLanguage":"sr-RS","potentialAction":[{"@type":"ReadAction","target":["https:\/\/malinacosmetics.com\/product\/celimax-dual-barrier-skin-wearable-cream\/"]}]},{"@type":"BreadcrumbList","@id":"https:\/\/malinacosmetics.com\/product\/celimax-dual-barrier-skin-wearable-cream\/#breadcrumb","itemListElement":[{"@type":"ListItem","position":1,"name":"\u0413\u043b\u0430\u0432\u043d\u0430\u044f \u0441\u0442\u0440\u0430\u043d\u0438\u0446\u0430","item":"https:\/\/malinacosmetics.com\/"},{"@type":"ListItem","position":2,"name":"\u041a\u0430\u0442\u0430\u043b\u043e\u0433","item":"https:\/\/malinacosmetics.com\/sr\/shop\/"},{"@type":"ListItem","position":3,"name":"CELIMAX Dual Barrier Skin Wearable Cream"}]},{"@type":"WebSite","@id":"https:\/\/malinacosmetics.com\/#website","url":"https:\/\/malinacosmetics.com\/","name":"Malina Beauty Store","description":"Prodaja korejske kozmetike za Crnu Goru","publisher":{"@id":"https:\/\/malinacosmetics.com\/#organization"},"potentialAction":[{"@type":"SearchAction","target":{"@type":"EntryPoint","urlTemplate":"https:\/\/malinacosmetics.com\/?s={search_term_string}"},"query-input":"required name=search_term_string"}],"inLanguage":"sr-RS"},{"@type":"Organization","@id":"https:\/\/malinacosmetics.com\/#organization","name":"malinacosmetics","url":"https:\/\/malinacosmetics.com\/","logo":{"@type":"ImageObject","inLanguage":"sr-RS","@id":"https:\/\/malinacosmetics.com\/#\/schema\/logo\/image\/","url":"https:\/\/malinacosmetics.com\/wp-content\/uploads\/2021\/07\/logo.png","contentUrl":"https:\/\/malinacosmetics.com\/wp-content\/uploads\/2021\/07\/logo.png","width":500,"height":353,"caption":"malinacosmetics"},"image":{"@id":"https:\/\/malinacosmetics.com\/#\/schema\/logo\/image\/"},"sameAs":["https:\/\/www.facebook.com\/MalinaBeautyShopMe\/"]}]},"product_brand":"simple","product_price_amount":"32.00","product_price_currency":"EUR","og_availability":"out of stock","product_availability":"out of stock","product_condition":"new"},"jetpack_sharing_enabled":true,"_links":{"self":[{"href":"https:\/\/malinacosmetics.com\/sr\/wp-json\/wp\/v2\/product\/6915","targetHints":{"allow":["GET"]}}],"collection":[{"href":"https:\/\/malinacosmetics.com\/sr\/wp-json\/wp\/v2\/product"}],"about":[{"href":"https:\/\/malinacosmetics.com\/sr\/wp-json\/wp\/v2\/types\/product"}],"wp:featuredmedia":[{"embeddable":true,"href":"https:\/\/malinacosmetics.com\/sr\/wp-json\/wp\/v2\/media\/6793"}],"wp:attachment":[{"href":"https:\/\/malinacosmetics.com\/sr\/wp-json\/wp\/v2\/media?parent=6915"}],"wp:term":[{"taxonomy":"product_brand","embeddable":true,"href":"https:\/\/malinacosmetics.com\/sr\/wp-json\/wp\/v2\/product_brand?post=6915"},{"taxonomy":"product_cat","embeddable":true,"href":"https:\/\/malinacosmetics.com\/sr\/wp-json\/wp\/v2\/product_cat?post=6915"},{"taxonomy":"product_tag","embeddable":true,"href":"https:\/\/malinacosmetics.com\/sr\/wp-json\/wp\/v2\/product_tag?post=6915"}],"curies":[{"name":"wp","href":"https:\/\/api.w.org\/{rel}","templated":true}]}}