{"id":6914,"date":"2025-02-11T10:46:53","date_gmt":"2025-02-11T09:46:53","guid":{"rendered":"https:\/\/malinacosmetics.com\/?post_type=product&#038;p=6914"},"modified":"2025-10-09T17:52:10","modified_gmt":"2025-10-09T15:52:10","slug":"celimax-dual-barrier-boosting-serum","status":"publish","type":"product","link":"https:\/\/malinacosmetics.com\/sr\/\u043f\u0440\u043e\u0438\u0437\u0432\u043e\u0434\/celimax-dual-barrier-boosting-serum\/","title":{"rendered":"CELIMAX Dual Barrier Boosting Serum"},"content":{"rendered":"<p class=\"translation-block\">Barijerni serum-booster Celimax Dual Barrier Boosting Serum hidrira suvu i ispucalu ko\u017eu, omek\u0161ava grube delove, elimini\u0161e neprijatan ose\u0107aj zatezanja i iritacije. Proizvod obnavlja o\u0161te\u0107enu za\u0161titnu barijeru, zadr\u017eava vlagu u ko\u017ei, zagla\u0111uje reljef i pobolj\u0161ava za\u0161titne funkcije ko\u017ee. Odli\u010dno odgovara za negu o\u0161te\u0107ene i iritirane ko\u017ee, kao i za upotrebu tokom zime.<br>  \n\nPrakti\u010dna bo\u010dica sa dozerom spre\u010dava ulazak vazduha i omogu\u0107ava maksimalnu higijenu pri kori\u0161\u0107enju. Serum sa ne\u017enom, mle\u010dnom teksturom odli\u010dno se upija, ostavlja vla\u017ean zavr\u0161etak i ne sadr\u017ei ve\u0161ta\u010dke mirise.<br>  \n\nSadr\u017ei kompleks <i>5 ceramida<\/i>: ceramidi se integri\u0161u u ro\u017enati sloj ko\u017ee i ja\u010daju ga, spre\u010davaju\u0107i isparavanje vlage i prodor \u0161tetnih supstanci u epidermis.<br>  \n\nDodatni aktivni sastojci:<br>  \n<i>Aquatide (Heptasodium Hexacoxymethyl Dipeptide-12)<\/i> \u2013 jedinstveni peptid koji pokre\u0107e autofagiju, proces uklanjanja i restrukturisanja mrtvih \u0107elijskih \u010destica koje ubrzavaju starenje ko\u017ee. <i>Aquatide<\/i> pretvara te \u010destice u kolagen, elastin i hijaluronsku kiselinu, \u010dime podr\u017eava \u010dvrstinu i mladolikost ko\u017ee.<br>  \n<i>Pantenol (vitamin B5)<\/i> smanjuje crvenilo i svrab, ja\u010da hidrolipidnu barijeru, spre\u010dava isparavanje vlage i podsti\u010de regeneraciju.<br>  \n<i>Fitosfingozin<\/i> \u2013 lipid koji \u010dini prirodnu hidrolipidnu barijeru ko\u017ee. Ima antimikrobno i protivupalno dejstvo, ubrzava zarastanje i u\u010destvuje u me\u0111u\u010delijskoj komunikaciji.<br>  \n<i>Holesterol<\/i> \u2013 lipid koji je deo za\u0161titnog sloja epidermisa, fiziolo\u0161ki i bezbedan sastojak. Pobolj\u0161ava barijerne funkcije ko\u017ee, odr\u017eava hidrataciju i spre\u010dava isu\u0161ivanje.<br>  \n\nPogodan za normalnu, kombinovanu, suvu i osetljivu ko\u017eu.<br><\/p>\n<p><strong><br>Na\u010din upotrebe:<\/strong> Nakon \u010di\u0161\u0107enja i toniziranja naneti serum na lice i ravnomerno rasporediti po ko\u017ei.<\/span><\/p>\n<hr \/>\n<p><em><strong>Sastojci:<\/strong> <span data-sheets-root=\"1\">Water, Butylene Glycol, Glycerin, Glycereth-26, Caprylic\/Capric Triglyceride, 1,2-Hexanediol, Dipentaerythrityl Hexa C5-9 Acid Esters, Panthenol, Glyceryl Stearate, Sorbitan Sesquioleate, Cetearyl Alcohol, Heptasodium Hexacoxymethyl Dipeptide-12, Ceramide NP, 2,3-Butanediol, Hydrogenated Lecithin, Biosaccharide Gum-1, Ceramide NS, Ceramide AS, Ceramide AP, Cholesterol, Phytosphingosine, Dipropylene Glycol, Ceramide OP, C14-22 Alcohols, Carbomer, C12-20 Alkyl Glucoside, Tromethamine, Ethylhexylglycerin<\/span><\/em><\/p>","protected":false},"excerpt":{"rendered":"<p><span data-sheets-root=\"1\">Barijerni serum-booster za suvu i ispucalu ko\u017eu. 30ml<\/span><\/p>","protected":false},"featured_media":6782,"template":"","meta":{"_acf_changed":false},"product_brand":[],"product_cat":[635,462,263,86,440,441,443,444,352],"product_tag":[638],"class_list":{"0":"post-6914","1":"product","2":"type-product","3":"status-publish","4":"has-post-thumbnail","6":"product_cat-celimax","7":"product_cat-dryness","8":"product_cat-revitalizing","9":"product_cat-moisturizing","10":"product_cat-combinationskin","11":"product_cat-normalskin","12":"product_cat-dryskin","13":"product_cat-sensitiveskin","14":"product_cat-serum","15":"product_tag-dual-barrier","17":"first","18":"outofstock","19":"shipping-taxable","20":"purchasable","21":"product-type-simple"},"acf":[],"yoast_head":"<!-- This site is optimized with the Yoast SEO Premium plugin v19.6 (Yoast SEO v20.11) - https:\/\/yoast.com\/wordpress\/plugins\/seo\/ -->\n<title>CELIMAX Dual Barrier Boosting Serum - Malina Beauty Store<\/title>\n<meta name=\"robots\" content=\"index, follow, max-snippet:-1, max-image-preview:large, max-video-preview:-1\" \/>\n<link rel=\"canonical\" href=\"https:\/\/malinacosmetics.com\/sr\/\u043f\u0440\u043e\u0438\u0437\u0432\u043e\u0434\/celimax-dual-barrier-boosting-serum\/\" \/>\n<meta property=\"og:locale\" content=\"sr_RS\" \/>\n<meta property=\"og:type\" content=\"article\" \/>\n<meta property=\"og:title\" content=\"CELIMAX Dual Barrier Boosting Serum\" \/>\n<meta property=\"og:description\" content=\"\u0411\u0430\u0440\u044c\u0435\u0440\u043d\u0430\u044f \u0441\u044b\u0432\u043e\u0440\u043e\u0442\u043a\u0430-\u0431\u0443\u0441\u0442\u0435\u0440 \u0434\u043b\u044f \u0441\u0443\u0445\u043e\u0439 \u0438 \u043e\u0431\u0432\u0435\u0442\u0440\u0435\u043d\u043d\u043e\u0439 \u043a\u043e\u0436\u0438. 30ml\" \/>\n<meta property=\"og:url\" content=\"https:\/\/malinacosmetics.com\/sr\/\u043f\u0440\u043e\u0438\u0437\u0432\u043e\u0434\/celimax-dual-barrier-boosting-serum\/\" \/>\n<meta property=\"og:site_name\" content=\"Malina Beauty Store\" \/>\n<meta property=\"article:publisher\" content=\"https:\/\/www.facebook.com\/MalinaBeautyShopMe\/\" \/>\n<meta property=\"article:modified_time\" content=\"2025-10-09T15:52:10+00:00\" \/>\n<meta property=\"og:image\" content=\"https:\/\/malinacosmetics.com\/wp-content\/uploads\/2025\/02\/Celimax-Dual-Barrier-Boosting-Serum1.jpg\" \/>\n\t<meta property=\"og:image:width\" content=\"1200\" \/>\n\t<meta property=\"og:image:height\" content=\"1200\" \/>\n\t<meta property=\"og:image:type\" content=\"image\/jpeg\" \/>\n<meta name=\"twitter:card\" content=\"summary_large_image\" \/>\n<script type=\"application\/ld+json\" class=\"yoast-schema-graph\">{\"@context\":\"https:\/\/schema.org\",\"@graph\":[{\"@type\":[\"WebPage\",\"ItemPage\"],\"@id\":\"https:\/\/malinacosmetics.com\/product\/celimax-dual-barrier-boosting-serum\/\",\"url\":\"https:\/\/malinacosmetics.com\/product\/celimax-dual-barrier-boosting-serum\/\",\"name\":\"CELIMAX Dual Barrier Boosting Serum - Malina Beauty Store\",\"isPartOf\":{\"@id\":\"https:\/\/malinacosmetics.com\/#website\"},\"datePublished\":\"2025-02-11T09:46:53+00:00\",\"dateModified\":\"2025-10-09T15:52:10+00:00\",\"breadcrumb\":{\"@id\":\"https:\/\/malinacosmetics.com\/product\/celimax-dual-barrier-boosting-serum\/#breadcrumb\"},\"inLanguage\":\"sr-RS\",\"potentialAction\":[{\"@type\":\"ReadAction\",\"target\":[\"https:\/\/malinacosmetics.com\/product\/celimax-dual-barrier-boosting-serum\/\"]}]},{\"@type\":\"BreadcrumbList\",\"@id\":\"https:\/\/malinacosmetics.com\/product\/celimax-dual-barrier-boosting-serum\/#breadcrumb\",\"itemListElement\":[{\"@type\":\"ListItem\",\"position\":1,\"name\":\"\u0413\u043b\u0430\u0432\u043d\u0430\u044f \u0441\u0442\u0440\u0430\u043d\u0438\u0446\u0430\",\"item\":\"https:\/\/malinacosmetics.com\/\"},{\"@type\":\"ListItem\",\"position\":2,\"name\":\"\u041a\u0430\u0442\u0430\u043b\u043e\u0433\",\"item\":\"https:\/\/malinacosmetics.com\/sr\/shop\/\"},{\"@type\":\"ListItem\",\"position\":3,\"name\":\"CELIMAX Dual Barrier Boosting Serum\"}]},{\"@type\":\"WebSite\",\"@id\":\"https:\/\/malinacosmetics.com\/#website\",\"url\":\"https:\/\/malinacosmetics.com\/\",\"name\":\"Malina Beauty Store\",\"description\":\"Prodaja korejske kozmetike za Crnu Goru\",\"publisher\":{\"@id\":\"https:\/\/malinacosmetics.com\/#organization\"},\"potentialAction\":[{\"@type\":\"SearchAction\",\"target\":{\"@type\":\"EntryPoint\",\"urlTemplate\":\"https:\/\/malinacosmetics.com\/?s={search_term_string}\"},\"query-input\":\"required name=search_term_string\"}],\"inLanguage\":\"sr-RS\"},{\"@type\":\"Organization\",\"@id\":\"https:\/\/malinacosmetics.com\/#organization\",\"name\":\"malinacosmetics\",\"url\":\"https:\/\/malinacosmetics.com\/\",\"logo\":{\"@type\":\"ImageObject\",\"inLanguage\":\"sr-RS\",\"@id\":\"https:\/\/malinacosmetics.com\/#\/schema\/logo\/image\/\",\"url\":\"https:\/\/malinacosmetics.com\/wp-content\/uploads\/2021\/07\/logo.png\",\"contentUrl\":\"https:\/\/malinacosmetics.com\/wp-content\/uploads\/2021\/07\/logo.png\",\"width\":500,\"height\":353,\"caption\":\"malinacosmetics\"},\"image\":{\"@id\":\"https:\/\/malinacosmetics.com\/#\/schema\/logo\/image\/\"},\"sameAs\":[\"https:\/\/www.facebook.com\/MalinaBeautyShopMe\/\"]}]}<\/script>\n<meta property=\"product:brand\" content=\"simple\" \/>\n<meta property=\"product:price:amount\" content=\"32.00\" \/>\n<meta property=\"product:price:currency\" content=\"EUR\" \/>\n<meta property=\"og:availability\" content=\"out of stock\" \/>\n<meta property=\"product:availability\" content=\"out of stock\" \/>\n<meta property=\"product:condition\" content=\"new\" \/>\n<!-- \/ Yoast SEO Premium plugin. -->","yoast_head_json":{"title":"CELIMAX Dual Barrier Boosting Serum - Malina Beauty Store","robots":{"index":"index","follow":"follow","max-snippet":"max-snippet:-1","max-image-preview":"max-image-preview:large","max-video-preview":"max-video-preview:-1"},"canonical":"https:\/\/malinacosmetics.com\/sr\/\u043f\u0440\u043e\u0438\u0437\u0432\u043e\u0434\/celimax-dual-barrier-boosting-serum\/","og_locale":"sr_RS","og_type":"article","og_title":"CELIMAX Dual Barrier Boosting Serum","og_description":"\u0411\u0430\u0440\u044c\u0435\u0440\u043d\u0430\u044f \u0441\u044b\u0432\u043e\u0440\u043e\u0442\u043a\u0430-\u0431\u0443\u0441\u0442\u0435\u0440 \u0434\u043b\u044f \u0441\u0443\u0445\u043e\u0439 \u0438 \u043e\u0431\u0432\u0435\u0442\u0440\u0435\u043d\u043d\u043e\u0439 \u043a\u043e\u0436\u0438. 30ml","og_url":"https:\/\/malinacosmetics.com\/sr\/\u043f\u0440\u043e\u0438\u0437\u0432\u043e\u0434\/celimax-dual-barrier-boosting-serum\/","og_site_name":"Malina Beauty Store","article_publisher":"https:\/\/www.facebook.com\/MalinaBeautyShopMe\/","article_modified_time":"2025-10-09T15:52:10+00:00","og_image":[{"width":1200,"height":1200,"url":"https:\/\/malinacosmetics.com\/wp-content\/uploads\/2025\/02\/Celimax-Dual-Barrier-Boosting-Serum1.jpg","type":"image\/jpeg"}],"twitter_card":"summary_large_image","schema":{"@context":"https:\/\/schema.org","@graph":[{"@type":["WebPage","ItemPage"],"@id":"https:\/\/malinacosmetics.com\/product\/celimax-dual-barrier-boosting-serum\/","url":"https:\/\/malinacosmetics.com\/product\/celimax-dual-barrier-boosting-serum\/","name":"CELIMAX Dual Barrier Boosting Serum - Malina Beauty Store","isPartOf":{"@id":"https:\/\/malinacosmetics.com\/#website"},"datePublished":"2025-02-11T09:46:53+00:00","dateModified":"2025-10-09T15:52:10+00:00","breadcrumb":{"@id":"https:\/\/malinacosmetics.com\/product\/celimax-dual-barrier-boosting-serum\/#breadcrumb"},"inLanguage":"sr-RS","potentialAction":[{"@type":"ReadAction","target":["https:\/\/malinacosmetics.com\/product\/celimax-dual-barrier-boosting-serum\/"]}]},{"@type":"BreadcrumbList","@id":"https:\/\/malinacosmetics.com\/product\/celimax-dual-barrier-boosting-serum\/#breadcrumb","itemListElement":[{"@type":"ListItem","position":1,"name":"\u0413\u043b\u0430\u0432\u043d\u0430\u044f \u0441\u0442\u0440\u0430\u043d\u0438\u0446\u0430","item":"https:\/\/malinacosmetics.com\/"},{"@type":"ListItem","position":2,"name":"\u041a\u0430\u0442\u0430\u043b\u043e\u0433","item":"https:\/\/malinacosmetics.com\/sr\/shop\/"},{"@type":"ListItem","position":3,"name":"CELIMAX Dual Barrier Boosting Serum"}]},{"@type":"WebSite","@id":"https:\/\/malinacosmetics.com\/#website","url":"https:\/\/malinacosmetics.com\/","name":"Malina Beauty Store","description":"Prodaja korejske kozmetike za Crnu Goru","publisher":{"@id":"https:\/\/malinacosmetics.com\/#organization"},"potentialAction":[{"@type":"SearchAction","target":{"@type":"EntryPoint","urlTemplate":"https:\/\/malinacosmetics.com\/?s={search_term_string}"},"query-input":"required name=search_term_string"}],"inLanguage":"sr-RS"},{"@type":"Organization","@id":"https:\/\/malinacosmetics.com\/#organization","name":"malinacosmetics","url":"https:\/\/malinacosmetics.com\/","logo":{"@type":"ImageObject","inLanguage":"sr-RS","@id":"https:\/\/malinacosmetics.com\/#\/schema\/logo\/image\/","url":"https:\/\/malinacosmetics.com\/wp-content\/uploads\/2021\/07\/logo.png","contentUrl":"https:\/\/malinacosmetics.com\/wp-content\/uploads\/2021\/07\/logo.png","width":500,"height":353,"caption":"malinacosmetics"},"image":{"@id":"https:\/\/malinacosmetics.com\/#\/schema\/logo\/image\/"},"sameAs":["https:\/\/www.facebook.com\/MalinaBeautyShopMe\/"]}]},"product_brand":"simple","product_price_amount":"32.00","product_price_currency":"EUR","og_availability":"out of stock","product_availability":"out of stock","product_condition":"new"},"jetpack_sharing_enabled":true,"_links":{"self":[{"href":"https:\/\/malinacosmetics.com\/sr\/wp-json\/wp\/v2\/product\/6914","targetHints":{"allow":["GET"]}}],"collection":[{"href":"https:\/\/malinacosmetics.com\/sr\/wp-json\/wp\/v2\/product"}],"about":[{"href":"https:\/\/malinacosmetics.com\/sr\/wp-json\/wp\/v2\/types\/product"}],"wp:featuredmedia":[{"embeddable":true,"href":"https:\/\/malinacosmetics.com\/sr\/wp-json\/wp\/v2\/media\/6782"}],"wp:attachment":[{"href":"https:\/\/malinacosmetics.com\/sr\/wp-json\/wp\/v2\/media?parent=6914"}],"wp:term":[{"taxonomy":"product_brand","embeddable":true,"href":"https:\/\/malinacosmetics.com\/sr\/wp-json\/wp\/v2\/product_brand?post=6914"},{"taxonomy":"product_cat","embeddable":true,"href":"https:\/\/malinacosmetics.com\/sr\/wp-json\/wp\/v2\/product_cat?post=6914"},{"taxonomy":"product_tag","embeddable":true,"href":"https:\/\/malinacosmetics.com\/sr\/wp-json\/wp\/v2\/product_tag?post=6914"}],"curies":[{"name":"wp","href":"https:\/\/api.w.org\/{rel}","templated":true}]}}