{"id":6774,"date":"2025-02-06T13:59:41","date_gmt":"2025-02-06T12:59:41","guid":{"rendered":"https:\/\/malinacosmetics.com\/?post_type=product&#038;p=6774"},"modified":"2025-07-21T16:28:02","modified_gmt":"2025-07-21T14:28:02","slug":"celimax-dual-barrier-mild-gel-cleanser","status":"publish","type":"product","link":"https:\/\/malinacosmetics.com\/sr\/\u043f\u0440\u043e\u0438\u0437\u0432\u043e\u0434\/celimax-dual-barrier-mild-gel-cleanser\/","title":{"rendered":"CELIMAX Dual Barrier Mild Gel Cleanser"},"content":{"rendered":"<p class=\"translation-block\">Gel-pena za umivanje sa kompleksom ceramida za suvu i osetljivu ko\u017eu Celimax Dual Barrier Mild Gel Cleanser delikatno \u010disti ko\u017eu, uklanja sve ne\u010disto\u0107e, ostatke \u0161minke i vi\u0161ak sebuma. Ne naru\u0161ava barijerne funkcije i ne o\u0161te\u0107uje lipidni omota\u010d, ne izaziva suvo\u0107u i ose\u0107aj zategnutosti. Uravnote\u017eeni sastav gela odr\u017eava optimalan nivo hidratacije nakon umivanja i ima pH vrednost 5.20\u00b10.50. Slabokiselinska formula podr\u017eava zdravu mikrobiotu i neutralizuje agresivno dejstvo teku\u0107e vode. Ne sadr\u017ei mirise i eteri\u010dna ulja.<br>\n\nSadr\u017ei biljne surfaktante bezbedne \u010dak i za hiperose\u0107ljivu ko\u017eu:<br>\n\u2014 <i>natrijum kokoil glutamat <\/i> se dobija iz kokosovog ulja, stvara bogatu penu i dubinski \u010disti;<br>\n\u2014 <i>kokamidopropil betain <\/i> se dobija iz kokosovog ulja, umiruje iritacije i ja\u010da za\u0161titnu barijeru ko\u017ee.<br>\n\nGlavni aktivni sastojci:<br>\n<i>Kompleks od 5 vrsta ceramida<\/i> obnavlja integritet ro\u017enatog sloja, ja\u010da prirodnu barijeru, smanjuje osetljivost na spoljne iritanse, elimini\u0161e perutanje i suvo\u0107u.<br>\n<i>Vitamin C (Ascorbic Acid)<\/i> u kiselom obliku deluje kao antioksidans, \u0161titi \u0107elije od slobodnih radikala, usporava proces starenja, spre\u010dava pojavu hiperpigmentacija i ujedna\u010dava ten.<br>\n<i>Ekstrakt mirotamnusa<\/i> elimini\u0161e sivkast i umoran izgled ko\u017ee, podsti\u010de regeneraciju, uklanja suvo\u0107u i perutanje.<br>\n<i>Holesterol i fitosfingozin<\/i> \u2013 lipidi koji \u010dine prirodni hidrolipidni omota\u010d ko\u017ee. Imaju protivupalno dejstvo i ubrzavaju zaceljivanje.<br>\n<i>Betaine<\/i> pru\u017ea glatko\u0107u i meko\u0107u, dugotrajno zadr\u017eava vlagu, \u0161titi \u0107elijske membrane od o\u0161te\u0107enja i smanjuje znake iritacije.<br>\n\nPogodan za suvu, normalnu i osetljivu ko\u017eu.<\/p>\n<p><strong><br>Na\u010din upotrebe:<\/strong> zapenu\u0161ajte sredstvo u dlanovima, nanesite na vla\u017enu ko\u017eu, umasirajte i isperite toplom vodom.<\/p>\n<hr \/>\n<p><em><strong>Sastojci:<\/strong> <span data-sheets-root=\"1\">Water, Disodium Cocoamphodiacetate, Glycerin, Disodium Laureth Sulfosuccinate, Coco-betaine, Sodium Chloride, Sodium Methyl Cocoyl Taurate, Cocamide Methyl MEA, Acrylate Copolymer, Polyglyceryl-10 Lau Latex, Citric Acid, Hydroxyacetophenone, Caprylyl Glycol, Betaine, Coconut Acid, Xanthan Gum, Ethylhexylglycerin, Disodium EDTA, Hexylene Glycol, Sodium Citrate, 1,2- Hexanediol, Potassium Cocoyl Glycinate, Propanediol, Hydrogenated Lecithin, Cetearyl Alcohol, Stearic Acid, Myrothamnus Flavelifolia Leaf\/stem Extract, Ceramide NP, Ceramide NS, Ascorbic Acid, Phytosphingosine, Cholesterol, Ceramide AP, Ceramide AS, Ceramide EP<\/span><\/em><\/p>","protected":false},"excerpt":{"rendered":"<p><span data-sheets-root=\"1\">Gel-pena za umivanje sa kompleksom ceramida za suvu i osetljivu ko\u017eu. 200 ml<\/span><\/p>","protected":false},"featured_media":6891,"template":"","meta":{"_acf_changed":false},"product_brand":[],"product_cat":[635,575,462,86,440,441,443,444,63,473,476],"product_tag":[638],"class_list":{"0":"post-6774","1":"product","2":"type-product","3":"status-publish","4":"has-post-thumbnail","6":"product_cat-celimax","7":"product_cat-vyravnivanie-tona","8":"product_cat-dryness","9":"product_cat-moisturizing","10":"product_cat-combinationskin","11":"product_cat-normalskin","12":"product_cat-dryskin","13":"product_cat-sensitiveskin","14":"product_cat-cleansing","15":"product_cat-cleansinggel","16":"product_cat-cleansingfoam","17":"product_tag-dual-barrier","19":"first","20":"outofstock","21":"shipping-taxable","22":"purchasable","23":"product-type-simple"},"acf":[],"yoast_head":"<!-- This site is optimized with the Yoast SEO Premium plugin v19.6 (Yoast SEO v20.11) - https:\/\/yoast.com\/wordpress\/plugins\/seo\/ -->\n<title>CELIMAX Dual Barrier Mild Gel Cleanser - Malina Beauty Store<\/title>\n<meta name=\"robots\" content=\"index, follow, max-snippet:-1, max-image-preview:large, max-video-preview:-1\" \/>\n<link rel=\"canonical\" href=\"https:\/\/malinacosmetics.com\/sr\/\u043f\u0440\u043e\u0438\u0437\u0432\u043e\u0434\/celimax-dual-barrier-mild-gel-cleanser\/\" \/>\n<meta property=\"og:locale\" content=\"sr_RS\" \/>\n<meta property=\"og:type\" content=\"article\" \/>\n<meta property=\"og:title\" content=\"CELIMAX Dual Barrier Mild Gel Cleanser\" \/>\n<meta property=\"og:description\" content=\"\u0413\u0435\u043b\u044c-\u043f\u0435\u043d\u043a\u0430 \u0434\u043b\u044f \u0443\u043c\u044b\u0432\u0430\u043d\u0438\u044f \u0441 \u043a\u043e\u043c\u043f\u043b\u0435\u043a\u0441\u043e\u043c \u0446\u0435\u0440\u0430\u043c\u0438\u0434\u043e\u0432 \u0434\u043b\u044f \u0441\u0443\u0445\u043e\u0439 \u0438 \u0447\u0443\u0432\u0441\u0442\u0432\u0438\u0442\u0435\u043b\u044c\u043d\u043e\u0439 \u043a\u043e\u0436\u0438. 200ml\" \/>\n<meta property=\"og:url\" content=\"https:\/\/malinacosmetics.com\/sr\/\u043f\u0440\u043e\u0438\u0437\u0432\u043e\u0434\/celimax-dual-barrier-mild-gel-cleanser\/\" \/>\n<meta property=\"og:site_name\" content=\"Malina Beauty Store\" \/>\n<meta property=\"article:publisher\" content=\"https:\/\/www.facebook.com\/MalinaBeautyShopMe\/\" \/>\n<meta property=\"article:modified_time\" content=\"2025-07-21T14:28:02+00:00\" \/>\n<meta property=\"og:image\" content=\"https:\/\/malinacosmetics.com\/wp-content\/uploads\/2025\/02\/Celimax-Dual-Barrier-Mild-Gel-Cleanser1.jpg\" \/>\n\t<meta property=\"og:image:width\" content=\"1200\" \/>\n\t<meta property=\"og:image:height\" content=\"1200\" \/>\n\t<meta property=\"og:image:type\" content=\"image\/jpeg\" \/>\n<meta name=\"twitter:card\" content=\"summary_large_image\" \/>\n<script type=\"application\/ld+json\" class=\"yoast-schema-graph\">{\"@context\":\"https:\/\/schema.org\",\"@graph\":[{\"@type\":[\"WebPage\",\"ItemPage\"],\"@id\":\"https:\/\/malinacosmetics.com\/product\/celimax-dual-barrier-mild-gel-cleanser\/\",\"url\":\"https:\/\/malinacosmetics.com\/product\/celimax-dual-barrier-mild-gel-cleanser\/\",\"name\":\"CELIMAX Dual Barrier Mild Gel Cleanser - Malina Beauty Store\",\"isPartOf\":{\"@id\":\"https:\/\/malinacosmetics.com\/#website\"},\"datePublished\":\"2025-02-06T12:59:41+00:00\",\"dateModified\":\"2025-07-21T14:28:02+00:00\",\"breadcrumb\":{\"@id\":\"https:\/\/malinacosmetics.com\/product\/celimax-dual-barrier-mild-gel-cleanser\/#breadcrumb\"},\"inLanguage\":\"sr-RS\",\"potentialAction\":[{\"@type\":\"ReadAction\",\"target\":[\"https:\/\/malinacosmetics.com\/product\/celimax-dual-barrier-mild-gel-cleanser\/\"]}]},{\"@type\":\"BreadcrumbList\",\"@id\":\"https:\/\/malinacosmetics.com\/product\/celimax-dual-barrier-mild-gel-cleanser\/#breadcrumb\",\"itemListElement\":[{\"@type\":\"ListItem\",\"position\":1,\"name\":\"\u0413\u043b\u0430\u0432\u043d\u0430\u044f \u0441\u0442\u0440\u0430\u043d\u0438\u0446\u0430\",\"item\":\"https:\/\/malinacosmetics.com\/\"},{\"@type\":\"ListItem\",\"position\":2,\"name\":\"\u041a\u0430\u0442\u0430\u043b\u043e\u0433\",\"item\":\"https:\/\/malinacosmetics.com\/sr\/shop\/\"},{\"@type\":\"ListItem\",\"position\":3,\"name\":\"CELIMAX Dual Barrier Mild Gel Cleanser\"}]},{\"@type\":\"WebSite\",\"@id\":\"https:\/\/malinacosmetics.com\/#website\",\"url\":\"https:\/\/malinacosmetics.com\/\",\"name\":\"Malina Beauty Store\",\"description\":\"Prodaja korejske kozmetike za Crnu Goru\",\"publisher\":{\"@id\":\"https:\/\/malinacosmetics.com\/#organization\"},\"potentialAction\":[{\"@type\":\"SearchAction\",\"target\":{\"@type\":\"EntryPoint\",\"urlTemplate\":\"https:\/\/malinacosmetics.com\/?s={search_term_string}\"},\"query-input\":\"required name=search_term_string\"}],\"inLanguage\":\"sr-RS\"},{\"@type\":\"Organization\",\"@id\":\"https:\/\/malinacosmetics.com\/#organization\",\"name\":\"malinacosmetics\",\"url\":\"https:\/\/malinacosmetics.com\/\",\"logo\":{\"@type\":\"ImageObject\",\"inLanguage\":\"sr-RS\",\"@id\":\"https:\/\/malinacosmetics.com\/#\/schema\/logo\/image\/\",\"url\":\"https:\/\/malinacosmetics.com\/wp-content\/uploads\/2021\/07\/logo.png\",\"contentUrl\":\"https:\/\/malinacosmetics.com\/wp-content\/uploads\/2021\/07\/logo.png\",\"width\":500,\"height\":353,\"caption\":\"malinacosmetics\"},\"image\":{\"@id\":\"https:\/\/malinacosmetics.com\/#\/schema\/logo\/image\/\"},\"sameAs\":[\"https:\/\/www.facebook.com\/MalinaBeautyShopMe\/\"]}]}<\/script>\n<meta property=\"product:brand\" content=\"simple\" \/>\n<meta property=\"product:price:amount\" content=\"28.00\" \/>\n<meta property=\"product:price:currency\" content=\"EUR\" \/>\n<meta property=\"og:availability\" content=\"out of stock\" \/>\n<meta property=\"product:availability\" content=\"out of stock\" \/>\n<meta property=\"product:condition\" content=\"new\" \/>\n<!-- \/ Yoast SEO Premium plugin. -->","yoast_head_json":{"title":"CELIMAX Dual Barrier Mild Gel Cleanser - Malina Beauty Store","robots":{"index":"index","follow":"follow","max-snippet":"max-snippet:-1","max-image-preview":"max-image-preview:large","max-video-preview":"max-video-preview:-1"},"canonical":"https:\/\/malinacosmetics.com\/sr\/\u043f\u0440\u043e\u0438\u0437\u0432\u043e\u0434\/celimax-dual-barrier-mild-gel-cleanser\/","og_locale":"sr_RS","og_type":"article","og_title":"CELIMAX Dual Barrier Mild Gel Cleanser","og_description":"\u0413\u0435\u043b\u044c-\u043f\u0435\u043d\u043a\u0430 \u0434\u043b\u044f \u0443\u043c\u044b\u0432\u0430\u043d\u0438\u044f \u0441 \u043a\u043e\u043c\u043f\u043b\u0435\u043a\u0441\u043e\u043c \u0446\u0435\u0440\u0430\u043c\u0438\u0434\u043e\u0432 \u0434\u043b\u044f \u0441\u0443\u0445\u043e\u0439 \u0438 \u0447\u0443\u0432\u0441\u0442\u0432\u0438\u0442\u0435\u043b\u044c\u043d\u043e\u0439 \u043a\u043e\u0436\u0438. 200ml","og_url":"https:\/\/malinacosmetics.com\/sr\/\u043f\u0440\u043e\u0438\u0437\u0432\u043e\u0434\/celimax-dual-barrier-mild-gel-cleanser\/","og_site_name":"Malina Beauty Store","article_publisher":"https:\/\/www.facebook.com\/MalinaBeautyShopMe\/","article_modified_time":"2025-07-21T14:28:02+00:00","og_image":[{"width":1200,"height":1200,"url":"https:\/\/malinacosmetics.com\/wp-content\/uploads\/2025\/02\/Celimax-Dual-Barrier-Mild-Gel-Cleanser1.jpg","type":"image\/jpeg"}],"twitter_card":"summary_large_image","schema":{"@context":"https:\/\/schema.org","@graph":[{"@type":["WebPage","ItemPage"],"@id":"https:\/\/malinacosmetics.com\/product\/celimax-dual-barrier-mild-gel-cleanser\/","url":"https:\/\/malinacosmetics.com\/product\/celimax-dual-barrier-mild-gel-cleanser\/","name":"CELIMAX Dual Barrier Mild Gel Cleanser - Malina Beauty Store","isPartOf":{"@id":"https:\/\/malinacosmetics.com\/#website"},"datePublished":"2025-02-06T12:59:41+00:00","dateModified":"2025-07-21T14:28:02+00:00","breadcrumb":{"@id":"https:\/\/malinacosmetics.com\/product\/celimax-dual-barrier-mild-gel-cleanser\/#breadcrumb"},"inLanguage":"sr-RS","potentialAction":[{"@type":"ReadAction","target":["https:\/\/malinacosmetics.com\/product\/celimax-dual-barrier-mild-gel-cleanser\/"]}]},{"@type":"BreadcrumbList","@id":"https:\/\/malinacosmetics.com\/product\/celimax-dual-barrier-mild-gel-cleanser\/#breadcrumb","itemListElement":[{"@type":"ListItem","position":1,"name":"\u0413\u043b\u0430\u0432\u043d\u0430\u044f \u0441\u0442\u0440\u0430\u043d\u0438\u0446\u0430","item":"https:\/\/malinacosmetics.com\/"},{"@type":"ListItem","position":2,"name":"\u041a\u0430\u0442\u0430\u043b\u043e\u0433","item":"https:\/\/malinacosmetics.com\/sr\/shop\/"},{"@type":"ListItem","position":3,"name":"CELIMAX Dual Barrier Mild Gel Cleanser"}]},{"@type":"WebSite","@id":"https:\/\/malinacosmetics.com\/#website","url":"https:\/\/malinacosmetics.com\/","name":"Malina Beauty Store","description":"Prodaja korejske kozmetike za Crnu Goru","publisher":{"@id":"https:\/\/malinacosmetics.com\/#organization"},"potentialAction":[{"@type":"SearchAction","target":{"@type":"EntryPoint","urlTemplate":"https:\/\/malinacosmetics.com\/?s={search_term_string}"},"query-input":"required name=search_term_string"}],"inLanguage":"sr-RS"},{"@type":"Organization","@id":"https:\/\/malinacosmetics.com\/#organization","name":"malinacosmetics","url":"https:\/\/malinacosmetics.com\/","logo":{"@type":"ImageObject","inLanguage":"sr-RS","@id":"https:\/\/malinacosmetics.com\/#\/schema\/logo\/image\/","url":"https:\/\/malinacosmetics.com\/wp-content\/uploads\/2021\/07\/logo.png","contentUrl":"https:\/\/malinacosmetics.com\/wp-content\/uploads\/2021\/07\/logo.png","width":500,"height":353,"caption":"malinacosmetics"},"image":{"@id":"https:\/\/malinacosmetics.com\/#\/schema\/logo\/image\/"},"sameAs":["https:\/\/www.facebook.com\/MalinaBeautyShopMe\/"]}]},"product_brand":"simple","product_price_amount":"28.00","product_price_currency":"EUR","og_availability":"out of stock","product_availability":"out of stock","product_condition":"new"},"jetpack_sharing_enabled":true,"_links":{"self":[{"href":"https:\/\/malinacosmetics.com\/sr\/wp-json\/wp\/v2\/product\/6774","targetHints":{"allow":["GET"]}}],"collection":[{"href":"https:\/\/malinacosmetics.com\/sr\/wp-json\/wp\/v2\/product"}],"about":[{"href":"https:\/\/malinacosmetics.com\/sr\/wp-json\/wp\/v2\/types\/product"}],"wp:featuredmedia":[{"embeddable":true,"href":"https:\/\/malinacosmetics.com\/sr\/wp-json\/wp\/v2\/media\/6891"}],"wp:attachment":[{"href":"https:\/\/malinacosmetics.com\/sr\/wp-json\/wp\/v2\/media?parent=6774"}],"wp:term":[{"taxonomy":"product_brand","embeddable":true,"href":"https:\/\/malinacosmetics.com\/sr\/wp-json\/wp\/v2\/product_brand?post=6774"},{"taxonomy":"product_cat","embeddable":true,"href":"https:\/\/malinacosmetics.com\/sr\/wp-json\/wp\/v2\/product_cat?post=6774"},{"taxonomy":"product_tag","embeddable":true,"href":"https:\/\/malinacosmetics.com\/sr\/wp-json\/wp\/v2\/product_tag?post=6774"}],"curies":[{"name":"wp","href":"https:\/\/api.w.org\/{rel}","templated":true}]}}