{"id":6769,"date":"2025-02-04T17:39:54","date_gmt":"2025-02-04T16:39:54","guid":{"rendered":"https:\/\/malinacosmetics.com\/?post_type=product&#038;p=6769"},"modified":"2026-01-25T18:36:32","modified_gmt":"2026-01-25T17:36:32","slug":"celimax-skin-repair-bee-tox-therapy-mask","status":"publish","type":"product","link":"https:\/\/malinacosmetics.com\/sr\/\u043f\u0440\u043e\u0438\u0437\u0432\u043e\u0434\/celimax-skin-repair-bee-tox-therapy-mask\/","title":{"rendered":"CELIMAX Skin Repair Bee Tox Therapy Mask"},"content":{"rendered":"<p class=\"translation-block\">Maska Celimax Skin Repair Bee Tox Therapy Mask trenutno obnavlja i ujedna\u010dava ko\u017eu, zagla\u0111uje, omek\u0161ava i daje prirodni sjaj, savr\u0161ena je za negu pre va\u017enog doga\u0111aja. Maska hidrira, hrani, pobolj\u0161ava teksturu i smanjuje vidljivost nesavr\u0161enosti, pove\u0107ava elasti\u010dnost, uklanja umoran izgled i ujedna\u010dava ton.<br>\n\nGusta maramica napravljena je od ekolo\u0161ki \u010distog vlakna tencela, proizvedenog od eukaliptusa: savr\u0161eno prijanja uz ko\u017eu, prenose\u0107i aktivne sastojke.<br>\n\nGlavni aktiv maske \u2013 <i>ekstrakt propolisa<\/i>, koji smanjuje izra\u017eenost bora, ima protivupalna i antibakterijska svojstva, blago posvetljuje i hidrira.<br>\n\nFormula sadr\u017ei <i>p\u010delinji otrov<\/i> \u2013 anti-age sastojak koji pobolj\u0161ava \u010dvrstinu i elasti\u010dnost, stimuli\u0161e sintezu kolagena i smanjuje dubinu bora.<br>\n\n<i>AHA-kiseline<\/i> (mle\u010dna i limunska) deluju na povr\u0161ini epidermisa: ne\u017eno eksfoliraju i poliraju, podsti\u010du proces obnove, vizuelno smanjuju pore, ujedna\u010davaju ton, \u010dine\u0107i ko\u017eu glatkom, mekom i blistavom.<br>\n\n<b>Dodatni aktivni sastojci:<\/b><br>\n<i>Salicilna kiselina (BHA)<\/i> rastvara sebumske \u010depove i crne ta\u010dke, uklanja vi\u0161ak masno\u0107e i normalizuje rad lojnih \u017elezda.<br>\n<i>Beta-glukan<\/i> obnavlja o\u0161te\u0107ene delove ko\u017ee, deluje protivupalno i anti-age, intenzivno hidrira i \u0161titi od slobodnih radikala.<br>\n<i>Ekstrakt plodova gro\u017e\u0111a<\/i> podsti\u010de regeneraciju, ja\u010da ko\u017eu, poma\u017ee u borbi protiv kuperoze i upalnih procesa.<br>\n\nPogodna za sve tipove ko\u017ee, osim osetljive.<br><\/p>\n<p><strong><br>Na\u010din upotrebe:<\/strong> Nakon \u010di\u0161\u0107enja i toniranja, uklonite za\u0161titni sloj, nanesite masku na lice, skinite nakon 5-10 minuta i utapkajte ostatke esencije u ko\u017eu. Mogu\u0107e je blago peckanje prilikom kori\u0161\u0107enja.<br><br \/>\n<b>Pa\u017enja!<\/b> Ako imate alergiju na p\u010delinje proizvode ili osetljivu ko\u017eu, preporu\u010duje se da prethodno nanesete esenciju na mali deo ko\u017ee kako biste testirali reakciju.<br><\/p>\n<hr \/>\n<p><strong><em>Sastojci: <\/em><\/strong><em>Water, Glycerin, Citric Acid, Butylene Glycol, Lactic Acid, Potassium Hydroxide, 1,2-Hexanediol, Glycereth-26, PEG\/PPG-17\/6 Copolymer, Betaine, Salicylic Acid, Sodium Hyaluronate, Propolis Extract, Bee Venom, Vitis Vinifera (Grape) Fruit Extract, Pyrus Malus (Apple) Fruit Extract, Saccharum Officinarum (Sugarcane) Extract, Methylpropanediol, Beta-Glucan, Alcohol, Hydroxyethylcellulose, PEG-60 Hydrogenated Castor Oil, Xanthan Gum, Ethylhexylglycerin, Caprylyl Glycol, Disodium EDTA, Fragrance, CI 15985, CI 19140<\/em><\/p>","protected":false},"excerpt":{"rendered":"<p>Maska u maramici za ujedna\u010davanje tena i teksture ko\u017ee sa propolisom i kiselinama. 25ml<\/p>","protected":false},"featured_media":6835,"template":"","meta":{"_acf_changed":false},"product_brand":[],"product_cat":[635,575,457,460,461,224,349,231,437,353,481],"product_tag":[],"class_list":{"0":"post-6769","1":"product","2":"type-product","3":"status-publish","4":"has-post-thumbnail","6":"product_cat-celimax","7":"product_cat-vyravnivanie-tona","8":"product_cat-acne","9":"product_cat-blackheads","10":"product_cat-pore","11":"product_cat-antiage","12":"product_cat-brightening","13":"product_cat-calming","14":"product_cat-alltypesofskin","15":"product_cat-masks","16":"product_cat-sheetmask","18":"first","19":"outofstock","20":"shipping-taxable","21":"purchasable","22":"product-type-simple"},"acf":[],"yoast_head":"<!-- This site is optimized with the Yoast SEO Premium plugin v19.6 (Yoast SEO v20.11) - https:\/\/yoast.com\/wordpress\/plugins\/seo\/ -->\n<title>CELIMAX Skin Repair Bee Tox Therapy Mask - Malina Beauty Store<\/title>\n<meta name=\"robots\" content=\"index, follow, max-snippet:-1, max-image-preview:large, max-video-preview:-1\" \/>\n<link rel=\"canonical\" href=\"https:\/\/malinacosmetics.com\/sr\/\u043f\u0440\u043e\u0438\u0437\u0432\u043e\u0434\/celimax-skin-repair-bee-tox-therapy-mask\/\" \/>\n<meta property=\"og:locale\" content=\"sr_RS\" \/>\n<meta property=\"og:type\" content=\"article\" \/>\n<meta property=\"og:title\" content=\"CELIMAX Skin Repair Bee Tox Therapy Mask\" \/>\n<meta property=\"og:description\" content=\"\u0412\u044b\u0440\u0430\u0432\u043d\u0438\u0432\u0430\u044e\u0449\u0430\u044f \u0442\u043e\u043d \u0438 \u0440\u0435\u043b\u044c\u0435\u0444 \u043a\u043e\u0436\u0438 \u0442\u043a\u0430\u043d\u0435\u0432\u0430\u044f \u043c\u0430\u0441\u043a\u0430 \u0441 \u043f\u0440\u043e\u043f\u043e\u043b\u0438\u0441\u043e\u043c \u0438 \u043a\u0438\u0441\u043b\u043e\u0442\u0430\u043c\u0438. 25ml\" \/>\n<meta property=\"og:url\" content=\"https:\/\/malinacosmetics.com\/sr\/\u043f\u0440\u043e\u0438\u0437\u0432\u043e\u0434\/celimax-skin-repair-bee-tox-therapy-mask\/\" \/>\n<meta property=\"og:site_name\" content=\"Malina Beauty Store\" \/>\n<meta property=\"article:publisher\" content=\"https:\/\/www.facebook.com\/MalinaBeautyShopMe\/\" \/>\n<meta property=\"article:modified_time\" content=\"2026-01-25T17:36:32+00:00\" \/>\n<meta property=\"og:image\" content=\"https:\/\/malinacosmetics.com\/wp-content\/uploads\/2025\/02\/Celimax-Skin-Repair-Bee-Tox-Therapy-Mask1.jpg\" \/>\n\t<meta property=\"og:image:width\" content=\"1200\" \/>\n\t<meta property=\"og:image:height\" content=\"1200\" \/>\n\t<meta property=\"og:image:type\" content=\"image\/jpeg\" \/>\n<meta name=\"twitter:card\" content=\"summary_large_image\" \/>\n<script type=\"application\/ld+json\" class=\"yoast-schema-graph\">{\"@context\":\"https:\/\/schema.org\",\"@graph\":[{\"@type\":[\"WebPage\",\"ItemPage\"],\"@id\":\"https:\/\/malinacosmetics.com\/product\/celimax-skin-repair-bee-tox-therapy-mask\/\",\"url\":\"https:\/\/malinacosmetics.com\/product\/celimax-skin-repair-bee-tox-therapy-mask\/\",\"name\":\"CELIMAX Skin Repair Bee Tox Therapy Mask - Malina Beauty Store\",\"isPartOf\":{\"@id\":\"https:\/\/malinacosmetics.com\/#website\"},\"datePublished\":\"2025-02-04T16:39:54+00:00\",\"dateModified\":\"2026-01-25T17:36:32+00:00\",\"breadcrumb\":{\"@id\":\"https:\/\/malinacosmetics.com\/product\/celimax-skin-repair-bee-tox-therapy-mask\/#breadcrumb\"},\"inLanguage\":\"sr-RS\",\"potentialAction\":[{\"@type\":\"ReadAction\",\"target\":[\"https:\/\/malinacosmetics.com\/product\/celimax-skin-repair-bee-tox-therapy-mask\/\"]}]},{\"@type\":\"BreadcrumbList\",\"@id\":\"https:\/\/malinacosmetics.com\/product\/celimax-skin-repair-bee-tox-therapy-mask\/#breadcrumb\",\"itemListElement\":[{\"@type\":\"ListItem\",\"position\":1,\"name\":\"\u0413\u043b\u0430\u0432\u043d\u0430\u044f \u0441\u0442\u0440\u0430\u043d\u0438\u0446\u0430\",\"item\":\"https:\/\/malinacosmetics.com\/\"},{\"@type\":\"ListItem\",\"position\":2,\"name\":\"\u041a\u0430\u0442\u0430\u043b\u043e\u0433\",\"item\":\"https:\/\/malinacosmetics.com\/sr\/shop\/\"},{\"@type\":\"ListItem\",\"position\":3,\"name\":\"CELIMAX Skin Repair Bee Tox Therapy Mask\"}]},{\"@type\":\"WebSite\",\"@id\":\"https:\/\/malinacosmetics.com\/#website\",\"url\":\"https:\/\/malinacosmetics.com\/\",\"name\":\"Malina Beauty Store\",\"description\":\"Prodaja korejske kozmetike za Crnu Goru\",\"publisher\":{\"@id\":\"https:\/\/malinacosmetics.com\/#organization\"},\"potentialAction\":[{\"@type\":\"SearchAction\",\"target\":{\"@type\":\"EntryPoint\",\"urlTemplate\":\"https:\/\/malinacosmetics.com\/?s={search_term_string}\"},\"query-input\":\"required name=search_term_string\"}],\"inLanguage\":\"sr-RS\"},{\"@type\":\"Organization\",\"@id\":\"https:\/\/malinacosmetics.com\/#organization\",\"name\":\"malinacosmetics\",\"url\":\"https:\/\/malinacosmetics.com\/\",\"logo\":{\"@type\":\"ImageObject\",\"inLanguage\":\"sr-RS\",\"@id\":\"https:\/\/malinacosmetics.com\/#\/schema\/logo\/image\/\",\"url\":\"https:\/\/malinacosmetics.com\/wp-content\/uploads\/2021\/07\/logo.png\",\"contentUrl\":\"https:\/\/malinacosmetics.com\/wp-content\/uploads\/2021\/07\/logo.png\",\"width\":500,\"height\":353,\"caption\":\"malinacosmetics\"},\"image\":{\"@id\":\"https:\/\/malinacosmetics.com\/#\/schema\/logo\/image\/\"},\"sameAs\":[\"https:\/\/www.facebook.com\/MalinaBeautyShopMe\/\"]}]}<\/script>\n<meta property=\"product:brand\" content=\"simple\" \/>\n<meta property=\"product:price:amount\" content=\"3.00\" \/>\n<meta property=\"product:price:currency\" content=\"EUR\" \/>\n<meta property=\"og:availability\" content=\"out of stock\" \/>\n<meta property=\"product:availability\" content=\"out of stock\" \/>\n<meta property=\"product:condition\" content=\"new\" \/>\n<!-- \/ Yoast SEO Premium plugin. -->","yoast_head_json":{"title":"CELIMAX Skin Repair Bee Tox Therapy Mask - Malina Beauty Store","robots":{"index":"index","follow":"follow","max-snippet":"max-snippet:-1","max-image-preview":"max-image-preview:large","max-video-preview":"max-video-preview:-1"},"canonical":"https:\/\/malinacosmetics.com\/sr\/\u043f\u0440\u043e\u0438\u0437\u0432\u043e\u0434\/celimax-skin-repair-bee-tox-therapy-mask\/","og_locale":"sr_RS","og_type":"article","og_title":"CELIMAX Skin Repair Bee Tox Therapy Mask","og_description":"\u0412\u044b\u0440\u0430\u0432\u043d\u0438\u0432\u0430\u044e\u0449\u0430\u044f \u0442\u043e\u043d \u0438 \u0440\u0435\u043b\u044c\u0435\u0444 \u043a\u043e\u0436\u0438 \u0442\u043a\u0430\u043d\u0435\u0432\u0430\u044f \u043c\u0430\u0441\u043a\u0430 \u0441 \u043f\u0440\u043e\u043f\u043e\u043b\u0438\u0441\u043e\u043c \u0438 \u043a\u0438\u0441\u043b\u043e\u0442\u0430\u043c\u0438. 25ml","og_url":"https:\/\/malinacosmetics.com\/sr\/\u043f\u0440\u043e\u0438\u0437\u0432\u043e\u0434\/celimax-skin-repair-bee-tox-therapy-mask\/","og_site_name":"Malina Beauty Store","article_publisher":"https:\/\/www.facebook.com\/MalinaBeautyShopMe\/","article_modified_time":"2026-01-25T17:36:32+00:00","og_image":[{"width":1200,"height":1200,"url":"https:\/\/malinacosmetics.com\/wp-content\/uploads\/2025\/02\/Celimax-Skin-Repair-Bee-Tox-Therapy-Mask1.jpg","type":"image\/jpeg"}],"twitter_card":"summary_large_image","schema":{"@context":"https:\/\/schema.org","@graph":[{"@type":["WebPage","ItemPage"],"@id":"https:\/\/malinacosmetics.com\/product\/celimax-skin-repair-bee-tox-therapy-mask\/","url":"https:\/\/malinacosmetics.com\/product\/celimax-skin-repair-bee-tox-therapy-mask\/","name":"CELIMAX Skin Repair Bee Tox Therapy Mask - Malina Beauty Store","isPartOf":{"@id":"https:\/\/malinacosmetics.com\/#website"},"datePublished":"2025-02-04T16:39:54+00:00","dateModified":"2026-01-25T17:36:32+00:00","breadcrumb":{"@id":"https:\/\/malinacosmetics.com\/product\/celimax-skin-repair-bee-tox-therapy-mask\/#breadcrumb"},"inLanguage":"sr-RS","potentialAction":[{"@type":"ReadAction","target":["https:\/\/malinacosmetics.com\/product\/celimax-skin-repair-bee-tox-therapy-mask\/"]}]},{"@type":"BreadcrumbList","@id":"https:\/\/malinacosmetics.com\/product\/celimax-skin-repair-bee-tox-therapy-mask\/#breadcrumb","itemListElement":[{"@type":"ListItem","position":1,"name":"\u0413\u043b\u0430\u0432\u043d\u0430\u044f \u0441\u0442\u0440\u0430\u043d\u0438\u0446\u0430","item":"https:\/\/malinacosmetics.com\/"},{"@type":"ListItem","position":2,"name":"\u041a\u0430\u0442\u0430\u043b\u043e\u0433","item":"https:\/\/malinacosmetics.com\/sr\/shop\/"},{"@type":"ListItem","position":3,"name":"CELIMAX Skin Repair Bee Tox Therapy Mask"}]},{"@type":"WebSite","@id":"https:\/\/malinacosmetics.com\/#website","url":"https:\/\/malinacosmetics.com\/","name":"Malina Beauty Store","description":"Prodaja korejske kozmetike za Crnu Goru","publisher":{"@id":"https:\/\/malinacosmetics.com\/#organization"},"potentialAction":[{"@type":"SearchAction","target":{"@type":"EntryPoint","urlTemplate":"https:\/\/malinacosmetics.com\/?s={search_term_string}"},"query-input":"required name=search_term_string"}],"inLanguage":"sr-RS"},{"@type":"Organization","@id":"https:\/\/malinacosmetics.com\/#organization","name":"malinacosmetics","url":"https:\/\/malinacosmetics.com\/","logo":{"@type":"ImageObject","inLanguage":"sr-RS","@id":"https:\/\/malinacosmetics.com\/#\/schema\/logo\/image\/","url":"https:\/\/malinacosmetics.com\/wp-content\/uploads\/2021\/07\/logo.png","contentUrl":"https:\/\/malinacosmetics.com\/wp-content\/uploads\/2021\/07\/logo.png","width":500,"height":353,"caption":"malinacosmetics"},"image":{"@id":"https:\/\/malinacosmetics.com\/#\/schema\/logo\/image\/"},"sameAs":["https:\/\/www.facebook.com\/MalinaBeautyShopMe\/"]}]},"product_brand":"simple","product_price_amount":"3.00","product_price_currency":"EUR","og_availability":"out of stock","product_availability":"out of stock","product_condition":"new"},"jetpack_sharing_enabled":true,"_links":{"self":[{"href":"https:\/\/malinacosmetics.com\/sr\/wp-json\/wp\/v2\/product\/6769","targetHints":{"allow":["GET"]}}],"collection":[{"href":"https:\/\/malinacosmetics.com\/sr\/wp-json\/wp\/v2\/product"}],"about":[{"href":"https:\/\/malinacosmetics.com\/sr\/wp-json\/wp\/v2\/types\/product"}],"wp:featuredmedia":[{"embeddable":true,"href":"https:\/\/malinacosmetics.com\/sr\/wp-json\/wp\/v2\/media\/6835"}],"wp:attachment":[{"href":"https:\/\/malinacosmetics.com\/sr\/wp-json\/wp\/v2\/media?parent=6769"}],"wp:term":[{"taxonomy":"product_brand","embeddable":true,"href":"https:\/\/malinacosmetics.com\/sr\/wp-json\/wp\/v2\/product_brand?post=6769"},{"taxonomy":"product_cat","embeddable":true,"href":"https:\/\/malinacosmetics.com\/sr\/wp-json\/wp\/v2\/product_cat?post=6769"},{"taxonomy":"product_tag","embeddable":true,"href":"https:\/\/malinacosmetics.com\/sr\/wp-json\/wp\/v2\/product_tag?post=6769"}],"curies":[{"name":"wp","href":"https:\/\/api.w.org\/{rel}","templated":true}]}}