{"id":6767,"date":"2025-02-04T16:30:46","date_gmt":"2025-02-04T15:30:46","guid":{"rendered":"https:\/\/malinacosmetics.com\/?post_type=product&#038;p=6767"},"modified":"2025-04-14T15:59:31","modified_gmt":"2025-04-14T13:59:31","slug":"celimax-the-real-noni-energy-ampoule-mask","status":"publish","type":"product","link":"https:\/\/malinacosmetics.com\/sr\/\u043f\u0440\u043e\u0438\u0437\u0432\u043e\u0434\/celimax-the-real-noni-energy-ampoule-mask\/","title":{"rendered":"Celimax The Real Noni Energy Ampoule Mask"},"content":{"rendered":"<p class=\"translation-block\">Maska u maramici sa ekstraktom nonija za hidrataciju i ishranu ko\u017ee Celimax The Real Noni Energy Ampoule Mask intenzivno obnavlja, hidrira i hrani ko\u017eu, normalizuju\u0107i stanje osetljive ko\u017ee.<br>\nMaska je natopljena visoko koncentrovanom gustom esencijom, koja sadr\u017ei glavni aktivni sastojak \u2014 <i>ekstrakt nonija<\/i>, tropskog superhranjivog sastojka koji deluje protiv upala i usporava starenje, pru\u017eaju\u0107i antioksidativnu za\u0161titu.<br>\nProizvod vra\u0107a \u010dvrstinu i gladak reljef, smanjuje izra\u017eenost bora, elimini\u0161e suvo\u0107u i ose\u0107aj zategnutosti, ujedna\u010dava ton i osve\u017eava umornu ko\u017eu.<br>\nElasti\u010dna maramica sa dodatkom spandeksa odli\u010dno prijanja uz ko\u017eu, pru\u017eaju\u0107i blagi lifting efekat i poma\u017eu\u0107i efikasnijem prodiranju aktivnih sastojaka u epiderm.<br>\n\nDodatni aktivni sastojci:<br>\n<i>Ceramidi<\/i> ja\u010daju hidrolipidnu barijeru, spre\u010davaju isparavanje vlage, pobolj\u0161avaju za\u0161titnu funkciju epiderma i elimini\u0161u dehidrataciju.<br>\n<i>Natrijum hijaluronat<\/i> \u2013 niskomolekularni oblik hijaluronske kiseline, koji dubinski hidrira, pove\u0107ava elasti\u010dnost i zagla\u0111uje reljef.<br>\n<i>Adenozin<\/i> stimuli\u0161e proizvodnju kolagena, daje ko\u017ei \u010dvrstinu i elasti\u010dnost, spre\u010dava nastanak bora i odr\u017eava mladala\u010dki izgled.<br>\n<i>Skvalan<\/i> ima antioksidativni efekat, usporava pojavu znakova starenja i reguli\u0161e \u0107elijsko disanje.<br>\n<i>Alantoin<\/i> ubrzava zarastanje, umiruje iritacije i \u0161titi od slobodnih radikala.<br>\n<i>Ulje listova ruzmarina<\/i> pobolj\u0161ava mikrocirkulaciju, tonizira, dezinfikuje i doprinosi regeneraciji, a tako\u0111e daje prijatan miris proizvodu.<br>\nPogodno za sve tipove ko\u017ee.<\/p>\n<p><strong><br>Na\u010din upotrebe:<\/strong> nanesite masku na lice nakon \u010di\u0161\u0107enja i toniziranja, skinite nakon 10-20 minuta i ne\u017enim tapkanjem utapkajte preostalu esenciju u ko\u017eu.<\/p>\n<hr \/>\n<p><strong><em>Sastojci:<\/em> <\/strong><em>Water, Glycerin, 1,2-Hexanediol, Butylene Glycol, Arginine, Carbomer, Allantoin, Polyglyceryl-10 Laurate, Noni Fruit Extract (0.1%), Panthenol, Trehalose, Ethylhexylglycerin, Neem Leaf Extract, Adenosine, Neem Flower Extract, Disodium EDTA, Rosemary Leaf Oil, Sodium Hyaluronate, Maltodextrin, Squalane, Caramel, Caprylic\/Capric Triglyceride, Ceramide NP, Hydrogenated Lecithin, Tocopherol<\/em><\/p>","protected":false},"excerpt":{"rendered":"<p>Maska u maramici sa ekstraktom nonija za hidrataciju i ishranu ko\u017ee. 25ml<\/p>","protected":false},"featured_media":6880,"template":"","meta":{"_acf_changed":false},"product_brand":[],"product_cat":[635,575,461,462,224,350,86,437,353,481],"product_tag":[636],"class_list":{"0":"post-6767","1":"product","2":"type-product","3":"status-publish","4":"has-post-thumbnail","6":"product_cat-celimax","7":"product_cat-vyravnivanie-tona","8":"product_cat-pore","9":"product_cat-dryness","10":"product_cat-antiage","11":"product_cat-nourishing","12":"product_cat-moisturizing","13":"product_cat-alltypesofskin","14":"product_cat-masks","15":"product_cat-sheetmask","16":"product_tag-the-real-noni","18":"first","19":"instock","20":"shipping-taxable","21":"purchasable","22":"product-type-simple"},"acf":[],"yoast_head":"<!-- This site is optimized with the Yoast SEO Premium plugin v19.6 (Yoast SEO v20.11) - https:\/\/yoast.com\/wordpress\/plugins\/seo\/ -->\n<title>Celimax The Real Noni Energy Ampoule Mask - Malina Beauty Store<\/title>\n<meta name=\"robots\" content=\"index, follow, max-snippet:-1, max-image-preview:large, max-video-preview:-1\" \/>\n<link rel=\"canonical\" href=\"https:\/\/malinacosmetics.com\/sr\/\u043f\u0440\u043e\u0438\u0437\u0432\u043e\u0434\/celimax-the-real-noni-energy-ampoule-mask\/\" \/>\n<meta property=\"og:locale\" content=\"sr_RS\" \/>\n<meta property=\"og:type\" content=\"article\" \/>\n<meta property=\"og:title\" content=\"Celimax The Real Noni Energy Ampoule Mask\" \/>\n<meta property=\"og:description\" content=\"\u0422\u043a\u0430\u043d\u0435\u0432\u0430\u044f \u043c\u0430\u0441\u043a\u0430 \u0441 \u044d\u043a\u0441\u0442\u0440\u0430\u043a\u0442\u043e\u043c \u043d\u043e\u043d\u0438 \u0434\u043b\u044f \u0443\u0432\u043b\u0430\u0436\u043d\u0435\u043d\u0438\u044f \u0438 \u043f\u0438\u0442\u0430\u043d\u0438\u044f \u043a\u043e\u0436\u0438. 25ml\" \/>\n<meta property=\"og:url\" content=\"https:\/\/malinacosmetics.com\/sr\/\u043f\u0440\u043e\u0438\u0437\u0432\u043e\u0434\/celimax-the-real-noni-energy-ampoule-mask\/\" \/>\n<meta property=\"og:site_name\" content=\"Malina Beauty Store\" \/>\n<meta property=\"article:publisher\" content=\"https:\/\/www.facebook.com\/MalinaBeautyShopMe\/\" \/>\n<meta property=\"article:modified_time\" content=\"2025-04-14T13:59:31+00:00\" \/>\n<meta property=\"og:image\" content=\"https:\/\/malinacosmetics.com\/wp-content\/uploads\/2025\/02\/Celimax-The-Real-Noni-Energy-Ampoule-Mask1.jpg\" \/>\n\t<meta property=\"og:image:width\" content=\"1200\" \/>\n\t<meta property=\"og:image:height\" content=\"1200\" \/>\n\t<meta property=\"og:image:type\" content=\"image\/jpeg\" \/>\n<meta name=\"twitter:card\" content=\"summary_large_image\" \/>\n<script type=\"application\/ld+json\" class=\"yoast-schema-graph\">{\"@context\":\"https:\/\/schema.org\",\"@graph\":[{\"@type\":[\"WebPage\",\"ItemPage\"],\"@id\":\"https:\/\/malinacosmetics.com\/product\/celimax-the-real-noni-energy-ampoule-mask\/\",\"url\":\"https:\/\/malinacosmetics.com\/product\/celimax-the-real-noni-energy-ampoule-mask\/\",\"name\":\"Celimax The Real Noni Energy Ampoule Mask - Malina Beauty Store\",\"isPartOf\":{\"@id\":\"https:\/\/malinacosmetics.com\/#website\"},\"datePublished\":\"2025-02-04T15:30:46+00:00\",\"dateModified\":\"2025-04-14T13:59:31+00:00\",\"breadcrumb\":{\"@id\":\"https:\/\/malinacosmetics.com\/product\/celimax-the-real-noni-energy-ampoule-mask\/#breadcrumb\"},\"inLanguage\":\"sr-RS\",\"potentialAction\":[{\"@type\":\"ReadAction\",\"target\":[\"https:\/\/malinacosmetics.com\/product\/celimax-the-real-noni-energy-ampoule-mask\/\"]}]},{\"@type\":\"BreadcrumbList\",\"@id\":\"https:\/\/malinacosmetics.com\/product\/celimax-the-real-noni-energy-ampoule-mask\/#breadcrumb\",\"itemListElement\":[{\"@type\":\"ListItem\",\"position\":1,\"name\":\"\u0413\u043b\u0430\u0432\u043d\u0430\u044f \u0441\u0442\u0440\u0430\u043d\u0438\u0446\u0430\",\"item\":\"https:\/\/malinacosmetics.com\/\"},{\"@type\":\"ListItem\",\"position\":2,\"name\":\"\u041a\u0430\u0442\u0430\u043b\u043e\u0433\",\"item\":\"https:\/\/malinacosmetics.com\/sr\/shop\/\"},{\"@type\":\"ListItem\",\"position\":3,\"name\":\"Celimax The Real Noni Energy Ampoule Mask\"}]},{\"@type\":\"WebSite\",\"@id\":\"https:\/\/malinacosmetics.com\/#website\",\"url\":\"https:\/\/malinacosmetics.com\/\",\"name\":\"Malina Beauty Store\",\"description\":\"Prodaja korejske kozmetike za Crnu Goru\",\"publisher\":{\"@id\":\"https:\/\/malinacosmetics.com\/#organization\"},\"potentialAction\":[{\"@type\":\"SearchAction\",\"target\":{\"@type\":\"EntryPoint\",\"urlTemplate\":\"https:\/\/malinacosmetics.com\/?s={search_term_string}\"},\"query-input\":\"required name=search_term_string\"}],\"inLanguage\":\"sr-RS\"},{\"@type\":\"Organization\",\"@id\":\"https:\/\/malinacosmetics.com\/#organization\",\"name\":\"malinacosmetics\",\"url\":\"https:\/\/malinacosmetics.com\/\",\"logo\":{\"@type\":\"ImageObject\",\"inLanguage\":\"sr-RS\",\"@id\":\"https:\/\/malinacosmetics.com\/#\/schema\/logo\/image\/\",\"url\":\"https:\/\/malinacosmetics.com\/wp-content\/uploads\/2021\/07\/logo.png\",\"contentUrl\":\"https:\/\/malinacosmetics.com\/wp-content\/uploads\/2021\/07\/logo.png\",\"width\":500,\"height\":353,\"caption\":\"malinacosmetics\"},\"image\":{\"@id\":\"https:\/\/malinacosmetics.com\/#\/schema\/logo\/image\/\"},\"sameAs\":[\"https:\/\/www.facebook.com\/MalinaBeautyShopMe\/\"]}]}<\/script>\n<meta property=\"product:brand\" content=\"simple\" \/>\n<meta property=\"product:price:amount\" content=\"3.50\" \/>\n<meta property=\"product:price:currency\" content=\"EUR\" \/>\n<meta property=\"og:availability\" content=\"instock\" \/>\n<meta property=\"product:availability\" content=\"instock\" \/>\n<meta property=\"product:condition\" content=\"new\" \/>\n<!-- \/ Yoast SEO Premium plugin. -->","yoast_head_json":{"title":"Celimax The Real Noni Energy Ampoule Mask - Malina Beauty Store","robots":{"index":"index","follow":"follow","max-snippet":"max-snippet:-1","max-image-preview":"max-image-preview:large","max-video-preview":"max-video-preview:-1"},"canonical":"https:\/\/malinacosmetics.com\/sr\/\u043f\u0440\u043e\u0438\u0437\u0432\u043e\u0434\/celimax-the-real-noni-energy-ampoule-mask\/","og_locale":"sr_RS","og_type":"article","og_title":"Celimax The Real Noni Energy Ampoule Mask","og_description":"\u0422\u043a\u0430\u043d\u0435\u0432\u0430\u044f \u043c\u0430\u0441\u043a\u0430 \u0441 \u044d\u043a\u0441\u0442\u0440\u0430\u043a\u0442\u043e\u043c \u043d\u043e\u043d\u0438 \u0434\u043b\u044f \u0443\u0432\u043b\u0430\u0436\u043d\u0435\u043d\u0438\u044f \u0438 \u043f\u0438\u0442\u0430\u043d\u0438\u044f \u043a\u043e\u0436\u0438. 25ml","og_url":"https:\/\/malinacosmetics.com\/sr\/\u043f\u0440\u043e\u0438\u0437\u0432\u043e\u0434\/celimax-the-real-noni-energy-ampoule-mask\/","og_site_name":"Malina Beauty Store","article_publisher":"https:\/\/www.facebook.com\/MalinaBeautyShopMe\/","article_modified_time":"2025-04-14T13:59:31+00:00","og_image":[{"width":1200,"height":1200,"url":"https:\/\/malinacosmetics.com\/wp-content\/uploads\/2025\/02\/Celimax-The-Real-Noni-Energy-Ampoule-Mask1.jpg","type":"image\/jpeg"}],"twitter_card":"summary_large_image","schema":{"@context":"https:\/\/schema.org","@graph":[{"@type":["WebPage","ItemPage"],"@id":"https:\/\/malinacosmetics.com\/product\/celimax-the-real-noni-energy-ampoule-mask\/","url":"https:\/\/malinacosmetics.com\/product\/celimax-the-real-noni-energy-ampoule-mask\/","name":"Celimax The Real Noni Energy Ampoule Mask - Malina Beauty Store","isPartOf":{"@id":"https:\/\/malinacosmetics.com\/#website"},"datePublished":"2025-02-04T15:30:46+00:00","dateModified":"2025-04-14T13:59:31+00:00","breadcrumb":{"@id":"https:\/\/malinacosmetics.com\/product\/celimax-the-real-noni-energy-ampoule-mask\/#breadcrumb"},"inLanguage":"sr-RS","potentialAction":[{"@type":"ReadAction","target":["https:\/\/malinacosmetics.com\/product\/celimax-the-real-noni-energy-ampoule-mask\/"]}]},{"@type":"BreadcrumbList","@id":"https:\/\/malinacosmetics.com\/product\/celimax-the-real-noni-energy-ampoule-mask\/#breadcrumb","itemListElement":[{"@type":"ListItem","position":1,"name":"\u0413\u043b\u0430\u0432\u043d\u0430\u044f \u0441\u0442\u0440\u0430\u043d\u0438\u0446\u0430","item":"https:\/\/malinacosmetics.com\/"},{"@type":"ListItem","position":2,"name":"\u041a\u0430\u0442\u0430\u043b\u043e\u0433","item":"https:\/\/malinacosmetics.com\/sr\/shop\/"},{"@type":"ListItem","position":3,"name":"Celimax The Real Noni Energy Ampoule Mask"}]},{"@type":"WebSite","@id":"https:\/\/malinacosmetics.com\/#website","url":"https:\/\/malinacosmetics.com\/","name":"Malina Beauty Store","description":"Prodaja korejske kozmetike za Crnu Goru","publisher":{"@id":"https:\/\/malinacosmetics.com\/#organization"},"potentialAction":[{"@type":"SearchAction","target":{"@type":"EntryPoint","urlTemplate":"https:\/\/malinacosmetics.com\/?s={search_term_string}"},"query-input":"required name=search_term_string"}],"inLanguage":"sr-RS"},{"@type":"Organization","@id":"https:\/\/malinacosmetics.com\/#organization","name":"malinacosmetics","url":"https:\/\/malinacosmetics.com\/","logo":{"@type":"ImageObject","inLanguage":"sr-RS","@id":"https:\/\/malinacosmetics.com\/#\/schema\/logo\/image\/","url":"https:\/\/malinacosmetics.com\/wp-content\/uploads\/2021\/07\/logo.png","contentUrl":"https:\/\/malinacosmetics.com\/wp-content\/uploads\/2021\/07\/logo.png","width":500,"height":353,"caption":"malinacosmetics"},"image":{"@id":"https:\/\/malinacosmetics.com\/#\/schema\/logo\/image\/"},"sameAs":["https:\/\/www.facebook.com\/MalinaBeautyShopMe\/"]}]},"product_brand":"simple","product_price_amount":"3.50","product_price_currency":"EUR","og_availability":"instock","product_availability":"instock","product_condition":"new"},"jetpack_sharing_enabled":true,"_links":{"self":[{"href":"https:\/\/malinacosmetics.com\/sr\/wp-json\/wp\/v2\/product\/6767","targetHints":{"allow":["GET"]}}],"collection":[{"href":"https:\/\/malinacosmetics.com\/sr\/wp-json\/wp\/v2\/product"}],"about":[{"href":"https:\/\/malinacosmetics.com\/sr\/wp-json\/wp\/v2\/types\/product"}],"wp:featuredmedia":[{"embeddable":true,"href":"https:\/\/malinacosmetics.com\/sr\/wp-json\/wp\/v2\/media\/6880"}],"wp:attachment":[{"href":"https:\/\/malinacosmetics.com\/sr\/wp-json\/wp\/v2\/media?parent=6767"}],"wp:term":[{"taxonomy":"product_brand","embeddable":true,"href":"https:\/\/malinacosmetics.com\/sr\/wp-json\/wp\/v2\/product_brand?post=6767"},{"taxonomy":"product_cat","embeddable":true,"href":"https:\/\/malinacosmetics.com\/sr\/wp-json\/wp\/v2\/product_cat?post=6767"},{"taxonomy":"product_tag","embeddable":true,"href":"https:\/\/malinacosmetics.com\/sr\/wp-json\/wp\/v2\/product_tag?post=6767"}],"curies":[{"name":"wp","href":"https:\/\/api.w.org\/{rel}","templated":true}]}}