{"id":6766,"date":"2025-02-04T14:43:21","date_gmt":"2025-02-04T13:43:21","guid":{"rendered":"https:\/\/malinacosmetics.com\/?post_type=product&#038;p=6766"},"modified":"2025-12-26T21:18:28","modified_gmt":"2025-12-26T20:18:28","slug":"celimax-the-real-noni-acne-bubble-cleanser","status":"publish","type":"product","link":"https:\/\/malinacosmetics.com\/sr\/\u043f\u0440\u043e\u0438\u0437\u0432\u043e\u0434\/celimax-the-real-noni-acne-bubble-cleanser\/","title":{"rendered":"CELIMAX The Real Noni Acne Bubble Cleanser"},"content":{"rendered":"<p class=\"translation-block\">Meka pena za \u010di\u0161\u0107enje Celimax The Real Noni Acne Bubble Cleanser pru\u017ea ne\u017eno umivanje, \u010disti pore, elimini\u0161e masni sjaj bez isu\u0161ivanja i zatezanja ko\u017ee, spre\u010dava pojavu akni i upala.\nProizvod je idealan za \u010di\u0161\u0107enje osetljive i problemati\u010dne ko\u017ee: pena hidrira, omek\u0161ava i umiruje.<br>\nSlabokiselinska hipoalergena formula sa pH ~5,5-6,6 ne naru\u0161ava prirodnu za\u0161titnu barijeru. Sitni mehuri\u0107i prodiru duboko u pore i apsorbuju ne\u010disto\u0107e.<br>\n\nSredstvo je oboga\u0107eno <i>ekstraktom nonija<\/i>. Noni je tropska biljka bogata vitaminima, mineralima i drugim korisnim supstancama. Hidrira, hrani, ja\u010da za\u0161titne funkcije epidermisa i deluje kao antioksidans.<br>\n\nJedan od glavnih aktivnih sastojaka je <i>BHA (salicilna kiselina)<\/i>, koja uklanja vi\u0161ak sebuma i mrtve \u0107elije, rastvara lojna zadebljanja, posvetljuje mitisere i spre\u010dava njihovu pojavu, pilinguje i elimini\u0161e masni sjaj.<br>\n\nFormula sadr\u017ei <i>Aczero Complex<\/i> \u2013 kombinaciju biljnih ekstrakata (bergamot, kora bele vrbe, bor, zeleni \u010daj, centela i kofein), koji normalizuju lu\u010denje sebuma i pobolj\u0161avaju stanje ko\u017ee sklone prekomernoj proizvodnji sebuma.<br>\n\nDodatni aktivni sastojci:<br>\n<i>Pantenol (vitamin B5)<\/i> ubrzava zaceljivanje, umiruje iritacije, omek\u0161ava grublje delove epidermisa, ja\u010da hidrolipidnu barijeru i smanjuje isparavanje vlage.<br>\n<i>Ulje listova ruzmarina<\/i> aktivira proces regeneracije, ima antisepti\u010dka svojstva i pobolj\u0161ava mikrocirkulaciju, efikasno poma\u017ee u borbi protiv akni.<br>\n\nPreporu\u010deno za masnu, kombinovanu, osetljivu i problemati\u010dnu ko\u017eu.<br><\/p>\n<p><strong><br>Na\u010din upotrebe:<\/strong> nanesite penu na vla\u017enu ko\u017eu, rasporedite kru\u017enim pokretima, ostavite da deluje 10 sekundi i isperite toplom vodom.<\/p>\n<hr \/>\n<p><em><strong>Sastojci:<\/strong> Water, Cocamidopropyl Betaine, Butylene Glycol, Glycerin, Potassium Cocoyl Glycinate, Lauramide Dea, Sodium Chloride, Disodium Cocoamphodiacetate, Sodium Cocoamphodiacetate, Sodium Cocoyl Glutamate, Panthenol, 1,2-Hexanediol, Methylpropanediol, Noni Extract (0.3%), Allantoin, Salicylic Acid, Caprylyl Glycol, Sodium Benzoate, Dipotassium Glycyrrhizate, Rosemary Leaf Oil, Willow Bark Extract, Green Tea Extract, Centella Asiatica Leaf Extract, Okamura Quince Extract, Decyl Glucoside, Buteth-3, Piroctone Olamine, Disodium EDTA, Citric Acid, Neem Leaf Extract, Coffee Bean Extract, Sodium Benzotriazolyl Butylphenol Sulfonate, Neem Flower Extract, Plum Extract, Honeysuckle Flower Extract, Scutellaria Leaf Extract, Bergamot Leaf Extract, Pine Leaf Extract, Tributyl Citrate, Cacao Extract, Dextrin, King Pine Leaf Extract, Angelica Root Extract, Evening Primrose Extract, Kudzu Root Extract.<\/em><\/p>","protected":false},"excerpt":{"rendered":"<p><span data-sheets-root=\"1\">Meka pena za umivanje sa ekstraktom nonija i salicilnom kiselinom. 155 ml<\/span><\/p>","protected":false},"featured_media":6926,"template":"","meta":{"_acf_changed":false},"product_brand":[],"product_cat":[635,457,460,461,86,231,438,440,442,444,63,476],"product_tag":[636],"class_list":{"0":"post-6766","1":"product","2":"type-product","3":"status-publish","4":"has-post-thumbnail","6":"product_cat-celimax","7":"product_cat-acne","8":"product_cat-blackheads","9":"product_cat-pore","10":"product_cat-moisturizing","11":"product_cat-calming","12":"product_cat-oilyskin","13":"product_cat-combinationskin","14":"product_cat-problematicskin","15":"product_cat-sensitiveskin","16":"product_cat-cleansing","17":"product_cat-cleansingfoam","18":"product_tag-the-real-noni","20":"first","21":"outofstock","22":"shipping-taxable","23":"purchasable","24":"product-type-simple"},"acf":[],"yoast_head":"<!-- This site is optimized with the Yoast SEO Premium plugin v19.6 (Yoast SEO v20.11) - https:\/\/yoast.com\/wordpress\/plugins\/seo\/ -->\n<title>CELIMAX The Real Noni Acne Bubble Cleanser - Malina Beauty Store<\/title>\n<meta name=\"robots\" content=\"index, follow, max-snippet:-1, max-image-preview:large, max-video-preview:-1\" \/>\n<link rel=\"canonical\" href=\"https:\/\/malinacosmetics.com\/sr\/\u043f\u0440\u043e\u0438\u0437\u0432\u043e\u0434\/celimax-the-real-noni-acne-bubble-cleanser\/\" \/>\n<meta property=\"og:locale\" content=\"sr_RS\" \/>\n<meta property=\"og:type\" content=\"article\" \/>\n<meta property=\"og:title\" content=\"CELIMAX The Real Noni Acne Bubble Cleanser\" \/>\n<meta property=\"og:description\" content=\"\u041c\u044f\u0433\u043a\u0430\u044f \u043f\u0435\u043d\u043a\u0430 \u0434\u043b\u044f \u0443\u043c\u044b\u0432\u0430\u043d\u0438\u044f \u0441 \u044d\u043a\u0441\u0442\u0440\u0430\u043a\u0442\u043e\u043c \u043d\u043e\u043d\u0438 \u0438 \u0441\u0430\u043b\u0438\u0446\u0438\u043b\u043e\u0432\u043e\u0439 \u043a\u0438\u0441\u043b\u043e\u0442\u043e\u0439. 155ml\" \/>\n<meta property=\"og:url\" content=\"https:\/\/malinacosmetics.com\/sr\/\u043f\u0440\u043e\u0438\u0437\u0432\u043e\u0434\/celimax-the-real-noni-acne-bubble-cleanser\/\" \/>\n<meta property=\"og:site_name\" content=\"Malina Beauty Store\" \/>\n<meta property=\"article:publisher\" content=\"https:\/\/www.facebook.com\/MalinaBeautyShopMe\/\" \/>\n<meta property=\"article:modified_time\" content=\"2025-12-26T20:18:28+00:00\" \/>\n<meta property=\"og:image\" content=\"https:\/\/malinacosmetics.com\/wp-content\/uploads\/2025\/02\/Celimax-The-Real-Noni-Acne-Bubble-Cleanser1.jpg\" \/>\n\t<meta property=\"og:image:width\" content=\"1330\" \/>\n\t<meta property=\"og:image:height\" content=\"1330\" \/>\n\t<meta property=\"og:image:type\" content=\"image\/jpeg\" \/>\n<meta name=\"twitter:card\" content=\"summary_large_image\" \/>\n<script type=\"application\/ld+json\" class=\"yoast-schema-graph\">{\"@context\":\"https:\/\/schema.org\",\"@graph\":[{\"@type\":[\"WebPage\",\"ItemPage\"],\"@id\":\"https:\/\/malinacosmetics.com\/product\/celimax-the-real-noni-acne-bubble-cleanser\/\",\"url\":\"https:\/\/malinacosmetics.com\/product\/celimax-the-real-noni-acne-bubble-cleanser\/\",\"name\":\"CELIMAX The Real Noni Acne Bubble Cleanser - Malina Beauty Store\",\"isPartOf\":{\"@id\":\"https:\/\/malinacosmetics.com\/#website\"},\"datePublished\":\"2025-02-04T13:43:21+00:00\",\"dateModified\":\"2025-12-26T20:18:28+00:00\",\"breadcrumb\":{\"@id\":\"https:\/\/malinacosmetics.com\/product\/celimax-the-real-noni-acne-bubble-cleanser\/#breadcrumb\"},\"inLanguage\":\"sr-RS\",\"potentialAction\":[{\"@type\":\"ReadAction\",\"target\":[\"https:\/\/malinacosmetics.com\/product\/celimax-the-real-noni-acne-bubble-cleanser\/\"]}]},{\"@type\":\"BreadcrumbList\",\"@id\":\"https:\/\/malinacosmetics.com\/product\/celimax-the-real-noni-acne-bubble-cleanser\/#breadcrumb\",\"itemListElement\":[{\"@type\":\"ListItem\",\"position\":1,\"name\":\"\u0413\u043b\u0430\u0432\u043d\u0430\u044f \u0441\u0442\u0440\u0430\u043d\u0438\u0446\u0430\",\"item\":\"https:\/\/malinacosmetics.com\/\"},{\"@type\":\"ListItem\",\"position\":2,\"name\":\"\u041a\u0430\u0442\u0430\u043b\u043e\u0433\",\"item\":\"https:\/\/malinacosmetics.com\/sr\/shop\/\"},{\"@type\":\"ListItem\",\"position\":3,\"name\":\"CELIMAX The Real Noni Acne Bubble Cleanser\"}]},{\"@type\":\"WebSite\",\"@id\":\"https:\/\/malinacosmetics.com\/#website\",\"url\":\"https:\/\/malinacosmetics.com\/\",\"name\":\"Malina Beauty Store\",\"description\":\"Prodaja korejske kozmetike za Crnu Goru\",\"publisher\":{\"@id\":\"https:\/\/malinacosmetics.com\/#organization\"},\"potentialAction\":[{\"@type\":\"SearchAction\",\"target\":{\"@type\":\"EntryPoint\",\"urlTemplate\":\"https:\/\/malinacosmetics.com\/?s={search_term_string}\"},\"query-input\":\"required name=search_term_string\"}],\"inLanguage\":\"sr-RS\"},{\"@type\":\"Organization\",\"@id\":\"https:\/\/malinacosmetics.com\/#organization\",\"name\":\"malinacosmetics\",\"url\":\"https:\/\/malinacosmetics.com\/\",\"logo\":{\"@type\":\"ImageObject\",\"inLanguage\":\"sr-RS\",\"@id\":\"https:\/\/malinacosmetics.com\/#\/schema\/logo\/image\/\",\"url\":\"https:\/\/malinacosmetics.com\/wp-content\/uploads\/2021\/07\/logo.png\",\"contentUrl\":\"https:\/\/malinacosmetics.com\/wp-content\/uploads\/2021\/07\/logo.png\",\"width\":500,\"height\":353,\"caption\":\"malinacosmetics\"},\"image\":{\"@id\":\"https:\/\/malinacosmetics.com\/#\/schema\/logo\/image\/\"},\"sameAs\":[\"https:\/\/www.facebook.com\/MalinaBeautyShopMe\/\"]}]}<\/script>\n<meta property=\"product:brand\" content=\"simple\" \/>\n<meta property=\"product:price:amount\" content=\"25.00\" \/>\n<meta property=\"product:price:currency\" content=\"EUR\" \/>\n<meta property=\"og:availability\" content=\"out of stock\" \/>\n<meta property=\"product:availability\" content=\"out of stock\" \/>\n<meta property=\"product:condition\" content=\"new\" \/>\n<!-- \/ Yoast SEO Premium plugin. -->","yoast_head_json":{"title":"CELIMAX The Real Noni Acne Bubble Cleanser - Malina Beauty Store","robots":{"index":"index","follow":"follow","max-snippet":"max-snippet:-1","max-image-preview":"max-image-preview:large","max-video-preview":"max-video-preview:-1"},"canonical":"https:\/\/malinacosmetics.com\/sr\/\u043f\u0440\u043e\u0438\u0437\u0432\u043e\u0434\/celimax-the-real-noni-acne-bubble-cleanser\/","og_locale":"sr_RS","og_type":"article","og_title":"CELIMAX The Real Noni Acne Bubble Cleanser","og_description":"\u041c\u044f\u0433\u043a\u0430\u044f \u043f\u0435\u043d\u043a\u0430 \u0434\u043b\u044f \u0443\u043c\u044b\u0432\u0430\u043d\u0438\u044f \u0441 \u044d\u043a\u0441\u0442\u0440\u0430\u043a\u0442\u043e\u043c \u043d\u043e\u043d\u0438 \u0438 \u0441\u0430\u043b\u0438\u0446\u0438\u043b\u043e\u0432\u043e\u0439 \u043a\u0438\u0441\u043b\u043e\u0442\u043e\u0439. 155ml","og_url":"https:\/\/malinacosmetics.com\/sr\/\u043f\u0440\u043e\u0438\u0437\u0432\u043e\u0434\/celimax-the-real-noni-acne-bubble-cleanser\/","og_site_name":"Malina Beauty Store","article_publisher":"https:\/\/www.facebook.com\/MalinaBeautyShopMe\/","article_modified_time":"2025-12-26T20:18:28+00:00","og_image":[{"width":1330,"height":1330,"url":"https:\/\/malinacosmetics.com\/wp-content\/uploads\/2025\/02\/Celimax-The-Real-Noni-Acne-Bubble-Cleanser1.jpg","type":"image\/jpeg"}],"twitter_card":"summary_large_image","schema":{"@context":"https:\/\/schema.org","@graph":[{"@type":["WebPage","ItemPage"],"@id":"https:\/\/malinacosmetics.com\/product\/celimax-the-real-noni-acne-bubble-cleanser\/","url":"https:\/\/malinacosmetics.com\/product\/celimax-the-real-noni-acne-bubble-cleanser\/","name":"CELIMAX The Real Noni Acne Bubble Cleanser - Malina Beauty Store","isPartOf":{"@id":"https:\/\/malinacosmetics.com\/#website"},"datePublished":"2025-02-04T13:43:21+00:00","dateModified":"2025-12-26T20:18:28+00:00","breadcrumb":{"@id":"https:\/\/malinacosmetics.com\/product\/celimax-the-real-noni-acne-bubble-cleanser\/#breadcrumb"},"inLanguage":"sr-RS","potentialAction":[{"@type":"ReadAction","target":["https:\/\/malinacosmetics.com\/product\/celimax-the-real-noni-acne-bubble-cleanser\/"]}]},{"@type":"BreadcrumbList","@id":"https:\/\/malinacosmetics.com\/product\/celimax-the-real-noni-acne-bubble-cleanser\/#breadcrumb","itemListElement":[{"@type":"ListItem","position":1,"name":"\u0413\u043b\u0430\u0432\u043d\u0430\u044f \u0441\u0442\u0440\u0430\u043d\u0438\u0446\u0430","item":"https:\/\/malinacosmetics.com\/"},{"@type":"ListItem","position":2,"name":"\u041a\u0430\u0442\u0430\u043b\u043e\u0433","item":"https:\/\/malinacosmetics.com\/sr\/shop\/"},{"@type":"ListItem","position":3,"name":"CELIMAX The Real Noni Acne Bubble Cleanser"}]},{"@type":"WebSite","@id":"https:\/\/malinacosmetics.com\/#website","url":"https:\/\/malinacosmetics.com\/","name":"Malina Beauty Store","description":"Prodaja korejske kozmetike za Crnu Goru","publisher":{"@id":"https:\/\/malinacosmetics.com\/#organization"},"potentialAction":[{"@type":"SearchAction","target":{"@type":"EntryPoint","urlTemplate":"https:\/\/malinacosmetics.com\/?s={search_term_string}"},"query-input":"required name=search_term_string"}],"inLanguage":"sr-RS"},{"@type":"Organization","@id":"https:\/\/malinacosmetics.com\/#organization","name":"malinacosmetics","url":"https:\/\/malinacosmetics.com\/","logo":{"@type":"ImageObject","inLanguage":"sr-RS","@id":"https:\/\/malinacosmetics.com\/#\/schema\/logo\/image\/","url":"https:\/\/malinacosmetics.com\/wp-content\/uploads\/2021\/07\/logo.png","contentUrl":"https:\/\/malinacosmetics.com\/wp-content\/uploads\/2021\/07\/logo.png","width":500,"height":353,"caption":"malinacosmetics"},"image":{"@id":"https:\/\/malinacosmetics.com\/#\/schema\/logo\/image\/"},"sameAs":["https:\/\/www.facebook.com\/MalinaBeautyShopMe\/"]}]},"product_brand":"simple","product_price_amount":"25.00","product_price_currency":"EUR","og_availability":"out of stock","product_availability":"out of stock","product_condition":"new"},"jetpack_sharing_enabled":true,"_links":{"self":[{"href":"https:\/\/malinacosmetics.com\/sr\/wp-json\/wp\/v2\/product\/6766","targetHints":{"allow":["GET"]}}],"collection":[{"href":"https:\/\/malinacosmetics.com\/sr\/wp-json\/wp\/v2\/product"}],"about":[{"href":"https:\/\/malinacosmetics.com\/sr\/wp-json\/wp\/v2\/types\/product"}],"wp:featuredmedia":[{"embeddable":true,"href":"https:\/\/malinacosmetics.com\/sr\/wp-json\/wp\/v2\/media\/6926"}],"wp:attachment":[{"href":"https:\/\/malinacosmetics.com\/sr\/wp-json\/wp\/v2\/media?parent=6766"}],"wp:term":[{"taxonomy":"product_brand","embeddable":true,"href":"https:\/\/malinacosmetics.com\/sr\/wp-json\/wp\/v2\/product_brand?post=6766"},{"taxonomy":"product_cat","embeddable":true,"href":"https:\/\/malinacosmetics.com\/sr\/wp-json\/wp\/v2\/product_cat?post=6766"},{"taxonomy":"product_tag","embeddable":true,"href":"https:\/\/malinacosmetics.com\/sr\/wp-json\/wp\/v2\/product_tag?post=6766"}],"curies":[{"name":"wp","href":"https:\/\/api.w.org\/{rel}","templated":true}]}}