{"id":6763,"date":"2025-02-02T21:50:58","date_gmt":"2025-02-02T20:50:58","guid":{"rendered":"https:\/\/malinacosmetics.com\/?post_type=product&#038;p=6763"},"modified":"2025-08-14T14:31:08","modified_gmt":"2025-08-14T12:31:08","slug":"celimax-the-real-noni-energy-repair-cream","status":"publish","type":"product","link":"https:\/\/malinacosmetics.com\/sr\/\u043f\u0440\u043e\u0438\u0437\u0432\u043e\u0434\/celimax-the-real-noni-energy-repair-cream\/","title":{"rendered":"CELIMAX The Real Noni Energy Repair Cream"},"content":{"rendered":"<p class=\"translation-block\">Krema Celimax The Real Noni Energy Repair Cream obnavlja tanku ko\u017eu, umiruje i omek\u0161ava, ubrzava regeneraciju, uklanja perutanje i suvo\u0107u, smanjuje upale, pove\u0107ava \u010dvrstinu i elasti\u010dnost. Proizvod podi\u017ee prirodni hidratantni faktor (NMF) i ja\u010da prirodnu hidrolipidnu barijeru, koja spre\u010dava isparavanje vlage i zadr\u017eava hranljive materije u epidermisu: ko\u017ea postaje glatka, \u010dvrsta i blistava.<br>\nHipoalergena formula sa pH 5-6,5 ne izaziva iritaciju i pogodna je \u010dak i za osetljivu ko\u017eu. Gust\u0430 kremasta tekstura lako se nanosi i odli\u010dno upija, ne ote\u017eava ko\u017eu i mo\u017ee se koristiti pre nano\u0161enja \u0161minke.<br>\n\nGlavni sastojak \u2014 <i>ekstrakt nonija<\/i> \u2014 tropski superfood bogat vitaminima i mineralima, koji intenzivno hrani i umiruje ko\u017eu, smanjuje osetljivost na spolja\u0161nje nadra\u017eaje, blokira \u017eari\u0161ta upale i ima anti-age efekat, \u0161tite\u0107i \u0107elije od o\u0161te\u0107enja slobodnim radikalima.<br>\n\nDodatni aktivni sastojci:<br>\n<i>Adenozin<\/i> \u2014 anti-age aktiv koji stimuli\u0161e sintezu kolagena, pove\u0107ava \u010dvrstinu i glatko\u0107u ko\u017ee.<br>\n<i>Ceramidi<\/i> ja\u010daju hidrolipidnu barijeru, ugra\u0111uju\u0107i se u nju, spre\u010davaju gubitak vlage i poma\u017eu u zadr\u017eavanju korisnih komponenti u epidermisu.<br>\n<i>Nijacinamid (vitamin B3)<\/i> elimini\u0161e masni sjaj i reguli\u0161e lu\u010denje sebuma, posvetljuje pigmentaciju i spre\u010dava pojavu tamnih mrlja, stimuli\u0161e sintezu kolagena.<br>\n<i>Shea puter<\/i> hrani, spre\u010dava pojavu bora, omek\u0161ava i podsti\u010de regeneraciju.<br>\n<i>Ulje listova ruzmarina<\/i> ubrzava regeneraciju, ima antisepti\u010dko dejstvo, pobolj\u0161ava mikrocirkulaciju i tonizira ko\u017eu.<br>\n\nPogodno za normalnu, kombinovanu, suvu i osetljivu ko\u017eu.<\/p>\n<p><strong><br>Na\u010din upotrebe:<\/strong> naneti kremu na lice nakon \u010di\u0161\u0107enja, toniziranja i nano\u0161enja seruma. Mo\u017ee se nanositi u vi\u0161e slojeva kao no\u0107na maska ili pome\u0161ati sa toniranom kremom u odnosu 1:4.<\/p>\n<hr \/>\n<p><em><strong>Sastojci:<\/strong> <span data-sheets-root=\"1\">Water, Glycerin, Methylpropanediol, Methyl Trimethicone, Hydrogenated Poly(C6-14 Olefin), Neopentyl Glycol Diheptanoate, 1,2-Hexanediol, Niacinamide, Butyrospermum Parkii (Shea) Butter, Caprylic\/Capric Triglyceride, Trehalose, Polyglyceryl-3 Methylglucose Distearate, Dimethicone\/Vinyl Dimethicone Crosspolymer, Cetyl Alcohol, Glyceryl Stearate SE, Morinda Citrifolia Seed Oil, Butylene Glycol, Morinda Citrifolia Fruit Extract, Carbomer, Palmitic Acid, Stearic Acid, Behenyl Alcohol, Tromethamine, Dipropylene Glycol, Cetearyl Alcohol, Hydrogenated Lecithin, Laminaria Japonica Extract, Eclipta Prostrata Leaf Extract, Ethylhexylglycerin, Rosmarinus Officinalis (Rosemary) Leaf Oil, Polyglyceryl-10 Myristate, Melia Azadirachta Leaf Extract, Propanediol, Adenosine, Sodium Stearoyl Glutamate, Malt Extract, Fructooligosaccharides, Melia Azadirachta Flower Extract, Cholesterol, Beta-Glucan, Sodium Hyaluronate, Acmella Oleracea Extract, Ceramide NP, Ficus Carica (Fig) Fruit Extract, Centella Asiatica Extract, Hydrolyzed Hyaluronic Acid, Myristic Acid, Arginine, Tocopherol, Phenoxyethanol, Aloe Barbadensis Leaf Extract, Althaea Rosea Flower Extract<\/span><\/em><\/p>","protected":false},"excerpt":{"rendered":"<p><span data-sheets-root=\"1\">Regenerativna krema za lice sa ekstraktom nonija. 50ml<\/span><\/p>","protected":false},"featured_media":6756,"template":"","meta":{"_acf_changed":false},"product_brand":[],"product_cat":[635,224,350,263,86,437,444],"product_tag":[636],"class_list":{"0":"post-6763","1":"product","2":"type-product","3":"status-publish","4":"has-post-thumbnail","6":"product_cat-celimax","7":"product_cat-antiage","8":"product_cat-nourishing","9":"product_cat-revitalizing","10":"product_cat-moisturizing","11":"product_cat-alltypesofskin","12":"product_cat-sensitiveskin","13":"product_tag-the-real-noni","15":"first","16":"outofstock","17":"shipping-taxable","18":"purchasable","19":"product-type-simple"},"acf":[],"yoast_head":"<!-- This site is optimized with the Yoast SEO Premium plugin v19.6 (Yoast SEO v20.11) - https:\/\/yoast.com\/wordpress\/plugins\/seo\/ -->\n<title>CELIMAX The Real Noni Energy Repair Cream - Malina Beauty Store<\/title>\n<meta name=\"robots\" content=\"index, follow, max-snippet:-1, max-image-preview:large, max-video-preview:-1\" \/>\n<link rel=\"canonical\" href=\"https:\/\/malinacosmetics.com\/sr\/\u043f\u0440\u043e\u0438\u0437\u0432\u043e\u0434\/celimax-the-real-noni-energy-repair-cream\/\" \/>\n<meta property=\"og:locale\" content=\"sr_RS\" \/>\n<meta property=\"og:type\" content=\"article\" \/>\n<meta property=\"og:title\" content=\"CELIMAX The Real Noni Energy Repair Cream\" \/>\n<meta property=\"og:description\" content=\"\u0412\u043e\u0441\u0441\u0442\u0430\u043d\u0430\u0432\u043b\u0438\u0432\u0430\u044e\u0449\u0438\u0439 \u043a\u0440\u0435\u043c \u0434\u043b\u044f \u043b\u0438\u0446\u0430 \u0441 \u044d\u043a\u0441\u0442\u0440\u0430\u043a\u0442\u043e\u043c \u043d\u043e\u043d\u0438. 50ml\" \/>\n<meta property=\"og:url\" content=\"https:\/\/malinacosmetics.com\/sr\/\u043f\u0440\u043e\u0438\u0437\u0432\u043e\u0434\/celimax-the-real-noni-energy-repair-cream\/\" \/>\n<meta property=\"og:site_name\" content=\"Malina Beauty Store\" \/>\n<meta property=\"article:publisher\" content=\"https:\/\/www.facebook.com\/MalinaBeautyShopMe\/\" \/>\n<meta property=\"article:modified_time\" content=\"2025-08-14T12:31:08+00:00\" \/>\n<meta property=\"og:image\" content=\"https:\/\/malinacosmetics.com\/wp-content\/uploads\/2025\/02\/CELIMAX-The-Real-Noni-Energy-Repair-Cream1.jpg\" \/>\n\t<meta property=\"og:image:width\" content=\"1200\" \/>\n\t<meta property=\"og:image:height\" content=\"1200\" \/>\n\t<meta property=\"og:image:type\" content=\"image\/jpeg\" \/>\n<meta name=\"twitter:card\" content=\"summary_large_image\" \/>\n<script type=\"application\/ld+json\" class=\"yoast-schema-graph\">{\"@context\":\"https:\/\/schema.org\",\"@graph\":[{\"@type\":[\"WebPage\",\"ItemPage\"],\"@id\":\"https:\/\/malinacosmetics.com\/product\/celimax-the-real-noni-energy-repair-cream\/\",\"url\":\"https:\/\/malinacosmetics.com\/product\/celimax-the-real-noni-energy-repair-cream\/\",\"name\":\"CELIMAX The Real Noni Energy Repair Cream - Malina Beauty Store\",\"isPartOf\":{\"@id\":\"https:\/\/malinacosmetics.com\/#website\"},\"datePublished\":\"2025-02-02T20:50:58+00:00\",\"dateModified\":\"2025-08-14T12:31:08+00:00\",\"breadcrumb\":{\"@id\":\"https:\/\/malinacosmetics.com\/product\/celimax-the-real-noni-energy-repair-cream\/#breadcrumb\"},\"inLanguage\":\"sr-RS\",\"potentialAction\":[{\"@type\":\"ReadAction\",\"target\":[\"https:\/\/malinacosmetics.com\/product\/celimax-the-real-noni-energy-repair-cream\/\"]}]},{\"@type\":\"BreadcrumbList\",\"@id\":\"https:\/\/malinacosmetics.com\/product\/celimax-the-real-noni-energy-repair-cream\/#breadcrumb\",\"itemListElement\":[{\"@type\":\"ListItem\",\"position\":1,\"name\":\"\u0413\u043b\u0430\u0432\u043d\u0430\u044f \u0441\u0442\u0440\u0430\u043d\u0438\u0446\u0430\",\"item\":\"https:\/\/malinacosmetics.com\/\"},{\"@type\":\"ListItem\",\"position\":2,\"name\":\"\u041a\u0430\u0442\u0430\u043b\u043e\u0433\",\"item\":\"https:\/\/malinacosmetics.com\/sr\/shop\/\"},{\"@type\":\"ListItem\",\"position\":3,\"name\":\"CELIMAX The Real Noni Energy Repair Cream\"}]},{\"@type\":\"WebSite\",\"@id\":\"https:\/\/malinacosmetics.com\/#website\",\"url\":\"https:\/\/malinacosmetics.com\/\",\"name\":\"Malina Beauty Store\",\"description\":\"Prodaja korejske kozmetike za Crnu Goru\",\"publisher\":{\"@id\":\"https:\/\/malinacosmetics.com\/#organization\"},\"potentialAction\":[{\"@type\":\"SearchAction\",\"target\":{\"@type\":\"EntryPoint\",\"urlTemplate\":\"https:\/\/malinacosmetics.com\/?s={search_term_string}\"},\"query-input\":\"required name=search_term_string\"}],\"inLanguage\":\"sr-RS\"},{\"@type\":\"Organization\",\"@id\":\"https:\/\/malinacosmetics.com\/#organization\",\"name\":\"malinacosmetics\",\"url\":\"https:\/\/malinacosmetics.com\/\",\"logo\":{\"@type\":\"ImageObject\",\"inLanguage\":\"sr-RS\",\"@id\":\"https:\/\/malinacosmetics.com\/#\/schema\/logo\/image\/\",\"url\":\"https:\/\/malinacosmetics.com\/wp-content\/uploads\/2021\/07\/logo.png\",\"contentUrl\":\"https:\/\/malinacosmetics.com\/wp-content\/uploads\/2021\/07\/logo.png\",\"width\":500,\"height\":353,\"caption\":\"malinacosmetics\"},\"image\":{\"@id\":\"https:\/\/malinacosmetics.com\/#\/schema\/logo\/image\/\"},\"sameAs\":[\"https:\/\/www.facebook.com\/MalinaBeautyShopMe\/\"]}]}<\/script>\n<meta property=\"product:brand\" content=\"simple\" \/>\n<meta property=\"product:price:amount\" content=\"29.00\" \/>\n<meta property=\"product:price:currency\" content=\"EUR\" \/>\n<meta property=\"og:availability\" content=\"out of stock\" \/>\n<meta property=\"product:availability\" content=\"out of stock\" \/>\n<meta property=\"product:condition\" content=\"new\" \/>\n<!-- \/ Yoast SEO Premium plugin. -->","yoast_head_json":{"title":"CELIMAX The Real Noni Energy Repair Cream - Malina Beauty Store","robots":{"index":"index","follow":"follow","max-snippet":"max-snippet:-1","max-image-preview":"max-image-preview:large","max-video-preview":"max-video-preview:-1"},"canonical":"https:\/\/malinacosmetics.com\/sr\/\u043f\u0440\u043e\u0438\u0437\u0432\u043e\u0434\/celimax-the-real-noni-energy-repair-cream\/","og_locale":"sr_RS","og_type":"article","og_title":"CELIMAX The Real Noni Energy Repair Cream","og_description":"\u0412\u043e\u0441\u0441\u0442\u0430\u043d\u0430\u0432\u043b\u0438\u0432\u0430\u044e\u0449\u0438\u0439 \u043a\u0440\u0435\u043c \u0434\u043b\u044f \u043b\u0438\u0446\u0430 \u0441 \u044d\u043a\u0441\u0442\u0440\u0430\u043a\u0442\u043e\u043c \u043d\u043e\u043d\u0438. 50ml","og_url":"https:\/\/malinacosmetics.com\/sr\/\u043f\u0440\u043e\u0438\u0437\u0432\u043e\u0434\/celimax-the-real-noni-energy-repair-cream\/","og_site_name":"Malina Beauty Store","article_publisher":"https:\/\/www.facebook.com\/MalinaBeautyShopMe\/","article_modified_time":"2025-08-14T12:31:08+00:00","og_image":[{"width":1200,"height":1200,"url":"https:\/\/malinacosmetics.com\/wp-content\/uploads\/2025\/02\/CELIMAX-The-Real-Noni-Energy-Repair-Cream1.jpg","type":"image\/jpeg"}],"twitter_card":"summary_large_image","schema":{"@context":"https:\/\/schema.org","@graph":[{"@type":["WebPage","ItemPage"],"@id":"https:\/\/malinacosmetics.com\/product\/celimax-the-real-noni-energy-repair-cream\/","url":"https:\/\/malinacosmetics.com\/product\/celimax-the-real-noni-energy-repair-cream\/","name":"CELIMAX The Real Noni Energy Repair Cream - Malina Beauty Store","isPartOf":{"@id":"https:\/\/malinacosmetics.com\/#website"},"datePublished":"2025-02-02T20:50:58+00:00","dateModified":"2025-08-14T12:31:08+00:00","breadcrumb":{"@id":"https:\/\/malinacosmetics.com\/product\/celimax-the-real-noni-energy-repair-cream\/#breadcrumb"},"inLanguage":"sr-RS","potentialAction":[{"@type":"ReadAction","target":["https:\/\/malinacosmetics.com\/product\/celimax-the-real-noni-energy-repair-cream\/"]}]},{"@type":"BreadcrumbList","@id":"https:\/\/malinacosmetics.com\/product\/celimax-the-real-noni-energy-repair-cream\/#breadcrumb","itemListElement":[{"@type":"ListItem","position":1,"name":"\u0413\u043b\u0430\u0432\u043d\u0430\u044f \u0441\u0442\u0440\u0430\u043d\u0438\u0446\u0430","item":"https:\/\/malinacosmetics.com\/"},{"@type":"ListItem","position":2,"name":"\u041a\u0430\u0442\u0430\u043b\u043e\u0433","item":"https:\/\/malinacosmetics.com\/sr\/shop\/"},{"@type":"ListItem","position":3,"name":"CELIMAX The Real Noni Energy Repair Cream"}]},{"@type":"WebSite","@id":"https:\/\/malinacosmetics.com\/#website","url":"https:\/\/malinacosmetics.com\/","name":"Malina Beauty Store","description":"Prodaja korejske kozmetike za Crnu Goru","publisher":{"@id":"https:\/\/malinacosmetics.com\/#organization"},"potentialAction":[{"@type":"SearchAction","target":{"@type":"EntryPoint","urlTemplate":"https:\/\/malinacosmetics.com\/?s={search_term_string}"},"query-input":"required name=search_term_string"}],"inLanguage":"sr-RS"},{"@type":"Organization","@id":"https:\/\/malinacosmetics.com\/#organization","name":"malinacosmetics","url":"https:\/\/malinacosmetics.com\/","logo":{"@type":"ImageObject","inLanguage":"sr-RS","@id":"https:\/\/malinacosmetics.com\/#\/schema\/logo\/image\/","url":"https:\/\/malinacosmetics.com\/wp-content\/uploads\/2021\/07\/logo.png","contentUrl":"https:\/\/malinacosmetics.com\/wp-content\/uploads\/2021\/07\/logo.png","width":500,"height":353,"caption":"malinacosmetics"},"image":{"@id":"https:\/\/malinacosmetics.com\/#\/schema\/logo\/image\/"},"sameAs":["https:\/\/www.facebook.com\/MalinaBeautyShopMe\/"]}]},"product_brand":"simple","product_price_amount":"29.00","product_price_currency":"EUR","og_availability":"out of stock","product_availability":"out of stock","product_condition":"new"},"jetpack_sharing_enabled":true,"_links":{"self":[{"href":"https:\/\/malinacosmetics.com\/sr\/wp-json\/wp\/v2\/product\/6763","targetHints":{"allow":["GET"]}}],"collection":[{"href":"https:\/\/malinacosmetics.com\/sr\/wp-json\/wp\/v2\/product"}],"about":[{"href":"https:\/\/malinacosmetics.com\/sr\/wp-json\/wp\/v2\/types\/product"}],"wp:featuredmedia":[{"embeddable":true,"href":"https:\/\/malinacosmetics.com\/sr\/wp-json\/wp\/v2\/media\/6756"}],"wp:attachment":[{"href":"https:\/\/malinacosmetics.com\/sr\/wp-json\/wp\/v2\/media?parent=6763"}],"wp:term":[{"taxonomy":"product_brand","embeddable":true,"href":"https:\/\/malinacosmetics.com\/sr\/wp-json\/wp\/v2\/product_brand?post=6763"},{"taxonomy":"product_cat","embeddable":true,"href":"https:\/\/malinacosmetics.com\/sr\/wp-json\/wp\/v2\/product_cat?post=6763"},{"taxonomy":"product_tag","embeddable":true,"href":"https:\/\/malinacosmetics.com\/sr\/wp-json\/wp\/v2\/product_tag?post=6763"}],"curies":[{"name":"wp","href":"https:\/\/api.w.org\/{rel}","templated":true}]}}