{"id":6761,"date":"2025-02-02T21:39:14","date_gmt":"2025-02-02T20:39:14","guid":{"rendered":"https:\/\/malinacosmetics.com\/?post_type=product&#038;p=6761"},"modified":"2025-07-05T19:46:33","modified_gmt":"2025-07-05T17:46:33","slug":"celimax-the-real-noni-hydra-firming-lotion","status":"publish","type":"product","link":"https:\/\/malinacosmetics.com\/sr\/\u043f\u0440\u043e\u0438\u0437\u0432\u043e\u0434\/celimax-the-real-noni-hydra-firming-lotion\/","title":{"rendered":"CELIMAX The Real Noni Hydra Firming Lotion"},"content":{"rendered":"<p class=\"translation-block\">Hidratantni losion Celimax Noni Hydra Firming Lotion namenjen je borbi protiv suvo\u0107e i zatezanja: proizvod omek\u0161ava grubu ko\u017eu i uklanja perutanje. Pru\u017ea pouzdanu antioksidativnu za\u0161titu, neutrali\u0161e slobodne radikale i obnavlja optimalnu hidrolipidnu ravnote\u017eu.<br>  \nGlavni aktivni sastojci su <i>ekstrakt<\/i> i <i>ulje nonija<\/i>. <i>Noni<\/i> je tropska superhrana, bogata vitaminima, mineralima i polifenolima. <i>Noni<\/i> hrani, umiruje i omek\u0161ava ko\u017eu, ima antioksidativni efekat, usporava starenje, kao i suzbija upalu. Doprinosi formiranju za\u0161titne barijere koja zadr\u017eava potrebnu koli\u010dinu vlage u \u0107elijama i spre\u010dava dehidraciju. Smiruje iritaciju ko\u017ee i bori se sa crvenilom.<br>  \n<i>Adenozin<\/i> u sastavu poma\u017ee pove\u0107anju turgora, \u010dini ko\u017eu \u010dvr\u0161\u0107om i usporava procese starenja.<br>  \nLaka konzistencija brzo se upija, ostavlja sve\u017e fini\u0161 bez lepljivosti. Ima osve\u017eavaju\u0107i miris ruzmarina.<br>  \nDodatni aktivni sastojci:<br>  \n3 vrste <i>hijaluronske kiseline<\/i> prodiru duboko u epidermis, uklanjaju suvo\u0107u, obnavljaju vlagu.<br>  \n<i>Urea<\/i> odr\u017eava prirodnu ravnote\u017eu vlage, omek\u0161ava, uklanja perutanje. Ima antibakterijsko dejstvo, pobolj\u0161ava prodiranje drugih sastojaka.<br>  \n<i>Ekstrakt listova nima<\/i> le\u010di, ima protivupalno dejstvo, \u010dini ko\u017eu glatkom i svilenkastom, reguli\u0161e proizvodnju sebuma.<br>  \n<i>Ulje ruzmarina<\/i> aktivira regeneraciju \u0107elija, tonizira, pobolj\u0161ava cirkulaciju, smanjuje upale.<br>  \n<i>Ekstrakt kakao zrna<\/i> ima toniziraju\u0107e dejstvo i smanjuje oticanje. Ima antioksidativna svojstva, ubrzava zarastanje.<br>  \n<i>Ulje shea<\/i> omek\u0161ava, uklanja suvo\u0107u i perutanje. Duboko hidrira, \u010dini ko\u017eu elasti\u010dnom, glatkom i \u010dvrstom.<br>  \n<i>Skvalan<\/i> \u0161titi od gubitka vlage, usporava prerano starenje, smanjuje negativne uticaje spolja\u0161njih faktora.<br>  \nPogodno za suvu, normalnu i me\u0161ovitu ko\u017eu.<\/p>\n<p><strong><br>Na\u010din upotrebe:<\/strong> Na\u010din upotrebe: nanesite potrebnu koli\u010dinu losiona nakon toniranja i seruma, po potrebi zavr\u0161ite negu kremom.<\/p>\n<hr \/>\n<p><em><strong>Sastojci:<\/strong> <span data-sheets-root=\"1\">Water, Coco-Caprylate\/Caprate, Dipropylene Glycol, Glycerin, Butylene Glycol, Arachidyl Alcohol, Dimethicone, 1,2-Hexanediol, Behenyl Alcohol, Ammonium Acryloyldimethyltaurate\/VP Copolymer, Butyrospermum Parkii (Shea) Butter, Glyceryl Stearate, Hydroxyacetophenone, Sorbitan Sesquioleate, Morinda Citrifolia Fruit Extract (0.4%), Arachidyl Glucoside, Hydroxyethyl Urea, Squalane, Melia Azadirachta Leaf Extract, Xanthan Gum, Adenosine, Disodium EDTA, Melia Azadirachta Flower Extract, Rosmarinus Officinalis (Rosemary) Leaf Oil, Theobroma Cacao (Cocoa) Seed Extract, Morinda Citrifolia Seed Oil (100 ppm), Dipotassium Glycyrrhizate, Dextrin, Sodium Hyaluronate, Hydrolyzed Hyaluronic Acid, Sodium Acetylated Hyaluronate<\/span><\/em><\/p>","protected":false},"excerpt":{"rendered":"<p><span data-sheets-root=\"1\">Hidrantni losion sa ekstraktom nonija. 150ml<\/span><\/p>","protected":false},"featured_media":6757,"template":"","meta":{"_acf_changed":false},"product_brand":[],"product_cat":[635,500,457,462,350,263,86,231,440,441,443],"product_tag":[636],"class_list":{"0":"post-6761","1":"product","2":"type-product","3":"status-publish","4":"has-post-thumbnail","6":"product_cat-celimax","7":"product_cat-emulsion","8":"product_cat-acne","9":"product_cat-dryness","10":"product_cat-nourishing","11":"product_cat-revitalizing","12":"product_cat-moisturizing","13":"product_cat-calming","14":"product_cat-combinationskin","15":"product_cat-normalskin","16":"product_cat-dryskin","17":"product_tag-the-real-noni","19":"first","20":"outofstock","21":"shipping-taxable","22":"purchasable","23":"product-type-simple"},"acf":[],"yoast_head":"<!-- This site is optimized with the Yoast SEO Premium plugin v19.6 (Yoast SEO v20.11) - https:\/\/yoast.com\/wordpress\/plugins\/seo\/ -->\n<title>CELIMAX The Real Noni Hydra Firming Lotion - Malina Beauty Store<\/title>\n<meta name=\"robots\" content=\"index, follow, max-snippet:-1, max-image-preview:large, max-video-preview:-1\" \/>\n<link rel=\"canonical\" href=\"https:\/\/malinacosmetics.com\/sr\/\u043f\u0440\u043e\u0438\u0437\u0432\u043e\u0434\/celimax-the-real-noni-hydra-firming-lotion\/\" \/>\n<meta property=\"og:locale\" content=\"sr_RS\" \/>\n<meta property=\"og:type\" content=\"article\" \/>\n<meta property=\"og:title\" content=\"CELIMAX The Real Noni Hydra Firming Lotion\" \/>\n<meta property=\"og:description\" content=\"\u0423\u0432\u043b\u0430\u0436\u043d\u044f\u044e\u0449\u0438\u0439 \u043b\u043e\u0441\u044c\u043e\u043d \u0441 \u044d\u043a\u0441\u0442\u0440\u0430\u043a\u0442\u043e\u043c \u043d\u043e\u043d\u0438. 150ml\" \/>\n<meta property=\"og:url\" content=\"https:\/\/malinacosmetics.com\/sr\/\u043f\u0440\u043e\u0438\u0437\u0432\u043e\u0434\/celimax-the-real-noni-hydra-firming-lotion\/\" \/>\n<meta property=\"og:site_name\" content=\"Malina Beauty Store\" \/>\n<meta property=\"article:publisher\" content=\"https:\/\/www.facebook.com\/MalinaBeautyShopMe\/\" \/>\n<meta property=\"article:modified_time\" content=\"2025-07-05T17:46:33+00:00\" \/>\n<meta property=\"og:image\" content=\"https:\/\/malinacosmetics.com\/wp-content\/uploads\/2025\/02\/CELIMAX-The-Real-Noni-Hydra-Firming-Lotion1.jpg\" \/>\n\t<meta property=\"og:image:width\" content=\"1200\" \/>\n\t<meta property=\"og:image:height\" content=\"1200\" \/>\n\t<meta property=\"og:image:type\" content=\"image\/jpeg\" \/>\n<meta name=\"twitter:card\" content=\"summary_large_image\" \/>\n<script type=\"application\/ld+json\" class=\"yoast-schema-graph\">{\"@context\":\"https:\/\/schema.org\",\"@graph\":[{\"@type\":[\"WebPage\",\"ItemPage\"],\"@id\":\"https:\/\/malinacosmetics.com\/product\/celimax-the-real-noni-hydra-firming-lotion\/\",\"url\":\"https:\/\/malinacosmetics.com\/product\/celimax-the-real-noni-hydra-firming-lotion\/\",\"name\":\"CELIMAX The Real Noni Hydra Firming Lotion - Malina Beauty Store\",\"isPartOf\":{\"@id\":\"https:\/\/malinacosmetics.com\/#website\"},\"datePublished\":\"2025-02-02T20:39:14+00:00\",\"dateModified\":\"2025-07-05T17:46:33+00:00\",\"breadcrumb\":{\"@id\":\"https:\/\/malinacosmetics.com\/product\/celimax-the-real-noni-hydra-firming-lotion\/#breadcrumb\"},\"inLanguage\":\"sr-RS\",\"potentialAction\":[{\"@type\":\"ReadAction\",\"target\":[\"https:\/\/malinacosmetics.com\/product\/celimax-the-real-noni-hydra-firming-lotion\/\"]}]},{\"@type\":\"BreadcrumbList\",\"@id\":\"https:\/\/malinacosmetics.com\/product\/celimax-the-real-noni-hydra-firming-lotion\/#breadcrumb\",\"itemListElement\":[{\"@type\":\"ListItem\",\"position\":1,\"name\":\"\u0413\u043b\u0430\u0432\u043d\u0430\u044f \u0441\u0442\u0440\u0430\u043d\u0438\u0446\u0430\",\"item\":\"https:\/\/malinacosmetics.com\/\"},{\"@type\":\"ListItem\",\"position\":2,\"name\":\"\u041a\u0430\u0442\u0430\u043b\u043e\u0433\",\"item\":\"https:\/\/malinacosmetics.com\/sr\/shop\/\"},{\"@type\":\"ListItem\",\"position\":3,\"name\":\"CELIMAX The Real Noni Hydra Firming Lotion\"}]},{\"@type\":\"WebSite\",\"@id\":\"https:\/\/malinacosmetics.com\/#website\",\"url\":\"https:\/\/malinacosmetics.com\/\",\"name\":\"Malina Beauty Store\",\"description\":\"Prodaja korejske kozmetike za Crnu Goru\",\"publisher\":{\"@id\":\"https:\/\/malinacosmetics.com\/#organization\"},\"potentialAction\":[{\"@type\":\"SearchAction\",\"target\":{\"@type\":\"EntryPoint\",\"urlTemplate\":\"https:\/\/malinacosmetics.com\/?s={search_term_string}\"},\"query-input\":\"required name=search_term_string\"}],\"inLanguage\":\"sr-RS\"},{\"@type\":\"Organization\",\"@id\":\"https:\/\/malinacosmetics.com\/#organization\",\"name\":\"malinacosmetics\",\"url\":\"https:\/\/malinacosmetics.com\/\",\"logo\":{\"@type\":\"ImageObject\",\"inLanguage\":\"sr-RS\",\"@id\":\"https:\/\/malinacosmetics.com\/#\/schema\/logo\/image\/\",\"url\":\"https:\/\/malinacosmetics.com\/wp-content\/uploads\/2021\/07\/logo.png\",\"contentUrl\":\"https:\/\/malinacosmetics.com\/wp-content\/uploads\/2021\/07\/logo.png\",\"width\":500,\"height\":353,\"caption\":\"malinacosmetics\"},\"image\":{\"@id\":\"https:\/\/malinacosmetics.com\/#\/schema\/logo\/image\/\"},\"sameAs\":[\"https:\/\/www.facebook.com\/MalinaBeautyShopMe\/\"]}]}<\/script>\n<meta property=\"product:brand\" content=\"simple\" \/>\n<meta property=\"product:price:amount\" content=\"30.00\" \/>\n<meta property=\"product:price:currency\" content=\"EUR\" \/>\n<meta property=\"og:availability\" content=\"out of stock\" \/>\n<meta property=\"product:availability\" content=\"out of stock\" \/>\n<meta property=\"product:condition\" content=\"new\" \/>\n<!-- \/ Yoast SEO Premium plugin. -->","yoast_head_json":{"title":"CELIMAX The Real Noni Hydra Firming Lotion - Malina Beauty Store","robots":{"index":"index","follow":"follow","max-snippet":"max-snippet:-1","max-image-preview":"max-image-preview:large","max-video-preview":"max-video-preview:-1"},"canonical":"https:\/\/malinacosmetics.com\/sr\/\u043f\u0440\u043e\u0438\u0437\u0432\u043e\u0434\/celimax-the-real-noni-hydra-firming-lotion\/","og_locale":"sr_RS","og_type":"article","og_title":"CELIMAX The Real Noni Hydra Firming Lotion","og_description":"\u0423\u0432\u043b\u0430\u0436\u043d\u044f\u044e\u0449\u0438\u0439 \u043b\u043e\u0441\u044c\u043e\u043d \u0441 \u044d\u043a\u0441\u0442\u0440\u0430\u043a\u0442\u043e\u043c \u043d\u043e\u043d\u0438. 150ml","og_url":"https:\/\/malinacosmetics.com\/sr\/\u043f\u0440\u043e\u0438\u0437\u0432\u043e\u0434\/celimax-the-real-noni-hydra-firming-lotion\/","og_site_name":"Malina Beauty Store","article_publisher":"https:\/\/www.facebook.com\/MalinaBeautyShopMe\/","article_modified_time":"2025-07-05T17:46:33+00:00","og_image":[{"width":1200,"height":1200,"url":"https:\/\/malinacosmetics.com\/wp-content\/uploads\/2025\/02\/CELIMAX-The-Real-Noni-Hydra-Firming-Lotion1.jpg","type":"image\/jpeg"}],"twitter_card":"summary_large_image","schema":{"@context":"https:\/\/schema.org","@graph":[{"@type":["WebPage","ItemPage"],"@id":"https:\/\/malinacosmetics.com\/product\/celimax-the-real-noni-hydra-firming-lotion\/","url":"https:\/\/malinacosmetics.com\/product\/celimax-the-real-noni-hydra-firming-lotion\/","name":"CELIMAX The Real Noni Hydra Firming Lotion - Malina Beauty Store","isPartOf":{"@id":"https:\/\/malinacosmetics.com\/#website"},"datePublished":"2025-02-02T20:39:14+00:00","dateModified":"2025-07-05T17:46:33+00:00","breadcrumb":{"@id":"https:\/\/malinacosmetics.com\/product\/celimax-the-real-noni-hydra-firming-lotion\/#breadcrumb"},"inLanguage":"sr-RS","potentialAction":[{"@type":"ReadAction","target":["https:\/\/malinacosmetics.com\/product\/celimax-the-real-noni-hydra-firming-lotion\/"]}]},{"@type":"BreadcrumbList","@id":"https:\/\/malinacosmetics.com\/product\/celimax-the-real-noni-hydra-firming-lotion\/#breadcrumb","itemListElement":[{"@type":"ListItem","position":1,"name":"\u0413\u043b\u0430\u0432\u043d\u0430\u044f \u0441\u0442\u0440\u0430\u043d\u0438\u0446\u0430","item":"https:\/\/malinacosmetics.com\/"},{"@type":"ListItem","position":2,"name":"\u041a\u0430\u0442\u0430\u043b\u043e\u0433","item":"https:\/\/malinacosmetics.com\/sr\/shop\/"},{"@type":"ListItem","position":3,"name":"CELIMAX The Real Noni Hydra Firming Lotion"}]},{"@type":"WebSite","@id":"https:\/\/malinacosmetics.com\/#website","url":"https:\/\/malinacosmetics.com\/","name":"Malina Beauty Store","description":"Prodaja korejske kozmetike za Crnu Goru","publisher":{"@id":"https:\/\/malinacosmetics.com\/#organization"},"potentialAction":[{"@type":"SearchAction","target":{"@type":"EntryPoint","urlTemplate":"https:\/\/malinacosmetics.com\/?s={search_term_string}"},"query-input":"required name=search_term_string"}],"inLanguage":"sr-RS"},{"@type":"Organization","@id":"https:\/\/malinacosmetics.com\/#organization","name":"malinacosmetics","url":"https:\/\/malinacosmetics.com\/","logo":{"@type":"ImageObject","inLanguage":"sr-RS","@id":"https:\/\/malinacosmetics.com\/#\/schema\/logo\/image\/","url":"https:\/\/malinacosmetics.com\/wp-content\/uploads\/2021\/07\/logo.png","contentUrl":"https:\/\/malinacosmetics.com\/wp-content\/uploads\/2021\/07\/logo.png","width":500,"height":353,"caption":"malinacosmetics"},"image":{"@id":"https:\/\/malinacosmetics.com\/#\/schema\/logo\/image\/"},"sameAs":["https:\/\/www.facebook.com\/MalinaBeautyShopMe\/"]}]},"product_brand":"simple","product_price_amount":"30.00","product_price_currency":"EUR","og_availability":"out of stock","product_availability":"out of stock","product_condition":"new"},"jetpack_sharing_enabled":true,"_links":{"self":[{"href":"https:\/\/malinacosmetics.com\/sr\/wp-json\/wp\/v2\/product\/6761","targetHints":{"allow":["GET"]}}],"collection":[{"href":"https:\/\/malinacosmetics.com\/sr\/wp-json\/wp\/v2\/product"}],"about":[{"href":"https:\/\/malinacosmetics.com\/sr\/wp-json\/wp\/v2\/types\/product"}],"wp:featuredmedia":[{"embeddable":true,"href":"https:\/\/malinacosmetics.com\/sr\/wp-json\/wp\/v2\/media\/6757"}],"wp:attachment":[{"href":"https:\/\/malinacosmetics.com\/sr\/wp-json\/wp\/v2\/media?parent=6761"}],"wp:term":[{"taxonomy":"product_brand","embeddable":true,"href":"https:\/\/malinacosmetics.com\/sr\/wp-json\/wp\/v2\/product_brand?post=6761"},{"taxonomy":"product_cat","embeddable":true,"href":"https:\/\/malinacosmetics.com\/sr\/wp-json\/wp\/v2\/product_cat?post=6761"},{"taxonomy":"product_tag","embeddable":true,"href":"https:\/\/malinacosmetics.com\/sr\/wp-json\/wp\/v2\/product_tag?post=6761"}],"curies":[{"name":"wp","href":"https:\/\/api.w.org\/{rel}","templated":true}]}}