{"id":6717,"date":"2025-02-02T21:04:41","date_gmt":"2025-02-02T20:04:41","guid":{"rendered":"https:\/\/malinacosmetics.com\/?post_type=product&#038;p=6717"},"modified":"2025-07-12T12:59:04","modified_gmt":"2025-07-12T10:59:04","slug":"cheonjihyun-pomegranate-collagen-with-black-ginseng-and-royal-jelly2","status":"publish","type":"product","link":"https:\/\/malinacosmetics.com\/sr\/\u043f\u0440\u043e\u0438\u0437\u0432\u043e\u0434\/cheonjihyun-pomegranate-collagen-with-black-ginseng-and-royal-jelly2\/","title":{"rendered":"Cheonjihyun Pomegranate Collagen with Black Ginseng and Royal Jelly"},"content":{"rendered":"<p class=\"translation-block\">Antioksidantni funkcionalni napitak sa anti-age efektom i podr\u0161kom energiji, sa bogatim ukusom nara i crnog \u017een\u0161ena Cheonjihyun Pomegranate Collagen with Black Ginseng and Royal Jelly, oboga\u0107en <i>niskomolekularnim ribljim kolagenom<\/i>, <i>mati\u010dnim mle\u010dom<\/i> i <i>hijaluronskom kiselinom<\/i>. Ima izra\u017eena antioksidativna svojstva.<br>  \n\nPrednosti:<br>  \nKompletna nega ko\u017ee: svaka porcija sadr\u017ei 1 000 mg premijum ribljeg kolagena <i>Naticol\u00ae BPMG<\/i> iz francuske kompanije <i>Weishardt<\/i> u najbioraspolo\u017eivijem obliku od 2 kDa sa trenutnim dejstvom. Nema miris jer prolazi kroz tehnolo\u0161ku fermentaciju i obradu, \u0161to omogu\u0107ava 100% apsorpciju. Podsti\u010de podmla\u0111ivanje ko\u017ee, \u010dini je \u010dvrstom i elasti\u010dnom, zagla\u0111uje bore i pove\u0107ava hidrataciju. Spre\u010dava opu\u0161tanje ko\u017ee zahvaljuju\u0107i sadr\u017eaju <i>ginsenozida (saponina) Rg3, Rh1, Rh2<\/i>, koji su najja\u010di stimulansi <i>kolagena tipa I i III<\/i>, odgovorni za lepotu ko\u017ee i za\u0161titu elasti\u010dnih i kolagenih vlakana od starenja.<br>  \n\nAnti-age nega: 78,99% koncentrata <i>nara<\/i> iz \u0160panije bogatog polifenolima i vitaminom C, usporava procese starenja, obnavlja elasti\u010dnost ko\u017ee i daje joj zdrav sjaj.<br>  \n\nImunitetska podr\u0161ka i energija: <i>crni \u017een\u0161en<\/i>, koji je pro\u0161ao devetostruku vi\u0161estepenu fermentaciju i obradu, ja\u010da odbrambene snage organizma i poma\u017ee u borbi protiv umora, infekcija i virusnih oboljenja. Pove\u0107ava izdr\u017eljivost i koncentraciju. Smanjuje upale ko\u017ee i zglobova.<br>  \n\nDubinska ishrana: <i>mati\u010dni mle\u010d<\/i> iz Australije oboga\u0107uje organizam vitaminima i mineralima.<br>  \n\nIntenzivna hidratacija: <i>hijaluronska kiselina<\/i> odr\u017eava optimalan nivo vlage u ko\u017ei.<br>  \n\n100% prirodni sastav: proizvod ne sadr\u017ei dodatu vodu, \u0161e\u0107er, konzervanse, ve\u0161ta\u010dke boje i arome.<br>  \n\nPrakti\u010dnost: kompaktni format stikova (10 ml) savr\u0161en je za aktivne ljude \u2013 ponesite ga sa sobom na put, posao ili trening!<br>  \n\nOsetite harmoniju prirode i nauke u svakoj porciji ovog premium napitka! Ovaj jedinstveni proizvod stvoren je za one koji \u017eele da podr\u017ee zdravlje i lepotu iznutra.<br><\/p>\n<p><strong><br>Na\u010din upotrebe:<\/strong> 1 stik (10 ml) dnevno. Mo\u017ee se konzumirati u \u010distom obliku ili dodati u vodu, jogurt.<\/p>\n<hr \/>\n<p><em><strong>Sastojci: <\/strong><span data-sheets-root=\"1\">Pomegranate concentrate 7899mg, Black Ginseng Concentrate 1000mg, a low molecular Fish Collagen 1000mg, Royal Jelly, Hyaluronic Acid<\/span><\/em><\/p>","protected":false},"excerpt":{"rendered":"<p>Antioksidantni kolagenski napitak sa anti-age efektom i podr\u0161kom energiji, sa bogatim ukusom nara i crnog \u017een\u0161ena. 10 ml \u00d7 30 kom.<\/p>","protected":false},"featured_media":6716,"template":"","meta":{"_acf_changed":false},"product_brand":[],"product_cat":[634,170],"product_tag":[],"class_list":{"0":"post-6717","1":"product","2":"type-product","3":"status-publish","4":"has-post-thumbnail","6":"product_cat-cheonjihyun","7":"product_cat-supplements","9":"first","10":"instock","11":"shipping-taxable","12":"purchasable","13":"product-type-simple"},"acf":[],"yoast_head":"<!-- This site is optimized with the Yoast SEO Premium plugin v19.6 (Yoast SEO v20.11) - https:\/\/yoast.com\/wordpress\/plugins\/seo\/ -->\n<title>Cheonjihyun Pomegranate Collagen with Black Ginseng and Royal Jelly - Malina Beauty Store<\/title>\n<meta name=\"robots\" content=\"index, follow, max-snippet:-1, max-image-preview:large, max-video-preview:-1\" \/>\n<link rel=\"canonical\" href=\"https:\/\/malinacosmetics.com\/sr\/\u043f\u0440\u043e\u0438\u0437\u0432\u043e\u0434\/cheonjihyun-pomegranate-collagen-with-black-ginseng-and-royal-jelly2\/\" \/>\n<meta property=\"og:locale\" content=\"sr_RS\" \/>\n<meta property=\"og:type\" content=\"article\" \/>\n<meta property=\"og:title\" content=\"Cheonjihyun Pomegranate Collagen with Black Ginseng and Royal Jelly\" \/>\n<meta property=\"og:description\" content=\"\u0410\u043d\u0442\u0438\u043e\u043a\u0441\u0438\u0434\u0430\u043d\u0442\u043d\u044b\u0439 \u043a\u043e\u043b\u043b\u0430\u0433\u0435\u043d\u043e\u0432\u044b\u0439 \u043d\u0430\u043f\u0438\u0442\u043e\u043a \u0441 \u0430\u043d\u0442\u0438\u0432\u043e\u0437\u0440\u0430\u0441\u0442\u043d\u044b\u043c \u044d\u0444\u0444\u0435\u043a\u0442\u043e\u043c \u0438 \u043f\u043e\u0434\u0434\u0435\u0440\u0436\u043a\u043e\u0439 \u044d\u043d\u0435\u0440\u0433\u0438\u0438 \u0441 \u043d\u0430\u0441\u044b\u0449\u0435\u043d\u043d\u044b\u043c \u0432\u043a\u0443\u0441\u043e\u043c \u0433\u0440\u0430\u043d\u0430\u0442\u0430 \u0438 \u0447\u0435\u0440\u043d\u043e\u0433\u043e \u0436\u0435\u043d\u044c\u0448\u0435\u043d\u044f. 10ml*30\u0448\u0442\" \/>\n<meta property=\"og:url\" content=\"https:\/\/malinacosmetics.com\/sr\/\u043f\u0440\u043e\u0438\u0437\u0432\u043e\u0434\/cheonjihyun-pomegranate-collagen-with-black-ginseng-and-royal-jelly2\/\" \/>\n<meta property=\"og:site_name\" content=\"Malina Beauty Store\" \/>\n<meta property=\"article:publisher\" content=\"https:\/\/www.facebook.com\/MalinaBeautyShopMe\/\" \/>\n<meta property=\"article:modified_time\" content=\"2025-07-12T10:59:04+00:00\" \/>\n<meta property=\"og:image\" content=\"https:\/\/malinacosmetics.com\/wp-content\/uploads\/2025\/02\/Cheonjihyun-Pomegranate-Collagen-with-Black-Ginseng-and-Royal-Jelly.jpg\" \/>\n\t<meta property=\"og:image:width\" content=\"1200\" \/>\n\t<meta property=\"og:image:height\" content=\"1200\" \/>\n\t<meta property=\"og:image:type\" content=\"image\/jpeg\" \/>\n<meta name=\"twitter:card\" content=\"summary_large_image\" \/>\n<script type=\"application\/ld+json\" class=\"yoast-schema-graph\">{\"@context\":\"https:\/\/schema.org\",\"@graph\":[{\"@type\":[\"WebPage\",\"ItemPage\"],\"@id\":\"https:\/\/malinacosmetics.com\/product\/cheonjihyun-pomegranate-collagen-with-black-ginseng-and-royal-jelly2\/\",\"url\":\"https:\/\/malinacosmetics.com\/product\/cheonjihyun-pomegranate-collagen-with-black-ginseng-and-royal-jelly2\/\",\"name\":\"Cheonjihyun Pomegranate Collagen with Black Ginseng and Royal Jelly - Malina Beauty Store\",\"isPartOf\":{\"@id\":\"https:\/\/malinacosmetics.com\/#website\"},\"datePublished\":\"2025-02-02T20:04:41+00:00\",\"dateModified\":\"2025-07-12T10:59:04+00:00\",\"breadcrumb\":{\"@id\":\"https:\/\/malinacosmetics.com\/product\/cheonjihyun-pomegranate-collagen-with-black-ginseng-and-royal-jelly2\/#breadcrumb\"},\"inLanguage\":\"sr-RS\",\"potentialAction\":[{\"@type\":\"ReadAction\",\"target\":[\"https:\/\/malinacosmetics.com\/product\/cheonjihyun-pomegranate-collagen-with-black-ginseng-and-royal-jelly2\/\"]}]},{\"@type\":\"BreadcrumbList\",\"@id\":\"https:\/\/malinacosmetics.com\/product\/cheonjihyun-pomegranate-collagen-with-black-ginseng-and-royal-jelly2\/#breadcrumb\",\"itemListElement\":[{\"@type\":\"ListItem\",\"position\":1,\"name\":\"\u0413\u043b\u0430\u0432\u043d\u0430\u044f \u0441\u0442\u0440\u0430\u043d\u0438\u0446\u0430\",\"item\":\"https:\/\/malinacosmetics.com\/\"},{\"@type\":\"ListItem\",\"position\":2,\"name\":\"\u041a\u0430\u0442\u0430\u043b\u043e\u0433\",\"item\":\"https:\/\/malinacosmetics.com\/sr\/shop\/\"},{\"@type\":\"ListItem\",\"position\":3,\"name\":\"Cheonjihyun Pomegranate Collagen with Black Ginseng and Royal Jelly\"}]},{\"@type\":\"WebSite\",\"@id\":\"https:\/\/malinacosmetics.com\/#website\",\"url\":\"https:\/\/malinacosmetics.com\/\",\"name\":\"Malina Beauty Store\",\"description\":\"Prodaja korejske kozmetike za Crnu Goru\",\"publisher\":{\"@id\":\"https:\/\/malinacosmetics.com\/#organization\"},\"potentialAction\":[{\"@type\":\"SearchAction\",\"target\":{\"@type\":\"EntryPoint\",\"urlTemplate\":\"https:\/\/malinacosmetics.com\/?s={search_term_string}\"},\"query-input\":\"required name=search_term_string\"}],\"inLanguage\":\"sr-RS\"},{\"@type\":\"Organization\",\"@id\":\"https:\/\/malinacosmetics.com\/#organization\",\"name\":\"malinacosmetics\",\"url\":\"https:\/\/malinacosmetics.com\/\",\"logo\":{\"@type\":\"ImageObject\",\"inLanguage\":\"sr-RS\",\"@id\":\"https:\/\/malinacosmetics.com\/#\/schema\/logo\/image\/\",\"url\":\"https:\/\/malinacosmetics.com\/wp-content\/uploads\/2021\/07\/logo.png\",\"contentUrl\":\"https:\/\/malinacosmetics.com\/wp-content\/uploads\/2021\/07\/logo.png\",\"width\":500,\"height\":353,\"caption\":\"malinacosmetics\"},\"image\":{\"@id\":\"https:\/\/malinacosmetics.com\/#\/schema\/logo\/image\/\"},\"sameAs\":[\"https:\/\/www.facebook.com\/MalinaBeautyShopMe\/\"]}]}<\/script>\n<meta property=\"product:brand\" content=\"simple\" \/>\n<meta property=\"product:price:amount\" content=\"65.00\" \/>\n<meta property=\"product:price:currency\" content=\"EUR\" \/>\n<meta property=\"og:availability\" content=\"instock\" \/>\n<meta property=\"product:availability\" content=\"instock\" \/>\n<meta property=\"product:condition\" content=\"new\" \/>\n<!-- \/ Yoast SEO Premium plugin. -->","yoast_head_json":{"title":"Cheonjihyun Pomegranate Collagen with Black Ginseng and Royal Jelly - Malina Beauty Store","robots":{"index":"index","follow":"follow","max-snippet":"max-snippet:-1","max-image-preview":"max-image-preview:large","max-video-preview":"max-video-preview:-1"},"canonical":"https:\/\/malinacosmetics.com\/sr\/\u043f\u0440\u043e\u0438\u0437\u0432\u043e\u0434\/cheonjihyun-pomegranate-collagen-with-black-ginseng-and-royal-jelly2\/","og_locale":"sr_RS","og_type":"article","og_title":"Cheonjihyun Pomegranate Collagen with Black Ginseng and Royal Jelly","og_description":"\u0410\u043d\u0442\u0438\u043e\u043a\u0441\u0438\u0434\u0430\u043d\u0442\u043d\u044b\u0439 \u043a\u043e\u043b\u043b\u0430\u0433\u0435\u043d\u043e\u0432\u044b\u0439 \u043d\u0430\u043f\u0438\u0442\u043e\u043a \u0441 \u0430\u043d\u0442\u0438\u0432\u043e\u0437\u0440\u0430\u0441\u0442\u043d\u044b\u043c \u044d\u0444\u0444\u0435\u043a\u0442\u043e\u043c \u0438 \u043f\u043e\u0434\u0434\u0435\u0440\u0436\u043a\u043e\u0439 \u044d\u043d\u0435\u0440\u0433\u0438\u0438 \u0441 \u043d\u0430\u0441\u044b\u0449\u0435\u043d\u043d\u044b\u043c \u0432\u043a\u0443\u0441\u043e\u043c \u0433\u0440\u0430\u043d\u0430\u0442\u0430 \u0438 \u0447\u0435\u0440\u043d\u043e\u0433\u043e \u0436\u0435\u043d\u044c\u0448\u0435\u043d\u044f. 10ml*30\u0448\u0442","og_url":"https:\/\/malinacosmetics.com\/sr\/\u043f\u0440\u043e\u0438\u0437\u0432\u043e\u0434\/cheonjihyun-pomegranate-collagen-with-black-ginseng-and-royal-jelly2\/","og_site_name":"Malina Beauty Store","article_publisher":"https:\/\/www.facebook.com\/MalinaBeautyShopMe\/","article_modified_time":"2025-07-12T10:59:04+00:00","og_image":[{"width":1200,"height":1200,"url":"https:\/\/malinacosmetics.com\/wp-content\/uploads\/2025\/02\/Cheonjihyun-Pomegranate-Collagen-with-Black-Ginseng-and-Royal-Jelly.jpg","type":"image\/jpeg"}],"twitter_card":"summary_large_image","schema":{"@context":"https:\/\/schema.org","@graph":[{"@type":["WebPage","ItemPage"],"@id":"https:\/\/malinacosmetics.com\/product\/cheonjihyun-pomegranate-collagen-with-black-ginseng-and-royal-jelly2\/","url":"https:\/\/malinacosmetics.com\/product\/cheonjihyun-pomegranate-collagen-with-black-ginseng-and-royal-jelly2\/","name":"Cheonjihyun Pomegranate Collagen with Black Ginseng and Royal Jelly - Malina Beauty Store","isPartOf":{"@id":"https:\/\/malinacosmetics.com\/#website"},"datePublished":"2025-02-02T20:04:41+00:00","dateModified":"2025-07-12T10:59:04+00:00","breadcrumb":{"@id":"https:\/\/malinacosmetics.com\/product\/cheonjihyun-pomegranate-collagen-with-black-ginseng-and-royal-jelly2\/#breadcrumb"},"inLanguage":"sr-RS","potentialAction":[{"@type":"ReadAction","target":["https:\/\/malinacosmetics.com\/product\/cheonjihyun-pomegranate-collagen-with-black-ginseng-and-royal-jelly2\/"]}]},{"@type":"BreadcrumbList","@id":"https:\/\/malinacosmetics.com\/product\/cheonjihyun-pomegranate-collagen-with-black-ginseng-and-royal-jelly2\/#breadcrumb","itemListElement":[{"@type":"ListItem","position":1,"name":"\u0413\u043b\u0430\u0432\u043d\u0430\u044f \u0441\u0442\u0440\u0430\u043d\u0438\u0446\u0430","item":"https:\/\/malinacosmetics.com\/"},{"@type":"ListItem","position":2,"name":"\u041a\u0430\u0442\u0430\u043b\u043e\u0433","item":"https:\/\/malinacosmetics.com\/sr\/shop\/"},{"@type":"ListItem","position":3,"name":"Cheonjihyun Pomegranate Collagen with Black Ginseng and Royal Jelly"}]},{"@type":"WebSite","@id":"https:\/\/malinacosmetics.com\/#website","url":"https:\/\/malinacosmetics.com\/","name":"Malina Beauty Store","description":"Prodaja korejske kozmetike za Crnu Goru","publisher":{"@id":"https:\/\/malinacosmetics.com\/#organization"},"potentialAction":[{"@type":"SearchAction","target":{"@type":"EntryPoint","urlTemplate":"https:\/\/malinacosmetics.com\/?s={search_term_string}"},"query-input":"required name=search_term_string"}],"inLanguage":"sr-RS"},{"@type":"Organization","@id":"https:\/\/malinacosmetics.com\/#organization","name":"malinacosmetics","url":"https:\/\/malinacosmetics.com\/","logo":{"@type":"ImageObject","inLanguage":"sr-RS","@id":"https:\/\/malinacosmetics.com\/#\/schema\/logo\/image\/","url":"https:\/\/malinacosmetics.com\/wp-content\/uploads\/2021\/07\/logo.png","contentUrl":"https:\/\/malinacosmetics.com\/wp-content\/uploads\/2021\/07\/logo.png","width":500,"height":353,"caption":"malinacosmetics"},"image":{"@id":"https:\/\/malinacosmetics.com\/#\/schema\/logo\/image\/"},"sameAs":["https:\/\/www.facebook.com\/MalinaBeautyShopMe\/"]}]},"product_brand":"simple","product_price_amount":"65.00","product_price_currency":"EUR","og_availability":"instock","product_availability":"instock","product_condition":"new"},"jetpack_sharing_enabled":true,"_links":{"self":[{"href":"https:\/\/malinacosmetics.com\/sr\/wp-json\/wp\/v2\/product\/6717","targetHints":{"allow":["GET"]}}],"collection":[{"href":"https:\/\/malinacosmetics.com\/sr\/wp-json\/wp\/v2\/product"}],"about":[{"href":"https:\/\/malinacosmetics.com\/sr\/wp-json\/wp\/v2\/types\/product"}],"wp:featuredmedia":[{"embeddable":true,"href":"https:\/\/malinacosmetics.com\/sr\/wp-json\/wp\/v2\/media\/6716"}],"wp:attachment":[{"href":"https:\/\/malinacosmetics.com\/sr\/wp-json\/wp\/v2\/media?parent=6717"}],"wp:term":[{"taxonomy":"product_brand","embeddable":true,"href":"https:\/\/malinacosmetics.com\/sr\/wp-json\/wp\/v2\/product_brand?post=6717"},{"taxonomy":"product_cat","embeddable":true,"href":"https:\/\/malinacosmetics.com\/sr\/wp-json\/wp\/v2\/product_cat?post=6717"},{"taxonomy":"product_tag","embeddable":true,"href":"https:\/\/malinacosmetics.com\/sr\/wp-json\/wp\/v2\/product_tag?post=6717"}],"curies":[{"name":"wp","href":"https:\/\/api.w.org\/{rel}","templated":true}]}}