{"id":6711,"date":"2025-02-02T20:47:47","date_gmt":"2025-02-02T19:47:47","guid":{"rendered":"https:\/\/malinacosmetics.com\/?post_type=product&#038;p=6711"},"modified":"2025-09-27T12:12:46","modified_gmt":"2025-09-27T10:12:46","slug":"lador-scalp-massager-shampoo-brush","status":"publish","type":"product","link":"https:\/\/malinacosmetics.com\/sr\/\u043f\u0440\u043e\u0438\u0437\u0432\u043e\u0434\/lador-scalp-massager-shampoo-brush\/","title":{"rendered":"LADOR Scalp Massager Shampoo Brush"},"content":{"rendered":"<p class=\"translation-block\">Masa\u017ena \u010detka za ko\u017eu glave Lador Dermatical Shampoo Brush obezbe\u0111uje temeljno \u010di\u0161\u0107enje ko\u017ee glave, efikasno uklanja ne\u010disto\u0107e, mrtve \u0107elije i vi\u0161ak sebuma, poma\u017ee u ravnomernom raspore\u0111ivanju \u0161ampona. Podsti\u010de ubrzanje cirkulacije krvi i mikrocirkulacije, stimuli\u0161e rast kose, ja\u010da koren i spre\u010dava opadanje.<br>  \n\nTokom pranja kose, \u010detka efikasno stvara gustu penu, dopire do te\u0161ko dostupnih delova, ne mrsi pramenove i pove\u0107ava efikasnost \u010di\u0161\u0107enja. Silikonske \u010dekinje ne\u017eno deluju na ko\u017eu, ne o\u0161te\u0107uju\u0107i kosu, dok kompaktna veli\u010dina \u010detke omogu\u0107ava udobno dr\u017eanje u ruci i kori\u0161\u0107enje za masa\u017eu.<br>  \n\nProizvod poma\u017ee u otklanjanju napetosti, smanjuje svrab i crvenilo, dubinski \u010disti ko\u017eu glave i kosu, pobolj\u0161ava cirkulaciju krvi, podsti\u010de obnovu \u0107elija i ravnomerno raspore\u0111uje \u0161ampon, spre\u010davaju\u0107i nakupljanje ostataka proizvoda. \u010cetka ima ergonomski dizajn koji savr\u0161eno le\u017ei u ruci i ne izaziva umor tokom du\u017ee upotrebe.<br>  \n\n\u010cetka je pogodna za kosu bilo koje du\u017eine i tipa i bezbedna je za upotrebu svih \u010dlanova porodice.<br>  \n\u010cetka nije namenjena za \u010de\u0161ljanje ili su\u0161enje kose fenom.<br><\/p>\n<p><strong><br>Na\u010din upotrebe:<\/strong> Nanesite \u0161ampon na vla\u017enu kosu, zapenite ga, ne\u017eno masirajte ko\u017eu glave \u010detkom, a zatim temeljno isperite \u0161ampon toplom vodom.<\/p>\n<hr \/>\n<div>\n<p><em><b>Sastav: <\/b>silikon.<\/em><\/p>\n<p>&nbsp;<\/p>\n<\/div>","protected":false},"excerpt":{"rendered":"<p>Masa\u017ena \u010detka za ko\u017eu glave. 1 komad<\/p>","protected":false},"featured_media":6703,"template":"","meta":{"_acf_changed":false},"product_brand":[],"product_cat":[418,171,617,192],"product_tag":[],"class_list":{"0":"post-6711","1":"product","2":"type-product","3":"status-publish","4":"has-post-thumbnail","6":"product_cat-lador","7":"product_cat-haircare","8":"product_cat-alltypehairs","9":"product_cat-hairaccessories","11":"first","12":"instock","13":"shipping-taxable","14":"purchasable","15":"product-type-simple"},"acf":[],"yoast_head":"<!-- This site is optimized with the Yoast SEO Premium plugin v19.6 (Yoast SEO v20.11) - https:\/\/yoast.com\/wordpress\/plugins\/seo\/ -->\n<title>LADOR Scalp Massager Shampoo Brush - Malina Beauty Store<\/title>\n<meta name=\"robots\" content=\"index, follow, max-snippet:-1, max-image-preview:large, max-video-preview:-1\" \/>\n<link rel=\"canonical\" href=\"https:\/\/malinacosmetics.com\/sr\/\u043f\u0440\u043e\u0438\u0437\u0432\u043e\u0434\/lador-scalp-massager-shampoo-brush\/\" \/>\n<meta property=\"og:locale\" content=\"sr_RS\" \/>\n<meta property=\"og:type\" content=\"article\" \/>\n<meta property=\"og:title\" content=\"LADOR Scalp Massager Shampoo Brush\" \/>\n<meta property=\"og:description\" content=\"\u041c\u0430\u0441\u0441\u0430\u0436\u043d\u0430\u044f \u0449\u0451\u0442\u043a\u0430 \u0434\u043b\u044f \u043a\u043e\u0436\u0438 \u0433\u043e\u043b\u043e\u0432\u044b. 1 \u0448\u0442.\" \/>\n<meta property=\"og:url\" content=\"https:\/\/malinacosmetics.com\/sr\/\u043f\u0440\u043e\u0438\u0437\u0432\u043e\u0434\/lador-scalp-massager-shampoo-brush\/\" \/>\n<meta property=\"og:site_name\" content=\"Malina Beauty Store\" \/>\n<meta property=\"article:publisher\" content=\"https:\/\/www.facebook.com\/MalinaBeautyShopMe\/\" \/>\n<meta property=\"article:modified_time\" content=\"2025-09-27T10:12:46+00:00\" \/>\n<meta property=\"og:image\" content=\"https:\/\/malinacosmetics.com\/wp-content\/uploads\/2025\/02\/Lador-Dermatical-Shampoo-Brush-blue.jpg\" \/>\n\t<meta property=\"og:image:width\" content=\"1200\" \/>\n\t<meta property=\"og:image:height\" content=\"1200\" \/>\n\t<meta property=\"og:image:type\" content=\"image\/jpeg\" \/>\n<meta name=\"twitter:card\" content=\"summary_large_image\" \/>\n<script type=\"application\/ld+json\" class=\"yoast-schema-graph\">{\"@context\":\"https:\/\/schema.org\",\"@graph\":[{\"@type\":[\"WebPage\",\"ItemPage\"],\"@id\":\"https:\/\/malinacosmetics.com\/product\/lador-scalp-massager-shampoo-brush\/\",\"url\":\"https:\/\/malinacosmetics.com\/product\/lador-scalp-massager-shampoo-brush\/\",\"name\":\"LADOR Scalp Massager Shampoo Brush - Malina Beauty Store\",\"isPartOf\":{\"@id\":\"https:\/\/malinacosmetics.com\/#website\"},\"datePublished\":\"2025-02-02T19:47:47+00:00\",\"dateModified\":\"2025-09-27T10:12:46+00:00\",\"breadcrumb\":{\"@id\":\"https:\/\/malinacosmetics.com\/product\/lador-scalp-massager-shampoo-brush\/#breadcrumb\"},\"inLanguage\":\"sr-RS\",\"potentialAction\":[{\"@type\":\"ReadAction\",\"target\":[\"https:\/\/malinacosmetics.com\/product\/lador-scalp-massager-shampoo-brush\/\"]}]},{\"@type\":\"BreadcrumbList\",\"@id\":\"https:\/\/malinacosmetics.com\/product\/lador-scalp-massager-shampoo-brush\/#breadcrumb\",\"itemListElement\":[{\"@type\":\"ListItem\",\"position\":1,\"name\":\"\u0413\u043b\u0430\u0432\u043d\u0430\u044f \u0441\u0442\u0440\u0430\u043d\u0438\u0446\u0430\",\"item\":\"https:\/\/malinacosmetics.com\/\"},{\"@type\":\"ListItem\",\"position\":2,\"name\":\"\u041a\u0430\u0442\u0430\u043b\u043e\u0433\",\"item\":\"https:\/\/malinacosmetics.com\/sr\/shop\/\"},{\"@type\":\"ListItem\",\"position\":3,\"name\":\"LADOR Scalp Massager Shampoo Brush\"}]},{\"@type\":\"WebSite\",\"@id\":\"https:\/\/malinacosmetics.com\/#website\",\"url\":\"https:\/\/malinacosmetics.com\/\",\"name\":\"Malina Beauty Store\",\"description\":\"Prodaja korejske kozmetike za Crnu Goru\",\"publisher\":{\"@id\":\"https:\/\/malinacosmetics.com\/#organization\"},\"potentialAction\":[{\"@type\":\"SearchAction\",\"target\":{\"@type\":\"EntryPoint\",\"urlTemplate\":\"https:\/\/malinacosmetics.com\/?s={search_term_string}\"},\"query-input\":\"required name=search_term_string\"}],\"inLanguage\":\"sr-RS\"},{\"@type\":\"Organization\",\"@id\":\"https:\/\/malinacosmetics.com\/#organization\",\"name\":\"malinacosmetics\",\"url\":\"https:\/\/malinacosmetics.com\/\",\"logo\":{\"@type\":\"ImageObject\",\"inLanguage\":\"sr-RS\",\"@id\":\"https:\/\/malinacosmetics.com\/#\/schema\/logo\/image\/\",\"url\":\"https:\/\/malinacosmetics.com\/wp-content\/uploads\/2021\/07\/logo.png\",\"contentUrl\":\"https:\/\/malinacosmetics.com\/wp-content\/uploads\/2021\/07\/logo.png\",\"width\":500,\"height\":353,\"caption\":\"malinacosmetics\"},\"image\":{\"@id\":\"https:\/\/malinacosmetics.com\/#\/schema\/logo\/image\/\"},\"sameAs\":[\"https:\/\/www.facebook.com\/MalinaBeautyShopMe\/\"]}]}<\/script>\n<meta property=\"product:brand\" content=\"simple\" \/>\n<meta property=\"product:price:amount\" content=\"10.00\" \/>\n<meta property=\"product:price:currency\" content=\"EUR\" \/>\n<meta property=\"og:availability\" content=\"instock\" \/>\n<meta property=\"product:availability\" content=\"instock\" \/>\n<meta property=\"product:condition\" content=\"new\" \/>\n<!-- \/ Yoast SEO Premium plugin. -->","yoast_head_json":{"title":"LADOR Scalp Massager Shampoo Brush - Malina Beauty Store","robots":{"index":"index","follow":"follow","max-snippet":"max-snippet:-1","max-image-preview":"max-image-preview:large","max-video-preview":"max-video-preview:-1"},"canonical":"https:\/\/malinacosmetics.com\/sr\/\u043f\u0440\u043e\u0438\u0437\u0432\u043e\u0434\/lador-scalp-massager-shampoo-brush\/","og_locale":"sr_RS","og_type":"article","og_title":"LADOR Scalp Massager Shampoo Brush","og_description":"\u041c\u0430\u0441\u0441\u0430\u0436\u043d\u0430\u044f \u0449\u0451\u0442\u043a\u0430 \u0434\u043b\u044f \u043a\u043e\u0436\u0438 \u0433\u043e\u043b\u043e\u0432\u044b. 1 \u0448\u0442.","og_url":"https:\/\/malinacosmetics.com\/sr\/\u043f\u0440\u043e\u0438\u0437\u0432\u043e\u0434\/lador-scalp-massager-shampoo-brush\/","og_site_name":"Malina Beauty Store","article_publisher":"https:\/\/www.facebook.com\/MalinaBeautyShopMe\/","article_modified_time":"2025-09-27T10:12:46+00:00","og_image":[{"width":1200,"height":1200,"url":"https:\/\/malinacosmetics.com\/wp-content\/uploads\/2025\/02\/Lador-Dermatical-Shampoo-Brush-blue.jpg","type":"image\/jpeg"}],"twitter_card":"summary_large_image","schema":{"@context":"https:\/\/schema.org","@graph":[{"@type":["WebPage","ItemPage"],"@id":"https:\/\/malinacosmetics.com\/product\/lador-scalp-massager-shampoo-brush\/","url":"https:\/\/malinacosmetics.com\/product\/lador-scalp-massager-shampoo-brush\/","name":"LADOR Scalp Massager Shampoo Brush - Malina Beauty Store","isPartOf":{"@id":"https:\/\/malinacosmetics.com\/#website"},"datePublished":"2025-02-02T19:47:47+00:00","dateModified":"2025-09-27T10:12:46+00:00","breadcrumb":{"@id":"https:\/\/malinacosmetics.com\/product\/lador-scalp-massager-shampoo-brush\/#breadcrumb"},"inLanguage":"sr-RS","potentialAction":[{"@type":"ReadAction","target":["https:\/\/malinacosmetics.com\/product\/lador-scalp-massager-shampoo-brush\/"]}]},{"@type":"BreadcrumbList","@id":"https:\/\/malinacosmetics.com\/product\/lador-scalp-massager-shampoo-brush\/#breadcrumb","itemListElement":[{"@type":"ListItem","position":1,"name":"\u0413\u043b\u0430\u0432\u043d\u0430\u044f \u0441\u0442\u0440\u0430\u043d\u0438\u0446\u0430","item":"https:\/\/malinacosmetics.com\/"},{"@type":"ListItem","position":2,"name":"\u041a\u0430\u0442\u0430\u043b\u043e\u0433","item":"https:\/\/malinacosmetics.com\/sr\/shop\/"},{"@type":"ListItem","position":3,"name":"LADOR Scalp Massager Shampoo Brush"}]},{"@type":"WebSite","@id":"https:\/\/malinacosmetics.com\/#website","url":"https:\/\/malinacosmetics.com\/","name":"Malina Beauty Store","description":"Prodaja korejske kozmetike za Crnu Goru","publisher":{"@id":"https:\/\/malinacosmetics.com\/#organization"},"potentialAction":[{"@type":"SearchAction","target":{"@type":"EntryPoint","urlTemplate":"https:\/\/malinacosmetics.com\/?s={search_term_string}"},"query-input":"required name=search_term_string"}],"inLanguage":"sr-RS"},{"@type":"Organization","@id":"https:\/\/malinacosmetics.com\/#organization","name":"malinacosmetics","url":"https:\/\/malinacosmetics.com\/","logo":{"@type":"ImageObject","inLanguage":"sr-RS","@id":"https:\/\/malinacosmetics.com\/#\/schema\/logo\/image\/","url":"https:\/\/malinacosmetics.com\/wp-content\/uploads\/2021\/07\/logo.png","contentUrl":"https:\/\/malinacosmetics.com\/wp-content\/uploads\/2021\/07\/logo.png","width":500,"height":353,"caption":"malinacosmetics"},"image":{"@id":"https:\/\/malinacosmetics.com\/#\/schema\/logo\/image\/"},"sameAs":["https:\/\/www.facebook.com\/MalinaBeautyShopMe\/"]}]},"product_brand":"simple","product_price_amount":"10.00","product_price_currency":"EUR","og_availability":"instock","product_availability":"instock","product_condition":"new"},"jetpack_sharing_enabled":true,"_links":{"self":[{"href":"https:\/\/malinacosmetics.com\/sr\/wp-json\/wp\/v2\/product\/6711","targetHints":{"allow":["GET"]}}],"collection":[{"href":"https:\/\/malinacosmetics.com\/sr\/wp-json\/wp\/v2\/product"}],"about":[{"href":"https:\/\/malinacosmetics.com\/sr\/wp-json\/wp\/v2\/types\/product"}],"wp:featuredmedia":[{"embeddable":true,"href":"https:\/\/malinacosmetics.com\/sr\/wp-json\/wp\/v2\/media\/6703"}],"wp:attachment":[{"href":"https:\/\/malinacosmetics.com\/sr\/wp-json\/wp\/v2\/media?parent=6711"}],"wp:term":[{"taxonomy":"product_brand","embeddable":true,"href":"https:\/\/malinacosmetics.com\/sr\/wp-json\/wp\/v2\/product_brand?post=6711"},{"taxonomy":"product_cat","embeddable":true,"href":"https:\/\/malinacosmetics.com\/sr\/wp-json\/wp\/v2\/product_cat?post=6711"},{"taxonomy":"product_tag","embeddable":true,"href":"https:\/\/malinacosmetics.com\/sr\/wp-json\/wp\/v2\/product_tag?post=6711"}],"curies":[{"name":"wp","href":"https:\/\/api.w.org\/{rel}","templated":true}]}}