{"id":6705,"date":"2025-02-02T20:03:20","date_gmt":"2025-02-02T19:03:20","guid":{"rendered":"https:\/\/malinacosmetics.com\/?post_type=product&#038;p=6705"},"modified":"2025-03-09T17:53:51","modified_gmt":"2025-03-09T16:53:51","slug":"lador-perfumed-hair-treatment-hinoki","status":"publish","type":"product","link":"https:\/\/malinacosmetics.com\/sr\/\u043f\u0440\u043e\u0438\u0437\u0432\u043e\u0434\/lador-perfumed-hair-treatment-hinoki\/","title":{"rendered":"LADOR Perfumed Hair Treatment Hinoki"},"content":{"rendered":"<p class=\"translation-block\">Parfemisani tretman-maska za kosu Lador Perfumed Hair Treatment Hinoki zagla\u0111uje i omek\u0161ava kosu, obnavlja o\u0161te\u0107ene delove, olak\u0161ava ra\u0161\u010de\u0161ljavanje i pru\u017ea dugotrajan parfemski miris do 24 sata. \u0160titi kosu od o\u0161te\u0107enja izazvanih UV zra\u010denjem, toplotnim alatima, feniranjem i proizvodima za stilizovanje. Spre\u010dava lomljenje i isu\u0161ivanje, \u010dini kosu svilenkastom i jakom.<br>  \n\nGornje note \u2013 bergamot, citrusi, \u017ealfija, ljubi\u010dica<br>  \nSrednje note \u2013 drvo, tamjan, biber, cvetni akordi<br>  \nOsnovne note \u2013 ambra, tonka pasulj, ka\u0161mir, mo\u0161us<br>  \n\nGlavni aktivni sastojci:<br>  \n<i>Keratin<\/i> elimini\u0161e suvo\u0107u, omek\u0161ava kosu, stvara za\u0161titnu barijeru za vlagu, spre\u010dava lomljenje i pobolj\u0161ava kondiciju kose.<br>  \n<i>Elastin<\/i> \u2013 protein koji ja\u010da kosu, \u010dini je sna\u017enom i elasti\u010dnom.<br>  \n<i>Proteini ovsa<\/i> formiraju nevidljiv za\u0161titni sloj koji zadr\u017eava vlagu, elimini\u0161e suvo\u0107u, pru\u017ea sjaj i pove\u0107ava elasti\u010dnost i gustinu kose.<br>  \n<i>Ceramidi<\/i> obnavljaju o\u0161te\u0107ene delove, pove\u0107avaju otpornost i elasti\u010dnost kose.<br>  \n<i>Ulje soje i baobaba<\/i> pobolj\u0161ava elasti\u010dnost, vra\u0107a optimalni nivo hidratacije, ja\u010da strukturu kose i smanjuje elektricitet.<br>  \n\nPogodna za sve tipove kose.<br><\/p>\n<p><strong><br>Na\u010din upotrebe:<\/strong> Nakon pranja \u0161amponom, naneti masku na vla\u017enu kosu, ravnomerno rasporediti du\u017e cele du\u017eine, a zatim isprati nakon 5-10 minuta.<\/p>\n<hr \/>\n<div>\n<p><em><b><em>Sastojci:<\/em> <\/b>Water, Butylene Glycol, Glycerin, Dimethicone, Cetearyl Alcohol, Propylene Glycol, Behentrimonium Chloride, Dipropylene Glycol, Hydrogenated Polydecene, Ceramide NP, Ceramide NS, Ceramide AS, Ceramide EOP, Ceramide AP, Quaternium-33, Keratin, Elastin, Cholesterol, Gelatin, Sodium Hyaluronate, Polyquaternium-7, Caramel, Dextrin, Hydrogenated Lecithin, Tocopherol, Polyglyceryl-4 Caprate, Polyglyceryl-10 Laurate, Stearic Acid, Caprylyl Glycol, Caprylic\/Capric Triglyceride, Gardenia Florida Fruit Extract, Avena Sativa (Oat) Protein Extract, Glycine Soja (Soybean) Oil, Adansonia Digitata Seed Oil, Disodium EDTA, Phenoxyethanol, Sodium Benzoate, 1,2-Hexanediol, Fragrance, Limonene, Linalool<\/em><\/p>\n<p>&nbsp;<\/p>\n<p>&nbsp;<\/p>\n<\/div>","protected":false},"excerpt":{"rendered":"<p><span data-sheets-root=\"1\">Parfemisani tretman-maska za kosu. 380ml<\/span>. 380ml<\/p>","protected":false},"featured_media":6695,"template":"","meta":{"_acf_changed":false},"product_brand":[],"product_cat":[418,171,623,619,614,611,617,618,173],"product_tag":[591],"class_list":{"0":"post-6705","1":"product","2":"type-product","3":"status-publish","4":"has-post-thumbnail","6":"product_cat-lador","7":"product_cat-haircare","8":"product_cat-hair-restoration","9":"product_cat-hairshine","10":"product_cat-hairprotection","11":"product_cat-hairmoisture","12":"product_cat-alltypehairs","13":"product_cat-hair-repair","14":"product_cat-hairconditioner","15":"product_tag-lador-perfumed-hair","17":"first","18":"instock","19":"shipping-taxable","20":"purchasable","21":"product-type-simple"},"acf":[],"yoast_head":"<!-- This site is optimized with the Yoast SEO Premium plugin v19.6 (Yoast SEO v20.11) - https:\/\/yoast.com\/wordpress\/plugins\/seo\/ -->\n<title>LADOR Perfumed Hair Treatment Hinoki - Malina Beauty Store<\/title>\n<meta name=\"robots\" content=\"index, follow, max-snippet:-1, max-image-preview:large, max-video-preview:-1\" \/>\n<link rel=\"canonical\" href=\"https:\/\/malinacosmetics.com\/sr\/\u043f\u0440\u043e\u0438\u0437\u0432\u043e\u0434\/lador-perfumed-hair-treatment-hinoki\/\" \/>\n<meta property=\"og:locale\" content=\"sr_RS\" \/>\n<meta property=\"og:type\" content=\"article\" \/>\n<meta property=\"og:title\" content=\"LADOR Perfumed Hair Treatment Hinoki\" \/>\n<meta property=\"og:description\" content=\"\u041f\u0430\u0440\u0444\u044e\u043c\u0438\u0440\u043e\u0432\u0430\u043d\u043d\u0430\u044f \u043c\u0430\u0441\u043a\u0430 \u0434\u043b\u044f \u0432\u043e\u043b\u043e\u0441 \u0441 \u043f\u0440\u044f\u043d\u043e-\u0434\u0440\u0435\u0432\u0435\u0441\u043d\u044b\u043c \u0430\u0440\u043e\u043c\u0430\u0442\u043e\u043c. 380ml\" \/>\n<meta property=\"og:url\" content=\"https:\/\/malinacosmetics.com\/sr\/\u043f\u0440\u043e\u0438\u0437\u0432\u043e\u0434\/lador-perfumed-hair-treatment-hinoki\/\" \/>\n<meta property=\"og:site_name\" content=\"Malina Beauty Store\" \/>\n<meta property=\"article:publisher\" content=\"https:\/\/www.facebook.com\/MalinaBeautyShopMe\/\" \/>\n<meta property=\"article:modified_time\" content=\"2025-03-09T16:53:51+00:00\" \/>\n<meta property=\"og:image\" content=\"https:\/\/malinacosmetics.com\/wp-content\/uploads\/2025\/02\/Lador-Perfumed-Hair-Treatment-Hinoki1.jpg\" \/>\n\t<meta property=\"og:image:width\" content=\"1200\" \/>\n\t<meta property=\"og:image:height\" content=\"1200\" \/>\n\t<meta property=\"og:image:type\" content=\"image\/jpeg\" \/>\n<meta name=\"twitter:card\" content=\"summary_large_image\" \/>\n<script type=\"application\/ld+json\" class=\"yoast-schema-graph\">{\"@context\":\"https:\/\/schema.org\",\"@graph\":[{\"@type\":[\"WebPage\",\"ItemPage\"],\"@id\":\"https:\/\/malinacosmetics.com\/product\/lador-perfumed-hair-treatment-hinoki\/\",\"url\":\"https:\/\/malinacosmetics.com\/product\/lador-perfumed-hair-treatment-hinoki\/\",\"name\":\"LADOR Perfumed Hair Treatment Hinoki - Malina Beauty Store\",\"isPartOf\":{\"@id\":\"https:\/\/malinacosmetics.com\/#website\"},\"datePublished\":\"2025-02-02T19:03:20+00:00\",\"dateModified\":\"2025-03-09T16:53:51+00:00\",\"breadcrumb\":{\"@id\":\"https:\/\/malinacosmetics.com\/product\/lador-perfumed-hair-treatment-hinoki\/#breadcrumb\"},\"inLanguage\":\"sr-RS\",\"potentialAction\":[{\"@type\":\"ReadAction\",\"target\":[\"https:\/\/malinacosmetics.com\/product\/lador-perfumed-hair-treatment-hinoki\/\"]}]},{\"@type\":\"BreadcrumbList\",\"@id\":\"https:\/\/malinacosmetics.com\/product\/lador-perfumed-hair-treatment-hinoki\/#breadcrumb\",\"itemListElement\":[{\"@type\":\"ListItem\",\"position\":1,\"name\":\"\u0413\u043b\u0430\u0432\u043d\u0430\u044f \u0441\u0442\u0440\u0430\u043d\u0438\u0446\u0430\",\"item\":\"https:\/\/malinacosmetics.com\/\"},{\"@type\":\"ListItem\",\"position\":2,\"name\":\"\u041a\u0430\u0442\u0430\u043b\u043e\u0433\",\"item\":\"https:\/\/malinacosmetics.com\/sr\/shop\/\"},{\"@type\":\"ListItem\",\"position\":3,\"name\":\"LADOR Perfumed Hair Treatment Hinoki\"}]},{\"@type\":\"WebSite\",\"@id\":\"https:\/\/malinacosmetics.com\/#website\",\"url\":\"https:\/\/malinacosmetics.com\/\",\"name\":\"Malina Beauty Store\",\"description\":\"Prodaja korejske kozmetike za Crnu Goru\",\"publisher\":{\"@id\":\"https:\/\/malinacosmetics.com\/#organization\"},\"potentialAction\":[{\"@type\":\"SearchAction\",\"target\":{\"@type\":\"EntryPoint\",\"urlTemplate\":\"https:\/\/malinacosmetics.com\/?s={search_term_string}\"},\"query-input\":\"required name=search_term_string\"}],\"inLanguage\":\"sr-RS\"},{\"@type\":\"Organization\",\"@id\":\"https:\/\/malinacosmetics.com\/#organization\",\"name\":\"malinacosmetics\",\"url\":\"https:\/\/malinacosmetics.com\/\",\"logo\":{\"@type\":\"ImageObject\",\"inLanguage\":\"sr-RS\",\"@id\":\"https:\/\/malinacosmetics.com\/#\/schema\/logo\/image\/\",\"url\":\"https:\/\/malinacosmetics.com\/wp-content\/uploads\/2021\/07\/logo.png\",\"contentUrl\":\"https:\/\/malinacosmetics.com\/wp-content\/uploads\/2021\/07\/logo.png\",\"width\":500,\"height\":353,\"caption\":\"malinacosmetics\"},\"image\":{\"@id\":\"https:\/\/malinacosmetics.com\/#\/schema\/logo\/image\/\"},\"sameAs\":[\"https:\/\/www.facebook.com\/MalinaBeautyShopMe\/\"]}]}<\/script>\n<meta property=\"product:brand\" content=\"simple\" \/>\n<meta property=\"product:price:amount\" content=\"25.00\" \/>\n<meta property=\"product:price:currency\" content=\"EUR\" \/>\n<meta property=\"og:availability\" content=\"instock\" \/>\n<meta property=\"product:availability\" content=\"instock\" \/>\n<meta property=\"product:condition\" content=\"new\" \/>\n<!-- \/ Yoast SEO Premium plugin. -->","yoast_head_json":{"title":"LADOR Perfumed Hair Treatment Hinoki - Malina Beauty Store","robots":{"index":"index","follow":"follow","max-snippet":"max-snippet:-1","max-image-preview":"max-image-preview:large","max-video-preview":"max-video-preview:-1"},"canonical":"https:\/\/malinacosmetics.com\/sr\/\u043f\u0440\u043e\u0438\u0437\u0432\u043e\u0434\/lador-perfumed-hair-treatment-hinoki\/","og_locale":"sr_RS","og_type":"article","og_title":"LADOR Perfumed Hair Treatment Hinoki","og_description":"\u041f\u0430\u0440\u0444\u044e\u043c\u0438\u0440\u043e\u0432\u0430\u043d\u043d\u0430\u044f \u043c\u0430\u0441\u043a\u0430 \u0434\u043b\u044f \u0432\u043e\u043b\u043e\u0441 \u0441 \u043f\u0440\u044f\u043d\u043e-\u0434\u0440\u0435\u0432\u0435\u0441\u043d\u044b\u043c \u0430\u0440\u043e\u043c\u0430\u0442\u043e\u043c. 380ml","og_url":"https:\/\/malinacosmetics.com\/sr\/\u043f\u0440\u043e\u0438\u0437\u0432\u043e\u0434\/lador-perfumed-hair-treatment-hinoki\/","og_site_name":"Malina Beauty Store","article_publisher":"https:\/\/www.facebook.com\/MalinaBeautyShopMe\/","article_modified_time":"2025-03-09T16:53:51+00:00","og_image":[{"width":1200,"height":1200,"url":"https:\/\/malinacosmetics.com\/wp-content\/uploads\/2025\/02\/Lador-Perfumed-Hair-Treatment-Hinoki1.jpg","type":"image\/jpeg"}],"twitter_card":"summary_large_image","schema":{"@context":"https:\/\/schema.org","@graph":[{"@type":["WebPage","ItemPage"],"@id":"https:\/\/malinacosmetics.com\/product\/lador-perfumed-hair-treatment-hinoki\/","url":"https:\/\/malinacosmetics.com\/product\/lador-perfumed-hair-treatment-hinoki\/","name":"LADOR Perfumed Hair Treatment Hinoki - Malina Beauty Store","isPartOf":{"@id":"https:\/\/malinacosmetics.com\/#website"},"datePublished":"2025-02-02T19:03:20+00:00","dateModified":"2025-03-09T16:53:51+00:00","breadcrumb":{"@id":"https:\/\/malinacosmetics.com\/product\/lador-perfumed-hair-treatment-hinoki\/#breadcrumb"},"inLanguage":"sr-RS","potentialAction":[{"@type":"ReadAction","target":["https:\/\/malinacosmetics.com\/product\/lador-perfumed-hair-treatment-hinoki\/"]}]},{"@type":"BreadcrumbList","@id":"https:\/\/malinacosmetics.com\/product\/lador-perfumed-hair-treatment-hinoki\/#breadcrumb","itemListElement":[{"@type":"ListItem","position":1,"name":"\u0413\u043b\u0430\u0432\u043d\u0430\u044f \u0441\u0442\u0440\u0430\u043d\u0438\u0446\u0430","item":"https:\/\/malinacosmetics.com\/"},{"@type":"ListItem","position":2,"name":"\u041a\u0430\u0442\u0430\u043b\u043e\u0433","item":"https:\/\/malinacosmetics.com\/sr\/shop\/"},{"@type":"ListItem","position":3,"name":"LADOR Perfumed Hair Treatment Hinoki"}]},{"@type":"WebSite","@id":"https:\/\/malinacosmetics.com\/#website","url":"https:\/\/malinacosmetics.com\/","name":"Malina Beauty Store","description":"Prodaja korejske kozmetike za Crnu Goru","publisher":{"@id":"https:\/\/malinacosmetics.com\/#organization"},"potentialAction":[{"@type":"SearchAction","target":{"@type":"EntryPoint","urlTemplate":"https:\/\/malinacosmetics.com\/?s={search_term_string}"},"query-input":"required name=search_term_string"}],"inLanguage":"sr-RS"},{"@type":"Organization","@id":"https:\/\/malinacosmetics.com\/#organization","name":"malinacosmetics","url":"https:\/\/malinacosmetics.com\/","logo":{"@type":"ImageObject","inLanguage":"sr-RS","@id":"https:\/\/malinacosmetics.com\/#\/schema\/logo\/image\/","url":"https:\/\/malinacosmetics.com\/wp-content\/uploads\/2021\/07\/logo.png","contentUrl":"https:\/\/malinacosmetics.com\/wp-content\/uploads\/2021\/07\/logo.png","width":500,"height":353,"caption":"malinacosmetics"},"image":{"@id":"https:\/\/malinacosmetics.com\/#\/schema\/logo\/image\/"},"sameAs":["https:\/\/www.facebook.com\/MalinaBeautyShopMe\/"]}]},"product_brand":"simple","product_price_amount":"25.00","product_price_currency":"EUR","og_availability":"instock","product_availability":"instock","product_condition":"new"},"jetpack_sharing_enabled":true,"_links":{"self":[{"href":"https:\/\/malinacosmetics.com\/sr\/wp-json\/wp\/v2\/product\/6705","targetHints":{"allow":["GET"]}}],"collection":[{"href":"https:\/\/malinacosmetics.com\/sr\/wp-json\/wp\/v2\/product"}],"about":[{"href":"https:\/\/malinacosmetics.com\/sr\/wp-json\/wp\/v2\/types\/product"}],"wp:featuredmedia":[{"embeddable":true,"href":"https:\/\/malinacosmetics.com\/sr\/wp-json\/wp\/v2\/media\/6695"}],"wp:attachment":[{"href":"https:\/\/malinacosmetics.com\/sr\/wp-json\/wp\/v2\/media?parent=6705"}],"wp:term":[{"taxonomy":"product_brand","embeddable":true,"href":"https:\/\/malinacosmetics.com\/sr\/wp-json\/wp\/v2\/product_brand?post=6705"},{"taxonomy":"product_cat","embeddable":true,"href":"https:\/\/malinacosmetics.com\/sr\/wp-json\/wp\/v2\/product_cat?post=6705"},{"taxonomy":"product_tag","embeddable":true,"href":"https:\/\/malinacosmetics.com\/sr\/wp-json\/wp\/v2\/product_tag?post=6705"}],"curies":[{"name":"wp","href":"https:\/\/api.w.org\/{rel}","templated":true}]}}