{"id":6647,"date":"2024-12-17T17:13:15","date_gmt":"2024-12-17T16:13:15","guid":{"rendered":"https:\/\/malinacosmetics.com\/?post_type=product&#038;p=6645"},"modified":"2025-04-26T10:47:36","modified_gmt":"2025-04-26T08:47:36","slug":"medi-peel-vegan-vitamin-collagen-wrapping-mask2","status":"publish","type":"product","link":"https:\/\/malinacosmetics.com\/sr\/\u043f\u0440\u043e\u0438\u0437\u0432\u043e\u0434\/medi-peel-vegan-vitamin-collagen-wrapping-mask2\/","title":{"rendered":"Medi-Peel Vegan Vitamin Collagen Wrapping Mask"},"content":{"rendered":"<p class=\"translation-block\">Osvetljuju\u0107a vitaminska film maska sa kolagenom dizajnirana je da osvetli fleke i pigmentaciju, ujedna\u010di ton ko\u017ee, pru\u017ei joj sve\u017einu i sjaj, kao i da pobolj\u0161a njenu \u010dvrstocu i elasti\u010dnost. Maska efikasno hladi i umiruje ko\u017eu, posebno nakon izlaganja sun\u010devoj svetlosti, spre\u010davaju\u0107i toplotno starenje.\n<br>\nTrostruka hijaluronska kiselina obezbe\u0111uje duboku hidrataciju i poma\u017ee u zadr\u017eavanju vlage u ko\u017ei. \n<br>Sadr\u017ei jedinstveni kompleks VITA10 SOME, koji uklju\u010duje 10 vitamina koji se aktivno bore protiv stara\u010dkih pega, fleka i drugih o\u0161te\u0107enja ko\u017ee, daju\u0107i joj \u010disto\u0107u i sjaj, \u010dine\u0107i je svetlijom i negovanijom.<br>\nHidrolizovani kolagen i anti-sebum P aktivno pobolj\u0161avaju elasti\u010dnost ko\u017ee i poma\u017eu u zatezanju pora, \u010dine\u0107i je glatkom i \u010dvrstom. <br>AHA i PHA komponente ne\u017eno uklanjaju mrtve \u0107elije ko\u017ee, podsti\u010du\u0107i njeno obnavljanje i pobolj\u0161avaju\u0107i apsorpciju aktivnih sastojaka.<\/p>\n<p><strong><br>Na\u010din upotrebe:<\/strong> Nanesite masku na suvo, o\u010di\u0161c\u0301eno lice. Dr\u017eite 20-30 minuta, a zatim uklonite film sa lica ili isperite toplom vodom.<\/p>\n<p><em><br>Originalna Medi-Peel korejska kozmetika u Srbiji i Crnoj Gori. Visokokvalitetna kuc\u0301na nega lica i tela.<\/em><\/p>\n<hr \/>\n<p><strong><em>Sastojci:<\/em><\/strong><em>Sea Buckthorn Water (605,800 ppm), Jojoba Seed Oil, Polyvinyl Alcohol, Methylpropanediol, Butylene Glycol, 1,2-Hexanediol, Caprylic\/Capric Triglycerides, Niacinamide (20,000 ppm), Algin, Polyglyceryl-10 Oleate, Polysorbate 80, Pullulan, Sphingomonas Ferment Extract, Gardenia Extract, Lemon Extract, Plum Extract, Apple Extract, Papaya Fruit Extract, Grape Extract, Evening Primrose Flower Extract, Elm Root Extract, Pine Leaf Extract, Kudzu Root Extract, Hydrogenated Lecithin, Sodium Hyaluronate, Glyceryl Stearate, PEG-100 Stearate, Purified Water, Panthenol (7,500 ppm), Disteardimonium Hectorite, Sodium Polystyrene Sulfonate, Microcrystalline Cellulose, Tocopheryl Acetate (1,000 ppm), Ethylhexylglycerin, Methyl Diisopropyl Propionamide, Allantoin, Adenosine, Cellulose Gum, Sodium Phytate, Dextrin, Tocopherol (1 ppm), Glycerin, Citric Acid, Polyglyceryl-10 Stearate, Gluconolactone, Glutathione, Mandelic Acid, Silica, Ascorbic Acid (10 ppb), Kaolin, Papain, Ferulic Acid, Galactomyces Ferment Filtrate, Beta-Sitosterol, Glyceryl Glucoside, Sodium Ascorbyl Phosphate (5 ppb), Phytosterol, Collagen (0.45 ppb), Leuconostoc\/Radish Root Ferment Filtrate, Retinyl Palmitate (0.1 ppb), Biotin (0.1 ppb), Thiamine HCl (0.1 ppb), Folic Acid (0.1 ppb), Pyridoxine (0.1 ppb), Hydrolyzed Hyaluronic Acid, Cyanocobalamin (0.001 ppb), Sodium Acetylated Hyaluronate (0.001 ppb), Fragrance.<\/em><\/p>","protected":false},"excerpt":{"rendered":"<p>Osvetljuju\u0107a vitaminska film maska sa kolagenom. 70ml<\/p>","protected":false},"featured_media":6648,"template":"","meta":{"_acf_changed":false},"product_brand":[],"product_cat":[575,458,461,224,349,86,437,442,444,353,499,296],"product_tag":[],"class_list":{"0":"post-6647","1":"product","2":"type-product","3":"status-publish","4":"has-post-thumbnail","6":"product_cat-vyravnivanie-tona","7":"product_cat-pigmentation","8":"product_cat-pore","9":"product_cat-antiage","10":"product_cat-brightening","11":"product_cat-moisturizing","12":"product_cat-alltypesofskin","13":"product_cat-problematicskin","14":"product_cat-sensitiveskin","15":"product_cat-masks","16":"product_cat-filmmask","17":"product_cat-medi-peel","19":"first","20":"outofstock","21":"shipping-taxable","22":"purchasable","23":"product-type-simple"},"acf":[],"yoast_head":"<!-- This site is optimized with the Yoast SEO Premium plugin v19.6 (Yoast SEO v20.11) - https:\/\/yoast.com\/wordpress\/plugins\/seo\/ -->\n<title>Medi-Peel Vegan Vitamin Collagen Wrapping Mask - Malina Beauty Store<\/title>\n<meta name=\"robots\" content=\"index, follow, max-snippet:-1, max-image-preview:large, max-video-preview:-1\" \/>\n<link rel=\"canonical\" href=\"https:\/\/malinacosmetics.com\/sr\/\u043f\u0440\u043e\u0438\u0437\u0432\u043e\u0434\/medi-peel-vegan-vitamin-collagen-wrapping-mask2\/\" \/>\n<meta property=\"og:locale\" content=\"sr_RS\" \/>\n<meta property=\"og:type\" content=\"article\" \/>\n<meta property=\"og:title\" content=\"Medi-Peel Vegan Vitamin Collagen Wrapping Mask\" \/>\n<meta property=\"og:description\" content=\"\u041e\u0441\u0432\u0435\u0442\u043b\u044f\u044e\u0449\u0430\u044f \u0432\u0438\u0442\u0430\u043c\u0438\u043d\u043d\u043e-\u043a\u043e\u043b\u043b\u0430\u0433\u0435\u043d\u043e\u0432\u0430\u044f \u043c\u0430\u0441\u043a\u0430-\u043f\u043b\u0451\u043d\u043a\u0430. 70ml\" \/>\n<meta property=\"og:url\" content=\"https:\/\/malinacosmetics.com\/sr\/\u043f\u0440\u043e\u0438\u0437\u0432\u043e\u0434\/medi-peel-vegan-vitamin-collagen-wrapping-mask2\/\" \/>\n<meta property=\"og:site_name\" content=\"Malina Beauty Store\" \/>\n<meta property=\"article:publisher\" content=\"https:\/\/www.facebook.com\/MalinaBeautyShopMe\/\" \/>\n<meta property=\"article:modified_time\" content=\"2025-04-26T08:47:36+00:00\" \/>\n<meta property=\"og:image\" content=\"https:\/\/malinacosmetics.com\/wp-content\/uploads\/2024\/12\/Medi-Peel-Vegan-Vitamin-Collagen-Wrapping-Mask.jpg\" \/>\n\t<meta property=\"og:image:width\" content=\"1200\" \/>\n\t<meta property=\"og:image:height\" content=\"1200\" \/>\n\t<meta property=\"og:image:type\" content=\"image\/jpeg\" \/>\n<meta name=\"twitter:card\" content=\"summary_large_image\" \/>\n<script type=\"application\/ld+json\" class=\"yoast-schema-graph\">{\"@context\":\"https:\/\/schema.org\",\"@graph\":[{\"@type\":[\"WebPage\",\"ItemPage\"],\"@id\":\"https:\/\/malinacosmetics.com\/product\/medi-peel-vegan-vitamin-collagen-wrapping-mask2\/\",\"url\":\"https:\/\/malinacosmetics.com\/product\/medi-peel-vegan-vitamin-collagen-wrapping-mask2\/\",\"name\":\"Medi-Peel Vegan Vitamin Collagen Wrapping Mask - Malina Beauty Store\",\"isPartOf\":{\"@id\":\"https:\/\/malinacosmetics.com\/#website\"},\"datePublished\":\"2024-12-17T16:13:15+00:00\",\"dateModified\":\"2025-04-26T08:47:36+00:00\",\"breadcrumb\":{\"@id\":\"https:\/\/malinacosmetics.com\/product\/medi-peel-vegan-vitamin-collagen-wrapping-mask2\/#breadcrumb\"},\"inLanguage\":\"sr-RS\",\"potentialAction\":[{\"@type\":\"ReadAction\",\"target\":[\"https:\/\/malinacosmetics.com\/product\/medi-peel-vegan-vitamin-collagen-wrapping-mask2\/\"]}]},{\"@type\":\"BreadcrumbList\",\"@id\":\"https:\/\/malinacosmetics.com\/product\/medi-peel-vegan-vitamin-collagen-wrapping-mask2\/#breadcrumb\",\"itemListElement\":[{\"@type\":\"ListItem\",\"position\":1,\"name\":\"\u0413\u043b\u0430\u0432\u043d\u0430\u044f \u0441\u0442\u0440\u0430\u043d\u0438\u0446\u0430\",\"item\":\"https:\/\/malinacosmetics.com\/\"},{\"@type\":\"ListItem\",\"position\":2,\"name\":\"\u041a\u0430\u0442\u0430\u043b\u043e\u0433\",\"item\":\"https:\/\/malinacosmetics.com\/sr\/shop\/\"},{\"@type\":\"ListItem\",\"position\":3,\"name\":\"Medi-Peel Vegan Vitamin Collagen Wrapping Mask\"}]},{\"@type\":\"WebSite\",\"@id\":\"https:\/\/malinacosmetics.com\/#website\",\"url\":\"https:\/\/malinacosmetics.com\/\",\"name\":\"Malina Beauty Store\",\"description\":\"Prodaja korejske kozmetike za Crnu Goru\",\"publisher\":{\"@id\":\"https:\/\/malinacosmetics.com\/#organization\"},\"potentialAction\":[{\"@type\":\"SearchAction\",\"target\":{\"@type\":\"EntryPoint\",\"urlTemplate\":\"https:\/\/malinacosmetics.com\/?s={search_term_string}\"},\"query-input\":\"required name=search_term_string\"}],\"inLanguage\":\"sr-RS\"},{\"@type\":\"Organization\",\"@id\":\"https:\/\/malinacosmetics.com\/#organization\",\"name\":\"malinacosmetics\",\"url\":\"https:\/\/malinacosmetics.com\/\",\"logo\":{\"@type\":\"ImageObject\",\"inLanguage\":\"sr-RS\",\"@id\":\"https:\/\/malinacosmetics.com\/#\/schema\/logo\/image\/\",\"url\":\"https:\/\/malinacosmetics.com\/wp-content\/uploads\/2021\/07\/logo.png\",\"contentUrl\":\"https:\/\/malinacosmetics.com\/wp-content\/uploads\/2021\/07\/logo.png\",\"width\":500,\"height\":353,\"caption\":\"malinacosmetics\"},\"image\":{\"@id\":\"https:\/\/malinacosmetics.com\/#\/schema\/logo\/image\/\"},\"sameAs\":[\"https:\/\/www.facebook.com\/MalinaBeautyShopMe\/\"]}]}<\/script>\n<meta property=\"product:brand\" content=\"simple\" \/>\n<meta property=\"product:price:amount\" content=\"40.00\" \/>\n<meta property=\"product:price:currency\" content=\"EUR\" \/>\n<meta property=\"og:availability\" content=\"out of stock\" \/>\n<meta property=\"product:availability\" content=\"out of stock\" \/>\n<meta property=\"product:condition\" content=\"new\" \/>\n<!-- \/ Yoast SEO Premium plugin. -->","yoast_head_json":{"title":"Medi-Peel Vegan Vitamin Collagen Wrapping Mask - Malina Beauty Store","robots":{"index":"index","follow":"follow","max-snippet":"max-snippet:-1","max-image-preview":"max-image-preview:large","max-video-preview":"max-video-preview:-1"},"canonical":"https:\/\/malinacosmetics.com\/sr\/\u043f\u0440\u043e\u0438\u0437\u0432\u043e\u0434\/medi-peel-vegan-vitamin-collagen-wrapping-mask2\/","og_locale":"sr_RS","og_type":"article","og_title":"Medi-Peel Vegan Vitamin Collagen Wrapping Mask","og_description":"\u041e\u0441\u0432\u0435\u0442\u043b\u044f\u044e\u0449\u0430\u044f \u0432\u0438\u0442\u0430\u043c\u0438\u043d\u043d\u043e-\u043a\u043e\u043b\u043b\u0430\u0433\u0435\u043d\u043e\u0432\u0430\u044f \u043c\u0430\u0441\u043a\u0430-\u043f\u043b\u0451\u043d\u043a\u0430. 70ml","og_url":"https:\/\/malinacosmetics.com\/sr\/\u043f\u0440\u043e\u0438\u0437\u0432\u043e\u0434\/medi-peel-vegan-vitamin-collagen-wrapping-mask2\/","og_site_name":"Malina Beauty Store","article_publisher":"https:\/\/www.facebook.com\/MalinaBeautyShopMe\/","article_modified_time":"2025-04-26T08:47:36+00:00","og_image":[{"width":1200,"height":1200,"url":"https:\/\/malinacosmetics.com\/wp-content\/uploads\/2024\/12\/Medi-Peel-Vegan-Vitamin-Collagen-Wrapping-Mask.jpg","type":"image\/jpeg"}],"twitter_card":"summary_large_image","schema":{"@context":"https:\/\/schema.org","@graph":[{"@type":["WebPage","ItemPage"],"@id":"https:\/\/malinacosmetics.com\/product\/medi-peel-vegan-vitamin-collagen-wrapping-mask2\/","url":"https:\/\/malinacosmetics.com\/product\/medi-peel-vegan-vitamin-collagen-wrapping-mask2\/","name":"Medi-Peel Vegan Vitamin Collagen Wrapping Mask - Malina Beauty Store","isPartOf":{"@id":"https:\/\/malinacosmetics.com\/#website"},"datePublished":"2024-12-17T16:13:15+00:00","dateModified":"2025-04-26T08:47:36+00:00","breadcrumb":{"@id":"https:\/\/malinacosmetics.com\/product\/medi-peel-vegan-vitamin-collagen-wrapping-mask2\/#breadcrumb"},"inLanguage":"sr-RS","potentialAction":[{"@type":"ReadAction","target":["https:\/\/malinacosmetics.com\/product\/medi-peel-vegan-vitamin-collagen-wrapping-mask2\/"]}]},{"@type":"BreadcrumbList","@id":"https:\/\/malinacosmetics.com\/product\/medi-peel-vegan-vitamin-collagen-wrapping-mask2\/#breadcrumb","itemListElement":[{"@type":"ListItem","position":1,"name":"\u0413\u043b\u0430\u0432\u043d\u0430\u044f \u0441\u0442\u0440\u0430\u043d\u0438\u0446\u0430","item":"https:\/\/malinacosmetics.com\/"},{"@type":"ListItem","position":2,"name":"\u041a\u0430\u0442\u0430\u043b\u043e\u0433","item":"https:\/\/malinacosmetics.com\/sr\/shop\/"},{"@type":"ListItem","position":3,"name":"Medi-Peel Vegan Vitamin Collagen Wrapping Mask"}]},{"@type":"WebSite","@id":"https:\/\/malinacosmetics.com\/#website","url":"https:\/\/malinacosmetics.com\/","name":"Malina Beauty Store","description":"Prodaja korejske kozmetike za Crnu Goru","publisher":{"@id":"https:\/\/malinacosmetics.com\/#organization"},"potentialAction":[{"@type":"SearchAction","target":{"@type":"EntryPoint","urlTemplate":"https:\/\/malinacosmetics.com\/?s={search_term_string}"},"query-input":"required name=search_term_string"}],"inLanguage":"sr-RS"},{"@type":"Organization","@id":"https:\/\/malinacosmetics.com\/#organization","name":"malinacosmetics","url":"https:\/\/malinacosmetics.com\/","logo":{"@type":"ImageObject","inLanguage":"sr-RS","@id":"https:\/\/malinacosmetics.com\/#\/schema\/logo\/image\/","url":"https:\/\/malinacosmetics.com\/wp-content\/uploads\/2021\/07\/logo.png","contentUrl":"https:\/\/malinacosmetics.com\/wp-content\/uploads\/2021\/07\/logo.png","width":500,"height":353,"caption":"malinacosmetics"},"image":{"@id":"https:\/\/malinacosmetics.com\/#\/schema\/logo\/image\/"},"sameAs":["https:\/\/www.facebook.com\/MalinaBeautyShopMe\/"]}]},"product_brand":"simple","product_price_amount":"40.00","product_price_currency":"EUR","og_availability":"out of stock","product_availability":"out of stock","product_condition":"new"},"jetpack_sharing_enabled":true,"_links":{"self":[{"href":"https:\/\/malinacosmetics.com\/sr\/wp-json\/wp\/v2\/product\/6647","targetHints":{"allow":["GET"]}}],"collection":[{"href":"https:\/\/malinacosmetics.com\/sr\/wp-json\/wp\/v2\/product"}],"about":[{"href":"https:\/\/malinacosmetics.com\/sr\/wp-json\/wp\/v2\/types\/product"}],"wp:featuredmedia":[{"embeddable":true,"href":"https:\/\/malinacosmetics.com\/sr\/wp-json\/wp\/v2\/media\/6648"}],"wp:attachment":[{"href":"https:\/\/malinacosmetics.com\/sr\/wp-json\/wp\/v2\/media?parent=6647"}],"wp:term":[{"taxonomy":"product_brand","embeddable":true,"href":"https:\/\/malinacosmetics.com\/sr\/wp-json\/wp\/v2\/product_brand?post=6647"},{"taxonomy":"product_cat","embeddable":true,"href":"https:\/\/malinacosmetics.com\/sr\/wp-json\/wp\/v2\/product_cat?post=6647"},{"taxonomy":"product_tag","embeddable":true,"href":"https:\/\/malinacosmetics.com\/sr\/wp-json\/wp\/v2\/product_tag?post=6647"}],"curies":[{"name":"wp","href":"https:\/\/api.w.org\/{rel}","templated":true}]}}