{"id":6645,"date":"2024-12-17T17:19:41","date_gmt":"2024-12-17T16:19:41","guid":{"rendered":"https:\/\/malinacosmetics.com\/?post_type=product&#038;p=6645"},"modified":"2025-04-26T10:47:00","modified_gmt":"2025-04-26T08:47:00","slug":"medi-peel-extra-super-9-plus-glow-lifting-wrapping-mask2","status":"publish","type":"product","link":"https:\/\/malinacosmetics.com\/sr\/\u043f\u0440\u043e\u0438\u0437\u0432\u043e\u0434\/medi-peel-extra-super-9-plus-glow-lifting-wrapping-mask2\/","title":{"rendered":"Medi-Peel Extra Super 9 Plus Glow Lifting Wrapping Mask"},"content":{"rendered":"<p class=\"translation-block\">Film maska sa efektom liftinga je specijalno dizajnirana za negu problema za\u010depljenih pora, vi\u0161ka sebuma, mrtvih \u0107elija, gubitka elasti\u010dnosti, tena bez sjaja i znakova umora. Ova maska efikasno pobolj\u0161ava stanje pora i spre\u010dava njihovo ponovno za\u010depljenje, poma\u017eu\u0107i u regulisanju proizvodnje sebuma. \nZasnovana na jedinstvenoj formuli sa AHA i PHA kiselinama, maska pru\u017ea dubinsko \u010di\u0161\u0107enje i intenzivnu hidrataciju, vra\u0107aju\u0107i ko\u017ei elasti\u010dnost i sjaj. Kompleks aktivnih sastojaka efikasno pobolj\u0161ava elasti\u010dnost ko\u017ee, smanjuju\u0107i opu\u0161tanje i vra\u0107aju\u0107i joj mladost.\n<br>Maska je pogodna za sve tipove ko\u017ee, posebno se preporu\u010duje za masnu i kombinovanu ko\u017eu.<br>\nGlavni aktivni sastojci:<br>\nAHA i PHA kiseline pru\u017eaju ne\u017ean piling za pobolj\u0161anje teksture ko\u017ee, ujedna\u010davanje tonusa i smanjenje pojave stara\u010dkih pega i finih bora, dok salicilna kiselina prodire u pore kako bi uklonila masno\u0107u i mrtve \u0107elije, \u010dine\u0107i je efikasnom u borbi protiv akni i mitesera, a tako\u0111e kontroli\u0161e vi\u0161ak sebuma.<br>\nNiacinamid i biljni ekstrakti (zeleni \u010daj, Centella Asiatica) ujedna\u010davaju ton ko\u017ee, smanjuju fleke i smiruju upale, daju\u0107i ko\u017ei sve\u017einu i blistavost.<br>\nHijaluronska kiselina i pantenol pru\u017eaju duboku hidratantnu i obnavljaju\u0107u terapiju, zadr\u017eavaju\u0107i vlagu u ko\u017ei, pobolj\u0161avaju\u0107i njenu elasti\u010dnost i podsti\u010du\u0107i zarastanje.<br>\nPeptidi i adenozin stimuli\u0161u proizvodnju kolagena, pobolj\u0161avaju teksturu ko\u017ee i smanjuju pojavu bora, odr\u017eavaju\u0107i mladost ko\u017ee.<\/p>\n<p><strong><br>Na\u010din upotrebe:<\/strong> Ravnomerno nanesite tanak sloj maske na \u010distu i suvu ko\u017eu lica, izbegavaju\u0107i podru\u010dje oko o\u010diju i usana. Ostavite da deluje 20\u201330 minuta, dok se maska ne osu\u0161i i ne stvori efekat \u201eomota\u010da\u201c. Pa\u017eljivo skinite masku po\u010dev\u0161i od ivica, a ostatke isperite toplom vodom. Za najbolje rezultate koristite 1\u20132 puta nedeljno.<\/p>\n<p><em><br>Originalna Medi-Peel korejska kozmetika u Srbiji i Crnoj Gori. Visokokvalitetna kuc\u0301na nega lica i tela.<\/em><\/p>\n<hr \/>\n<p><strong><em>Sastojci:<\/em> <\/strong><em>Purified Water, Jojoba Seed Oil, Polyvinyl Alcohol, Methylpropanediol, Butylene Glycol, Caprylic\/Capric Triglyceride, 1,2-Hexanediol, Niacinamide, Algin, Polyglyceryl-10 Oleate, Polysorbate 80, Pullulan, Sphingomonas Ferment Extract, Gardenia Extract, Terminalia Chebula Fruit Extract, Centella Asiatica Extract, Magnolia Bark Extract, Green Tea Extract, Polygonum Cuspidatum Root Extract, Scutellaria Baicalensis Root Extract, White Willow Bark Extract, Purslane Extract, Licorice Root Extract, Houttuynia Cordata Extract, Kakadu Plum Extract, Papaya Fruit Extract, Citrus Grandis (Grapefruit) Extract, Rosemary Leaf Extract, Matricaria Flower Extract, Propolis Extract, Thuja Orientalis Branch Extract, Matricaria Flower\/Leaf Extract, Camu Camu Fruit Extract, Sodium Hyaluronate, Glyceryl Stearate, PEG-100 Stearate, Panthenol, Disteardimonium Hectorite, Sodium Polystyrene Sulfonate, Microcrystalline Cellulose, Tocopheryl Acetate, Ethylhexylglycerin, Allantoin, Methyl Diisopropyl Propionamide, Adenosine, Dextrin, Cellulose Gum, Sodium Phytate, Tocopherol, Citric Acid, Glycerin, Gluconolactone, Betaine, Butyl Avocadate, Lactic Acid, Kaolin, Propanediol, Hydrated Silica, Caprylyl Glycol, Nonapeptide-1, Acetyl Hexapeptide-8, Copper Tripeptide-1, Tripeptide-1, Palmitoyl Tetrapeptide-7, Palmitoyl Tripeptide-1, Palmitoyl Pentapeptide-4, Hexapeptide-9, Salicylic Acid, Fragrance.<\/em><\/p>","protected":false},"excerpt":{"rendered":"<p>Film maska sa lifting efektom za \u010di\u0161\u0107enje pora i obnavljanje elasti\u010dnosti ko\u017ee. 70 ml<\/p>","protected":false},"featured_media":6646,"template":"","meta":{"_acf_changed":false},"product_brand":[],"product_cat":[575,400,461,224,86,437,442,444,353,499,296],"product_tag":[530],"class_list":{"0":"post-6645","1":"product","2":"type-product","3":"status-publish","4":"has-post-thumbnail","6":"product_cat-vyravnivanie-tona","7":"product_cat-lifting","8":"product_cat-pore","9":"product_cat-antiage","10":"product_cat-moisturizing","11":"product_cat-alltypesofskin","12":"product_cat-problematicskin","13":"product_cat-sensitiveskin","14":"product_cat-masks","15":"product_cat-filmmask","16":"product_cat-medi-peel","17":"product_tag-extra-super-9","19":"first","20":"outofstock","21":"shipping-taxable","22":"purchasable","23":"product-type-simple"},"acf":[],"yoast_head":"<!-- This site is optimized with the Yoast SEO Premium plugin v19.6 (Yoast SEO v20.11) - https:\/\/yoast.com\/wordpress\/plugins\/seo\/ -->\n<title>Medi-Peel Extra Super 9 Plus Glow Lifting Wrapping Mask - Malina Beauty Store<\/title>\n<meta name=\"robots\" content=\"index, follow, max-snippet:-1, max-image-preview:large, max-video-preview:-1\" \/>\n<link rel=\"canonical\" href=\"https:\/\/malinacosmetics.com\/sr\/\u043f\u0440\u043e\u0438\u0437\u0432\u043e\u0434\/medi-peel-extra-super-9-plus-glow-lifting-wrapping-mask2\/\" \/>\n<meta property=\"og:locale\" content=\"sr_RS\" \/>\n<meta property=\"og:type\" content=\"article\" \/>\n<meta property=\"og:title\" content=\"Medi-Peel Extra Super 9 Plus Glow Lifting Wrapping Mask\" \/>\n<meta property=\"og:description\" content=\"\u041c\u0430\u0441\u043a\u0430-\u043f\u043b\u0451\u043d\u043a\u0430 \u0441 \u043b\u0438\u0444\u0442\u0438\u043d\u0433-\u044d\u0444\u0444\u0435\u043a\u0442\u043e\u043c \u0434\u043b\u044f \u043e\u0447\u0438\u0449\u0435\u043d\u0438\u044f \u043f\u043e\u0440 \u0438 \u0432\u043e\u0441\u0441\u0442\u0430\u043d\u043e\u0432\u043b\u0435\u043d\u0438\u044f \u0443\u043f\u0440\u0443\u0433\u043e\u0441\u0442\u0438 \u043a\u043e\u0436\u0438. 70ml\" \/>\n<meta property=\"og:url\" content=\"https:\/\/malinacosmetics.com\/sr\/\u043f\u0440\u043e\u0438\u0437\u0432\u043e\u0434\/medi-peel-extra-super-9-plus-glow-lifting-wrapping-mask2\/\" \/>\n<meta property=\"og:site_name\" content=\"Malina Beauty Store\" \/>\n<meta property=\"article:publisher\" content=\"https:\/\/www.facebook.com\/MalinaBeautyShopMe\/\" \/>\n<meta property=\"article:modified_time\" content=\"2025-04-26T08:47:00+00:00\" \/>\n<meta property=\"og:image\" content=\"https:\/\/malinacosmetics.com\/wp-content\/uploads\/2024\/12\/Medi-Peel-Extra-Super-9-Plus-Glow-Lifting-Wrapping-Mask.jpg\" \/>\n\t<meta property=\"og:image:width\" content=\"1200\" \/>\n\t<meta property=\"og:image:height\" content=\"1200\" \/>\n\t<meta property=\"og:image:type\" content=\"image\/jpeg\" \/>\n<meta name=\"twitter:card\" content=\"summary_large_image\" \/>\n<script type=\"application\/ld+json\" class=\"yoast-schema-graph\">{\"@context\":\"https:\/\/schema.org\",\"@graph\":[{\"@type\":[\"WebPage\",\"ItemPage\"],\"@id\":\"https:\/\/malinacosmetics.com\/product\/medi-peel-extra-super-9-plus-glow-lifting-wrapping-mask2\/\",\"url\":\"https:\/\/malinacosmetics.com\/product\/medi-peel-extra-super-9-plus-glow-lifting-wrapping-mask2\/\",\"name\":\"Medi-Peel Extra Super 9 Plus Glow Lifting Wrapping Mask - Malina Beauty Store\",\"isPartOf\":{\"@id\":\"https:\/\/malinacosmetics.com\/#website\"},\"datePublished\":\"2024-12-17T16:19:41+00:00\",\"dateModified\":\"2025-04-26T08:47:00+00:00\",\"breadcrumb\":{\"@id\":\"https:\/\/malinacosmetics.com\/product\/medi-peel-extra-super-9-plus-glow-lifting-wrapping-mask2\/#breadcrumb\"},\"inLanguage\":\"sr-RS\",\"potentialAction\":[{\"@type\":\"ReadAction\",\"target\":[\"https:\/\/malinacosmetics.com\/product\/medi-peel-extra-super-9-plus-glow-lifting-wrapping-mask2\/\"]}]},{\"@type\":\"BreadcrumbList\",\"@id\":\"https:\/\/malinacosmetics.com\/product\/medi-peel-extra-super-9-plus-glow-lifting-wrapping-mask2\/#breadcrumb\",\"itemListElement\":[{\"@type\":\"ListItem\",\"position\":1,\"name\":\"\u0413\u043b\u0430\u0432\u043d\u0430\u044f \u0441\u0442\u0440\u0430\u043d\u0438\u0446\u0430\",\"item\":\"https:\/\/malinacosmetics.com\/\"},{\"@type\":\"ListItem\",\"position\":2,\"name\":\"\u041a\u0430\u0442\u0430\u043b\u043e\u0433\",\"item\":\"https:\/\/malinacosmetics.com\/sr\/shop\/\"},{\"@type\":\"ListItem\",\"position\":3,\"name\":\"Medi-Peel Extra Super 9 Plus Glow Lifting Wrapping Mask\"}]},{\"@type\":\"WebSite\",\"@id\":\"https:\/\/malinacosmetics.com\/#website\",\"url\":\"https:\/\/malinacosmetics.com\/\",\"name\":\"Malina Beauty Store\",\"description\":\"Prodaja korejske kozmetike za Crnu Goru\",\"publisher\":{\"@id\":\"https:\/\/malinacosmetics.com\/#organization\"},\"potentialAction\":[{\"@type\":\"SearchAction\",\"target\":{\"@type\":\"EntryPoint\",\"urlTemplate\":\"https:\/\/malinacosmetics.com\/?s={search_term_string}\"},\"query-input\":\"required name=search_term_string\"}],\"inLanguage\":\"sr-RS\"},{\"@type\":\"Organization\",\"@id\":\"https:\/\/malinacosmetics.com\/#organization\",\"name\":\"malinacosmetics\",\"url\":\"https:\/\/malinacosmetics.com\/\",\"logo\":{\"@type\":\"ImageObject\",\"inLanguage\":\"sr-RS\",\"@id\":\"https:\/\/malinacosmetics.com\/#\/schema\/logo\/image\/\",\"url\":\"https:\/\/malinacosmetics.com\/wp-content\/uploads\/2021\/07\/logo.png\",\"contentUrl\":\"https:\/\/malinacosmetics.com\/wp-content\/uploads\/2021\/07\/logo.png\",\"width\":500,\"height\":353,\"caption\":\"malinacosmetics\"},\"image\":{\"@id\":\"https:\/\/malinacosmetics.com\/#\/schema\/logo\/image\/\"},\"sameAs\":[\"https:\/\/www.facebook.com\/MalinaBeautyShopMe\/\"]}]}<\/script>\n<meta property=\"product:brand\" content=\"simple\" \/>\n<meta property=\"product:price:amount\" content=\"40.00\" \/>\n<meta property=\"product:price:currency\" content=\"EUR\" \/>\n<meta property=\"og:availability\" content=\"out of stock\" \/>\n<meta property=\"product:availability\" content=\"out of stock\" \/>\n<meta property=\"product:condition\" content=\"new\" \/>\n<!-- \/ Yoast SEO Premium plugin. -->","yoast_head_json":{"title":"Medi-Peel Extra Super 9 Plus Glow Lifting Wrapping Mask - Malina Beauty Store","robots":{"index":"index","follow":"follow","max-snippet":"max-snippet:-1","max-image-preview":"max-image-preview:large","max-video-preview":"max-video-preview:-1"},"canonical":"https:\/\/malinacosmetics.com\/sr\/\u043f\u0440\u043e\u0438\u0437\u0432\u043e\u0434\/medi-peel-extra-super-9-plus-glow-lifting-wrapping-mask2\/","og_locale":"sr_RS","og_type":"article","og_title":"Medi-Peel Extra Super 9 Plus Glow Lifting Wrapping Mask","og_description":"\u041c\u0430\u0441\u043a\u0430-\u043f\u043b\u0451\u043d\u043a\u0430 \u0441 \u043b\u0438\u0444\u0442\u0438\u043d\u0433-\u044d\u0444\u0444\u0435\u043a\u0442\u043e\u043c \u0434\u043b\u044f \u043e\u0447\u0438\u0449\u0435\u043d\u0438\u044f \u043f\u043e\u0440 \u0438 \u0432\u043e\u0441\u0441\u0442\u0430\u043d\u043e\u0432\u043b\u0435\u043d\u0438\u044f \u0443\u043f\u0440\u0443\u0433\u043e\u0441\u0442\u0438 \u043a\u043e\u0436\u0438. 70ml","og_url":"https:\/\/malinacosmetics.com\/sr\/\u043f\u0440\u043e\u0438\u0437\u0432\u043e\u0434\/medi-peel-extra-super-9-plus-glow-lifting-wrapping-mask2\/","og_site_name":"Malina Beauty Store","article_publisher":"https:\/\/www.facebook.com\/MalinaBeautyShopMe\/","article_modified_time":"2025-04-26T08:47:00+00:00","og_image":[{"width":1200,"height":1200,"url":"https:\/\/malinacosmetics.com\/wp-content\/uploads\/2024\/12\/Medi-Peel-Extra-Super-9-Plus-Glow-Lifting-Wrapping-Mask.jpg","type":"image\/jpeg"}],"twitter_card":"summary_large_image","schema":{"@context":"https:\/\/schema.org","@graph":[{"@type":["WebPage","ItemPage"],"@id":"https:\/\/malinacosmetics.com\/product\/medi-peel-extra-super-9-plus-glow-lifting-wrapping-mask2\/","url":"https:\/\/malinacosmetics.com\/product\/medi-peel-extra-super-9-plus-glow-lifting-wrapping-mask2\/","name":"Medi-Peel Extra Super 9 Plus Glow Lifting Wrapping Mask - Malina Beauty Store","isPartOf":{"@id":"https:\/\/malinacosmetics.com\/#website"},"datePublished":"2024-12-17T16:19:41+00:00","dateModified":"2025-04-26T08:47:00+00:00","breadcrumb":{"@id":"https:\/\/malinacosmetics.com\/product\/medi-peel-extra-super-9-plus-glow-lifting-wrapping-mask2\/#breadcrumb"},"inLanguage":"sr-RS","potentialAction":[{"@type":"ReadAction","target":["https:\/\/malinacosmetics.com\/product\/medi-peel-extra-super-9-plus-glow-lifting-wrapping-mask2\/"]}]},{"@type":"BreadcrumbList","@id":"https:\/\/malinacosmetics.com\/product\/medi-peel-extra-super-9-plus-glow-lifting-wrapping-mask2\/#breadcrumb","itemListElement":[{"@type":"ListItem","position":1,"name":"\u0413\u043b\u0430\u0432\u043d\u0430\u044f \u0441\u0442\u0440\u0430\u043d\u0438\u0446\u0430","item":"https:\/\/malinacosmetics.com\/"},{"@type":"ListItem","position":2,"name":"\u041a\u0430\u0442\u0430\u043b\u043e\u0433","item":"https:\/\/malinacosmetics.com\/sr\/shop\/"},{"@type":"ListItem","position":3,"name":"Medi-Peel Extra Super 9 Plus Glow Lifting Wrapping Mask"}]},{"@type":"WebSite","@id":"https:\/\/malinacosmetics.com\/#website","url":"https:\/\/malinacosmetics.com\/","name":"Malina Beauty Store","description":"Prodaja korejske kozmetike za Crnu Goru","publisher":{"@id":"https:\/\/malinacosmetics.com\/#organization"},"potentialAction":[{"@type":"SearchAction","target":{"@type":"EntryPoint","urlTemplate":"https:\/\/malinacosmetics.com\/?s={search_term_string}"},"query-input":"required name=search_term_string"}],"inLanguage":"sr-RS"},{"@type":"Organization","@id":"https:\/\/malinacosmetics.com\/#organization","name":"malinacosmetics","url":"https:\/\/malinacosmetics.com\/","logo":{"@type":"ImageObject","inLanguage":"sr-RS","@id":"https:\/\/malinacosmetics.com\/#\/schema\/logo\/image\/","url":"https:\/\/malinacosmetics.com\/wp-content\/uploads\/2021\/07\/logo.png","contentUrl":"https:\/\/malinacosmetics.com\/wp-content\/uploads\/2021\/07\/logo.png","width":500,"height":353,"caption":"malinacosmetics"},"image":{"@id":"https:\/\/malinacosmetics.com\/#\/schema\/logo\/image\/"},"sameAs":["https:\/\/www.facebook.com\/MalinaBeautyShopMe\/"]}]},"product_brand":"simple","product_price_amount":"40.00","product_price_currency":"EUR","og_availability":"out of stock","product_availability":"out of stock","product_condition":"new"},"jetpack_sharing_enabled":true,"_links":{"self":[{"href":"https:\/\/malinacosmetics.com\/sr\/wp-json\/wp\/v2\/product\/6645","targetHints":{"allow":["GET"]}}],"collection":[{"href":"https:\/\/malinacosmetics.com\/sr\/wp-json\/wp\/v2\/product"}],"about":[{"href":"https:\/\/malinacosmetics.com\/sr\/wp-json\/wp\/v2\/types\/product"}],"wp:featuredmedia":[{"embeddable":true,"href":"https:\/\/malinacosmetics.com\/sr\/wp-json\/wp\/v2\/media\/6646"}],"wp:attachment":[{"href":"https:\/\/malinacosmetics.com\/sr\/wp-json\/wp\/v2\/media?parent=6645"}],"wp:term":[{"taxonomy":"product_brand","embeddable":true,"href":"https:\/\/malinacosmetics.com\/sr\/wp-json\/wp\/v2\/product_brand?post=6645"},{"taxonomy":"product_cat","embeddable":true,"href":"https:\/\/malinacosmetics.com\/sr\/wp-json\/wp\/v2\/product_cat?post=6645"},{"taxonomy":"product_tag","embeddable":true,"href":"https:\/\/malinacosmetics.com\/sr\/wp-json\/wp\/v2\/product_tag?post=6645"}],"curies":[{"name":"wp","href":"https:\/\/api.w.org\/{rel}","templated":true}]}}