{"id":6521,"date":"2024-11-02T16:21:48","date_gmt":"2024-11-02T15:21:48","guid":{"rendered":"https:\/\/malinacosmetics.com\/?post_type=product&#038;p=6521"},"modified":"2024-11-10T01:24:33","modified_gmt":"2024-11-10T00:24:33","slug":"lador-volumising-curl-cream","status":"publish","type":"product","link":"https:\/\/malinacosmetics.com\/sr\/\u043f\u0440\u043e\u0438\u0437\u0432\u043e\u0434\/lador-volumising-curl-cream\/","title":{"rendered":"LADOR Volumising Curl Cream"},"content":{"rendered":"<p class=\"translation-block\">LADOR Volumising Curl Cream je krema za kovrd\u017eavu kosu koja obezbe\u0111uje hidrataciju i negu za postizanje elasti\u010dnih i definisanih lokni. Krema zagla\u0111uje i hidrira kosu, smanjuje stati\u010dki elektricitet, daje meko\u0107u i sjaj, a da pritom ne ote\u017eava lokne. <br> Pogodna je za suvu, o\u0161te\u0107enu i tanku kovrd\u017eavu kosu, poma\u017ee u o\u010duvanju volumena i smanjuje ne\u017eeljeno kovrd\u017eanje.<br>\n\nKl\u0458u\u010dni aktivni sastojci:<br>\nUlje semenki kamelije i argana hrani kosu i \u010dini je glatkom i sjajnom.<br>\nArginin ja\u010da kosu i odr\u017eava njenu elasti\u010dnost.<br>\nAlantoin i pantenol obnavljaju strukturu kose, podsti\u010du regeneraciju i \u0161tite od o\u0161te\u0107enja.<br>\nHidroksietilurea (Urea) pru\u017ea intenzivnu hidrataciju, daju\u0107i kosi meko\u0107u i svilenkast ose\u0107aj.<br>\nBetain pobol\u0458\u0161ava zadr\u017eavanje vlage, pove\u0107ava glatko\u0107u i elasti\u010dnost.<\/p>\n<p><strong><br>Na\u010din upotrebe:<\/strong> Nanesite malu koli\u010dinu kreme na vla\u017enu kosu, ravnomerno raspodelite po celoj du\u017eini, izbegavaju\u0107i koren. Osu\u0161ite kosu fenom sa difuzerom ili ostavite da se prirodno osu\u0161i kako biste istakli teksturu lokni.<\/p>\n<hr \/>\n<div>\n<p><em><b><em>Sastojci:<\/em><\/b> Water, Mineral Oil, Cetearyl Alcohol, Dimethicone, Hydrogenated Polydecene, Sorbitan Sesquioleate, Phenoxyethanol, Glyceryl Stearate, Polyquaternium-7, PEG-100 Stearate, Hydroxyethyl Urea, Acrylates\/C10-30 Alkyl Acrylate Crosspolymer, Arginine, Camellia Japonica Seed Oil, Polysorbate 60, Tocopheryl Acetate, Fragrance, Allantoin, Argania Spinosa Kernel Oil, Betaine, Disodium EDTA, Panthenol, Linalool, Hexyl Cinnamal, Sodium Benzoate, Limonene, Eugenol, Geraniol, Alpha-Isomethyl Ionone, Citronellol, CI 60730<\/em><\/p>\n<\/div>","protected":false},"excerpt":{"rendered":"<p>Hidratantna krema za kovrd\u017eavu, tanku i oslabljenu kosu. 80ml<\/p>","protected":false},"featured_media":6465,"template":"","meta":{"_acf_changed":false},"product_brand":[],"product_cat":[418,171,613,611,608,607,184],"product_tag":[590],"class_list":{"0":"post-6521","1":"product","2":"type-product","3":"status-publish","4":"has-post-thumbnail","6":"product_cat-lador","7":"product_cat-haircare","8":"product_cat-hairvolume","9":"product_cat-hairmoisture","10":"product_cat-curlyhair","11":"product_cat-thinhair","12":"product_cat-styling","13":"product_tag-lador-volumising-curl","15":"first","16":"instock","17":"shipping-taxable","18":"purchasable","19":"product-type-simple"},"acf":[],"yoast_head":"<!-- This site is optimized with the Yoast SEO Premium plugin v19.6 (Yoast SEO v20.11) - https:\/\/yoast.com\/wordpress\/plugins\/seo\/ -->\n<title>LADOR Volumising Curl Cream - Malina Beauty Store<\/title>\n<meta name=\"description\" content=\"LADOR Volumising Curl Cream\" \/>\n<meta name=\"robots\" content=\"index, follow, max-snippet:-1, max-image-preview:large, max-video-preview:-1\" \/>\n<link rel=\"canonical\" href=\"https:\/\/malinacosmetics.com\/sr\/\u043f\u0440\u043e\u0438\u0437\u0432\u043e\u0434\/lador-volumising-curl-cream\/\" \/>\n<meta property=\"og:locale\" content=\"sr_RS\" \/>\n<meta property=\"og:type\" content=\"article\" \/>\n<meta property=\"og:title\" content=\"LADOR Volumising Curl Cream\" \/>\n<meta property=\"og:description\" content=\"LADOR Volumising Curl Cream\" \/>\n<meta property=\"og:url\" content=\"https:\/\/malinacosmetics.com\/sr\/\u043f\u0440\u043e\u0438\u0437\u0432\u043e\u0434\/lador-volumising-curl-cream\/\" \/>\n<meta property=\"og:site_name\" content=\"Malina Beauty Store\" \/>\n<meta property=\"article:publisher\" content=\"https:\/\/www.facebook.com\/MalinaBeautyShopMe\/\" \/>\n<meta property=\"article:modified_time\" content=\"2024-11-10T00:24:33+00:00\" \/>\n<meta property=\"og:image\" content=\"https:\/\/malinacosmetics.com\/wp-content\/uploads\/2024\/10\/Lador-volumizing-curl-cream-80ml.jpg\" \/>\n\t<meta property=\"og:image:width\" content=\"1200\" \/>\n\t<meta property=\"og:image:height\" content=\"1200\" \/>\n\t<meta property=\"og:image:type\" content=\"image\/jpeg\" \/>\n<meta name=\"twitter:card\" content=\"summary_large_image\" \/>\n<script type=\"application\/ld+json\" class=\"yoast-schema-graph\">{\"@context\":\"https:\/\/schema.org\",\"@graph\":[{\"@type\":[\"WebPage\",\"ItemPage\"],\"@id\":\"https:\/\/malinacosmetics.com\/\u043f\u0440\u043e\u0438\u0437\u0432\u043e\u0434\/lador-volumising-curl-cream\/\",\"url\":\"https:\/\/malinacosmetics.com\/\u043f\u0440\u043e\u0438\u0437\u0432\u043e\u0434\/lador-volumising-curl-cream\/\",\"name\":\"LADOR Volumising Curl Cream - Malina Beauty Store\",\"isPartOf\":{\"@id\":\"https:\/\/malinacosmetics.com\/#website\"},\"datePublished\":\"2024-11-02T15:21:48+00:00\",\"dateModified\":\"2024-11-10T00:24:33+00:00\",\"description\":\"LADOR Volumising Curl Cream\",\"breadcrumb\":{\"@id\":\"https:\/\/malinacosmetics.com\/\u043f\u0440\u043e\u0438\u0437\u0432\u043e\u0434\/lador-volumising-curl-cream\/#breadcrumb\"},\"inLanguage\":\"sr-RS\",\"potentialAction\":[{\"@type\":\"ReadAction\",\"target\":[\"https:\/\/malinacosmetics.com\/\u043f\u0440\u043e\u0438\u0437\u0432\u043e\u0434\/lador-volumising-curl-cream\/\"]}]},{\"@type\":\"BreadcrumbList\",\"@id\":\"https:\/\/malinacosmetics.com\/\u043f\u0440\u043e\u0438\u0437\u0432\u043e\u0434\/lador-volumising-curl-cream\/#breadcrumb\",\"itemListElement\":[{\"@type\":\"ListItem\",\"position\":1,\"name\":\"\u0413\u043b\u0430\u0432\u043d\u0430\u044f \u0441\u0442\u0440\u0430\u043d\u0438\u0446\u0430\",\"item\":\"https:\/\/malinacosmetics.com\/\"},{\"@type\":\"ListItem\",\"position\":2,\"name\":\"\u041a\u0430\u0442\u0430\u043b\u043e\u0433\",\"item\":\"https:\/\/malinacosmetics.com\/sr\/shop\/\"},{\"@type\":\"ListItem\",\"position\":3,\"name\":\"LADOR Volumising Curl Cream\"}]},{\"@type\":\"WebSite\",\"@id\":\"https:\/\/malinacosmetics.com\/#website\",\"url\":\"https:\/\/malinacosmetics.com\/\",\"name\":\"Malina Beauty Store\",\"description\":\"Prodaja korejske kozmetike za Crnu Goru\",\"publisher\":{\"@id\":\"https:\/\/malinacosmetics.com\/#organization\"},\"potentialAction\":[{\"@type\":\"SearchAction\",\"target\":{\"@type\":\"EntryPoint\",\"urlTemplate\":\"https:\/\/malinacosmetics.com\/?s={search_term_string}\"},\"query-input\":\"required name=search_term_string\"}],\"inLanguage\":\"sr-RS\"},{\"@type\":\"Organization\",\"@id\":\"https:\/\/malinacosmetics.com\/#organization\",\"name\":\"malinacosmetics\",\"url\":\"https:\/\/malinacosmetics.com\/\",\"logo\":{\"@type\":\"ImageObject\",\"inLanguage\":\"sr-RS\",\"@id\":\"https:\/\/malinacosmetics.com\/#\/schema\/logo\/image\/\",\"url\":\"https:\/\/malinacosmetics.com\/wp-content\/uploads\/2021\/07\/logo.png\",\"contentUrl\":\"https:\/\/malinacosmetics.com\/wp-content\/uploads\/2021\/07\/logo.png\",\"width\":500,\"height\":353,\"caption\":\"malinacosmetics\"},\"image\":{\"@id\":\"https:\/\/malinacosmetics.com\/#\/schema\/logo\/image\/\"},\"sameAs\":[\"https:\/\/www.facebook.com\/MalinaBeautyShopMe\/\"]}]}<\/script>\n<meta property=\"product:brand\" content=\"simple\" \/>\n<meta property=\"product:price:amount\" content=\"17.00\" \/>\n<meta property=\"product:price:currency\" content=\"EUR\" \/>\n<meta property=\"og:availability\" content=\"instock\" \/>\n<meta property=\"product:availability\" content=\"instock\" \/>\n<meta property=\"product:condition\" content=\"new\" \/>\n<!-- \/ Yoast SEO Premium plugin. -->","yoast_head_json":{"title":"LADOR Volumising Curl Cream - Malina Beauty Store","description":"LADOR Volumising Curl Cream","robots":{"index":"index","follow":"follow","max-snippet":"max-snippet:-1","max-image-preview":"max-image-preview:large","max-video-preview":"max-video-preview:-1"},"canonical":"https:\/\/malinacosmetics.com\/sr\/\u043f\u0440\u043e\u0438\u0437\u0432\u043e\u0434\/lador-volumising-curl-cream\/","og_locale":"sr_RS","og_type":"article","og_title":"LADOR Volumising Curl Cream","og_description":"LADOR Volumising Curl Cream","og_url":"https:\/\/malinacosmetics.com\/sr\/\u043f\u0440\u043e\u0438\u0437\u0432\u043e\u0434\/lador-volumising-curl-cream\/","og_site_name":"Malina Beauty Store","article_publisher":"https:\/\/www.facebook.com\/MalinaBeautyShopMe\/","article_modified_time":"2024-11-10T00:24:33+00:00","og_image":[{"width":1200,"height":1200,"url":"https:\/\/malinacosmetics.com\/wp-content\/uploads\/2024\/10\/Lador-volumizing-curl-cream-80ml.jpg","type":"image\/jpeg"}],"twitter_card":"summary_large_image","schema":{"@context":"https:\/\/schema.org","@graph":[{"@type":["WebPage","ItemPage"],"@id":"https:\/\/malinacosmetics.com\/\u043f\u0440\u043e\u0438\u0437\u0432\u043e\u0434\/lador-volumising-curl-cream\/","url":"https:\/\/malinacosmetics.com\/\u043f\u0440\u043e\u0438\u0437\u0432\u043e\u0434\/lador-volumising-curl-cream\/","name":"LADOR Volumising Curl Cream - Malina Beauty Store","isPartOf":{"@id":"https:\/\/malinacosmetics.com\/#website"},"datePublished":"2024-11-02T15:21:48+00:00","dateModified":"2024-11-10T00:24:33+00:00","description":"LADOR Volumising Curl Cream","breadcrumb":{"@id":"https:\/\/malinacosmetics.com\/\u043f\u0440\u043e\u0438\u0437\u0432\u043e\u0434\/lador-volumising-curl-cream\/#breadcrumb"},"inLanguage":"sr-RS","potentialAction":[{"@type":"ReadAction","target":["https:\/\/malinacosmetics.com\/\u043f\u0440\u043e\u0438\u0437\u0432\u043e\u0434\/lador-volumising-curl-cream\/"]}]},{"@type":"BreadcrumbList","@id":"https:\/\/malinacosmetics.com\/\u043f\u0440\u043e\u0438\u0437\u0432\u043e\u0434\/lador-volumising-curl-cream\/#breadcrumb","itemListElement":[{"@type":"ListItem","position":1,"name":"\u0413\u043b\u0430\u0432\u043d\u0430\u044f \u0441\u0442\u0440\u0430\u043d\u0438\u0446\u0430","item":"https:\/\/malinacosmetics.com\/"},{"@type":"ListItem","position":2,"name":"\u041a\u0430\u0442\u0430\u043b\u043e\u0433","item":"https:\/\/malinacosmetics.com\/sr\/shop\/"},{"@type":"ListItem","position":3,"name":"LADOR Volumising Curl Cream"}]},{"@type":"WebSite","@id":"https:\/\/malinacosmetics.com\/#website","url":"https:\/\/malinacosmetics.com\/","name":"Malina Beauty Store","description":"Prodaja korejske kozmetike za Crnu Goru","publisher":{"@id":"https:\/\/malinacosmetics.com\/#organization"},"potentialAction":[{"@type":"SearchAction","target":{"@type":"EntryPoint","urlTemplate":"https:\/\/malinacosmetics.com\/?s={search_term_string}"},"query-input":"required name=search_term_string"}],"inLanguage":"sr-RS"},{"@type":"Organization","@id":"https:\/\/malinacosmetics.com\/#organization","name":"malinacosmetics","url":"https:\/\/malinacosmetics.com\/","logo":{"@type":"ImageObject","inLanguage":"sr-RS","@id":"https:\/\/malinacosmetics.com\/#\/schema\/logo\/image\/","url":"https:\/\/malinacosmetics.com\/wp-content\/uploads\/2021\/07\/logo.png","contentUrl":"https:\/\/malinacosmetics.com\/wp-content\/uploads\/2021\/07\/logo.png","width":500,"height":353,"caption":"malinacosmetics"},"image":{"@id":"https:\/\/malinacosmetics.com\/#\/schema\/logo\/image\/"},"sameAs":["https:\/\/www.facebook.com\/MalinaBeautyShopMe\/"]}]},"product_brand":"simple","product_price_amount":"17.00","product_price_currency":"EUR","og_availability":"instock","product_availability":"instock","product_condition":"new"},"jetpack_sharing_enabled":true,"_links":{"self":[{"href":"https:\/\/malinacosmetics.com\/sr\/wp-json\/wp\/v2\/product\/6521","targetHints":{"allow":["GET"]}}],"collection":[{"href":"https:\/\/malinacosmetics.com\/sr\/wp-json\/wp\/v2\/product"}],"about":[{"href":"https:\/\/malinacosmetics.com\/sr\/wp-json\/wp\/v2\/types\/product"}],"wp:featuredmedia":[{"embeddable":true,"href":"https:\/\/malinacosmetics.com\/sr\/wp-json\/wp\/v2\/media\/6465"}],"wp:attachment":[{"href":"https:\/\/malinacosmetics.com\/sr\/wp-json\/wp\/v2\/media?parent=6521"}],"wp:term":[{"taxonomy":"product_brand","embeddable":true,"href":"https:\/\/malinacosmetics.com\/sr\/wp-json\/wp\/v2\/product_brand?post=6521"},{"taxonomy":"product_cat","embeddable":true,"href":"https:\/\/malinacosmetics.com\/sr\/wp-json\/wp\/v2\/product_cat?post=6521"},{"taxonomy":"product_tag","embeddable":true,"href":"https:\/\/malinacosmetics.com\/sr\/wp-json\/wp\/v2\/product_tag?post=6521"}],"curies":[{"name":"wp","href":"https:\/\/api.w.org\/{rel}","templated":true}]}}