{"id":6507,"date":"2024-11-08T13:31:02","date_gmt":"2024-11-08T12:31:02","guid":{"rendered":"https:\/\/malinacosmetics.com\/?post_type=product&#038;p=6507"},"modified":"2025-09-27T12:37:58","modified_gmt":"2025-09-27T10:37:58","slug":"lador-volumising-curl-shampoo","status":"publish","type":"product","link":"https:\/\/malinacosmetics.com\/sr\/\u043f\u0440\u043e\u0438\u0437\u0432\u043e\u0434\/lador-volumising-curl-shampoo\/","title":{"rendered":"LADOR Volumising Curl Shampoo 530ml"},"content":{"rendered":"<p class=\"translation-block\">\u0160ampon za volumen  i ja\u010danje kovrd\u017eave kose poma\u017ee u odr\u017eavanju elasti\u010dnosti o\u0161te\u0107ene i oslabljene kose, a pogodan je i za tanku i rijetku kosu.<br>\nU sastavu:<br>\nEkstrakt Anemarenna ima antiinflamatorna i antioksidativna svojstva, pobolj\u0161ava zdravlje ko\u017ee glave.<br>\nPeptidi i niacinamid podsti\u010du regeneraciju c\u0301elija, rast i ja\u010danje kose.<br>\nPantenol i betain hidriraju, daju kosi glatkoc\u0301u i sjaj.<br>\nSalicilna kiselina \u010disti ko\u017eu glave i bori se protiv peruti.<br>\nBiotin ja\u010da kosu i pobolj\u0161ava njenu strukturu.\nMentol osve\u017eava ko\u017eu glave, pobolj\u0161avajuc\u0301i mikrocirkulaciju.<br>\nFormula ne sadr\u017ei silikon, \u0161to smanjuje rizik od iritacije ko\u017ee glave.<\/p>\n<p><strong><br>Na\u010din upotrebe:<\/strong> Nanesite na vla\u017enu kosu i ko\u017eu glave, masirajte 1-2 minuta, a zatim isperite.<\/p>\n<hr \/>\n<div>\n<p><em><b><em>Sastojci:<\/em><\/b> Water, Sodium C14-16 Olefin Sulfonate, Cocamidopropyl Betaine, Butylene Glycol, Cocamide Dea, Sodium Lauroyl Methylaminopropionate, Anemarrhena Asphodeloides Root Extract, Sh- Oligopeptide-1, Sh-Oligopeptide-2, Sh- Polypeptide-1, Panthenol, Salicylic Acid, Betaine, Niacinamide, Peg-15 Cocopolyamine, Hydrogenated Polyisobutene, Biotin, Sodium Chloride, Phenoxyethanol, Sodium Benzoate, Citric Acid, Menthol, Disodium Edta, Polyquaternium-10, 1,2-Hexanediol, Ethylhexylglycerin, Tocopherol, Fragrance, Linalool, Hexyl Cinnamal, Limonene<\/em><\/p>\n<\/div>","protected":false},"excerpt":{"rendered":"<p>\u0160ampon za volumen i ja\u010danje kovrd\u017eave kose. 530ml<\/p>","protected":false},"featured_media":6464,"template":"","meta":{"_acf_changed":false},"product_brand":[],"product_cat":[418,171,613,610,507,608,607,172],"product_tag":[590],"class_list":{"0":"post-6507","1":"product","2":"type-product","3":"status-publish","4":"has-post-thumbnail","6":"product_cat-lador","7":"product_cat-haircare","8":"product_cat-hairvolume","9":"product_cat-hairpurifying","10":"product_cat-hairloss","11":"product_cat-curlyhair","12":"product_cat-thinhair","13":"product_cat-shampoo","14":"product_tag-lador-volumising-curl","16":"first","17":"instock","18":"shipping-taxable","19":"purchasable","20":"product-type-simple"},"acf":[],"yoast_head":"<!-- This site is optimized with the Yoast SEO Premium plugin v19.6 (Yoast SEO v20.11) - https:\/\/yoast.com\/wordpress\/plugins\/seo\/ -->\n<title>LADOR Volumising Curl Shampoo 530ml - Malina Beauty Store<\/title>\n<meta name=\"description\" content=\"LADOR Volumising Curl Shampoo 530ml\" \/>\n<meta name=\"robots\" content=\"index, follow, max-snippet:-1, max-image-preview:large, max-video-preview:-1\" \/>\n<link rel=\"canonical\" href=\"https:\/\/malinacosmetics.com\/sr\/\u043f\u0440\u043e\u0438\u0437\u0432\u043e\u0434\/lador-volumising-curl-shampoo\/\" \/>\n<meta property=\"og:locale\" content=\"sr_RS\" \/>\n<meta property=\"og:type\" content=\"article\" \/>\n<meta property=\"og:title\" content=\"LADOR Volumising Curl Shampoo 530ml\" \/>\n<meta property=\"og:description\" content=\"LADOR Volumising Curl Shampoo 530ml\" \/>\n<meta property=\"og:url\" content=\"https:\/\/malinacosmetics.com\/sr\/\u043f\u0440\u043e\u0438\u0437\u0432\u043e\u0434\/lador-volumising-curl-shampoo\/\" \/>\n<meta property=\"og:site_name\" content=\"Malina Beauty Store\" \/>\n<meta property=\"article:publisher\" content=\"https:\/\/www.facebook.com\/MalinaBeautyShopMe\/\" \/>\n<meta property=\"article:modified_time\" content=\"2025-09-27T10:37:58+00:00\" \/>\n<meta property=\"og:image\" content=\"https:\/\/malinacosmetics.com\/wp-content\/uploads\/2024\/10\/Lador-volumizing-curl-shampoo-530ml.jpg\" \/>\n\t<meta property=\"og:image:width\" content=\"1200\" \/>\n\t<meta property=\"og:image:height\" content=\"1200\" \/>\n\t<meta property=\"og:image:type\" content=\"image\/jpeg\" \/>\n<meta name=\"twitter:card\" content=\"summary_large_image\" \/>\n<script type=\"application\/ld+json\" class=\"yoast-schema-graph\">{\"@context\":\"https:\/\/schema.org\",\"@graph\":[{\"@type\":[\"WebPage\",\"ItemPage\"],\"@id\":\"https:\/\/malinacosmetics.com\/product\/lador-volumising-curl-shampoo\/\",\"url\":\"https:\/\/malinacosmetics.com\/product\/lador-volumising-curl-shampoo\/\",\"name\":\"LADOR Volumising Curl Shampoo 530ml - Malina Beauty Store\",\"isPartOf\":{\"@id\":\"https:\/\/malinacosmetics.com\/#website\"},\"datePublished\":\"2024-11-08T12:31:02+00:00\",\"dateModified\":\"2025-09-27T10:37:58+00:00\",\"description\":\"LADOR Volumising Curl Shampoo 530ml\",\"breadcrumb\":{\"@id\":\"https:\/\/malinacosmetics.com\/product\/lador-volumising-curl-shampoo\/#breadcrumb\"},\"inLanguage\":\"sr-RS\",\"potentialAction\":[{\"@type\":\"ReadAction\",\"target\":[\"https:\/\/malinacosmetics.com\/product\/lador-volumising-curl-shampoo\/\"]}]},{\"@type\":\"BreadcrumbList\",\"@id\":\"https:\/\/malinacosmetics.com\/product\/lador-volumising-curl-shampoo\/#breadcrumb\",\"itemListElement\":[{\"@type\":\"ListItem\",\"position\":1,\"name\":\"\u0413\u043b\u0430\u0432\u043d\u0430\u044f \u0441\u0442\u0440\u0430\u043d\u0438\u0446\u0430\",\"item\":\"https:\/\/malinacosmetics.com\/\"},{\"@type\":\"ListItem\",\"position\":2,\"name\":\"\u041a\u0430\u0442\u0430\u043b\u043e\u0433\",\"item\":\"https:\/\/malinacosmetics.com\/sr\/shop\/\"},{\"@type\":\"ListItem\",\"position\":3,\"name\":\"LADOR Volumising Curl Shampoo 530ml\"}]},{\"@type\":\"WebSite\",\"@id\":\"https:\/\/malinacosmetics.com\/#website\",\"url\":\"https:\/\/malinacosmetics.com\/\",\"name\":\"Malina Beauty Store\",\"description\":\"Prodaja korejske kozmetike za Crnu Goru\",\"publisher\":{\"@id\":\"https:\/\/malinacosmetics.com\/#organization\"},\"potentialAction\":[{\"@type\":\"SearchAction\",\"target\":{\"@type\":\"EntryPoint\",\"urlTemplate\":\"https:\/\/malinacosmetics.com\/?s={search_term_string}\"},\"query-input\":\"required name=search_term_string\"}],\"inLanguage\":\"sr-RS\"},{\"@type\":\"Organization\",\"@id\":\"https:\/\/malinacosmetics.com\/#organization\",\"name\":\"malinacosmetics\",\"url\":\"https:\/\/malinacosmetics.com\/\",\"logo\":{\"@type\":\"ImageObject\",\"inLanguage\":\"sr-RS\",\"@id\":\"https:\/\/malinacosmetics.com\/#\/schema\/logo\/image\/\",\"url\":\"https:\/\/malinacosmetics.com\/wp-content\/uploads\/2021\/07\/logo.png\",\"contentUrl\":\"https:\/\/malinacosmetics.com\/wp-content\/uploads\/2021\/07\/logo.png\",\"width\":500,\"height\":353,\"caption\":\"malinacosmetics\"},\"image\":{\"@id\":\"https:\/\/malinacosmetics.com\/#\/schema\/logo\/image\/\"},\"sameAs\":[\"https:\/\/www.facebook.com\/MalinaBeautyShopMe\/\"]}]}<\/script>\n<meta property=\"product:brand\" content=\"simple\" \/>\n<meta property=\"product:price:amount\" content=\"24.00\" \/>\n<meta property=\"product:price:currency\" content=\"EUR\" \/>\n<meta property=\"og:availability\" content=\"instock\" \/>\n<meta property=\"product:availability\" content=\"instock\" \/>\n<meta property=\"product:condition\" content=\"new\" \/>\n<!-- \/ Yoast SEO Premium plugin. -->","yoast_head_json":{"title":"LADOR Volumising Curl Shampoo 530ml - Malina Beauty Store","description":"LADOR Volumising Curl Shampoo 530ml","robots":{"index":"index","follow":"follow","max-snippet":"max-snippet:-1","max-image-preview":"max-image-preview:large","max-video-preview":"max-video-preview:-1"},"canonical":"https:\/\/malinacosmetics.com\/sr\/\u043f\u0440\u043e\u0438\u0437\u0432\u043e\u0434\/lador-volumising-curl-shampoo\/","og_locale":"sr_RS","og_type":"article","og_title":"LADOR Volumising Curl Shampoo 530ml","og_description":"LADOR Volumising Curl Shampoo 530ml","og_url":"https:\/\/malinacosmetics.com\/sr\/\u043f\u0440\u043e\u0438\u0437\u0432\u043e\u0434\/lador-volumising-curl-shampoo\/","og_site_name":"Malina Beauty Store","article_publisher":"https:\/\/www.facebook.com\/MalinaBeautyShopMe\/","article_modified_time":"2025-09-27T10:37:58+00:00","og_image":[{"width":1200,"height":1200,"url":"https:\/\/malinacosmetics.com\/wp-content\/uploads\/2024\/10\/Lador-volumizing-curl-shampoo-530ml.jpg","type":"image\/jpeg"}],"twitter_card":"summary_large_image","schema":{"@context":"https:\/\/schema.org","@graph":[{"@type":["WebPage","ItemPage"],"@id":"https:\/\/malinacosmetics.com\/product\/lador-volumising-curl-shampoo\/","url":"https:\/\/malinacosmetics.com\/product\/lador-volumising-curl-shampoo\/","name":"LADOR Volumising Curl Shampoo 530ml - Malina Beauty Store","isPartOf":{"@id":"https:\/\/malinacosmetics.com\/#website"},"datePublished":"2024-11-08T12:31:02+00:00","dateModified":"2025-09-27T10:37:58+00:00","description":"LADOR Volumising Curl Shampoo 530ml","breadcrumb":{"@id":"https:\/\/malinacosmetics.com\/product\/lador-volumising-curl-shampoo\/#breadcrumb"},"inLanguage":"sr-RS","potentialAction":[{"@type":"ReadAction","target":["https:\/\/malinacosmetics.com\/product\/lador-volumising-curl-shampoo\/"]}]},{"@type":"BreadcrumbList","@id":"https:\/\/malinacosmetics.com\/product\/lador-volumising-curl-shampoo\/#breadcrumb","itemListElement":[{"@type":"ListItem","position":1,"name":"\u0413\u043b\u0430\u0432\u043d\u0430\u044f \u0441\u0442\u0440\u0430\u043d\u0438\u0446\u0430","item":"https:\/\/malinacosmetics.com\/"},{"@type":"ListItem","position":2,"name":"\u041a\u0430\u0442\u0430\u043b\u043e\u0433","item":"https:\/\/malinacosmetics.com\/sr\/shop\/"},{"@type":"ListItem","position":3,"name":"LADOR Volumising Curl Shampoo 530ml"}]},{"@type":"WebSite","@id":"https:\/\/malinacosmetics.com\/#website","url":"https:\/\/malinacosmetics.com\/","name":"Malina Beauty Store","description":"Prodaja korejske kozmetike za Crnu Goru","publisher":{"@id":"https:\/\/malinacosmetics.com\/#organization"},"potentialAction":[{"@type":"SearchAction","target":{"@type":"EntryPoint","urlTemplate":"https:\/\/malinacosmetics.com\/?s={search_term_string}"},"query-input":"required name=search_term_string"}],"inLanguage":"sr-RS"},{"@type":"Organization","@id":"https:\/\/malinacosmetics.com\/#organization","name":"malinacosmetics","url":"https:\/\/malinacosmetics.com\/","logo":{"@type":"ImageObject","inLanguage":"sr-RS","@id":"https:\/\/malinacosmetics.com\/#\/schema\/logo\/image\/","url":"https:\/\/malinacosmetics.com\/wp-content\/uploads\/2021\/07\/logo.png","contentUrl":"https:\/\/malinacosmetics.com\/wp-content\/uploads\/2021\/07\/logo.png","width":500,"height":353,"caption":"malinacosmetics"},"image":{"@id":"https:\/\/malinacosmetics.com\/#\/schema\/logo\/image\/"},"sameAs":["https:\/\/www.facebook.com\/MalinaBeautyShopMe\/"]}]},"product_brand":"simple","product_price_amount":"24.00","product_price_currency":"EUR","og_availability":"instock","product_availability":"instock","product_condition":"new"},"jetpack_sharing_enabled":true,"_links":{"self":[{"href":"https:\/\/malinacosmetics.com\/sr\/wp-json\/wp\/v2\/product\/6507","targetHints":{"allow":["GET"]}}],"collection":[{"href":"https:\/\/malinacosmetics.com\/sr\/wp-json\/wp\/v2\/product"}],"about":[{"href":"https:\/\/malinacosmetics.com\/sr\/wp-json\/wp\/v2\/types\/product"}],"wp:featuredmedia":[{"embeddable":true,"href":"https:\/\/malinacosmetics.com\/sr\/wp-json\/wp\/v2\/media\/6464"}],"wp:attachment":[{"href":"https:\/\/malinacosmetics.com\/sr\/wp-json\/wp\/v2\/media?parent=6507"}],"wp:term":[{"taxonomy":"product_brand","embeddable":true,"href":"https:\/\/malinacosmetics.com\/sr\/wp-json\/wp\/v2\/product_brand?post=6507"},{"taxonomy":"product_cat","embeddable":true,"href":"https:\/\/malinacosmetics.com\/sr\/wp-json\/wp\/v2\/product_cat?post=6507"},{"taxonomy":"product_tag","embeddable":true,"href":"https:\/\/malinacosmetics.com\/sr\/wp-json\/wp\/v2\/product_tag?post=6507"}],"curies":[{"name":"wp","href":"https:\/\/api.w.org\/{rel}","templated":true}]}}