{"id":6506,"date":"2024-10-24T18:19:05","date_gmt":"2024-10-24T16:19:05","guid":{"rendered":"https:\/\/malinacosmetics.com\/?post_type=product&#038;p=6506"},"modified":"2024-11-10T01:54:37","modified_gmt":"2024-11-10T00:54:37","slug":"lador-anti-yellow-shampoo-300ml","status":"publish","type":"product","link":"https:\/\/malinacosmetics.com\/sr\/\u043f\u0440\u043e\u0438\u0437\u0432\u043e\u0434\/lador-anti-yellow-shampoo-300ml\/","title":{"rendered":"LADOR Anti Yellow Shampoo 300ml"},"content":{"rendered":"<p class=\"translation-block\">Tonirani \u0161ampon posebno razvijen za plavu\u0161e. Proizvod poma\u017ee u uklanjanju \u017eutog tona kose, daju\u0107i joj vi\u0161e platinasti nijansu. Delovanje \u0161ampona obezbe\u0111uje specijalni ljubi\u010dasti pigment u sastavu, koji je namenjen neutralizaciji \u017eutog i bakarnog podtona kose. Proizvod poma\u017ee u o\u010duvanju boje kose bogatom, a tako\u0111e spre\u010dava promenu i potamnjivanje tona kose. Formula \u0161ampona intenzivno hrani, hidrira i obnavlja strukturu o\u0161te\u0107ene kose.<br>\nKlju\u010dni sastojci:<br>\nKompleks hidrolizovanog keratina (kukuruz, p\u0161enica i pasulj) \u2014 usmeren je na obnovu i le\u010denje kose, \u010dini je \u010dvr\u0161\u0107om, elasti\u010dnijom i glatkom, uklanja suvo\u0107u i lomljivost.<br>\nPantenol umiruje iritiranu ko\u017eu glave, poma\u017ee kosi da zadr\u017ei vlagu, odli\u010dno hrani i omek\u0161ava kosu du\u017e cele njene du\u017eine.<\/p>\n<p><strong><br>Na\u010din upotrebe:<\/strong> Nanesite \u0161ampon na vla\u017enu ko\u017eu glave, umasirajte, sa\u010dekajte 3-5 minuta i dobro isperite vodom.<\/p>\n<hr \/>\n<div>\n<p><em><b><em>Sastojci:<\/em><\/b> Water, Disodium Laureth Sulfosuccinate, Cocamidopropyl Betaine, Cocamide MIPA, PEG-7 Glyceryl Cocoate, Glycerin, PPG-3 Caprylyl Ether, Sodium Chloride, PEG-150 Distearate, Sodium Benzoate, Polyquaternium-10, Fragrance, Dicaprylyl Carbonate, Salicylic acid, Citric acid, Panthenol, Coco-caprylate\/caprate, Disodium EDTA, Basic Blue 99, Basic Red 51, Isopropanolamine, Butylene Glycol, Hydrolyzed Soy Protein, Hydrolyzed Wheat Protein, Hydrolyzed Corn Protein, Hexyl Cinnamal, Citronellol, Alpha-Isomethyl Ionone, 1,2-Hexanediol, Ethylhexylglycerin, Tocopherol<\/em><\/p>\n<\/div>","protected":false},"excerpt":{"rendered":"<p>Tonirani ljubi\u010dasti \u0161ampon \u0161ampon za plavu kosu neutrali\u0161e \u017eute i narand\u017easte tonove. 300ml<\/p>","protected":false},"featured_media":6476,"template":"","meta":{"_acf_changed":false},"product_brand":[],"product_cat":[418,171,622,621,172],"product_tag":[595],"class_list":{"0":"post-6506","1":"product","2":"type-product","3":"status-publish","4":"has-post-thumbnail","6":"product_cat-lador","7":"product_cat-haircare","8":"product_cat-hairtoner","9":"product_cat-coloredhair","10":"product_cat-shampoo","11":"product_tag-lador-anti-yellow","13":"first","14":"instock","15":"shipping-taxable","16":"purchasable","17":"product-type-simple"},"acf":[],"yoast_head":"<!-- This site is optimized with the Yoast SEO Premium plugin v19.6 (Yoast SEO v20.11) - https:\/\/yoast.com\/wordpress\/plugins\/seo\/ -->\n<title>LADOR Anti Yellow Shampoo 300ml - Malina Beauty Store<\/title>\n<meta name=\"description\" content=\"LADOR Anti Yellow Shampoo 300ml\" \/>\n<meta name=\"robots\" content=\"index, follow, max-snippet:-1, max-image-preview:large, max-video-preview:-1\" \/>\n<link rel=\"canonical\" href=\"https:\/\/malinacosmetics.com\/sr\/\u043f\u0440\u043e\u0438\u0437\u0432\u043e\u0434\/lador-anti-yellow-shampoo-300ml\/\" \/>\n<meta property=\"og:locale\" content=\"sr_RS\" \/>\n<meta property=\"og:type\" content=\"article\" \/>\n<meta property=\"og:title\" content=\"LADOR Anti Yellow Shampoo 300ml\" \/>\n<meta property=\"og:description\" content=\"LADOR Anti Yellow Shampoo 300ml\" \/>\n<meta property=\"og:url\" content=\"https:\/\/malinacosmetics.com\/sr\/\u043f\u0440\u043e\u0438\u0437\u0432\u043e\u0434\/lador-anti-yellow-shampoo-300ml\/\" \/>\n<meta property=\"og:site_name\" content=\"Malina Beauty Store\" \/>\n<meta property=\"article:publisher\" content=\"https:\/\/www.facebook.com\/MalinaBeautyShopMe\/\" \/>\n<meta property=\"article:modified_time\" content=\"2024-11-10T00:54:37+00:00\" \/>\n<meta property=\"og:image\" content=\"https:\/\/malinacosmetics.com\/wp-content\/uploads\/2024\/10\/Lador_Anti-Yellow-Shampoo-300ml.jpg\" \/>\n\t<meta property=\"og:image:width\" content=\"1200\" \/>\n\t<meta property=\"og:image:height\" content=\"1200\" \/>\n\t<meta property=\"og:image:type\" content=\"image\/jpeg\" \/>\n<meta name=\"twitter:card\" content=\"summary_large_image\" \/>\n<script type=\"application\/ld+json\" class=\"yoast-schema-graph\">{\"@context\":\"https:\/\/schema.org\",\"@graph\":[{\"@type\":[\"WebPage\",\"ItemPage\"],\"@id\":\"https:\/\/malinacosmetics.com\/\u043f\u0440\u043e\u0438\u0437\u0432\u043e\u0434\/lador-anti-yellow-shampoo-300ml\/\",\"url\":\"https:\/\/malinacosmetics.com\/\u043f\u0440\u043e\u0438\u0437\u0432\u043e\u0434\/lador-anti-yellow-shampoo-300ml\/\",\"name\":\"LADOR Anti Yellow Shampoo 300ml - Malina Beauty Store\",\"isPartOf\":{\"@id\":\"https:\/\/malinacosmetics.com\/#website\"},\"datePublished\":\"2024-10-24T16:19:05+00:00\",\"dateModified\":\"2024-11-10T00:54:37+00:00\",\"description\":\"LADOR Anti Yellow Shampoo 300ml\",\"breadcrumb\":{\"@id\":\"https:\/\/malinacosmetics.com\/\u043f\u0440\u043e\u0438\u0437\u0432\u043e\u0434\/lador-anti-yellow-shampoo-300ml\/#breadcrumb\"},\"inLanguage\":\"sr-RS\",\"potentialAction\":[{\"@type\":\"ReadAction\",\"target\":[\"https:\/\/malinacosmetics.com\/\u043f\u0440\u043e\u0438\u0437\u0432\u043e\u0434\/lador-anti-yellow-shampoo-300ml\/\"]}]},{\"@type\":\"BreadcrumbList\",\"@id\":\"https:\/\/malinacosmetics.com\/\u043f\u0440\u043e\u0438\u0437\u0432\u043e\u0434\/lador-anti-yellow-shampoo-300ml\/#breadcrumb\",\"itemListElement\":[{\"@type\":\"ListItem\",\"position\":1,\"name\":\"\u0413\u043b\u0430\u0432\u043d\u0430\u044f \u0441\u0442\u0440\u0430\u043d\u0438\u0446\u0430\",\"item\":\"https:\/\/malinacosmetics.com\/\"},{\"@type\":\"ListItem\",\"position\":2,\"name\":\"\u041a\u0430\u0442\u0430\u043b\u043e\u0433\",\"item\":\"https:\/\/malinacosmetics.com\/sr\/shop\/\"},{\"@type\":\"ListItem\",\"position\":3,\"name\":\"LADOR Anti Yellow Shampoo 300ml\"}]},{\"@type\":\"WebSite\",\"@id\":\"https:\/\/malinacosmetics.com\/#website\",\"url\":\"https:\/\/malinacosmetics.com\/\",\"name\":\"Malina Beauty Store\",\"description\":\"Prodaja korejske kozmetike za Crnu Goru\",\"publisher\":{\"@id\":\"https:\/\/malinacosmetics.com\/#organization\"},\"potentialAction\":[{\"@type\":\"SearchAction\",\"target\":{\"@type\":\"EntryPoint\",\"urlTemplate\":\"https:\/\/malinacosmetics.com\/?s={search_term_string}\"},\"query-input\":\"required name=search_term_string\"}],\"inLanguage\":\"sr-RS\"},{\"@type\":\"Organization\",\"@id\":\"https:\/\/malinacosmetics.com\/#organization\",\"name\":\"malinacosmetics\",\"url\":\"https:\/\/malinacosmetics.com\/\",\"logo\":{\"@type\":\"ImageObject\",\"inLanguage\":\"sr-RS\",\"@id\":\"https:\/\/malinacosmetics.com\/#\/schema\/logo\/image\/\",\"url\":\"https:\/\/malinacosmetics.com\/wp-content\/uploads\/2021\/07\/logo.png\",\"contentUrl\":\"https:\/\/malinacosmetics.com\/wp-content\/uploads\/2021\/07\/logo.png\",\"width\":500,\"height\":353,\"caption\":\"malinacosmetics\"},\"image\":{\"@id\":\"https:\/\/malinacosmetics.com\/#\/schema\/logo\/image\/\"},\"sameAs\":[\"https:\/\/www.facebook.com\/MalinaBeautyShopMe\/\"]}]}<\/script>\n<meta property=\"product:brand\" content=\"simple\" \/>\n<meta property=\"product:price:amount\" content=\"16.00\" \/>\n<meta property=\"product:price:currency\" content=\"EUR\" \/>\n<meta property=\"og:availability\" content=\"instock\" \/>\n<meta property=\"product:availability\" content=\"instock\" \/>\n<meta property=\"product:condition\" content=\"new\" \/>\n<!-- \/ Yoast SEO Premium plugin. -->","yoast_head_json":{"title":"LADOR Anti Yellow Shampoo 300ml - Malina Beauty Store","description":"LADOR Anti Yellow Shampoo 300ml","robots":{"index":"index","follow":"follow","max-snippet":"max-snippet:-1","max-image-preview":"max-image-preview:large","max-video-preview":"max-video-preview:-1"},"canonical":"https:\/\/malinacosmetics.com\/sr\/\u043f\u0440\u043e\u0438\u0437\u0432\u043e\u0434\/lador-anti-yellow-shampoo-300ml\/","og_locale":"sr_RS","og_type":"article","og_title":"LADOR Anti Yellow Shampoo 300ml","og_description":"LADOR Anti Yellow Shampoo 300ml","og_url":"https:\/\/malinacosmetics.com\/sr\/\u043f\u0440\u043e\u0438\u0437\u0432\u043e\u0434\/lador-anti-yellow-shampoo-300ml\/","og_site_name":"Malina Beauty Store","article_publisher":"https:\/\/www.facebook.com\/MalinaBeautyShopMe\/","article_modified_time":"2024-11-10T00:54:37+00:00","og_image":[{"width":1200,"height":1200,"url":"https:\/\/malinacosmetics.com\/wp-content\/uploads\/2024\/10\/Lador_Anti-Yellow-Shampoo-300ml.jpg","type":"image\/jpeg"}],"twitter_card":"summary_large_image","schema":{"@context":"https:\/\/schema.org","@graph":[{"@type":["WebPage","ItemPage"],"@id":"https:\/\/malinacosmetics.com\/\u043f\u0440\u043e\u0438\u0437\u0432\u043e\u0434\/lador-anti-yellow-shampoo-300ml\/","url":"https:\/\/malinacosmetics.com\/\u043f\u0440\u043e\u0438\u0437\u0432\u043e\u0434\/lador-anti-yellow-shampoo-300ml\/","name":"LADOR Anti Yellow Shampoo 300ml - Malina Beauty Store","isPartOf":{"@id":"https:\/\/malinacosmetics.com\/#website"},"datePublished":"2024-10-24T16:19:05+00:00","dateModified":"2024-11-10T00:54:37+00:00","description":"LADOR Anti Yellow Shampoo 300ml","breadcrumb":{"@id":"https:\/\/malinacosmetics.com\/\u043f\u0440\u043e\u0438\u0437\u0432\u043e\u0434\/lador-anti-yellow-shampoo-300ml\/#breadcrumb"},"inLanguage":"sr-RS","potentialAction":[{"@type":"ReadAction","target":["https:\/\/malinacosmetics.com\/\u043f\u0440\u043e\u0438\u0437\u0432\u043e\u0434\/lador-anti-yellow-shampoo-300ml\/"]}]},{"@type":"BreadcrumbList","@id":"https:\/\/malinacosmetics.com\/\u043f\u0440\u043e\u0438\u0437\u0432\u043e\u0434\/lador-anti-yellow-shampoo-300ml\/#breadcrumb","itemListElement":[{"@type":"ListItem","position":1,"name":"\u0413\u043b\u0430\u0432\u043d\u0430\u044f \u0441\u0442\u0440\u0430\u043d\u0438\u0446\u0430","item":"https:\/\/malinacosmetics.com\/"},{"@type":"ListItem","position":2,"name":"\u041a\u0430\u0442\u0430\u043b\u043e\u0433","item":"https:\/\/malinacosmetics.com\/sr\/shop\/"},{"@type":"ListItem","position":3,"name":"LADOR Anti Yellow Shampoo 300ml"}]},{"@type":"WebSite","@id":"https:\/\/malinacosmetics.com\/#website","url":"https:\/\/malinacosmetics.com\/","name":"Malina Beauty Store","description":"Prodaja korejske kozmetike za Crnu Goru","publisher":{"@id":"https:\/\/malinacosmetics.com\/#organization"},"potentialAction":[{"@type":"SearchAction","target":{"@type":"EntryPoint","urlTemplate":"https:\/\/malinacosmetics.com\/?s={search_term_string}"},"query-input":"required name=search_term_string"}],"inLanguage":"sr-RS"},{"@type":"Organization","@id":"https:\/\/malinacosmetics.com\/#organization","name":"malinacosmetics","url":"https:\/\/malinacosmetics.com\/","logo":{"@type":"ImageObject","inLanguage":"sr-RS","@id":"https:\/\/malinacosmetics.com\/#\/schema\/logo\/image\/","url":"https:\/\/malinacosmetics.com\/wp-content\/uploads\/2021\/07\/logo.png","contentUrl":"https:\/\/malinacosmetics.com\/wp-content\/uploads\/2021\/07\/logo.png","width":500,"height":353,"caption":"malinacosmetics"},"image":{"@id":"https:\/\/malinacosmetics.com\/#\/schema\/logo\/image\/"},"sameAs":["https:\/\/www.facebook.com\/MalinaBeautyShopMe\/"]}]},"product_brand":"simple","product_price_amount":"16.00","product_price_currency":"EUR","og_availability":"instock","product_availability":"instock","product_condition":"new"},"jetpack_sharing_enabled":true,"_links":{"self":[{"href":"https:\/\/malinacosmetics.com\/sr\/wp-json\/wp\/v2\/product\/6506","targetHints":{"allow":["GET"]}}],"collection":[{"href":"https:\/\/malinacosmetics.com\/sr\/wp-json\/wp\/v2\/product"}],"about":[{"href":"https:\/\/malinacosmetics.com\/sr\/wp-json\/wp\/v2\/types\/product"}],"wp:featuredmedia":[{"embeddable":true,"href":"https:\/\/malinacosmetics.com\/sr\/wp-json\/wp\/v2\/media\/6476"}],"wp:attachment":[{"href":"https:\/\/malinacosmetics.com\/sr\/wp-json\/wp\/v2\/media?parent=6506"}],"wp:term":[{"taxonomy":"product_brand","embeddable":true,"href":"https:\/\/malinacosmetics.com\/sr\/wp-json\/wp\/v2\/product_brand?post=6506"},{"taxonomy":"product_cat","embeddable":true,"href":"https:\/\/malinacosmetics.com\/sr\/wp-json\/wp\/v2\/product_cat?post=6506"},{"taxonomy":"product_tag","embeddable":true,"href":"https:\/\/malinacosmetics.com\/sr\/wp-json\/wp\/v2\/product_tag?post=6506"}],"curies":[{"name":"wp","href":"https:\/\/api.w.org\/{rel}","templated":true}]}}