{"id":6505,"date":"2024-10-24T16:40:41","date_gmt":"2024-10-24T14:40:41","guid":{"rendered":"https:\/\/malinacosmetics.com\/?post_type=product&#038;p=6505"},"modified":"2024-11-10T01:56:17","modified_gmt":"2024-11-10T00:56:17","slug":"lador-ash-silver-shampoo-300ml","status":"publish","type":"product","link":"https:\/\/malinacosmetics.com\/sr\/\u043f\u0440\u043e\u0438\u0437\u0432\u043e\u0434\/lador-ash-silver-shampoo-300ml\/","title":{"rendered":"LADOR Ash Silver Shampoo 300ml"},"content":{"rendered":"<p class=\"translation-block\">Hidratantni tonirani \u0161ampon namijenjen je za stvaranje i odr\u017eavanje pepeljastog, srebrnog tona kose. Nje\u017eno \u010disti korijen kose, uklanjaju\u0107i vi\u0161ak sebuma, ne\u010disto\u0107e i mrtve \u0107elije ko\u017ee, pritom elimini\u0161u\u0107i \u017eutost i odr\u017eavaju\u0107i hladan ton izbijeljene i svijetle obojene kose. Omek\u0161ava i hrani kosu tokom pranja, obnavlja je, sprje\u010dava suvo\u0107u i lomljivost, \u010dini je glatkom, poslu\u0161nom i svilenkastom. \n<br>pH nivo 5.0-6.0. Pogodan je za one koji \u017eele poja\u010dati ili odr\u017eavati svijetli srebrno-pepeljasti ton kose.<br>\nGlavni aktivni sastojci:<br>\nHidrolizovani keratin: izravnava ljuskice kose, uklanja suvo\u0107u, omek\u0161ava i poma\u017ee zadr\u017eavanju vlage, spre\u010dava lomljivost, kondicionira i zagla\u0111uje.<br>\nHidrolizovani kolagen: izravnava keratinske ljuskice, popunjava o\u0161te\u0107ene delove, obnavlja i zgu\u0161njava kosu.<br>\nHidrolizovani proteini (kukuruz, krompir, pirina\u010d i soja): obavijaju kosu nevidljivim za\u0161titnim slojem, koji zadr\u017eava vlagu, uklanja suvo\u0107u i \u0161titi od \u0161tetnih spolja\u0161nih faktora.<br>\nHidrolizovani ekstensin: bogat je aminokiselinama. Odr\u017eava potreban nivo hidratacije, uklanja suvo\u0107u i spre\u010dava dehidrataciju.<br>\nAlantoin: poma\u017ee u uklanjanju peruti, normalizuje rad lojnih \u017elezda i smanjuje masno\u0107u kose.<br>\nPantenol (vitamin B5): stimuli\u0161e intenzivan rast i bu\u0111enje folikula dlake, spre\u010dava opadanje, hidrira i odr\u017eava optimalan nivo vlage.<br>\nPogodan je za svetlu, izbeljenu i obojenu kosu.<\/p>\n<p><strong><br>Na\u010din upotrebe:<\/strong> Nanesite \u0161ampon na vla\u017enu ko\u017eu glave, umasirajte, sa\u010dekajte 3-5 minuta i dobro isperite vodom.<\/p>\n<hr \/>\n<div>\n<p><em><b><em>Sastojci:<\/em><\/b> Purified water, sodium C14-16 olefin sulfonate, cocamidopropyl betaine, lauramide diaye, sodium lauroylmethylaminopropionate, glycol dystearate, ethanol, butylene glycol, sodium chloride, allantoin, panthenol, hydrolized potato protein, hydrolized rice protein, hydrolized corn protein, hydrolized corn protein, hydrolized xtensin, hydrolized keratin, hydrolized collagen, hydrolized bean protein, phenoxyethanol, citric acid, 1,2-hexanediol, polyquaterium alpha-isomethylionone<\/em><\/p>\n<\/div>","protected":false},"excerpt":{"rendered":"<p>Hidratantni tonirani \u0161ampon za stvaranje i odr\u017eavanje pepeljastog, srebrnog tona kose. 300ml<\/p>","protected":false},"featured_media":6463,"template":"","meta":{"_acf_changed":false},"product_brand":[],"product_cat":[418,171,622,617,621,172],"product_tag":[596],"class_list":{"0":"post-6505","1":"product","2":"type-product","3":"status-publish","4":"has-post-thumbnail","6":"product_cat-lador","7":"product_cat-haircare","8":"product_cat-hairtoner","9":"product_cat-alltypehairs","10":"product_cat-coloredhair","11":"product_cat-shampoo","12":"product_tag-lador-ash-silver","14":"first","15":"instock","16":"shipping-taxable","17":"purchasable","18":"product-type-simple"},"acf":[],"yoast_head":"<!-- This site is optimized with the Yoast SEO Premium plugin v19.6 (Yoast SEO v20.11) - https:\/\/yoast.com\/wordpress\/plugins\/seo\/ -->\n<title>LADOR Ash Silver Shampoo 300ml - Malina Beauty Store<\/title>\n<meta name=\"description\" content=\"LADOR Ash Silver Shampoo 300ml\" \/>\n<meta name=\"robots\" content=\"index, follow, max-snippet:-1, max-image-preview:large, max-video-preview:-1\" \/>\n<link rel=\"canonical\" href=\"https:\/\/malinacosmetics.com\/sr\/\u043f\u0440\u043e\u0438\u0437\u0432\u043e\u0434\/lador-ash-silver-shampoo-300ml\/\" \/>\n<meta property=\"og:locale\" content=\"sr_RS\" \/>\n<meta property=\"og:type\" content=\"article\" \/>\n<meta property=\"og:title\" content=\"LADOR Ash Silver Shampoo 300ml\" \/>\n<meta property=\"og:description\" content=\"LADOR Ash Silver Shampoo 300ml\" \/>\n<meta property=\"og:url\" content=\"https:\/\/malinacosmetics.com\/sr\/\u043f\u0440\u043e\u0438\u0437\u0432\u043e\u0434\/lador-ash-silver-shampoo-300ml\/\" \/>\n<meta property=\"og:site_name\" content=\"Malina Beauty Store\" \/>\n<meta property=\"article:publisher\" content=\"https:\/\/www.facebook.com\/MalinaBeautyShopMe\/\" \/>\n<meta property=\"article:modified_time\" content=\"2024-11-10T00:56:17+00:00\" \/>\n<meta property=\"og:image\" content=\"https:\/\/malinacosmetics.com\/wp-content\/uploads\/2024\/10\/Lador-Ash-Silver-Shampoo.jpg\" \/>\n\t<meta property=\"og:image:width\" content=\"1200\" \/>\n\t<meta property=\"og:image:height\" content=\"1200\" \/>\n\t<meta property=\"og:image:type\" content=\"image\/jpeg\" \/>\n<meta name=\"twitter:card\" content=\"summary_large_image\" \/>\n<script type=\"application\/ld+json\" class=\"yoast-schema-graph\">{\"@context\":\"https:\/\/schema.org\",\"@graph\":[{\"@type\":[\"WebPage\",\"ItemPage\"],\"@id\":\"https:\/\/malinacosmetics.com\/\u043f\u0440\u043e\u0438\u0437\u0432\u043e\u0434\/lador-ash-silver-shampoo-300ml\/\",\"url\":\"https:\/\/malinacosmetics.com\/\u043f\u0440\u043e\u0438\u0437\u0432\u043e\u0434\/lador-ash-silver-shampoo-300ml\/\",\"name\":\"LADOR Ash Silver Shampoo 300ml - Malina Beauty Store\",\"isPartOf\":{\"@id\":\"https:\/\/malinacosmetics.com\/#website\"},\"datePublished\":\"2024-10-24T14:40:41+00:00\",\"dateModified\":\"2024-11-10T00:56:17+00:00\",\"description\":\"LADOR Ash Silver Shampoo 300ml\",\"breadcrumb\":{\"@id\":\"https:\/\/malinacosmetics.com\/\u043f\u0440\u043e\u0438\u0437\u0432\u043e\u0434\/lador-ash-silver-shampoo-300ml\/#breadcrumb\"},\"inLanguage\":\"sr-RS\",\"potentialAction\":[{\"@type\":\"ReadAction\",\"target\":[\"https:\/\/malinacosmetics.com\/\u043f\u0440\u043e\u0438\u0437\u0432\u043e\u0434\/lador-ash-silver-shampoo-300ml\/\"]}]},{\"@type\":\"BreadcrumbList\",\"@id\":\"https:\/\/malinacosmetics.com\/\u043f\u0440\u043e\u0438\u0437\u0432\u043e\u0434\/lador-ash-silver-shampoo-300ml\/#breadcrumb\",\"itemListElement\":[{\"@type\":\"ListItem\",\"position\":1,\"name\":\"\u0413\u043b\u0430\u0432\u043d\u0430\u044f \u0441\u0442\u0440\u0430\u043d\u0438\u0446\u0430\",\"item\":\"https:\/\/malinacosmetics.com\/\"},{\"@type\":\"ListItem\",\"position\":2,\"name\":\"\u041a\u0430\u0442\u0430\u043b\u043e\u0433\",\"item\":\"https:\/\/malinacosmetics.com\/sr\/shop\/\"},{\"@type\":\"ListItem\",\"position\":3,\"name\":\"LADOR Ash Silver Shampoo 300ml\"}]},{\"@type\":\"WebSite\",\"@id\":\"https:\/\/malinacosmetics.com\/#website\",\"url\":\"https:\/\/malinacosmetics.com\/\",\"name\":\"Malina Beauty Store\",\"description\":\"Prodaja korejske kozmetike za Crnu Goru\",\"publisher\":{\"@id\":\"https:\/\/malinacosmetics.com\/#organization\"},\"potentialAction\":[{\"@type\":\"SearchAction\",\"target\":{\"@type\":\"EntryPoint\",\"urlTemplate\":\"https:\/\/malinacosmetics.com\/?s={search_term_string}\"},\"query-input\":\"required name=search_term_string\"}],\"inLanguage\":\"sr-RS\"},{\"@type\":\"Organization\",\"@id\":\"https:\/\/malinacosmetics.com\/#organization\",\"name\":\"malinacosmetics\",\"url\":\"https:\/\/malinacosmetics.com\/\",\"logo\":{\"@type\":\"ImageObject\",\"inLanguage\":\"sr-RS\",\"@id\":\"https:\/\/malinacosmetics.com\/#\/schema\/logo\/image\/\",\"url\":\"https:\/\/malinacosmetics.com\/wp-content\/uploads\/2021\/07\/logo.png\",\"contentUrl\":\"https:\/\/malinacosmetics.com\/wp-content\/uploads\/2021\/07\/logo.png\",\"width\":500,\"height\":353,\"caption\":\"malinacosmetics\"},\"image\":{\"@id\":\"https:\/\/malinacosmetics.com\/#\/schema\/logo\/image\/\"},\"sameAs\":[\"https:\/\/www.facebook.com\/MalinaBeautyShopMe\/\"]}]}<\/script>\n<meta property=\"product:brand\" content=\"simple\" \/>\n<meta property=\"product:price:amount\" content=\"18.00\" \/>\n<meta property=\"product:price:currency\" content=\"EUR\" \/>\n<meta property=\"og:availability\" content=\"instock\" \/>\n<meta property=\"product:availability\" content=\"instock\" \/>\n<meta property=\"product:condition\" content=\"new\" \/>\n<!-- \/ Yoast SEO Premium plugin. -->","yoast_head_json":{"title":"LADOR Ash Silver Shampoo 300ml - Malina Beauty Store","description":"LADOR Ash Silver Shampoo 300ml","robots":{"index":"index","follow":"follow","max-snippet":"max-snippet:-1","max-image-preview":"max-image-preview:large","max-video-preview":"max-video-preview:-1"},"canonical":"https:\/\/malinacosmetics.com\/sr\/\u043f\u0440\u043e\u0438\u0437\u0432\u043e\u0434\/lador-ash-silver-shampoo-300ml\/","og_locale":"sr_RS","og_type":"article","og_title":"LADOR Ash Silver Shampoo 300ml","og_description":"LADOR Ash Silver Shampoo 300ml","og_url":"https:\/\/malinacosmetics.com\/sr\/\u043f\u0440\u043e\u0438\u0437\u0432\u043e\u0434\/lador-ash-silver-shampoo-300ml\/","og_site_name":"Malina Beauty Store","article_publisher":"https:\/\/www.facebook.com\/MalinaBeautyShopMe\/","article_modified_time":"2024-11-10T00:56:17+00:00","og_image":[{"width":1200,"height":1200,"url":"https:\/\/malinacosmetics.com\/wp-content\/uploads\/2024\/10\/Lador-Ash-Silver-Shampoo.jpg","type":"image\/jpeg"}],"twitter_card":"summary_large_image","schema":{"@context":"https:\/\/schema.org","@graph":[{"@type":["WebPage","ItemPage"],"@id":"https:\/\/malinacosmetics.com\/\u043f\u0440\u043e\u0438\u0437\u0432\u043e\u0434\/lador-ash-silver-shampoo-300ml\/","url":"https:\/\/malinacosmetics.com\/\u043f\u0440\u043e\u0438\u0437\u0432\u043e\u0434\/lador-ash-silver-shampoo-300ml\/","name":"LADOR Ash Silver Shampoo 300ml - Malina Beauty Store","isPartOf":{"@id":"https:\/\/malinacosmetics.com\/#website"},"datePublished":"2024-10-24T14:40:41+00:00","dateModified":"2024-11-10T00:56:17+00:00","description":"LADOR Ash Silver Shampoo 300ml","breadcrumb":{"@id":"https:\/\/malinacosmetics.com\/\u043f\u0440\u043e\u0438\u0437\u0432\u043e\u0434\/lador-ash-silver-shampoo-300ml\/#breadcrumb"},"inLanguage":"sr-RS","potentialAction":[{"@type":"ReadAction","target":["https:\/\/malinacosmetics.com\/\u043f\u0440\u043e\u0438\u0437\u0432\u043e\u0434\/lador-ash-silver-shampoo-300ml\/"]}]},{"@type":"BreadcrumbList","@id":"https:\/\/malinacosmetics.com\/\u043f\u0440\u043e\u0438\u0437\u0432\u043e\u0434\/lador-ash-silver-shampoo-300ml\/#breadcrumb","itemListElement":[{"@type":"ListItem","position":1,"name":"\u0413\u043b\u0430\u0432\u043d\u0430\u044f \u0441\u0442\u0440\u0430\u043d\u0438\u0446\u0430","item":"https:\/\/malinacosmetics.com\/"},{"@type":"ListItem","position":2,"name":"\u041a\u0430\u0442\u0430\u043b\u043e\u0433","item":"https:\/\/malinacosmetics.com\/sr\/shop\/"},{"@type":"ListItem","position":3,"name":"LADOR Ash Silver Shampoo 300ml"}]},{"@type":"WebSite","@id":"https:\/\/malinacosmetics.com\/#website","url":"https:\/\/malinacosmetics.com\/","name":"Malina Beauty Store","description":"Prodaja korejske kozmetike za Crnu Goru","publisher":{"@id":"https:\/\/malinacosmetics.com\/#organization"},"potentialAction":[{"@type":"SearchAction","target":{"@type":"EntryPoint","urlTemplate":"https:\/\/malinacosmetics.com\/?s={search_term_string}"},"query-input":"required name=search_term_string"}],"inLanguage":"sr-RS"},{"@type":"Organization","@id":"https:\/\/malinacosmetics.com\/#organization","name":"malinacosmetics","url":"https:\/\/malinacosmetics.com\/","logo":{"@type":"ImageObject","inLanguage":"sr-RS","@id":"https:\/\/malinacosmetics.com\/#\/schema\/logo\/image\/","url":"https:\/\/malinacosmetics.com\/wp-content\/uploads\/2021\/07\/logo.png","contentUrl":"https:\/\/malinacosmetics.com\/wp-content\/uploads\/2021\/07\/logo.png","width":500,"height":353,"caption":"malinacosmetics"},"image":{"@id":"https:\/\/malinacosmetics.com\/#\/schema\/logo\/image\/"},"sameAs":["https:\/\/www.facebook.com\/MalinaBeautyShopMe\/"]}]},"product_brand":"simple","product_price_amount":"18.00","product_price_currency":"EUR","og_availability":"instock","product_availability":"instock","product_condition":"new"},"jetpack_sharing_enabled":true,"_links":{"self":[{"href":"https:\/\/malinacosmetics.com\/sr\/wp-json\/wp\/v2\/product\/6505","targetHints":{"allow":["GET"]}}],"collection":[{"href":"https:\/\/malinacosmetics.com\/sr\/wp-json\/wp\/v2\/product"}],"about":[{"href":"https:\/\/malinacosmetics.com\/sr\/wp-json\/wp\/v2\/types\/product"}],"wp:featuredmedia":[{"embeddable":true,"href":"https:\/\/malinacosmetics.com\/sr\/wp-json\/wp\/v2\/media\/6463"}],"wp:attachment":[{"href":"https:\/\/malinacosmetics.com\/sr\/wp-json\/wp\/v2\/media?parent=6505"}],"wp:term":[{"taxonomy":"product_brand","embeddable":true,"href":"https:\/\/malinacosmetics.com\/sr\/wp-json\/wp\/v2\/product_brand?post=6505"},{"taxonomy":"product_cat","embeddable":true,"href":"https:\/\/malinacosmetics.com\/sr\/wp-json\/wp\/v2\/product_cat?post=6505"},{"taxonomy":"product_tag","embeddable":true,"href":"https:\/\/malinacosmetics.com\/sr\/wp-json\/wp\/v2\/product_tag?post=6505"}],"curies":[{"name":"wp","href":"https:\/\/api.w.org\/{rel}","templated":true}]}}