{"id":6496,"date":"2024-10-14T19:07:51","date_gmt":"2024-10-14T17:07:51","guid":{"rendered":"https:\/\/malinacosmetics.com\/?post_type=product&#038;p=6496"},"modified":"2025-09-27T12:49:06","modified_gmt":"2025-09-27T10:49:06","slug":"lador-herbalism-shampoo-400ml2","status":"publish","type":"product","link":"https:\/\/malinacosmetics.com\/sr\/\u043f\u0440\u043e\u0438\u0437\u0432\u043e\u0434\/lador-herbalism-shampoo-400ml2\/","title":{"rendered":"LADOR Herbalism Shampoo 400ml"},"content":{"rendered":"<p class=\"translation-block\">\u0160ampon sa biljnim ekstraktima je funkcionalni proizvod sertifikovan za ubla\u017eavanje svih simptoma opadanja kose. Stimuli\u0161e rast kose i stvaranje novih folikula dlake, ja\u010da koren i spre\u010dava ispadanje kose. O\u017eivljava oslabljenu kosu, umiruje iritirano vlasi\u0161te i vra\u0107a joj neverovatnu meko\u0107u i sjaj.\nBlago kiseli biljni \u0161ampon (pH 4.8) dubinski obnavlja oslabljenu kosu i umiruje iritirano vlasi\u0161te, ja\u010da folikule dlake, spre\u010dava gubitak i lomljenje kose. Temeljno \u010disti ko\u017eu glave bez naru\u0161avanja njenog prirodnog pH balansa, uklanja perut, elimini\u0161e perutanje i vra\u0107a kosi zdrav izgled, meko\u0107u i sjaj. Odr\u017eava ko\u017eu glave optimalno hidriranom i \u010distom, spre\u010dava prekomerno lu\u010denje sebuma i elimini\u0161e masan sjaj.\n\u0160ampon neutrali\u0161e negativne uticaje tvrde vode, toplotnih ure\u0111aja za oblikovanje, proizvoda za stilizovanje i faktora iz \u017eivotne sredine na zdravlje i lepotu kose i vlasi\u0161ta.\nU kontaktu sa vodom \u0161ampon se razvija u laganu penu koja ne\u017eno uklanja sebum, pra\u0161inu, ne\u010disto\u0107e i ostatke drugih proizvoda, dok dubinski hidrira, osve\u017eava i hrani kosu.<br>\nGlavni aktivni sastojci:<br>\nSalicilna kiselina uklanja ne\u010disto\u0107e, sebum i izumrle \u0107elije ko\u017ee.<br>\nNiacinamid podsti\u010de rast nove kose, hrani folikule dlake, umiruje iritirano vlasi\u0161te, pobolj\u0161ava mikrocirkulaciju.<br>\nKompleks od 20 amino-kiselina dubinski obnavlja strukturu dlake tako \u0161to se ugra\u0111uje u o\u0161te\u0107ena podru\u010dja, ja\u010da i odr\u017eava njen za\u0161titni sloj.<br>\nKompleks od 7 biljnih ekstrakata (hamamelis, mati\u010dnjak, lavanda, eukaliptus, kameleon, menta, lavanda) umiruje iritirano vlasi\u0161te, ubla\u017eava upale, elimini\u0161e svrab i pru\u017ea prijatan ose\u0107aj hla\u0111enja.<br>\nPantenoldubinski hidrira ko\u017eu glave i odr\u017eava optimalni nivo vla\u017enosti.<br>\nFormula Herbalism \u0161ampona je bez silikona, sulfata, parabena i ve\u0161ta\u010dkih boja.<br>\nUpotreba \u0161ampona naro\u010dito se preporu\u010duje za tanku, oslabljenu i o\u0161te\u0107enu kosu.<\/p>\n<p><strong><br>Na\u010din upotrebe:<\/strong> Nanesite manju koli\u010dinu \u0161ampona na mokru kosu i vlasi\u0161te. Ne\u017eno masirajte vlasi\u0161te dok se ne razvije pena. Temeljno isperite kosu \u010distom vodom.<\/p>\n<hr \/>\n<div>\n<p><em><b><em>Sastojci:<\/em><\/b> <span data-sheets-value=\"{&quot;1&quot;:2,&quot;2&quot;:&quot;Water, Sodium C14-16 Oleffin Sulfonate, Coco-Betaine, Glycerine, Butylene Glycol, Decyl Glucoside, Cocamide MEA, Caprylhydroxamic Acid, Methylpropanediol, Cynanchum Atratum Extract, Guar Hydroxypropyltrimonium Chloride, Panthenol, Salicylic Acid, Citric Acid, Disodium EDTA, Niacinamide, Ethylhexylglycerin, Arginine, Leucine,Tryptophan, Lysine, Isoleucine, Threonine, Methionine, Histidine, Asparagine, Alanine, Proline, Glutamic Acid,Glutamine, Glycine, Valine, Phenylalanine, Aspartic Acid, Tyrosine, Serine, Cystine, Rehmannia Glutinosa Root Extract, Cornus Officinalis Fruit Extract, Dioscorea Japonica Root Extract, Alisma Orientale Tuber Extract, Poria Cocos Sclerotium Extract, Paeonia Suffruticosa Root Extract, Hamamelis Virginiana (Witch Hazel) Leaf Extract,Salvia Officinalis (Sage) Leaf Extract, Melissa Officinalis Leaf Extract, Mentha Piperita (Peppermint) Extract, Lavandula Angustifolia (Lavender) Flower Extract, Houttuynia Cordata Extract, Eucalyptus Globulus Leaf Extract,Glycine Max (Soybean) Seed Extract, Zingiber Officinale (Ginger)Root Extract, Curcuma Longa (Turmeric) RootExtract, Chlorophyllin-Copper Complex, Benzyl Benzoate, Limonene, Linalool, Fragrance.&quot;}\" data-sheets-userformat=\"{&quot;2&quot;:15039,&quot;3&quot;:{&quot;1&quot;:0},&quot;4&quot;:{&quot;1&quot;:3,&quot;3&quot;:2},&quot;5&quot;:{&quot;1&quot;:[{&quot;1&quot;:2,&quot;2&quot;:0,&quot;5&quot;:{&quot;1&quot;:2,&quot;2&quot;:0}},{&quot;1&quot;:0,&quot;2&quot;:0,&quot;3&quot;:3},{&quot;1&quot;:1,&quot;2&quot;:0,&quot;4&quot;:1}]},&quot;6&quot;:{&quot;1&quot;:[{&quot;1&quot;:2,&quot;2&quot;:0,&quot;5&quot;:{&quot;1&quot;:2,&quot;2&quot;:0}},{&quot;1&quot;:0,&quot;2&quot;:0,&quot;3&quot;:3},{&quot;1&quot;:1,&quot;2&quot;:0,&quot;4&quot;:1}]},&quot;7&quot;:{&quot;1&quot;:[{&quot;1&quot;:2,&quot;2&quot;:0,&quot;5&quot;:{&quot;1&quot;:2,&quot;2&quot;:0}},{&quot;1&quot;:0,&quot;2&quot;:0,&quot;3&quot;:3},{&quot;1&quot;:1,&quot;2&quot;:0,&quot;4&quot;:1}]},&quot;8&quot;:{&quot;1&quot;:[{&quot;1&quot;:2,&quot;2&quot;:0,&quot;5&quot;:{&quot;1&quot;:2,&quot;2&quot;:0}},{&quot;1&quot;:0,&quot;2&quot;:0,&quot;3&quot;:3},{&quot;1&quot;:1,&quot;2&quot;:0,&quot;4&quot;:1}]},&quot;10&quot;:1,&quot;12&quot;:0,&quot;14&quot;:{&quot;1&quot;:3,&quot;3&quot;:1},&quot;15&quot;:&quot;Calibri&quot;,&quot;16&quot;:9}\">Water, Sodium C14-16 Oleffin Sulfonate, Coco-Betaine, Glycerine, Butylene Glycol, Decyl Glucoside, Cocamide MEA, Caprylhydroxamic Acid, Methylpropanediol, Cynanchum Atratum Extract, Guar Hydroxypropyltrimonium Chloride, Panthenol, Salicylic Acid, Citric Acid, Disodium EDTA, Niacinamide, Ethylhexylglycerin, Arginine, Leucine,Tryptophan, Lysine, Isoleucine, Threonine, Methionine, Histidine, Asparagine, Alanine, Proline, Glutamic Acid,Glutamine, Glycine, Valine, Phenylalanine, Aspartic Acid, Tyrosine, Serine, Cystine, Rehmannia Glutinosa Root Extract, Cornus Officinalis Fruit Extract, Dioscorea Japonica Root Extract, Alisma Orientale Tuber Extract, Poria Cocos Sclerotium Extract, Paeonia Suffruticosa Root Extract, Hamamelis Virginiana (Witch Hazel) Leaf Extract,Salvia Officinalis (Sage) Leaf Extract, Melissa Officinalis Leaf Extract, Mentha Piperita (Peppermint) Extract, Lavandula Angustifolia (Lavender) Flower Extract, Houttuynia Cordata Extract, Eucalyptus Globulus Leaf Extract,Glycine Max (Soybean) Seed Extract, Zingiber Officinale (Ginger)Root Extract, Curcuma Longa (Turmeric) RootExtract, Chlorophyllin-Copper Complex, Benzyl Benzoate, Limonene, Linalool, Fragrance.<\/span><\/em><\/p>\n<p><em><b><\/b><br \/>\n<\/em><\/p>\n<p>&nbsp;<\/p>\n<\/div>","protected":false},"excerpt":{"rendered":"<p>Slabokiseli biljni \u0161ampon sa aminokiselinama za oslabljenu kosu. 400ml<\/p>","protected":false},"featured_media":6480,"template":"","meta":{"_acf_changed":false},"product_brand":[],"product_cat":[418,171,610,612,611,617,599,601,172],"product_tag":[430],"class_list":{"0":"post-6496","1":"product","2":"type-product","3":"status-publish","4":"has-post-thumbnail","6":"product_cat-lador","7":"product_cat-haircare","8":"product_cat-hairpurifying","9":"product_cat-hairnutrition","10":"product_cat-hairmoisture","11":"product_cat-alltypehairs","12":"product_cat-dryscalp","13":"product_cat-sensitivescalp","14":"product_cat-shampoo","15":"product_tag-lador-herbalism","17":"first","18":"instock","19":"shipping-taxable","20":"purchasable","21":"product-type-simple"},"acf":[],"yoast_head":"<!-- This site is optimized with the Yoast SEO Premium plugin v19.6 (Yoast SEO v20.11) - https:\/\/yoast.com\/wordpress\/plugins\/seo\/ -->\n<title>LADOR Herbalism Shampoo 400ml - Malina Beauty Store<\/title>\n<meta name=\"description\" content=\"LADOR Herbalism Shampoo 400ml\" \/>\n<meta name=\"robots\" content=\"index, follow, max-snippet:-1, max-image-preview:large, max-video-preview:-1\" \/>\n<link rel=\"canonical\" href=\"https:\/\/malinacosmetics.com\/sr\/\u043f\u0440\u043e\u0438\u0437\u0432\u043e\u0434\/lador-herbalism-shampoo-400ml2\/\" \/>\n<meta property=\"og:locale\" content=\"sr_RS\" \/>\n<meta property=\"og:type\" content=\"article\" \/>\n<meta property=\"og:title\" content=\"LADOR Herbalism Shampoo 400ml\" \/>\n<meta property=\"og:description\" content=\"LADOR Herbalism Shampoo 400ml\" \/>\n<meta property=\"og:url\" content=\"https:\/\/malinacosmetics.com\/sr\/\u043f\u0440\u043e\u0438\u0437\u0432\u043e\u0434\/lador-herbalism-shampoo-400ml2\/\" \/>\n<meta property=\"og:site_name\" content=\"Malina Beauty Store\" \/>\n<meta property=\"article:publisher\" content=\"https:\/\/www.facebook.com\/MalinaBeautyShopMe\/\" \/>\n<meta property=\"article:modified_time\" content=\"2025-09-27T10:49:06+00:00\" \/>\n<meta property=\"og:image\" content=\"https:\/\/malinacosmetics.com\/wp-content\/uploads\/2024\/10\/Lador-Herbalism-Shampoo-400ml.jpg\" \/>\n\t<meta property=\"og:image:width\" content=\"1200\" \/>\n\t<meta property=\"og:image:height\" content=\"1200\" \/>\n\t<meta property=\"og:image:type\" content=\"image\/jpeg\" \/>\n<meta name=\"twitter:card\" content=\"summary_large_image\" \/>\n<script type=\"application\/ld+json\" class=\"yoast-schema-graph\">{\"@context\":\"https:\/\/schema.org\",\"@graph\":[{\"@type\":[\"WebPage\",\"ItemPage\"],\"@id\":\"https:\/\/malinacosmetics.com\/product\/lador-herbalism-shampoo-400ml2\/\",\"url\":\"https:\/\/malinacosmetics.com\/product\/lador-herbalism-shampoo-400ml2\/\",\"name\":\"LADOR Herbalism Shampoo 400ml - Malina Beauty Store\",\"isPartOf\":{\"@id\":\"https:\/\/malinacosmetics.com\/#website\"},\"datePublished\":\"2024-10-14T17:07:51+00:00\",\"dateModified\":\"2025-09-27T10:49:06+00:00\",\"description\":\"LADOR Herbalism Shampoo 400ml\",\"breadcrumb\":{\"@id\":\"https:\/\/malinacosmetics.com\/product\/lador-herbalism-shampoo-400ml2\/#breadcrumb\"},\"inLanguage\":\"sr-RS\",\"potentialAction\":[{\"@type\":\"ReadAction\",\"target\":[\"https:\/\/malinacosmetics.com\/product\/lador-herbalism-shampoo-400ml2\/\"]}]},{\"@type\":\"BreadcrumbList\",\"@id\":\"https:\/\/malinacosmetics.com\/product\/lador-herbalism-shampoo-400ml2\/#breadcrumb\",\"itemListElement\":[{\"@type\":\"ListItem\",\"position\":1,\"name\":\"\u0413\u043b\u0430\u0432\u043d\u0430\u044f \u0441\u0442\u0440\u0430\u043d\u0438\u0446\u0430\",\"item\":\"https:\/\/malinacosmetics.com\/\"},{\"@type\":\"ListItem\",\"position\":2,\"name\":\"\u041a\u0430\u0442\u0430\u043b\u043e\u0433\",\"item\":\"https:\/\/malinacosmetics.com\/sr\/shop\/\"},{\"@type\":\"ListItem\",\"position\":3,\"name\":\"LADOR Herbalism Shampoo 400ml\"}]},{\"@type\":\"WebSite\",\"@id\":\"https:\/\/malinacosmetics.com\/#website\",\"url\":\"https:\/\/malinacosmetics.com\/\",\"name\":\"Malina Beauty Store\",\"description\":\"Prodaja korejske kozmetike za Crnu Goru\",\"publisher\":{\"@id\":\"https:\/\/malinacosmetics.com\/#organization\"},\"potentialAction\":[{\"@type\":\"SearchAction\",\"target\":{\"@type\":\"EntryPoint\",\"urlTemplate\":\"https:\/\/malinacosmetics.com\/?s={search_term_string}\"},\"query-input\":\"required name=search_term_string\"}],\"inLanguage\":\"sr-RS\"},{\"@type\":\"Organization\",\"@id\":\"https:\/\/malinacosmetics.com\/#organization\",\"name\":\"malinacosmetics\",\"url\":\"https:\/\/malinacosmetics.com\/\",\"logo\":{\"@type\":\"ImageObject\",\"inLanguage\":\"sr-RS\",\"@id\":\"https:\/\/malinacosmetics.com\/#\/schema\/logo\/image\/\",\"url\":\"https:\/\/malinacosmetics.com\/wp-content\/uploads\/2021\/07\/logo.png\",\"contentUrl\":\"https:\/\/malinacosmetics.com\/wp-content\/uploads\/2021\/07\/logo.png\",\"width\":500,\"height\":353,\"caption\":\"malinacosmetics\"},\"image\":{\"@id\":\"https:\/\/malinacosmetics.com\/#\/schema\/logo\/image\/\"},\"sameAs\":[\"https:\/\/www.facebook.com\/MalinaBeautyShopMe\/\"]}]}<\/script>\n<meta property=\"product:brand\" content=\"simple\" \/>\n<meta property=\"product:price:amount\" content=\"22.00\" \/>\n<meta property=\"product:price:currency\" content=\"EUR\" \/>\n<meta property=\"og:availability\" content=\"instock\" \/>\n<meta property=\"product:availability\" content=\"instock\" \/>\n<meta property=\"product:condition\" content=\"new\" \/>\n<!-- \/ Yoast SEO Premium plugin. -->","yoast_head_json":{"title":"LADOR Herbalism Shampoo 400ml - Malina Beauty Store","description":"LADOR Herbalism Shampoo 400ml","robots":{"index":"index","follow":"follow","max-snippet":"max-snippet:-1","max-image-preview":"max-image-preview:large","max-video-preview":"max-video-preview:-1"},"canonical":"https:\/\/malinacosmetics.com\/sr\/\u043f\u0440\u043e\u0438\u0437\u0432\u043e\u0434\/lador-herbalism-shampoo-400ml2\/","og_locale":"sr_RS","og_type":"article","og_title":"LADOR Herbalism Shampoo 400ml","og_description":"LADOR Herbalism Shampoo 400ml","og_url":"https:\/\/malinacosmetics.com\/sr\/\u043f\u0440\u043e\u0438\u0437\u0432\u043e\u0434\/lador-herbalism-shampoo-400ml2\/","og_site_name":"Malina Beauty Store","article_publisher":"https:\/\/www.facebook.com\/MalinaBeautyShopMe\/","article_modified_time":"2025-09-27T10:49:06+00:00","og_image":[{"width":1200,"height":1200,"url":"https:\/\/malinacosmetics.com\/wp-content\/uploads\/2024\/10\/Lador-Herbalism-Shampoo-400ml.jpg","type":"image\/jpeg"}],"twitter_card":"summary_large_image","schema":{"@context":"https:\/\/schema.org","@graph":[{"@type":["WebPage","ItemPage"],"@id":"https:\/\/malinacosmetics.com\/product\/lador-herbalism-shampoo-400ml2\/","url":"https:\/\/malinacosmetics.com\/product\/lador-herbalism-shampoo-400ml2\/","name":"LADOR Herbalism Shampoo 400ml - Malina Beauty Store","isPartOf":{"@id":"https:\/\/malinacosmetics.com\/#website"},"datePublished":"2024-10-14T17:07:51+00:00","dateModified":"2025-09-27T10:49:06+00:00","description":"LADOR Herbalism Shampoo 400ml","breadcrumb":{"@id":"https:\/\/malinacosmetics.com\/product\/lador-herbalism-shampoo-400ml2\/#breadcrumb"},"inLanguage":"sr-RS","potentialAction":[{"@type":"ReadAction","target":["https:\/\/malinacosmetics.com\/product\/lador-herbalism-shampoo-400ml2\/"]}]},{"@type":"BreadcrumbList","@id":"https:\/\/malinacosmetics.com\/product\/lador-herbalism-shampoo-400ml2\/#breadcrumb","itemListElement":[{"@type":"ListItem","position":1,"name":"\u0413\u043b\u0430\u0432\u043d\u0430\u044f \u0441\u0442\u0440\u0430\u043d\u0438\u0446\u0430","item":"https:\/\/malinacosmetics.com\/"},{"@type":"ListItem","position":2,"name":"\u041a\u0430\u0442\u0430\u043b\u043e\u0433","item":"https:\/\/malinacosmetics.com\/sr\/shop\/"},{"@type":"ListItem","position":3,"name":"LADOR Herbalism Shampoo 400ml"}]},{"@type":"WebSite","@id":"https:\/\/malinacosmetics.com\/#website","url":"https:\/\/malinacosmetics.com\/","name":"Malina Beauty Store","description":"Prodaja korejske kozmetike za Crnu Goru","publisher":{"@id":"https:\/\/malinacosmetics.com\/#organization"},"potentialAction":[{"@type":"SearchAction","target":{"@type":"EntryPoint","urlTemplate":"https:\/\/malinacosmetics.com\/?s={search_term_string}"},"query-input":"required name=search_term_string"}],"inLanguage":"sr-RS"},{"@type":"Organization","@id":"https:\/\/malinacosmetics.com\/#organization","name":"malinacosmetics","url":"https:\/\/malinacosmetics.com\/","logo":{"@type":"ImageObject","inLanguage":"sr-RS","@id":"https:\/\/malinacosmetics.com\/#\/schema\/logo\/image\/","url":"https:\/\/malinacosmetics.com\/wp-content\/uploads\/2021\/07\/logo.png","contentUrl":"https:\/\/malinacosmetics.com\/wp-content\/uploads\/2021\/07\/logo.png","width":500,"height":353,"caption":"malinacosmetics"},"image":{"@id":"https:\/\/malinacosmetics.com\/#\/schema\/logo\/image\/"},"sameAs":["https:\/\/www.facebook.com\/MalinaBeautyShopMe\/"]}]},"product_brand":"simple","product_price_amount":"22.00","product_price_currency":"EUR","og_availability":"instock","product_availability":"instock","product_condition":"new"},"jetpack_sharing_enabled":true,"_links":{"self":[{"href":"https:\/\/malinacosmetics.com\/sr\/wp-json\/wp\/v2\/product\/6496","targetHints":{"allow":["GET"]}}],"collection":[{"href":"https:\/\/malinacosmetics.com\/sr\/wp-json\/wp\/v2\/product"}],"about":[{"href":"https:\/\/malinacosmetics.com\/sr\/wp-json\/wp\/v2\/types\/product"}],"wp:featuredmedia":[{"embeddable":true,"href":"https:\/\/malinacosmetics.com\/sr\/wp-json\/wp\/v2\/media\/6480"}],"wp:attachment":[{"href":"https:\/\/malinacosmetics.com\/sr\/wp-json\/wp\/v2\/media?parent=6496"}],"wp:term":[{"taxonomy":"product_brand","embeddable":true,"href":"https:\/\/malinacosmetics.com\/sr\/wp-json\/wp\/v2\/product_brand?post=6496"},{"taxonomy":"product_cat","embeddable":true,"href":"https:\/\/malinacosmetics.com\/sr\/wp-json\/wp\/v2\/product_cat?post=6496"},{"taxonomy":"product_tag","embeddable":true,"href":"https:\/\/malinacosmetics.com\/sr\/wp-json\/wp\/v2\/product_tag?post=6496"}],"curies":[{"name":"wp","href":"https:\/\/api.w.org\/{rel}","templated":true}]}}