{"id":6485,"date":"2024-10-14T14:54:33","date_gmt":"2024-10-14T12:54:33","guid":{"rendered":"https:\/\/malinacosmetics.com\/?post_type=product&#038;p=6485"},"modified":"2025-03-09T17:56:54","modified_gmt":"2025-03-09T16:56:54","slug":"lador-damage-protector-acid-conditioner-900ml2","status":"publish","type":"product","link":"https:\/\/malinacosmetics.com\/sr\/\u043f\u0440\u043e\u0438\u0437\u0432\u043e\u0434\/lador-damage-protector-acid-conditioner-900ml2\/","title":{"rendered":"LADOR Damage Protector Acid Conditioner 900ml"},"content":{"rendered":"<p class=\"translation-block\">Za\u0161titni balzam za o\u0161te\u0107enu kosu idealno odgovara za farbanu kosu, kao i za kosu koja je \u010desto izlo\u017eena toplotnoj obradi. Proizvod smanjuje suvo\u0107u i lomljivost, aktivno \u0161titi i ja\u010da boju farbane kose, obnavlja kutikulu, u\u010dvr\u0161\u0107uje boju farbanja, a tako\u0111e dobro zadr\u017eava lokne: nakon hemijskog uvijanja, kovrd\u017ee du\u017ee zadr\u017eavaju svoj oblik. Niska kiselost (pH 4.5) balzama \u010dini ga idealnim za farbanu kosu i za osetljivu ko\u017eu glave. Proizvod se preporu\u010duje koristiti neposredno pre i nakon farbanja.<br>\nGlavni aktivni sastojci:<br>\nHidrolizovani svila \u2014 jedan je od najboljih sastojaka u nezi kose. Odli\u010dno hidrira i \u010dini kosu glatkom i mekom. Stvara za\u0161titni film na svakoj dlaci, daju\u0107i kosi sjaj i blistavost.<br>\nEkstrakt bergamota je pogodan za osetljivu i masnu ko\u017eu glave. Osve\u017eava i hrani ko\u017eu glave.<br>\nEkstrakt nane, zahvaljuju\u0107i prisustvu mentola, ima efekat hla\u0111enja. Preporu\u010duje se u borbi protiv peruti, kao i za osetljivu ko\u017eu glave.<br>\nEkstrakt kamilice ima umiruju\u0107e dejstvo, ubla\u017eava iritacije i svrab. \u0160titi kosu od UV zraka i negativnih uticaja spolja\u0161nje sredine.<br>\nLimunska kiselina poma\u017ee u regulaciji nivoa pH balzama, \u010dine\u0107i njegovu formulu kiselijom, \u0161to poma\u017ee u zatvaranju kutikula kose nakon pranja, daju\u0107i im glatko\u0107u i sjaj. Tako\u0111e poma\u017ee u spre\u010davanju kovrd\u017eanja kose i doprinosi njenom omek\u0161avanju.<\/p>\n<p><strong><br>Na\u010din upotrebe:<\/strong> Manju koli\u010dinu balzama nanesite na vla\u017enu, osu\u0161enu pe\u0161kirom kosu, kao i na ko\u017eu glave. Ostavite 1-2 minuta, isperite toplom vodom. Za izra\u017eeniji rezultat, koristite zajedno sa \u0161amponom iz iste linije.<\/p>\n<hr \/>\n<div>\n<p><em><b><em>Sastojci:<\/em> <\/b>Water, Cetearyl Alcohol, Cyclopentasiloxane, Dimethicone, Glycerin, Behentrimonium Chloride, Steartrimonium Chloride, Glyceryl Stearate, PEG-100 Stearate, Polyquaternium-7, Amodimethicone, 1,2-Hexanediol, Caprylyl Glycol, Trideceth-12, Cetrimonium Chloride, Hydroxypropyltrimonium Hydrolyzed Silk, Butylene Glycol, Lavandula Angustifolia (Lavender) Extract, Rosmarinus Officinalis (Rosemary) Extract, Thymus Vulgaris (Thyme) Extract, Mentha Arvensis Leaf Extract, Borago Officinalis Extract, Salvia Officinalis (Sage) Leaf Extract, Jasminum Officinale (Jasmine) Extract, Anthemis Nobilis Flower Extract, Chamomilla Recutita (Matricaria) Flower Extract, Disodium EDTA, Sodium Benzoate, Lavandula Angustifolia (Lavender) Flower Extract, Monarda Didyma Leaf Extract, Mentha Piperita (Peppermint) Leaf Extract, Freesia Refracta Extract, Rosmarinus Officinalis (Rosemary) Leaf Extract, Citric Acid, Fragrance, Butylphenyl Methylpropional, Benzyl Benzoate<\/em><\/p>\n<p><em><b><\/b><br \/>\n<\/em><\/p>\n<p>&nbsp;<\/p>\n<\/div>","protected":false},"excerpt":{"rendered":"<p>Za\u0161titni balzam za o\u0161tec\u0301enu kosu. 900ml<\/p>","protected":false},"featured_media":6475,"template":"","meta":{"_acf_changed":false},"product_brand":[],"product_cat":[418,171,623,614,621,606,605,173],"product_tag":[593],"class_list":{"0":"post-6485","1":"product","2":"type-product","3":"status-publish","4":"has-post-thumbnail","6":"product_cat-lador","7":"product_cat-haircare","8":"product_cat-hair-restoration","9":"product_cat-hairprotection","10":"product_cat-coloredhair","11":"product_cat-damagedhair","12":"product_cat-dryhair","13":"product_cat-hairconditioner","14":"product_tag-lador-acid","16":"first","17":"instock","18":"shipping-taxable","19":"purchasable","20":"product-type-simple"},"acf":[],"yoast_head":"<!-- This site is optimized with the Yoast SEO Premium plugin v19.6 (Yoast SEO v20.11) - https:\/\/yoast.com\/wordpress\/plugins\/seo\/ -->\n<title>LADOR Damage Protector Acid Conditioner 900ml - Malina Beauty Store<\/title>\n<meta name=\"robots\" content=\"index, follow, max-snippet:-1, max-image-preview:large, max-video-preview:-1\" \/>\n<link rel=\"canonical\" href=\"https:\/\/malinacosmetics.com\/sr\/\u043f\u0440\u043e\u0438\u0437\u0432\u043e\u0434\/lador-damage-protector-acid-conditioner-900ml2\/\" \/>\n<meta property=\"og:locale\" content=\"sr_RS\" \/>\n<meta property=\"og:type\" content=\"article\" \/>\n<meta property=\"og:title\" content=\"LADOR Damage Protector Acid Conditioner 900ml\" \/>\n<meta property=\"og:description\" content=\"\u0417\u0430\u0449\u0438\u0442\u043d\u044b\u0439 \u043a\u043e\u043d\u0434\u0438\u0446\u0438\u043e\u043d\u0435\u0440 \u0434\u043b\u044f \u043f\u043e\u0432\u0440\u0435\u0436\u0434\u0435\u043d\u043d\u044b\u0445 \u0432\u043e\u043b\u043e\u0441. 900ml\" \/>\n<meta property=\"og:url\" content=\"https:\/\/malinacosmetics.com\/sr\/\u043f\u0440\u043e\u0438\u0437\u0432\u043e\u0434\/lador-damage-protector-acid-conditioner-900ml2\/\" \/>\n<meta property=\"og:site_name\" content=\"Malina Beauty Store\" \/>\n<meta property=\"article:publisher\" content=\"https:\/\/www.facebook.com\/MalinaBeautyShopMe\/\" \/>\n<meta property=\"article:modified_time\" content=\"2025-03-09T16:56:54+00:00\" \/>\n<meta property=\"og:image\" content=\"https:\/\/malinacosmetics.com\/wp-content\/uploads\/2024\/10\/Lador-Damage-Protector-Acid-Conditioner-900ml.jpg\" \/>\n\t<meta property=\"og:image:width\" content=\"1200\" \/>\n\t<meta property=\"og:image:height\" content=\"1200\" \/>\n\t<meta property=\"og:image:type\" content=\"image\/jpeg\" \/>\n<meta name=\"twitter:card\" content=\"summary_large_image\" \/>\n<script type=\"application\/ld+json\" class=\"yoast-schema-graph\">{\"@context\":\"https:\/\/schema.org\",\"@graph\":[{\"@type\":[\"WebPage\",\"ItemPage\"],\"@id\":\"https:\/\/malinacosmetics.com\/product\/lador-damage-protector-acid-conditioner-900ml2\/\",\"url\":\"https:\/\/malinacosmetics.com\/product\/lador-damage-protector-acid-conditioner-900ml2\/\",\"name\":\"LADOR Damage Protector Acid Conditioner 900ml - Malina Beauty Store\",\"isPartOf\":{\"@id\":\"https:\/\/malinacosmetics.com\/#website\"},\"datePublished\":\"2024-10-14T12:54:33+00:00\",\"dateModified\":\"2025-03-09T16:56:54+00:00\",\"breadcrumb\":{\"@id\":\"https:\/\/malinacosmetics.com\/product\/lador-damage-protector-acid-conditioner-900ml2\/#breadcrumb\"},\"inLanguage\":\"sr-RS\",\"potentialAction\":[{\"@type\":\"ReadAction\",\"target\":[\"https:\/\/malinacosmetics.com\/product\/lador-damage-protector-acid-conditioner-900ml2\/\"]}]},{\"@type\":\"BreadcrumbList\",\"@id\":\"https:\/\/malinacosmetics.com\/product\/lador-damage-protector-acid-conditioner-900ml2\/#breadcrumb\",\"itemListElement\":[{\"@type\":\"ListItem\",\"position\":1,\"name\":\"\u0413\u043b\u0430\u0432\u043d\u0430\u044f \u0441\u0442\u0440\u0430\u043d\u0438\u0446\u0430\",\"item\":\"https:\/\/malinacosmetics.com\/\"},{\"@type\":\"ListItem\",\"position\":2,\"name\":\"\u041a\u0430\u0442\u0430\u043b\u043e\u0433\",\"item\":\"https:\/\/malinacosmetics.com\/sr\/shop\/\"},{\"@type\":\"ListItem\",\"position\":3,\"name\":\"LADOR Damage Protector Acid Conditioner 900ml\"}]},{\"@type\":\"WebSite\",\"@id\":\"https:\/\/malinacosmetics.com\/#website\",\"url\":\"https:\/\/malinacosmetics.com\/\",\"name\":\"Malina Beauty Store\",\"description\":\"Prodaja korejske kozmetike za Crnu Goru\",\"publisher\":{\"@id\":\"https:\/\/malinacosmetics.com\/#organization\"},\"potentialAction\":[{\"@type\":\"SearchAction\",\"target\":{\"@type\":\"EntryPoint\",\"urlTemplate\":\"https:\/\/malinacosmetics.com\/?s={search_term_string}\"},\"query-input\":\"required name=search_term_string\"}],\"inLanguage\":\"sr-RS\"},{\"@type\":\"Organization\",\"@id\":\"https:\/\/malinacosmetics.com\/#organization\",\"name\":\"malinacosmetics\",\"url\":\"https:\/\/malinacosmetics.com\/\",\"logo\":{\"@type\":\"ImageObject\",\"inLanguage\":\"sr-RS\",\"@id\":\"https:\/\/malinacosmetics.com\/#\/schema\/logo\/image\/\",\"url\":\"https:\/\/malinacosmetics.com\/wp-content\/uploads\/2021\/07\/logo.png\",\"contentUrl\":\"https:\/\/malinacosmetics.com\/wp-content\/uploads\/2021\/07\/logo.png\",\"width\":500,\"height\":353,\"caption\":\"malinacosmetics\"},\"image\":{\"@id\":\"https:\/\/malinacosmetics.com\/#\/schema\/logo\/image\/\"},\"sameAs\":[\"https:\/\/www.facebook.com\/MalinaBeautyShopMe\/\"]}]}<\/script>\n<meta property=\"product:brand\" content=\"simple\" \/>\n<meta property=\"product:price:amount\" content=\"29.00\" \/>\n<meta property=\"product:price:currency\" content=\"EUR\" \/>\n<meta property=\"og:availability\" content=\"instock\" \/>\n<meta property=\"product:availability\" content=\"instock\" \/>\n<meta property=\"product:condition\" content=\"new\" \/>\n<!-- \/ Yoast SEO Premium plugin. -->","yoast_head_json":{"title":"LADOR Damage Protector Acid Conditioner 900ml - Malina Beauty Store","robots":{"index":"index","follow":"follow","max-snippet":"max-snippet:-1","max-image-preview":"max-image-preview:large","max-video-preview":"max-video-preview:-1"},"canonical":"https:\/\/malinacosmetics.com\/sr\/\u043f\u0440\u043e\u0438\u0437\u0432\u043e\u0434\/lador-damage-protector-acid-conditioner-900ml2\/","og_locale":"sr_RS","og_type":"article","og_title":"LADOR Damage Protector Acid Conditioner 900ml","og_description":"\u0417\u0430\u0449\u0438\u0442\u043d\u044b\u0439 \u043a\u043e\u043d\u0434\u0438\u0446\u0438\u043e\u043d\u0435\u0440 \u0434\u043b\u044f \u043f\u043e\u0432\u0440\u0435\u0436\u0434\u0435\u043d\u043d\u044b\u0445 \u0432\u043e\u043b\u043e\u0441. 900ml","og_url":"https:\/\/malinacosmetics.com\/sr\/\u043f\u0440\u043e\u0438\u0437\u0432\u043e\u0434\/lador-damage-protector-acid-conditioner-900ml2\/","og_site_name":"Malina Beauty Store","article_publisher":"https:\/\/www.facebook.com\/MalinaBeautyShopMe\/","article_modified_time":"2025-03-09T16:56:54+00:00","og_image":[{"width":1200,"height":1200,"url":"https:\/\/malinacosmetics.com\/wp-content\/uploads\/2024\/10\/Lador-Damage-Protector-Acid-Conditioner-900ml.jpg","type":"image\/jpeg"}],"twitter_card":"summary_large_image","schema":{"@context":"https:\/\/schema.org","@graph":[{"@type":["WebPage","ItemPage"],"@id":"https:\/\/malinacosmetics.com\/product\/lador-damage-protector-acid-conditioner-900ml2\/","url":"https:\/\/malinacosmetics.com\/product\/lador-damage-protector-acid-conditioner-900ml2\/","name":"LADOR Damage Protector Acid Conditioner 900ml - Malina Beauty Store","isPartOf":{"@id":"https:\/\/malinacosmetics.com\/#website"},"datePublished":"2024-10-14T12:54:33+00:00","dateModified":"2025-03-09T16:56:54+00:00","breadcrumb":{"@id":"https:\/\/malinacosmetics.com\/product\/lador-damage-protector-acid-conditioner-900ml2\/#breadcrumb"},"inLanguage":"sr-RS","potentialAction":[{"@type":"ReadAction","target":["https:\/\/malinacosmetics.com\/product\/lador-damage-protector-acid-conditioner-900ml2\/"]}]},{"@type":"BreadcrumbList","@id":"https:\/\/malinacosmetics.com\/product\/lador-damage-protector-acid-conditioner-900ml2\/#breadcrumb","itemListElement":[{"@type":"ListItem","position":1,"name":"\u0413\u043b\u0430\u0432\u043d\u0430\u044f \u0441\u0442\u0440\u0430\u043d\u0438\u0446\u0430","item":"https:\/\/malinacosmetics.com\/"},{"@type":"ListItem","position":2,"name":"\u041a\u0430\u0442\u0430\u043b\u043e\u0433","item":"https:\/\/malinacosmetics.com\/sr\/shop\/"},{"@type":"ListItem","position":3,"name":"LADOR Damage Protector Acid Conditioner 900ml"}]},{"@type":"WebSite","@id":"https:\/\/malinacosmetics.com\/#website","url":"https:\/\/malinacosmetics.com\/","name":"Malina Beauty Store","description":"Prodaja korejske kozmetike za Crnu Goru","publisher":{"@id":"https:\/\/malinacosmetics.com\/#organization"},"potentialAction":[{"@type":"SearchAction","target":{"@type":"EntryPoint","urlTemplate":"https:\/\/malinacosmetics.com\/?s={search_term_string}"},"query-input":"required name=search_term_string"}],"inLanguage":"sr-RS"},{"@type":"Organization","@id":"https:\/\/malinacosmetics.com\/#organization","name":"malinacosmetics","url":"https:\/\/malinacosmetics.com\/","logo":{"@type":"ImageObject","inLanguage":"sr-RS","@id":"https:\/\/malinacosmetics.com\/#\/schema\/logo\/image\/","url":"https:\/\/malinacosmetics.com\/wp-content\/uploads\/2021\/07\/logo.png","contentUrl":"https:\/\/malinacosmetics.com\/wp-content\/uploads\/2021\/07\/logo.png","width":500,"height":353,"caption":"malinacosmetics"},"image":{"@id":"https:\/\/malinacosmetics.com\/#\/schema\/logo\/image\/"},"sameAs":["https:\/\/www.facebook.com\/MalinaBeautyShopMe\/"]}]},"product_brand":"simple","product_price_amount":"29.00","product_price_currency":"EUR","og_availability":"instock","product_availability":"instock","product_condition":"new"},"jetpack_sharing_enabled":true,"_links":{"self":[{"href":"https:\/\/malinacosmetics.com\/sr\/wp-json\/wp\/v2\/product\/6485","targetHints":{"allow":["GET"]}}],"collection":[{"href":"https:\/\/malinacosmetics.com\/sr\/wp-json\/wp\/v2\/product"}],"about":[{"href":"https:\/\/malinacosmetics.com\/sr\/wp-json\/wp\/v2\/types\/product"}],"wp:featuredmedia":[{"embeddable":true,"href":"https:\/\/malinacosmetics.com\/sr\/wp-json\/wp\/v2\/media\/6475"}],"wp:attachment":[{"href":"https:\/\/malinacosmetics.com\/sr\/wp-json\/wp\/v2\/media?parent=6485"}],"wp:term":[{"taxonomy":"product_brand","embeddable":true,"href":"https:\/\/malinacosmetics.com\/sr\/wp-json\/wp\/v2\/product_brand?post=6485"},{"taxonomy":"product_cat","embeddable":true,"href":"https:\/\/malinacosmetics.com\/sr\/wp-json\/wp\/v2\/product_cat?post=6485"},{"taxonomy":"product_tag","embeddable":true,"href":"https:\/\/malinacosmetics.com\/sr\/wp-json\/wp\/v2\/product_tag?post=6485"}],"curies":[{"name":"wp","href":"https:\/\/api.w.org\/{rel}","templated":true}]}}