{"id":6460,"date":"2024-10-14T14:37:30","date_gmt":"2024-10-14T12:37:30","guid":{"rendered":"https:\/\/malinacosmetics.com\/?post_type=product&#038;p=6460"},"modified":"2026-03-17T11:55:22","modified_gmt":"2026-03-17T10:55:22","slug":"lador-damaged-protector-acid-shampoo-900ml2","status":"publish","type":"product","link":"https:\/\/malinacosmetics.com\/sr\/\u043f\u0440\u043e\u0438\u0437\u0432\u043e\u0434\/lador-damaged-protector-acid-shampoo-900ml2\/","title":{"rendered":"LADOR Damaged Protector Acid Shampoo 900ml"},"content":{"rendered":"<p class=\"translation-block\">Za\u0161titni \u0161ampon za o\u0161te\u0107enu kosu La'dor Damage Protector Acid Shampoo je idealan za farbanu kosu, kao i za kosu koja se \u010desto termi\u010dki obra\u0111uje: peglanje, uvijanje, itd. \nProizvod aktivno \u0161titi i ja\u010da boju farbane kose, ja\u010da i obnavlja kutikulu o\u0161tec\u0301ene kose, a tako\u0111e dobro dr\u017ei kovr\u0111e. \u0160ampon bez alkalija je napravljen da uravnote\u017ei sadr\u017eaj kiselina i alkalija u hemijski tretiranoj kosi, popravlja kutikulu o\u0161tec\u0301ene kose. Zbog svoje blage kiselosti, \u0161ampon je pogodan za pranje veoma osetljive ko\u017ee glave. \n<br>Niska kiselost (pH 4,5) \u0161ampona \u010dini ga idealnim za farbanu kosu i osetljivu ko\u017eu glave. \u0160ampon ja\u010da boju ofarbane kose, produ\u017eava njenu trajnost. \n<br>\u0160ampon se preporu\u010duje da se koristi neposredno pre i posle bojenja kose. \u0160ampon vrac\u0301a ravnote\u017eu vode i masti ko\u017ee glave, smanjuje suvoc\u0301u i lomljivost kose. <br>Arganovo ulje dubinski hrani kosu, \u010dini je poslu\u0161nom, mekom i svilenkastom, daje predivan sjaj.<\/p>\n<p><strong><br>Na\u010din upotrebe:<\/strong> Nanesite na vla\u017enu kosu pri korenu, ne\u017eno umasirajte, a zatim dobro isperite toplom vodom.<\/p>\n<hr \/>\n<div>\n<p><em><b><em>Sastojci:<\/em> <\/b>Water, Sodium Laureth Sulfate, Sodium Lauryl Sulfate, Lauramide DEA, Cocamidopropyl Betaine, PEG-60 Hydrogenated Castor Oil, Trideceth-10, Sodium Chloride, Citric Acid, Sodium Benzoate, Polyquaternium-10, Hydroxyacetophenone, Argania Spinosa Kernel Oil, Disodium EDTA, Climbazole, Fragrance, CI 19140<\/em><\/p>\n<p>&nbsp;<\/p>\n<\/div>","protected":false},"excerpt":{"rendered":"<p>Za\u0161titni \u0161ampon sa kiselinama za o\u0161tec\u0301enu kosu. 900ml<\/p>","protected":false},"featured_media":7271,"template":"","meta":{"_acf_changed":false},"product_brand":[],"product_cat":[418,171,623,614,610,621,606,605,172],"product_tag":[593],"class_list":{"0":"post-6460","1":"product","2":"type-product","3":"status-publish","4":"has-post-thumbnail","6":"product_cat-lador","7":"product_cat-haircare","8":"product_cat-hair-restoration","9":"product_cat-hairprotection","10":"product_cat-hairpurifying","11":"product_cat-coloredhair","12":"product_cat-damagedhair","13":"product_cat-dryhair","14":"product_cat-shampoo","15":"product_tag-lador-acid","17":"first","18":"outofstock","19":"shipping-taxable","20":"purchasable","21":"product-type-simple"},"acf":[],"yoast_head":"<!-- This site is optimized with the Yoast SEO Premium plugin v19.6 (Yoast SEO v20.11) - https:\/\/yoast.com\/wordpress\/plugins\/seo\/ -->\n<title>LADOR Damaged Protector Acid Shampoo 900ml - Malina Beauty Store<\/title>\n<meta name=\"robots\" content=\"index, follow, max-snippet:-1, max-image-preview:large, max-video-preview:-1\" \/>\n<link rel=\"canonical\" href=\"https:\/\/malinacosmetics.com\/sr\/\u043f\u0440\u043e\u0438\u0437\u0432\u043e\u0434\/lador-damaged-protector-acid-shampoo-900ml2\/\" \/>\n<meta property=\"og:locale\" content=\"sr_RS\" \/>\n<meta property=\"og:type\" content=\"article\" \/>\n<meta property=\"og:title\" content=\"LADOR Damaged Protector Acid Shampoo 900ml\" \/>\n<meta property=\"og:description\" content=\"\u0417\u0430\u0449\u0438\u0442\u043d\u044b\u0439 \u0448\u0430\u043c\u043f\u0443\u043d\u044c \u0441 \u043a\u0438\u0441\u043b\u043e\u0442\u0430\u043c\u0438 \u0434\u043b\u044f \u043f\u043e\u0432\u0440\u0435\u0436\u0434\u0435\u043d\u043d\u044b\u0445 \u0432\u043e\u043b\u043e\u0441. 900ml\" \/>\n<meta property=\"og:url\" content=\"https:\/\/malinacosmetics.com\/sr\/\u043f\u0440\u043e\u0438\u0437\u0432\u043e\u0434\/lador-damaged-protector-acid-shampoo-900ml2\/\" \/>\n<meta property=\"og:site_name\" content=\"Malina Beauty Store\" \/>\n<meta property=\"article:publisher\" content=\"https:\/\/www.facebook.com\/MalinaBeautyShopMe\/\" \/>\n<meta property=\"article:modified_time\" content=\"2026-03-17T10:55:22+00:00\" \/>\n<meta property=\"og:image\" content=\"https:\/\/malinacosmetics.com\/wp-content\/uploads\/2024\/10\/Lador-damaged-acid-shampoo.png\" \/>\n\t<meta property=\"og:image:width\" content=\"1080\" \/>\n\t<meta property=\"og:image:height\" content=\"1080\" \/>\n\t<meta property=\"og:image:type\" content=\"image\/png\" \/>\n<meta name=\"twitter:card\" content=\"summary_large_image\" \/>\n<script type=\"application\/ld+json\" class=\"yoast-schema-graph\">{\"@context\":\"https:\/\/schema.org\",\"@graph\":[{\"@type\":[\"WebPage\",\"ItemPage\"],\"@id\":\"https:\/\/malinacosmetics.com\/product\/lador-damaged-protector-acid-shampoo-900ml2\/\",\"url\":\"https:\/\/malinacosmetics.com\/product\/lador-damaged-protector-acid-shampoo-900ml2\/\",\"name\":\"LADOR Damaged Protector Acid Shampoo 900ml - Malina Beauty Store\",\"isPartOf\":{\"@id\":\"https:\/\/malinacosmetics.com\/#website\"},\"datePublished\":\"2024-10-14T12:37:30+00:00\",\"dateModified\":\"2026-03-17T10:55:22+00:00\",\"breadcrumb\":{\"@id\":\"https:\/\/malinacosmetics.com\/product\/lador-damaged-protector-acid-shampoo-900ml2\/#breadcrumb\"},\"inLanguage\":\"sr-RS\",\"potentialAction\":[{\"@type\":\"ReadAction\",\"target\":[\"https:\/\/malinacosmetics.com\/product\/lador-damaged-protector-acid-shampoo-900ml2\/\"]}]},{\"@type\":\"BreadcrumbList\",\"@id\":\"https:\/\/malinacosmetics.com\/product\/lador-damaged-protector-acid-shampoo-900ml2\/#breadcrumb\",\"itemListElement\":[{\"@type\":\"ListItem\",\"position\":1,\"name\":\"\u0413\u043b\u0430\u0432\u043d\u0430\u044f \u0441\u0442\u0440\u0430\u043d\u0438\u0446\u0430\",\"item\":\"https:\/\/malinacosmetics.com\/\"},{\"@type\":\"ListItem\",\"position\":2,\"name\":\"\u041a\u0430\u0442\u0430\u043b\u043e\u0433\",\"item\":\"https:\/\/malinacosmetics.com\/sr\/shop\/\"},{\"@type\":\"ListItem\",\"position\":3,\"name\":\"LADOR Damaged Protector Acid Shampoo 900ml\"}]},{\"@type\":\"WebSite\",\"@id\":\"https:\/\/malinacosmetics.com\/#website\",\"url\":\"https:\/\/malinacosmetics.com\/\",\"name\":\"Malina Beauty Store\",\"description\":\"Prodaja korejske kozmetike za Crnu Goru\",\"publisher\":{\"@id\":\"https:\/\/malinacosmetics.com\/#organization\"},\"potentialAction\":[{\"@type\":\"SearchAction\",\"target\":{\"@type\":\"EntryPoint\",\"urlTemplate\":\"https:\/\/malinacosmetics.com\/?s={search_term_string}\"},\"query-input\":\"required name=search_term_string\"}],\"inLanguage\":\"sr-RS\"},{\"@type\":\"Organization\",\"@id\":\"https:\/\/malinacosmetics.com\/#organization\",\"name\":\"malinacosmetics\",\"url\":\"https:\/\/malinacosmetics.com\/\",\"logo\":{\"@type\":\"ImageObject\",\"inLanguage\":\"sr-RS\",\"@id\":\"https:\/\/malinacosmetics.com\/#\/schema\/logo\/image\/\",\"url\":\"https:\/\/malinacosmetics.com\/wp-content\/uploads\/2021\/07\/logo.png\",\"contentUrl\":\"https:\/\/malinacosmetics.com\/wp-content\/uploads\/2021\/07\/logo.png\",\"width\":500,\"height\":353,\"caption\":\"malinacosmetics\"},\"image\":{\"@id\":\"https:\/\/malinacosmetics.com\/#\/schema\/logo\/image\/\"},\"sameAs\":[\"https:\/\/www.facebook.com\/MalinaBeautyShopMe\/\"]}]}<\/script>\n<meta property=\"product:brand\" content=\"simple\" \/>\n<meta property=\"product:price:amount\" content=\"27.00\" \/>\n<meta property=\"product:price:currency\" content=\"EUR\" \/>\n<meta property=\"og:availability\" content=\"out of stock\" \/>\n<meta property=\"product:availability\" content=\"out of stock\" \/>\n<meta property=\"product:condition\" content=\"new\" \/>\n<!-- \/ Yoast SEO Premium plugin. -->","yoast_head_json":{"title":"LADOR Damaged Protector Acid Shampoo 900ml - Malina Beauty Store","robots":{"index":"index","follow":"follow","max-snippet":"max-snippet:-1","max-image-preview":"max-image-preview:large","max-video-preview":"max-video-preview:-1"},"canonical":"https:\/\/malinacosmetics.com\/sr\/\u043f\u0440\u043e\u0438\u0437\u0432\u043e\u0434\/lador-damaged-protector-acid-shampoo-900ml2\/","og_locale":"sr_RS","og_type":"article","og_title":"LADOR Damaged Protector Acid Shampoo 900ml","og_description":"\u0417\u0430\u0449\u0438\u0442\u043d\u044b\u0439 \u0448\u0430\u043c\u043f\u0443\u043d\u044c \u0441 \u043a\u0438\u0441\u043b\u043e\u0442\u0430\u043c\u0438 \u0434\u043b\u044f \u043f\u043e\u0432\u0440\u0435\u0436\u0434\u0435\u043d\u043d\u044b\u0445 \u0432\u043e\u043b\u043e\u0441. 900ml","og_url":"https:\/\/malinacosmetics.com\/sr\/\u043f\u0440\u043e\u0438\u0437\u0432\u043e\u0434\/lador-damaged-protector-acid-shampoo-900ml2\/","og_site_name":"Malina Beauty Store","article_publisher":"https:\/\/www.facebook.com\/MalinaBeautyShopMe\/","article_modified_time":"2026-03-17T10:55:22+00:00","og_image":[{"width":1080,"height":1080,"url":"https:\/\/malinacosmetics.com\/wp-content\/uploads\/2024\/10\/Lador-damaged-acid-shampoo.png","type":"image\/png"}],"twitter_card":"summary_large_image","schema":{"@context":"https:\/\/schema.org","@graph":[{"@type":["WebPage","ItemPage"],"@id":"https:\/\/malinacosmetics.com\/product\/lador-damaged-protector-acid-shampoo-900ml2\/","url":"https:\/\/malinacosmetics.com\/product\/lador-damaged-protector-acid-shampoo-900ml2\/","name":"LADOR Damaged Protector Acid Shampoo 900ml - Malina Beauty Store","isPartOf":{"@id":"https:\/\/malinacosmetics.com\/#website"},"datePublished":"2024-10-14T12:37:30+00:00","dateModified":"2026-03-17T10:55:22+00:00","breadcrumb":{"@id":"https:\/\/malinacosmetics.com\/product\/lador-damaged-protector-acid-shampoo-900ml2\/#breadcrumb"},"inLanguage":"sr-RS","potentialAction":[{"@type":"ReadAction","target":["https:\/\/malinacosmetics.com\/product\/lador-damaged-protector-acid-shampoo-900ml2\/"]}]},{"@type":"BreadcrumbList","@id":"https:\/\/malinacosmetics.com\/product\/lador-damaged-protector-acid-shampoo-900ml2\/#breadcrumb","itemListElement":[{"@type":"ListItem","position":1,"name":"\u0413\u043b\u0430\u0432\u043d\u0430\u044f \u0441\u0442\u0440\u0430\u043d\u0438\u0446\u0430","item":"https:\/\/malinacosmetics.com\/"},{"@type":"ListItem","position":2,"name":"\u041a\u0430\u0442\u0430\u043b\u043e\u0433","item":"https:\/\/malinacosmetics.com\/sr\/shop\/"},{"@type":"ListItem","position":3,"name":"LADOR Damaged Protector Acid Shampoo 900ml"}]},{"@type":"WebSite","@id":"https:\/\/malinacosmetics.com\/#website","url":"https:\/\/malinacosmetics.com\/","name":"Malina Beauty Store","description":"Prodaja korejske kozmetike za Crnu Goru","publisher":{"@id":"https:\/\/malinacosmetics.com\/#organization"},"potentialAction":[{"@type":"SearchAction","target":{"@type":"EntryPoint","urlTemplate":"https:\/\/malinacosmetics.com\/?s={search_term_string}"},"query-input":"required name=search_term_string"}],"inLanguage":"sr-RS"},{"@type":"Organization","@id":"https:\/\/malinacosmetics.com\/#organization","name":"malinacosmetics","url":"https:\/\/malinacosmetics.com\/","logo":{"@type":"ImageObject","inLanguage":"sr-RS","@id":"https:\/\/malinacosmetics.com\/#\/schema\/logo\/image\/","url":"https:\/\/malinacosmetics.com\/wp-content\/uploads\/2021\/07\/logo.png","contentUrl":"https:\/\/malinacosmetics.com\/wp-content\/uploads\/2021\/07\/logo.png","width":500,"height":353,"caption":"malinacosmetics"},"image":{"@id":"https:\/\/malinacosmetics.com\/#\/schema\/logo\/image\/"},"sameAs":["https:\/\/www.facebook.com\/MalinaBeautyShopMe\/"]}]},"product_brand":"simple","product_price_amount":"27.00","product_price_currency":"EUR","og_availability":"out of stock","product_availability":"out of stock","product_condition":"new"},"jetpack_sharing_enabled":true,"_links":{"self":[{"href":"https:\/\/malinacosmetics.com\/sr\/wp-json\/wp\/v2\/product\/6460","targetHints":{"allow":["GET"]}}],"collection":[{"href":"https:\/\/malinacosmetics.com\/sr\/wp-json\/wp\/v2\/product"}],"about":[{"href":"https:\/\/malinacosmetics.com\/sr\/wp-json\/wp\/v2\/types\/product"}],"wp:featuredmedia":[{"embeddable":true,"href":"https:\/\/malinacosmetics.com\/sr\/wp-json\/wp\/v2\/media\/7271"}],"wp:attachment":[{"href":"https:\/\/malinacosmetics.com\/sr\/wp-json\/wp\/v2\/media?parent=6460"}],"wp:term":[{"taxonomy":"product_brand","embeddable":true,"href":"https:\/\/malinacosmetics.com\/sr\/wp-json\/wp\/v2\/product_brand?post=6460"},{"taxonomy":"product_cat","embeddable":true,"href":"https:\/\/malinacosmetics.com\/sr\/wp-json\/wp\/v2\/product_cat?post=6460"},{"taxonomy":"product_tag","embeddable":true,"href":"https:\/\/malinacosmetics.com\/sr\/wp-json\/wp\/v2\/product_tag?post=6460"}],"curies":[{"name":"wp","href":"https:\/\/api.w.org\/{rel}","templated":true}]}}