{"id":6437,"date":"2024-09-13T13:22:14","date_gmt":"2024-09-13T11:22:14","guid":{"rendered":"https:\/\/malinacosmetics.com\/?post_type=product&#038;p=6437"},"modified":"2026-02-25T17:31:46","modified_gmt":"2026-02-25T16:31:46","slug":"medi-peel-red-lacto-collagen-skin-care-trial-kit","status":"publish","type":"product","link":"https:\/\/malinacosmetics.com\/sr\/\u043f\u0440\u043e\u0438\u0437\u0432\u043e\u0434\/medi-peel-red-lacto-collagen-skin-care-trial-kit\/","title":{"rendered":"Medi-Peel Red Lacto Collagen Skin Care Trial Kit"},"content":{"rendered":"<p class=\"translation-block\">Probni komplet sa laktokologenom Medi-Peel Red Lacto Collagen Skin Care Trial Kit poma\u017ee u vrac\u0301anju elasti\u010dnosti ko\u017ee i su\u017eenju pora, omek\u0161ava i smanjuje iritaciju, spre\u010dava pojavu mitisera i komedona i reguli\u0161e funkcionisanje lojnih \u017elezda. Odr\u017eava optimalnu ravnote\u017eu vode i lipida, vla\u017ei, pobolj\u0161ava funkcije barijere ko\u017ee i obnavlja njen mikrobiom, ujedna\u010dava ton ko\u017ee. U kompletu c\u0301ete pronac\u0301i sve \u0161to vam je potrebno za odr\u017eavanje va\u0161e ko\u017ee u savr\u0161enom stanju tokom putovanja ili aktivnosti na otvorenom zahvaljujuc\u0301i prakti\u010dnoj i funkcionalnoj mre\u017eastoj torbi.<br>\nSet sadr\u017ei: <br>\nUmirujuc\u0301i esencijalni toner Medi-Peel Red Lacto Collagen Soothing Essence Toner sadr\u017ei ekstrakt bifidobakterija, veganski kolagen, elastin, peptide, hijaluronsku kiselinu, biljne i voc\u0301ne ekstrakte. Zahvaljujuc\u0301i savremenoj tehnologiji inkapsulacije, aktivne komponente se brzo apsorbuju i prodiru u duboke slojeve ko\u017ee, obezbe\u0111ujuc\u0301i hidrataciju i efikasnost. Formula tonera smanjuje pore, pobolj\u0161ava \u010dvrstoc\u0301u i elasti\u010dnost ko\u017ee, ujedna\u010dava teksturu, umiruje i elimini\u0161e suvoc\u0301u.<br>\nSerum Red Lacto Collagen Tightening Ampoule je dizajniran da pobolj\u0161a \u010dvrstinu i elasti\u010dnost ko\u017ee. Njegova jedinstvena formula sadr\u017ei bifidobakterije koje su\u017eavaju pore i \u010dine ko\u017eu glatkom i ujedna\u010denom. Tri vrste kolagena poma\u017eu u pobolj\u0161anju elasti\u010dnosti ko\u017ee i daju licu zdrav ten. Zahvaljujuc\u0301i inovativnoj tehnologiji inkapsulacije, aktivne komponente seruma se brzo apsorbuju i prodiru u duboke slojeve ko\u017ee, obezbe\u0111ujuc\u0301i intenzivnu hidrataciju i visoku efikasnost. Serum je dermatolo\u0161ki testiran, sertifikovan veganski i pogodan za sve tipove ko\u017ee, uklju\u010dujuc\u0301i i osetljivu. Ovaj proizvod je idealan za one koji \u017eele da smanje pojavu pora, pobolj\u0161aju \u010dvrstoc\u0301u ko\u017ee i obezbede dugotrajnu hidrataciju. Pogodno za sve tipove ko\u017ee.<br>\nKrema Red Lacto Collagen Barrier Cream pru\u017ea intenzivnu hidrataciju i potpunu negu, povec\u0301ava elasti\u010dnost i pobolj\u0161ava strukturu ko\u017ee. Zahvaljujuc\u0301i jedinstvenom kompleksu hijaluronske kiseline, krema dubinski hidrira ko\u017eu, ja\u010dajuc\u0301i njenu prirodnu za\u0161titnu barijeru od negativnih uticaja okoline. Posebna kombinacija laktobacila, biljnog kolagena i 6 vrsta peptida zna\u010dajno smanjuje pore i pobolj\u0161ava elasti\u010dnost ko\u017ee, dajuc\u0301i joj mladala\u010dki, glatki, blistaviji i \u010dvrst izgled. Ekstrakti nara, jabuke, brusnice, jagode i \u0161ljive podr\u017eavaju prirodnu elasti\u010dnost i zdravu ko\u017eu. <br>\nFilm-maska Red Lacto Collagen Wrapping Mask sadr\u017ei moc\u0301an kolagen koji ko\u017ei vrac\u0301a mladost, elasti\u010dnost i \u010dvrstoc\u0301u. Pru\u017ea intenzivnu hidrataciju, hrani ko\u017eu i odr\u017eava prirodnu ravnote\u017eu vlage. Ima jedinstvenu formulu koja prodire u duboke slojeve ko\u017ee, podsti\u010duc\u0301i procese regeneracije. Lako se prilago\u0111ava konturi va\u0161eg lica. Poma\u017ee u uklanjanju ne\u010distoc\u0301a, vi\u0161ka sebuma i mrtvih c\u0301elija, dajuc\u0301i ko\u017ei zdrav i negovan izgled. <br>\nGlavni aktivni sastojci:<br>\nLizat bifidobakterije i enzimi laktobacila efikasno su\u017eavaju pore, podr\u017eavaju prirodnu mikrofloru ko\u017ee, pobolj\u0161avaju strukturu kolagena, povec\u0301avaju elasti\u010dnost, pobolj\u0161avaju ten, reguli\u0161u proizvodnju melanina i olak\u0161avaju hiperpigmentaciju. Obnavljaju i ja\u010daju za\u0161titnu barijeru ko\u017ee, ja\u010daju imuni sistem i reguli\u0161u metabolizam.<br>\nVegan T-Collagen Complex je inovativna formula koja sinergizuje kolagen tipove I, II i III, koji u kombinaciji sa patentiranim Syn-Collagen Booster\u2122 kompleksom povec\u0301ava elasti\u010dnost ko\u017ee, \u010dinec\u0301i je \u010dvr\u0161c\u0301om i zdravijom. Kolagen obnavlja strukturu epidermisa iznutra, ja\u010da c\u0301elijske zidove, pobolj\u0161ava metabolizam proteina. Podr\u017eava matricu ko\u017ee, poma\u017ee u izgla\u0111ivanju malih bora i nabora.<\/p>\n<p><strong><br>Na\u010din upotrebe:<\/strong> Nanesite malu koli\u010dinu tonera na o\u010di\u0161c\u0301enu ko\u017eu laganim pokretima. Zatim nanesite malu koli\u010dinu seruma i ravnomerno rasporedite po licu. Poslednji korak je da uzmete malu koli\u010dinu kreme i da je ravnomerno rasporedite na ko\u017eu lica i vrata.<br \/>\nNanesite film masku na suvo, o\u010di\u0161c\u0301eno lice, izbegavajuc\u0301i podru\u010dje oko o\u010diju i usna. Posle 20-30 minuta uklonite nastali providni film povla\u010denjem ivice.<\/p>\n<p><em><br>Originalna Medi-Peel korejska kozmetika u Srbiji i Crnoj Gori. Visokokvalitetna kuc\u0301na nega lica i tela.<\/em><\/p>\n<hr \/>\n<div><em><strong><em>Sastojci:<\/em><\/strong><br \/>\n<span data-sheets-root=\"1\">Toner: Purified water, butylene glycol, 1,2-hexanediol, niacinamide, glycerin, bifida fermentation lysate (8,700 ppm), sodium polyacryloyldimethyl taurate, ethylhexylglycerin, adenosine, sodium hyaluronate , disodium EDTA, xanthan gum, cabbage extract, Lactobacillus ferment (200 ppm), carbomer, PVM\/MA copolymer, hydrogenated polydecene, ectoine, glycine, isostearyl isostearate. , borage extract, purple chinensis extract, hydroxyproline, proline, polyglyceryl-2 stearate, hydrogenated lecithin, isononyl isononanoate, polyglyceryl-10 stearate, cetearyl alcohol, centella asiatica Extract, fig extract, ceramide NP, sodium stearoyl glutamate, palmitic acid, stearic acid, watermelon extract, strawberry extract, hibiscus flower extract, plum extract, pomegranate extract, apple extract, cranberry extract, evening primrose flower extract, giant pine Leaf extract, arrowroot extract, elm root extract, hyaluronic acid, hydrolyzed hyaluronic acid, hydrolyzed sodium hyaluronate, safflower seed oil, hydrogenated phosphatidylcholine, evening primrose oil , Potassium Hyaluronate, Squalane, Hydroxypropyl Trimonium Hyaluronate, Sodium Hyaluronate Crosspolymer, Sodium Acetylated Hyaluronate, SH-Polypeptide-121 (20 ppb), SH-Poly Peptide-50, soluble collagen (10 ppb), polyquaternium-51, potassium sorbate, acetyl hexapeptide-8, copper tripeptide-1, hexapeptide-9, palmitoyl pentapeptide-4, palmitoyl tripeptide- 1, tripeptide-1<br \/>\n<\/span><\/em><\/div>\n<div><em><span data-sheets-root=\"1\">Serum: Purified water, octyldodecanol, coco-caprylate\/caprate, 1,2-hexanediol, niacinamide, glycerin, bifida fermentation lysate (8,700 ppm), butylene glycol, unsaponifiable hydrogenated olive oil. , Acrylate\/C10-30 alkyl acrylate crosspolymer, tromethamine, ethylhexylglycerin, xanthan gum, adenosine, disodium EDTA, cabbage extract, Lactobacillus fermentation (200 ppm), chamomile flower oil, ectoin , glycine, borage extract, purple chinensis extract, hydroxyproline, proline, cyanocobalamin, watermelon extract, strawberry extract, hibiscus flower extract, hydrogenated polydecene, plum extract, pomegranate extract, apple extract, cranberry extract, Isostearyl isostearate, polyglyceryl-2 stearate, isononyl isononanoate, evening primrose flower extract, giant pine leaf extract, arrowroot root extract, elm root extract, hyaluronic acid, hydrol. Rised Hyaluronic Acid, Hydrolyzed Sodium Hyaluronate, Polyglyceryl-10 Stearate, Potassium Hyaluronate, Sodium Hyaluronate, Hydroxypropyl Trimonium Hyaluronate, Sodium Hi Aluronate crosspolymer, cetearyl alcohol, sodium acetylated hyaluronate, sodium stearoyl glutamate, SH-polypeptide-121 (20 ppb), SH-polypeptide-50, palmitic acid, stearic Acid, soluble collagen (10 ppb), safflower seed oil, hydrogenated phosphatidylcholine, evening primrose oil, squalane, potassium sorbate, acetyl hexapeptide-8, ceramide NP, copper tripeptide-1, hexapeptide-9, palmitoyl penta Peptide-4, Palmitoyl Tripeptide-1, Tripeptide-1, Polyquaternium-51<br \/>\n<\/span><\/em><\/div>\n<div><em><span data-sheets-root=\"1\">Cream: Purified water, propanediol, glycerin, isohexadecane, butylene glycol, caprylic\/capric triglyceride, 1,2-hexanediol, niacinamide, bifida fermentation lysate (8,700 ppm), ammonium acrylic acid. Il dimethyl taurate\/V picopolymer, cetearyl olivate, hydroxyethyl acrylate\/sodium acryloyl dimethyl taurate copolymer, sorbitan olivate, polyacrylate-13, hydrogenated polyisobutene, Betaine, xanthan gum, sodium hyaluronate, Ethylhexylglycerin, Sorbitan Isostearate, Sodium Stearoyl Glutamate, Glyceryl Polymethacrylate, Adenosine, Disodium EDTA, Polyglyceryl-10 Laurate, Ethylhexyl Palmitate, Cabbage Extract, Lactobacillus Fermentation Water (200 ppm), ectoin, glycine, borage extract, Prickly pear extract, hydroxyproline, proline, hydrogenated lecithin, cyanocobalamin, centella asiatica extract, fig extract, ceramide NP, watermelon extract, strawberry extract, Hibiscus flower extract, hydrogenated polydecene, plum extract, pomegranate extract, apple extract, cranberry extract, isostearyl isostearate, polyglyceryl-2 stearate, isononyl isononanoate, evening primrose flower extract, king pine leaf extract, arrowroot extract, elm root extract, hyaluronic acid, hydrolyzed hyaluronic acid, hydrolyzed sodium hyaluronate, polyglyceryl-10 stearate, potassium high Aluronate, hydroxypropyltrimonium hyaluronate, sodium hyaluronate crosspolymer, cetearyl alcohol, sodium acetylated hyaluronate, SH-polypeptide-121 (20 ppb), SH-poly Peptide-50, palmitic acid, stearic acid, water-soluble collagen (10 ppb), safflower seed oil, hydrogenated phosphatidylcholine, evening primrose oil, squalane, potassium sorbate, acetyl hexapeptide-8, copper tripeptide-1, hexapeptide Peptide-9, palmitoylpentapeptide-4, palmitoyltripeptide-1, tripeptide-1, polyquaternium-51. <\/span><\/em><\/div>\n<div><em><span data-sheets-root=\"1\">Wrapping mask: Hydrolyzed collagen extract (70.2%), jojoba seed oil, polyvinyl alcohol, methylpropanediol, 1,2-hexanediol, algin, polysorbate 80, caprylic\/capric triglyceride, poly Glyceryl-10 oleate, pullulan, evening primrose extract, elm root extract, king pine needle extract, arrowroot extract, persimmon leaf extract, green tea extract, chestnut bark extract, safflower extract, chrysanthemum extract, coffee bean Extract, grape extract, rhizome root extract, sodium hyaluronate, glyceryl stearate, panthenol, disteadimonium hectorite, sodium polystyrene sulfonate, purified water, cellulose gum, tocopheryl acetate, allantoin, butylene gli Cole, sodium phytate, lactobacillus fermented product (1,000 ppm), glycine, serine, glutamic acid, aspartic acid, leucine, lysine, alanine, arginine, valine, isoleucine, tyrosine, threonine, phenylalanine, proline, Histidine, methionine, cysteine, sodium acetylated hyaluronate, hydrolyzed hyaluronic acid, PEG-100 stearate, fragrance, ethylhexylglycerin<\/span><br \/>\n<\/em><\/div>","protected":false},"excerpt":{"rendered":"<p>Probni set osnovnih proizvoda sa lakto kolagenom za elasti\u010dnost i su\u017eavanje pora. 1 komad<\/p>","protected":false},"featured_media":6438,"template":"","meta":{"_acf_changed":false},"product_brand":[],"product_cat":[575,460,461,462,224,86,231,437,388,296],"product_tag":[407],"class_list":{"0":"post-6437","1":"product","2":"type-product","3":"status-publish","4":"has-post-thumbnail","6":"product_cat-vyravnivanie-tona","7":"product_cat-blackheads","8":"product_cat-pore","9":"product_cat-dryness","10":"product_cat-antiage","11":"product_cat-moisturizing","12":"product_cat-calming","13":"product_cat-alltypesofskin","14":"product_cat-sets","15":"product_cat-medi-peel","16":"product_tag-red-lacto-collagen","18":"first","19":"instock","20":"shipping-taxable","21":"purchasable","22":"product-type-simple"},"acf":[],"yoast_head":"<!-- This site is optimized with the Yoast SEO Premium plugin v19.6 (Yoast SEO v20.11) - https:\/\/yoast.com\/wordpress\/plugins\/seo\/ -->\n<title>Medi-Peel Red Lacto Collagen Skin Care Trial Kit - Malina Beauty Store<\/title>\n<meta name=\"robots\" content=\"index, follow, max-snippet:-1, max-image-preview:large, max-video-preview:-1\" \/>\n<link rel=\"canonical\" href=\"https:\/\/malinacosmetics.com\/sr\/\u043f\u0440\u043e\u0438\u0437\u0432\u043e\u0434\/medi-peel-red-lacto-collagen-skin-care-trial-kit\/\" \/>\n<meta property=\"og:locale\" content=\"sr_RS\" \/>\n<meta property=\"og:type\" content=\"article\" \/>\n<meta property=\"og:title\" content=\"Medi-Peel Red Lacto Collagen Skin Care Trial Kit\" \/>\n<meta property=\"og:description\" content=\"\u041f\u0440\u043e\u0431\u043d\u044b\u0439 \u043d\u0430\u0431\u043e\u0440 \u0431\u0430\u0437\u043e\u0432\u044b\u0445 \u043f\u0440\u043e\u0434\u0443\u043a\u0442\u043e\u0432 \u0441 \u043b\u0430\u043a\u0442\u043e \u043a\u043e\u043b\u043b\u0430\u0433\u0435\u043d\u043e\u043c \u0434\u043b\u044f \u044d\u043b\u0430\u0441\u0442\u0438\u0447\u043d\u043e\u0441\u0442\u0438 \u0438 \u0441\u0443\u0436\u0435\u043d\u0438\u044f \u043f\u043e\u0440. 1 \u043a\u043e\u043c\u043f\u043b\u0435\u043a\u0442\" \/>\n<meta property=\"og:url\" content=\"https:\/\/malinacosmetics.com\/sr\/\u043f\u0440\u043e\u0438\u0437\u0432\u043e\u0434\/medi-peel-red-lacto-collagen-skin-care-trial-kit\/\" \/>\n<meta property=\"og:site_name\" content=\"Malina Beauty Store\" \/>\n<meta property=\"article:publisher\" content=\"https:\/\/www.facebook.com\/MalinaBeautyShopMe\/\" \/>\n<meta property=\"article:modified_time\" content=\"2026-02-25T16:31:46+00:00\" \/>\n<meta property=\"og:image\" content=\"https:\/\/malinacosmetics.com\/wp-content\/uploads\/2024\/09\/Medi-Peel-Red-Lacto-Collagen-Skin-Care-Trial-Kit-2-.jpg\" \/>\n\t<meta property=\"og:image:width\" content=\"1200\" \/>\n\t<meta property=\"og:image:height\" content=\"1200\" \/>\n\t<meta property=\"og:image:type\" content=\"image\/jpeg\" \/>\n<meta name=\"twitter:card\" content=\"summary_large_image\" \/>\n<script type=\"application\/ld+json\" class=\"yoast-schema-graph\">{\"@context\":\"https:\/\/schema.org\",\"@graph\":[{\"@type\":[\"WebPage\",\"ItemPage\"],\"@id\":\"https:\/\/malinacosmetics.com\/product\/medi-peel-red-lacto-collagen-skin-care-trial-kit\/\",\"url\":\"https:\/\/malinacosmetics.com\/product\/medi-peel-red-lacto-collagen-skin-care-trial-kit\/\",\"name\":\"Medi-Peel Red Lacto Collagen Skin Care Trial Kit - Malina Beauty Store\",\"isPartOf\":{\"@id\":\"https:\/\/malinacosmetics.com\/#website\"},\"datePublished\":\"2024-09-13T11:22:14+00:00\",\"dateModified\":\"2026-02-25T16:31:46+00:00\",\"breadcrumb\":{\"@id\":\"https:\/\/malinacosmetics.com\/product\/medi-peel-red-lacto-collagen-skin-care-trial-kit\/#breadcrumb\"},\"inLanguage\":\"sr-RS\",\"potentialAction\":[{\"@type\":\"ReadAction\",\"target\":[\"https:\/\/malinacosmetics.com\/product\/medi-peel-red-lacto-collagen-skin-care-trial-kit\/\"]}]},{\"@type\":\"BreadcrumbList\",\"@id\":\"https:\/\/malinacosmetics.com\/product\/medi-peel-red-lacto-collagen-skin-care-trial-kit\/#breadcrumb\",\"itemListElement\":[{\"@type\":\"ListItem\",\"position\":1,\"name\":\"\u0413\u043b\u0430\u0432\u043d\u0430\u044f \u0441\u0442\u0440\u0430\u043d\u0438\u0446\u0430\",\"item\":\"https:\/\/malinacosmetics.com\/\"},{\"@type\":\"ListItem\",\"position\":2,\"name\":\"\u041a\u0430\u0442\u0430\u043b\u043e\u0433\",\"item\":\"https:\/\/malinacosmetics.com\/sr\/shop\/\"},{\"@type\":\"ListItem\",\"position\":3,\"name\":\"Medi-Peel Red Lacto Collagen Skin Care Trial Kit\"}]},{\"@type\":\"WebSite\",\"@id\":\"https:\/\/malinacosmetics.com\/#website\",\"url\":\"https:\/\/malinacosmetics.com\/\",\"name\":\"Malina Beauty Store\",\"description\":\"Prodaja korejske kozmetike za Crnu Goru\",\"publisher\":{\"@id\":\"https:\/\/malinacosmetics.com\/#organization\"},\"potentialAction\":[{\"@type\":\"SearchAction\",\"target\":{\"@type\":\"EntryPoint\",\"urlTemplate\":\"https:\/\/malinacosmetics.com\/?s={search_term_string}\"},\"query-input\":\"required name=search_term_string\"}],\"inLanguage\":\"sr-RS\"},{\"@type\":\"Organization\",\"@id\":\"https:\/\/malinacosmetics.com\/#organization\",\"name\":\"malinacosmetics\",\"url\":\"https:\/\/malinacosmetics.com\/\",\"logo\":{\"@type\":\"ImageObject\",\"inLanguage\":\"sr-RS\",\"@id\":\"https:\/\/malinacosmetics.com\/#\/schema\/logo\/image\/\",\"url\":\"https:\/\/malinacosmetics.com\/wp-content\/uploads\/2021\/07\/logo.png\",\"contentUrl\":\"https:\/\/malinacosmetics.com\/wp-content\/uploads\/2021\/07\/logo.png\",\"width\":500,\"height\":353,\"caption\":\"malinacosmetics\"},\"image\":{\"@id\":\"https:\/\/malinacosmetics.com\/#\/schema\/logo\/image\/\"},\"sameAs\":[\"https:\/\/www.facebook.com\/MalinaBeautyShopMe\/\"]}]}<\/script>\n<meta property=\"product:brand\" content=\"simple\" \/>\n<meta property=\"product:price:amount\" content=\"28.00\" \/>\n<meta property=\"product:price:currency\" content=\"EUR\" \/>\n<meta property=\"og:availability\" content=\"instock\" \/>\n<meta property=\"product:availability\" content=\"instock\" \/>\n<meta property=\"product:condition\" content=\"new\" \/>\n<!-- \/ Yoast SEO Premium plugin. -->","yoast_head_json":{"title":"Medi-Peel Red Lacto Collagen Skin Care Trial Kit - Malina Beauty Store","robots":{"index":"index","follow":"follow","max-snippet":"max-snippet:-1","max-image-preview":"max-image-preview:large","max-video-preview":"max-video-preview:-1"},"canonical":"https:\/\/malinacosmetics.com\/sr\/\u043f\u0440\u043e\u0438\u0437\u0432\u043e\u0434\/medi-peel-red-lacto-collagen-skin-care-trial-kit\/","og_locale":"sr_RS","og_type":"article","og_title":"Medi-Peel Red Lacto Collagen Skin Care Trial Kit","og_description":"\u041f\u0440\u043e\u0431\u043d\u044b\u0439 \u043d\u0430\u0431\u043e\u0440 \u0431\u0430\u0437\u043e\u0432\u044b\u0445 \u043f\u0440\u043e\u0434\u0443\u043a\u0442\u043e\u0432 \u0441 \u043b\u0430\u043a\u0442\u043e \u043a\u043e\u043b\u043b\u0430\u0433\u0435\u043d\u043e\u043c \u0434\u043b\u044f \u044d\u043b\u0430\u0441\u0442\u0438\u0447\u043d\u043e\u0441\u0442\u0438 \u0438 \u0441\u0443\u0436\u0435\u043d\u0438\u044f \u043f\u043e\u0440. 1 \u043a\u043e\u043c\u043f\u043b\u0435\u043a\u0442","og_url":"https:\/\/malinacosmetics.com\/sr\/\u043f\u0440\u043e\u0438\u0437\u0432\u043e\u0434\/medi-peel-red-lacto-collagen-skin-care-trial-kit\/","og_site_name":"Malina Beauty Store","article_publisher":"https:\/\/www.facebook.com\/MalinaBeautyShopMe\/","article_modified_time":"2026-02-25T16:31:46+00:00","og_image":[{"width":1200,"height":1200,"url":"https:\/\/malinacosmetics.com\/wp-content\/uploads\/2024\/09\/Medi-Peel-Red-Lacto-Collagen-Skin-Care-Trial-Kit-2-.jpg","type":"image\/jpeg"}],"twitter_card":"summary_large_image","schema":{"@context":"https:\/\/schema.org","@graph":[{"@type":["WebPage","ItemPage"],"@id":"https:\/\/malinacosmetics.com\/product\/medi-peel-red-lacto-collagen-skin-care-trial-kit\/","url":"https:\/\/malinacosmetics.com\/product\/medi-peel-red-lacto-collagen-skin-care-trial-kit\/","name":"Medi-Peel Red Lacto Collagen Skin Care Trial Kit - Malina Beauty Store","isPartOf":{"@id":"https:\/\/malinacosmetics.com\/#website"},"datePublished":"2024-09-13T11:22:14+00:00","dateModified":"2026-02-25T16:31:46+00:00","breadcrumb":{"@id":"https:\/\/malinacosmetics.com\/product\/medi-peel-red-lacto-collagen-skin-care-trial-kit\/#breadcrumb"},"inLanguage":"sr-RS","potentialAction":[{"@type":"ReadAction","target":["https:\/\/malinacosmetics.com\/product\/medi-peel-red-lacto-collagen-skin-care-trial-kit\/"]}]},{"@type":"BreadcrumbList","@id":"https:\/\/malinacosmetics.com\/product\/medi-peel-red-lacto-collagen-skin-care-trial-kit\/#breadcrumb","itemListElement":[{"@type":"ListItem","position":1,"name":"\u0413\u043b\u0430\u0432\u043d\u0430\u044f \u0441\u0442\u0440\u0430\u043d\u0438\u0446\u0430","item":"https:\/\/malinacosmetics.com\/"},{"@type":"ListItem","position":2,"name":"\u041a\u0430\u0442\u0430\u043b\u043e\u0433","item":"https:\/\/malinacosmetics.com\/sr\/shop\/"},{"@type":"ListItem","position":3,"name":"Medi-Peel Red Lacto Collagen Skin Care Trial Kit"}]},{"@type":"WebSite","@id":"https:\/\/malinacosmetics.com\/#website","url":"https:\/\/malinacosmetics.com\/","name":"Malina Beauty Store","description":"Prodaja korejske kozmetike za Crnu Goru","publisher":{"@id":"https:\/\/malinacosmetics.com\/#organization"},"potentialAction":[{"@type":"SearchAction","target":{"@type":"EntryPoint","urlTemplate":"https:\/\/malinacosmetics.com\/?s={search_term_string}"},"query-input":"required name=search_term_string"}],"inLanguage":"sr-RS"},{"@type":"Organization","@id":"https:\/\/malinacosmetics.com\/#organization","name":"malinacosmetics","url":"https:\/\/malinacosmetics.com\/","logo":{"@type":"ImageObject","inLanguage":"sr-RS","@id":"https:\/\/malinacosmetics.com\/#\/schema\/logo\/image\/","url":"https:\/\/malinacosmetics.com\/wp-content\/uploads\/2021\/07\/logo.png","contentUrl":"https:\/\/malinacosmetics.com\/wp-content\/uploads\/2021\/07\/logo.png","width":500,"height":353,"caption":"malinacosmetics"},"image":{"@id":"https:\/\/malinacosmetics.com\/#\/schema\/logo\/image\/"},"sameAs":["https:\/\/www.facebook.com\/MalinaBeautyShopMe\/"]}]},"product_brand":"simple","product_price_amount":"28.00","product_price_currency":"EUR","og_availability":"instock","product_availability":"instock","product_condition":"new"},"jetpack_sharing_enabled":true,"_links":{"self":[{"href":"https:\/\/malinacosmetics.com\/sr\/wp-json\/wp\/v2\/product\/6437","targetHints":{"allow":["GET"]}}],"collection":[{"href":"https:\/\/malinacosmetics.com\/sr\/wp-json\/wp\/v2\/product"}],"about":[{"href":"https:\/\/malinacosmetics.com\/sr\/wp-json\/wp\/v2\/types\/product"}],"wp:featuredmedia":[{"embeddable":true,"href":"https:\/\/malinacosmetics.com\/sr\/wp-json\/wp\/v2\/media\/6438"}],"wp:attachment":[{"href":"https:\/\/malinacosmetics.com\/sr\/wp-json\/wp\/v2\/media?parent=6437"}],"wp:term":[{"taxonomy":"product_brand","embeddable":true,"href":"https:\/\/malinacosmetics.com\/sr\/wp-json\/wp\/v2\/product_brand?post=6437"},{"taxonomy":"product_cat","embeddable":true,"href":"https:\/\/malinacosmetics.com\/sr\/wp-json\/wp\/v2\/product_cat?post=6437"},{"taxonomy":"product_tag","embeddable":true,"href":"https:\/\/malinacosmetics.com\/sr\/wp-json\/wp\/v2\/product_tag?post=6437"}],"curies":[{"name":"wp","href":"https:\/\/api.w.org\/{rel}","templated":true}]}}