{"id":6407,"date":"2024-08-29T20:21:28","date_gmt":"2024-08-29T18:21:28","guid":{"rendered":"https:\/\/malinacosmetics.com\/?post_type=product&#038;p=6407"},"modified":"2026-04-03T18:35:27","modified_gmt":"2026-04-03T16:35:27","slug":"pittoresco-deep-bb-cushion-2","status":"publish","type":"product","link":"https:\/\/malinacosmetics.com\/sr\/\u043f\u0440\u043e\u0438\u0437\u0432\u043e\u0434\/pittoresco-deep-bb-cushion-2\/","title":{"rendered":"PITTORESCO Deep BB Cushion SPF50 PA+++"},"content":{"rendered":"<p class=\"translation-block\">PITTORESCO Deep BB Cushion je hidratantna BB krema u zgodnom pakovanju sa sun\u0111erom za nano\u0161enje, sa visokim efektom prekrivanja, preporu\u010duje se za kombinovanu i normalnu ko\u017eu, ispravlja nedostatke, ne daje efekat maske. Proizvod poma\u017ee u kontroli vi\u0161ka proizvodnje sebuma, \u0161to poma\u017ee u spre\u010davanju sjaja i odr\u017eavanju ko\u017ee tokom dana.<br>\nKombinuje svojstva nege ko\u017ee i \u0161minke, pru\u017eajuc\u0301i sledec\u0301e prednosti:<br>\nKorekcija tona ko\u017ee: izjedna\u010dava ton ko\u017ee, sakriva nesavr\u0161enosti i daje licu zdrav sjaj.<br>\nSadr\u017ei hidratantne sastojke koji odr\u017eavaju optimalan nivo vlage u ko\u017ei i spre\u010davaju isu\u0161ivanje.<br>\nPru\u017ea za\u0161titu od sunca SPF50 PA+++ , \u0161to poma\u017ee u spre\u010davanju prevremenog starenja ko\u017ee.<br>\nLagana tekstura kreme se lako nanosi i razmazuje, stvarajuc\u0301i prirodan, mat ili satenski fini\u0161 bez efekta maske.<\/p>\n<p><strong><br>Na\u010din upotrebe:<\/strong> Nakon osnovne nege ko\u017ee (\u010di\u0161c\u0301enje, toniziranje, vla\u017eenje) lagano nanesite cushion na celu povr\u0161inu lica i pa\u017eljivo rasporedite ispod o\u010diju i po nosu. Tanak sloj je dovoljan za dugotrajan premaz. \nNe zaboravite da sakrijete sun\u0111er i dobro zatvorite cushion nakon upotrebe kako se ne bi osu\u0161io. <br><br \/>\nKako zameniti zamenski blok: Otvorite cushion, odlo\u017eite sun\u0111er, pritisnite donjom stranom bloka sa iskori\u0161\u0107enim jastukom koriste\u0107i ve\u0107e prste. Otvorite hermeti\u010dki paket sa zamenskim blokom. Utisnite novi jastuk od vrha prema dole dok ne \u010dujete klik.<\/p>\n<hr \/>\n<div>\n<p><em><strong><em>Sastojci:<\/em><\/strong> Water, Cyclopentasiloxane, Titanium Dioxide (CI 77891), Ethylhexyl Methoxycinnamate,Propylene Glycol,Methylpropanediol, Lauryl Polyglyceryl-3 Polydimethylsiloxyethyl Dimethicone, Niacinamide,Dimethicone, Methylene Bis-Benzotriazolyl Tetramethylbutylphenol, Ethylhexyl Isononanoate, Iron Oxides (CI 77492), Dipentaerythrityl<br \/>\nPentaisononanoate, Limnanthes Alba (Meadowfoam) Seed Oil, Methyl Methacrylate Crosspolymer, Hydrogenated Poly(C6-14 Olefin), Zinc Oxide, Magnesium Sulfate, Iron<br \/>\nOxides (CI 77491), Dimethicone Crosspolymer, Disteardimonium Hectorite, Caprylyl Dimethicone Ethoxy Glucoside, Phenyl Trimethicone, Polymethylsilsesquioxane, Iron<br \/>\nOxides (CI 77499), Mica, Decyl Glucoside, Aluminum Hydroxide, Triethoxycaprylylsilane, Caprylyl Glycol, Dimethicone\/Vinyl Dimethicone Crosspolymer, Hydroxyethyl<br \/>\nUrea,Betaine, Allantoin, Aloe Barbadensis Leaf Juice, Glycerin, Caprylhydroxamic Acid, Adenosine,Disodium EDTA, 1,2-Hexanediol, Xanthan Gum, Butylene<br \/>\nGlycol, Biosaccharide Gum-4, Laminaria Japonica Extract, Ulmus Davidiana Root Extract, Aloe Barbadensis Leaf Extract, Viola Mandshurica Flower Extract, Dioscorea<br \/>\nJaponica Root Extract,Citric Acid, Portulaca Oleracea Extract, Sodium Hyaluronate, Potassium Sorbate,Cyperus Rotundus Root Extract, Sodium Benzoate, Centella Asiatica<br \/>\nExtract, Hydroxypropyltrimonium Hyaluronate, Hydrolyzed Hyaluronic Acid, Pentylene Glycol, Sodium Hyaluronate Crosspolymer, Sodium Acetylated<br \/>\nHyaluronate, Fragrance, Coumarin, Geraniol, Linalool, Benzyl Benzoate, Limonene, Alpha-Isomethyl Ionone<\/em><\/p>\n<\/div>","protected":false},"excerpt":{"rendered":"<p>Hidratantni BB cushion-kremasti puder (nijansa 25 tamno be\u017e). 14g+14g refil<\/p>","protected":false},"featured_media":6397,"template":"","meta":{"_acf_changed":false},"product_brand":[],"product_cat":[551,575,319,354,440,441,467,584],"product_tag":[],"class_list":{"0":"post-6407","1":"product","2":"type-product","3":"status-publish","4":"has-post-thumbnail","6":"product_cat-kushon","7":"product_cat-vyravnivanie-tona","8":"product_cat-matting","9":"product_cat-skintone","10":"product_cat-combinationskin","11":"product_cat-normalskin","12":"product_cat-spfbbcream","13":"product_cat-pittoresco","15":"first","16":"outofstock","17":"shipping-taxable","18":"purchasable","19":"product-type-simple"},"acf":[],"yoast_head":"<!-- This site is optimized with the Yoast SEO Premium plugin v19.6 (Yoast SEO v20.11) - https:\/\/yoast.com\/wordpress\/plugins\/seo\/ -->\n<title>PITTORESCO Deep BB Cushion SPF50 PA+++ - Malina Beauty Store<\/title>\n<meta name=\"robots\" content=\"index, follow, max-snippet:-1, max-image-preview:large, max-video-preview:-1\" \/>\n<link rel=\"canonical\" href=\"https:\/\/malinacosmetics.com\/sr\/\u043f\u0440\u043e\u0438\u0437\u0432\u043e\u0434\/pittoresco-deep-bb-cushion-2\/\" \/>\n<meta property=\"og:locale\" content=\"sr_RS\" \/>\n<meta property=\"og:type\" content=\"article\" \/>\n<meta property=\"og:title\" content=\"PITTORESCO Deep BB Cushion SPF50 PA+++\" \/>\n<meta property=\"og:description\" content=\"\u0423\u0432\u043b\u0430\u0436\u043d\u044f\u044e\u0449\u0438\u0439 BB \u043a\u0443\u0448\u043e\u043d (\u043e\u0442\u0442\u0435\u043d\u043e\u043a 25 \u0442\u0451\u043c\u043d\u043e-\u0431\u0435\u0436\u0435\u0432\u044b\u0439). 14g+14g refill\" \/>\n<meta property=\"og:url\" content=\"https:\/\/malinacosmetics.com\/sr\/\u043f\u0440\u043e\u0438\u0437\u0432\u043e\u0434\/pittoresco-deep-bb-cushion-2\/\" \/>\n<meta property=\"og:site_name\" content=\"Malina Beauty Store\" \/>\n<meta property=\"article:publisher\" content=\"https:\/\/www.facebook.com\/MalinaBeautyShopMe\/\" \/>\n<meta property=\"article:modified_time\" content=\"2026-04-03T16:35:27+00:00\" \/>\n<meta property=\"og:image\" content=\"https:\/\/malinacosmetics.com\/wp-content\/uploads\/2024\/08\/Pittoresco-Deep-BB-Cushion.jpg\" \/>\n\t<meta property=\"og:image:width\" content=\"1200\" \/>\n\t<meta property=\"og:image:height\" content=\"1200\" \/>\n\t<meta property=\"og:image:type\" content=\"image\/jpeg\" \/>\n<meta name=\"twitter:card\" content=\"summary_large_image\" \/>\n<script type=\"application\/ld+json\" class=\"yoast-schema-graph\">{\"@context\":\"https:\/\/schema.org\",\"@graph\":[{\"@type\":[\"WebPage\",\"ItemPage\"],\"@id\":\"https:\/\/malinacosmetics.com\/product\/pittoresco-deep-bb-cushion-2\/\",\"url\":\"https:\/\/malinacosmetics.com\/product\/pittoresco-deep-bb-cushion-2\/\",\"name\":\"PITTORESCO Deep BB Cushion SPF50 PA+++ - Malina Beauty Store\",\"isPartOf\":{\"@id\":\"https:\/\/malinacosmetics.com\/#website\"},\"datePublished\":\"2024-08-29T18:21:28+00:00\",\"dateModified\":\"2026-04-03T16:35:27+00:00\",\"breadcrumb\":{\"@id\":\"https:\/\/malinacosmetics.com\/product\/pittoresco-deep-bb-cushion-2\/#breadcrumb\"},\"inLanguage\":\"sr-RS\",\"potentialAction\":[{\"@type\":\"ReadAction\",\"target\":[\"https:\/\/malinacosmetics.com\/product\/pittoresco-deep-bb-cushion-2\/\"]}]},{\"@type\":\"BreadcrumbList\",\"@id\":\"https:\/\/malinacosmetics.com\/product\/pittoresco-deep-bb-cushion-2\/#breadcrumb\",\"itemListElement\":[{\"@type\":\"ListItem\",\"position\":1,\"name\":\"\u0413\u043b\u0430\u0432\u043d\u0430\u044f \u0441\u0442\u0440\u0430\u043d\u0438\u0446\u0430\",\"item\":\"https:\/\/malinacosmetics.com\/\"},{\"@type\":\"ListItem\",\"position\":2,\"name\":\"\u041a\u0430\u0442\u0430\u043b\u043e\u0433\",\"item\":\"https:\/\/malinacosmetics.com\/sr\/shop\/\"},{\"@type\":\"ListItem\",\"position\":3,\"name\":\"PITTORESCO Deep BB Cushion SPF50 PA+++\"}]},{\"@type\":\"WebSite\",\"@id\":\"https:\/\/malinacosmetics.com\/#website\",\"url\":\"https:\/\/malinacosmetics.com\/\",\"name\":\"Malina Beauty Store\",\"description\":\"Prodaja korejske kozmetike za Crnu Goru\",\"publisher\":{\"@id\":\"https:\/\/malinacosmetics.com\/#organization\"},\"potentialAction\":[{\"@type\":\"SearchAction\",\"target\":{\"@type\":\"EntryPoint\",\"urlTemplate\":\"https:\/\/malinacosmetics.com\/?s={search_term_string}\"},\"query-input\":\"required name=search_term_string\"}],\"inLanguage\":\"sr-RS\"},{\"@type\":\"Organization\",\"@id\":\"https:\/\/malinacosmetics.com\/#organization\",\"name\":\"malinacosmetics\",\"url\":\"https:\/\/malinacosmetics.com\/\",\"logo\":{\"@type\":\"ImageObject\",\"inLanguage\":\"sr-RS\",\"@id\":\"https:\/\/malinacosmetics.com\/#\/schema\/logo\/image\/\",\"url\":\"https:\/\/malinacosmetics.com\/wp-content\/uploads\/2021\/07\/logo.png\",\"contentUrl\":\"https:\/\/malinacosmetics.com\/wp-content\/uploads\/2021\/07\/logo.png\",\"width\":500,\"height\":353,\"caption\":\"malinacosmetics\"},\"image\":{\"@id\":\"https:\/\/malinacosmetics.com\/#\/schema\/logo\/image\/\"},\"sameAs\":[\"https:\/\/www.facebook.com\/MalinaBeautyShopMe\/\"]}]}<\/script>\n<meta property=\"product:brand\" content=\"simple\" \/>\n<meta property=\"product:price:amount\" content=\"45.00\" \/>\n<meta property=\"product:price:currency\" content=\"EUR\" \/>\n<meta property=\"og:availability\" content=\"out of stock\" \/>\n<meta property=\"product:availability\" content=\"out of stock\" \/>\n<meta property=\"product:condition\" content=\"new\" \/>\n<!-- \/ Yoast SEO Premium plugin. -->","yoast_head_json":{"title":"PITTORESCO Deep BB Cushion SPF50 PA+++ - Malina Beauty Store","robots":{"index":"index","follow":"follow","max-snippet":"max-snippet:-1","max-image-preview":"max-image-preview:large","max-video-preview":"max-video-preview:-1"},"canonical":"https:\/\/malinacosmetics.com\/sr\/\u043f\u0440\u043e\u0438\u0437\u0432\u043e\u0434\/pittoresco-deep-bb-cushion-2\/","og_locale":"sr_RS","og_type":"article","og_title":"PITTORESCO Deep BB Cushion SPF50 PA+++","og_description":"\u0423\u0432\u043b\u0430\u0436\u043d\u044f\u044e\u0449\u0438\u0439 BB \u043a\u0443\u0448\u043e\u043d (\u043e\u0442\u0442\u0435\u043d\u043e\u043a 25 \u0442\u0451\u043c\u043d\u043e-\u0431\u0435\u0436\u0435\u0432\u044b\u0439). 14g+14g refill","og_url":"https:\/\/malinacosmetics.com\/sr\/\u043f\u0440\u043e\u0438\u0437\u0432\u043e\u0434\/pittoresco-deep-bb-cushion-2\/","og_site_name":"Malina Beauty Store","article_publisher":"https:\/\/www.facebook.com\/MalinaBeautyShopMe\/","article_modified_time":"2026-04-03T16:35:27+00:00","og_image":[{"width":1200,"height":1200,"url":"https:\/\/malinacosmetics.com\/wp-content\/uploads\/2024\/08\/Pittoresco-Deep-BB-Cushion.jpg","type":"image\/jpeg"}],"twitter_card":"summary_large_image","schema":{"@context":"https:\/\/schema.org","@graph":[{"@type":["WebPage","ItemPage"],"@id":"https:\/\/malinacosmetics.com\/product\/pittoresco-deep-bb-cushion-2\/","url":"https:\/\/malinacosmetics.com\/product\/pittoresco-deep-bb-cushion-2\/","name":"PITTORESCO Deep BB Cushion SPF50 PA+++ - Malina Beauty Store","isPartOf":{"@id":"https:\/\/malinacosmetics.com\/#website"},"datePublished":"2024-08-29T18:21:28+00:00","dateModified":"2026-04-03T16:35:27+00:00","breadcrumb":{"@id":"https:\/\/malinacosmetics.com\/product\/pittoresco-deep-bb-cushion-2\/#breadcrumb"},"inLanguage":"sr-RS","potentialAction":[{"@type":"ReadAction","target":["https:\/\/malinacosmetics.com\/product\/pittoresco-deep-bb-cushion-2\/"]}]},{"@type":"BreadcrumbList","@id":"https:\/\/malinacosmetics.com\/product\/pittoresco-deep-bb-cushion-2\/#breadcrumb","itemListElement":[{"@type":"ListItem","position":1,"name":"\u0413\u043b\u0430\u0432\u043d\u0430\u044f \u0441\u0442\u0440\u0430\u043d\u0438\u0446\u0430","item":"https:\/\/malinacosmetics.com\/"},{"@type":"ListItem","position":2,"name":"\u041a\u0430\u0442\u0430\u043b\u043e\u0433","item":"https:\/\/malinacosmetics.com\/sr\/shop\/"},{"@type":"ListItem","position":3,"name":"PITTORESCO Deep BB Cushion SPF50 PA+++"}]},{"@type":"WebSite","@id":"https:\/\/malinacosmetics.com\/#website","url":"https:\/\/malinacosmetics.com\/","name":"Malina Beauty Store","description":"Prodaja korejske kozmetike za Crnu Goru","publisher":{"@id":"https:\/\/malinacosmetics.com\/#organization"},"potentialAction":[{"@type":"SearchAction","target":{"@type":"EntryPoint","urlTemplate":"https:\/\/malinacosmetics.com\/?s={search_term_string}"},"query-input":"required name=search_term_string"}],"inLanguage":"sr-RS"},{"@type":"Organization","@id":"https:\/\/malinacosmetics.com\/#organization","name":"malinacosmetics","url":"https:\/\/malinacosmetics.com\/","logo":{"@type":"ImageObject","inLanguage":"sr-RS","@id":"https:\/\/malinacosmetics.com\/#\/schema\/logo\/image\/","url":"https:\/\/malinacosmetics.com\/wp-content\/uploads\/2021\/07\/logo.png","contentUrl":"https:\/\/malinacosmetics.com\/wp-content\/uploads\/2021\/07\/logo.png","width":500,"height":353,"caption":"malinacosmetics"},"image":{"@id":"https:\/\/malinacosmetics.com\/#\/schema\/logo\/image\/"},"sameAs":["https:\/\/www.facebook.com\/MalinaBeautyShopMe\/"]}]},"product_brand":"simple","product_price_amount":"45.00","product_price_currency":"EUR","og_availability":"out of stock","product_availability":"out of stock","product_condition":"new"},"jetpack_sharing_enabled":true,"_links":{"self":[{"href":"https:\/\/malinacosmetics.com\/sr\/wp-json\/wp\/v2\/product\/6407","targetHints":{"allow":["GET"]}}],"collection":[{"href":"https:\/\/malinacosmetics.com\/sr\/wp-json\/wp\/v2\/product"}],"about":[{"href":"https:\/\/malinacosmetics.com\/sr\/wp-json\/wp\/v2\/types\/product"}],"wp:featuredmedia":[{"embeddable":true,"href":"https:\/\/malinacosmetics.com\/sr\/wp-json\/wp\/v2\/media\/6397"}],"wp:attachment":[{"href":"https:\/\/malinacosmetics.com\/sr\/wp-json\/wp\/v2\/media?parent=6407"}],"wp:term":[{"taxonomy":"product_brand","embeddable":true,"href":"https:\/\/malinacosmetics.com\/sr\/wp-json\/wp\/v2\/product_brand?post=6407"},{"taxonomy":"product_cat","embeddable":true,"href":"https:\/\/malinacosmetics.com\/sr\/wp-json\/wp\/v2\/product_cat?post=6407"},{"taxonomy":"product_tag","embeddable":true,"href":"https:\/\/malinacosmetics.com\/sr\/wp-json\/wp\/v2\/product_tag?post=6407"}],"curies":[{"name":"wp","href":"https:\/\/api.w.org\/{rel}","templated":true}]}}