{"id":6384,"date":"2024-08-28T19:03:19","date_gmt":"2024-08-28T17:03:19","guid":{"rendered":"https:\/\/malinacosmetics.com\/?post_type=product&#038;p=6384"},"modified":"2025-03-06T10:39:21","modified_gmt":"2025-03-06T09:39:21","slug":"dr-hedison-velvet-cover-finish-compact","status":"publish","type":"product","link":"https:\/\/malinacosmetics.com\/sr\/\u043f\u0440\u043e\u0438\u0437\u0432\u043e\u0434\/dr-hedison-velvet-cover-finish-compact\/","title":{"rendered":"Dr.HEDISON Velvet Cover Finish Compact"},"content":{"rendered":"<p class=\"translation-block\">Dr.HEDISON Velvet Cover Finish Compact je kameni puder za zavr\u0161nu obradu \u0161minke sa hidratantnim i za\u0161titnim svojstvima. Kontroli\u0161e sjaj i matira ko\u017eu, ostavljajuc\u0301i je glatkom i bez masnog sjaja. Puder pru\u017ea ravnomerno prekrivanje, sakriva nesavr\u0161enosti i ujedna\u010dava ton ko\u017ee. Produ\u017eava trajnost \u0161minke, spre\u010davajuc\u0301i je da se brzo izbri\u0161e ili razmazuje. Daje ko\u017ei bar\u0161unasti fini\u0161, pobolj\u0161avajuc\u0301i njenu teksturu i stvarajuc\u0301i prirodan izgled. Idealan za svakodnevnu upotrebu, lako se nanosi i pru\u017ea dugotrajne i profesionalne rezultate.<br>\nSastojci:<br>\nUlje semena makadamije bogato je esencijalnim masnim kiselinama koje neguju i hidriraju ko\u017eu, \u010dinec\u0301i je mekom i glatkom. Zahvaljujuc\u0301i antioksidannim svojstava, mo\u017ee pomoc\u0301i u spre\u010davanju o\u0161tec\u0301enja c\u0301elija i pojavu bora uzrokovanih slobodnim radikalima.\n<br>Hidrogenizovano kokosovo ulje pru\u017ea intenzivnu hidrataciju, \u0161titi ko\u017eu od gubitka vlage i \u010dini je bar\u0161unastom, poma\u017ee u spre\u010davanju isu\u0161ivanja i lju\u0161tenja.\n<br>Tokoferol acetat (vitamin E) je sna\u017ean antioksidans koji \u0161titi ko\u017eu od o\u0161tec\u0301enja slobodnih radikala i odr\u017eava hidrataciju ko\u017ee. Poma\u017ee u pobolj\u0161anju teksture ko\u017ee i usporavanju procesa starenja.\n<br>Voda od pirin\u010danih mekinja je poznata po svojim hidratantnim i umirujuc\u0301im svojstvima, \u0161to mo\u017ee pomoc\u0301i u smanjenju upale i crvenila ko\u017ee i obezbediti dodatnu hidrataciju.<\/p>\n<p><strong><br>Na\u010din upotrebe:<\/strong> Nanesite puder na ko\u017eu sun\u0111erom ili \u010detkom u nekoliko laganih poteza.<\/p>\n<hr \/>\n<div>\n<p><em><strong><em>Sastojci:<\/em><\/strong> Talc, Mica, Titanium Dioxide, Ethylhexyl Methoxycinnamate, Silica, Nylon-12, Mineral Oil, Caprylic\/capric Triglyceride, Dimethicone, Triethylhexanoin, Dimethiconol Stearate, Triethoxycaprylylsilane, Aluminum Hydroxide, Methicone, Iron Oxide Yellow, Iron Oxide Red, Iron Oxide Black, Ethylhexylglycerin, Glyceryl Caprylate, Macadamia Ternifolia Seed Oil, Hydrogenated Coconut Oil, Tocopheryl Acetate, Fragrance, Tocopherol, Oryza Sativa (Rice) Bran Water.<\/em><\/p>\n<\/div>","protected":false},"excerpt":{"rendered":"<p>Matirajuc\u0301i kameni puder  (nijansa 21 svetlo be\u017e ). 14g<\/p>","protected":false},"featured_media":6404,"template":"","meta":{"_acf_changed":false},"product_brand":[],"product_cat":[582,575,319,354,437,438,549],"product_tag":[],"class_list":{"0":"post-6384","1":"product","2":"type-product","3":"status-publish","4":"has-post-thumbnail","6":"product_cat-pudra","7":"product_cat-vyravnivanie-tona","8":"product_cat-matting","9":"product_cat-skintone","10":"product_cat-alltypesofskin","11":"product_cat-oilyskin","12":"product_cat-dr-hedison","14":"first","15":"outofstock","16":"shipping-taxable","17":"purchasable","18":"product-type-simple"},"acf":[],"yoast_head":"<!-- This site is optimized with the Yoast SEO Premium plugin v19.6 (Yoast SEO v20.11) - https:\/\/yoast.com\/wordpress\/plugins\/seo\/ -->\n<title>Dr.HEDISON Velvet Cover Finish Compact - Malina Beauty Store<\/title>\n<meta name=\"robots\" content=\"index, follow, max-snippet:-1, max-image-preview:large, max-video-preview:-1\" \/>\n<link rel=\"canonical\" href=\"https:\/\/malinacosmetics.com\/sr\/\u043f\u0440\u043e\u0438\u0437\u0432\u043e\u0434\/dr-hedison-velvet-cover-finish-compact\/\" \/>\n<meta property=\"og:locale\" content=\"sr_RS\" \/>\n<meta property=\"og:type\" content=\"article\" \/>\n<meta property=\"og:title\" content=\"Dr.HEDISON Velvet Cover Finish Compact\" \/>\n<meta property=\"og:description\" content=\"\u041c\u0430\u0442\u0438\u0440\u0443\u044e\u0449\u0430\u044f \u043a\u043e\u043c\u043f\u0430\u043a\u0442\u043d\u0430\u044f \u043f\u0443\u0434\u0440\u0430 (\u043e\u0442\u0442\u0435\u043d\u043e\u043a 21 \u0441\u0432\u0435\u0442\u043b\u043e-\u0431\u0435\u0436\u0435\u0432\u044b\u0439). 14g\" \/>\n<meta property=\"og:url\" content=\"https:\/\/malinacosmetics.com\/sr\/\u043f\u0440\u043e\u0438\u0437\u0432\u043e\u0434\/dr-hedison-velvet-cover-finish-compact\/\" \/>\n<meta property=\"og:site_name\" content=\"Malina Beauty Store\" \/>\n<meta property=\"article:publisher\" content=\"https:\/\/www.facebook.com\/MalinaBeautyShopMe\/\" \/>\n<meta property=\"article:modified_time\" content=\"2025-03-06T09:39:21+00:00\" \/>\n<meta property=\"og:image\" content=\"https:\/\/malinacosmetics.com\/wp-content\/uploads\/2024\/08\/Dr.-Hedison-Velvet-Cover-Finish-Compact-.jpg\" \/>\n\t<meta property=\"og:image:width\" content=\"1200\" \/>\n\t<meta property=\"og:image:height\" content=\"1200\" \/>\n\t<meta property=\"og:image:type\" content=\"image\/jpeg\" \/>\n<meta name=\"twitter:card\" content=\"summary_large_image\" \/>\n<script type=\"application\/ld+json\" class=\"yoast-schema-graph\">{\"@context\":\"https:\/\/schema.org\",\"@graph\":[{\"@type\":[\"WebPage\",\"ItemPage\"],\"@id\":\"https:\/\/malinacosmetics.com\/product\/dr-hedison-velvet-cover-finish-compact\/\",\"url\":\"https:\/\/malinacosmetics.com\/product\/dr-hedison-velvet-cover-finish-compact\/\",\"name\":\"Dr.HEDISON Velvet Cover Finish Compact - Malina Beauty Store\",\"isPartOf\":{\"@id\":\"https:\/\/malinacosmetics.com\/#website\"},\"datePublished\":\"2024-08-28T17:03:19+00:00\",\"dateModified\":\"2025-03-06T09:39:21+00:00\",\"breadcrumb\":{\"@id\":\"https:\/\/malinacosmetics.com\/product\/dr-hedison-velvet-cover-finish-compact\/#breadcrumb\"},\"inLanguage\":\"sr-RS\",\"potentialAction\":[{\"@type\":\"ReadAction\",\"target\":[\"https:\/\/malinacosmetics.com\/product\/dr-hedison-velvet-cover-finish-compact\/\"]}]},{\"@type\":\"BreadcrumbList\",\"@id\":\"https:\/\/malinacosmetics.com\/product\/dr-hedison-velvet-cover-finish-compact\/#breadcrumb\",\"itemListElement\":[{\"@type\":\"ListItem\",\"position\":1,\"name\":\"\u0413\u043b\u0430\u0432\u043d\u0430\u044f \u0441\u0442\u0440\u0430\u043d\u0438\u0446\u0430\",\"item\":\"https:\/\/malinacosmetics.com\/\"},{\"@type\":\"ListItem\",\"position\":2,\"name\":\"\u041a\u0430\u0442\u0430\u043b\u043e\u0433\",\"item\":\"https:\/\/malinacosmetics.com\/sr\/shop\/\"},{\"@type\":\"ListItem\",\"position\":3,\"name\":\"Dr.HEDISON Velvet Cover Finish Compact\"}]},{\"@type\":\"WebSite\",\"@id\":\"https:\/\/malinacosmetics.com\/#website\",\"url\":\"https:\/\/malinacosmetics.com\/\",\"name\":\"Malina Beauty Store\",\"description\":\"Prodaja korejske kozmetike za Crnu Goru\",\"publisher\":{\"@id\":\"https:\/\/malinacosmetics.com\/#organization\"},\"potentialAction\":[{\"@type\":\"SearchAction\",\"target\":{\"@type\":\"EntryPoint\",\"urlTemplate\":\"https:\/\/malinacosmetics.com\/?s={search_term_string}\"},\"query-input\":\"required name=search_term_string\"}],\"inLanguage\":\"sr-RS\"},{\"@type\":\"Organization\",\"@id\":\"https:\/\/malinacosmetics.com\/#organization\",\"name\":\"malinacosmetics\",\"url\":\"https:\/\/malinacosmetics.com\/\",\"logo\":{\"@type\":\"ImageObject\",\"inLanguage\":\"sr-RS\",\"@id\":\"https:\/\/malinacosmetics.com\/#\/schema\/logo\/image\/\",\"url\":\"https:\/\/malinacosmetics.com\/wp-content\/uploads\/2021\/07\/logo.png\",\"contentUrl\":\"https:\/\/malinacosmetics.com\/wp-content\/uploads\/2021\/07\/logo.png\",\"width\":500,\"height\":353,\"caption\":\"malinacosmetics\"},\"image\":{\"@id\":\"https:\/\/malinacosmetics.com\/#\/schema\/logo\/image\/\"},\"sameAs\":[\"https:\/\/www.facebook.com\/MalinaBeautyShopMe\/\"]}]}<\/script>\n<meta property=\"product:brand\" content=\"simple\" \/>\n<meta property=\"product:price:amount\" content=\"28.00\" \/>\n<meta property=\"product:price:currency\" content=\"EUR\" \/>\n<meta property=\"og:availability\" content=\"out of stock\" \/>\n<meta property=\"product:availability\" content=\"out of stock\" \/>\n<meta property=\"product:condition\" content=\"new\" \/>\n<!-- \/ Yoast SEO Premium plugin. -->","yoast_head_json":{"title":"Dr.HEDISON Velvet Cover Finish Compact - Malina Beauty Store","robots":{"index":"index","follow":"follow","max-snippet":"max-snippet:-1","max-image-preview":"max-image-preview:large","max-video-preview":"max-video-preview:-1"},"canonical":"https:\/\/malinacosmetics.com\/sr\/\u043f\u0440\u043e\u0438\u0437\u0432\u043e\u0434\/dr-hedison-velvet-cover-finish-compact\/","og_locale":"sr_RS","og_type":"article","og_title":"Dr.HEDISON Velvet Cover Finish Compact","og_description":"\u041c\u0430\u0442\u0438\u0440\u0443\u044e\u0449\u0430\u044f \u043a\u043e\u043c\u043f\u0430\u043a\u0442\u043d\u0430\u044f \u043f\u0443\u0434\u0440\u0430 (\u043e\u0442\u0442\u0435\u043d\u043e\u043a 21 \u0441\u0432\u0435\u0442\u043b\u043e-\u0431\u0435\u0436\u0435\u0432\u044b\u0439). 14g","og_url":"https:\/\/malinacosmetics.com\/sr\/\u043f\u0440\u043e\u0438\u0437\u0432\u043e\u0434\/dr-hedison-velvet-cover-finish-compact\/","og_site_name":"Malina Beauty Store","article_publisher":"https:\/\/www.facebook.com\/MalinaBeautyShopMe\/","article_modified_time":"2025-03-06T09:39:21+00:00","og_image":[{"width":1200,"height":1200,"url":"https:\/\/malinacosmetics.com\/wp-content\/uploads\/2024\/08\/Dr.-Hedison-Velvet-Cover-Finish-Compact-.jpg","type":"image\/jpeg"}],"twitter_card":"summary_large_image","schema":{"@context":"https:\/\/schema.org","@graph":[{"@type":["WebPage","ItemPage"],"@id":"https:\/\/malinacosmetics.com\/product\/dr-hedison-velvet-cover-finish-compact\/","url":"https:\/\/malinacosmetics.com\/product\/dr-hedison-velvet-cover-finish-compact\/","name":"Dr.HEDISON Velvet Cover Finish Compact - Malina Beauty Store","isPartOf":{"@id":"https:\/\/malinacosmetics.com\/#website"},"datePublished":"2024-08-28T17:03:19+00:00","dateModified":"2025-03-06T09:39:21+00:00","breadcrumb":{"@id":"https:\/\/malinacosmetics.com\/product\/dr-hedison-velvet-cover-finish-compact\/#breadcrumb"},"inLanguage":"sr-RS","potentialAction":[{"@type":"ReadAction","target":["https:\/\/malinacosmetics.com\/product\/dr-hedison-velvet-cover-finish-compact\/"]}]},{"@type":"BreadcrumbList","@id":"https:\/\/malinacosmetics.com\/product\/dr-hedison-velvet-cover-finish-compact\/#breadcrumb","itemListElement":[{"@type":"ListItem","position":1,"name":"\u0413\u043b\u0430\u0432\u043d\u0430\u044f \u0441\u0442\u0440\u0430\u043d\u0438\u0446\u0430","item":"https:\/\/malinacosmetics.com\/"},{"@type":"ListItem","position":2,"name":"\u041a\u0430\u0442\u0430\u043b\u043e\u0433","item":"https:\/\/malinacosmetics.com\/sr\/shop\/"},{"@type":"ListItem","position":3,"name":"Dr.HEDISON Velvet Cover Finish Compact"}]},{"@type":"WebSite","@id":"https:\/\/malinacosmetics.com\/#website","url":"https:\/\/malinacosmetics.com\/","name":"Malina Beauty Store","description":"Prodaja korejske kozmetike za Crnu Goru","publisher":{"@id":"https:\/\/malinacosmetics.com\/#organization"},"potentialAction":[{"@type":"SearchAction","target":{"@type":"EntryPoint","urlTemplate":"https:\/\/malinacosmetics.com\/?s={search_term_string}"},"query-input":"required name=search_term_string"}],"inLanguage":"sr-RS"},{"@type":"Organization","@id":"https:\/\/malinacosmetics.com\/#organization","name":"malinacosmetics","url":"https:\/\/malinacosmetics.com\/","logo":{"@type":"ImageObject","inLanguage":"sr-RS","@id":"https:\/\/malinacosmetics.com\/#\/schema\/logo\/image\/","url":"https:\/\/malinacosmetics.com\/wp-content\/uploads\/2021\/07\/logo.png","contentUrl":"https:\/\/malinacosmetics.com\/wp-content\/uploads\/2021\/07\/logo.png","width":500,"height":353,"caption":"malinacosmetics"},"image":{"@id":"https:\/\/malinacosmetics.com\/#\/schema\/logo\/image\/"},"sameAs":["https:\/\/www.facebook.com\/MalinaBeautyShopMe\/"]}]},"product_brand":"simple","product_price_amount":"28.00","product_price_currency":"EUR","og_availability":"out of stock","product_availability":"out of stock","product_condition":"new"},"jetpack_sharing_enabled":true,"_links":{"self":[{"href":"https:\/\/malinacosmetics.com\/sr\/wp-json\/wp\/v2\/product\/6384","targetHints":{"allow":["GET"]}}],"collection":[{"href":"https:\/\/malinacosmetics.com\/sr\/wp-json\/wp\/v2\/product"}],"about":[{"href":"https:\/\/malinacosmetics.com\/sr\/wp-json\/wp\/v2\/types\/product"}],"wp:featuredmedia":[{"embeddable":true,"href":"https:\/\/malinacosmetics.com\/sr\/wp-json\/wp\/v2\/media\/6404"}],"wp:attachment":[{"href":"https:\/\/malinacosmetics.com\/sr\/wp-json\/wp\/v2\/media?parent=6384"}],"wp:term":[{"taxonomy":"product_brand","embeddable":true,"href":"https:\/\/malinacosmetics.com\/sr\/wp-json\/wp\/v2\/product_brand?post=6384"},{"taxonomy":"product_cat","embeddable":true,"href":"https:\/\/malinacosmetics.com\/sr\/wp-json\/wp\/v2\/product_cat?post=6384"},{"taxonomy":"product_tag","embeddable":true,"href":"https:\/\/malinacosmetics.com\/sr\/wp-json\/wp\/v2\/product_tag?post=6384"}],"curies":[{"name":"wp","href":"https:\/\/api.w.org\/{rel}","templated":true}]}}