{"id":6383,"date":"2024-08-28T17:55:23","date_gmt":"2024-08-28T15:55:23","guid":{"rendered":"https:\/\/malinacosmetics.com\/?post_type=product&#038;p=6383"},"modified":"2025-02-15T17:06:10","modified_gmt":"2025-02-15T16:06:10","slug":"dr-hedison-melting-lip-oil","status":"publish","type":"product","link":"https:\/\/malinacosmetics.com\/sr\/\u043f\u0440\u043e\u0438\u0437\u0432\u043e\u0434\/dr-hedison-melting-lip-oil\/","title":{"rendered":"Dr.HEDISON Melting Lip Oil"},"content":{"rendered":"<p class=\"translation-block\">Dr.HEDISON Melting Lip Oil je ulje za usne zasnovano na 12 vrednih biljnih ulja i ekstrakata koje kombinuje hidratantna i hranljiva svojstva sa prijatnom teksturom. Ulje poma\u017ee u omek\u0161avanju i zagla\u0111ivanju usana, \u010dine\u0107i ih \u010dvrstijim i daju\u0107i im prirodan sjaj. Odli\u010dno elimini\u0161e suvo\u0107u i lju\u0161tenje, kao i \u0161titi usne od isu\u0161ivanja i pucanja, stvaraju\u0107i tanki za\u0161titni sloj. Ulje regeneri\u0161e, obnavlja barijerne funkcije i odr\u017eava ko\u017eu u elasti\u010dnom stanju, smanjuju\u0107i gubitak vlage.<br>\nIdealan je za svakodnevnu upotrebu kako bi usne ostale meke, glatke i hidrirane tokom celog dana bez ose\u0107aja lepljivosti.<br>\nAktivni sastojci:<br>\nUlje jojobe je vredan hidratantni i hranljivi sastojak, sa antibakterijskim i antifungalnim svojstvima, poma\u017ee u smanjenju suvo\u0107e, lju\u0161tenja, svraba ko\u017ee i povezanih simptoma.\n<br>Arganovo ulje sadr\u017ei rekordne koli\u010dine polinezasi\u0107enih masnih kiselina omega-6. Vitamin E, kojeg je u arganovom ulju tri puta vi\u0161e nego u maslinovom ulju, odr\u017eava vlagu u epidermisu. Sadr\u017ei fitosterole - dragocene supstance koje su strukturni deo \u0107elijskih membrana, stimuli\u0161u prirodnu proizvodnju kolagena i elastina.\n<br>Kokosovo ulje ima izra\u017eena hranljiva i hidratantna svojstva. Sadr\u017ei pantotensku, kaprilnu, miristinsku i folnu kiselinu, kao i vitamine B1 i C, \u0161to povoljno uti\u010de na stanje ko\u017ee.\n<br>Ulje semena kineske i japanske kamelije ima sna\u017ena antioksidantna svojstva, poma\u017ee u za\u0161titi ko\u017ee od o\u0161te\u0107enja uzrokovanih slobodnim radikalima i UV zra\u010denjem, \u010dine\u0107i ko\u017eu mekom i \u010dvrstom. Poma\u017ee u pobolj\u0161anju teksture ko\u017ee, borbi protiv znakova starenja i ima hidratantna svojstva.\n<br>Ulje makadamije se odlikuje ve\u0107im sadr\u017eajem palmitoleinske kiseline, mononezasi\u0107ene kiseline koja doprinosi obnovi ko\u017ee, posebno kod suvo\u0107e i isu\u0161ivanja. Djeluje kao antioksidant, spre\u010dava razaranje \u0107elijskih membrana.\n<br>Ulje semena psenice sadr\u017ei jedinstvenu kombinaciju masnih kiselina, koje \u010dine ko\u017eu mekom, vra\u0107aju joj ne\u017eni sjaj i elasti\u010dnost, obnavljaju epidermalne \u0107elije i normalizuju vodenasto-lipidni balans ko\u017ee.\n<br>Kompleks vitamina (A, B, E, D, K) i mononezasi\u0107ene masne kiseline u maslinovom ulju intenzivno hidrira ko\u017eu, uklanja njenu suvo\u0107u i lju\u0161tenje. \n<br>Ekstrakt nima ima antibakterijska, protivupalna i antioksidantna svojstva. Poma\u017ee u zaceljivanju, hidrira i \u0161titi ko\u017eu.<\/p>\n<p><strong><br>Na\u010din upotrebe:<\/strong> Nanesite proizvod na suve, \u010diste usne. Da biste koristili ulje za usne kao bazu za ru\u017e, ne zaboravite da uklonite vi\u0161ak sredstva papirnim ubrusom. Ulje za usne mo\u017eete koristiti tokom dana, kao i ostaviti kao masku preko no\u0107i, kako biste hidrirali i nahranili usne do jutra.<\/p>\n<hr \/>\n<div>\n<p><em><strong><em>Sastojci:<\/em><\/strong> H\u0443drogenated Pol\u0443isobutene, Simmondsia chinensis (Jojoba) Seed Oil, Tocopherol acetate, Argania Spinosa Kernel Oil, Cos Nucifera (coconut) Oil, Camellia Japonica Seed Oil, Inoph\u0443llum Seed Oil, Limnanthes (Meadowfoam) Seed Oil, Camellia Sinensis Seed Oil, Ricinus Seed Oil, Olea europaea (Olive) Oil, Macadamia Ternifolia Seed Oil, Helianthus (Sunflower) Seed Oil, Squalane, Lipta Prostrata extract, Melia azadirachta Leaf extract, Water, Moringa Oleifera Seed Oil, 1,2-Hexanediol Sodium.<\/em><\/p>\n<\/div>","protected":false},"excerpt":{"rendered":"<p>Hranljivo ulje za usne. 4g<\/p>","protected":false},"featured_media":6387,"template":"","meta":{"_acf_changed":false},"product_brand":[],"product_cat":[462,350,263,443,581,549],"product_tag":[],"class_list":{"0":"post-6383","1":"product","2":"type-product","3":"status-publish","4":"has-post-thumbnail","6":"product_cat-dryness","7":"product_cat-nourishing","8":"product_cat-revitalizing","9":"product_cat-dryskin","10":"product_cat-lipcare","11":"product_cat-dr-hedison","13":"first","14":"outofstock","15":"shipping-taxable","16":"purchasable","17":"product-type-simple"},"acf":[],"yoast_head":"<!-- This site is optimized with the Yoast SEO Premium plugin v19.6 (Yoast SEO v20.11) - https:\/\/yoast.com\/wordpress\/plugins\/seo\/ -->\n<title>Dr.HEDISON Melting Lip Oil - Malina Beauty Store<\/title>\n<meta name=\"robots\" content=\"index, follow, max-snippet:-1, max-image-preview:large, max-video-preview:-1\" \/>\n<link rel=\"canonical\" href=\"https:\/\/malinacosmetics.com\/sr\/\u043f\u0440\u043e\u0438\u0437\u0432\u043e\u0434\/dr-hedison-melting-lip-oil\/\" \/>\n<meta property=\"og:locale\" content=\"sr_RS\" \/>\n<meta property=\"og:type\" content=\"article\" \/>\n<meta property=\"og:title\" content=\"Dr.HEDISON Melting Lip Oil\" \/>\n<meta property=\"og:description\" content=\"\u041f\u0438\u0442\u0430\u0442\u0435\u043b\u044c\u043d\u043e\u0435 \u043c\u0430\u0441\u043b\u043e \u043e\u0442 \u0441\u0443\u0445\u043e\u0441\u0442\u0438 \u0438 \u0448\u0435\u043b\u0443\u0448\u0435\u043d\u0438\u044f \u043a\u043e\u0436\u0438 \u0433\u0443\u0431. 4g\" \/>\n<meta property=\"og:url\" content=\"https:\/\/malinacosmetics.com\/sr\/\u043f\u0440\u043e\u0438\u0437\u0432\u043e\u0434\/dr-hedison-melting-lip-oil\/\" \/>\n<meta property=\"og:site_name\" content=\"Malina Beauty Store\" \/>\n<meta property=\"article:publisher\" content=\"https:\/\/www.facebook.com\/MalinaBeautyShopMe\/\" \/>\n<meta property=\"article:modified_time\" content=\"2025-02-15T16:06:10+00:00\" \/>\n<meta property=\"og:image\" content=\"https:\/\/malinacosmetics.com\/wp-content\/uploads\/2024\/08\/Dr.HEDISON-Melting-Lip-Oil.jpg\" \/>\n\t<meta property=\"og:image:width\" content=\"1200\" \/>\n\t<meta property=\"og:image:height\" content=\"1200\" \/>\n\t<meta property=\"og:image:type\" content=\"image\/jpeg\" \/>\n<meta name=\"twitter:card\" content=\"summary_large_image\" \/>\n<script type=\"application\/ld+json\" class=\"yoast-schema-graph\">{\"@context\":\"https:\/\/schema.org\",\"@graph\":[{\"@type\":[\"WebPage\",\"ItemPage\"],\"@id\":\"https:\/\/malinacosmetics.com\/product\/dr-hedison-melting-lip-oil\/\",\"url\":\"https:\/\/malinacosmetics.com\/product\/dr-hedison-melting-lip-oil\/\",\"name\":\"Dr.HEDISON Melting Lip Oil - Malina Beauty Store\",\"isPartOf\":{\"@id\":\"https:\/\/malinacosmetics.com\/#website\"},\"datePublished\":\"2024-08-28T15:55:23+00:00\",\"dateModified\":\"2025-02-15T16:06:10+00:00\",\"breadcrumb\":{\"@id\":\"https:\/\/malinacosmetics.com\/product\/dr-hedison-melting-lip-oil\/#breadcrumb\"},\"inLanguage\":\"sr-RS\",\"potentialAction\":[{\"@type\":\"ReadAction\",\"target\":[\"https:\/\/malinacosmetics.com\/product\/dr-hedison-melting-lip-oil\/\"]}]},{\"@type\":\"BreadcrumbList\",\"@id\":\"https:\/\/malinacosmetics.com\/product\/dr-hedison-melting-lip-oil\/#breadcrumb\",\"itemListElement\":[{\"@type\":\"ListItem\",\"position\":1,\"name\":\"\u0413\u043b\u0430\u0432\u043d\u0430\u044f \u0441\u0442\u0440\u0430\u043d\u0438\u0446\u0430\",\"item\":\"https:\/\/malinacosmetics.com\/\"},{\"@type\":\"ListItem\",\"position\":2,\"name\":\"\u041a\u0430\u0442\u0430\u043b\u043e\u0433\",\"item\":\"https:\/\/malinacosmetics.com\/sr\/shop\/\"},{\"@type\":\"ListItem\",\"position\":3,\"name\":\"Dr.HEDISON Melting Lip Oil\"}]},{\"@type\":\"WebSite\",\"@id\":\"https:\/\/malinacosmetics.com\/#website\",\"url\":\"https:\/\/malinacosmetics.com\/\",\"name\":\"Malina Beauty Store\",\"description\":\"Prodaja korejske kozmetike za Crnu Goru\",\"publisher\":{\"@id\":\"https:\/\/malinacosmetics.com\/#organization\"},\"potentialAction\":[{\"@type\":\"SearchAction\",\"target\":{\"@type\":\"EntryPoint\",\"urlTemplate\":\"https:\/\/malinacosmetics.com\/?s={search_term_string}\"},\"query-input\":\"required name=search_term_string\"}],\"inLanguage\":\"sr-RS\"},{\"@type\":\"Organization\",\"@id\":\"https:\/\/malinacosmetics.com\/#organization\",\"name\":\"malinacosmetics\",\"url\":\"https:\/\/malinacosmetics.com\/\",\"logo\":{\"@type\":\"ImageObject\",\"inLanguage\":\"sr-RS\",\"@id\":\"https:\/\/malinacosmetics.com\/#\/schema\/logo\/image\/\",\"url\":\"https:\/\/malinacosmetics.com\/wp-content\/uploads\/2021\/07\/logo.png\",\"contentUrl\":\"https:\/\/malinacosmetics.com\/wp-content\/uploads\/2021\/07\/logo.png\",\"width\":500,\"height\":353,\"caption\":\"malinacosmetics\"},\"image\":{\"@id\":\"https:\/\/malinacosmetics.com\/#\/schema\/logo\/image\/\"},\"sameAs\":[\"https:\/\/www.facebook.com\/MalinaBeautyShopMe\/\"]}]}<\/script>\n<meta property=\"product:brand\" content=\"simple\" \/>\n<meta property=\"product:price:amount\" content=\"15.00\" \/>\n<meta property=\"product:price:currency\" content=\"EUR\" \/>\n<meta property=\"og:availability\" content=\"out of stock\" \/>\n<meta property=\"product:availability\" content=\"out of stock\" \/>\n<meta property=\"product:condition\" content=\"new\" \/>\n<!-- \/ Yoast SEO Premium plugin. -->","yoast_head_json":{"title":"Dr.HEDISON Melting Lip Oil - Malina Beauty Store","robots":{"index":"index","follow":"follow","max-snippet":"max-snippet:-1","max-image-preview":"max-image-preview:large","max-video-preview":"max-video-preview:-1"},"canonical":"https:\/\/malinacosmetics.com\/sr\/\u043f\u0440\u043e\u0438\u0437\u0432\u043e\u0434\/dr-hedison-melting-lip-oil\/","og_locale":"sr_RS","og_type":"article","og_title":"Dr.HEDISON Melting Lip Oil","og_description":"\u041f\u0438\u0442\u0430\u0442\u0435\u043b\u044c\u043d\u043e\u0435 \u043c\u0430\u0441\u043b\u043e \u043e\u0442 \u0441\u0443\u0445\u043e\u0441\u0442\u0438 \u0438 \u0448\u0435\u043b\u0443\u0448\u0435\u043d\u0438\u044f \u043a\u043e\u0436\u0438 \u0433\u0443\u0431. 4g","og_url":"https:\/\/malinacosmetics.com\/sr\/\u043f\u0440\u043e\u0438\u0437\u0432\u043e\u0434\/dr-hedison-melting-lip-oil\/","og_site_name":"Malina Beauty Store","article_publisher":"https:\/\/www.facebook.com\/MalinaBeautyShopMe\/","article_modified_time":"2025-02-15T16:06:10+00:00","og_image":[{"width":1200,"height":1200,"url":"https:\/\/malinacosmetics.com\/wp-content\/uploads\/2024\/08\/Dr.HEDISON-Melting-Lip-Oil.jpg","type":"image\/jpeg"}],"twitter_card":"summary_large_image","schema":{"@context":"https:\/\/schema.org","@graph":[{"@type":["WebPage","ItemPage"],"@id":"https:\/\/malinacosmetics.com\/product\/dr-hedison-melting-lip-oil\/","url":"https:\/\/malinacosmetics.com\/product\/dr-hedison-melting-lip-oil\/","name":"Dr.HEDISON Melting Lip Oil - Malina Beauty Store","isPartOf":{"@id":"https:\/\/malinacosmetics.com\/#website"},"datePublished":"2024-08-28T15:55:23+00:00","dateModified":"2025-02-15T16:06:10+00:00","breadcrumb":{"@id":"https:\/\/malinacosmetics.com\/product\/dr-hedison-melting-lip-oil\/#breadcrumb"},"inLanguage":"sr-RS","potentialAction":[{"@type":"ReadAction","target":["https:\/\/malinacosmetics.com\/product\/dr-hedison-melting-lip-oil\/"]}]},{"@type":"BreadcrumbList","@id":"https:\/\/malinacosmetics.com\/product\/dr-hedison-melting-lip-oil\/#breadcrumb","itemListElement":[{"@type":"ListItem","position":1,"name":"\u0413\u043b\u0430\u0432\u043d\u0430\u044f \u0441\u0442\u0440\u0430\u043d\u0438\u0446\u0430","item":"https:\/\/malinacosmetics.com\/"},{"@type":"ListItem","position":2,"name":"\u041a\u0430\u0442\u0430\u043b\u043e\u0433","item":"https:\/\/malinacosmetics.com\/sr\/shop\/"},{"@type":"ListItem","position":3,"name":"Dr.HEDISON Melting Lip Oil"}]},{"@type":"WebSite","@id":"https:\/\/malinacosmetics.com\/#website","url":"https:\/\/malinacosmetics.com\/","name":"Malina Beauty Store","description":"Prodaja korejske kozmetike za Crnu Goru","publisher":{"@id":"https:\/\/malinacosmetics.com\/#organization"},"potentialAction":[{"@type":"SearchAction","target":{"@type":"EntryPoint","urlTemplate":"https:\/\/malinacosmetics.com\/?s={search_term_string}"},"query-input":"required name=search_term_string"}],"inLanguage":"sr-RS"},{"@type":"Organization","@id":"https:\/\/malinacosmetics.com\/#organization","name":"malinacosmetics","url":"https:\/\/malinacosmetics.com\/","logo":{"@type":"ImageObject","inLanguage":"sr-RS","@id":"https:\/\/malinacosmetics.com\/#\/schema\/logo\/image\/","url":"https:\/\/malinacosmetics.com\/wp-content\/uploads\/2021\/07\/logo.png","contentUrl":"https:\/\/malinacosmetics.com\/wp-content\/uploads\/2021\/07\/logo.png","width":500,"height":353,"caption":"malinacosmetics"},"image":{"@id":"https:\/\/malinacosmetics.com\/#\/schema\/logo\/image\/"},"sameAs":["https:\/\/www.facebook.com\/MalinaBeautyShopMe\/"]}]},"product_brand":"simple","product_price_amount":"15.00","product_price_currency":"EUR","og_availability":"out of stock","product_availability":"out of stock","product_condition":"new"},"jetpack_sharing_enabled":true,"_links":{"self":[{"href":"https:\/\/malinacosmetics.com\/sr\/wp-json\/wp\/v2\/product\/6383","targetHints":{"allow":["GET"]}}],"collection":[{"href":"https:\/\/malinacosmetics.com\/sr\/wp-json\/wp\/v2\/product"}],"about":[{"href":"https:\/\/malinacosmetics.com\/sr\/wp-json\/wp\/v2\/types\/product"}],"wp:featuredmedia":[{"embeddable":true,"href":"https:\/\/malinacosmetics.com\/sr\/wp-json\/wp\/v2\/media\/6387"}],"wp:attachment":[{"href":"https:\/\/malinacosmetics.com\/sr\/wp-json\/wp\/v2\/media?parent=6383"}],"wp:term":[{"taxonomy":"product_brand","embeddable":true,"href":"https:\/\/malinacosmetics.com\/sr\/wp-json\/wp\/v2\/product_brand?post=6383"},{"taxonomy":"product_cat","embeddable":true,"href":"https:\/\/malinacosmetics.com\/sr\/wp-json\/wp\/v2\/product_cat?post=6383"},{"taxonomy":"product_tag","embeddable":true,"href":"https:\/\/malinacosmetics.com\/sr\/wp-json\/wp\/v2\/product_tag?post=6383"}],"curies":[{"name":"wp","href":"https:\/\/api.w.org\/{rel}","templated":true}]}}