{"id":6280,"date":"2024-06-29T11:31:19","date_gmt":"2024-06-29T09:31:19","guid":{"rendered":"https:\/\/malinacosmetics.com\/?post_type=product&#038;p=6280"},"modified":"2026-04-11T15:49:10","modified_gmt":"2026-04-11T13:49:10","slug":"medi-peel-peptide-9-vitanol-ampoule-pro","status":"publish","type":"product","link":"https:\/\/malinacosmetics.com\/sr\/\u043f\u0440\u043e\u0438\u0437\u0432\u043e\u0434\/medi-peel-peptide-9-vitanol-ampoule-pro\/","title":{"rendered":"Medi-Peel Peptide 9 Vitanol Ampoule PRO"},"content":{"rendered":"<p class=\"translation-block\">Hranjiva serum-ampula sa niacinamidom za posvetljivanje i sjaj ko\u017ee kombinuje visoku koncentraciju niacinamida (20%) i jedinstveni vitaminski kompleks Vitanol, uklju\u010dujuc\u0301i vitamine A, E, F, K za ciljanje tamnih fleka, obezbe\u0111ujuc\u0301i efikasno izbeljivanje i ishranu ko\u017ee. \nVidljiv efekat osvetljavanja se primec\u0301uje nakon 2 nedelje svakodnevne upotrebe ampule.<br>\nAmpula ima hidratantnu teksturu koja se lako upija, ostavljajuc\u0301i za sobom vla\u017ean sjaj.\n<br>\nRetinal je najefikasniji oblik vitamina A, 10 puta biolo\u0161ki aktivniji od retinola, stabilan u sastavu proizvoda i manje podlo\u017ean oksidaciji, a prakti\u010dno nema iritativno dejstvo i mnogo ugodniji za upotrebu za osetljivu ko\u017eu i ko\u017eu sa rozaceom, a za razliku od drugi oblici retinola imaju direktan antibakterijski efekat na akne. Promovi\u0161e zbijanje i povec\u0301anu elasti\u010dnost epidermisa, blokira transport melanina u ko\u017eu i smanjuje aktivnost melanocita koji formiraju pigmentne fleke, stimuli\u0161e sintezu svih vrsta proteinskih jedinjenja neophodnih za uklanjanje bora.<br>\nUlje suncokretovog semena sadr\u017ei veliku koli\u010dinu vitamina E, linolne kiseline i drugih korisnih supstanci koje blagotvorno uti\u010du na stanje ko\u017ee. Ovo ulje ima izra\u017eena svojstva hidratacije i omek\u0161avanja, poma\u017ee u obnavljanju za\u0161titne barijere ko\u017ee i smanjuje upale. Zbog svoje lagane teksture, suncokretovo ulje je pogodno za negu osetljive ko\u017ee, pru\u017eajuc\u0301i joj mekoc\u0301u i udobnost.\n<br>Jedinstvena tehnologija dvostrukog premaza sa vitaminom C maksimizira isporuku aktivnih sastojaka u duboke slojeve ko\u017ee, pru\u017ea njihovu stabilnost i aktivnost, \u0161to poma\u017ee u zna\u010dajnom pobolj\u0161anju tena i smanjenju pojave tamnih fleka.\n<br>15 peptida u kombinaciji sa niacinamidom stvara sna\u017ean sinergisti\u010dki efekat koji promovi\u0161e intenzivnu negu dubokih stara\u010dkih pega, daje ko\u017ei sjaj, pobolj\u0161ava njen tonus i op\u0161te stanje, \u010dinec\u0301i ko\u017eu \u010dvr\u0161c\u0301om i elasti\u010dnijom.\n<br>Formula seruma je obogac\u0301ena adenozinom, kolagenom i ektoinom, koji poma\u017eu u pobolj\u0161anju elasti\u010dnosti ko\u017ee i intenzivnoj hidrataciji, odr\u017eavajuc\u0301i ko\u017eu mekom i glatkom na dodir.\n<br>Sadr\u017ei eozidin i RedSnow\u2122 koji hidriraju i umiruju ko\u017eu umornu od intenzivne sun\u010deve svetlosti i spolja\u0161njih iritacija.<br>\nPreporu\u010duje se za ko\u017eu bez sjaja, neujedna\u010denog tona ko\u017ee sa znacima pigmentacije, upale, suvoc\u0301e i perutanja.<\/p>\n<p><strong><br>Na\u010din upotrebe:<\/strong> Nanesite nekoliko kapi ampule na o\u010di\u0161c\u0301enu i toniziranu ko\u017eu i pa\u017eljivo rasporedite po licu. Ne\u017eno umasirajte proizvod u ko\u017eu i sa\u010dekajte da se upije. Nakon nanesite kremu.<\/p>\n<p><em><br>Originalna Medi-Peel korejska kozmetika u Srbiji i Crnoj Gori. Visokokvalitetna kuc\u0301na nega lica i tela.<\/em><\/p>\n<hr \/>\n<p><strong><em>Sastojci:<\/em> <\/strong><em>Purified water, niacinamide (20%), butylene glycol, propanediol, 1,2-hexanediol, hydrogenated coconut oil, hydrolyzed collagen, vitamin tree fruit extract (11,225 ppm), panthenol, yuzu Bark oil, Methyl Glucose Sesquistearate, alpha-bisabolol, cetearyl olivate, glycerin, sorbitan olivate, methyl propanediol, carbomer, tromethamine, inulin lauryl carbamate, cetyl palmitate, Adenosine, caprylic\/capric triglyceride, glucosyl rutin, sorbitan palmitate, xanthan gum, hydrogenated ethylhexyl olivate, ethylhexylglycerin, disodium EDTA, oil palm oil, tomato extract, poly Glutamic acid, hydrogenated lecithin, pansy root extract, hydrolyzed sponge, hydrogenated olive oil unsaponifiable, camellia flower extract, tangerine peel extract, Haematococcus pluvialis extract, Lactobacillus ferment, Salicylic acid, sucrose palmitate, citric acid, Alteromonas ferment extract, ectoine, phenethyl alcohol, retinyl palmitate (6,160 ppb), tocopherol, menadione (5,000 ppb), polyglyceryl-4-oligo Eight, glutathione (4,000 ppb), mugwort extract, linoleic acid, pentylene glycol, Phaeodactylum tricornutum extract, caprylyl glycol, sunflower seed oil, peanut oil, rosemary leaf extract, linolenic acid, Coconut palm oil, polyglyceryl-10 laurate, olive oil, ascorbic acid (400 ppb), Chlorella minutissima extract, sodium phosphate, lecithin, retinal (40 ppb), acetyl hexapeptide-8 (650 ppb) , copper tripeptide-1 (300 ppb), oligopeptide-29 (75 ppb), palmitoyl pentapeptide-4 (60 ppb), acetyloctapeptide-3 (50 ppb), oligopeptide-32 (50 ppb), Oligopeptide-6 (50 ppb), palmitoyl tetrapeptide-7 (25 ppb), palmitoyl tripeptide-1 (25 ppb), palmitoyl tripeptide-5 (25 ppb), SH-oligopeptide-1 (0.1 ppb), SH-oligopeptide-2 (0.1 ppb), SF-polypeptide-1 (0.1 ppb), SH-polypeptide-10 (0.1 ppb), SH-polypeptide-60 (0.1 ppb), fragrance<\/em><\/p>","protected":false},"excerpt":{"rendered":"<p>Hranljiva serumska ampula sa niacinamidom i vitaminskim kompleksom za posvetljivanje i blistavost ko\u017ee. 30ml<\/p>","protected":false},"featured_media":6281,"template":"","meta":{"_acf_changed":false},"product_brand":[],"product_cat":[575,457,456,458,462,224,349,350,86,231,442,443,444,352,296],"product_tag":[567],"class_list":{"0":"post-6280","1":"product","2":"type-product","3":"status-publish","4":"has-post-thumbnail","6":"product_cat-vyravnivanie-tona","7":"product_cat-acne","8":"product_cat-rozacea","9":"product_cat-pigmentation","10":"product_cat-dryness","11":"product_cat-antiage","12":"product_cat-brightening","13":"product_cat-nourishing","14":"product_cat-moisturizing","15":"product_cat-calming","16":"product_cat-problematicskin","17":"product_cat-dryskin","18":"product_cat-sensitiveskin","19":"product_cat-serum","20":"product_cat-medi-peel","21":"product_tag-peptide-9-vitanol","23":"first","24":"instock","25":"shipping-taxable","26":"purchasable","27":"product-type-simple"},"acf":[],"yoast_head":"<!-- This site is optimized with the Yoast SEO Premium plugin v19.6 (Yoast SEO v20.11) - https:\/\/yoast.com\/wordpress\/plugins\/seo\/ -->\n<title>Medi-Peel Peptide 9 Vitanol Ampoule PRO - Malina Beauty Store<\/title>\n<meta name=\"robots\" content=\"index, follow, max-snippet:-1, max-image-preview:large, max-video-preview:-1\" \/>\n<link rel=\"canonical\" href=\"https:\/\/malinacosmetics.com\/sr\/\u043f\u0440\u043e\u0438\u0437\u0432\u043e\u0434\/medi-peel-peptide-9-vitanol-ampoule-pro\/\" \/>\n<meta property=\"og:locale\" content=\"sr_RS\" \/>\n<meta property=\"og:type\" content=\"article\" \/>\n<meta property=\"og:title\" content=\"Medi-Peel Peptide 9 Vitanol Ampoule PRO\" \/>\n<meta property=\"og:description\" content=\"\u041f\u0438\u0442\u0430\u0442\u0435\u043b\u044c\u043d\u0430\u044f \u0430\u043c\u043f\u0443\u043b\u0430-\u0441\u044b\u0432\u043e\u0440\u043e\u0442\u043a\u0430 \u0441 \u043d\u0438\u0430\u0446\u0438\u043d\u0430\u043c\u0438\u0434\u043e\u043c \u0438 \u0432\u0438\u0442\u0430\u043c\u0438\u043d\u043d\u044b\u043c \u043a\u043e\u043c\u043f\u043b\u0435\u043a\u0441\u043e\u043c \u0434\u043b\u044f \u043e\u0441\u0432\u0435\u0442\u043b\u0435\u043d\u0438\u044f \u0438 \u0441\u0438\u044f\u043d\u0438\u044f \u043a\u043e\u0436\u0438. 30ml\" \/>\n<meta property=\"og:url\" content=\"https:\/\/malinacosmetics.com\/sr\/\u043f\u0440\u043e\u0438\u0437\u0432\u043e\u0434\/medi-peel-peptide-9-vitanol-ampoule-pro\/\" \/>\n<meta property=\"og:site_name\" content=\"Malina Beauty Store\" \/>\n<meta property=\"article:publisher\" content=\"https:\/\/www.facebook.com\/MalinaBeautyShopMe\/\" \/>\n<meta property=\"article:modified_time\" content=\"2026-04-11T13:49:10+00:00\" \/>\n<meta property=\"og:image\" content=\"https:\/\/malinacosmetics.com\/wp-content\/uploads\/2024\/07\/Medi-Peel-Peptide-9-Vitanol-Ampoule-Pro2.jpg\" \/>\n\t<meta property=\"og:image:width\" content=\"1200\" \/>\n\t<meta property=\"og:image:height\" content=\"1200\" \/>\n\t<meta property=\"og:image:type\" content=\"image\/jpeg\" \/>\n<meta name=\"twitter:card\" content=\"summary_large_image\" \/>\n<script type=\"application\/ld+json\" class=\"yoast-schema-graph\">{\"@context\":\"https:\/\/schema.org\",\"@graph\":[{\"@type\":[\"WebPage\",\"ItemPage\"],\"@id\":\"https:\/\/malinacosmetics.com\/product\/medi-peel-peptide-9-vitanol-ampoule-pro\/\",\"url\":\"https:\/\/malinacosmetics.com\/product\/medi-peel-peptide-9-vitanol-ampoule-pro\/\",\"name\":\"Medi-Peel Peptide 9 Vitanol Ampoule PRO - Malina Beauty Store\",\"isPartOf\":{\"@id\":\"https:\/\/malinacosmetics.com\/#website\"},\"datePublished\":\"2024-06-29T09:31:19+00:00\",\"dateModified\":\"2026-04-11T13:49:10+00:00\",\"breadcrumb\":{\"@id\":\"https:\/\/malinacosmetics.com\/product\/medi-peel-peptide-9-vitanol-ampoule-pro\/#breadcrumb\"},\"inLanguage\":\"sr-RS\",\"potentialAction\":[{\"@type\":\"ReadAction\",\"target\":[\"https:\/\/malinacosmetics.com\/product\/medi-peel-peptide-9-vitanol-ampoule-pro\/\"]}]},{\"@type\":\"BreadcrumbList\",\"@id\":\"https:\/\/malinacosmetics.com\/product\/medi-peel-peptide-9-vitanol-ampoule-pro\/#breadcrumb\",\"itemListElement\":[{\"@type\":\"ListItem\",\"position\":1,\"name\":\"\u0413\u043b\u0430\u0432\u043d\u0430\u044f \u0441\u0442\u0440\u0430\u043d\u0438\u0446\u0430\",\"item\":\"https:\/\/malinacosmetics.com\/\"},{\"@type\":\"ListItem\",\"position\":2,\"name\":\"\u041a\u0430\u0442\u0430\u043b\u043e\u0433\",\"item\":\"https:\/\/malinacosmetics.com\/sr\/shop\/\"},{\"@type\":\"ListItem\",\"position\":3,\"name\":\"Medi-Peel Peptide 9 Vitanol Ampoule PRO\"}]},{\"@type\":\"WebSite\",\"@id\":\"https:\/\/malinacosmetics.com\/#website\",\"url\":\"https:\/\/malinacosmetics.com\/\",\"name\":\"Malina Beauty Store\",\"description\":\"Prodaja korejske kozmetike za Crnu Goru\",\"publisher\":{\"@id\":\"https:\/\/malinacosmetics.com\/#organization\"},\"potentialAction\":[{\"@type\":\"SearchAction\",\"target\":{\"@type\":\"EntryPoint\",\"urlTemplate\":\"https:\/\/malinacosmetics.com\/?s={search_term_string}\"},\"query-input\":\"required name=search_term_string\"}],\"inLanguage\":\"sr-RS\"},{\"@type\":\"Organization\",\"@id\":\"https:\/\/malinacosmetics.com\/#organization\",\"name\":\"malinacosmetics\",\"url\":\"https:\/\/malinacosmetics.com\/\",\"logo\":{\"@type\":\"ImageObject\",\"inLanguage\":\"sr-RS\",\"@id\":\"https:\/\/malinacosmetics.com\/#\/schema\/logo\/image\/\",\"url\":\"https:\/\/malinacosmetics.com\/wp-content\/uploads\/2021\/07\/logo.png\",\"contentUrl\":\"https:\/\/malinacosmetics.com\/wp-content\/uploads\/2021\/07\/logo.png\",\"width\":500,\"height\":353,\"caption\":\"malinacosmetics\"},\"image\":{\"@id\":\"https:\/\/malinacosmetics.com\/#\/schema\/logo\/image\/\"},\"sameAs\":[\"https:\/\/www.facebook.com\/MalinaBeautyShopMe\/\"]}]}<\/script>\n<meta property=\"product:brand\" content=\"simple\" \/>\n<meta property=\"product:price:amount\" content=\"32.00\" \/>\n<meta property=\"product:price:currency\" content=\"EUR\" \/>\n<meta property=\"og:availability\" content=\"instock\" \/>\n<meta property=\"product:availability\" content=\"instock\" \/>\n<meta property=\"product:condition\" content=\"new\" \/>\n<!-- \/ Yoast SEO Premium plugin. -->","yoast_head_json":{"title":"Medi-Peel Peptide 9 Vitanol Ampoule PRO - Malina Beauty Store","robots":{"index":"index","follow":"follow","max-snippet":"max-snippet:-1","max-image-preview":"max-image-preview:large","max-video-preview":"max-video-preview:-1"},"canonical":"https:\/\/malinacosmetics.com\/sr\/\u043f\u0440\u043e\u0438\u0437\u0432\u043e\u0434\/medi-peel-peptide-9-vitanol-ampoule-pro\/","og_locale":"sr_RS","og_type":"article","og_title":"Medi-Peel Peptide 9 Vitanol Ampoule PRO","og_description":"\u041f\u0438\u0442\u0430\u0442\u0435\u043b\u044c\u043d\u0430\u044f \u0430\u043c\u043f\u0443\u043b\u0430-\u0441\u044b\u0432\u043e\u0440\u043e\u0442\u043a\u0430 \u0441 \u043d\u0438\u0430\u0446\u0438\u043d\u0430\u043c\u0438\u0434\u043e\u043c \u0438 \u0432\u0438\u0442\u0430\u043c\u0438\u043d\u043d\u044b\u043c \u043a\u043e\u043c\u043f\u043b\u0435\u043a\u0441\u043e\u043c \u0434\u043b\u044f \u043e\u0441\u0432\u0435\u0442\u043b\u0435\u043d\u0438\u044f \u0438 \u0441\u0438\u044f\u043d\u0438\u044f \u043a\u043e\u0436\u0438. 30ml","og_url":"https:\/\/malinacosmetics.com\/sr\/\u043f\u0440\u043e\u0438\u0437\u0432\u043e\u0434\/medi-peel-peptide-9-vitanol-ampoule-pro\/","og_site_name":"Malina Beauty Store","article_publisher":"https:\/\/www.facebook.com\/MalinaBeautyShopMe\/","article_modified_time":"2026-04-11T13:49:10+00:00","og_image":[{"width":1200,"height":1200,"url":"https:\/\/malinacosmetics.com\/wp-content\/uploads\/2024\/07\/Medi-Peel-Peptide-9-Vitanol-Ampoule-Pro2.jpg","type":"image\/jpeg"}],"twitter_card":"summary_large_image","schema":{"@context":"https:\/\/schema.org","@graph":[{"@type":["WebPage","ItemPage"],"@id":"https:\/\/malinacosmetics.com\/product\/medi-peel-peptide-9-vitanol-ampoule-pro\/","url":"https:\/\/malinacosmetics.com\/product\/medi-peel-peptide-9-vitanol-ampoule-pro\/","name":"Medi-Peel Peptide 9 Vitanol Ampoule PRO - Malina Beauty Store","isPartOf":{"@id":"https:\/\/malinacosmetics.com\/#website"},"datePublished":"2024-06-29T09:31:19+00:00","dateModified":"2026-04-11T13:49:10+00:00","breadcrumb":{"@id":"https:\/\/malinacosmetics.com\/product\/medi-peel-peptide-9-vitanol-ampoule-pro\/#breadcrumb"},"inLanguage":"sr-RS","potentialAction":[{"@type":"ReadAction","target":["https:\/\/malinacosmetics.com\/product\/medi-peel-peptide-9-vitanol-ampoule-pro\/"]}]},{"@type":"BreadcrumbList","@id":"https:\/\/malinacosmetics.com\/product\/medi-peel-peptide-9-vitanol-ampoule-pro\/#breadcrumb","itemListElement":[{"@type":"ListItem","position":1,"name":"\u0413\u043b\u0430\u0432\u043d\u0430\u044f \u0441\u0442\u0440\u0430\u043d\u0438\u0446\u0430","item":"https:\/\/malinacosmetics.com\/"},{"@type":"ListItem","position":2,"name":"\u041a\u0430\u0442\u0430\u043b\u043e\u0433","item":"https:\/\/malinacosmetics.com\/sr\/shop\/"},{"@type":"ListItem","position":3,"name":"Medi-Peel Peptide 9 Vitanol Ampoule PRO"}]},{"@type":"WebSite","@id":"https:\/\/malinacosmetics.com\/#website","url":"https:\/\/malinacosmetics.com\/","name":"Malina Beauty Store","description":"Prodaja korejske kozmetike za Crnu Goru","publisher":{"@id":"https:\/\/malinacosmetics.com\/#organization"},"potentialAction":[{"@type":"SearchAction","target":{"@type":"EntryPoint","urlTemplate":"https:\/\/malinacosmetics.com\/?s={search_term_string}"},"query-input":"required name=search_term_string"}],"inLanguage":"sr-RS"},{"@type":"Organization","@id":"https:\/\/malinacosmetics.com\/#organization","name":"malinacosmetics","url":"https:\/\/malinacosmetics.com\/","logo":{"@type":"ImageObject","inLanguage":"sr-RS","@id":"https:\/\/malinacosmetics.com\/#\/schema\/logo\/image\/","url":"https:\/\/malinacosmetics.com\/wp-content\/uploads\/2021\/07\/logo.png","contentUrl":"https:\/\/malinacosmetics.com\/wp-content\/uploads\/2021\/07\/logo.png","width":500,"height":353,"caption":"malinacosmetics"},"image":{"@id":"https:\/\/malinacosmetics.com\/#\/schema\/logo\/image\/"},"sameAs":["https:\/\/www.facebook.com\/MalinaBeautyShopMe\/"]}]},"product_brand":"simple","product_price_amount":"32.00","product_price_currency":"EUR","og_availability":"instock","product_availability":"instock","product_condition":"new"},"jetpack_sharing_enabled":true,"_links":{"self":[{"href":"https:\/\/malinacosmetics.com\/sr\/wp-json\/wp\/v2\/product\/6280","targetHints":{"allow":["GET"]}}],"collection":[{"href":"https:\/\/malinacosmetics.com\/sr\/wp-json\/wp\/v2\/product"}],"about":[{"href":"https:\/\/malinacosmetics.com\/sr\/wp-json\/wp\/v2\/types\/product"}],"wp:featuredmedia":[{"embeddable":true,"href":"https:\/\/malinacosmetics.com\/sr\/wp-json\/wp\/v2\/media\/6281"}],"wp:attachment":[{"href":"https:\/\/malinacosmetics.com\/sr\/wp-json\/wp\/v2\/media?parent=6280"}],"wp:term":[{"taxonomy":"product_brand","embeddable":true,"href":"https:\/\/malinacosmetics.com\/sr\/wp-json\/wp\/v2\/product_brand?post=6280"},{"taxonomy":"product_cat","embeddable":true,"href":"https:\/\/malinacosmetics.com\/sr\/wp-json\/wp\/v2\/product_cat?post=6280"},{"taxonomy":"product_tag","embeddable":true,"href":"https:\/\/malinacosmetics.com\/sr\/wp-json\/wp\/v2\/product_tag?post=6280"}],"curies":[{"name":"wp","href":"https:\/\/api.w.org\/{rel}","templated":true}]}}