{"id":6278,"date":"2024-06-29T12:41:35","date_gmt":"2024-06-29T10:41:35","guid":{"rendered":"https:\/\/malinacosmetics.com\/?post_type=product&#038;p=6278"},"modified":"2026-04-06T12:30:55","modified_gmt":"2026-04-06T10:30:55","slug":"medi-peel-peptide-9-vitanol-sun-stick-pro","status":"publish","type":"product","link":"https:\/\/malinacosmetics.com\/sr\/\u043f\u0440\u043e\u0438\u0437\u0432\u043e\u0434\/medi-peel-peptide-9-vitanol-sun-stick-pro\/","title":{"rendered":"Medi-Peel Peptide 9 Vitanol Sun Stick Pro SPF50+ PA++++"},"content":{"rendered":"<p class=\"translation-block\">Inovativni stik za sun\u010danje koji pru\u017ea maksimalnu za\u0161titu od UVA\/UVB zraka, efekat posvjetljivanja i sna\u017ean efekat protiv starenja.<br> \n\nStik sadr\u017ei 2% niacinamida i jedinstveni vitaminski kompleks Vitanol, uklju\u010dujuc\u0301i vitamine A, E, F, K za ciljanu borbu protiv tamnih fleka, obezbe\u0111ujuc\u0301i efikasno izbeljivanje i ishranu ko\u017ee. \n<br> Posebna formula sa peptidima stimuli\u0161e proizvodnju kolagena i elastina, pobolj\u0161ava elasti\u010dnost i ja\u010da turgor ko\u017ee. <br> \nSadr\u017eaj adenozina, kolagena i ektoina poma\u017ee da se vla\u017ee i oja\u010da ko\u017ena barijera, pobolj\u0161ava elasti\u010dnost ko\u017ee i zagla\u0111uje bore.  <br> \nPrirodni ekstrakti lu\u0161mice i listova nane imaju osve\u017eavajuc\u0301a i rashladna svojstva koja poma\u017eu u smirivanju nadra\u017eene ko\u017ee i smanjenju crvenila. Pobolj\u0161ava mikrocirkulaciju, dajuc\u0301i ko\u017ei zdrav i blistav izgled.<br> \nUlje makadamije je bogato mononezasic\u0301enim masnim kiselinama koje neguju i hidriraju ko\u017eu i poma\u017eu u njenom obnavljanju. Ovo ulje sadr\u017ei i antioksidante koji \u0161tite ko\u017eu od \u0161tetnog dejstva slobodnih radikala i spre\u010davaju prevremeno starenje.<br> \nStik ima efekat prajmera, ispravlja ton i teksturu ko\u017ee, tako da se mo\u017ee naneti pre \u0161minkanja. Ostavlja sjajan, ali ne lepljiv fini\u0161, \u0161to ga \u010dini odli\u010dnim za ponovno nano\u0161enje preko \u0161minke.<\/p>\n<p><strong><br>Na\u010din upotrebe:<\/strong> Nanesite proizvod ravnomerno kao poslednji korak nege 15-20 minuta pre izlaska napolje. Kada ste na direktnom suncu, ponovo nanosite svaka 2 sata.<\/p>\n<p><em><br>Originalna Medi-Peel korejska kozmetika u Srbiji i Crnoj Gori. Visokokvalitetna kuc\u0301na nega lica i tela.<\/em><\/p>\n<hr \/>\n<p><strong><em>Sastojci:<\/em> <\/strong><em>Purified water, Dibutyl Adipate, Synthetic wax, Silica, diethylaminohydroxybenzoylhexylbenzoate, Dimethicone, Butyloctylsalicylate, Ethylhexyl Triazone, Vinyl Dimethicone\/Methicone Silsesquioxane Cross Polymer, Polysilicon-15, Bis-ethylhexyloxyphenolmethoxyphenyltriazine, Butylene glycol, Niacinamide(20,000 ppm), Stearyl heptanoate, Lauryl polyglyceryl-3 Polydimethylsiloxyethyldimetikone, Triethoxycaprylsilane, 1,2-hexanediol, Caprylic \/ Capric Glycerides, Polyglyceryl-4 Diisostearate\/Polyhydroxystearate\/ Sebakate, Polyglyceryl-4 isostearate, Methyl Diisopropylpropionamide, Adenosine, Dysodium dithiae, Propanediol, Ectoin, Hydrolyzed collagen, Persimmon Extract, Macadamia Seed Oil, Caprylic \/ Capric Triglyceride, Propylene glycol, Glycerin, Hydrogenatidrecitin, Loquat leaf extract, cholesterol, Retin egg (0.1 ppb), Spearmint extract, Rapeseed sterol, Polyglyceryl-10 laurate, Pyge-5 Leifseed Sterol, Cetes-3, Cetes-5, Lavender Flower Extract, Matricaria Flower Extract, Barley Extract, Cornflower Extract, Aluminum\/ Magnesium hydroxide stearate, Clery extract, Hyacinth Outpost Extract, Seaweed extract, Guavai Leaf extract, Hat Half extract, Ethylhexylglycerin, Tung Tung Madi Extract, Potassium cetyl Phosphate, Pentaerisrithyltetra-Dai-t-butylhydroxyhydrocinnamate, Magnesium ascorbyl phosphate (0.01 ppb), Jeju Cooked rice extract, Thiamine H. C. L. (0.01 ppb), Pantothenic acid (0.01 ppb), Tripeptide-1 (0.0064 ppb), Bogum Cactus stem extract, acetylhexapeptide-8 (0.0005 ppb), Alanine \/ histidine\/Lysine Polypeptide Caper H. C. L., Carpertripeptide-1 (0.0005 ppb), Palmitoyltripeptide-1 (0.0005 ppb), Palmitoyl pentapeptide-4 (0.0005 ppb), Hexapeptide-11(0.0005 ppb), hexapeptide-9 (0.0005 ppb), nonapeptide-1 (0.0001 ppb), riboflavin (0.0001 ppb), Pyridoxine (0.0001 ppb), Biotin (0.00001 ppb), Cyanocobalamine (0.000001 ppb), Polyacid(0.000001 ppb), fragrance<\/em><\/p>","protected":false},"excerpt":{"rendered":"<p>Stik za sun\u010danje protiv starenja sa niacinamidom i vitaminskim kompleksom. 23g<\/p>","protected":false},"featured_media":6279,"template":"","meta":{"_acf_changed":false},"product_brand":[],"product_cat":[575,457,456,458,462,224,349,350,86,231,437,442,443,444,469,296],"product_tag":[567],"class_list":{"0":"post-6278","1":"product","2":"type-product","3":"status-publish","4":"has-post-thumbnail","6":"product_cat-vyravnivanie-tona","7":"product_cat-acne","8":"product_cat-rozacea","9":"product_cat-pigmentation","10":"product_cat-dryness","11":"product_cat-antiage","12":"product_cat-brightening","13":"product_cat-nourishing","14":"product_cat-moisturizing","15":"product_cat-calming","16":"product_cat-alltypesofskin","17":"product_cat-problematicskin","18":"product_cat-dryskin","19":"product_cat-sensitiveskin","20":"product_cat-sunstick","21":"product_cat-medi-peel","22":"product_tag-peptide-9-vitanol","24":"first","25":"outofstock","26":"shipping-taxable","27":"purchasable","28":"product-type-simple"},"acf":[],"yoast_head":"<!-- This site is optimized with the Yoast SEO Premium plugin v19.6 (Yoast SEO v20.11) - https:\/\/yoast.com\/wordpress\/plugins\/seo\/ -->\n<title>Medi-Peel Peptide 9 Vitanol Sun Stick Pro SPF50+ PA++++ - Malina Beauty Store<\/title>\n<meta name=\"robots\" content=\"index, follow, max-snippet:-1, max-image-preview:large, max-video-preview:-1\" \/>\n<link rel=\"canonical\" href=\"https:\/\/malinacosmetics.com\/sr\/\u043f\u0440\u043e\u0438\u0437\u0432\u043e\u0434\/medi-peel-peptide-9-vitanol-sun-stick-pro\/\" \/>\n<meta property=\"og:locale\" content=\"sr_RS\" \/>\n<meta property=\"og:type\" content=\"article\" \/>\n<meta property=\"og:title\" content=\"Medi-Peel Peptide 9 Vitanol Sun Stick Pro SPF50+ PA++++\" \/>\n<meta property=\"og:description\" content=\"\u0410\u043d\u0442\u0438\u0432\u043e\u0437\u0440\u0430\u0441\u0442\u043d\u043e\u0439 \u0441\u043e\u043b\u043d\u0446\u0435\u0437\u0430\u0449\u0438\u0442\u043d\u044b\u0439 \u0441\u0442\u0438\u043a \u0434\u043b\u044f \u043b\u0438\u0446\u0430 \u0441 \u043d\u0438\u0430\u0446\u0438\u043d\u0430\u043c\u0438\u0434\u043e\u043c \u0438 \u0432\u0438\u0442\u0430\u043c\u0438\u043d\u043d\u044b\u043c \u043a\u043e\u043c\u043f\u043b\u0435\u043a\u0441\u043e\u043c. 23g\" \/>\n<meta property=\"og:url\" content=\"https:\/\/malinacosmetics.com\/sr\/\u043f\u0440\u043e\u0438\u0437\u0432\u043e\u0434\/medi-peel-peptide-9-vitanol-sun-stick-pro\/\" \/>\n<meta property=\"og:site_name\" content=\"Malina Beauty Store\" \/>\n<meta property=\"article:publisher\" content=\"https:\/\/www.facebook.com\/MalinaBeautyShopMe\/\" \/>\n<meta property=\"article:modified_time\" content=\"2026-04-06T10:30:55+00:00\" \/>\n<meta property=\"og:image\" content=\"https:\/\/malinacosmetics.com\/wp-content\/uploads\/2024\/07\/Medi-Peel-Peptide-9-Vitanol-Sun-Stick-Pro2.jpg\" \/>\n\t<meta property=\"og:image:width\" content=\"1200\" \/>\n\t<meta property=\"og:image:height\" content=\"1200\" \/>\n\t<meta property=\"og:image:type\" content=\"image\/jpeg\" \/>\n<meta name=\"twitter:card\" content=\"summary_large_image\" \/>\n<script type=\"application\/ld+json\" class=\"yoast-schema-graph\">{\"@context\":\"https:\/\/schema.org\",\"@graph\":[{\"@type\":[\"WebPage\",\"ItemPage\"],\"@id\":\"https:\/\/malinacosmetics.com\/product\/medi-peel-peptide-9-vitanol-sun-stick-pro\/\",\"url\":\"https:\/\/malinacosmetics.com\/product\/medi-peel-peptide-9-vitanol-sun-stick-pro\/\",\"name\":\"Medi-Peel Peptide 9 Vitanol Sun Stick Pro SPF50+ PA++++ - Malina Beauty Store\",\"isPartOf\":{\"@id\":\"https:\/\/malinacosmetics.com\/#website\"},\"datePublished\":\"2024-06-29T10:41:35+00:00\",\"dateModified\":\"2026-04-06T10:30:55+00:00\",\"breadcrumb\":{\"@id\":\"https:\/\/malinacosmetics.com\/product\/medi-peel-peptide-9-vitanol-sun-stick-pro\/#breadcrumb\"},\"inLanguage\":\"sr-RS\",\"potentialAction\":[{\"@type\":\"ReadAction\",\"target\":[\"https:\/\/malinacosmetics.com\/product\/medi-peel-peptide-9-vitanol-sun-stick-pro\/\"]}]},{\"@type\":\"BreadcrumbList\",\"@id\":\"https:\/\/malinacosmetics.com\/product\/medi-peel-peptide-9-vitanol-sun-stick-pro\/#breadcrumb\",\"itemListElement\":[{\"@type\":\"ListItem\",\"position\":1,\"name\":\"\u0413\u043b\u0430\u0432\u043d\u0430\u044f \u0441\u0442\u0440\u0430\u043d\u0438\u0446\u0430\",\"item\":\"https:\/\/malinacosmetics.com\/\"},{\"@type\":\"ListItem\",\"position\":2,\"name\":\"\u041a\u0430\u0442\u0430\u043b\u043e\u0433\",\"item\":\"https:\/\/malinacosmetics.com\/sr\/shop\/\"},{\"@type\":\"ListItem\",\"position\":3,\"name\":\"Medi-Peel Peptide 9 Vitanol Sun Stick Pro SPF50+ PA++++\"}]},{\"@type\":\"WebSite\",\"@id\":\"https:\/\/malinacosmetics.com\/#website\",\"url\":\"https:\/\/malinacosmetics.com\/\",\"name\":\"Malina Beauty Store\",\"description\":\"Prodaja korejske kozmetike za Crnu Goru\",\"publisher\":{\"@id\":\"https:\/\/malinacosmetics.com\/#organization\"},\"potentialAction\":[{\"@type\":\"SearchAction\",\"target\":{\"@type\":\"EntryPoint\",\"urlTemplate\":\"https:\/\/malinacosmetics.com\/?s={search_term_string}\"},\"query-input\":\"required name=search_term_string\"}],\"inLanguage\":\"sr-RS\"},{\"@type\":\"Organization\",\"@id\":\"https:\/\/malinacosmetics.com\/#organization\",\"name\":\"malinacosmetics\",\"url\":\"https:\/\/malinacosmetics.com\/\",\"logo\":{\"@type\":\"ImageObject\",\"inLanguage\":\"sr-RS\",\"@id\":\"https:\/\/malinacosmetics.com\/#\/schema\/logo\/image\/\",\"url\":\"https:\/\/malinacosmetics.com\/wp-content\/uploads\/2021\/07\/logo.png\",\"contentUrl\":\"https:\/\/malinacosmetics.com\/wp-content\/uploads\/2021\/07\/logo.png\",\"width\":500,\"height\":353,\"caption\":\"malinacosmetics\"},\"image\":{\"@id\":\"https:\/\/malinacosmetics.com\/#\/schema\/logo\/image\/\"},\"sameAs\":[\"https:\/\/www.facebook.com\/MalinaBeautyShopMe\/\"]}]}<\/script>\n<meta property=\"product:brand\" content=\"simple\" \/>\n<meta property=\"product:price:amount\" content=\"30.00\" \/>\n<meta property=\"product:price:currency\" content=\"EUR\" \/>\n<meta property=\"og:availability\" content=\"out of stock\" \/>\n<meta property=\"product:availability\" content=\"out of stock\" \/>\n<meta property=\"product:condition\" content=\"new\" \/>\n<!-- \/ Yoast SEO Premium plugin. -->","yoast_head_json":{"title":"Medi-Peel Peptide 9 Vitanol Sun Stick Pro SPF50+ PA++++ - Malina Beauty Store","robots":{"index":"index","follow":"follow","max-snippet":"max-snippet:-1","max-image-preview":"max-image-preview:large","max-video-preview":"max-video-preview:-1"},"canonical":"https:\/\/malinacosmetics.com\/sr\/\u043f\u0440\u043e\u0438\u0437\u0432\u043e\u0434\/medi-peel-peptide-9-vitanol-sun-stick-pro\/","og_locale":"sr_RS","og_type":"article","og_title":"Medi-Peel Peptide 9 Vitanol Sun Stick Pro SPF50+ PA++++","og_description":"\u0410\u043d\u0442\u0438\u0432\u043e\u0437\u0440\u0430\u0441\u0442\u043d\u043e\u0439 \u0441\u043e\u043b\u043d\u0446\u0435\u0437\u0430\u0449\u0438\u0442\u043d\u044b\u0439 \u0441\u0442\u0438\u043a \u0434\u043b\u044f \u043b\u0438\u0446\u0430 \u0441 \u043d\u0438\u0430\u0446\u0438\u043d\u0430\u043c\u0438\u0434\u043e\u043c \u0438 \u0432\u0438\u0442\u0430\u043c\u0438\u043d\u043d\u044b\u043c \u043a\u043e\u043c\u043f\u043b\u0435\u043a\u0441\u043e\u043c. 23g","og_url":"https:\/\/malinacosmetics.com\/sr\/\u043f\u0440\u043e\u0438\u0437\u0432\u043e\u0434\/medi-peel-peptide-9-vitanol-sun-stick-pro\/","og_site_name":"Malina Beauty Store","article_publisher":"https:\/\/www.facebook.com\/MalinaBeautyShopMe\/","article_modified_time":"2026-04-06T10:30:55+00:00","og_image":[{"width":1200,"height":1200,"url":"https:\/\/malinacosmetics.com\/wp-content\/uploads\/2024\/07\/Medi-Peel-Peptide-9-Vitanol-Sun-Stick-Pro2.jpg","type":"image\/jpeg"}],"twitter_card":"summary_large_image","schema":{"@context":"https:\/\/schema.org","@graph":[{"@type":["WebPage","ItemPage"],"@id":"https:\/\/malinacosmetics.com\/product\/medi-peel-peptide-9-vitanol-sun-stick-pro\/","url":"https:\/\/malinacosmetics.com\/product\/medi-peel-peptide-9-vitanol-sun-stick-pro\/","name":"Medi-Peel Peptide 9 Vitanol Sun Stick Pro SPF50+ PA++++ - Malina Beauty Store","isPartOf":{"@id":"https:\/\/malinacosmetics.com\/#website"},"datePublished":"2024-06-29T10:41:35+00:00","dateModified":"2026-04-06T10:30:55+00:00","breadcrumb":{"@id":"https:\/\/malinacosmetics.com\/product\/medi-peel-peptide-9-vitanol-sun-stick-pro\/#breadcrumb"},"inLanguage":"sr-RS","potentialAction":[{"@type":"ReadAction","target":["https:\/\/malinacosmetics.com\/product\/medi-peel-peptide-9-vitanol-sun-stick-pro\/"]}]},{"@type":"BreadcrumbList","@id":"https:\/\/malinacosmetics.com\/product\/medi-peel-peptide-9-vitanol-sun-stick-pro\/#breadcrumb","itemListElement":[{"@type":"ListItem","position":1,"name":"\u0413\u043b\u0430\u0432\u043d\u0430\u044f \u0441\u0442\u0440\u0430\u043d\u0438\u0446\u0430","item":"https:\/\/malinacosmetics.com\/"},{"@type":"ListItem","position":2,"name":"\u041a\u0430\u0442\u0430\u043b\u043e\u0433","item":"https:\/\/malinacosmetics.com\/sr\/shop\/"},{"@type":"ListItem","position":3,"name":"Medi-Peel Peptide 9 Vitanol Sun Stick Pro SPF50+ PA++++"}]},{"@type":"WebSite","@id":"https:\/\/malinacosmetics.com\/#website","url":"https:\/\/malinacosmetics.com\/","name":"Malina Beauty Store","description":"Prodaja korejske kozmetike za Crnu Goru","publisher":{"@id":"https:\/\/malinacosmetics.com\/#organization"},"potentialAction":[{"@type":"SearchAction","target":{"@type":"EntryPoint","urlTemplate":"https:\/\/malinacosmetics.com\/?s={search_term_string}"},"query-input":"required name=search_term_string"}],"inLanguage":"sr-RS"},{"@type":"Organization","@id":"https:\/\/malinacosmetics.com\/#organization","name":"malinacosmetics","url":"https:\/\/malinacosmetics.com\/","logo":{"@type":"ImageObject","inLanguage":"sr-RS","@id":"https:\/\/malinacosmetics.com\/#\/schema\/logo\/image\/","url":"https:\/\/malinacosmetics.com\/wp-content\/uploads\/2021\/07\/logo.png","contentUrl":"https:\/\/malinacosmetics.com\/wp-content\/uploads\/2021\/07\/logo.png","width":500,"height":353,"caption":"malinacosmetics"},"image":{"@id":"https:\/\/malinacosmetics.com\/#\/schema\/logo\/image\/"},"sameAs":["https:\/\/www.facebook.com\/MalinaBeautyShopMe\/"]}]},"product_brand":"simple","product_price_amount":"30.00","product_price_currency":"EUR","og_availability":"out of stock","product_availability":"out of stock","product_condition":"new"},"jetpack_sharing_enabled":true,"_links":{"self":[{"href":"https:\/\/malinacosmetics.com\/sr\/wp-json\/wp\/v2\/product\/6278","targetHints":{"allow":["GET"]}}],"collection":[{"href":"https:\/\/malinacosmetics.com\/sr\/wp-json\/wp\/v2\/product"}],"about":[{"href":"https:\/\/malinacosmetics.com\/sr\/wp-json\/wp\/v2\/types\/product"}],"wp:featuredmedia":[{"embeddable":true,"href":"https:\/\/malinacosmetics.com\/sr\/wp-json\/wp\/v2\/media\/6279"}],"wp:attachment":[{"href":"https:\/\/malinacosmetics.com\/sr\/wp-json\/wp\/v2\/media?parent=6278"}],"wp:term":[{"taxonomy":"product_brand","embeddable":true,"href":"https:\/\/malinacosmetics.com\/sr\/wp-json\/wp\/v2\/product_brand?post=6278"},{"taxonomy":"product_cat","embeddable":true,"href":"https:\/\/malinacosmetics.com\/sr\/wp-json\/wp\/v2\/product_cat?post=6278"},{"taxonomy":"product_tag","embeddable":true,"href":"https:\/\/malinacosmetics.com\/sr\/wp-json\/wp\/v2\/product_tag?post=6278"}],"curies":[{"name":"wp","href":"https:\/\/api.w.org\/{rel}","templated":true}]}}