{"id":6272,"date":"2024-06-29T15:02:11","date_gmt":"2024-06-29T13:02:11","guid":{"rendered":"https:\/\/malinacosmetics.com\/?post_type=product&#038;p=6272"},"modified":"2025-12-01T15:14:37","modified_gmt":"2025-12-01T14:14:37","slug":"medi-peel-vegan-red-lacto-collagen-modeling-cup-pack","status":"publish","type":"product","link":"https:\/\/malinacosmetics.com\/sr\/\u043f\u0440\u043e\u0438\u0437\u0432\u043e\u0434\/medi-peel-vegan-red-lacto-collagen-modeling-cup-pack\/","title":{"rendered":"Medi-Peel Vegan Red Lacto Collagen Modeling Cup Pack"},"content":{"rendered":"<p class=\"translation-block\">Alginatna maska za modeliranje lica sa efektom liftinga sa laktobacilima i kolagenom Medi-Peel Vegan Red Lacto Collagen Modeling Cup Pack je dizajnirana za ko\u017eu sa pro\u0161irenim porama koja je izgubila elasti\u010dnost. Maska zate\u017ee, u\u010dvr\u0161\u0107uje i hidrira ko\u017eu i pore, dajuc\u0301i primetne rezultate u samo jednoj primeni. Ujedna\u010dava ton i teksturu ko\u017ee, daje joj glatkoc\u0301u i elasti\u010dnost.<br>\nZa razliku od klasi\u010dnih maski od tkanine, maska za modeliranje c\u0301e obezbediti \u010dvrsto prijanjanje \u010dak i na zakrivljenim delovima lica.<br>\nKlju\u010dna komponenta maske su enzimi laktobacila: oni podr\u017eavaju prirodnu mikrofloru ko\u017ee, pobolj\u0161avaju strukturu kolagena, povec\u0301avajuc\u0301i elasti\u010dnost ko\u017ee. Imaju izra\u017een podmla\u0111ujuc\u0301i i lifting efekat, povec\u0301avaju sposobnost ko\u017ee da se regeneri\u0161e i obnavlja. Pobolj\u0161aju ten, reguli\u0161u proizvodnju melanina, posvetljavaju hiperpigmentaciju. Imaju antiinflamatorni efekat, obnavljaju o\u0161tec\u0301ene funkcije epidermisa.  <br>\nKolagen efikasno podsti\u010de obnavljanje ko\u017ee, smanjuje pojavu pora i bora, pobolj\u0161ava ukupnu teksturu ko\u017ee i povec\u0301ava njenu elasti\u010dnost. Maska koristi kolagen biljnog porekla, \u0161to \u010dini njen sastav bezbednim za vegane.<br>\nAlgin je prirodni polisaharid dobijen iz sme\u0111ih algi, koji ima jedinstvenu sposobnost da privu\u010de ogroman broj molekula vode. Upravo ovo svojstvo \u010dini algin maske moc\u0301nim hidratantnim sredstvom koje mo\u017ee pa\u017eljivo da nadoknadi gubitak vode \u010dak i na najsuvoj i povre\u0111enoj ko\u017ei. Pored vla\u017eenja dubokih slojeva epidermisa, proizvodi sa alginatom imaju blagi antisepti\u010dki, antiinflamatorni, limfni drena\u017eni efekat, pobolj\u0161avaju mikrocirkulaciju, ja\u010daju epidermis i stvaraju efekat liftinga, izgla\u0111ujuc\u0301i fine bore.<br>\nMaska tako\u0111e uklju\u010duje me\u0161avinu od 14 razli\u010ditih peptida, koji u sinergiji sa gaziranom vodom pobolj\u0161avaju strukturu i funkciju ko\u017ee, promovi\u0161u njeno obnavljanje i podmla\u0111ivanje, obezbe\u0111ujuc\u0301i elasti\u010dnost, glatkoc\u0301u i mladost.<\/p>\n<p><strong><br>Na\u010din upotrebe:<\/strong> spatulom sipajte 7-8 ka\u0161ika vode i brzo prome\u0161ajte prah do guste konzistencije koja se nec\u0301e \u0161iriti. Nanesite masku na lice, ravnomerno je raspore\u0111ujuc\u0301i, sledec\u0301im redosledom: obrazi -&gt; brada -&gt; \u010delo -&gt; nos.  Posle 15-20 minuta skinite o\u010dvrsnutu masku, obri\u0161ite ko\u017eu tonikom i primenite osnovnu negu.<br \/>\nPreporu\u010dena upotreba 2-3 puta sedmi\u010dno.<\/p>\n<p><em><br>Originalna Medi-Peel korejska kozmetika u Srbiji i Crnoj Gori. Visokokvalitetna kuc\u0301na nega lica i tela.<\/em><\/p>\n<hr \/>\n<p><strong><em>Sastojci:<\/em> <\/strong><em>Diatomaceous Earth, Algin, Glucose, Calcium Sulfate, Tetrapotassium Pyrophosphate, Magnesium Carbonate, Titanium Dioxide, Lactobacillus Ferment (980 ppm), Carbonated Water (980 ppm), 1,2-Hexanediol, Water, Butylene Glycol, sh-Polypeptide-123 (1,000 ppb), Lactobacillus Ferment Lysate (200 ppb), Artemisia Scoparia Extract, Polyglyceryl-10 Laurate, Rosa Rugosa Flower Extract, sh-Polypeptide-121 (19.8 ppb), Copper Tripeptide-1, Acetyl Octapeptide-3, Acetyl Hexapeptide-8, Collagen (1 ppb), Tripeptide-1, Palmitoyl Tripeptide-1, Palmitoyl Tripeptide-5, Pentapeptide-3, Hexapeptide-2, Hexapeptide-9, Palmitoyl Pentapeptide-4, Potassium Sorbate, Fragrance, Iron Oxide Red<\/em><\/p>","protected":false},"excerpt":{"rendered":"<p>Alginatna maska za modeliranje lica sa efektom liftinga sa laktobacilima i kolagenom. 28g<\/p>","protected":false},"featured_media":6273,"template":"","meta":{"_acf_changed":false},"product_brand":[],"product_cat":[575,400,461,224,263,86,437,478,296],"product_tag":[407],"class_list":{"0":"post-6272","1":"product","2":"type-product","3":"status-publish","4":"has-post-thumbnail","6":"product_cat-vyravnivanie-tona","7":"product_cat-lifting","8":"product_cat-pore","9":"product_cat-antiage","10":"product_cat-revitalizing","11":"product_cat-moisturizing","12":"product_cat-alltypesofskin","13":"product_cat-alginate","14":"product_cat-medi-peel","15":"product_tag-red-lacto-collagen","17":"first","18":"outofstock","19":"shipping-taxable","20":"purchasable","21":"product-type-simple"},"acf":[],"yoast_head":"<!-- This site is optimized with the Yoast SEO Premium plugin v19.6 (Yoast SEO v20.11) - https:\/\/yoast.com\/wordpress\/plugins\/seo\/ -->\n<title>Medi-Peel Vegan Red Lacto Collagen Modeling Cup Pack - Malina Beauty Store<\/title>\n<meta name=\"robots\" content=\"index, follow, max-snippet:-1, max-image-preview:large, max-video-preview:-1\" \/>\n<link rel=\"canonical\" href=\"https:\/\/malinacosmetics.com\/sr\/\u043f\u0440\u043e\u0438\u0437\u0432\u043e\u0434\/medi-peel-vegan-red-lacto-collagen-modeling-cup-pack\/\" \/>\n<meta property=\"og:locale\" content=\"sr_RS\" \/>\n<meta property=\"og:type\" content=\"article\" \/>\n<meta property=\"og:title\" content=\"Medi-Peel Vegan Red Lacto Collagen Modeling Cup Pack\" \/>\n<meta property=\"og:description\" content=\"\u041f\u043e\u0434\u0442\u044f\u0433\u0438\u0432\u0430\u044e\u0449\u0430\u044f \u0430\u043b\u044c\u0433\u0438\u043d\u0430\u0442\u043d\u0430\u044f \u043c\u043e\u0434\u0435\u043b\u0438\u0440\u0443\u044e\u0449\u0430\u044f \u043c\u0430\u0441\u043a\u0430 \u0434\u043b\u044f \u043b\u0438\u0446\u0430 \u0441 \u043b\u0430\u043a\u0442\u043e\u0431\u0430\u043a\u0442\u0435\u0440\u0438\u044f\u043c\u0438 \u0438 \u043a\u043e\u043b\u043b\u0430\u0433\u0435\u043d\u043e\u043c. 28g\" \/>\n<meta property=\"og:url\" content=\"https:\/\/malinacosmetics.com\/sr\/\u043f\u0440\u043e\u0438\u0437\u0432\u043e\u0434\/medi-peel-vegan-red-lacto-collagen-modeling-cup-pack\/\" \/>\n<meta property=\"og:site_name\" content=\"Malina Beauty Store\" \/>\n<meta property=\"article:publisher\" content=\"https:\/\/www.facebook.com\/MalinaBeautyShopMe\/\" \/>\n<meta property=\"article:modified_time\" content=\"2025-12-01T14:14:37+00:00\" \/>\n<meta property=\"og:image\" content=\"https:\/\/malinacosmetics.com\/wp-content\/uploads\/2024\/07\/Medi-Peel-Vegan-Red-Lacto-Collagen-Modeling-Cup-Pack2.jpg\" \/>\n\t<meta property=\"og:image:width\" content=\"1200\" \/>\n\t<meta property=\"og:image:height\" content=\"1200\" \/>\n\t<meta property=\"og:image:type\" content=\"image\/jpeg\" \/>\n<meta name=\"twitter:card\" content=\"summary_large_image\" \/>\n<script type=\"application\/ld+json\" class=\"yoast-schema-graph\">{\"@context\":\"https:\/\/schema.org\",\"@graph\":[{\"@type\":[\"WebPage\",\"ItemPage\"],\"@id\":\"https:\/\/malinacosmetics.com\/product\/medi-peel-vegan-red-lacto-collagen-modeling-cup-pack\/\",\"url\":\"https:\/\/malinacosmetics.com\/product\/medi-peel-vegan-red-lacto-collagen-modeling-cup-pack\/\",\"name\":\"Medi-Peel Vegan Red Lacto Collagen Modeling Cup Pack - Malina Beauty Store\",\"isPartOf\":{\"@id\":\"https:\/\/malinacosmetics.com\/#website\"},\"datePublished\":\"2024-06-29T13:02:11+00:00\",\"dateModified\":\"2025-12-01T14:14:37+00:00\",\"breadcrumb\":{\"@id\":\"https:\/\/malinacosmetics.com\/product\/medi-peel-vegan-red-lacto-collagen-modeling-cup-pack\/#breadcrumb\"},\"inLanguage\":\"sr-RS\",\"potentialAction\":[{\"@type\":\"ReadAction\",\"target\":[\"https:\/\/malinacosmetics.com\/product\/medi-peel-vegan-red-lacto-collagen-modeling-cup-pack\/\"]}]},{\"@type\":\"BreadcrumbList\",\"@id\":\"https:\/\/malinacosmetics.com\/product\/medi-peel-vegan-red-lacto-collagen-modeling-cup-pack\/#breadcrumb\",\"itemListElement\":[{\"@type\":\"ListItem\",\"position\":1,\"name\":\"\u0413\u043b\u0430\u0432\u043d\u0430\u044f \u0441\u0442\u0440\u0430\u043d\u0438\u0446\u0430\",\"item\":\"https:\/\/malinacosmetics.com\/\"},{\"@type\":\"ListItem\",\"position\":2,\"name\":\"\u041a\u0430\u0442\u0430\u043b\u043e\u0433\",\"item\":\"https:\/\/malinacosmetics.com\/sr\/shop\/\"},{\"@type\":\"ListItem\",\"position\":3,\"name\":\"Medi-Peel Vegan Red Lacto Collagen Modeling Cup Pack\"}]},{\"@type\":\"WebSite\",\"@id\":\"https:\/\/malinacosmetics.com\/#website\",\"url\":\"https:\/\/malinacosmetics.com\/\",\"name\":\"Malina Beauty Store\",\"description\":\"Prodaja korejske kozmetike za Crnu Goru\",\"publisher\":{\"@id\":\"https:\/\/malinacosmetics.com\/#organization\"},\"potentialAction\":[{\"@type\":\"SearchAction\",\"target\":{\"@type\":\"EntryPoint\",\"urlTemplate\":\"https:\/\/malinacosmetics.com\/?s={search_term_string}\"},\"query-input\":\"required name=search_term_string\"}],\"inLanguage\":\"sr-RS\"},{\"@type\":\"Organization\",\"@id\":\"https:\/\/malinacosmetics.com\/#organization\",\"name\":\"malinacosmetics\",\"url\":\"https:\/\/malinacosmetics.com\/\",\"logo\":{\"@type\":\"ImageObject\",\"inLanguage\":\"sr-RS\",\"@id\":\"https:\/\/malinacosmetics.com\/#\/schema\/logo\/image\/\",\"url\":\"https:\/\/malinacosmetics.com\/wp-content\/uploads\/2021\/07\/logo.png\",\"contentUrl\":\"https:\/\/malinacosmetics.com\/wp-content\/uploads\/2021\/07\/logo.png\",\"width\":500,\"height\":353,\"caption\":\"malinacosmetics\"},\"image\":{\"@id\":\"https:\/\/malinacosmetics.com\/#\/schema\/logo\/image\/\"},\"sameAs\":[\"https:\/\/www.facebook.com\/MalinaBeautyShopMe\/\"]}]}<\/script>\n<meta property=\"product:brand\" content=\"simple\" \/>\n<meta property=\"product:price:amount\" content=\"7.00\" \/>\n<meta property=\"product:price:currency\" content=\"EUR\" \/>\n<meta property=\"og:availability\" content=\"out of stock\" \/>\n<meta property=\"product:availability\" content=\"out of stock\" \/>\n<meta property=\"product:condition\" content=\"new\" \/>\n<!-- \/ Yoast SEO Premium plugin. -->","yoast_head_json":{"title":"Medi-Peel Vegan Red Lacto Collagen Modeling Cup Pack - Malina Beauty Store","robots":{"index":"index","follow":"follow","max-snippet":"max-snippet:-1","max-image-preview":"max-image-preview:large","max-video-preview":"max-video-preview:-1"},"canonical":"https:\/\/malinacosmetics.com\/sr\/\u043f\u0440\u043e\u0438\u0437\u0432\u043e\u0434\/medi-peel-vegan-red-lacto-collagen-modeling-cup-pack\/","og_locale":"sr_RS","og_type":"article","og_title":"Medi-Peel Vegan Red Lacto Collagen Modeling Cup Pack","og_description":"\u041f\u043e\u0434\u0442\u044f\u0433\u0438\u0432\u0430\u044e\u0449\u0430\u044f \u0430\u043b\u044c\u0433\u0438\u043d\u0430\u0442\u043d\u0430\u044f \u043c\u043e\u0434\u0435\u043b\u0438\u0440\u0443\u044e\u0449\u0430\u044f \u043c\u0430\u0441\u043a\u0430 \u0434\u043b\u044f \u043b\u0438\u0446\u0430 \u0441 \u043b\u0430\u043a\u0442\u043e\u0431\u0430\u043a\u0442\u0435\u0440\u0438\u044f\u043c\u0438 \u0438 \u043a\u043e\u043b\u043b\u0430\u0433\u0435\u043d\u043e\u043c. 28g","og_url":"https:\/\/malinacosmetics.com\/sr\/\u043f\u0440\u043e\u0438\u0437\u0432\u043e\u0434\/medi-peel-vegan-red-lacto-collagen-modeling-cup-pack\/","og_site_name":"Malina Beauty Store","article_publisher":"https:\/\/www.facebook.com\/MalinaBeautyShopMe\/","article_modified_time":"2025-12-01T14:14:37+00:00","og_image":[{"width":1200,"height":1200,"url":"https:\/\/malinacosmetics.com\/wp-content\/uploads\/2024\/07\/Medi-Peel-Vegan-Red-Lacto-Collagen-Modeling-Cup-Pack2.jpg","type":"image\/jpeg"}],"twitter_card":"summary_large_image","schema":{"@context":"https:\/\/schema.org","@graph":[{"@type":["WebPage","ItemPage"],"@id":"https:\/\/malinacosmetics.com\/product\/medi-peel-vegan-red-lacto-collagen-modeling-cup-pack\/","url":"https:\/\/malinacosmetics.com\/product\/medi-peel-vegan-red-lacto-collagen-modeling-cup-pack\/","name":"Medi-Peel Vegan Red Lacto Collagen Modeling Cup Pack - Malina Beauty Store","isPartOf":{"@id":"https:\/\/malinacosmetics.com\/#website"},"datePublished":"2024-06-29T13:02:11+00:00","dateModified":"2025-12-01T14:14:37+00:00","breadcrumb":{"@id":"https:\/\/malinacosmetics.com\/product\/medi-peel-vegan-red-lacto-collagen-modeling-cup-pack\/#breadcrumb"},"inLanguage":"sr-RS","potentialAction":[{"@type":"ReadAction","target":["https:\/\/malinacosmetics.com\/product\/medi-peel-vegan-red-lacto-collagen-modeling-cup-pack\/"]}]},{"@type":"BreadcrumbList","@id":"https:\/\/malinacosmetics.com\/product\/medi-peel-vegan-red-lacto-collagen-modeling-cup-pack\/#breadcrumb","itemListElement":[{"@type":"ListItem","position":1,"name":"\u0413\u043b\u0430\u0432\u043d\u0430\u044f \u0441\u0442\u0440\u0430\u043d\u0438\u0446\u0430","item":"https:\/\/malinacosmetics.com\/"},{"@type":"ListItem","position":2,"name":"\u041a\u0430\u0442\u0430\u043b\u043e\u0433","item":"https:\/\/malinacosmetics.com\/sr\/shop\/"},{"@type":"ListItem","position":3,"name":"Medi-Peel Vegan Red Lacto Collagen Modeling Cup Pack"}]},{"@type":"WebSite","@id":"https:\/\/malinacosmetics.com\/#website","url":"https:\/\/malinacosmetics.com\/","name":"Malina Beauty Store","description":"Prodaja korejske kozmetike za Crnu Goru","publisher":{"@id":"https:\/\/malinacosmetics.com\/#organization"},"potentialAction":[{"@type":"SearchAction","target":{"@type":"EntryPoint","urlTemplate":"https:\/\/malinacosmetics.com\/?s={search_term_string}"},"query-input":"required name=search_term_string"}],"inLanguage":"sr-RS"},{"@type":"Organization","@id":"https:\/\/malinacosmetics.com\/#organization","name":"malinacosmetics","url":"https:\/\/malinacosmetics.com\/","logo":{"@type":"ImageObject","inLanguage":"sr-RS","@id":"https:\/\/malinacosmetics.com\/#\/schema\/logo\/image\/","url":"https:\/\/malinacosmetics.com\/wp-content\/uploads\/2021\/07\/logo.png","contentUrl":"https:\/\/malinacosmetics.com\/wp-content\/uploads\/2021\/07\/logo.png","width":500,"height":353,"caption":"malinacosmetics"},"image":{"@id":"https:\/\/malinacosmetics.com\/#\/schema\/logo\/image\/"},"sameAs":["https:\/\/www.facebook.com\/MalinaBeautyShopMe\/"]}]},"product_brand":"simple","product_price_amount":"7.00","product_price_currency":"EUR","og_availability":"out of stock","product_availability":"out of stock","product_condition":"new"},"jetpack_sharing_enabled":true,"_links":{"self":[{"href":"https:\/\/malinacosmetics.com\/sr\/wp-json\/wp\/v2\/product\/6272","targetHints":{"allow":["GET"]}}],"collection":[{"href":"https:\/\/malinacosmetics.com\/sr\/wp-json\/wp\/v2\/product"}],"about":[{"href":"https:\/\/malinacosmetics.com\/sr\/wp-json\/wp\/v2\/types\/product"}],"wp:featuredmedia":[{"embeddable":true,"href":"https:\/\/malinacosmetics.com\/sr\/wp-json\/wp\/v2\/media\/6273"}],"wp:attachment":[{"href":"https:\/\/malinacosmetics.com\/sr\/wp-json\/wp\/v2\/media?parent=6272"}],"wp:term":[{"taxonomy":"product_brand","embeddable":true,"href":"https:\/\/malinacosmetics.com\/sr\/wp-json\/wp\/v2\/product_brand?post=6272"},{"taxonomy":"product_cat","embeddable":true,"href":"https:\/\/malinacosmetics.com\/sr\/wp-json\/wp\/v2\/product_cat?post=6272"},{"taxonomy":"product_tag","embeddable":true,"href":"https:\/\/malinacosmetics.com\/sr\/wp-json\/wp\/v2\/product_tag?post=6272"}],"curies":[{"name":"wp","href":"https:\/\/api.w.org\/{rel}","templated":true}]}}