{"id":6266,"date":"2024-06-29T15:37:53","date_gmt":"2024-06-29T13:37:53","guid":{"rendered":"https:\/\/malinacosmetics.com\/?post_type=product&#038;p=6266"},"modified":"2026-03-11T19:39:22","modified_gmt":"2026-03-11T18:39:22","slug":"medi-peel-vegan-green-cica-collagen-modeling-cup-pack","status":"publish","type":"product","link":"https:\/\/malinacosmetics.com\/sr\/\u043f\u0440\u043e\u0438\u0437\u0432\u043e\u0434\/medi-peel-vegan-green-cica-collagen-modeling-cup-pack\/","title":{"rendered":"Medi-Peel Vegan Green Cica Collagen Modeling Cup Pack"},"content":{"rendered":"<p class=\"translation-block\">Umirujuc\u0301a alginatna maska za modeliranje lica sa centelom i kolagenom Medi-Peel Vegan Green Cica Collagen Modeling Cup Pack je dizajnirana za negu osetljive ko\u017ee sklone aknama. Maska smanjuje crvenilo i iritaciju, pobolj\u0161ava \u010dvrstoc\u0301u i elasti\u010dnost ko\u017ee i smanjuje pojavu finih bora. Uklanja mrtve \u0107elije, pobolj\u0161ava op\u0161te stanje i tonus ko\u017ee i daje joj sjaj.<br>\nZa razliku od klasi\u010dnih maski od tkanine, maska za modeliranje c\u0301e obezbediti \u010dvrsto prijanjanje \u010dak i na zakrivljenim delovima lica.<br>\nKlju\u010dna komponenta maske je kompleks Cica-Nol B5, koji uklju\u010duje 5 vrsta ekstrakta centele (ekstrakt Centella asiatica, madecassoside, asiaticide, asiatic and madecasic acids), kao i D-pantenol. Kompleks ima umirujuc\u0301e i regenerativno dejstvo, intenzivno vla\u017ei i podsti\u010de akumulaciju vlage u c\u0301elijama, zna\u010dajno pobolj\u0161ava ten i ujedna\u010dava tonus, smanjuje crvenilo, aktivno hrani i bori se protiv suvoc\u0301e, reguli\u0161e ravnote\u017eu vode i masti u epidermisu, kontroli\u0161e proizvodnju sebuma i vrac\u0301a integritet ko\u017ee. Pantenol je poznat po svojim hidratantnim, umirujuc\u0301im i obnavljajuc\u0301im svojstvima. Poma\u017ee u ja\u010danju za\u0161titne funkcije ko\u017ee, smanjuje pojavu finih bora i umiruje iritiranu ko\u017eu. <br>\nKolagen efikasno podsti\u010de obnavljanje ko\u017ee, smanjuje pojavu pora i bora, pobolj\u0161ava ukupnu teksturu ko\u017ee i povec\u0301ava njenu elasti\u010dnost. <br>\nAlgin je prirodni polisaharid dobijen iz sme\u0111ih algi, koji ima jedinstvenu sposobnost da privu\u010de ogroman broj molekula vode. Upravo ovo svojstvo \u010dini algin maske moc\u0301nim hidratantnim sredstvom koje mo\u017ee pa\u017eljivo da nadoknadi gubitak vode \u010dak i na najsuvoj i povre\u0111enoj ko\u017ei. Pored vla\u017eenja dubokih slojeva epidermisa, proizvodi sa alginatom imaju blagi antisepti\u010dki, antiinflamatorni, limfni drena\u017eni efekat, pobolj\u0161avaju mikrocirkulaciju, ja\u010daju epidermis i stvaraju efekat liftinga, izgla\u0111ujuc\u0301i fine bore.<br>\nMaska tako\u0111e uklju\u010duje me\u0161avinu od 12 razli\u010ditih peptida, koji u sinergiji sa gaziranom vodom pobolj\u0161avaju strukturu i funkciju ko\u017ee, promovi\u0161u njeno obnavljanje i podmla\u0111ivanje, obezbe\u0111ujuc\u0301i elasti\u010dnost, glatkoc\u0301u i mladost.<\/p>\n<p><strong><br>Na\u010din upotrebe:<\/strong> spatulom sipajte 7-8 ka\u0161ika vode i brzo prome\u0161ajte prah do guste konzistencije koja se nec\u0301e \u0161iriti. Nanesite masku na lice, ravnomerno je raspore\u0111ujuc\u0301i, sledec\u0301im redosledom: obrazi -&gt; brada -&gt; \u010delo -&gt; nos.  Posle 15-20 minuta skinite o\u010dvrsnutu masku, obri\u0161ite ko\u017eu tonikom i primenite osnovnu negu.<br \/>\nPreporu\u010dena upotreba 2-3 puta sedmi\u010dno.<\/p>\n<p><em><br>Originalna Medi-Peel korejska kozmetika u Srbiji i Crnoj Gori. Visokokvalitetna kuc\u0301na nega lica i tela.<\/em><\/p>\n<hr \/>\n<p><strong><em>Sastojci:<\/em> <\/strong><em>Diatomaceous Earth, Algin, Glucose, Calcium Sulfate, Tetrapotassium Pyrophosphate, Magnesium Carbonate, Titanium Dioxide, Carbonated Water (980 ppm), Water, Centella Asiatica Extract (100 ppm), Mentha Arvensis Leaf \/ Stem Oil, 1,2-Hexanediol, Butylene Glycol, Panthenol (1,000 ppb), Glycerine, sh-Polypeptide-123 (1,000 ppb), Polyglyceryl-10 Laurate, sh-Polypeptide-121 (19.8 ppb), Prunella Vulgaris Extract, Lactobacillus Ferment Lysate, Artemisia Capillaris Extract, Cornus Officinalis Fruit Extract, Taraxacum Officinale (Dandelion) Leaf Extract, Houttuynia Cordata Extract, Copper Tripeptide-1, Madecassoside (1 ppb), Madecassic Acid (1 ppb), Acetyl Octapeptide-3, Acetyl Hexapeptide-8, Asiaticoside (1 ppb), Asiatic Acid (1 ppb), Collagen (1 ppb), Tripeptide-1, Palmitoyl Tripeptide-1, Palmitoyl Tripeptide-5, Pentapeptide-3, Hexapeptide-2, Hexapeptide-9, Palmitoyl Pentapeptide-4, Potassium Sorbate, Gluconolactone, Chromium Oxide Greens<\/em><\/p>","protected":false},"excerpt":{"rendered":"<p>Umirujuc\u0301a alginatna maska za modeliranje lica sa centelom i kolagenom. 28g<\/p>","protected":false},"featured_media":6267,"template":"","meta":{"_acf_changed":false},"product_brand":[],"product_cat":[575,457,456,462,224,263,86,231,437,442,444,478,296],"product_tag":[504],"class_list":{"0":"post-6266","1":"product","2":"type-product","3":"status-publish","4":"has-post-thumbnail","6":"product_cat-vyravnivanie-tona","7":"product_cat-acne","8":"product_cat-rozacea","9":"product_cat-dryness","10":"product_cat-antiage","11":"product_cat-revitalizing","12":"product_cat-moisturizing","13":"product_cat-calming","14":"product_cat-alltypesofskin","15":"product_cat-problematicskin","16":"product_cat-sensitiveskin","17":"product_cat-alginate","18":"product_cat-medi-peel","19":"product_tag-cica-nol-b5","21":"first","22":"outofstock","23":"shipping-taxable","24":"purchasable","25":"product-type-simple"},"acf":[],"yoast_head":"<!-- This site is optimized with the Yoast SEO Premium plugin v19.6 (Yoast SEO v20.11) - https:\/\/yoast.com\/wordpress\/plugins\/seo\/ -->\n<title>Medi-Peel Vegan Green Cica Collagen Modeling Cup Pack - Malina Beauty Store<\/title>\n<meta name=\"robots\" content=\"index, follow, max-snippet:-1, max-image-preview:large, max-video-preview:-1\" \/>\n<link rel=\"canonical\" href=\"https:\/\/malinacosmetics.com\/sr\/\u043f\u0440\u043e\u0438\u0437\u0432\u043e\u0434\/medi-peel-vegan-green-cica-collagen-modeling-cup-pack\/\" \/>\n<meta property=\"og:locale\" content=\"sr_RS\" \/>\n<meta property=\"og:type\" content=\"article\" \/>\n<meta property=\"og:title\" content=\"Medi-Peel Vegan Green Cica Collagen Modeling Cup Pack\" \/>\n<meta property=\"og:description\" content=\"\u0423\u0441\u043f\u043e\u043a\u0430\u0438\u0432\u0430\u044e\u0449\u0430\u044f \u0430\u043b\u044c\u0433\u0438\u043d\u0430\u0442\u043d\u0430\u044f \u043c\u043e\u0434\u0435\u043b\u0438\u0440\u0443\u044e\u0449\u0430\u044f \u043c\u0430\u0441\u043a\u0430 \u0434\u043b\u044f \u043b\u0438\u0446\u0430 \u0441 \u0446\u0435\u043d\u0442\u0435\u043b\u043b\u043e\u0439 \u0438 \u043a\u043e\u043b\u043b\u0430\u0433\u0435\u043d\u043e\u043c. 28g\" \/>\n<meta property=\"og:url\" content=\"https:\/\/malinacosmetics.com\/sr\/\u043f\u0440\u043e\u0438\u0437\u0432\u043e\u0434\/medi-peel-vegan-green-cica-collagen-modeling-cup-pack\/\" \/>\n<meta property=\"og:site_name\" content=\"Malina Beauty Store\" \/>\n<meta property=\"article:publisher\" content=\"https:\/\/www.facebook.com\/MalinaBeautyShopMe\/\" \/>\n<meta property=\"article:modified_time\" content=\"2026-03-11T18:39:22+00:00\" \/>\n<meta property=\"og:image\" content=\"https:\/\/malinacosmetics.com\/wp-content\/uploads\/2024\/07\/Medi-Peel-Vegan-Green-Cica-Collagen-Modeling-Cup-Pack2.jpg\" \/>\n\t<meta property=\"og:image:width\" content=\"1200\" \/>\n\t<meta property=\"og:image:height\" content=\"1200\" \/>\n\t<meta property=\"og:image:type\" content=\"image\/jpeg\" \/>\n<meta name=\"twitter:card\" content=\"summary_large_image\" \/>\n<script type=\"application\/ld+json\" class=\"yoast-schema-graph\">{\"@context\":\"https:\/\/schema.org\",\"@graph\":[{\"@type\":[\"WebPage\",\"ItemPage\"],\"@id\":\"https:\/\/malinacosmetics.com\/product\/medi-peel-vegan-green-cica-collagen-modeling-cup-pack\/\",\"url\":\"https:\/\/malinacosmetics.com\/product\/medi-peel-vegan-green-cica-collagen-modeling-cup-pack\/\",\"name\":\"Medi-Peel Vegan Green Cica Collagen Modeling Cup Pack - Malina Beauty Store\",\"isPartOf\":{\"@id\":\"https:\/\/malinacosmetics.com\/#website\"},\"datePublished\":\"2024-06-29T13:37:53+00:00\",\"dateModified\":\"2026-03-11T18:39:22+00:00\",\"breadcrumb\":{\"@id\":\"https:\/\/malinacosmetics.com\/product\/medi-peel-vegan-green-cica-collagen-modeling-cup-pack\/#breadcrumb\"},\"inLanguage\":\"sr-RS\",\"potentialAction\":[{\"@type\":\"ReadAction\",\"target\":[\"https:\/\/malinacosmetics.com\/product\/medi-peel-vegan-green-cica-collagen-modeling-cup-pack\/\"]}]},{\"@type\":\"BreadcrumbList\",\"@id\":\"https:\/\/malinacosmetics.com\/product\/medi-peel-vegan-green-cica-collagen-modeling-cup-pack\/#breadcrumb\",\"itemListElement\":[{\"@type\":\"ListItem\",\"position\":1,\"name\":\"\u0413\u043b\u0430\u0432\u043d\u0430\u044f \u0441\u0442\u0440\u0430\u043d\u0438\u0446\u0430\",\"item\":\"https:\/\/malinacosmetics.com\/\"},{\"@type\":\"ListItem\",\"position\":2,\"name\":\"\u041a\u0430\u0442\u0430\u043b\u043e\u0433\",\"item\":\"https:\/\/malinacosmetics.com\/sr\/shop\/\"},{\"@type\":\"ListItem\",\"position\":3,\"name\":\"Medi-Peel Vegan Green Cica Collagen Modeling Cup Pack\"}]},{\"@type\":\"WebSite\",\"@id\":\"https:\/\/malinacosmetics.com\/#website\",\"url\":\"https:\/\/malinacosmetics.com\/\",\"name\":\"Malina Beauty Store\",\"description\":\"Prodaja korejske kozmetike za Crnu Goru\",\"publisher\":{\"@id\":\"https:\/\/malinacosmetics.com\/#organization\"},\"potentialAction\":[{\"@type\":\"SearchAction\",\"target\":{\"@type\":\"EntryPoint\",\"urlTemplate\":\"https:\/\/malinacosmetics.com\/?s={search_term_string}\"},\"query-input\":\"required name=search_term_string\"}],\"inLanguage\":\"sr-RS\"},{\"@type\":\"Organization\",\"@id\":\"https:\/\/malinacosmetics.com\/#organization\",\"name\":\"malinacosmetics\",\"url\":\"https:\/\/malinacosmetics.com\/\",\"logo\":{\"@type\":\"ImageObject\",\"inLanguage\":\"sr-RS\",\"@id\":\"https:\/\/malinacosmetics.com\/#\/schema\/logo\/image\/\",\"url\":\"https:\/\/malinacosmetics.com\/wp-content\/uploads\/2021\/07\/logo.png\",\"contentUrl\":\"https:\/\/malinacosmetics.com\/wp-content\/uploads\/2021\/07\/logo.png\",\"width\":500,\"height\":353,\"caption\":\"malinacosmetics\"},\"image\":{\"@id\":\"https:\/\/malinacosmetics.com\/#\/schema\/logo\/image\/\"},\"sameAs\":[\"https:\/\/www.facebook.com\/MalinaBeautyShopMe\/\"]}]}<\/script>\n<meta property=\"product:brand\" content=\"simple\" \/>\n<meta property=\"product:price:amount\" content=\"7.00\" \/>\n<meta property=\"product:price:currency\" content=\"EUR\" \/>\n<meta property=\"og:availability\" content=\"out of stock\" \/>\n<meta property=\"product:availability\" content=\"out of stock\" \/>\n<meta property=\"product:condition\" content=\"new\" \/>\n<!-- \/ Yoast SEO Premium plugin. -->","yoast_head_json":{"title":"Medi-Peel Vegan Green Cica Collagen Modeling Cup Pack - Malina Beauty Store","robots":{"index":"index","follow":"follow","max-snippet":"max-snippet:-1","max-image-preview":"max-image-preview:large","max-video-preview":"max-video-preview:-1"},"canonical":"https:\/\/malinacosmetics.com\/sr\/\u043f\u0440\u043e\u0438\u0437\u0432\u043e\u0434\/medi-peel-vegan-green-cica-collagen-modeling-cup-pack\/","og_locale":"sr_RS","og_type":"article","og_title":"Medi-Peel Vegan Green Cica Collagen Modeling Cup Pack","og_description":"\u0423\u0441\u043f\u043e\u043a\u0430\u0438\u0432\u0430\u044e\u0449\u0430\u044f \u0430\u043b\u044c\u0433\u0438\u043d\u0430\u0442\u043d\u0430\u044f \u043c\u043e\u0434\u0435\u043b\u0438\u0440\u0443\u044e\u0449\u0430\u044f \u043c\u0430\u0441\u043a\u0430 \u0434\u043b\u044f \u043b\u0438\u0446\u0430 \u0441 \u0446\u0435\u043d\u0442\u0435\u043b\u043b\u043e\u0439 \u0438 \u043a\u043e\u043b\u043b\u0430\u0433\u0435\u043d\u043e\u043c. 28g","og_url":"https:\/\/malinacosmetics.com\/sr\/\u043f\u0440\u043e\u0438\u0437\u0432\u043e\u0434\/medi-peel-vegan-green-cica-collagen-modeling-cup-pack\/","og_site_name":"Malina Beauty Store","article_publisher":"https:\/\/www.facebook.com\/MalinaBeautyShopMe\/","article_modified_time":"2026-03-11T18:39:22+00:00","og_image":[{"width":1200,"height":1200,"url":"https:\/\/malinacosmetics.com\/wp-content\/uploads\/2024\/07\/Medi-Peel-Vegan-Green-Cica-Collagen-Modeling-Cup-Pack2.jpg","type":"image\/jpeg"}],"twitter_card":"summary_large_image","schema":{"@context":"https:\/\/schema.org","@graph":[{"@type":["WebPage","ItemPage"],"@id":"https:\/\/malinacosmetics.com\/product\/medi-peel-vegan-green-cica-collagen-modeling-cup-pack\/","url":"https:\/\/malinacosmetics.com\/product\/medi-peel-vegan-green-cica-collagen-modeling-cup-pack\/","name":"Medi-Peel Vegan Green Cica Collagen Modeling Cup Pack - Malina Beauty Store","isPartOf":{"@id":"https:\/\/malinacosmetics.com\/#website"},"datePublished":"2024-06-29T13:37:53+00:00","dateModified":"2026-03-11T18:39:22+00:00","breadcrumb":{"@id":"https:\/\/malinacosmetics.com\/product\/medi-peel-vegan-green-cica-collagen-modeling-cup-pack\/#breadcrumb"},"inLanguage":"sr-RS","potentialAction":[{"@type":"ReadAction","target":["https:\/\/malinacosmetics.com\/product\/medi-peel-vegan-green-cica-collagen-modeling-cup-pack\/"]}]},{"@type":"BreadcrumbList","@id":"https:\/\/malinacosmetics.com\/product\/medi-peel-vegan-green-cica-collagen-modeling-cup-pack\/#breadcrumb","itemListElement":[{"@type":"ListItem","position":1,"name":"\u0413\u043b\u0430\u0432\u043d\u0430\u044f \u0441\u0442\u0440\u0430\u043d\u0438\u0446\u0430","item":"https:\/\/malinacosmetics.com\/"},{"@type":"ListItem","position":2,"name":"\u041a\u0430\u0442\u0430\u043b\u043e\u0433","item":"https:\/\/malinacosmetics.com\/sr\/shop\/"},{"@type":"ListItem","position":3,"name":"Medi-Peel Vegan Green Cica Collagen Modeling Cup Pack"}]},{"@type":"WebSite","@id":"https:\/\/malinacosmetics.com\/#website","url":"https:\/\/malinacosmetics.com\/","name":"Malina Beauty Store","description":"Prodaja korejske kozmetike za Crnu Goru","publisher":{"@id":"https:\/\/malinacosmetics.com\/#organization"},"potentialAction":[{"@type":"SearchAction","target":{"@type":"EntryPoint","urlTemplate":"https:\/\/malinacosmetics.com\/?s={search_term_string}"},"query-input":"required name=search_term_string"}],"inLanguage":"sr-RS"},{"@type":"Organization","@id":"https:\/\/malinacosmetics.com\/#organization","name":"malinacosmetics","url":"https:\/\/malinacosmetics.com\/","logo":{"@type":"ImageObject","inLanguage":"sr-RS","@id":"https:\/\/malinacosmetics.com\/#\/schema\/logo\/image\/","url":"https:\/\/malinacosmetics.com\/wp-content\/uploads\/2021\/07\/logo.png","contentUrl":"https:\/\/malinacosmetics.com\/wp-content\/uploads\/2021\/07\/logo.png","width":500,"height":353,"caption":"malinacosmetics"},"image":{"@id":"https:\/\/malinacosmetics.com\/#\/schema\/logo\/image\/"},"sameAs":["https:\/\/www.facebook.com\/MalinaBeautyShopMe\/"]}]},"product_brand":"simple","product_price_amount":"7.00","product_price_currency":"EUR","og_availability":"out of stock","product_availability":"out of stock","product_condition":"new"},"jetpack_sharing_enabled":true,"_links":{"self":[{"href":"https:\/\/malinacosmetics.com\/sr\/wp-json\/wp\/v2\/product\/6266","targetHints":{"allow":["GET"]}}],"collection":[{"href":"https:\/\/malinacosmetics.com\/sr\/wp-json\/wp\/v2\/product"}],"about":[{"href":"https:\/\/malinacosmetics.com\/sr\/wp-json\/wp\/v2\/types\/product"}],"wp:featuredmedia":[{"embeddable":true,"href":"https:\/\/malinacosmetics.com\/sr\/wp-json\/wp\/v2\/media\/6267"}],"wp:attachment":[{"href":"https:\/\/malinacosmetics.com\/sr\/wp-json\/wp\/v2\/media?parent=6266"}],"wp:term":[{"taxonomy":"product_brand","embeddable":true,"href":"https:\/\/malinacosmetics.com\/sr\/wp-json\/wp\/v2\/product_brand?post=6266"},{"taxonomy":"product_cat","embeddable":true,"href":"https:\/\/malinacosmetics.com\/sr\/wp-json\/wp\/v2\/product_cat?post=6266"},{"taxonomy":"product_tag","embeddable":true,"href":"https:\/\/malinacosmetics.com\/sr\/wp-json\/wp\/v2\/product_tag?post=6266"}],"curies":[{"name":"wp","href":"https:\/\/api.w.org\/{rel}","templated":true}]}}