{"id":6262,"date":"2024-06-29T16:30:15","date_gmt":"2024-06-29T14:30:15","guid":{"rendered":"https:\/\/malinacosmetics.com\/?post_type=product&#038;p=6262"},"modified":"2026-04-04T10:36:39","modified_gmt":"2026-04-04T08:36:39","slug":"medi-peel-rx-oriental-foot-nail-ampoule","status":"publish","type":"product","link":"https:\/\/malinacosmetics.com\/sr\/\u043f\u0440\u043e\u0438\u0437\u0432\u043e\u0434\/medi-peel-rx-oriental-foot-nail-ampoule\/","title":{"rendered":"Medi-Peel Rx Oriental Foot &#038; Nail Ampoule"},"content":{"rendered":"<p class=\"translation-block\">Ampula za regeneraciju noktiju Medi-Peel Rx Oriental Foot &amp; Nail Ampoule je dizajnirana da tretira i oporava o\u0161tec\u0301ene, ispucale, oslabljene nokte na rukama i nogama, hrani, ja\u010da, vla\u017ei, \u010disti, \u010dini ih sjajnim i zdravim.<br>\nBambusovo sirc\u0301e, obogac\u0301eno organskim kiselinama i mineralima, u kombinaciji sa EGF (faktorima rasta) ima hranljiva i regenerativna svojstva. <br>\nHitozan je polisaharid koji obezbe\u0111uje obnavljanje strukture nokatne plo\u010de u slu\u010daju o\u0161tec\u0301enja, kao i uro\u0111enog problema lomljivih noktiju. Smatra se jednim od najboljih hidratantnih sredstava zbog svoje sposobnosti da formira barijeru koja zadr\u017eava vlagu, a koja istovremeno omoguc\u0301ava ko\u017ei da di\u0161e. Hitozan tako\u0111e aktivira procese regeneracije i obnavljanja c\u0301elija, obezbe\u0111uje prodiranje aktivnih komponenti u duboke slojeve epidermisa, ima odli\u010dnu propustljivost i antibakterijski efekat.<br>\nBiotin (vitamin B7) aktivira sintezu keratina. Biotin i hidrolizovani keratin smanjuju lomljivost noktiju, formiraju sna\u017enu, obnovljenu nokatnu plo\u010du i poma\u017eu u za\u0161titi noktiju od negativnih uticaja okoline.  <br>\n4 patentirane komponente (Natural protector, Antich, MultiExBSASM, Aquaxyl) imaju ja\u010danje, za\u0161titu, hidrataciju i pru\u017eaju osec\u0301aj udobnosti osetljivim noktima. <br>\nPHA, AHA i LHA kiseline pru\u017eaju efekat pilinga.<br>\nPreporu\u010duje se redovno nano\u0161enje na ispucale zanoktice i nokte, nakon skidanja gel laka, kao noc\u0301nu negu (ne brinite da c\u0301e proizvod dospeti na c\u0301ebe jer brzo se upija).<\/p>\n<p><strong><br>Na\u010din upotrebe:<\/strong> operite ruke, noge i nokte, dobro ih osu\u0161ite pre upotrebe ampul. Nanesite malu koli\u010dinu sadr\u017eaja ampule na problemati\u010dne nokte pomoc\u0301u ugra\u0111enog aplikatora. Dobro utrljajte za bolju apsorpciju.<\/p>\n<p><em><br>Originalna Medi-Peel korejska kozmetika u Srbiji i Crnoj Gori. Visokokvalitetna kuc\u0301na nega lica i tela.<\/em><\/p>\n<hr \/>\n<p><strong><em>Sastojci:<\/em> <\/strong><em>Purified Water, Propylene Glycol, Butylene Glycol, Ethanol, Bamboo Vinegar, Biotin, Chitosan, Hydrolyzed Keratin, Sh-Oligopeptide-1, Salicylic Acid, Gluconolactone, Capryloyl Salicylic Acid, Lactose Bacillus\/Soybean Fermentation Extract, White Willow Bark Extract, Cinnamon Bark Extract, Oregano Leaf Extract, Golden Extract, Purslane Extract, Cypress Leaf Extract, Eucalyptus Leaf Extract, Pine Leaf Extract, Centella Asiatica Extract, Corn Leaf Extract, Green Tea Extract, Spain Licorice Root Extract, Knotweed Root Root Extract, Matricaria Flower Extract, Rosemary Leaf Extract, Xylityl Glucoside, Anhydroxylitol, Xylitol, Aloe Vera Extract, Black Sesame Extract, Carrot Extract, Mung Bean Extract, Urea, Lactic Acid, Ethylhexyl Glycerin, Carbomer, Disodium Edta, Tromethamine, Menthol, 1,2-Hexanediol, Star Anise Extract, Polyglyceryl-10 Myristate, Caramel, Fragrance, Limonene.<\/em><\/p>","protected":false},"excerpt":{"rendered":"<p>Ampula za tretiranje i oporavak o\u0161tec\u0301enih, ispucalih, oslabljenih noktiju. 17ml<br \/>\n\u0421\u0440\u043e\u043a \u0433\u043e\u0434\u043d\u043e\u0441\u0442\u0438 \u0434\u043e 10.07.2026<br \/>\nRok trajanja: 10.07.2026<\/p>","protected":false},"featured_media":6263,"template":"","meta":{"_acf_changed":false},"product_brand":[],"product_cat":[396,296,150,167,159],"product_tag":[],"class_list":{"0":"post-6262","1":"product","2":"type-product","3":"status-publish","4":"has-post-thumbnail","6":"product_cat-promo","7":"product_cat-medi-peel","8":"product_cat-bodycare","9":"product_cat-footcare","10":"product_cat-handcare","12":"first","13":"instock","14":"sale","15":"shipping-taxable","16":"purchasable","17":"product-type-simple"},"acf":[],"yoast_head":"<!-- This site is optimized with the Yoast SEO Premium plugin v19.6 (Yoast SEO v20.11) - https:\/\/yoast.com\/wordpress\/plugins\/seo\/ -->\n<title>Medi-Peel Rx Oriental Foot &amp; Nail Ampoule - Malina Beauty Store<\/title>\n<meta name=\"robots\" content=\"index, follow, max-snippet:-1, max-image-preview:large, max-video-preview:-1\" \/>\n<link rel=\"canonical\" href=\"https:\/\/malinacosmetics.com\/sr\/\u043f\u0440\u043e\u0438\u0437\u0432\u043e\u0434\/medi-peel-rx-oriental-foot-nail-ampoule\/\" \/>\n<meta property=\"og:locale\" content=\"sr_RS\" \/>\n<meta property=\"og:type\" content=\"article\" \/>\n<meta property=\"og:title\" content=\"Medi-Peel Rx Oriental Foot &amp; Nail Ampoule\" \/>\n<meta property=\"og:description\" content=\"\u0410\u043c\u043f\u0443\u043b\u0430 \u0434\u043b\u044f \u043b\u0435\u0447\u0435\u043d\u0438\u044f \u0438 \u0432\u043e\u0441\u0441\u0442\u0430\u043d\u043e\u0432\u043b\u0435\u043d\u0438\u044f \u043f\u043e\u0432\u0440\u0435\u0436\u0434\u0435\u043d\u043d\u044b\u0445, \u043f\u043e\u0442\u0440\u0435\u0441\u043a\u0430\u0432\u0448\u0438\u0445\u0441\u044f, \u043e\u0441\u043b\u0430\u0431\u043b\u0435\u043d\u043d\u044b\u0445 \u043d\u043e\u0433\u0442\u0435\u0439. 17ml \u0421\u0440\u043e\u043a \u0433\u043e\u0434\u043d\u043e\u0441\u0442\u0438 \u0434\u043e 10.07.2026 Rok trajanja: 10.07.2026\" \/>\n<meta property=\"og:url\" content=\"https:\/\/malinacosmetics.com\/sr\/\u043f\u0440\u043e\u0438\u0437\u0432\u043e\u0434\/medi-peel-rx-oriental-foot-nail-ampoule\/\" \/>\n<meta property=\"og:site_name\" content=\"Malina Beauty Store\" \/>\n<meta property=\"article:publisher\" content=\"https:\/\/www.facebook.com\/MalinaBeautyShopMe\/\" \/>\n<meta property=\"article:modified_time\" content=\"2026-04-04T08:36:39+00:00\" \/>\n<meta property=\"og:image\" content=\"https:\/\/malinacosmetics.com\/wp-content\/uploads\/2024\/07\/Medi-Peel-Rx-Oriental-Foot-Nail-Ampoule2.jpg\" \/>\n\t<meta property=\"og:image:width\" content=\"1200\" \/>\n\t<meta property=\"og:image:height\" content=\"1200\" \/>\n\t<meta property=\"og:image:type\" content=\"image\/jpeg\" \/>\n<meta name=\"twitter:card\" content=\"summary_large_image\" \/>\n<script type=\"application\/ld+json\" class=\"yoast-schema-graph\">{\"@context\":\"https:\/\/schema.org\",\"@graph\":[{\"@type\":[\"WebPage\",\"ItemPage\"],\"@id\":\"https:\/\/malinacosmetics.com\/product\/medi-peel-rx-oriental-foot-nail-ampoule\/\",\"url\":\"https:\/\/malinacosmetics.com\/product\/medi-peel-rx-oriental-foot-nail-ampoule\/\",\"name\":\"Medi-Peel Rx Oriental Foot & Nail Ampoule - Malina Beauty Store\",\"isPartOf\":{\"@id\":\"https:\/\/malinacosmetics.com\/#website\"},\"datePublished\":\"2024-06-29T14:30:15+00:00\",\"dateModified\":\"2026-04-04T08:36:39+00:00\",\"breadcrumb\":{\"@id\":\"https:\/\/malinacosmetics.com\/product\/medi-peel-rx-oriental-foot-nail-ampoule\/#breadcrumb\"},\"inLanguage\":\"sr-RS\",\"potentialAction\":[{\"@type\":\"ReadAction\",\"target\":[\"https:\/\/malinacosmetics.com\/product\/medi-peel-rx-oriental-foot-nail-ampoule\/\"]}]},{\"@type\":\"BreadcrumbList\",\"@id\":\"https:\/\/malinacosmetics.com\/product\/medi-peel-rx-oriental-foot-nail-ampoule\/#breadcrumb\",\"itemListElement\":[{\"@type\":\"ListItem\",\"position\":1,\"name\":\"\u0413\u043b\u0430\u0432\u043d\u0430\u044f \u0441\u0442\u0440\u0430\u043d\u0438\u0446\u0430\",\"item\":\"https:\/\/malinacosmetics.com\/\"},{\"@type\":\"ListItem\",\"position\":2,\"name\":\"\u041a\u0430\u0442\u0430\u043b\u043e\u0433\",\"item\":\"https:\/\/malinacosmetics.com\/sr\/shop\/\"},{\"@type\":\"ListItem\",\"position\":3,\"name\":\"Medi-Peel Rx Oriental Foot &#038; Nail Ampoule\"}]},{\"@type\":\"WebSite\",\"@id\":\"https:\/\/malinacosmetics.com\/#website\",\"url\":\"https:\/\/malinacosmetics.com\/\",\"name\":\"Malina Beauty Store\",\"description\":\"Prodaja korejske kozmetike za Crnu Goru\",\"publisher\":{\"@id\":\"https:\/\/malinacosmetics.com\/#organization\"},\"potentialAction\":[{\"@type\":\"SearchAction\",\"target\":{\"@type\":\"EntryPoint\",\"urlTemplate\":\"https:\/\/malinacosmetics.com\/?s={search_term_string}\"},\"query-input\":\"required name=search_term_string\"}],\"inLanguage\":\"sr-RS\"},{\"@type\":\"Organization\",\"@id\":\"https:\/\/malinacosmetics.com\/#organization\",\"name\":\"malinacosmetics\",\"url\":\"https:\/\/malinacosmetics.com\/\",\"logo\":{\"@type\":\"ImageObject\",\"inLanguage\":\"sr-RS\",\"@id\":\"https:\/\/malinacosmetics.com\/#\/schema\/logo\/image\/\",\"url\":\"https:\/\/malinacosmetics.com\/wp-content\/uploads\/2021\/07\/logo.png\",\"contentUrl\":\"https:\/\/malinacosmetics.com\/wp-content\/uploads\/2021\/07\/logo.png\",\"width\":500,\"height\":353,\"caption\":\"malinacosmetics\"},\"image\":{\"@id\":\"https:\/\/malinacosmetics.com\/#\/schema\/logo\/image\/\"},\"sameAs\":[\"https:\/\/www.facebook.com\/MalinaBeautyShopMe\/\"]}]}<\/script>\n<meta property=\"product:brand\" content=\"simple\" \/>\n<meta property=\"product:price:amount\" content=\"11.50\" \/>\n<meta property=\"product:price:currency\" content=\"EUR\" \/>\n<meta property=\"og:availability\" content=\"instock\" \/>\n<meta property=\"product:availability\" content=\"instock\" \/>\n<meta property=\"product:condition\" content=\"new\" \/>\n<!-- \/ Yoast SEO Premium plugin. -->","yoast_head_json":{"title":"Medi-Peel Rx Oriental Foot & Nail Ampoule - Malina Beauty Store","robots":{"index":"index","follow":"follow","max-snippet":"max-snippet:-1","max-image-preview":"max-image-preview:large","max-video-preview":"max-video-preview:-1"},"canonical":"https:\/\/malinacosmetics.com\/sr\/\u043f\u0440\u043e\u0438\u0437\u0432\u043e\u0434\/medi-peel-rx-oriental-foot-nail-ampoule\/","og_locale":"sr_RS","og_type":"article","og_title":"Medi-Peel Rx Oriental Foot & Nail Ampoule","og_description":"\u0410\u043c\u043f\u0443\u043b\u0430 \u0434\u043b\u044f \u043b\u0435\u0447\u0435\u043d\u0438\u044f \u0438 \u0432\u043e\u0441\u0441\u0442\u0430\u043d\u043e\u0432\u043b\u0435\u043d\u0438\u044f \u043f\u043e\u0432\u0440\u0435\u0436\u0434\u0435\u043d\u043d\u044b\u0445, \u043f\u043e\u0442\u0440\u0435\u0441\u043a\u0430\u0432\u0448\u0438\u0445\u0441\u044f, \u043e\u0441\u043b\u0430\u0431\u043b\u0435\u043d\u043d\u044b\u0445 \u043d\u043e\u0433\u0442\u0435\u0439. 17ml \u0421\u0440\u043e\u043a \u0433\u043e\u0434\u043d\u043e\u0441\u0442\u0438 \u0434\u043e 10.07.2026 Rok trajanja: 10.07.2026","og_url":"https:\/\/malinacosmetics.com\/sr\/\u043f\u0440\u043e\u0438\u0437\u0432\u043e\u0434\/medi-peel-rx-oriental-foot-nail-ampoule\/","og_site_name":"Malina Beauty Store","article_publisher":"https:\/\/www.facebook.com\/MalinaBeautyShopMe\/","article_modified_time":"2026-04-04T08:36:39+00:00","og_image":[{"width":1200,"height":1200,"url":"https:\/\/malinacosmetics.com\/wp-content\/uploads\/2024\/07\/Medi-Peel-Rx-Oriental-Foot-Nail-Ampoule2.jpg","type":"image\/jpeg"}],"twitter_card":"summary_large_image","schema":{"@context":"https:\/\/schema.org","@graph":[{"@type":["WebPage","ItemPage"],"@id":"https:\/\/malinacosmetics.com\/product\/medi-peel-rx-oriental-foot-nail-ampoule\/","url":"https:\/\/malinacosmetics.com\/product\/medi-peel-rx-oriental-foot-nail-ampoule\/","name":"Medi-Peel Rx Oriental Foot & Nail Ampoule - Malina Beauty Store","isPartOf":{"@id":"https:\/\/malinacosmetics.com\/#website"},"datePublished":"2024-06-29T14:30:15+00:00","dateModified":"2026-04-04T08:36:39+00:00","breadcrumb":{"@id":"https:\/\/malinacosmetics.com\/product\/medi-peel-rx-oriental-foot-nail-ampoule\/#breadcrumb"},"inLanguage":"sr-RS","potentialAction":[{"@type":"ReadAction","target":["https:\/\/malinacosmetics.com\/product\/medi-peel-rx-oriental-foot-nail-ampoule\/"]}]},{"@type":"BreadcrumbList","@id":"https:\/\/malinacosmetics.com\/product\/medi-peel-rx-oriental-foot-nail-ampoule\/#breadcrumb","itemListElement":[{"@type":"ListItem","position":1,"name":"\u0413\u043b\u0430\u0432\u043d\u0430\u044f \u0441\u0442\u0440\u0430\u043d\u0438\u0446\u0430","item":"https:\/\/malinacosmetics.com\/"},{"@type":"ListItem","position":2,"name":"\u041a\u0430\u0442\u0430\u043b\u043e\u0433","item":"https:\/\/malinacosmetics.com\/sr\/shop\/"},{"@type":"ListItem","position":3,"name":"Medi-Peel Rx Oriental Foot &#038; Nail Ampoule"}]},{"@type":"WebSite","@id":"https:\/\/malinacosmetics.com\/#website","url":"https:\/\/malinacosmetics.com\/","name":"Malina Beauty Store","description":"Prodaja korejske kozmetike za Crnu Goru","publisher":{"@id":"https:\/\/malinacosmetics.com\/#organization"},"potentialAction":[{"@type":"SearchAction","target":{"@type":"EntryPoint","urlTemplate":"https:\/\/malinacosmetics.com\/?s={search_term_string}"},"query-input":"required name=search_term_string"}],"inLanguage":"sr-RS"},{"@type":"Organization","@id":"https:\/\/malinacosmetics.com\/#organization","name":"malinacosmetics","url":"https:\/\/malinacosmetics.com\/","logo":{"@type":"ImageObject","inLanguage":"sr-RS","@id":"https:\/\/malinacosmetics.com\/#\/schema\/logo\/image\/","url":"https:\/\/malinacosmetics.com\/wp-content\/uploads\/2021\/07\/logo.png","contentUrl":"https:\/\/malinacosmetics.com\/wp-content\/uploads\/2021\/07\/logo.png","width":500,"height":353,"caption":"malinacosmetics"},"image":{"@id":"https:\/\/malinacosmetics.com\/#\/schema\/logo\/image\/"},"sameAs":["https:\/\/www.facebook.com\/MalinaBeautyShopMe\/"]}]},"product_brand":"simple","product_price_amount":"11.50","product_price_currency":"EUR","og_availability":"instock","product_availability":"instock","product_condition":"new"},"jetpack_sharing_enabled":true,"_links":{"self":[{"href":"https:\/\/malinacosmetics.com\/sr\/wp-json\/wp\/v2\/product\/6262","targetHints":{"allow":["GET"]}}],"collection":[{"href":"https:\/\/malinacosmetics.com\/sr\/wp-json\/wp\/v2\/product"}],"about":[{"href":"https:\/\/malinacosmetics.com\/sr\/wp-json\/wp\/v2\/types\/product"}],"wp:featuredmedia":[{"embeddable":true,"href":"https:\/\/malinacosmetics.com\/sr\/wp-json\/wp\/v2\/media\/6263"}],"wp:attachment":[{"href":"https:\/\/malinacosmetics.com\/sr\/wp-json\/wp\/v2\/media?parent=6262"}],"wp:term":[{"taxonomy":"product_brand","embeddable":true,"href":"https:\/\/malinacosmetics.com\/sr\/wp-json\/wp\/v2\/product_brand?post=6262"},{"taxonomy":"product_cat","embeddable":true,"href":"https:\/\/malinacosmetics.com\/sr\/wp-json\/wp\/v2\/product_cat?post=6262"},{"taxonomy":"product_tag","embeddable":true,"href":"https:\/\/malinacosmetics.com\/sr\/wp-json\/wp\/v2\/product_tag?post=6262"}],"curies":[{"name":"wp","href":"https:\/\/api.w.org\/{rel}","templated":true}]}}