{"id":6244,"date":"2024-06-07T16:22:41","date_gmt":"2024-06-07T14:22:41","guid":{"rendered":"https:\/\/malinacosmetics.com\/?post_type=product&#038;p=6244"},"modified":"2025-10-06T11:41:31","modified_gmt":"2025-10-06T09:41:31","slug":"medi-peel-mooltox-hyaluronic-acid-air-fit-sun-cream2","status":"publish","type":"product","link":"https:\/\/malinacosmetics.com\/sr\/\u043f\u0440\u043e\u0438\u0437\u0432\u043e\u0434\/medi-peel-mooltox-hyaluronic-acid-air-fit-sun-cream2\/","title":{"rendered":"Medi-Peel Mooltox Hyaluronic Acid Air Fit Sun Cream SPF 50+ PA++++"},"content":{"rendered":"<p class=\"translation-block\">Lagana krema za sun\u010danje sa hijaluronskom kiselinom Medi-Peel Mooltox Hyaluronic Acid Air Fit Sun Cream, koja sadr\u017ei kombinaciju organskih, mineralnih i savremenih hemijskih UV filtera, pru\u017ea pouzdanu za\u0161titu od UVA i UVB zraka, spre\u010dava foto-alergijske reakcije i hiperpigmentaciju, \u0161titi ko\u017eu od prevremenog starenja, dubinski vla\u017ei, ujedna\u010dava ton i su\u017eava pore. Krema se lako razmazuje  i ko\u017ea je brzo upija, pru\u017eajuc\u0301i lagani hidratantni efekat bez osec\u0301aja masnoc\u0301e ili lepljivosti.<br>\nGlavni sastojci:<br>\nKompleks arganovog ulja, ulja jojobe, shea putera i ulja od pirin\u010danih mekinja ima prirodna svojstva za\u0161tite od sunca i poma\u017ee u za\u0161titi od \u0161tetnih UV zraka, kao i da blokira proliferaciju melanocita (c\u0301elija pigmenta ko\u017ee). Kompleks tako\u0111e ima svojstva omek\u0161avanja, ima izra\u017een podmla\u0111ujuc\u0301i efekat, uti\u010de na sintezu kolagena i povec\u0301ava gustinu i elasti\u010dnost ko\u017ee, usporava oksidaciju lipida ko\u017ee, spre\u010dava prevremeno starenje i smanjuje rizik od kancerogenih promena na ko\u017ei. Vla\u017ei, hrani i odr\u017eava ko\u017eu hidriranom dugo vremena.<br>\nFormula sadr\u017ei Circle Hyaluronic Acid\u2122 tehnologiju, koja se sastoji od hijaluronske kiseline zatvorene u posebne kapsule koje imaju malu molekulsku te\u017einu, zbog \u010dega lako prodiru u pore. Dakle, Circle Hyaluronic Acid\u2122 omoguc\u0301ava da se hiluronska kiselina bolje upije u ko\u017ei, radec\u0301i br\u017ee i efikasnije.<br>\nEcoCeramid\u2122 LCS je patentirani NP ceramid zasnovan na me\u0161avini masnih kiselina biljnog porekla. Stvoren da imitira sastav keramida ko\u017ee. Pru\u017ea trenutni efekat na povr\u0161ini ko\u017ee i trajni pozitivan efekat na stratum corneum. U kombinaciji sa hijaluronskom kiselinom, HA Booster-om (jedinstvena formula dizajnirana da povec\u0301a nivo hijaluronske kiseline u svim slojevima epidermisa za restrukturiranje, dugotrajnu hidrataciju i obnavljanje ko\u017ee) i italijansku gaziranu vodu San Pellegrino savr\u0161eno vla\u017ei i ja\u010da za\u0161titnu barijeru ko\u017ee.<br>\nEkstrakt jorgovana je antioksidans, ima antiinflamatorno dejstvo, osvetljava stara\u010dke pege, normalizuje rad lojnih \u017elezda i spre\u010dava pojavu akni, obnavlja c\u0301elije ko\u017ee, tonira i podmla\u0111uje.<br>\nEktoin je aminokiselina koja \u0161titi c\u0301elije od stresa isu\u0161ivanja tako \u0161to ih okru\u017euje molekulima vode. Molekul ektoina mo\u017ee da privu\u010de i zadr\u017ei 4-5 molekula vode u blizini, odr\u017eavajuc\u0301i optimalan nivo hidratacije i \u0161titec\u0301i od dehidracije. Efikasan je prirodni antioksidans, blokira agresivno dejstvo UV zraka i potiskuje sintezu melanina, pobolj\u0161ava stanje ko\u017ee nakon izlaganja sun\u010devoj svetlosti i aktivno se bori protiv fotostarenja. Smanjuje upale ko\u017ee.<br>\nKombinacija oleanolne kiseline i ekstrakta Enanthia chlorantha smanjuje proizvodnju sebuma, su\u017eava pro\u0161irene pore i spre\u010dava stvaranje komedona i za\u010depljene pore.<br>\nAdenozin je jedan od najnaprednijih sastojaka nove generacije. Efikasno se bori protiv bora, pru\u017ea sna\u017ean citoprotektivni efekat i \u0161titi c\u0301elije od oksidacije, uti\u010de na sintezu prokolagena 1, odgovornog za elasti\u010dnost i tonus.<br>\nNiacinamid (vitamin B3) ujedna\u010dava ukupan ton, pobolj\u0161ava ten, smanjuje osetljivost ko\u017ee, elimini\u0161e masni sjaj i ja\u010da hidrolipidnu barijeru.<br>\nKrema ima trenutni efekat hla\u0111enja pora zahvaljujuc\u0301i organskom \u010daju, sni\u017eava temperaturu ko\u017ee za 5,49 stepeni, pru\u017eajuc\u0301i umirujuc\u0301i efekat i spre\u010dava termi\u010dko starenje.<\/p>\n<p><strong><br>Na\u010din upotrebe:<\/strong> Nanesite dovoljnu koli\u010dinu proizvoda na ko\u017eu 15 minuta pre izlaska napolje. Temeljno rasporedite po celom licu, uklju\u010dujuc\u0301i i deo vrata.<\/p>\n<p><em><br>Originalna Medi-Peel korejska kozmetika u Srbiji i Crnoj Gori. Visokokvalitetna kuc\u0301na nega lica i tela.<\/em><\/p>\n<hr \/>\n<p><strong><em>Sastojci:<\/em> <\/strong><em>Carbonated water, purified water, dibutyl adipate, butyloctyl salicylate, propanediol, titanium dioxide, diethylaminohydroxybenzoylhexylbenzoate, polysilicon-15, niacinamide, polymethylsilsesquioxane, ethylhexyltria. Zone, methyl trimethicone, methyl methacrylate crosspolymer, pentylene glycol, centella asiatica root extract, Enantia chlorantha bark extract, syringa root extract, jojoba seed oil, hydrogenated lecithin, argan kernel oil, rice bran oil, Sodium hyaluronate (1 ppb), VP\/eicosin copolymer, polyglyceryl-2 caprate, glycerin, 1,2-hexanediol, ammonium acryloyldimethyl taurate\/VP copolymer, polyacrylate Crosspolymer-6, sucrose stearate, hydroxypropylmethylcellulose stearoxyether, stearic acid, ethylhexylglycerin, alumina, squalane, glyceryl caprylate, sodium stearoyl glutamate, xanthan gum, hydrogenated polyisobutyric acid. Ten, dimethicone, adenosine, inulin lauryl carbamate, isononyl isononanoate, polyglyceryl-10 stearate, sodium polyacrylate, cetearyl alcohol, shea butter, polyglyceryl-2dipoly. Hydroxystearate, polyether-1, polyC10-30 alkyl acrylate, disodium stearoyl glutamate, xylitol, butylene glycol, allantoin, ectoin, polyglutamic acid, glyceryl glucoside, xylityl. Glucoside, anhydroxylitol, collagen, ceramide NP, phytosphingosine, leuconostoc\/unfermented filtrate, oleanolic acid, glycine, glutamic acid, arginine, fragrance.<\/em><\/p>","protected":false},"excerpt":{"rendered":"<p>Lagana krema za sun\u010danje sa hijaluronskom kiselinom. 50ml<\/p>","protected":false},"featured_media":6245,"template":"","meta":{"_acf_changed":false},"product_brand":[],"product_cat":[458,224,349,86,437,468,296],"product_tag":[514],"class_list":{"0":"post-6244","1":"product","2":"type-product","3":"status-publish","4":"has-post-thumbnail","6":"product_cat-pigmentation","7":"product_cat-antiage","8":"product_cat-brightening","9":"product_cat-moisturizing","10":"product_cat-alltypesofskin","11":"product_cat-suncream","12":"product_cat-medi-peel","13":"product_tag-mooltox","15":"first","16":"outofstock","17":"shipping-taxable","18":"purchasable","19":"product-type-simple"},"acf":[],"yoast_head":"<!-- This site is optimized with the Yoast SEO Premium plugin v19.6 (Yoast SEO v20.11) - https:\/\/yoast.com\/wordpress\/plugins\/seo\/ -->\n<title>Medi-Peel Mooltox Hyaluronic Acid Air Fit Sun Cream SPF 50+ PA++++ - Malina Beauty Store<\/title>\n<meta name=\"robots\" content=\"index, follow, max-snippet:-1, max-image-preview:large, max-video-preview:-1\" \/>\n<link rel=\"canonical\" href=\"https:\/\/malinacosmetics.com\/sr\/\u043f\u0440\u043e\u0438\u0437\u0432\u043e\u0434\/medi-peel-mooltox-hyaluronic-acid-air-fit-sun-cream2\/\" \/>\n<meta property=\"og:locale\" content=\"sr_RS\" \/>\n<meta property=\"og:type\" content=\"article\" \/>\n<meta property=\"og:title\" content=\"Medi-Peel Mooltox Hyaluronic Acid Air Fit Sun Cream SPF 50+ PA++++\" \/>\n<meta property=\"og:description\" content=\"\u041b\u0451\u0433\u043a\u0438\u0439 \u0432\u043e\u0437\u0434\u0443\u0445\u043e\u043f\u0440\u043e\u043d\u0438\u0446\u0430\u0435\u043c\u044b\u0439 \u0441\u043e\u043b\u043d\u0446\u0435\u0437\u0430\u0449\u0438\u0442\u043d\u044b\u0439 \u043a\u0440\u0435\u043c \u0441 \u0433\u0438\u0430\u043b\u0443\u0440\u043e\u043d\u043e\u0432\u043e\u0439 \u043a\u0438\u0441\u043b\u043e\u0442\u043e\u0439. 50ml\" \/>\n<meta property=\"og:url\" content=\"https:\/\/malinacosmetics.com\/sr\/\u043f\u0440\u043e\u0438\u0437\u0432\u043e\u0434\/medi-peel-mooltox-hyaluronic-acid-air-fit-sun-cream2\/\" \/>\n<meta property=\"og:site_name\" content=\"Malina Beauty Store\" \/>\n<meta property=\"article:publisher\" content=\"https:\/\/www.facebook.com\/MalinaBeautyShopMe\/\" \/>\n<meta property=\"article:modified_time\" content=\"2025-10-06T09:41:31+00:00\" \/>\n<meta property=\"og:image\" content=\"https:\/\/malinacosmetics.com\/wp-content\/uploads\/2024\/06\/Medi-Peel-Mooltox-Hyaluronic-Acid-Air-Fit-Sun-Cream.jpg\" \/>\n\t<meta property=\"og:image:width\" content=\"1200\" \/>\n\t<meta property=\"og:image:height\" content=\"1200\" \/>\n\t<meta property=\"og:image:type\" content=\"image\/jpeg\" \/>\n<meta name=\"twitter:card\" content=\"summary_large_image\" \/>\n<script type=\"application\/ld+json\" class=\"yoast-schema-graph\">{\"@context\":\"https:\/\/schema.org\",\"@graph\":[{\"@type\":[\"WebPage\",\"ItemPage\"],\"@id\":\"https:\/\/malinacosmetics.com\/product\/medi-peel-mooltox-hyaluronic-acid-air-fit-sun-cream2\/\",\"url\":\"https:\/\/malinacosmetics.com\/product\/medi-peel-mooltox-hyaluronic-acid-air-fit-sun-cream2\/\",\"name\":\"Medi-Peel Mooltox Hyaluronic Acid Air Fit Sun Cream SPF 50+ PA++++ - Malina Beauty Store\",\"isPartOf\":{\"@id\":\"https:\/\/malinacosmetics.com\/#website\"},\"datePublished\":\"2024-06-07T14:22:41+00:00\",\"dateModified\":\"2025-10-06T09:41:31+00:00\",\"breadcrumb\":{\"@id\":\"https:\/\/malinacosmetics.com\/product\/medi-peel-mooltox-hyaluronic-acid-air-fit-sun-cream2\/#breadcrumb\"},\"inLanguage\":\"sr-RS\",\"potentialAction\":[{\"@type\":\"ReadAction\",\"target\":[\"https:\/\/malinacosmetics.com\/product\/medi-peel-mooltox-hyaluronic-acid-air-fit-sun-cream2\/\"]}]},{\"@type\":\"BreadcrumbList\",\"@id\":\"https:\/\/malinacosmetics.com\/product\/medi-peel-mooltox-hyaluronic-acid-air-fit-sun-cream2\/#breadcrumb\",\"itemListElement\":[{\"@type\":\"ListItem\",\"position\":1,\"name\":\"\u0413\u043b\u0430\u0432\u043d\u0430\u044f \u0441\u0442\u0440\u0430\u043d\u0438\u0446\u0430\",\"item\":\"https:\/\/malinacosmetics.com\/\"},{\"@type\":\"ListItem\",\"position\":2,\"name\":\"\u041a\u0430\u0442\u0430\u043b\u043e\u0433\",\"item\":\"https:\/\/malinacosmetics.com\/sr\/shop\/\"},{\"@type\":\"ListItem\",\"position\":3,\"name\":\"Medi-Peel Mooltox Hyaluronic Acid Air Fit Sun Cream SPF 50+ PA++++\"}]},{\"@type\":\"WebSite\",\"@id\":\"https:\/\/malinacosmetics.com\/#website\",\"url\":\"https:\/\/malinacosmetics.com\/\",\"name\":\"Malina Beauty Store\",\"description\":\"Prodaja korejske kozmetike za Crnu Goru\",\"publisher\":{\"@id\":\"https:\/\/malinacosmetics.com\/#organization\"},\"potentialAction\":[{\"@type\":\"SearchAction\",\"target\":{\"@type\":\"EntryPoint\",\"urlTemplate\":\"https:\/\/malinacosmetics.com\/?s={search_term_string}\"},\"query-input\":\"required name=search_term_string\"}],\"inLanguage\":\"sr-RS\"},{\"@type\":\"Organization\",\"@id\":\"https:\/\/malinacosmetics.com\/#organization\",\"name\":\"malinacosmetics\",\"url\":\"https:\/\/malinacosmetics.com\/\",\"logo\":{\"@type\":\"ImageObject\",\"inLanguage\":\"sr-RS\",\"@id\":\"https:\/\/malinacosmetics.com\/#\/schema\/logo\/image\/\",\"url\":\"https:\/\/malinacosmetics.com\/wp-content\/uploads\/2021\/07\/logo.png\",\"contentUrl\":\"https:\/\/malinacosmetics.com\/wp-content\/uploads\/2021\/07\/logo.png\",\"width\":500,\"height\":353,\"caption\":\"malinacosmetics\"},\"image\":{\"@id\":\"https:\/\/malinacosmetics.com\/#\/schema\/logo\/image\/\"},\"sameAs\":[\"https:\/\/www.facebook.com\/MalinaBeautyShopMe\/\"]}]}<\/script>\n<meta property=\"product:brand\" content=\"simple\" \/>\n<meta property=\"product:price:amount\" content=\"30.00\" \/>\n<meta property=\"product:price:currency\" content=\"EUR\" \/>\n<meta property=\"og:availability\" content=\"out of stock\" \/>\n<meta property=\"product:availability\" content=\"out of stock\" \/>\n<meta property=\"product:condition\" content=\"new\" \/>\n<!-- \/ Yoast SEO Premium plugin. -->","yoast_head_json":{"title":"Medi-Peel Mooltox Hyaluronic Acid Air Fit Sun Cream SPF 50+ PA++++ - Malina Beauty Store","robots":{"index":"index","follow":"follow","max-snippet":"max-snippet:-1","max-image-preview":"max-image-preview:large","max-video-preview":"max-video-preview:-1"},"canonical":"https:\/\/malinacosmetics.com\/sr\/\u043f\u0440\u043e\u0438\u0437\u0432\u043e\u0434\/medi-peel-mooltox-hyaluronic-acid-air-fit-sun-cream2\/","og_locale":"sr_RS","og_type":"article","og_title":"Medi-Peel Mooltox Hyaluronic Acid Air Fit Sun Cream SPF 50+ PA++++","og_description":"\u041b\u0451\u0433\u043a\u0438\u0439 \u0432\u043e\u0437\u0434\u0443\u0445\u043e\u043f\u0440\u043e\u043d\u0438\u0446\u0430\u0435\u043c\u044b\u0439 \u0441\u043e\u043b\u043d\u0446\u0435\u0437\u0430\u0449\u0438\u0442\u043d\u044b\u0439 \u043a\u0440\u0435\u043c \u0441 \u0433\u0438\u0430\u043b\u0443\u0440\u043e\u043d\u043e\u0432\u043e\u0439 \u043a\u0438\u0441\u043b\u043e\u0442\u043e\u0439. 50ml","og_url":"https:\/\/malinacosmetics.com\/sr\/\u043f\u0440\u043e\u0438\u0437\u0432\u043e\u0434\/medi-peel-mooltox-hyaluronic-acid-air-fit-sun-cream2\/","og_site_name":"Malina Beauty Store","article_publisher":"https:\/\/www.facebook.com\/MalinaBeautyShopMe\/","article_modified_time":"2025-10-06T09:41:31+00:00","og_image":[{"width":1200,"height":1200,"url":"https:\/\/malinacosmetics.com\/wp-content\/uploads\/2024\/06\/Medi-Peel-Mooltox-Hyaluronic-Acid-Air-Fit-Sun-Cream.jpg","type":"image\/jpeg"}],"twitter_card":"summary_large_image","schema":{"@context":"https:\/\/schema.org","@graph":[{"@type":["WebPage","ItemPage"],"@id":"https:\/\/malinacosmetics.com\/product\/medi-peel-mooltox-hyaluronic-acid-air-fit-sun-cream2\/","url":"https:\/\/malinacosmetics.com\/product\/medi-peel-mooltox-hyaluronic-acid-air-fit-sun-cream2\/","name":"Medi-Peel Mooltox Hyaluronic Acid Air Fit Sun Cream SPF 50+ PA++++ - Malina Beauty Store","isPartOf":{"@id":"https:\/\/malinacosmetics.com\/#website"},"datePublished":"2024-06-07T14:22:41+00:00","dateModified":"2025-10-06T09:41:31+00:00","breadcrumb":{"@id":"https:\/\/malinacosmetics.com\/product\/medi-peel-mooltox-hyaluronic-acid-air-fit-sun-cream2\/#breadcrumb"},"inLanguage":"sr-RS","potentialAction":[{"@type":"ReadAction","target":["https:\/\/malinacosmetics.com\/product\/medi-peel-mooltox-hyaluronic-acid-air-fit-sun-cream2\/"]}]},{"@type":"BreadcrumbList","@id":"https:\/\/malinacosmetics.com\/product\/medi-peel-mooltox-hyaluronic-acid-air-fit-sun-cream2\/#breadcrumb","itemListElement":[{"@type":"ListItem","position":1,"name":"\u0413\u043b\u0430\u0432\u043d\u0430\u044f \u0441\u0442\u0440\u0430\u043d\u0438\u0446\u0430","item":"https:\/\/malinacosmetics.com\/"},{"@type":"ListItem","position":2,"name":"\u041a\u0430\u0442\u0430\u043b\u043e\u0433","item":"https:\/\/malinacosmetics.com\/sr\/shop\/"},{"@type":"ListItem","position":3,"name":"Medi-Peel Mooltox Hyaluronic Acid Air Fit Sun Cream SPF 50+ PA++++"}]},{"@type":"WebSite","@id":"https:\/\/malinacosmetics.com\/#website","url":"https:\/\/malinacosmetics.com\/","name":"Malina Beauty Store","description":"Prodaja korejske kozmetike za Crnu Goru","publisher":{"@id":"https:\/\/malinacosmetics.com\/#organization"},"potentialAction":[{"@type":"SearchAction","target":{"@type":"EntryPoint","urlTemplate":"https:\/\/malinacosmetics.com\/?s={search_term_string}"},"query-input":"required name=search_term_string"}],"inLanguage":"sr-RS"},{"@type":"Organization","@id":"https:\/\/malinacosmetics.com\/#organization","name":"malinacosmetics","url":"https:\/\/malinacosmetics.com\/","logo":{"@type":"ImageObject","inLanguage":"sr-RS","@id":"https:\/\/malinacosmetics.com\/#\/schema\/logo\/image\/","url":"https:\/\/malinacosmetics.com\/wp-content\/uploads\/2021\/07\/logo.png","contentUrl":"https:\/\/malinacosmetics.com\/wp-content\/uploads\/2021\/07\/logo.png","width":500,"height":353,"caption":"malinacosmetics"},"image":{"@id":"https:\/\/malinacosmetics.com\/#\/schema\/logo\/image\/"},"sameAs":["https:\/\/www.facebook.com\/MalinaBeautyShopMe\/"]}]},"product_brand":"simple","product_price_amount":"30.00","product_price_currency":"EUR","og_availability":"out of stock","product_availability":"out of stock","product_condition":"new"},"jetpack_sharing_enabled":true,"_links":{"self":[{"href":"https:\/\/malinacosmetics.com\/sr\/wp-json\/wp\/v2\/product\/6244","targetHints":{"allow":["GET"]}}],"collection":[{"href":"https:\/\/malinacosmetics.com\/sr\/wp-json\/wp\/v2\/product"}],"about":[{"href":"https:\/\/malinacosmetics.com\/sr\/wp-json\/wp\/v2\/types\/product"}],"wp:featuredmedia":[{"embeddable":true,"href":"https:\/\/malinacosmetics.com\/sr\/wp-json\/wp\/v2\/media\/6245"}],"wp:attachment":[{"href":"https:\/\/malinacosmetics.com\/sr\/wp-json\/wp\/v2\/media?parent=6244"}],"wp:term":[{"taxonomy":"product_brand","embeddable":true,"href":"https:\/\/malinacosmetics.com\/sr\/wp-json\/wp\/v2\/product_brand?post=6244"},{"taxonomy":"product_cat","embeddable":true,"href":"https:\/\/malinacosmetics.com\/sr\/wp-json\/wp\/v2\/product_cat?post=6244"},{"taxonomy":"product_tag","embeddable":true,"href":"https:\/\/malinacosmetics.com\/sr\/wp-json\/wp\/v2\/product_tag?post=6244"}],"curies":[{"name":"wp","href":"https:\/\/api.w.org\/{rel}","templated":true}]}}