{"id":6222,"date":"2024-05-20T20:40:57","date_gmt":"2024-05-20T18:40:57","guid":{"rendered":"https:\/\/malinacosmetics.com\/?post_type=product&#038;p=6222"},"modified":"2024-06-13T19:30:22","modified_gmt":"2024-06-13T17:30:22","slug":"medi-peel-mooltox-hyaluronic-acid-mild-tone-up-sun-cream","status":"publish","type":"product","link":"https:\/\/malinacosmetics.com\/sr\/\u043f\u0440\u043e\u0438\u0437\u0432\u043e\u0434\/medi-peel-mooltox-hyaluronic-acid-mild-tone-up-sun-cream\/","title":{"rendered":"Medi-Peel Mooltox Hyaluronic Acid Mild Tone Up Sun Cream SPF 50+ PA++++"},"content":{"rendered":"<p class=\"translation-block\">Vodootporna mineralna krema za sun\u010danje sa efektom korekcije tona ko\u017ee Medi-Peel Mooltox Hyaluronic Acid Mild Tone Up Sun Cream zahvaljujuc\u0301i ljubi\u010dastim pigmentima efikasno koriguje \u017eute i crvene tonove ko\u017ee, osvetljava pege, pigmentaciju i post-akne, daje svetliji i ujedna\u010deniji ton ko\u017ee, dubinski hidrira. Krema pru\u017ea visok stepen za\u0161tite od sunca SPF 50+ PA++++.<br>\nPreporu\u010duje se za ko\u017eu bez sjaja sa pigmentacijom ili crvenilom.<br>\nIma laganu, svetloljubi\u010dastu teksturu koja se dobro upija, pru\u017ea vla\u017enu, nelepljivu adheziju na ko\u017ei, bez lepljivosti i ne ostavlja bele tragove. Otporan na vodu i znoj.<br>\nGlavni aktivni sastojci:<br>\nHektorit je komponenta na bazi retke vrste gline, izvor je minerala, su\u017eava pore, osvetljava pege, pigmentaciju, tamne fleke od akni.<br>\nPiknogenol iz ekstrakta gro\u017e\u0111a pobolj\u0161ava \u010dvrstinu i elasti\u010dnost ko\u017ee, kao i njen nivo vla\u017enosti. Bori se protiv hiperpigmentacije uzrokovane UV zra\u010denjem, protiv \"slobodnih radikala\" koji uni\u0161tavaju proteine odgovorne za odr\u017eavanje ravnomernog tona i elasti\u010dnosti ko\u017ee. Ubrzava i pobolj\u0161ava regeneraciju ko\u017ee, odr\u017eava njen zdrav blistav izgled, spre\u010dava pojavu o\u017eiljaka i fleke od akni.<br>\nEkstrakt Acai bobica poznat je po rekordnoj koncentraciji antioksidanata i ima visok sadr\u017eaj masnih kiselina, vitamina i minerala. Uklanja toksine, suzbija oksidativne procese, ubrzava regeneraciju i obnavljanje c\u0301elija ko\u017ee. <br>\nOligomerni proantocijanidini (polifenoli) iz ekstrakta gro\u017e\u0111a i acai bobica imaju prili\u010dno \u0161irok spektar indikacija:<br>\n- prevencija i usporavanje starenja;<br>\n- ishrana i za\u0161tita ko\u017ee od \u0161tetnih uticaja okoline;<br>\n- kao sredstvo za\u0161tite koje ima antistresno (opu\u0161tajuc\u0301e) dejstvo;<br>\n- spre\u010davanje i usporavanje stvaranja bora;<br>\n- blagi efekat osvetljavanja ko\u017ee;<br>\n- za\u0161tita od UV zraka;<br>\n- pobolj\u0161anje boje ko\u017ee. <br>\nEkstrakt jorgovana je antioksidans, ima antiinflamatorno dejstvo, osvetljava stara\u010dke pege, normalizuje rad lojnih \u017elezda i spre\u010dava pojavu akni, obnavlja c\u0301elije ko\u017ee, tonira i podmla\u0111uje.<br>\nFormula sadr\u017ei Circle Hyaluronic Acid\u2122 tehnologiju, koja se sastoji od hijaluronske kiseline zatvorene u posebne kapsule koje imaju malu molekulsku te\u017einu, zbog \u010dega lako prodiru u pore. Dakle, Circle Hyaluronic Acid\u2122 omoguc\u0301ava da se hiluronska kiselina bolje upije u ko\u017ei, radec\u0301i br\u017ee i efikasnije.<br>\nEcoCeramid\u2122 LCS je patentirani NP ceramid zasnovan na me\u0161avini masnih kiselina biljnog porekla. Stvoren da imitira sastav keramida ko\u017ee. Pru\u017ea trenutni efekat na povr\u0161ini ko\u017ee i trajni pozitivan efekat na stratum corneum. U kombinaciji sa hijaluronskom kiselinom, HA Booster (jedinstvena formula dizajnirana da povec\u0301a nivo hijaluronske kiseline u svim slojevima epidermisa za restrukturiranje, dugotrajnu hidrataciju i obnavljanje ko\u017ee) i italijansku gaziranu vodu San Pellegrino savr\u0161eno vla\u017ei i ja\u010da ko\u017enu barijeru.<br>\nEktoin je aminokiselina koja \u0161titi c\u0301elije od stresa isu\u0161ivanja tako \u0161to ih okru\u017euje molekulima vode. Molekul ektoina mo\u017ee da privu\u010de i zadr\u017ei 4-5 molekula vode u blizini, odr\u017eavajuc\u0301i optimalan nivo hidratacije i \u0161titec\u0301i od dehidracije. Efikasan je prirodni antioksidans, blokira agresivno dejstvo UV zraka i potiskuje sintezu melanina, pobolj\u0161ava stanje ko\u017ee nakon izlaganja sun\u010devoj svetlosti i aktivno se bori protiv fotostarenja. Smanjuje upale ko\u017ee.\nEkstrakt mineralnog \u010daja trenutno smanjuje temperaturu ko\u017ee za 4,47C i hladi pore odmah nakon jednog nano\u0161enja, \u010dime se spre\u010dava toplotno starenje.<\/p>\n<p><strong><br>Na\u010din upotrebe:<\/strong> Nanesite dovoljnu koli\u010dinu proizvoda na ko\u017eu 15 minuta pre izlaska napolje. Temeljno rasporedite po celom licu, uklju\u010dujuc\u0301i i deo vrata.<\/p>\n<p><em><br>Originalna Medi-Peel korejska kozmetika u Srbiji i Crnoj Gori. Visokokvalitetna kuc\u0301na nega lica i tela.<\/em><\/p>\n<hr \/>\n<p><strong><em>Sastojci:<\/em> <\/strong><em>Purified water, zinc oxide, butyloctyl salicylate, propanediol, propylheptyl caprylate, coco-caprylate\/caprate, cyclohexasiloxane, isododecane, triethylhexanoin, methyl trimethicone, carbon dioxide Prillylmethicone, niacinamide, sodium hyaluronate (100.1 ppb), xylitol, centella asiatica extract, centella asiatica leaf extract, centella asiatica root extract, drumstick seed oil, Enantia chlorantha bark extract, soluble collagen, grape extract, acaipam Fruit extract, hydrolyzed hyaluronic acid (0.15 ppb), hyaluronic acid (0.10 ppb), syringa root extract, lauryl polyglyceryl-3 polydimethylsiloxyethyldimethicone, magnesium sulfate , polyglyceryl-3 polydimethylsiloxyethyl dimethicone, methyl methacrylate crosspolymer, triethoxycaprylyl silane, lauryl dimethicone\/polyglycerin-3 crosspolymer, disteadimonium Hectorite, 1,2-hexanediol, polyglyceryl-2dipolyhydroxystearate, caprylyl glycol, glyceryl caprylate, adenosine, dipropylene glycol, butylene glycol, tocopherol, sodium Citrate, ethylhexylglycerin, glycerin, hydrolyzed sodium hyaluronate (100.15 ppb), allantoin, ectoin, polyglutamic acid, hydrogenated polyisobutene, glyceryl glucoside, ceramide NP, phytos Phingosine, glucose, glycine, hydrogenated lecithin, arginine, glutamic acid, dimethylsilanol hyaluronate (0.15 ppb), caprylic hydroxamic acid, potassium hyaluronate (0.10 ppb), Hydroxypropyl Trimonium Hyaluronate (0.08 ppb), Sodium Hyaluronate Crosspolymer (0.08 ppb), Sodium Hyaluronate Dimethylsilanol (0.05 ppb), Sodium Acetylated Hyaluronate (0.04 ppb), oleanolic acid, madecassoside, asiaticoside, asiatic acid, madecassic acid, fragrance, ultramarine<\/em><\/p>","protected":false},"excerpt":{"rendered":"<p>Vodootporna mineralna krema za sun\u010danje sa efektom korekcije tona ko\u017ee. 50ml<\/p>","protected":false},"featured_media":6223,"template":"","meta":{"_acf_changed":false},"product_brand":[],"product_cat":[458,224,349,86,354,437,468,296],"product_tag":[514],"class_list":{"0":"post-6222","1":"product","2":"type-product","3":"status-publish","4":"has-post-thumbnail","6":"product_cat-pigmentation","7":"product_cat-antiage","8":"product_cat-brightening","9":"product_cat-moisturizing","10":"product_cat-skintone","11":"product_cat-alltypesofskin","12":"product_cat-suncream","13":"product_cat-medi-peel","14":"product_tag-mooltox","16":"first","17":"instock","18":"shipping-taxable","19":"purchasable","20":"product-type-simple"},"acf":[],"yoast_head":"<!-- This site is optimized with the Yoast SEO Premium plugin v19.6 (Yoast SEO v20.11) - https:\/\/yoast.com\/wordpress\/plugins\/seo\/ -->\n<title>Medi-Peel Mooltox Hyaluronic Acid Mild Tone Up Sun Cream SPF 50+ PA++++ - Malina Beauty Store<\/title>\n<meta name=\"robots\" content=\"index, follow, max-snippet:-1, max-image-preview:large, max-video-preview:-1\" \/>\n<link rel=\"canonical\" href=\"https:\/\/malinacosmetics.com\/sr\/\u043f\u0440\u043e\u0438\u0437\u0432\u043e\u0434\/medi-peel-mooltox-hyaluronic-acid-mild-tone-up-sun-cream\/\" \/>\n<meta property=\"og:locale\" content=\"sr_RS\" \/>\n<meta property=\"og:type\" content=\"article\" \/>\n<meta property=\"og:title\" content=\"Medi-Peel Mooltox Hyaluronic Acid Mild Tone Up Sun Cream SPF 50+ PA++++\" \/>\n<meta property=\"og:description\" content=\"\u0412\u043e\u0434\u043e\u0441\u0442\u043e\u0439\u043a\u0438\u0439 \u043c\u0438\u043d\u0435\u0440\u0430\u043b\u044c\u043d\u044b\u0439 \u0441\u043e\u043b\u043d\u0446\u0435\u0437\u0430\u0449\u0438\u0442\u043d\u044b\u0439 \u043a\u0440\u0435\u043c \u0441 \u044d\u0444\u0444\u0435\u043a\u0442\u043e\u043c \u043a\u043e\u0440\u0440\u0435\u043a\u0446\u0438\u0438 \u0442\u043e\u043d\u0430 \u043a\u043e\u0436\u0438. 50ml\" \/>\n<meta property=\"og:url\" content=\"https:\/\/malinacosmetics.com\/sr\/\u043f\u0440\u043e\u0438\u0437\u0432\u043e\u0434\/medi-peel-mooltox-hyaluronic-acid-mild-tone-up-sun-cream\/\" \/>\n<meta property=\"og:site_name\" content=\"Malina Beauty Store\" \/>\n<meta property=\"article:publisher\" content=\"https:\/\/www.facebook.com\/MalinaBeautyShopMe\/\" \/>\n<meta property=\"article:modified_time\" content=\"2024-06-13T17:30:22+00:00\" \/>\n<meta property=\"og:image\" content=\"https:\/\/malinacosmetics.com\/wp-content\/uploads\/2024\/05\/Medi-Peel-Mooltox-Hyaluronic-Acid-Mild-Tone-Up-Sun-Cream2.jpg\" \/>\n\t<meta property=\"og:image:width\" content=\"1200\" \/>\n\t<meta property=\"og:image:height\" content=\"1200\" \/>\n\t<meta property=\"og:image:type\" content=\"image\/jpeg\" \/>\n<meta name=\"twitter:card\" content=\"summary_large_image\" \/>\n<script type=\"application\/ld+json\" class=\"yoast-schema-graph\">{\"@context\":\"https:\/\/schema.org\",\"@graph\":[{\"@type\":[\"WebPage\",\"ItemPage\"],\"@id\":\"https:\/\/malinacosmetics.com\/\u043f\u0440\u043e\u0438\u0437\u0432\u043e\u0434\/medi-peel-mooltox-hyaluronic-acid-mild-tone-up-sun-cream\/\",\"url\":\"https:\/\/malinacosmetics.com\/\u043f\u0440\u043e\u0438\u0437\u0432\u043e\u0434\/medi-peel-mooltox-hyaluronic-acid-mild-tone-up-sun-cream\/\",\"name\":\"Medi-Peel Mooltox Hyaluronic Acid Mild Tone Up Sun Cream SPF 50+ PA++++ - Malina Beauty Store\",\"isPartOf\":{\"@id\":\"https:\/\/malinacosmetics.com\/#website\"},\"datePublished\":\"2024-05-20T18:40:57+00:00\",\"dateModified\":\"2024-06-13T17:30:22+00:00\",\"breadcrumb\":{\"@id\":\"https:\/\/malinacosmetics.com\/\u043f\u0440\u043e\u0438\u0437\u0432\u043e\u0434\/medi-peel-mooltox-hyaluronic-acid-mild-tone-up-sun-cream\/#breadcrumb\"},\"inLanguage\":\"sr-RS\",\"potentialAction\":[{\"@type\":\"ReadAction\",\"target\":[\"https:\/\/malinacosmetics.com\/\u043f\u0440\u043e\u0438\u0437\u0432\u043e\u0434\/medi-peel-mooltox-hyaluronic-acid-mild-tone-up-sun-cream\/\"]}]},{\"@type\":\"BreadcrumbList\",\"@id\":\"https:\/\/malinacosmetics.com\/\u043f\u0440\u043e\u0438\u0437\u0432\u043e\u0434\/medi-peel-mooltox-hyaluronic-acid-mild-tone-up-sun-cream\/#breadcrumb\",\"itemListElement\":[{\"@type\":\"ListItem\",\"position\":1,\"name\":\"\u0413\u043b\u0430\u0432\u043d\u0430\u044f \u0441\u0442\u0440\u0430\u043d\u0438\u0446\u0430\",\"item\":\"https:\/\/malinacosmetics.com\/\"},{\"@type\":\"ListItem\",\"position\":2,\"name\":\"\u041a\u0430\u0442\u0430\u043b\u043e\u0433\",\"item\":\"https:\/\/malinacosmetics.com\/sr\/shop\/\"},{\"@type\":\"ListItem\",\"position\":3,\"name\":\"Medi-Peel Mooltox Hyaluronic Acid Mild Tone Up Sun Cream SPF 50+ PA++++\"}]},{\"@type\":\"WebSite\",\"@id\":\"https:\/\/malinacosmetics.com\/#website\",\"url\":\"https:\/\/malinacosmetics.com\/\",\"name\":\"Malina Beauty Store\",\"description\":\"Prodaja korejske kozmetike za Crnu Goru\",\"publisher\":{\"@id\":\"https:\/\/malinacosmetics.com\/#organization\"},\"potentialAction\":[{\"@type\":\"SearchAction\",\"target\":{\"@type\":\"EntryPoint\",\"urlTemplate\":\"https:\/\/malinacosmetics.com\/?s={search_term_string}\"},\"query-input\":\"required name=search_term_string\"}],\"inLanguage\":\"sr-RS\"},{\"@type\":\"Organization\",\"@id\":\"https:\/\/malinacosmetics.com\/#organization\",\"name\":\"malinacosmetics\",\"url\":\"https:\/\/malinacosmetics.com\/\",\"logo\":{\"@type\":\"ImageObject\",\"inLanguage\":\"sr-RS\",\"@id\":\"https:\/\/malinacosmetics.com\/#\/schema\/logo\/image\/\",\"url\":\"https:\/\/malinacosmetics.com\/wp-content\/uploads\/2021\/07\/logo.png\",\"contentUrl\":\"https:\/\/malinacosmetics.com\/wp-content\/uploads\/2021\/07\/logo.png\",\"width\":500,\"height\":353,\"caption\":\"malinacosmetics\"},\"image\":{\"@id\":\"https:\/\/malinacosmetics.com\/#\/schema\/logo\/image\/\"},\"sameAs\":[\"https:\/\/www.facebook.com\/MalinaBeautyShopMe\/\"]}]}<\/script>\n<meta property=\"product:brand\" content=\"simple\" \/>\n<meta property=\"product:price:amount\" content=\"35.00\" \/>\n<meta property=\"product:price:currency\" content=\"EUR\" \/>\n<meta property=\"og:availability\" content=\"instock\" \/>\n<meta property=\"product:availability\" content=\"instock\" \/>\n<meta property=\"product:condition\" content=\"new\" \/>\n<!-- \/ Yoast SEO Premium plugin. -->","yoast_head_json":{"title":"Medi-Peel Mooltox Hyaluronic Acid Mild Tone Up Sun Cream SPF 50+ PA++++ - Malina Beauty Store","robots":{"index":"index","follow":"follow","max-snippet":"max-snippet:-1","max-image-preview":"max-image-preview:large","max-video-preview":"max-video-preview:-1"},"canonical":"https:\/\/malinacosmetics.com\/sr\/\u043f\u0440\u043e\u0438\u0437\u0432\u043e\u0434\/medi-peel-mooltox-hyaluronic-acid-mild-tone-up-sun-cream\/","og_locale":"sr_RS","og_type":"article","og_title":"Medi-Peel Mooltox Hyaluronic Acid Mild Tone Up Sun Cream SPF 50+ PA++++","og_description":"\u0412\u043e\u0434\u043e\u0441\u0442\u043e\u0439\u043a\u0438\u0439 \u043c\u0438\u043d\u0435\u0440\u0430\u043b\u044c\u043d\u044b\u0439 \u0441\u043e\u043b\u043d\u0446\u0435\u0437\u0430\u0449\u0438\u0442\u043d\u044b\u0439 \u043a\u0440\u0435\u043c \u0441 \u044d\u0444\u0444\u0435\u043a\u0442\u043e\u043c \u043a\u043e\u0440\u0440\u0435\u043a\u0446\u0438\u0438 \u0442\u043e\u043d\u0430 \u043a\u043e\u0436\u0438. 50ml","og_url":"https:\/\/malinacosmetics.com\/sr\/\u043f\u0440\u043e\u0438\u0437\u0432\u043e\u0434\/medi-peel-mooltox-hyaluronic-acid-mild-tone-up-sun-cream\/","og_site_name":"Malina Beauty Store","article_publisher":"https:\/\/www.facebook.com\/MalinaBeautyShopMe\/","article_modified_time":"2024-06-13T17:30:22+00:00","og_image":[{"width":1200,"height":1200,"url":"https:\/\/malinacosmetics.com\/wp-content\/uploads\/2024\/05\/Medi-Peel-Mooltox-Hyaluronic-Acid-Mild-Tone-Up-Sun-Cream2.jpg","type":"image\/jpeg"}],"twitter_card":"summary_large_image","schema":{"@context":"https:\/\/schema.org","@graph":[{"@type":["WebPage","ItemPage"],"@id":"https:\/\/malinacosmetics.com\/\u043f\u0440\u043e\u0438\u0437\u0432\u043e\u0434\/medi-peel-mooltox-hyaluronic-acid-mild-tone-up-sun-cream\/","url":"https:\/\/malinacosmetics.com\/\u043f\u0440\u043e\u0438\u0437\u0432\u043e\u0434\/medi-peel-mooltox-hyaluronic-acid-mild-tone-up-sun-cream\/","name":"Medi-Peel Mooltox Hyaluronic Acid Mild Tone Up Sun Cream SPF 50+ PA++++ - Malina Beauty Store","isPartOf":{"@id":"https:\/\/malinacosmetics.com\/#website"},"datePublished":"2024-05-20T18:40:57+00:00","dateModified":"2024-06-13T17:30:22+00:00","breadcrumb":{"@id":"https:\/\/malinacosmetics.com\/\u043f\u0440\u043e\u0438\u0437\u0432\u043e\u0434\/medi-peel-mooltox-hyaluronic-acid-mild-tone-up-sun-cream\/#breadcrumb"},"inLanguage":"sr-RS","potentialAction":[{"@type":"ReadAction","target":["https:\/\/malinacosmetics.com\/\u043f\u0440\u043e\u0438\u0437\u0432\u043e\u0434\/medi-peel-mooltox-hyaluronic-acid-mild-tone-up-sun-cream\/"]}]},{"@type":"BreadcrumbList","@id":"https:\/\/malinacosmetics.com\/\u043f\u0440\u043e\u0438\u0437\u0432\u043e\u0434\/medi-peel-mooltox-hyaluronic-acid-mild-tone-up-sun-cream\/#breadcrumb","itemListElement":[{"@type":"ListItem","position":1,"name":"\u0413\u043b\u0430\u0432\u043d\u0430\u044f \u0441\u0442\u0440\u0430\u043d\u0438\u0446\u0430","item":"https:\/\/malinacosmetics.com\/"},{"@type":"ListItem","position":2,"name":"\u041a\u0430\u0442\u0430\u043b\u043e\u0433","item":"https:\/\/malinacosmetics.com\/sr\/shop\/"},{"@type":"ListItem","position":3,"name":"Medi-Peel Mooltox Hyaluronic Acid Mild Tone Up Sun Cream SPF 50+ PA++++"}]},{"@type":"WebSite","@id":"https:\/\/malinacosmetics.com\/#website","url":"https:\/\/malinacosmetics.com\/","name":"Malina Beauty Store","description":"Prodaja korejske kozmetike za Crnu Goru","publisher":{"@id":"https:\/\/malinacosmetics.com\/#organization"},"potentialAction":[{"@type":"SearchAction","target":{"@type":"EntryPoint","urlTemplate":"https:\/\/malinacosmetics.com\/?s={search_term_string}"},"query-input":"required name=search_term_string"}],"inLanguage":"sr-RS"},{"@type":"Organization","@id":"https:\/\/malinacosmetics.com\/#organization","name":"malinacosmetics","url":"https:\/\/malinacosmetics.com\/","logo":{"@type":"ImageObject","inLanguage":"sr-RS","@id":"https:\/\/malinacosmetics.com\/#\/schema\/logo\/image\/","url":"https:\/\/malinacosmetics.com\/wp-content\/uploads\/2021\/07\/logo.png","contentUrl":"https:\/\/malinacosmetics.com\/wp-content\/uploads\/2021\/07\/logo.png","width":500,"height":353,"caption":"malinacosmetics"},"image":{"@id":"https:\/\/malinacosmetics.com\/#\/schema\/logo\/image\/"},"sameAs":["https:\/\/www.facebook.com\/MalinaBeautyShopMe\/"]}]},"product_brand":"simple","product_price_amount":"35.00","product_price_currency":"EUR","og_availability":"instock","product_availability":"instock","product_condition":"new"},"jetpack_sharing_enabled":true,"_links":{"self":[{"href":"https:\/\/malinacosmetics.com\/sr\/wp-json\/wp\/v2\/product\/6222","targetHints":{"allow":["GET"]}}],"collection":[{"href":"https:\/\/malinacosmetics.com\/sr\/wp-json\/wp\/v2\/product"}],"about":[{"href":"https:\/\/malinacosmetics.com\/sr\/wp-json\/wp\/v2\/types\/product"}],"wp:featuredmedia":[{"embeddable":true,"href":"https:\/\/malinacosmetics.com\/sr\/wp-json\/wp\/v2\/media\/6223"}],"wp:attachment":[{"href":"https:\/\/malinacosmetics.com\/sr\/wp-json\/wp\/v2\/media?parent=6222"}],"wp:term":[{"taxonomy":"product_brand","embeddable":true,"href":"https:\/\/malinacosmetics.com\/sr\/wp-json\/wp\/v2\/product_brand?post=6222"},{"taxonomy":"product_cat","embeddable":true,"href":"https:\/\/malinacosmetics.com\/sr\/wp-json\/wp\/v2\/product_cat?post=6222"},{"taxonomy":"product_tag","embeddable":true,"href":"https:\/\/malinacosmetics.com\/sr\/wp-json\/wp\/v2\/product_tag?post=6222"}],"curies":[{"name":"wp","href":"https:\/\/api.w.org\/{rel}","templated":true}]}}